{"id":18235,"date":"2026-03-25T12:36:11","date_gmt":"2026-03-25T10:36:11","guid":{"rendered":"https:\/\/idakorea.ee\/?post_type=product&#038;p=18235"},"modified":"2026-04-13T17:30:58","modified_gmt":"2026-04-13T15:30:58","slug":"vt-cosmetics-reedle-shot-lifting-serum-30ml","status":"publish","type":"product","link":"https:\/\/idakorea.ee\/fi\/product\/vt-cosmetics-reedle-shot-lifting-serum-30ml\/","title":{"rendered":"Tehokas kohottava seerumi mikroneuloilla VT Cosmetics Reedle Shot kohottava seerumi, 30ml"},"content":{"rendered":"<p>Intensiivinen kohottava seerumi mikroneuloilla<strong> VT Cosmetics Reedle Shot Lifting Serum<\/strong> Toimii tehostajana ja lis\u00e4\u00e4 kaikkien hoitotuotteiden tehoa. Palauttaa ihon kimmoisuuden ja kiinteyden, parantaa ihon s\u00e4vy\u00e4, kiinteytt\u00e4\u00e4 kasvojen muotoja, ehk\u00e4isee kudosten ptoosia. Normalisoi hydrolipiditasapainoa, varmistaa pitk\u00e4kestoisen kosteutuksen.<\/p>\n<p>Patentoitu teknologia <strong>CicaReedle\u2122<\/strong> \u2014 Aasialaisen vesinavan uutteen ja mikroneulojen (spicules) yhdistelm\u00e4 \u2014 mahdollistaa tuotteen vaikuttavien aineiden maksimaalisen kulkeutumisen syv\u00e4lle soluihin. V\u00e4hent\u00e4\u00e4 \u00e4rsytyksen riski\u00e4, palauttaa ja kosteuttaa tehokkaasti, kiinteytt\u00e4\u00e4 ja tukee ihon terveytt\u00e4. Mikroneulat ovat 15 kertaa pienempi\u00e4 kuin ihohuokosten koko, ja niiden kuori sis\u00e4lt\u00e4\u00e4 jopa 14 erilaista mineraalia, jotka ovat v\u00e4ltt\u00e4m\u00e4tt\u00f6mi\u00e4 tulehduksen v\u00e4hent\u00e4miseksi ja hapenvaihdon parantamiseksi.<\/p>\n<p>Ainutlaatuinen toimitusj\u00e4rjestelm\u00e4 <strong>VDS<\/strong> on sarjan t\u00e4rkein ominaisuus: aktiiviset ainesosat hajoavat mikrohiukkasiksi tunkeutuakseen syvemm\u00e4lle ihoon. T\u00e4m\u00e4 prosessi toistetaan kolme kertaa, ja joka kerta kun molekyylien koko pienenee, ne muuttuvat liposomeiksi, joiden ytimet sis\u00e4lt\u00e4v\u00e4t sellaisia tehostavia komponentteja kuin elastiini, kollageeni ja hyaluronihappo.<\/p>\n<p>Tuoksu on puumainen ja myskinen: p\u00e4\u00e4tuoksuina omena, persikka, greippi ja bergamotti; syd\u00e4ntuoksuina jasmiini, ruusu, kielo ja magnolia; pohjatuoksuina myski, ambra, santelipuu ja setri.<\/p>\n<ul>\n<li><strong>T\u00e4rkeimm\u00e4t vaikuttavat aineet:<\/strong><br \/>\n<strong>Cicahyalon\u2122<\/strong> \u2014 patentoitu ainesosa, joka sis\u00e4lt\u00e4\u00e4 aasialaista vesinabakompleksia, vihre\u00e4\u00e4 propolista ja hyaluronihappoa; kosteuttaa, sill\u00e4 on tulehdusta ja bakteereja est\u00e4vi\u00e4 vaikutuksia, v\u00e4hent\u00e4\u00e4 ryppyjen syvyytt\u00e4, kirkastaa hell\u00e4varaisesti.<\/li>\n<li><strong>Volyufilin (Anemarrhena Asphodeloides -juuriuute)<\/strong> \u2014 anemarrhenan juuresta saatava aine. Stimuloi paikallista rasvakudoksen kertymist\u00e4, lis\u00e4\u00e4 ihon tiheytt\u00e4 ja kimmoisuutta, poistaa veltostumista ja silottaa ryppyj\u00e4.<\/li>\n<li><strong>Hydrolysoitu kollageeni ja elastiini<\/strong> palauttavat epidermiksen kudosten eheyden ja integroituvat vaurioituneisiin alueisiin vahvistaen rakennetta sis\u00e4lt\u00e4p\u00e4in. Vahvistavat soluseini\u00e4 ja aktivoivat proteiiniaineenvaihduntaa tukien ihon matriisia.<\/li>\n<li><strong>Hyaluronihappo<\/strong> Tunkeutuu epidermiksen syviin kerroksiin, kosteuttaa aktiivisesti ja yll\u00e4pit\u00e4\u00e4 optimaalista kosteustasoa. Muodostaa suojaavan kerroksen, joka est\u00e4\u00e4 kosteuden haihtumisen.<\/li>\n<\/ul>\n<p>Sopii kaikille ihotyypeille.<\/p>\n<p><strong>K\u00e4ytt\u00f6<\/strong>Levit\u00e4 tarvittava m\u00e4\u00e4r\u00e4 seerumia puhtaalle iholle pesun j\u00e4lkeen. Levit\u00e4 hierovin liikkein painamalla kevyesti, jotta mikroneulat tunkeutuvat paremmin. Liev\u00e4\u00e4 pistely\u00e4 saattaa esiinty\u00e4 \u2013 t\u00e4m\u00e4 on normaalia tuotteille, joissa on neuloja.<\/p>\n<p><strong>Huomio!<\/strong> VT Cosmeticsin Reedle Shot Lifting Serum saattaa aiheuttaa pistely\u00e4 levityksen j\u00e4lkeen. Sit\u00e4 ei suositella k\u00e4ytett\u00e4v\u00e4ksi ihotautitoimenpiteiden j\u00e4lkeen, jotka vaurioittavat ihon sarveiskerrosta: kuorinnat, konekosmetiikka, injektiot.<\/p>","protected":false},"excerpt":{"rendered":"<p>Intensiivinen kohottava seerumi mikroneuloilla VT Cosmetics Reedle Shot Lifting Serum toimii tehosteaineena ja lis\u00e4\u00e4 kaikkien hoitotuotteiden tehoa. Palauttaa kimmoisuuden ja kiinteyden, lis\u00e4\u00e4 ihon s\u00e4vy\u00e4, kirist\u00e4\u00e4 kasvojen muotoa ja ehk\u00e4isee kudosten ptoosia. Normalisoi hydrolipiditasapainon ja varmistaa pitk\u00e4aikaisen kosteutuksen. Patentoitu CicaReedle\u2122-teknologia \u2014 yhdistelm\u00e4 aasialaista lumpeenuutetta ja mikroneuloja (spicules) \u2014 mahdollistaa tuotteen aktiivisten ainesosien kulkeutumisen mahdollisimman syv\u00e4lle soluihin. V\u00e4hent\u00e4\u00e4\u2026<\/p>","protected":false},"featured_media":18238,"comment_status":"open","ping_status":"closed","template":"","meta":{"_uf_show_specific_survey":0,"_uf_disable_surveys":false,"_bst_post_transparent":"default","_bst_post_title":"","_bst_post_layout":"default","_bst_post_sidebar_id":"","_bst_post_content_style":"default","_bst_post_vertical_padding":"default","_bst_post_feature":"","_bst_post_feature_position":"","_bst_post_header":false,"_bst_post_footer":false},"pwb-brand":[493],"product_brand":[],"product_cat":[92,97],"product_tag":[568,216,230,624,462],"class_list":{"0":"post-18235","1":"product","2":"type-product","3":"status-publish","4":"has-post-thumbnail","6":"pwb-brand-vt","7":"product_cat-nagu","8":"product_cat-naoseerumid-ja-olid","9":"product_tag-korea","10":"product_tag-kuiv-nahk","11":"product_tag-pigment","12":"product_tag-reedle","13":"product_tag-vt","15":"first","16":"instock","17":"sale","18":"shipping-taxable","19":"purchasable","20":"product-type-simple","21":"entry","22":"content-bg","23":"loop-entry"},"supplier_id":null,"supplier_sku":"","barcode":null,"atum_controlled":true,"out_stock_date":null,"out_stock_threshold":null,"inheritable":false,"inbound_stock":null,"stock_on_hold":0,"sold_today":0,"sales_last_days":2,"out_stock_days":0,"lost_sales":0,"has_location":false,"update_date":"2026-04-16T00:06:01","atum_locations":[],"atum_stock_status":"instock","restock_status":false,"low_stock_amount":"","sales_update_date":"2026-04-16T00:06:01","calc_backorders":null,"yoast_head":"<!-- This site is optimized with the Yoast SEO plugin v27.2 - https:\/\/yoast.com\/product\/yoast-seo-wordpress\/ -->\n<title>VT Cosmetics Reedle Shot Lifting Serum, 30ml - IDA.KOREA<\/title>\n<meta name=\"description\" content=\"Intensiivne t\u00f5stev mikro\u00adn\u00f5eltega seerum toimib booster\u2019ina ja suurendab k\u00f5igi hooldustoodete efektiivsust. Patenteeritud tehnoloogia CicaReedle\u2122\" \/>\n<meta name=\"robots\" content=\"index, follow, max-snippet:-1, max-image-preview:large, max-video-preview:-1\" \/>\n<link rel=\"canonical\" href=\"https:\/\/idakorea.ee\/fi\/product\/vt-cosmetics-reedle-shot-lifting-serum-30ml\/\" \/>\n<meta property=\"og:locale\" content=\"fi_FI\" \/>\n<meta property=\"og:type\" content=\"article\" \/>\n<meta property=\"og:title\" content=\"VT Cosmetics Reedle Shot Lifting Serum, 30ml - IDA.KOREA\" \/>\n<meta property=\"og:description\" content=\"Intensiivne t\u00f5stev mikro\u00adn\u00f5eltega seerum toimib booster\u2019ina ja suurendab k\u00f5igi hooldustoodete efektiivsust. Patenteeritud tehnoloogia CicaReedle\u2122\" \/>\n<meta property=\"og:url\" content=\"https:\/\/idakorea.ee\/fi\/product\/vt-cosmetics-reedle-shot-lifting-serum-30ml\/\" \/>\n<meta property=\"og:site_name\" content=\"IDA.KOREA\" \/>\n<meta property=\"article:modified_time\" content=\"2026-04-13T15:30:58+00:00\" \/>\n<meta property=\"og:image\" content=\"https:\/\/idakorea.ee\/wp-content\/uploads\/2026\/03\/VT-Cosmetics-Reedle-Shot-Lifting-Serum-idakorea.jpg\" \/>\n\t<meta property=\"og:image:width\" content=\"1000\" \/>\n\t<meta property=\"og:image:height\" content=\"1000\" \/>\n\t<meta property=\"og:image:type\" content=\"image\/jpeg\" \/>\n<meta name=\"twitter:card\" content=\"summary_large_image\" \/>\n<meta name=\"twitter:label1\" content=\"Arvioitu lukuaika\" \/>\n\t<meta name=\"twitter:data1\" content=\"2 minuuttia\" \/>\n<script type=\"application\/ld+json\" class=\"yoast-schema-graph\">{\"@context\":\"https:\/\/schema.org\",\"@graph\":[{\"@type\":\"WebPage\",\"@id\":\"https:\/\/idakorea.ee\/product\/vt-cosmetics-reedle-shot-lifting-serum-30ml\/\",\"url\":\"https:\/\/idakorea.ee\/product\/vt-cosmetics-reedle-shot-lifting-serum-30ml\/\",\"name\":\"VT Cosmetics Reedle Shot Lifting Serum, 30ml - IDA.KOREA\",\"isPartOf\":{\"@id\":\"https:\/\/idakorea.ee\/#website\"},\"primaryImageOfPage\":{\"@id\":\"https:\/\/idakorea.ee\/product\/vt-cosmetics-reedle-shot-lifting-serum-30ml\/#primaryimage\"},\"image\":{\"@id\":\"https:\/\/idakorea.ee\/product\/vt-cosmetics-reedle-shot-lifting-serum-30ml\/#primaryimage\"},\"thumbnailUrl\":\"https:\/\/idakorea.ee\/wp-content\/uploads\/2026\/03\/VT-Cosmetics-Reedle-Shot-Lifting-Serum-idakorea.jpg\",\"datePublished\":\"2026-03-25T10:36:11+00:00\",\"dateModified\":\"2026-04-13T15:30:58+00:00\",\"description\":\"Intensiivne t\u00f5stev mikro\u00adn\u00f5eltega seerum toimib booster\u2019ina ja suurendab k\u00f5igi hooldustoodete efektiivsust. Patenteeritud tehnoloogia CicaReedle\u2122\",\"breadcrumb\":{\"@id\":\"https:\/\/idakorea.ee\/product\/vt-cosmetics-reedle-shot-lifting-serum-30ml\/#breadcrumb\"},\"inLanguage\":\"fi\",\"potentialAction\":[{\"@type\":\"ReadAction\",\"target\":[\"https:\/\/idakorea.ee\/product\/vt-cosmetics-reedle-shot-lifting-serum-30ml\/\"]}]},{\"@type\":\"ImageObject\",\"inLanguage\":\"fi\",\"@id\":\"https:\/\/idakorea.ee\/product\/vt-cosmetics-reedle-shot-lifting-serum-30ml\/#primaryimage\",\"url\":\"https:\/\/idakorea.ee\/wp-content\/uploads\/2026\/03\/VT-Cosmetics-Reedle-Shot-Lifting-Serum-idakorea.jpg\",\"contentUrl\":\"https:\/\/idakorea.ee\/wp-content\/uploads\/2026\/03\/VT-Cosmetics-Reedle-Shot-Lifting-Serum-idakorea.jpg\",\"width\":1000,\"height\":1000},{\"@type\":\"BreadcrumbList\",\"@id\":\"https:\/\/idakorea.ee\/product\/vt-cosmetics-reedle-shot-lifting-serum-30ml\/#breadcrumb\",\"itemListElement\":[{\"@type\":\"ListItem\",\"position\":1,\"name\":\"\u0413\u043b\u0430\u0432\u043d\u0430\u044f \u0441\u0442\u0440\u0430\u043d\u0438\u0446\u0430\",\"item\":\"https:\/\/idakorea.ee\/\"},{\"@type\":\"ListItem\",\"position\":2,\"name\":\"Shop\",\"item\":\"https:\/\/idakorea.ee\/shop-2\/\"},{\"@type\":\"ListItem\",\"position\":3,\"name\":\"Intensiivne t\u00f5stev mikro\u00adn\u00f5eltega seerum VT Cosmetics Reedle Shot Lifting Serum, 30ml\"}]},{\"@type\":\"WebSite\",\"@id\":\"https:\/\/idakorea.ee\/#website\",\"url\":\"https:\/\/idakorea.ee\/\",\"name\":\"IDA.KOREA\",\"description\":\"Korea kosmeetika e-pood\",\"publisher\":{\"@id\":\"https:\/\/idakorea.ee\/#organization\"},\"alternateName\":\"Beauty Shop\",\"potentialAction\":[{\"@type\":\"SearchAction\",\"target\":{\"@type\":\"EntryPoint\",\"urlTemplate\":\"https:\/\/idakorea.ee\/?s={search_term_string}\"},\"query-input\":{\"@type\":\"PropertyValueSpecification\",\"valueRequired\":true,\"valueName\":\"search_term_string\"}}],\"inLanguage\":\"fi\"},{\"@type\":\"Organization\",\"@id\":\"https:\/\/idakorea.ee\/#organization\",\"name\":\"IDA.KOREA\",\"url\":\"https:\/\/idakorea.ee\/\",\"logo\":{\"@type\":\"ImageObject\",\"inLanguage\":\"fi\",\"@id\":\"https:\/\/idakorea.ee\/#\/schema\/logo\/image\/\",\"url\":\"https:\/\/idakorea.ee\/wp-content\/uploads\/2024\/05\/cropped-korea3.png\",\"contentUrl\":\"https:\/\/idakorea.ee\/wp-content\/uploads\/2024\/05\/cropped-korea3.png\",\"width\":688,\"height\":126,\"caption\":\"IDA.KOREA\"},\"image\":{\"@id\":\"https:\/\/idakorea.ee\/#\/schema\/logo\/image\/\"},\"sameAs\":[\"https:\/\/www.instagram.com\/ida.korea\/\"]}]}<\/script>\n<!-- \/ Yoast SEO plugin. -->","yoast_head_json":{"title":"VT Cosmetics Reedle Shot Lifting Serum, 30ml - IDA.KOREA","description":"Intensiivne t\u00f5stev mikro\u00adn\u00f5eltega seerum toimib booster\u2019ina ja suurendab k\u00f5igi hooldustoodete efektiivsust. Patenteeritud tehnoloogia CicaReedle\u2122","robots":{"index":"index","follow":"follow","max-snippet":"max-snippet:-1","max-image-preview":"max-image-preview:large","max-video-preview":"max-video-preview:-1"},"canonical":"https:\/\/idakorea.ee\/fi\/product\/vt-cosmetics-reedle-shot-lifting-serum-30ml\/","og_locale":"fi_FI","og_type":"article","og_title":"VT Cosmetics Reedle Shot Lifting Serum, 30ml - IDA.KOREA","og_description":"Intensiivne t\u00f5stev mikro\u00adn\u00f5eltega seerum toimib booster\u2019ina ja suurendab k\u00f5igi hooldustoodete efektiivsust. Patenteeritud tehnoloogia CicaReedle\u2122","og_url":"https:\/\/idakorea.ee\/fi\/product\/vt-cosmetics-reedle-shot-lifting-serum-30ml\/","og_site_name":"IDA.KOREA","article_modified_time":"2026-04-13T15:30:58+00:00","og_image":[{"width":1000,"height":1000,"url":"https:\/\/idakorea.ee\/wp-content\/uploads\/2026\/03\/VT-Cosmetics-Reedle-Shot-Lifting-Serum-idakorea.jpg","type":"image\/jpeg"}],"twitter_card":"summary_large_image","twitter_misc":{"Arvioitu lukuaika":"2 minuuttia"},"schema":{"@context":"https:\/\/schema.org","@graph":[{"@type":"WebPage","@id":"https:\/\/idakorea.ee\/product\/vt-cosmetics-reedle-shot-lifting-serum-30ml\/","url":"https:\/\/idakorea.ee\/product\/vt-cosmetics-reedle-shot-lifting-serum-30ml\/","name":"VT Cosmetics Reedle Shot Lifting Serum, 30ml - IDA.KOREA","isPartOf":{"@id":"https:\/\/idakorea.ee\/#website"},"primaryImageOfPage":{"@id":"https:\/\/idakorea.ee\/product\/vt-cosmetics-reedle-shot-lifting-serum-30ml\/#primaryimage"},"image":{"@id":"https:\/\/idakorea.ee\/product\/vt-cosmetics-reedle-shot-lifting-serum-30ml\/#primaryimage"},"thumbnailUrl":"https:\/\/idakorea.ee\/wp-content\/uploads\/2026\/03\/VT-Cosmetics-Reedle-Shot-Lifting-Serum-idakorea.jpg","datePublished":"2026-03-25T10:36:11+00:00","dateModified":"2026-04-13T15:30:58+00:00","description":"Intensiivne t\u00f5stev mikro\u00adn\u00f5eltega seerum toimib booster\u2019ina ja suurendab k\u00f5igi hooldustoodete efektiivsust. Patenteeritud tehnoloogia CicaReedle\u2122","breadcrumb":{"@id":"https:\/\/idakorea.ee\/product\/vt-cosmetics-reedle-shot-lifting-serum-30ml\/#breadcrumb"},"inLanguage":"fi","potentialAction":[{"@type":"ReadAction","target":["https:\/\/idakorea.ee\/product\/vt-cosmetics-reedle-shot-lifting-serum-30ml\/"]}]},{"@type":"ImageObject","inLanguage":"fi","@id":"https:\/\/idakorea.ee\/product\/vt-cosmetics-reedle-shot-lifting-serum-30ml\/#primaryimage","url":"https:\/\/idakorea.ee\/wp-content\/uploads\/2026\/03\/VT-Cosmetics-Reedle-Shot-Lifting-Serum-idakorea.jpg","contentUrl":"https:\/\/idakorea.ee\/wp-content\/uploads\/2026\/03\/VT-Cosmetics-Reedle-Shot-Lifting-Serum-idakorea.jpg","width":1000,"height":1000},{"@type":"BreadcrumbList","@id":"https:\/\/idakorea.ee\/product\/vt-cosmetics-reedle-shot-lifting-serum-30ml\/#breadcrumb","itemListElement":[{"@type":"ListItem","position":1,"name":"\u0413\u043b\u0430\u0432\u043d\u0430\u044f \u0441\u0442\u0440\u0430\u043d\u0438\u0446\u0430","item":"https:\/\/idakorea.ee\/"},{"@type":"ListItem","position":2,"name":"Shop","item":"https:\/\/idakorea.ee\/shop-2\/"},{"@type":"ListItem","position":3,"name":"Intensiivne t\u00f5stev mikro\u00adn\u00f5eltega seerum VT Cosmetics Reedle Shot Lifting Serum, 30ml"}]},{"@type":"WebSite","@id":"https:\/\/idakorea.ee\/#website","url":"https:\/\/idakorea.ee\/","name":"IDA.KOREA","description":"Korean kosmetiikan verkkokauppa","publisher":{"@id":"https:\/\/idakorea.ee\/#organization"},"alternateName":"Beauty Shop","potentialAction":[{"@type":"SearchAction","target":{"@type":"EntryPoint","urlTemplate":"https:\/\/idakorea.ee\/?s={search_term_string}"},"query-input":{"@type":"PropertyValueSpecification","valueRequired":true,"valueName":"search_term_string"}}],"inLanguage":"fi"},{"@type":"Organization","@id":"https:\/\/idakorea.ee\/#organization","name":"IDA.KOREA","url":"https:\/\/idakorea.ee\/","logo":{"@type":"ImageObject","inLanguage":"fi","@id":"https:\/\/idakorea.ee\/#\/schema\/logo\/image\/","url":"https:\/\/idakorea.ee\/wp-content\/uploads\/2024\/05\/cropped-korea3.png","contentUrl":"https:\/\/idakorea.ee\/wp-content\/uploads\/2024\/05\/cropped-korea3.png","width":688,"height":126,"caption":"IDA.KOREA"},"image":{"@id":"https:\/\/idakorea.ee\/#\/schema\/logo\/image\/"},"sameAs":["https:\/\/www.instagram.com\/ida.korea\/"]}]}},"jetpack_sharing_enabled":true,"brands":[{"id":493,"name":"VT COSMETICS","slug":"vt"}],"_links":{"self":[{"href":"https:\/\/idakorea.ee\/fi\/wp-json\/wp\/v2\/product\/18235","targetHints":{"allow":["GET"]}}],"collection":[{"href":"https:\/\/idakorea.ee\/fi\/wp-json\/wp\/v2\/product"}],"about":[{"href":"https:\/\/idakorea.ee\/fi\/wp-json\/wp\/v2\/types\/product"}],"replies":[{"embeddable":true,"href":"https:\/\/idakorea.ee\/fi\/wp-json\/wp\/v2\/comments?post=18235"}],"version-history":[{"count":1,"href":"https:\/\/idakorea.ee\/fi\/wp-json\/wp\/v2\/product\/18235\/revisions"}],"predecessor-version":[{"id":18240,"href":"https:\/\/idakorea.ee\/fi\/wp-json\/wp\/v2\/product\/18235\/revisions\/18240"}],"wp:featuredmedia":[{"embeddable":true,"href":"https:\/\/idakorea.ee\/fi\/wp-json\/wp\/v2\/media\/18238"}],"wp:attachment":[{"href":"https:\/\/idakorea.ee\/fi\/wp-json\/wp\/v2\/media?parent=18235"}],"wp:term":[{"taxonomy":"pwb-brand","embeddable":true,"href":"https:\/\/idakorea.ee\/fi\/wp-json\/wp\/v2\/pwb-brand?post=18235"},{"taxonomy":"product_brand","embeddable":true,"href":"https:\/\/idakorea.ee\/fi\/wp-json\/wp\/v2\/product_brand?post=18235"},{"taxonomy":"product_cat","embeddable":true,"href":"https:\/\/idakorea.ee\/fi\/wp-json\/wp\/v2\/product_cat?post=18235"},{"taxonomy":"product_tag","embeddable":true,"href":"https:\/\/idakorea.ee\/fi\/wp-json\/wp\/v2\/product_tag?post=18235"}],"curies":[{"name":"wp","href":"https:\/\/api.w.org\/{rel}","templated":true}]}}