{"id":18254,"date":"2026-03-27T12:55:41","date_gmt":"2026-03-27T10:55:41","guid":{"rendered":"https:\/\/idakorea.ee\/?post_type=product&#038;p=18254"},"modified":"2026-05-15T05:05:47","modified_gmt":"2026-05-15T03:05:47","slug":"medi-peel-24k-gold-snail-repair-eye-cream-40ml","status":"publish","type":"product","link":"https:\/\/idakorea.ee\/fi\/product\/medi-peel-24k-gold-snail-repair-eye-cream-40ml\/","title":{"rendered":"Medi-Peel 24K Gold Snail Repair Eye Cream, 40ml EXP 11.05.2026"},"content":{"rendered":"<p>Uudistava silm\u00e4nymp\u00e4rysvoide, jossa on kultaa ja etanan musiinia <strong>Medi-Peel 24K Gold Snail Repair Eye Cream<\/strong> Kirkastaa tehokkaasti tummia silm\u00e4nalusia, lis\u00e4\u00e4 kudosten kimmoisuutta ja vahvistaa. Kosteuttaa tehokkaasti, kiinteytt\u00e4\u00e4 ja silottaa.<\/p>\n<p>Sill\u00e4 on kohottava vaikutus, se silottaa huomattavasti hienoja ilmejuonteita ja variksenjalkoja, v\u00e4hent\u00e4\u00e4 ryppyjen syvyytt\u00e4 nen\u00e4n ja suun poimujen alueella. Se stimuloi aktiivisesti ihon omien kollageeni- ja elastiinikuitujen synteesi\u00e4 ja hidastaa ik\u00e4\u00e4ntymisprosessia.<\/p>\n<p>Se on koostumukseltaan kevyt ja joustava, imeytyy nopeasti eik\u00e4 j\u00e4t\u00e4 tahmeaa tunnetta. Sopii my\u00f6s meikinpohjustukseksi.<\/p>\n<p><strong>T\u00e4rkeimm\u00e4t vaikuttavat aineet:<\/strong><\/p>\n<ul>\n<li><strong>24K kultaa<\/strong> lis\u00e4\u00e4 ihon s\u00e4vy\u00e4, sill\u00e4 on valolta suojaavia ominaisuuksia, jotka suojaavat ultraviolettis\u00e4teilylt\u00e4, vaalentaa pigmenttimuutoksia, lis\u00e4\u00e4 aktiivisten ainesosien tunkeutumista syvempiin kerroksiin.<\/li>\n<li><strong>Etanan lima<\/strong> on voimakas antioksidantti, suojaa soluja rappeutumiselta ja ennenaikaiselta ik\u00e4\u00e4ntymiselt\u00e4, tasoittaa ihonv\u00e4ri\u00e4 ja v\u00e4hent\u00e4\u00e4 maksal\u00e4iski\u00e4. Nuorentaa, silottaa ryppyj\u00e4 ja kiinteytt\u00e4\u00e4 ihoa parantaen merkitt\u00e4v\u00e4sti sen ulkon\u00e4k\u00f6\u00e4.<\/li>\n<li><strong>7 erilaista hyaluronihappoa<\/strong> Tunkeutuu epidermiksen syviin kerroksiin, kosteuttaa aktiivisesti soluja ja auttaa s\u00e4ilytt\u00e4m\u00e4\u00e4n kosteutta ihossa. Muodostaa suojaavan kerroksen, joka est\u00e4\u00e4 kosteuden haihtumisen.<\/li>\n<li><strong>Keramidit NP<\/strong> vahvistaa soluja ja suojaa niit\u00e4 vaurioilta, est\u00e4\u00e4 kosteuden haihtumista ja edist\u00e4\u00e4 pitk\u00e4kestoista nesteytyst\u00e4, tukee optimaalista hydrolipiditasapainoa.<\/li>\n<li><strong>Hydrolysoitu kollageeni ja elastiini<\/strong> palauttaa epidermiksen rakenteen sis\u00e4lt\u00e4p\u00e4in, vahvistaa soluseini\u00e4, parantaa proteiiniaineenvaihduntaa. Tukee ihon matriisia, auttaa silottamaan hienoja ryppyj\u00e4 ja ihopoimuja.<\/li>\n<li><strong>K\u00e4\u00e4rmeenpuremat SYN-AKE<\/strong> \u2014 synteettinen aine, joka j\u00e4ljittelee k\u00e4\u00e4rmeenmyrkyn vaikutuksia ja joka on pitk\u00e4\u00e4n tunnettu tehokkaana ik\u00e4\u00e4ntymisen merkkej\u00e4 ehk\u00e4isev\u00e4n\u00e4 aineena. Rentouttaa kasvolihaksia, mik\u00e4 v\u00e4hent\u00e4\u00e4 kasvojen liikkeit\u00e4 ja est\u00e4\u00e4 ryppyjen muodostumista.<\/li>\n<li><strong>SYN-COLL-kompleksi<\/strong> \u2014 tehokas ik\u00e4\u00e4ntymist\u00e4 est\u00e4v\u00e4 kompleksi, joka stimuloi aktiivisesti kollageenisynteesi\u00e4 ja est\u00e4\u00e4 sen hajoamista. Parantaa ihon s\u00e4vy\u00e4, v\u00e4hent\u00e4\u00e4 ilmejuonteiden ja ik\u00e4ryppyjen syvyytt\u00e4, tasoittaa ihoa ja kiinteytt\u00e4\u00e4.<\/li>\n<\/ul>\n<p>&nbsp;<\/p>\n<p>Sopii ensimm\u00e4isten ik\u00e4\u00e4ntymisen merkkien torjuntaan.<\/p>\n<p><strong>K\u00e4ytt\u00f6:<\/strong> Levit\u00e4 tarvittava m\u00e4\u00e4r\u00e4 tuotetta kevyin taputtelevin liikkein silm\u00e4nymp\u00e4rysiholle ja nen\u00e4n ja suun poimuille.<\/p>","protected":false},"excerpt":{"rendered":"<p>Medi-Peel 24K Gold Snail Repair -silm\u00e4nymp\u00e4rysvoide kirkastaa tehokkaasti tummia silm\u00e4nalusia, lis\u00e4\u00e4 kudosten kimmoisuutta ja vahvistaa. Kosteuttaa, kiinteytt\u00e4\u00e4 ja kiinteytt\u00e4\u00e4 tehokkaasti. Tarjoaa kohottavan vaikutuksen, silottaa huomattavasti hienoja ilmejuonteita ja &quot;variksenjalkoja&quot;, v\u00e4hent\u00e4\u00e4 voimakkaiden ryppyjen syvyytt\u00e4 nen\u00e4n ja suun poimujen alueella. Stimuloi aktiivisesti omien kollageeni- ja elastiinikuitujen synteesi\u00e4 ja hidastaa ik\u00e4\u00e4ntymisprosessia. Kevyt ja joustava koostumus,\u2026<\/p>","protected":false},"featured_media":18257,"comment_status":"open","ping_status":"closed","template":"","meta":{"_uf_show_specific_survey":0,"_uf_disable_surveys":false,"_bst_post_transparent":"default","_bst_post_title":"","_bst_post_layout":"default","_bst_post_sidebar_id":"","_bst_post_content_style":"default","_bst_post_vertical_padding":"default","_bst_post_feature":"","_bst_post_feature_position":"","_bst_post_header":false,"_bst_post_footer":false},"pwb-brand":[107],"product_brand":[],"product_cat":[92,99,201],"product_tag":[1032,568,381,760],"class_list":{"0":"post-18254","1":"product","2":"type-product","3":"status-publish","4":"has-post-thumbnail","6":"pwb-brand-medipeel","7":"product_cat-nagu","8":"product_cat-silmad-ja-huuled-2","9":"product_cat-silmakreem","10":"product_tag-eye","11":"product_tag-korea","12":"product_tag-medipeel","13":"product_tag-snail","15":"first","16":"instock","17":"sale","18":"shipping-taxable","19":"purchasable","20":"product-type-simple","21":"entry","22":"content-bg","23":"loop-entry"},"supplier_id":null,"supplier_sku":"","barcode":null,"atum_controlled":true,"out_stock_date":null,"out_stock_threshold":null,"inheritable":false,"inbound_stock":null,"stock_on_hold":0,"sold_today":0,"sales_last_days":2,"out_stock_days":0,"lost_sales":0,"has_location":false,"update_date":"2026-05-16T19:15:54","atum_locations":[],"atum_stock_status":"instock","restock_status":false,"low_stock_amount":"","sales_update_date":"2026-05-16T19:15:54","calc_backorders":null,"yoast_head":"<!-- This site is optimized with the Yoast SEO plugin v27.2 - https:\/\/yoast.com\/product\/yoast-seo-wordpress\/ -->\n<title>Medi-Peel 24K Gold Snail Repair Eye Cream, 40ml - IDA.KOREA<\/title>\n<meta name=\"description\" content=\"Taastav silma\u00fcmbruskreem kulla ja tigumutsiiniga helendab t\u00f5husalt tumedaid silmaaluseid ringe, suurendab kudede elastsust ja tugevdab. Kiire tarne!\" \/>\n<meta name=\"robots\" content=\"index, follow, max-snippet:-1, max-image-preview:large, max-video-preview:-1\" \/>\n<link rel=\"canonical\" href=\"https:\/\/idakorea.ee\/fi\/product\/medi-peel-24k-gold-snail-repair-eye-cream-40ml\/\" \/>\n<meta property=\"og:locale\" content=\"fi_FI\" \/>\n<meta property=\"og:type\" content=\"article\" \/>\n<meta property=\"og:title\" content=\"Medi-Peel 24K Gold Snail Repair Eye Cream, 40ml - IDA.KOREA\" \/>\n<meta property=\"og:description\" content=\"Taastav silma\u00fcmbruskreem kulla ja tigumutsiiniga helendab t\u00f5husalt tumedaid silmaaluseid ringe, suurendab kudede elastsust ja tugevdab. Kiire tarne!\" \/>\n<meta property=\"og:url\" content=\"https:\/\/idakorea.ee\/fi\/product\/medi-peel-24k-gold-snail-repair-eye-cream-40ml\/\" \/>\n<meta property=\"og:site_name\" content=\"IDA.KOREA\" \/>\n<meta property=\"article:modified_time\" content=\"2026-05-15T03:05:47+00:00\" \/>\n<meta property=\"og:image\" content=\"https:\/\/idakorea.ee\/wp-content\/uploads\/2026\/03\/Medi-Peel-24K-Gold-Snail-Repair-Eye-Cream-idakorea.webp\" \/>\n\t<meta property=\"og:image:width\" content=\"1200\" \/>\n\t<meta property=\"og:image:height\" content=\"1200\" \/>\n\t<meta property=\"og:image:type\" content=\"image\/webp\" \/>\n<meta name=\"twitter:card\" content=\"summary_large_image\" \/>\n<meta name=\"twitter:label1\" content=\"Arvioitu lukuaika\" \/>\n\t<meta name=\"twitter:data1\" content=\"2 minuuttia\" \/>\n<script type=\"application\/ld+json\" class=\"yoast-schema-graph\">{\"@context\":\"https:\/\/schema.org\",\"@graph\":[{\"@type\":\"WebPage\",\"@id\":\"https:\/\/idakorea.ee\/product\/medi-peel-24k-gold-snail-repair-eye-cream-40ml\/\",\"url\":\"https:\/\/idakorea.ee\/product\/medi-peel-24k-gold-snail-repair-eye-cream-40ml\/\",\"name\":\"Medi-Peel 24K Gold Snail Repair Eye Cream, 40ml - IDA.KOREA\",\"isPartOf\":{\"@id\":\"https:\/\/idakorea.ee\/#website\"},\"primaryImageOfPage\":{\"@id\":\"https:\/\/idakorea.ee\/product\/medi-peel-24k-gold-snail-repair-eye-cream-40ml\/#primaryimage\"},\"image\":{\"@id\":\"https:\/\/idakorea.ee\/product\/medi-peel-24k-gold-snail-repair-eye-cream-40ml\/#primaryimage\"},\"thumbnailUrl\":\"https:\/\/idakorea.ee\/wp-content\/uploads\/2026\/03\/Medi-Peel-24K-Gold-Snail-Repair-Eye-Cream-idakorea.webp\",\"datePublished\":\"2026-03-27T10:55:41+00:00\",\"dateModified\":\"2026-05-15T03:05:47+00:00\",\"description\":\"Taastav silma\u00fcmbruskreem kulla ja tigumutsiiniga helendab t\u00f5husalt tumedaid silmaaluseid ringe, suurendab kudede elastsust ja tugevdab. Kiire tarne!\",\"breadcrumb\":{\"@id\":\"https:\/\/idakorea.ee\/product\/medi-peel-24k-gold-snail-repair-eye-cream-40ml\/#breadcrumb\"},\"inLanguage\":\"fi\",\"potentialAction\":[{\"@type\":\"ReadAction\",\"target\":[\"https:\/\/idakorea.ee\/product\/medi-peel-24k-gold-snail-repair-eye-cream-40ml\/\"]}]},{\"@type\":\"ImageObject\",\"inLanguage\":\"fi\",\"@id\":\"https:\/\/idakorea.ee\/product\/medi-peel-24k-gold-snail-repair-eye-cream-40ml\/#primaryimage\",\"url\":\"https:\/\/idakorea.ee\/wp-content\/uploads\/2026\/03\/Medi-Peel-24K-Gold-Snail-Repair-Eye-Cream-idakorea.webp\",\"contentUrl\":\"https:\/\/idakorea.ee\/wp-content\/uploads\/2026\/03\/Medi-Peel-24K-Gold-Snail-Repair-Eye-Cream-idakorea.webp\",\"width\":1200,\"height\":1200},{\"@type\":\"BreadcrumbList\",\"@id\":\"https:\/\/idakorea.ee\/product\/medi-peel-24k-gold-snail-repair-eye-cream-40ml\/#breadcrumb\",\"itemListElement\":[{\"@type\":\"ListItem\",\"position\":1,\"name\":\"\u0413\u043b\u0430\u0432\u043d\u0430\u044f \u0441\u0442\u0440\u0430\u043d\u0438\u0446\u0430\",\"item\":\"https:\/\/idakorea.ee\/\"},{\"@type\":\"ListItem\",\"position\":2,\"name\":\"Shop\",\"item\":\"https:\/\/idakorea.ee\/shop-2\/\"},{\"@type\":\"ListItem\",\"position\":3,\"name\":\"Taastav silma\u00fcmbruskreem kulla ja tigumutsiiniga Medi-Peel 24K Gold Snail Repair Eye Cream, 40ml EXP 11.05.2026\"}]},{\"@type\":\"WebSite\",\"@id\":\"https:\/\/idakorea.ee\/#website\",\"url\":\"https:\/\/idakorea.ee\/\",\"name\":\"IDA.KOREA\",\"description\":\"Korea kosmeetika e-pood\",\"publisher\":{\"@id\":\"https:\/\/idakorea.ee\/#organization\"},\"alternateName\":\"Beauty Shop\",\"potentialAction\":[{\"@type\":\"SearchAction\",\"target\":{\"@type\":\"EntryPoint\",\"urlTemplate\":\"https:\/\/idakorea.ee\/?s={search_term_string}\"},\"query-input\":{\"@type\":\"PropertyValueSpecification\",\"valueRequired\":true,\"valueName\":\"search_term_string\"}}],\"inLanguage\":\"fi\"},{\"@type\":\"Organization\",\"@id\":\"https:\/\/idakorea.ee\/#organization\",\"name\":\"IDA.KOREA\",\"url\":\"https:\/\/idakorea.ee\/\",\"logo\":{\"@type\":\"ImageObject\",\"inLanguage\":\"fi\",\"@id\":\"https:\/\/idakorea.ee\/#\/schema\/logo\/image\/\",\"url\":\"https:\/\/idakorea.ee\/wp-content\/uploads\/2024\/05\/cropped-korea3.png\",\"contentUrl\":\"https:\/\/idakorea.ee\/wp-content\/uploads\/2024\/05\/cropped-korea3.png\",\"width\":688,\"height\":126,\"caption\":\"IDA.KOREA\"},\"image\":{\"@id\":\"https:\/\/idakorea.ee\/#\/schema\/logo\/image\/\"},\"sameAs\":[\"https:\/\/www.instagram.com\/ida.korea\/\"]}]}<\/script>\n<!-- \/ Yoast SEO plugin. -->","yoast_head_json":{"title":"Medi-Peel 24K Gold Snail Repair Eye Cream, 40ml - IDA.KOREA","description":"Taastav silma\u00fcmbruskreem kulla ja tigumutsiiniga helendab t\u00f5husalt tumedaid silmaaluseid ringe, suurendab kudede elastsust ja tugevdab. Kiire tarne!","robots":{"index":"index","follow":"follow","max-snippet":"max-snippet:-1","max-image-preview":"max-image-preview:large","max-video-preview":"max-video-preview:-1"},"canonical":"https:\/\/idakorea.ee\/fi\/product\/medi-peel-24k-gold-snail-repair-eye-cream-40ml\/","og_locale":"fi_FI","og_type":"article","og_title":"Medi-Peel 24K Gold Snail Repair Eye Cream, 40ml - IDA.KOREA","og_description":"Taastav silma\u00fcmbruskreem kulla ja tigumutsiiniga helendab t\u00f5husalt tumedaid silmaaluseid ringe, suurendab kudede elastsust ja tugevdab. Kiire tarne!","og_url":"https:\/\/idakorea.ee\/fi\/product\/medi-peel-24k-gold-snail-repair-eye-cream-40ml\/","og_site_name":"IDA.KOREA","article_modified_time":"2026-05-15T03:05:47+00:00","og_image":[{"width":1200,"height":1200,"url":"https:\/\/idakorea.ee\/wp-content\/uploads\/2026\/03\/Medi-Peel-24K-Gold-Snail-Repair-Eye-Cream-idakorea.webp","type":"image\/webp"}],"twitter_card":"summary_large_image","twitter_misc":{"Arvioitu lukuaika":"2 minuuttia"},"schema":{"@context":"https:\/\/schema.org","@graph":[{"@type":"WebPage","@id":"https:\/\/idakorea.ee\/product\/medi-peel-24k-gold-snail-repair-eye-cream-40ml\/","url":"https:\/\/idakorea.ee\/product\/medi-peel-24k-gold-snail-repair-eye-cream-40ml\/","name":"Medi-Peel 24K Gold Snail Repair Eye Cream, 40ml - IDA.KOREA","isPartOf":{"@id":"https:\/\/idakorea.ee\/#website"},"primaryImageOfPage":{"@id":"https:\/\/idakorea.ee\/product\/medi-peel-24k-gold-snail-repair-eye-cream-40ml\/#primaryimage"},"image":{"@id":"https:\/\/idakorea.ee\/product\/medi-peel-24k-gold-snail-repair-eye-cream-40ml\/#primaryimage"},"thumbnailUrl":"https:\/\/idakorea.ee\/wp-content\/uploads\/2026\/03\/Medi-Peel-24K-Gold-Snail-Repair-Eye-Cream-idakorea.webp","datePublished":"2026-03-27T10:55:41+00:00","dateModified":"2026-05-15T03:05:47+00:00","description":"Taastav silma\u00fcmbruskreem kulla ja tigumutsiiniga helendab t\u00f5husalt tumedaid silmaaluseid ringe, suurendab kudede elastsust ja tugevdab. Kiire tarne!","breadcrumb":{"@id":"https:\/\/idakorea.ee\/product\/medi-peel-24k-gold-snail-repair-eye-cream-40ml\/#breadcrumb"},"inLanguage":"fi","potentialAction":[{"@type":"ReadAction","target":["https:\/\/idakorea.ee\/product\/medi-peel-24k-gold-snail-repair-eye-cream-40ml\/"]}]},{"@type":"ImageObject","inLanguage":"fi","@id":"https:\/\/idakorea.ee\/product\/medi-peel-24k-gold-snail-repair-eye-cream-40ml\/#primaryimage","url":"https:\/\/idakorea.ee\/wp-content\/uploads\/2026\/03\/Medi-Peel-24K-Gold-Snail-Repair-Eye-Cream-idakorea.webp","contentUrl":"https:\/\/idakorea.ee\/wp-content\/uploads\/2026\/03\/Medi-Peel-24K-Gold-Snail-Repair-Eye-Cream-idakorea.webp","width":1200,"height":1200},{"@type":"BreadcrumbList","@id":"https:\/\/idakorea.ee\/product\/medi-peel-24k-gold-snail-repair-eye-cream-40ml\/#breadcrumb","itemListElement":[{"@type":"ListItem","position":1,"name":"\u0413\u043b\u0430\u0432\u043d\u0430\u044f \u0441\u0442\u0440\u0430\u043d\u0438\u0446\u0430","item":"https:\/\/idakorea.ee\/"},{"@type":"ListItem","position":2,"name":"Shop","item":"https:\/\/idakorea.ee\/shop-2\/"},{"@type":"ListItem","position":3,"name":"Taastav silma\u00fcmbruskreem kulla ja tigumutsiiniga Medi-Peel 24K Gold Snail Repair Eye Cream, 40ml EXP 11.05.2026"}]},{"@type":"WebSite","@id":"https:\/\/idakorea.ee\/#website","url":"https:\/\/idakorea.ee\/","name":"IDA.KOREA","description":"Korean kosmetiikan verkkokauppa","publisher":{"@id":"https:\/\/idakorea.ee\/#organization"},"alternateName":"Beauty Shop","potentialAction":[{"@type":"SearchAction","target":{"@type":"EntryPoint","urlTemplate":"https:\/\/idakorea.ee\/?s={search_term_string}"},"query-input":{"@type":"PropertyValueSpecification","valueRequired":true,"valueName":"search_term_string"}}],"inLanguage":"fi"},{"@type":"Organization","@id":"https:\/\/idakorea.ee\/#organization","name":"IDA.KOREA","url":"https:\/\/idakorea.ee\/","logo":{"@type":"ImageObject","inLanguage":"fi","@id":"https:\/\/idakorea.ee\/#\/schema\/logo\/image\/","url":"https:\/\/idakorea.ee\/wp-content\/uploads\/2024\/05\/cropped-korea3.png","contentUrl":"https:\/\/idakorea.ee\/wp-content\/uploads\/2024\/05\/cropped-korea3.png","width":688,"height":126,"caption":"IDA.KOREA"},"image":{"@id":"https:\/\/idakorea.ee\/#\/schema\/logo\/image\/"},"sameAs":["https:\/\/www.instagram.com\/ida.korea\/"]}]}},"jetpack_sharing_enabled":true,"brands":[{"id":107,"name":"MEDIPEEL+","slug":"medipeel"}],"_links":{"self":[{"href":"https:\/\/idakorea.ee\/fi\/wp-json\/wp\/v2\/product\/18254","targetHints":{"allow":["GET"]}}],"collection":[{"href":"https:\/\/idakorea.ee\/fi\/wp-json\/wp\/v2\/product"}],"about":[{"href":"https:\/\/idakorea.ee\/fi\/wp-json\/wp\/v2\/types\/product"}],"replies":[{"embeddable":true,"href":"https:\/\/idakorea.ee\/fi\/wp-json\/wp\/v2\/comments?post=18254"}],"version-history":[{"count":1,"href":"https:\/\/idakorea.ee\/fi\/wp-json\/wp\/v2\/product\/18254\/revisions"}],"predecessor-version":[{"id":18258,"href":"https:\/\/idakorea.ee\/fi\/wp-json\/wp\/v2\/product\/18254\/revisions\/18258"}],"wp:featuredmedia":[{"embeddable":true,"href":"https:\/\/idakorea.ee\/fi\/wp-json\/wp\/v2\/media\/18257"}],"wp:attachment":[{"href":"https:\/\/idakorea.ee\/fi\/wp-json\/wp\/v2\/media?parent=18254"}],"wp:term":[{"taxonomy":"pwb-brand","embeddable":true,"href":"https:\/\/idakorea.ee\/fi\/wp-json\/wp\/v2\/pwb-brand?post=18254"},{"taxonomy":"product_brand","embeddable":true,"href":"https:\/\/idakorea.ee\/fi\/wp-json\/wp\/v2\/product_brand?post=18254"},{"taxonomy":"product_cat","embeddable":true,"href":"https:\/\/idakorea.ee\/fi\/wp-json\/wp\/v2\/product_cat?post=18254"},{"taxonomy":"product_tag","embeddable":true,"href":"https:\/\/idakorea.ee\/fi\/wp-json\/wp\/v2\/product_tag?post=18254"}],"curies":[{"name":"wp","href":"https:\/\/api.w.org\/{rel}","templated":true}]}}