{"id":18259,"date":"2026-03-27T13:37:09","date_gmt":"2026-03-27T11:37:09","guid":{"rendered":"https:\/\/idakorea.ee\/?post_type=product&#038;p=18259"},"modified":"2026-05-04T11:53:35","modified_gmt":"2026-05-04T09:53:35","slug":"dalba-signature-allthera-double-shot","status":"publish","type":"product","link":"https:\/\/idakorea.ee\/fi\/product\/dalba-signature-allthera-double-shot\/","title":{"rendered":"d&#039;Alba - Signature Allthera -tuplashotti"},"content":{"rendered":"<p>Kiinteyt\u00e4 ja nuorenna ihoasi laitteella <strong>d&#039;Alba - Signature Allthera -tuplashotti <\/strong>\u2014 ammattimainen ty\u00f6kalu kiinteytykseen ja ryppyjen hoitoon. Yhdist\u00e4m\u00e4ll\u00e4 edistykselliset ultra\u00e4\u00e4ni- ja mikrovirtatekniikat se stimuloi kollageenin tuotantoa, parantaa kimmoisuutta ja tasoittaa hienoja ryppyj\u00e4 antaen iholle kiinte\u00e4mm\u00e4n ja nuorekkaamman ulkon\u00e4\u00f6n. Kompakti ja ergonominen laite mahdollistaa toimenpiteiden suorittamisen k\u00e4tev\u00e4sti kotona varmistaen turvallisen ja tehokkaan kiinteytyksen ja ryppyjen v\u00e4hent\u00e4misen kylpyl\u00e4tasolla.<\/p>\n<p data-start=\"423\" data-end=\"522\" data-is-last-node=\"\" data-is-only-node=\"\">Aloita helppo ihonhoitomatkasi kotona laitteen avulla <strong data-start=\"480\" data-end=\"521\">d&#039;Alba Signature Allthera -tuplashotti<\/strong>. Ammattimaisia kylpyl\u00e4tuloksia kotona \u2013 ei-invasiivisia ja eritt\u00e4in tehokkaita.<\/p>\n<p>Kaksoishoito: kiinteytt\u00e4v\u00e4 ja viilent\u00e4v\u00e4 sek\u00e4 ruusufinnin lievitt\u00e4v\u00e4. Toimii radiotaajuudella (RF), ultra\u00e4\u00e4nell\u00e4 ja viilent\u00e4v\u00e4ll\u00e4 teknologialla.<\/p>\n<p>T\u00e4m\u00e4 edistynyt laite tuottaa energiapulsseja, jotka kohottavat kasvojen muotoja ja stimuloivat kollageenin tuotantoa, ja sen viilennystila rauhoittaa v\u00e4litt\u00f6m\u00e4sti \u00e4rsytyst\u00e4 ja lievitt\u00e4\u00e4 ruusufinni-oireita.<br \/>\nVain kaksi minuuttia p\u00e4iv\u00e4ss\u00e4 antaa ammattimaisia tuloksia kotona.<\/p>\n<ul>\n<li><strong>V-linjainen kasvojenkohotus<\/strong><br \/>\nKohottaa veltostuneita alueita, muotoilee ter\u00e4v\u00e4mp\u00e4\u00e4 leukalinjaa ja v\u00e4hent\u00e4\u00e4 turvotusta.<\/li>\n<li><strong>Lievitt\u00e4\u00e4 \u00e4rsytyst\u00e4 ja viilent\u00e4\u00e4 ihoa<\/strong><br \/>\nViilennystila laskee ihon l\u00e4mp\u00f6tilaa nopeasti rauhoittaakseen ihoa ja lievitt\u00e4\u00e4kseen \u00e4rsytyst\u00e4.<\/li>\n<li><strong>Parantaa kimmoisuutta<\/strong><br \/>\nStimuloi kollageenin tuotantoa ihon kiinteyden palauttamiseksi.<\/li>\n<li><strong>V\u00e4hent\u00e4\u00e4 juonteita ja ryppyj\u00e4<\/strong><br \/>\nV\u00e4hent\u00e4\u00e4 n\u00e4kyv\u00e4sti ryppyjen ja hienojen juonteiden n\u00e4kyvyytt\u00e4.<\/li>\n<\/ul>\n<p><strong>3 HELPPOK\u00c4YTT\u00d6IST\u00c4 TILAA<\/strong><\/p>\n<ul>\n<li><strong>Tehohoitotila<\/strong><br \/>\nOletustila, jossa on 40 energiapulssia kiinteytyst\u00e4 ja kollageenin stimulaatiota varten.<\/li>\n<li><strong>Vapaa pulssitila<\/strong><br \/>\nRajattomat energiapulssit kohdennettuun kasvojen ja vartalon hoitoon.<\/li>\n<li><strong>J\u00e4\u00e4hdytyksen yll\u00e4pitotila<\/strong><br \/>\nRauhoittava j\u00e4lkihoitorutiini, joka alentaa nopeasti ihon l\u00e4mp\u00f6tilaa ja lievitt\u00e4\u00e4 kuuman ja \u00e4rtyneen ihon oireita.<\/li>\n<\/ul>\n<p>* Pid\u00e4 tilapainiketta painettuna 3 sekuntia vaihtaaksesi \u00e4\u00e4niohjauksen kielt\u00e4.<br \/>\n(Saatavilla koreaksi, englanniksi, kiinaksi ja japaniksi.)<\/p>\n<p><strong>K\u00e4ytt\u00f6<\/strong><\/p>\n<p><strong>VAIHE 1 <\/strong>Puhdistuksen j\u00e4lkeen levit\u00e4 iholle riitt\u00e4v\u00e4 m\u00e4\u00e4r\u00e4 hoitotuotteita.<\/p>\n<p><strong>VAIHE 2 <\/strong>K\u00e4ynnist\u00e4 laite painamalla virtapainiketta 2 sekuntia.<\/p>\n<p><strong>VAIHE 3 <\/strong>Valitse haluttu tila painamalla MODE-painiketta lyhyesti.<\/p>\n<p><strong>VAIHE 4 <\/strong>Tehohoito- ja vapaapulssitilassa valitse tasot 1\u20135 painamalla LEVEL-painiketta. Noudata \u00e4\u00e4nikehotteita.<\/p>\n<p><strong>Suositeltu k\u00e4ytt\u00f6<\/strong><\/p>\n<p>Tehohoitotila ja vapaa pulssitila: 1\u20133 kertaa p\u00e4iv\u00e4ss\u00e4, joka p\u00e4iv\u00e4. Rajoita kerrallaan enint\u00e4\u00e4n 40 pulssia. Laite tuottaa syv\u00e4\u00e4 l\u00e4mp\u00f6\u00e4 ihoon, ja liiallinen k\u00e4ytt\u00f6 voi aiheuttaa \u00e4rsytyst\u00e4. Varmista, ett\u00e4 j\u00e4t\u00e4t riitt\u00e4v\u00e4sti aikaa hoitokertojen v\u00e4liin.<\/p>\n<p data-start=\"423\" data-end=\"522\" data-is-last-node=\"\" data-is-only-node=\"\"><strong>FAQ<\/strong><\/p>\n<p data-start=\"0\" data-end=\"49\"><strong>Kuinka usein minun pit\u00e4isi k\u00e4ytt\u00e4\u00e4 Allthera Double Shotia?<\/strong><\/p>\n<p data-start=\"51\" data-end=\"320\" data-is-last-node=\"\" data-is-only-node=\"\">Suosittelemme laitteen k\u00e4ytt\u00f6\u00e4 1\u20133 kertaa p\u00e4iv\u00e4ss\u00e4, enint\u00e4\u00e4n 40 pulssia kerrallaan. Koska laite l\u00e4mmitt\u00e4\u00e4 syv\u00e4lle ihoon, liiallinen k\u00e4ytt\u00f6 voi aiheuttaa \u00e4rsytyst\u00e4. T\u00e4m\u00e4n v\u00e4ltt\u00e4miseksi pid\u00e4 riitt\u00e4v\u00e4sti aikaa k\u00e4ytt\u00f6kertojen v\u00e4lill\u00e4 ja noudata k\u00e4ytt\u00f6ohjeita huolellisesti.<\/p>\n<p data-start=\"80\" data-end=\"112\"><strong>Kuinka nopeasti tuloksia voi n\u00e4hd\u00e4?<\/strong><\/p>\n<p data-start=\"114\" data-end=\"399\">Heti k\u00e4yt\u00f6n j\u00e4lkeen saatat huomata turvotuksen v\u00e4henemist\u00e4 ja n\u00e4kyv\u00e4\u00e4 kohottavaa vaikutusta. S\u00e4\u00e4nn\u00f6llisell\u00e4 k\u00e4yt\u00f6ll\u00e4 kuukauden ajan on kliinisesti todistettu, ett\u00e4 kasvojen muodot ovat parantuneet, kuten otsan juonteet ovat sile\u00e4mm\u00e4t, leukalinja selke\u00e4mpi ja otsarypyt v\u00e4hentyneet. Huomaa, ett\u00e4 yksil\u00f6lliset tulokset voivat vaihdella.<\/p>\n<p data-start=\"80\" data-end=\"142\"><strong>Mit\u00e4 teknologiaa t\u00e4m\u00e4 laite k\u00e4ytt\u00e4\u00e4?<\/strong><\/p>\n<p data-start=\"144\" data-end=\"438\">Allthera-laite k\u00e4ytt\u00e4\u00e4 Triple Energy Shot -teknologiaa \u2013 patentoitua ratkaisua, joka yhdist\u00e4\u00e4 edistyneen keskitetyn radiotaajuuden (RF, 3 MHz) ja kaksi ultra\u00e4\u00e4niaaltoa (kumpikin 2,5 MHz). Jokainen pulssi tuottaa samanaikaisesti kolme synergistist\u00e4 energiapulssia \u2013 yhteens\u00e4 jopa 8 miljoonaa (8 MHz) pulssia kohden. K\u00e4ytt\u00e4m\u00e4ll\u00e4 samaa korkeataajuus- ja ultra\u00e4\u00e4niteknologiaa, jota k\u00e4ytet\u00e4\u00e4n ammattimaisissa esteettisiss\u00e4 kohotustoimenpiteiss\u00e4, laite tunkeutuu jopa 3 mm syvyyteen dermikseen stimuloiden kollageenin ja elastiinin tuotantoa parantaen n\u00e4kyv\u00e4sti ihon kimmoisuutta ja kiinteytt\u00e4.<\/p>\n<p data-start=\"0\" data-end=\"39\"><strong>Voinko k\u00e4ytt\u00e4\u00e4 laitetta kehollani?<\/strong><\/p>\n<p data-start=\"41\" data-end=\"160\" data-is-last-node=\"\" data-is-only-node=\"\">Kyll\u00e4, on suositeltavaa k\u00e4ytt\u00e4\u00e4 <strong data-start=\"69\" data-end=\"87\">Free Shot Mode<\/strong> hoito-ohjelmaa kohdennetuille kehon alueille, jotka tarvitsevat kiinteytyst\u00e4 ja kohottavaa vaikutusta.<\/p>","protected":false},"excerpt":{"rendered":"<p>Nuorruta ja kiinteyt\u00e4 ihoasi d&#039;Alba \u2013 Signature Allthera Double Shot -laitteella \u2014 ammattimainen ty\u00f6kalu kiinteytykseen ja ryppyjen hoitoon. Yhdist\u00e4m\u00e4ll\u00e4 edistykselliset ultra\u00e4\u00e4ni- ja mikrovirtatekniikat se stimuloi kollageenin tuotantoa, parantaa kimmoisuutta ja tasoittaa hienoja ryppyj\u00e4 antaen iholle kiinte\u00e4mm\u00e4n ja nuorekkaamman ulkon\u00e4\u00f6n. Kompakti ja ergonominen laite mahdollistaa toimenpiteiden suorittamisen k\u00e4tev\u00e4sti kotona varmistaen turvallisen ja tehokkaan kiinteytymisen ja ryppyjen hoidon\u2026<\/p>","protected":false},"featured_media":18263,"comment_status":"open","ping_status":"closed","template":"","meta":{"_uf_show_specific_survey":0,"_uf_disable_surveys":false,"_bst_post_transparent":"default","_bst_post_title":"","_bst_post_layout":"default","_bst_post_sidebar_id":"","_bst_post_content_style":"default","_bst_post_vertical_padding":"default","_bst_post_feature":"","_bst_post_feature_position":"","_bst_post_header":false,"_bst_post_footer":false},"pwb-brand":[105],"product_brand":[],"product_cat":[463],"product_tag":[127,1147,568,773],"class_list":{"0":"post-18259","1":"product","2":"type-product","3":"status-publish","4":"has-post-thumbnail","6":"pwb-brand-dalba","7":"product_cat-tarvikud","8":"product_tag-dalba","9":"product_tag-device","10":"product_tag-korea","11":"product_tag-lifting","13":"first","14":"onbackorder","15":"shipping-taxable","16":"purchasable","17":"product-type-simple","18":"entry","19":"content-bg","20":"loop-entry"},"supplier_id":null,"supplier_sku":"","barcode":null,"atum_controlled":true,"out_stock_date":"2026-04-14 08:21:35","out_stock_threshold":null,"inheritable":false,"inbound_stock":null,"stock_on_hold":0,"sold_today":0,"sales_last_days":1,"out_stock_days":32,"lost_sales":0,"has_location":false,"update_date":"2026-05-17T00:04:08","atum_locations":[],"atum_stock_status":"onbackorder","restock_status":false,"low_stock_amount":"","sales_update_date":"2026-05-17T00:04:08","calc_backorders":null,"yoast_head":"<!-- This site is optimized with the Yoast SEO plugin v27.2 - https:\/\/yoast.com\/product\/yoast-seo-wordpress\/ -->\n<title>d&#039;Alba - Signature Allthera Double Shot - IDA.KOREA<\/title>\n<meta name=\"description\" content=\"Alusta oma lihtsat kodust nahahoolduse teekonda seadmega d\u2019Alba. Professionaalsed spa-tulemused kodus \u2013 mitteinvasiivne ja v\u00e4ga t\u00f5hus.\" \/>\n<meta name=\"robots\" content=\"index, follow, max-snippet:-1, max-image-preview:large, max-video-preview:-1\" \/>\n<link rel=\"canonical\" href=\"https:\/\/idakorea.ee\/fi\/product\/dalba-signature-allthera-double-shot\/\" \/>\n<meta property=\"og:locale\" content=\"fi_FI\" \/>\n<meta property=\"og:type\" content=\"article\" \/>\n<meta property=\"og:title\" content=\"d&#039;Alba - Signature Allthera Double Shot - IDA.KOREA\" \/>\n<meta property=\"og:description\" content=\"Alusta oma lihtsat kodust nahahoolduse teekonda seadmega d\u2019Alba. Professionaalsed spa-tulemused kodus \u2013 mitteinvasiivne ja v\u00e4ga t\u00f5hus.\" \/>\n<meta property=\"og:url\" content=\"https:\/\/idakorea.ee\/fi\/product\/dalba-signature-allthera-double-shot\/\" \/>\n<meta property=\"og:site_name\" content=\"IDA.KOREA\" \/>\n<meta property=\"article:modified_time\" content=\"2026-05-04T09:53:35+00:00\" \/>\n<meta property=\"og:image\" content=\"https:\/\/idakorea.ee\/wp-content\/uploads\/2026\/03\/dalba-signature-allthera-double-shot-idakorea.webp\" \/>\n\t<meta property=\"og:image:width\" content=\"640\" \/>\n\t<meta property=\"og:image:height\" content=\"640\" \/>\n\t<meta property=\"og:image:type\" content=\"image\/webp\" \/>\n<meta name=\"twitter:card\" content=\"summary_large_image\" \/>\n<meta name=\"twitter:label1\" content=\"Arvioitu lukuaika\" \/>\n\t<meta name=\"twitter:data1\" content=\"3 minuuttia\" \/>\n<script type=\"application\/ld+json\" class=\"yoast-schema-graph\">{\"@context\":\"https:\/\/schema.org\",\"@graph\":[{\"@type\":\"WebPage\",\"@id\":\"https:\/\/idakorea.ee\/product\/dalba-signature-allthera-double-shot\/\",\"url\":\"https:\/\/idakorea.ee\/product\/dalba-signature-allthera-double-shot\/\",\"name\":\"d'Alba - Signature Allthera Double Shot - IDA.KOREA\",\"isPartOf\":{\"@id\":\"https:\/\/idakorea.ee\/#website\"},\"primaryImageOfPage\":{\"@id\":\"https:\/\/idakorea.ee\/product\/dalba-signature-allthera-double-shot\/#primaryimage\"},\"image\":{\"@id\":\"https:\/\/idakorea.ee\/product\/dalba-signature-allthera-double-shot\/#primaryimage\"},\"thumbnailUrl\":\"https:\/\/idakorea.ee\/wp-content\/uploads\/2026\/03\/dalba-signature-allthera-double-shot-idakorea.webp\",\"datePublished\":\"2026-03-27T11:37:09+00:00\",\"dateModified\":\"2026-05-04T09:53:35+00:00\",\"description\":\"Alusta oma lihtsat kodust nahahoolduse teekonda seadmega d\u2019Alba. Professionaalsed spa-tulemused kodus \u2013 mitteinvasiivne ja v\u00e4ga t\u00f5hus.\",\"breadcrumb\":{\"@id\":\"https:\/\/idakorea.ee\/product\/dalba-signature-allthera-double-shot\/#breadcrumb\"},\"inLanguage\":\"fi\",\"potentialAction\":[{\"@type\":\"ReadAction\",\"target\":[\"https:\/\/idakorea.ee\/product\/dalba-signature-allthera-double-shot\/\"]}]},{\"@type\":\"ImageObject\",\"inLanguage\":\"fi\",\"@id\":\"https:\/\/idakorea.ee\/product\/dalba-signature-allthera-double-shot\/#primaryimage\",\"url\":\"https:\/\/idakorea.ee\/wp-content\/uploads\/2026\/03\/dalba-signature-allthera-double-shot-idakorea.webp\",\"contentUrl\":\"https:\/\/idakorea.ee\/wp-content\/uploads\/2026\/03\/dalba-signature-allthera-double-shot-idakorea.webp\",\"width\":640,\"height\":640},{\"@type\":\"BreadcrumbList\",\"@id\":\"https:\/\/idakorea.ee\/product\/dalba-signature-allthera-double-shot\/#breadcrumb\",\"itemListElement\":[{\"@type\":\"ListItem\",\"position\":1,\"name\":\"\u0413\u043b\u0430\u0432\u043d\u0430\u044f \u0441\u0442\u0440\u0430\u043d\u0438\u0446\u0430\",\"item\":\"https:\/\/idakorea.ee\/\"},{\"@type\":\"ListItem\",\"position\":2,\"name\":\"Shop\",\"item\":\"https:\/\/idakorea.ee\/shop-2\/\"},{\"@type\":\"ListItem\",\"position\":3,\"name\":\"d&#8217;Alba &#8212; Signature Allthera Double Shot\"}]},{\"@type\":\"WebSite\",\"@id\":\"https:\/\/idakorea.ee\/#website\",\"url\":\"https:\/\/idakorea.ee\/\",\"name\":\"IDA.KOREA\",\"description\":\"Korea kosmeetika e-pood\",\"publisher\":{\"@id\":\"https:\/\/idakorea.ee\/#organization\"},\"alternateName\":\"Beauty Shop\",\"potentialAction\":[{\"@type\":\"SearchAction\",\"target\":{\"@type\":\"EntryPoint\",\"urlTemplate\":\"https:\/\/idakorea.ee\/?s={search_term_string}\"},\"query-input\":{\"@type\":\"PropertyValueSpecification\",\"valueRequired\":true,\"valueName\":\"search_term_string\"}}],\"inLanguage\":\"fi\"},{\"@type\":\"Organization\",\"@id\":\"https:\/\/idakorea.ee\/#organization\",\"name\":\"IDA.KOREA\",\"url\":\"https:\/\/idakorea.ee\/\",\"logo\":{\"@type\":\"ImageObject\",\"inLanguage\":\"fi\",\"@id\":\"https:\/\/idakorea.ee\/#\/schema\/logo\/image\/\",\"url\":\"https:\/\/idakorea.ee\/wp-content\/uploads\/2024\/05\/cropped-korea3.png\",\"contentUrl\":\"https:\/\/idakorea.ee\/wp-content\/uploads\/2024\/05\/cropped-korea3.png\",\"width\":688,\"height\":126,\"caption\":\"IDA.KOREA\"},\"image\":{\"@id\":\"https:\/\/idakorea.ee\/#\/schema\/logo\/image\/\"},\"sameAs\":[\"https:\/\/www.instagram.com\/ida.korea\/\"]}]}<\/script>\n<!-- \/ Yoast SEO plugin. -->","yoast_head_json":{"title":"d'Alba - Signature Allthera Double Shot - IDA.KOREA","description":"Alusta oma lihtsat kodust nahahoolduse teekonda seadmega d\u2019Alba. Professionaalsed spa-tulemused kodus \u2013 mitteinvasiivne ja v\u00e4ga t\u00f5hus.","robots":{"index":"index","follow":"follow","max-snippet":"max-snippet:-1","max-image-preview":"max-image-preview:large","max-video-preview":"max-video-preview:-1"},"canonical":"https:\/\/idakorea.ee\/fi\/product\/dalba-signature-allthera-double-shot\/","og_locale":"fi_FI","og_type":"article","og_title":"d'Alba - Signature Allthera Double Shot - IDA.KOREA","og_description":"Alusta oma lihtsat kodust nahahoolduse teekonda seadmega d\u2019Alba. Professionaalsed spa-tulemused kodus \u2013 mitteinvasiivne ja v\u00e4ga t\u00f5hus.","og_url":"https:\/\/idakorea.ee\/fi\/product\/dalba-signature-allthera-double-shot\/","og_site_name":"IDA.KOREA","article_modified_time":"2026-05-04T09:53:35+00:00","og_image":[{"width":640,"height":640,"url":"https:\/\/idakorea.ee\/wp-content\/uploads\/2026\/03\/dalba-signature-allthera-double-shot-idakorea.webp","type":"image\/webp"}],"twitter_card":"summary_large_image","twitter_misc":{"Arvioitu lukuaika":"3 minuuttia"},"schema":{"@context":"https:\/\/schema.org","@graph":[{"@type":"WebPage","@id":"https:\/\/idakorea.ee\/product\/dalba-signature-allthera-double-shot\/","url":"https:\/\/idakorea.ee\/product\/dalba-signature-allthera-double-shot\/","name":"d'Alba - Signature Allthera Double Shot - IDA.KOREA","isPartOf":{"@id":"https:\/\/idakorea.ee\/#website"},"primaryImageOfPage":{"@id":"https:\/\/idakorea.ee\/product\/dalba-signature-allthera-double-shot\/#primaryimage"},"image":{"@id":"https:\/\/idakorea.ee\/product\/dalba-signature-allthera-double-shot\/#primaryimage"},"thumbnailUrl":"https:\/\/idakorea.ee\/wp-content\/uploads\/2026\/03\/dalba-signature-allthera-double-shot-idakorea.webp","datePublished":"2026-03-27T11:37:09+00:00","dateModified":"2026-05-04T09:53:35+00:00","description":"Alusta oma lihtsat kodust nahahoolduse teekonda seadmega d\u2019Alba. Professionaalsed spa-tulemused kodus \u2013 mitteinvasiivne ja v\u00e4ga t\u00f5hus.","breadcrumb":{"@id":"https:\/\/idakorea.ee\/product\/dalba-signature-allthera-double-shot\/#breadcrumb"},"inLanguage":"fi","potentialAction":[{"@type":"ReadAction","target":["https:\/\/idakorea.ee\/product\/dalba-signature-allthera-double-shot\/"]}]},{"@type":"ImageObject","inLanguage":"fi","@id":"https:\/\/idakorea.ee\/product\/dalba-signature-allthera-double-shot\/#primaryimage","url":"https:\/\/idakorea.ee\/wp-content\/uploads\/2026\/03\/dalba-signature-allthera-double-shot-idakorea.webp","contentUrl":"https:\/\/idakorea.ee\/wp-content\/uploads\/2026\/03\/dalba-signature-allthera-double-shot-idakorea.webp","width":640,"height":640},{"@type":"BreadcrumbList","@id":"https:\/\/idakorea.ee\/product\/dalba-signature-allthera-double-shot\/#breadcrumb","itemListElement":[{"@type":"ListItem","position":1,"name":"\u0413\u043b\u0430\u0432\u043d\u0430\u044f \u0441\u0442\u0440\u0430\u043d\u0438\u0446\u0430","item":"https:\/\/idakorea.ee\/"},{"@type":"ListItem","position":2,"name":"Shop","item":"https:\/\/idakorea.ee\/shop-2\/"},{"@type":"ListItem","position":3,"name":"d&#8217;Alba &#8212; Signature Allthera Double Shot"}]},{"@type":"WebSite","@id":"https:\/\/idakorea.ee\/#website","url":"https:\/\/idakorea.ee\/","name":"IDA.KOREA","description":"Korean kosmetiikan verkkokauppa","publisher":{"@id":"https:\/\/idakorea.ee\/#organization"},"alternateName":"Beauty Shop","potentialAction":[{"@type":"SearchAction","target":{"@type":"EntryPoint","urlTemplate":"https:\/\/idakorea.ee\/?s={search_term_string}"},"query-input":{"@type":"PropertyValueSpecification","valueRequired":true,"valueName":"search_term_string"}}],"inLanguage":"fi"},{"@type":"Organization","@id":"https:\/\/idakorea.ee\/#organization","name":"IDA.KOREA","url":"https:\/\/idakorea.ee\/","logo":{"@type":"ImageObject","inLanguage":"fi","@id":"https:\/\/idakorea.ee\/#\/schema\/logo\/image\/","url":"https:\/\/idakorea.ee\/wp-content\/uploads\/2024\/05\/cropped-korea3.png","contentUrl":"https:\/\/idakorea.ee\/wp-content\/uploads\/2024\/05\/cropped-korea3.png","width":688,"height":126,"caption":"IDA.KOREA"},"image":{"@id":"https:\/\/idakorea.ee\/#\/schema\/logo\/image\/"},"sameAs":["https:\/\/www.instagram.com\/ida.korea\/"]}]}},"jetpack_sharing_enabled":true,"brands":[{"id":105,"name":"d'ALBA","slug":"dalba"}],"_links":{"self":[{"href":"https:\/\/idakorea.ee\/fi\/wp-json\/wp\/v2\/product\/18259","targetHints":{"allow":["GET"]}}],"collection":[{"href":"https:\/\/idakorea.ee\/fi\/wp-json\/wp\/v2\/product"}],"about":[{"href":"https:\/\/idakorea.ee\/fi\/wp-json\/wp\/v2\/types\/product"}],"replies":[{"embeddable":true,"href":"https:\/\/idakorea.ee\/fi\/wp-json\/wp\/v2\/comments?post=18259"}],"version-history":[{"count":3,"href":"https:\/\/idakorea.ee\/fi\/wp-json\/wp\/v2\/product\/18259\/revisions"}],"predecessor-version":[{"id":18267,"href":"https:\/\/idakorea.ee\/fi\/wp-json\/wp\/v2\/product\/18259\/revisions\/18267"}],"wp:featuredmedia":[{"embeddable":true,"href":"https:\/\/idakorea.ee\/fi\/wp-json\/wp\/v2\/media\/18263"}],"wp:attachment":[{"href":"https:\/\/idakorea.ee\/fi\/wp-json\/wp\/v2\/media?parent=18259"}],"wp:term":[{"taxonomy":"pwb-brand","embeddable":true,"href":"https:\/\/idakorea.ee\/fi\/wp-json\/wp\/v2\/pwb-brand?post=18259"},{"taxonomy":"product_brand","embeddable":true,"href":"https:\/\/idakorea.ee\/fi\/wp-json\/wp\/v2\/product_brand?post=18259"},{"taxonomy":"product_cat","embeddable":true,"href":"https:\/\/idakorea.ee\/fi\/wp-json\/wp\/v2\/product_cat?post=18259"},{"taxonomy":"product_tag","embeddable":true,"href":"https:\/\/idakorea.ee\/fi\/wp-json\/wp\/v2\/product_tag?post=18259"}],"curies":[{"name":"wp","href":"https:\/\/api.w.org\/{rel}","templated":true}]}}