{"id":1828,"date":"2024-06-03T11:33:02","date_gmt":"2024-06-03T11:33:02","guid":{"rendered":"https:\/\/idakorea.ee\/?post_type=product&#038;p=1828"},"modified":"2026-01-31T09:24:57","modified_gmt":"2026-01-31T07:24:57","slug":"kortsudevastane-pulk-valge-truhvliga-dalba-ageles-wrinkle-correcting-multi-balm","status":"publish","type":"product","link":"https:\/\/idakorea.ee\/fi\/product\/kortsudevastane-pulk-valge-truhvliga-dalba-ageles-wrinkle-correcting-multi-balm\/","title":{"rendered":"Anti-Wrinkle Stick with White Truffle d'Alba Ageles Wrinkle Correcting Multi Balm -ryppyj\u00e4 korjaava monibalsami."},"content":{"rendered":"<p><strong>D&#039;Alba Ageles ryppyj\u00e4 korjaava monitoimivoide<\/strong> on monitoimituote, joka poistaa nopeasti kuivuuden ja hilseilyn, ravitsee ihoa ja palauttaa sen terveen hehkun. Se lis\u00e4\u00e4 kudosten kimmoisuutta ja lujuutta, vahvistaa turgoria ja v\u00e4hent\u00e4\u00e4 ryppyjen syvyytt\u00e4.<\/p>\n<p>Voidaan k\u00e4ytt\u00e4\u00e4 p\u00e4ivitt\u00e4isen\u00e4 hoitoaineena tai SOS-hoitona kasvojen nopeaan kosteuttamiseen ja virkist\u00e4miseen. Hoitaa hy\u00f6dyllisesti sameaa ja pigmenttil\u00e4iski\u00e4 sis\u00e4lt\u00e4v\u00e4\u00e4 ihoa, kirkastaa hell\u00e4varaisesti ja omaa korkean antioksidanttisen aktiivisuuden.<\/p>\n<p><strong>Valkoinen tryffeliuute\u00a0<\/strong>lis\u00e4\u00e4 vastustuskyky\u00e4, parantaa solujen aineenvaihduntaa, s\u00e4\u00e4telee talirauhasten toimintaa ja sill\u00e4 on nuorentava vaikutus: tasoittaa ja kiinteytt\u00e4\u00e4, tekee ryppyist\u00e4 v\u00e4hemm\u00e4n ilmeisi\u00e4 ja kirkastaa ik\u00e4l\u00e4iski\u00e4.<\/p>\n<p><strong>Tokoferoli<\/strong>\u00a0sill\u00e4 on antioksidanttinen vaikutus, joka est\u00e4\u00e4 solujen hapettumisprosesseja, sill\u00e4 on nuorentava ja uudistava vaikutus.<\/p>\n<p><strong>Volufilliini (Anemarrhena asphodeloides -juuriuute)\u00a0<\/strong>Aktivoi tehokkaasti paikallista rasvakudoksen kertymist\u00e4, lis\u00e4\u00e4 elastisuutta ja tiheytt\u00e4, poistaa veltostumista ja tasoittaa ryppyj\u00e4.<\/p>\n<p><strong>Kasvikollageeni<\/strong>\u00a0Kosteuttaa ja s\u00e4ilytt\u00e4\u00e4 kosteutta ihossa yll\u00e4pit\u00e4en ihon kimmoisuutta ja kiinteytt\u00e4, v\u00e4hent\u00e4en ik\u00e4\u00e4n liittyvien muutosten n\u00e4kyvyytt\u00e4.<\/p>\n<p><strong>Sheawi<\/strong>\u00a0Pehment\u00e4\u00e4, poistaa kuivuutta ja hilseily\u00e4. Kosteuttaa syv\u00e4sti, antaa iholle kimmoisuutta, sileytt\u00e4 ja vahvuutta.<\/p>\n<p><strong>Valkoinen kukkakompleksi\u00a0<\/strong>palauttaa terveen ihonv\u00e4rin, edist\u00e4\u00e4 s\u00e4\u00e4nn\u00f6llist\u00e4 solujen uusiutumista, poistaa kuivuutta ja hilseily\u00e4.<\/p>\n<p><strong>C-vitamiini<\/strong>\u00a0on voimakas antioksidanttinen vaikutus, suojaa ihoa tehokkaasti ultraviolettis\u00e4teilylt\u00e4 ja vapailta radikaaleilta ja hidastaa ik\u00e4\u00e4ntymisprosessia.<\/p>\n<p>&nbsp;<\/p>\n<p>Sopii kaikille ihotyypeille.<\/p>\n<p>&nbsp;<\/p>\n<p><strong>K\u00e4ytt\u00f6:\u00a0<\/strong>Levit\u00e4 puhdistetulle iholle iltaisin kasvoveden k\u00e4yt\u00f6n j\u00e4lkeen tai meikin alle.<\/p>","protected":false},"excerpt":{"rendered":"<p>D'Alba Ageles Wrinkle Correcting Multi Balm on monik\u00e4ytt\u00f6inen tuote, joka poistaa nopeasti kuivuuden ja hilseilyn, ravitsee ja palauttaa ihon terveen hehkun. Se toimii lis\u00e4t\u00e4 kudosten kimmoisuutta ja kiinteytt\u00e4, vahvistaa turgoria, v\u00e4hent\u00e4\u00e4 ryppyjen syvyytt\u00e4. Voidaan k\u00e4ytt\u00e4\u00e4 p\u00e4ivitt\u00e4isen\u00e4 hoitona tai SOS-hoitona kosteuttamaan ja virkist\u00e4m\u00e4\u00e4n kasvoja nopeasti. Hoitaa edullisesti tyls\u00e4\u00e4 ja pigmentoitunutta ihoa,...<\/p>","protected":false},"featured_media":1829,"comment_status":"open","ping_status":"closed","template":"","meta":{"_uf_show_specific_survey":0,"_uf_disable_surveys":false,"_bst_post_transparent":"default","_bst_post_title":"","_bst_post_layout":"default","_bst_post_sidebar_id":"","_bst_post_content_style":"default","_bst_post_vertical_padding":"default","_bst_post_feature":"","_bst_post_feature_position":"","_bst_post_header":false,"_bst_post_footer":false},"pwb-brand":[105],"product_brand":[],"product_cat":[92,96,97,99],"product_tag":[],"class_list":{"0":"post-1828","1":"product","2":"type-product","3":"status-publish","4":"has-post-thumbnail","6":"pwb-brand-dalba","7":"product_cat-nagu","8":"product_cat-naokreemid","9":"product_cat-naoseerumid-ja-olid","10":"product_cat-silmad-ja-huuled-2","12":"first","13":"outofstock","14":"sale","15":"shipping-taxable","16":"purchasable","17":"product-type-simple","18":"entry","19":"content-bg","20":"loop-entry"},"supplier_id":null,"supplier_sku":"","barcode":null,"atum_controlled":true,"out_stock_date":null,"out_stock_threshold":null,"inheritable":false,"inbound_stock":0,"stock_on_hold":0,"sold_today":0,"sales_last_days":0,"out_stock_days":0,"lost_sales":0,"has_location":false,"update_date":"2026-04-14T00:05:07","atum_locations":[],"atum_stock_status":"outofstock","restock_status":false,"low_stock_amount":"","sales_update_date":"2026-04-14T00:05:07","calc_backorders":null,"yoast_head":"<!-- This site is optimized with the Yoast SEO plugin v27.2 - https:\/\/yoast.com\/product\/yoast-seo-wordpress\/ -->\n<title>Kortsudevastane pulk valge tr\u00fchvliga d&#039;Alba Ageles Wrinkle Correcting Multi Balm - IDA.KOREA<\/title>\n<meta name=\"robots\" content=\"index, follow, max-snippet:-1, max-image-preview:large, max-video-preview:-1\" \/>\n<link rel=\"canonical\" href=\"https:\/\/idakorea.ee\/fi\/product\/kortsudevastane-pulk-valge-truhvliga-dalba-ageles-wrinkle-correcting-multi-balm\/\" \/>\n<meta property=\"og:locale\" content=\"fi_FI\" \/>\n<meta property=\"og:type\" content=\"article\" \/>\n<meta property=\"og:title\" content=\"Kortsudevastane pulk valge tr\u00fchvliga d&#039;Alba Ageles Wrinkle Correcting Multi Balm - IDA.KOREA\" \/>\n<meta property=\"og:description\" content=\"D&#8217;Alba Ageles Wrinkle Correcting Multi Balm on multifunktsionaalne toode, mis suudab kiiresti k\u00f5rvaldada kuivuse ja ketendavuse, toidab ja taastab naha terve s\u00e4ra. See toimib kudede elastsuse ja tugevuse suurendamiseks, tugevdab turgorit, v\u00e4hendab kortsude s\u00fcgavust. V\u00f5ib kasutada nii igap\u00e4evase hoolduse kui ka SOS-hooldusena, et kiiresti niisutada ja v\u00e4rskendada n\u00e4gu. Toimetab soodsalt tuhmi v\u00e4rvi ja pigmendilaikudega nahka,...\" \/>\n<meta property=\"og:url\" content=\"https:\/\/idakorea.ee\/fi\/product\/kortsudevastane-pulk-valge-truhvliga-dalba-ageles-wrinkle-correcting-multi-balm\/\" \/>\n<meta property=\"og:site_name\" content=\"IDA.KOREA\" \/>\n<meta property=\"article:modified_time\" content=\"2026-01-31T07:24:57+00:00\" \/>\n<meta property=\"og:image\" content=\"https:\/\/idakorea.ee\/wp-content\/uploads\/2024\/06\/D_Alba-Agelles-Wrinkle-Correcting-Multi-Balm-_1_.png\" \/>\n\t<meta property=\"og:image:width\" content=\"1000\" \/>\n\t<meta property=\"og:image:height\" content=\"1000\" \/>\n\t<meta property=\"og:image:type\" content=\"image\/png\" \/>\n<meta name=\"twitter:card\" content=\"summary_large_image\" \/>\n<meta name=\"twitter:label1\" content=\"Arvioitu lukuaika\" \/>\n\t<meta name=\"twitter:data1\" content=\"2 minuuttia\" \/>\n<script type=\"application\/ld+json\" class=\"yoast-schema-graph\">{\"@context\":\"https:\/\/schema.org\",\"@graph\":[{\"@type\":\"WebPage\",\"@id\":\"https:\/\/idakorea.ee\/product\/kortsudevastane-pulk-valge-truhvliga-dalba-ageles-wrinkle-correcting-multi-balm\/\",\"url\":\"https:\/\/idakorea.ee\/product\/kortsudevastane-pulk-valge-truhvliga-dalba-ageles-wrinkle-correcting-multi-balm\/\",\"name\":\"Kortsudevastane pulk valge tr\u00fchvliga d'Alba Ageles Wrinkle Correcting Multi Balm - IDA.KOREA\",\"isPartOf\":{\"@id\":\"https:\/\/idakorea.ee\/#website\"},\"primaryImageOfPage\":{\"@id\":\"https:\/\/idakorea.ee\/product\/kortsudevastane-pulk-valge-truhvliga-dalba-ageles-wrinkle-correcting-multi-balm\/#primaryimage\"},\"image\":{\"@id\":\"https:\/\/idakorea.ee\/product\/kortsudevastane-pulk-valge-truhvliga-dalba-ageles-wrinkle-correcting-multi-balm\/#primaryimage\"},\"thumbnailUrl\":\"https:\/\/idakorea.ee\/wp-content\/uploads\/2024\/06\/D_Alba-Agelles-Wrinkle-Correcting-Multi-Balm-_1_.png\",\"datePublished\":\"2024-06-03T11:33:02+00:00\",\"dateModified\":\"2026-01-31T07:24:57+00:00\",\"breadcrumb\":{\"@id\":\"https:\/\/idakorea.ee\/product\/kortsudevastane-pulk-valge-truhvliga-dalba-ageles-wrinkle-correcting-multi-balm\/#breadcrumb\"},\"inLanguage\":\"fi\",\"potentialAction\":[{\"@type\":\"ReadAction\",\"target\":[\"https:\/\/idakorea.ee\/product\/kortsudevastane-pulk-valge-truhvliga-dalba-ageles-wrinkle-correcting-multi-balm\/\"]}]},{\"@type\":\"ImageObject\",\"inLanguage\":\"fi\",\"@id\":\"https:\/\/idakorea.ee\/product\/kortsudevastane-pulk-valge-truhvliga-dalba-ageles-wrinkle-correcting-multi-balm\/#primaryimage\",\"url\":\"https:\/\/idakorea.ee\/wp-content\/uploads\/2024\/06\/D_Alba-Agelles-Wrinkle-Correcting-Multi-Balm-_1_.png\",\"contentUrl\":\"https:\/\/idakorea.ee\/wp-content\/uploads\/2024\/06\/D_Alba-Agelles-Wrinkle-Correcting-Multi-Balm-_1_.png\",\"width\":1000,\"height\":1000},{\"@type\":\"BreadcrumbList\",\"@id\":\"https:\/\/idakorea.ee\/product\/kortsudevastane-pulk-valge-truhvliga-dalba-ageles-wrinkle-correcting-multi-balm\/#breadcrumb\",\"itemListElement\":[{\"@type\":\"ListItem\",\"position\":1,\"name\":\"\u0413\u043b\u0430\u0432\u043d\u0430\u044f \u0441\u0442\u0440\u0430\u043d\u0438\u0446\u0430\",\"item\":\"https:\/\/idakorea.ee\/\"},{\"@type\":\"ListItem\",\"position\":2,\"name\":\"Shop\",\"item\":\"https:\/\/idakorea.ee\/shop-2\/\"},{\"@type\":\"ListItem\",\"position\":3,\"name\":\"Kortsudevastane pulk valge tr\u00fchvliga d&#8217;Alba Ageles Wrinkle Correcting Multi Balm\"}]},{\"@type\":\"WebSite\",\"@id\":\"https:\/\/idakorea.ee\/#website\",\"url\":\"https:\/\/idakorea.ee\/\",\"name\":\"IDA.KOREA\",\"description\":\"Korea kosmeetika e-pood\",\"publisher\":{\"@id\":\"https:\/\/idakorea.ee\/#organization\"},\"alternateName\":\"Beauty Shop\",\"potentialAction\":[{\"@type\":\"SearchAction\",\"target\":{\"@type\":\"EntryPoint\",\"urlTemplate\":\"https:\/\/idakorea.ee\/?s={search_term_string}\"},\"query-input\":{\"@type\":\"PropertyValueSpecification\",\"valueRequired\":true,\"valueName\":\"search_term_string\"}}],\"inLanguage\":\"fi\"},{\"@type\":\"Organization\",\"@id\":\"https:\/\/idakorea.ee\/#organization\",\"name\":\"IDA.KOREA\",\"url\":\"https:\/\/idakorea.ee\/\",\"logo\":{\"@type\":\"ImageObject\",\"inLanguage\":\"fi\",\"@id\":\"https:\/\/idakorea.ee\/#\/schema\/logo\/image\/\",\"url\":\"https:\/\/idakorea.ee\/wp-content\/uploads\/2024\/05\/cropped-korea3.png\",\"contentUrl\":\"https:\/\/idakorea.ee\/wp-content\/uploads\/2024\/05\/cropped-korea3.png\",\"width\":688,\"height\":126,\"caption\":\"IDA.KOREA\"},\"image\":{\"@id\":\"https:\/\/idakorea.ee\/#\/schema\/logo\/image\/\"},\"sameAs\":[\"https:\/\/www.instagram.com\/ida.korea\/\"]}]}<\/script>\n<!-- \/ Yoast SEO plugin. -->","yoast_head_json":{"title":"Ryppyj\u00e4 ehk\u00e4isev\u00e4 puikko valkoisella tryffelill\u00e4 d&#039;Alba Ageles Wrinkle Corrective Multi Balm - It\u00e4-Korea","robots":{"index":"index","follow":"follow","max-snippet":"max-snippet:-1","max-image-preview":"max-image-preview:large","max-video-preview":"max-video-preview:-1"},"canonical":"https:\/\/idakorea.ee\/fi\/product\/kortsudevastane-pulk-valge-truhvliga-dalba-ageles-wrinkle-correcting-multi-balm\/","og_locale":"fi_FI","og_type":"article","og_title":"Kortsudevastane pulk valge tr\u00fchvliga d'Alba Ageles Wrinkle Correcting Multi Balm - IDA.KOREA","og_description":"D&#8217;Alba Ageles Wrinkle Correcting Multi Balm on multifunktsionaalne toode, mis suudab kiiresti k\u00f5rvaldada kuivuse ja ketendavuse, toidab ja taastab naha terve s\u00e4ra. See toimib kudede elastsuse ja tugevuse suurendamiseks, tugevdab turgorit, v\u00e4hendab kortsude s\u00fcgavust. V\u00f5ib kasutada nii igap\u00e4evase hoolduse kui ka SOS-hooldusena, et kiiresti niisutada ja v\u00e4rskendada n\u00e4gu. Toimetab soodsalt tuhmi v\u00e4rvi ja pigmendilaikudega nahka,...","og_url":"https:\/\/idakorea.ee\/fi\/product\/kortsudevastane-pulk-valge-truhvliga-dalba-ageles-wrinkle-correcting-multi-balm\/","og_site_name":"IDA.KOREA","article_modified_time":"2026-01-31T07:24:57+00:00","og_image":[{"width":1000,"height":1000,"url":"https:\/\/idakorea.ee\/wp-content\/uploads\/2024\/06\/D_Alba-Agelles-Wrinkle-Correcting-Multi-Balm-_1_.png","type":"image\/png"}],"twitter_card":"summary_large_image","twitter_misc":{"Arvioitu lukuaika":"2 minuuttia"},"schema":{"@context":"https:\/\/schema.org","@graph":[{"@type":"WebPage","@id":"https:\/\/idakorea.ee\/product\/kortsudevastane-pulk-valge-truhvliga-dalba-ageles-wrinkle-correcting-multi-balm\/","url":"https:\/\/idakorea.ee\/product\/kortsudevastane-pulk-valge-truhvliga-dalba-ageles-wrinkle-correcting-multi-balm\/","name":"Ryppyj\u00e4 ehk\u00e4isev\u00e4 puikko valkoisella tryffelill\u00e4 d&#039;Alba Ageles Wrinkle Corrective Multi Balm - It\u00e4-Korea","isPartOf":{"@id":"https:\/\/idakorea.ee\/#website"},"primaryImageOfPage":{"@id":"https:\/\/idakorea.ee\/product\/kortsudevastane-pulk-valge-truhvliga-dalba-ageles-wrinkle-correcting-multi-balm\/#primaryimage"},"image":{"@id":"https:\/\/idakorea.ee\/product\/kortsudevastane-pulk-valge-truhvliga-dalba-ageles-wrinkle-correcting-multi-balm\/#primaryimage"},"thumbnailUrl":"https:\/\/idakorea.ee\/wp-content\/uploads\/2024\/06\/D_Alba-Agelles-Wrinkle-Correcting-Multi-Balm-_1_.png","datePublished":"2024-06-03T11:33:02+00:00","dateModified":"2026-01-31T07:24:57+00:00","breadcrumb":{"@id":"https:\/\/idakorea.ee\/product\/kortsudevastane-pulk-valge-truhvliga-dalba-ageles-wrinkle-correcting-multi-balm\/#breadcrumb"},"inLanguage":"fi","potentialAction":[{"@type":"ReadAction","target":["https:\/\/idakorea.ee\/product\/kortsudevastane-pulk-valge-truhvliga-dalba-ageles-wrinkle-correcting-multi-balm\/"]}]},{"@type":"ImageObject","inLanguage":"fi","@id":"https:\/\/idakorea.ee\/product\/kortsudevastane-pulk-valge-truhvliga-dalba-ageles-wrinkle-correcting-multi-balm\/#primaryimage","url":"https:\/\/idakorea.ee\/wp-content\/uploads\/2024\/06\/D_Alba-Agelles-Wrinkle-Correcting-Multi-Balm-_1_.png","contentUrl":"https:\/\/idakorea.ee\/wp-content\/uploads\/2024\/06\/D_Alba-Agelles-Wrinkle-Correcting-Multi-Balm-_1_.png","width":1000,"height":1000},{"@type":"BreadcrumbList","@id":"https:\/\/idakorea.ee\/product\/kortsudevastane-pulk-valge-truhvliga-dalba-ageles-wrinkle-correcting-multi-balm\/#breadcrumb","itemListElement":[{"@type":"ListItem","position":1,"name":"\u0413\u043b\u0430\u0432\u043d\u0430\u044f \u0441\u0442\u0440\u0430\u043d\u0438\u0446\u0430","item":"https:\/\/idakorea.ee\/"},{"@type":"ListItem","position":2,"name":"Shop","item":"https:\/\/idakorea.ee\/shop-2\/"},{"@type":"ListItem","position":3,"name":"Kortsudevastane pulk valge tr\u00fchvliga d&#8217;Alba Ageles Wrinkle Correcting Multi Balm"}]},{"@type":"WebSite","@id":"https:\/\/idakorea.ee\/#website","url":"https:\/\/idakorea.ee\/","name":"IDA.KOREA","description":"Korean kosmetiikan verkkokauppa","publisher":{"@id":"https:\/\/idakorea.ee\/#organization"},"alternateName":"Beauty Shop","potentialAction":[{"@type":"SearchAction","target":{"@type":"EntryPoint","urlTemplate":"https:\/\/idakorea.ee\/?s={search_term_string}"},"query-input":{"@type":"PropertyValueSpecification","valueRequired":true,"valueName":"search_term_string"}}],"inLanguage":"fi"},{"@type":"Organization","@id":"https:\/\/idakorea.ee\/#organization","name":"IDA.KOREA","url":"https:\/\/idakorea.ee\/","logo":{"@type":"ImageObject","inLanguage":"fi","@id":"https:\/\/idakorea.ee\/#\/schema\/logo\/image\/","url":"https:\/\/idakorea.ee\/wp-content\/uploads\/2024\/05\/cropped-korea3.png","contentUrl":"https:\/\/idakorea.ee\/wp-content\/uploads\/2024\/05\/cropped-korea3.png","width":688,"height":126,"caption":"IDA.KOREA"},"image":{"@id":"https:\/\/idakorea.ee\/#\/schema\/logo\/image\/"},"sameAs":["https:\/\/www.instagram.com\/ida.korea\/"]}]}},"jetpack_sharing_enabled":true,"brands":[{"id":105,"name":"d'ALBA","slug":"dalba"}],"_links":{"self":[{"href":"https:\/\/idakorea.ee\/fi\/wp-json\/wp\/v2\/product\/1828","targetHints":{"allow":["GET"]}}],"collection":[{"href":"https:\/\/idakorea.ee\/fi\/wp-json\/wp\/v2\/product"}],"about":[{"href":"https:\/\/idakorea.ee\/fi\/wp-json\/wp\/v2\/types\/product"}],"replies":[{"embeddable":true,"href":"https:\/\/idakorea.ee\/fi\/wp-json\/wp\/v2\/comments?post=1828"}],"version-history":[{"count":2,"href":"https:\/\/idakorea.ee\/fi\/wp-json\/wp\/v2\/product\/1828\/revisions"}],"predecessor-version":[{"id":11071,"href":"https:\/\/idakorea.ee\/fi\/wp-json\/wp\/v2\/product\/1828\/revisions\/11071"}],"wp:featuredmedia":[{"embeddable":true,"href":"https:\/\/idakorea.ee\/fi\/wp-json\/wp\/v2\/media\/1829"}],"wp:attachment":[{"href":"https:\/\/idakorea.ee\/fi\/wp-json\/wp\/v2\/media?parent=1828"}],"wp:term":[{"taxonomy":"pwb-brand","embeddable":true,"href":"https:\/\/idakorea.ee\/fi\/wp-json\/wp\/v2\/pwb-brand?post=1828"},{"taxonomy":"product_brand","embeddable":true,"href":"https:\/\/idakorea.ee\/fi\/wp-json\/wp\/v2\/product_brand?post=1828"},{"taxonomy":"product_cat","embeddable":true,"href":"https:\/\/idakorea.ee\/fi\/wp-json\/wp\/v2\/product_cat?post=1828"},{"taxonomy":"product_tag","embeddable":true,"href":"https:\/\/idakorea.ee\/fi\/wp-json\/wp\/v2\/product_tag?post=1828"}],"curies":[{"name":"wp","href":"https:\/\/api.w.org\/{rel}","templated":true}]}}