{"id":18297,"date":"2026-03-30T12:08:27","date_gmt":"2026-03-30T10:08:27","guid":{"rendered":"https:\/\/idakorea.ee\/?post_type=product&#038;p=18297"},"modified":"2026-04-01T11:19:18","modified_gmt":"2026-04-01T09:19:18","slug":"purito-seoul-mighty-bamboo-panthenol-serum-30ml","status":"publish","type":"product","link":"https:\/\/idakorea.ee\/fi\/product\/purito-seoul-mighty-bamboo-panthenol-serum-30ml\/","title":{"rendered":"Purito Seoul Mighty Bamboo Panthenol Serum, 30ml"},"content":{"rendered":"<p>Palauttava seerumi pantenolilla ja bambulla<strong> Purito Seoul Mighty Bamboo Panthenol Serum<\/strong> Rauhoittaa \u00e4rtynytt\u00e4 ihoa, lievitt\u00e4\u00e4 kutinaa ja punoitusta. Se k\u00e4ynnist\u00e4\u00e4 ihon uusiutumisprosesseja, vahvistaa suojatoimintoja, kosteuttaa ja v\u00e4hent\u00e4\u00e4 hilseily\u00e4 palauttaen ihon terveen hehkun. Tuote vahvistaa ihon hydrolipidisuojakerrosta ja v\u00e4hent\u00e4\u00e4 herkkyytt\u00e4. Se my\u00f6s vahvistaa kapillaareja, auttaa ehk\u00e4isem\u00e4\u00e4n couperosaa ja v\u00e4hent\u00e4\u00e4 verisuoniverkoston n\u00e4kyvyytt\u00e4.<\/p>\n<p><strong>T\u00e4rkeimm\u00e4t vaikuttavat aineet:<\/strong><\/p>\n<ul>\n<li><strong>Pantenoli (B5-vitamiini, 130 000 ppm)<\/strong> nopeuttaa mikrovaurioiden paranemista, pehment\u00e4\u00e4 ja rauhoittaa ihoa, v\u00e4hent\u00e4\u00e4 punoitusta ja parantaa ihon suojamuuria.<\/li>\n<li><strong>Bambu-uute<\/strong> vahvistaa kapillaariseini\u00e4, v\u00e4hent\u00e4\u00e4 verisuonten n\u00e4kyvyytt\u00e4 ja kudosten l\u00e4p\u00e4isevyytt\u00e4.<\/li>\n<li><strong>Ektoiin<\/strong> \u2013 orgaaninen aminohappo, joka suojaa ihoa ulkoiselta ymp\u00e4rist\u00f6lt\u00e4 ja UV-s\u00e4teilylt\u00e4, sill\u00e4 on tulehdusta est\u00e4v\u00e4 vaikutus, se rauhoittaa ja v\u00e4hent\u00e4\u00e4 punoitusta.<\/li>\n<li><strong>Skvala<\/strong> rauhoittaa ihoa, v\u00e4hent\u00e4\u00e4 kosteuden haihtumista, suojaa kuivumiselta, ravitsee ja hidastaa ik\u00e4\u00e4ntymisprosessia.<\/li>\n<li><strong>Limnanthes alba (niittyvaahto) \u00f6ljy<\/strong> ravitsee, pehment\u00e4\u00e4 ja tukee ihon paranemista, auttaa yll\u00e4pit\u00e4m\u00e4\u00e4n ihon sileytt\u00e4 ja suojaa ulkoisilta vaikutuksilta.<\/li>\n<\/ul>\n<p>Sopii: kuivalle, normaalille ja sekaiholle.<\/p>\n<p><strong>K\u00e4ytt\u00f6:<\/strong><br \/>\nPuhdistuksen ja kasvoveden j\u00e4lkeen levit\u00e4 ampulli tasaisesti kasvoille. Viimeistele hoito voideella.<\/p>\n<p>&nbsp;<\/p>","protected":false},"excerpt":{"rendered":"<p>Purito Seoul Mighty Bamboo Panthenol -seerumi rauhoittaa \u00e4rtynytt\u00e4 ihoa, lievitt\u00e4\u00e4 kutinaa ja punoitusta. Se k\u00e4ynnist\u00e4\u00e4 ihon uusiutumisprosesseja, vahvistaa suojatoimintoja, kosteuttaa ja v\u00e4hent\u00e4\u00e4 hilseily\u00e4 palauttaen ihon terveen hehkun. Tuote vahvistaa ihon hydrolipidisuojakerrosta ja v\u00e4hent\u00e4\u00e4 herkkyytt\u00e4. Se my\u00f6s vahvistaa kapillaareja, auttaa ehk\u00e4isem\u00e4\u00e4n couperosaa ja v\u00e4hent\u00e4\u00e4 verisuoniverkoston n\u00e4kyvyytt\u00e4. T\u00e4rkeimm\u00e4t vaikuttavat aineosat: Pantenoli (vitamiini\u2026<\/p>","protected":false},"featured_media":18300,"comment_status":"open","ping_status":"closed","template":"","meta":{"_uf_show_specific_survey":0,"_uf_disable_surveys":false,"_bst_post_transparent":"default","_bst_post_title":"","_bst_post_layout":"default","_bst_post_sidebar_id":"","_bst_post_content_style":"default","_bst_post_vertical_padding":"default","_bst_post_feature":"","_bst_post_feature_position":"","_bst_post_header":false,"_bst_post_footer":false},"pwb-brand":[491],"product_brand":[],"product_cat":[92,97],"product_tag":[1150,568,985,1151,677,1145],"class_list":{"0":"post-18297","1":"product","2":"type-product","3":"status-publish","4":"has-post-thumbnail","6":"pwb-brand-purito","7":"product_cat-nagu","8":"product_cat-naoseerumid-ja-olid","9":"product_tag-arritunuda-nahk","10":"product_tag-korea","11":"product_tag-kuiv","12":"product_tag-pantenool","13":"product_tag-purito","14":"product_tag-seerum","16":"first","17":"instock","18":"sale","19":"shipping-taxable","20":"purchasable","21":"product-type-simple","22":"entry","23":"content-bg","24":"loop-entry"},"supplier_id":null,"supplier_sku":"","barcode":null,"atum_controlled":true,"out_stock_date":null,"out_stock_threshold":null,"inheritable":false,"inbound_stock":null,"stock_on_hold":0,"sold_today":0,"sales_last_days":0,"out_stock_days":0,"lost_sales":0,"has_location":false,"update_date":"2026-04-20T00:07:14","atum_locations":[],"atum_stock_status":"instock","restock_status":false,"low_stock_amount":"","sales_update_date":"2026-04-20T00:07:14","calc_backorders":null,"yoast_head":"<!-- This site is optimized with the Yoast SEO plugin v27.2 - https:\/\/yoast.com\/product\/yoast-seo-wordpress\/ -->\n<title>Purito Seoul Mighty Bamboo Panthenol Serum, 30ml - IDA.KOREA<\/title>\n<meta name=\"description\" content=\"Taastav seerum pantenooli ja bambusega rahustab \u00e4rritunud nahka, leevendab s\u00fcgelust ja punetust. Toode tugevdab naha h\u00fcdrolipiidset kaitsekihti. Kiire tarne\" \/>\n<meta name=\"robots\" content=\"index, follow, max-snippet:-1, max-image-preview:large, max-video-preview:-1\" \/>\n<link rel=\"canonical\" href=\"https:\/\/idakorea.ee\/fi\/product\/purito-seoul-mighty-bamboo-panthenol-serum-30ml\/\" \/>\n<meta property=\"og:locale\" content=\"fi_FI\" \/>\n<meta property=\"og:type\" content=\"article\" \/>\n<meta property=\"og:title\" content=\"Purito Seoul Mighty Bamboo Panthenol Serum, 30ml - IDA.KOREA\" \/>\n<meta property=\"og:description\" content=\"Taastav seerum pantenooli ja bambusega rahustab \u00e4rritunud nahka, leevendab s\u00fcgelust ja punetust. Toode tugevdab naha h\u00fcdrolipiidset kaitsekihti. Kiire tarne\" \/>\n<meta property=\"og:url\" content=\"https:\/\/idakorea.ee\/fi\/product\/purito-seoul-mighty-bamboo-panthenol-serum-30ml\/\" \/>\n<meta property=\"og:site_name\" content=\"IDA.KOREA\" \/>\n<meta property=\"article:modified_time\" content=\"2026-04-01T09:19:18+00:00\" \/>\n<meta property=\"og:image\" content=\"https:\/\/idakorea.ee\/wp-content\/uploads\/2026\/03\/Purito-Seoul-Mighty-Bamboo-Panthenol-Serum-idakorea.jpg\" \/>\n\t<meta property=\"og:image:width\" content=\"1000\" \/>\n\t<meta property=\"og:image:height\" content=\"1000\" \/>\n\t<meta property=\"og:image:type\" content=\"image\/jpeg\" \/>\n<meta name=\"twitter:card\" content=\"summary_large_image\" \/>\n<meta name=\"twitter:label1\" content=\"Arvioitu lukuaika\" \/>\n\t<meta name=\"twitter:data1\" content=\"2 minuuttia\" \/>\n<script type=\"application\/ld+json\" class=\"yoast-schema-graph\">{\"@context\":\"https:\/\/schema.org\",\"@graph\":[{\"@type\":\"WebPage\",\"@id\":\"https:\/\/idakorea.ee\/product\/purito-seoul-mighty-bamboo-panthenol-serum-30ml\/\",\"url\":\"https:\/\/idakorea.ee\/product\/purito-seoul-mighty-bamboo-panthenol-serum-30ml\/\",\"name\":\"Purito Seoul Mighty Bamboo Panthenol Serum, 30ml - IDA.KOREA\",\"isPartOf\":{\"@id\":\"https:\/\/idakorea.ee\/#website\"},\"primaryImageOfPage\":{\"@id\":\"https:\/\/idakorea.ee\/product\/purito-seoul-mighty-bamboo-panthenol-serum-30ml\/#primaryimage\"},\"image\":{\"@id\":\"https:\/\/idakorea.ee\/product\/purito-seoul-mighty-bamboo-panthenol-serum-30ml\/#primaryimage\"},\"thumbnailUrl\":\"https:\/\/idakorea.ee\/wp-content\/uploads\/2026\/03\/Purito-Seoul-Mighty-Bamboo-Panthenol-Serum-idakorea.jpg\",\"datePublished\":\"2026-03-30T10:08:27+00:00\",\"dateModified\":\"2026-04-01T09:19:18+00:00\",\"description\":\"Taastav seerum pantenooli ja bambusega rahustab \u00e4rritunud nahka, leevendab s\u00fcgelust ja punetust. Toode tugevdab naha h\u00fcdrolipiidset kaitsekihti. Kiire tarne\",\"breadcrumb\":{\"@id\":\"https:\/\/idakorea.ee\/product\/purito-seoul-mighty-bamboo-panthenol-serum-30ml\/#breadcrumb\"},\"inLanguage\":\"fi\",\"potentialAction\":[{\"@type\":\"ReadAction\",\"target\":[\"https:\/\/idakorea.ee\/product\/purito-seoul-mighty-bamboo-panthenol-serum-30ml\/\"]}]},{\"@type\":\"ImageObject\",\"inLanguage\":\"fi\",\"@id\":\"https:\/\/idakorea.ee\/product\/purito-seoul-mighty-bamboo-panthenol-serum-30ml\/#primaryimage\",\"url\":\"https:\/\/idakorea.ee\/wp-content\/uploads\/2026\/03\/Purito-Seoul-Mighty-Bamboo-Panthenol-Serum-idakorea.jpg\",\"contentUrl\":\"https:\/\/idakorea.ee\/wp-content\/uploads\/2026\/03\/Purito-Seoul-Mighty-Bamboo-Panthenol-Serum-idakorea.jpg\",\"width\":1000,\"height\":1000},{\"@type\":\"BreadcrumbList\",\"@id\":\"https:\/\/idakorea.ee\/product\/purito-seoul-mighty-bamboo-panthenol-serum-30ml\/#breadcrumb\",\"itemListElement\":[{\"@type\":\"ListItem\",\"position\":1,\"name\":\"\u0413\u043b\u0430\u0432\u043d\u0430\u044f \u0441\u0442\u0440\u0430\u043d\u0438\u0446\u0430\",\"item\":\"https:\/\/idakorea.ee\/\"},{\"@type\":\"ListItem\",\"position\":2,\"name\":\"Shop\",\"item\":\"https:\/\/idakorea.ee\/shop-2\/\"},{\"@type\":\"ListItem\",\"position\":3,\"name\":\"Taastav seerum pantenooli ja bambusega Purito Seoul Mighty Bamboo Panthenol Serum, 30ml\"}]},{\"@type\":\"WebSite\",\"@id\":\"https:\/\/idakorea.ee\/#website\",\"url\":\"https:\/\/idakorea.ee\/\",\"name\":\"IDA.KOREA\",\"description\":\"Korea kosmeetika e-pood\",\"publisher\":{\"@id\":\"https:\/\/idakorea.ee\/#organization\"},\"alternateName\":\"Beauty Shop\",\"potentialAction\":[{\"@type\":\"SearchAction\",\"target\":{\"@type\":\"EntryPoint\",\"urlTemplate\":\"https:\/\/idakorea.ee\/?s={search_term_string}\"},\"query-input\":{\"@type\":\"PropertyValueSpecification\",\"valueRequired\":true,\"valueName\":\"search_term_string\"}}],\"inLanguage\":\"fi\"},{\"@type\":\"Organization\",\"@id\":\"https:\/\/idakorea.ee\/#organization\",\"name\":\"IDA.KOREA\",\"url\":\"https:\/\/idakorea.ee\/\",\"logo\":{\"@type\":\"ImageObject\",\"inLanguage\":\"fi\",\"@id\":\"https:\/\/idakorea.ee\/#\/schema\/logo\/image\/\",\"url\":\"https:\/\/idakorea.ee\/wp-content\/uploads\/2024\/05\/cropped-korea3.png\",\"contentUrl\":\"https:\/\/idakorea.ee\/wp-content\/uploads\/2024\/05\/cropped-korea3.png\",\"width\":688,\"height\":126,\"caption\":\"IDA.KOREA\"},\"image\":{\"@id\":\"https:\/\/idakorea.ee\/#\/schema\/logo\/image\/\"},\"sameAs\":[\"https:\/\/www.instagram.com\/ida.korea\/\"]}]}<\/script>\n<!-- \/ Yoast SEO plugin. -->","yoast_head_json":{"title":"Purito Seoul Mighty Bamboo Panthenol Serum, 30ml - IDA.KOREA","description":"Taastav seerum pantenooli ja bambusega rahustab \u00e4rritunud nahka, leevendab s\u00fcgelust ja punetust. Toode tugevdab naha h\u00fcdrolipiidset kaitsekihti. Kiire tarne","robots":{"index":"index","follow":"follow","max-snippet":"max-snippet:-1","max-image-preview":"max-image-preview:large","max-video-preview":"max-video-preview:-1"},"canonical":"https:\/\/idakorea.ee\/fi\/product\/purito-seoul-mighty-bamboo-panthenol-serum-30ml\/","og_locale":"fi_FI","og_type":"article","og_title":"Purito Seoul Mighty Bamboo Panthenol Serum, 30ml - IDA.KOREA","og_description":"Taastav seerum pantenooli ja bambusega rahustab \u00e4rritunud nahka, leevendab s\u00fcgelust ja punetust. Toode tugevdab naha h\u00fcdrolipiidset kaitsekihti. Kiire tarne","og_url":"https:\/\/idakorea.ee\/fi\/product\/purito-seoul-mighty-bamboo-panthenol-serum-30ml\/","og_site_name":"IDA.KOREA","article_modified_time":"2026-04-01T09:19:18+00:00","og_image":[{"width":1000,"height":1000,"url":"https:\/\/idakorea.ee\/wp-content\/uploads\/2026\/03\/Purito-Seoul-Mighty-Bamboo-Panthenol-Serum-idakorea.jpg","type":"image\/jpeg"}],"twitter_card":"summary_large_image","twitter_misc":{"Arvioitu lukuaika":"2 minuuttia"},"schema":{"@context":"https:\/\/schema.org","@graph":[{"@type":"WebPage","@id":"https:\/\/idakorea.ee\/product\/purito-seoul-mighty-bamboo-panthenol-serum-30ml\/","url":"https:\/\/idakorea.ee\/product\/purito-seoul-mighty-bamboo-panthenol-serum-30ml\/","name":"Purito Seoul Mighty Bamboo Panthenol Serum, 30ml - IDA.KOREA","isPartOf":{"@id":"https:\/\/idakorea.ee\/#website"},"primaryImageOfPage":{"@id":"https:\/\/idakorea.ee\/product\/purito-seoul-mighty-bamboo-panthenol-serum-30ml\/#primaryimage"},"image":{"@id":"https:\/\/idakorea.ee\/product\/purito-seoul-mighty-bamboo-panthenol-serum-30ml\/#primaryimage"},"thumbnailUrl":"https:\/\/idakorea.ee\/wp-content\/uploads\/2026\/03\/Purito-Seoul-Mighty-Bamboo-Panthenol-Serum-idakorea.jpg","datePublished":"2026-03-30T10:08:27+00:00","dateModified":"2026-04-01T09:19:18+00:00","description":"Taastav seerum pantenooli ja bambusega rahustab \u00e4rritunud nahka, leevendab s\u00fcgelust ja punetust. Toode tugevdab naha h\u00fcdrolipiidset kaitsekihti. Kiire tarne","breadcrumb":{"@id":"https:\/\/idakorea.ee\/product\/purito-seoul-mighty-bamboo-panthenol-serum-30ml\/#breadcrumb"},"inLanguage":"fi","potentialAction":[{"@type":"ReadAction","target":["https:\/\/idakorea.ee\/product\/purito-seoul-mighty-bamboo-panthenol-serum-30ml\/"]}]},{"@type":"ImageObject","inLanguage":"fi","@id":"https:\/\/idakorea.ee\/product\/purito-seoul-mighty-bamboo-panthenol-serum-30ml\/#primaryimage","url":"https:\/\/idakorea.ee\/wp-content\/uploads\/2026\/03\/Purito-Seoul-Mighty-Bamboo-Panthenol-Serum-idakorea.jpg","contentUrl":"https:\/\/idakorea.ee\/wp-content\/uploads\/2026\/03\/Purito-Seoul-Mighty-Bamboo-Panthenol-Serum-idakorea.jpg","width":1000,"height":1000},{"@type":"BreadcrumbList","@id":"https:\/\/idakorea.ee\/product\/purito-seoul-mighty-bamboo-panthenol-serum-30ml\/#breadcrumb","itemListElement":[{"@type":"ListItem","position":1,"name":"\u0413\u043b\u0430\u0432\u043d\u0430\u044f \u0441\u0442\u0440\u0430\u043d\u0438\u0446\u0430","item":"https:\/\/idakorea.ee\/"},{"@type":"ListItem","position":2,"name":"Shop","item":"https:\/\/idakorea.ee\/shop-2\/"},{"@type":"ListItem","position":3,"name":"Taastav seerum pantenooli ja bambusega Purito Seoul Mighty Bamboo Panthenol Serum, 30ml"}]},{"@type":"WebSite","@id":"https:\/\/idakorea.ee\/#website","url":"https:\/\/idakorea.ee\/","name":"IDA.KOREA","description":"Korean kosmetiikan verkkokauppa","publisher":{"@id":"https:\/\/idakorea.ee\/#organization"},"alternateName":"Beauty Shop","potentialAction":[{"@type":"SearchAction","target":{"@type":"EntryPoint","urlTemplate":"https:\/\/idakorea.ee\/?s={search_term_string}"},"query-input":{"@type":"PropertyValueSpecification","valueRequired":true,"valueName":"search_term_string"}}],"inLanguage":"fi"},{"@type":"Organization","@id":"https:\/\/idakorea.ee\/#organization","name":"IDA.KOREA","url":"https:\/\/idakorea.ee\/","logo":{"@type":"ImageObject","inLanguage":"fi","@id":"https:\/\/idakorea.ee\/#\/schema\/logo\/image\/","url":"https:\/\/idakorea.ee\/wp-content\/uploads\/2024\/05\/cropped-korea3.png","contentUrl":"https:\/\/idakorea.ee\/wp-content\/uploads\/2024\/05\/cropped-korea3.png","width":688,"height":126,"caption":"IDA.KOREA"},"image":{"@id":"https:\/\/idakorea.ee\/#\/schema\/logo\/image\/"},"sameAs":["https:\/\/www.instagram.com\/ida.korea\/"]}]}},"jetpack_sharing_enabled":true,"brands":[{"id":491,"name":"PURITO","slug":"purito"}],"_links":{"self":[{"href":"https:\/\/idakorea.ee\/fi\/wp-json\/wp\/v2\/product\/18297","targetHints":{"allow":["GET"]}}],"collection":[{"href":"https:\/\/idakorea.ee\/fi\/wp-json\/wp\/v2\/product"}],"about":[{"href":"https:\/\/idakorea.ee\/fi\/wp-json\/wp\/v2\/types\/product"}],"replies":[{"embeddable":true,"href":"https:\/\/idakorea.ee\/fi\/wp-json\/wp\/v2\/comments?post=18297"}],"version-history":[{"count":2,"href":"https:\/\/idakorea.ee\/fi\/wp-json\/wp\/v2\/product\/18297\/revisions"}],"predecessor-version":[{"id":18302,"href":"https:\/\/idakorea.ee\/fi\/wp-json\/wp\/v2\/product\/18297\/revisions\/18302"}],"wp:featuredmedia":[{"embeddable":true,"href":"https:\/\/idakorea.ee\/fi\/wp-json\/wp\/v2\/media\/18300"}],"wp:attachment":[{"href":"https:\/\/idakorea.ee\/fi\/wp-json\/wp\/v2\/media?parent=18297"}],"wp:term":[{"taxonomy":"pwb-brand","embeddable":true,"href":"https:\/\/idakorea.ee\/fi\/wp-json\/wp\/v2\/pwb-brand?post=18297"},{"taxonomy":"product_brand","embeddable":true,"href":"https:\/\/idakorea.ee\/fi\/wp-json\/wp\/v2\/product_brand?post=18297"},{"taxonomy":"product_cat","embeddable":true,"href":"https:\/\/idakorea.ee\/fi\/wp-json\/wp\/v2\/product_cat?post=18297"},{"taxonomy":"product_tag","embeddable":true,"href":"https:\/\/idakorea.ee\/fi\/wp-json\/wp\/v2\/product_tag?post=18297"}],"curies":[{"name":"wp","href":"https:\/\/api.w.org\/{rel}","templated":true}]}}