{"id":18318,"date":"2026-04-01T12:04:37","date_gmt":"2026-04-01T10:04:37","guid":{"rendered":"https:\/\/idakorea.ee\/?post_type=product&#038;p=18318"},"modified":"2026-04-16T13:15:41","modified_gmt":"2026-04-16T11:15:41","slug":"vt-cosmetics-reedle-shot-lifting-eye-cream-15ml","status":"publish","type":"product","link":"https:\/\/idakorea.ee\/fi\/product\/vt-cosmetics-reedle-shot-lifting-eye-cream-15ml\/","title":{"rendered":"Mikroneuloilla varustettu kohottava voide VT Cosmetics Reedle Shot Lifting Eye Cream, 15ml"},"content":{"rendered":"<p>Kiinteytt\u00e4v\u00e4 silm\u00e4nymp\u00e4rysvoide hierontaefektill\u00e4 ja mikroneuloilla <strong>VT Cosmetics Reedle Shot -kiillotusvoide<\/strong> auttaa torjumaan ik\u00e4\u00e4ntymisen merkkej\u00e4, silottaa ilmejuonteita ja v\u00e4hent\u00e4\u00e4 ihopoimujen syvyytt\u00e4.<\/p>\n<p>Tuotteessa on erityinen metallinen applikaattori, joka v\u00e4r\u00e4htelee joutuessaan kosketuksiin ihon kanssa \u2013 t\u00e4llainen hieronta parantaa aktiivisten ainesosien imeytymist\u00e4 ja lis\u00e4\u00e4 niiden tehoa sek\u00e4 auttaa tasoittamaan ilmejuonteita. Liev\u00e4 viilent\u00e4v\u00e4 vaikutus v\u00e4hent\u00e4\u00e4 turvotusta ja raikastaa silmi\u00e4. Tuote sis\u00e4lt\u00e4\u00e4 patentoidun kompleksin <strong>CicaReedle\u2122<\/strong>, joka perustuu aasialaiseen lumpeen uutteeseen ja mikroneuloihin (spicules). T\u00e4m\u00e4 mahdollistaa aktiivisten ainesosien tunkeutumisen syvemm\u00e4lle ihoon, parantaa hapenvaihtoa ja v\u00e4hent\u00e4\u00e4 \u00e4rsytyksen riski\u00e4.<\/p>\n<p>Sarjan t\u00e4rkein ominaisuus on erityinen VDS-teknologia: aktiiviset ainesosat hajoavat mikrohiukkasiksi tunkeutuakseen syvemm\u00e4lle ihoon. T\u00e4m\u00e4 prosessi toistetaan kolme kertaa, ja molekyylien koko pienenee joka kerta. Sitten ne muutetaan liposomeiksi, joiden ydin sis\u00e4lt\u00e4\u00e4 vahvistavia komponentteja, kuten elastiinia, kollageenia ja hyaluronihappoa.<\/p>\n<p>Tuotteella on puumainen ja myskinen tuoksu: p\u00e4\u00e4tuoksuina ovat omena, persikka, greippi ja bergamotti; syd\u00e4ntuoksuina jasmiini, ruusu, kielo ja magnolia; pohjatuoksuina myski, meripihka, santelipuu ja setri.<\/p>\n<p><strong>Muita vaikuttavia aineita:<\/strong><\/p>\n<ul>\n<li><strong>Cicahyalon\u2122<\/strong> \u2013 patentoitu kompleksi, joka sis\u00e4lt\u00e4\u00e4 aasialaisia vesinavan johdannaisia, vihre\u00e4\u00e4 propolista ja hyaluronihappoa; kosteuttaa, sill\u00e4 on tulehdusta ja bakteereja est\u00e4vi\u00e4 ominaisuuksia, se v\u00e4hent\u00e4\u00e4 ryppyjen syvyytt\u00e4 ja kirkastaa ihoa hell\u00e4varaisesti.<\/li>\n<li><strong>Sofoliance<\/strong> v\u00e4hent\u00e4\u00e4 ihopoimujen syvyytt\u00e4, sill\u00e4 on turvotusta ehk\u00e4isev\u00e4 ja ihoa kirkastava vaikutus.<\/li>\n<li><strong>Bakuchiol<\/strong> on kasviper\u00e4inen retinolin analogi, joka sopii my\u00f6s herk\u00e4lle iholle. Sill\u00e4 on monimutkainen ik\u00e4\u00e4ntymist\u00e4 ehk\u00e4isev\u00e4 vaikutus, se kiinteytt\u00e4\u00e4 ja tasoittaa ihon mikroreliefi\u00e4.<\/li>\n<li><strong>Hydrolysoitu kollageeni ja elastiini<\/strong> Ne palauttavat epidermiksen kudosten eheyden ja sitoutuvat vaurioituneisiin alueisiin vahvistaen ihon rakennetta sis\u00e4lt\u00e4p\u00e4in. Ne tiivist\u00e4v\u00e4t soluseini\u00e4 ja aktivoivat proteiiniaineenvaihduntaa tukien ihon matriisia.<\/li>\n<li><strong>Hyaluronihappo<\/strong> Tunkeutuu epidermiksen syvempiin kerroksiin, kosteuttaa soluja ja auttaa s\u00e4ilytt\u00e4m\u00e4\u00e4n kosteuden. Muodostaa suojaavan kerroksen, joka est\u00e4\u00e4 ihoa kuivumasta.<\/li>\n<\/ul>\n<p>Sopii kaikille ihotyypeille.<\/p>\n<p><strong>K\u00e4ytt\u00f6:<\/strong><\/p>\n<p>Levit\u00e4 pieni m\u00e4\u00e4r\u00e4 voidetta silm\u00e4nymp\u00e4rysiholle ja nen\u00e4n ja huulien poimuille ja hiero hell\u00e4varaisesti py\u00f6rivin liikkein applikaattorin avulla.<\/p>\n<p><strong>Huomio!<\/strong> Ei suositella k\u00e4ytett\u00e4v\u00e4ksi ihotautitoimenpiteiden j\u00e4lkeen, jotka vaurioittavat epidermiksen sarveiskerrosta (esim. kuorinnat, kosmeettiset toimenpiteet, injektiot).<\/p>","protected":false},"excerpt":{"rendered":"<p>VT Cosmetics Reedle Shot Lifting Eye Cream hierovalla vaikutuksella auttaa torjumaan ik\u00e4\u00e4ntymisen merkkej\u00e4, silottaa ilmejuonteita ja v\u00e4hent\u00e4\u00e4 ihopoimujen syvyytt\u00e4. Tuotteessa on erityinen metallinen applikaattori, joka v\u00e4r\u00e4htelee joutuessaan kosketuksiin ihon kanssa \u2013 t\u00e4llainen hieronta parantaa aktiivisten ainesosien imeytymist\u00e4 ja lis\u00e4\u00e4 niiden tehoa sek\u00e4 auttaa silottamaan ilmejuonteita. Liev\u00e4 viilent\u00e4v\u00e4 vaikutus v\u00e4hent\u00e4\u00e4 turvotusta ja raikastaa\u2026<\/p>","protected":false},"featured_media":18320,"comment_status":"open","ping_status":"closed","template":"","meta":{"_uf_show_specific_survey":0,"_uf_disable_surveys":false,"_bst_post_transparent":"default","_bst_post_title":"","_bst_post_layout":"default","_bst_post_sidebar_id":"","_bst_post_content_style":"default","_bst_post_vertical_padding":"default","_bst_post_feature":"","_bst_post_feature_position":"","_bst_post_header":false,"_bst_post_footer":false},"pwb-brand":[493],"product_brand":[],"product_cat":[92,99,201],"product_tag":[568,773,624,1152,462],"class_list":{"0":"post-18318","1":"product","2":"type-product","3":"status-publish","4":"has-post-thumbnail","6":"pwb-brand-vt","7":"product_cat-nagu","8":"product_cat-silmad-ja-huuled-2","9":"product_cat-silmakreem","10":"product_tag-korea","11":"product_tag-lifting","12":"product_tag-reedle","13":"product_tag-silmakreem","14":"product_tag-vt","16":"first","17":"outofstock","18":"shipping-taxable","19":"purchasable","20":"product-type-simple","21":"entry","22":"content-bg","23":"loop-entry"},"supplier_id":null,"supplier_sku":"","barcode":null,"atum_controlled":true,"out_stock_date":"2026-04-16 13:15:41","out_stock_threshold":null,"inheritable":false,"inbound_stock":null,"stock_on_hold":0,"sold_today":0,"sales_last_days":4,"out_stock_days":7,"lost_sales":91,"has_location":false,"update_date":"2026-04-24T00:09:14","atum_locations":[],"atum_stock_status":"outofstock","restock_status":false,"low_stock_amount":"","sales_update_date":"2026-04-24T00:09:14","calc_backorders":null,"yoast_head":"<!-- This site is optimized with the Yoast SEO plugin v27.2 - https:\/\/yoast.com\/product\/yoast-seo-wordpress\/ -->\n<title>VT Cosmetics Reedle Shot Lifting Eye Cream, 15ml - IDA.KOREA<\/title>\n<meta name=\"description\" content=\"Massaa\u017ei silma\u00fcmbruse lifting-kreem mikro\u00adn\u00f5eltega aitab v\u00f5idelda v\u00e4ljendunud vananemisilmingutega, silub miimikakortse ja v\u00e4hendab naha voltide s\u00fcgavust.\" \/>\n<meta name=\"robots\" content=\"index, follow, max-snippet:-1, max-image-preview:large, max-video-preview:-1\" \/>\n<link rel=\"canonical\" href=\"https:\/\/idakorea.ee\/fi\/product\/vt-cosmetics-reedle-shot-lifting-eye-cream-15ml\/\" \/>\n<meta property=\"og:locale\" content=\"fi_FI\" \/>\n<meta property=\"og:type\" content=\"article\" \/>\n<meta property=\"og:title\" content=\"VT Cosmetics Reedle Shot Lifting Eye Cream, 15ml - IDA.KOREA\" \/>\n<meta property=\"og:description\" content=\"Massaa\u017ei silma\u00fcmbruse lifting-kreem mikro\u00adn\u00f5eltega aitab v\u00f5idelda v\u00e4ljendunud vananemisilmingutega, silub miimikakortse ja v\u00e4hendab naha voltide s\u00fcgavust.\" \/>\n<meta property=\"og:url\" content=\"https:\/\/idakorea.ee\/fi\/product\/vt-cosmetics-reedle-shot-lifting-eye-cream-15ml\/\" \/>\n<meta property=\"og:site_name\" content=\"IDA.KOREA\" \/>\n<meta property=\"article:modified_time\" content=\"2026-04-16T11:15:41+00:00\" \/>\n<meta property=\"og:image\" content=\"https:\/\/idakorea.ee\/wp-content\/uploads\/2026\/04\/VT-Cosmetics-Reedle-Shot-Lifting-Eye-Cream-idakorea.jpg\" \/>\n\t<meta property=\"og:image:width\" content=\"1000\" \/>\n\t<meta property=\"og:image:height\" content=\"1000\" \/>\n\t<meta property=\"og:image:type\" content=\"image\/jpeg\" \/>\n<meta name=\"twitter:card\" content=\"summary_large_image\" \/>\n<meta name=\"twitter:label1\" content=\"Arvioitu lukuaika\" \/>\n\t<meta name=\"twitter:data1\" content=\"2 minuuttia\" \/>\n<script type=\"application\/ld+json\" class=\"yoast-schema-graph\">{\"@context\":\"https:\/\/schema.org\",\"@graph\":[{\"@type\":\"WebPage\",\"@id\":\"https:\/\/idakorea.ee\/product\/vt-cosmetics-reedle-shot-lifting-eye-cream-15ml\/\",\"url\":\"https:\/\/idakorea.ee\/product\/vt-cosmetics-reedle-shot-lifting-eye-cream-15ml\/\",\"name\":\"VT Cosmetics Reedle Shot Lifting Eye Cream, 15ml - IDA.KOREA\",\"isPartOf\":{\"@id\":\"https:\/\/idakorea.ee\/#website\"},\"primaryImageOfPage\":{\"@id\":\"https:\/\/idakorea.ee\/product\/vt-cosmetics-reedle-shot-lifting-eye-cream-15ml\/#primaryimage\"},\"image\":{\"@id\":\"https:\/\/idakorea.ee\/product\/vt-cosmetics-reedle-shot-lifting-eye-cream-15ml\/#primaryimage\"},\"thumbnailUrl\":\"https:\/\/idakorea.ee\/wp-content\/uploads\/2026\/04\/VT-Cosmetics-Reedle-Shot-Lifting-Eye-Cream-idakorea.jpg\",\"datePublished\":\"2026-04-01T10:04:37+00:00\",\"dateModified\":\"2026-04-16T11:15:41+00:00\",\"description\":\"Massaa\u017ei silma\u00fcmbruse lifting-kreem mikro\u00adn\u00f5eltega aitab v\u00f5idelda v\u00e4ljendunud vananemisilmingutega, silub miimikakortse ja v\u00e4hendab naha voltide s\u00fcgavust.\",\"breadcrumb\":{\"@id\":\"https:\/\/idakorea.ee\/product\/vt-cosmetics-reedle-shot-lifting-eye-cream-15ml\/#breadcrumb\"},\"inLanguage\":\"fi\",\"potentialAction\":[{\"@type\":\"ReadAction\",\"target\":[\"https:\/\/idakorea.ee\/product\/vt-cosmetics-reedle-shot-lifting-eye-cream-15ml\/\"]}]},{\"@type\":\"ImageObject\",\"inLanguage\":\"fi\",\"@id\":\"https:\/\/idakorea.ee\/product\/vt-cosmetics-reedle-shot-lifting-eye-cream-15ml\/#primaryimage\",\"url\":\"https:\/\/idakorea.ee\/wp-content\/uploads\/2026\/04\/VT-Cosmetics-Reedle-Shot-Lifting-Eye-Cream-idakorea.jpg\",\"contentUrl\":\"https:\/\/idakorea.ee\/wp-content\/uploads\/2026\/04\/VT-Cosmetics-Reedle-Shot-Lifting-Eye-Cream-idakorea.jpg\",\"width\":1000,\"height\":1000},{\"@type\":\"BreadcrumbList\",\"@id\":\"https:\/\/idakorea.ee\/product\/vt-cosmetics-reedle-shot-lifting-eye-cream-15ml\/#breadcrumb\",\"itemListElement\":[{\"@type\":\"ListItem\",\"position\":1,\"name\":\"\u0413\u043b\u0430\u0432\u043d\u0430\u044f \u0441\u0442\u0440\u0430\u043d\u0438\u0446\u0430\",\"item\":\"https:\/\/idakorea.ee\/\"},{\"@type\":\"ListItem\",\"position\":2,\"name\":\"Shop\",\"item\":\"https:\/\/idakorea.ee\/shop-2\/\"},{\"@type\":\"ListItem\",\"position\":3,\"name\":\"Lifting-kreem mikro\u00adn\u00f5eltega VT Cosmetics Reedle Shot Lifting Eye Cream, 15ml\"}]},{\"@type\":\"WebSite\",\"@id\":\"https:\/\/idakorea.ee\/#website\",\"url\":\"https:\/\/idakorea.ee\/\",\"name\":\"IDA.KOREA\",\"description\":\"Korea kosmeetika e-pood\",\"publisher\":{\"@id\":\"https:\/\/idakorea.ee\/#organization\"},\"alternateName\":\"Beauty Shop\",\"potentialAction\":[{\"@type\":\"SearchAction\",\"target\":{\"@type\":\"EntryPoint\",\"urlTemplate\":\"https:\/\/idakorea.ee\/?s={search_term_string}\"},\"query-input\":{\"@type\":\"PropertyValueSpecification\",\"valueRequired\":true,\"valueName\":\"search_term_string\"}}],\"inLanguage\":\"fi\"},{\"@type\":\"Organization\",\"@id\":\"https:\/\/idakorea.ee\/#organization\",\"name\":\"IDA.KOREA\",\"url\":\"https:\/\/idakorea.ee\/\",\"logo\":{\"@type\":\"ImageObject\",\"inLanguage\":\"fi\",\"@id\":\"https:\/\/idakorea.ee\/#\/schema\/logo\/image\/\",\"url\":\"https:\/\/idakorea.ee\/wp-content\/uploads\/2024\/05\/cropped-korea3.png\",\"contentUrl\":\"https:\/\/idakorea.ee\/wp-content\/uploads\/2024\/05\/cropped-korea3.png\",\"width\":688,\"height\":126,\"caption\":\"IDA.KOREA\"},\"image\":{\"@id\":\"https:\/\/idakorea.ee\/#\/schema\/logo\/image\/\"},\"sameAs\":[\"https:\/\/www.instagram.com\/ida.korea\/\"]}]}<\/script>\n<!-- \/ Yoast SEO plugin. -->","yoast_head_json":{"title":"VT Cosmetics Reedle Shot Lifting Eye Cream, 15ml - IDA.KOREA","description":"Massaa\u017ei silma\u00fcmbruse lifting-kreem mikro\u00adn\u00f5eltega aitab v\u00f5idelda v\u00e4ljendunud vananemisilmingutega, silub miimikakortse ja v\u00e4hendab naha voltide s\u00fcgavust.","robots":{"index":"index","follow":"follow","max-snippet":"max-snippet:-1","max-image-preview":"max-image-preview:large","max-video-preview":"max-video-preview:-1"},"canonical":"https:\/\/idakorea.ee\/fi\/product\/vt-cosmetics-reedle-shot-lifting-eye-cream-15ml\/","og_locale":"fi_FI","og_type":"article","og_title":"VT Cosmetics Reedle Shot Lifting Eye Cream, 15ml - IDA.KOREA","og_description":"Massaa\u017ei silma\u00fcmbruse lifting-kreem mikro\u00adn\u00f5eltega aitab v\u00f5idelda v\u00e4ljendunud vananemisilmingutega, silub miimikakortse ja v\u00e4hendab naha voltide s\u00fcgavust.","og_url":"https:\/\/idakorea.ee\/fi\/product\/vt-cosmetics-reedle-shot-lifting-eye-cream-15ml\/","og_site_name":"IDA.KOREA","article_modified_time":"2026-04-16T11:15:41+00:00","og_image":[{"width":1000,"height":1000,"url":"https:\/\/idakorea.ee\/wp-content\/uploads\/2026\/04\/VT-Cosmetics-Reedle-Shot-Lifting-Eye-Cream-idakorea.jpg","type":"image\/jpeg"}],"twitter_card":"summary_large_image","twitter_misc":{"Arvioitu lukuaika":"2 minuuttia"},"schema":{"@context":"https:\/\/schema.org","@graph":[{"@type":"WebPage","@id":"https:\/\/idakorea.ee\/product\/vt-cosmetics-reedle-shot-lifting-eye-cream-15ml\/","url":"https:\/\/idakorea.ee\/product\/vt-cosmetics-reedle-shot-lifting-eye-cream-15ml\/","name":"VT Cosmetics Reedle Shot Lifting Eye Cream, 15ml - IDA.KOREA","isPartOf":{"@id":"https:\/\/idakorea.ee\/#website"},"primaryImageOfPage":{"@id":"https:\/\/idakorea.ee\/product\/vt-cosmetics-reedle-shot-lifting-eye-cream-15ml\/#primaryimage"},"image":{"@id":"https:\/\/idakorea.ee\/product\/vt-cosmetics-reedle-shot-lifting-eye-cream-15ml\/#primaryimage"},"thumbnailUrl":"https:\/\/idakorea.ee\/wp-content\/uploads\/2026\/04\/VT-Cosmetics-Reedle-Shot-Lifting-Eye-Cream-idakorea.jpg","datePublished":"2026-04-01T10:04:37+00:00","dateModified":"2026-04-16T11:15:41+00:00","description":"Massaa\u017ei silma\u00fcmbruse lifting-kreem mikro\u00adn\u00f5eltega aitab v\u00f5idelda v\u00e4ljendunud vananemisilmingutega, silub miimikakortse ja v\u00e4hendab naha voltide s\u00fcgavust.","breadcrumb":{"@id":"https:\/\/idakorea.ee\/product\/vt-cosmetics-reedle-shot-lifting-eye-cream-15ml\/#breadcrumb"},"inLanguage":"fi","potentialAction":[{"@type":"ReadAction","target":["https:\/\/idakorea.ee\/product\/vt-cosmetics-reedle-shot-lifting-eye-cream-15ml\/"]}]},{"@type":"ImageObject","inLanguage":"fi","@id":"https:\/\/idakorea.ee\/product\/vt-cosmetics-reedle-shot-lifting-eye-cream-15ml\/#primaryimage","url":"https:\/\/idakorea.ee\/wp-content\/uploads\/2026\/04\/VT-Cosmetics-Reedle-Shot-Lifting-Eye-Cream-idakorea.jpg","contentUrl":"https:\/\/idakorea.ee\/wp-content\/uploads\/2026\/04\/VT-Cosmetics-Reedle-Shot-Lifting-Eye-Cream-idakorea.jpg","width":1000,"height":1000},{"@type":"BreadcrumbList","@id":"https:\/\/idakorea.ee\/product\/vt-cosmetics-reedle-shot-lifting-eye-cream-15ml\/#breadcrumb","itemListElement":[{"@type":"ListItem","position":1,"name":"\u0413\u043b\u0430\u0432\u043d\u0430\u044f \u0441\u0442\u0440\u0430\u043d\u0438\u0446\u0430","item":"https:\/\/idakorea.ee\/"},{"@type":"ListItem","position":2,"name":"Shop","item":"https:\/\/idakorea.ee\/shop-2\/"},{"@type":"ListItem","position":3,"name":"Lifting-kreem mikro\u00adn\u00f5eltega VT Cosmetics Reedle Shot Lifting Eye Cream, 15ml"}]},{"@type":"WebSite","@id":"https:\/\/idakorea.ee\/#website","url":"https:\/\/idakorea.ee\/","name":"IDA.KOREA","description":"Korean kosmetiikan verkkokauppa","publisher":{"@id":"https:\/\/idakorea.ee\/#organization"},"alternateName":"Beauty Shop","potentialAction":[{"@type":"SearchAction","target":{"@type":"EntryPoint","urlTemplate":"https:\/\/idakorea.ee\/?s={search_term_string}"},"query-input":{"@type":"PropertyValueSpecification","valueRequired":true,"valueName":"search_term_string"}}],"inLanguage":"fi"},{"@type":"Organization","@id":"https:\/\/idakorea.ee\/#organization","name":"IDA.KOREA","url":"https:\/\/idakorea.ee\/","logo":{"@type":"ImageObject","inLanguage":"fi","@id":"https:\/\/idakorea.ee\/#\/schema\/logo\/image\/","url":"https:\/\/idakorea.ee\/wp-content\/uploads\/2024\/05\/cropped-korea3.png","contentUrl":"https:\/\/idakorea.ee\/wp-content\/uploads\/2024\/05\/cropped-korea3.png","width":688,"height":126,"caption":"IDA.KOREA"},"image":{"@id":"https:\/\/idakorea.ee\/#\/schema\/logo\/image\/"},"sameAs":["https:\/\/www.instagram.com\/ida.korea\/"]}]}},"jetpack_sharing_enabled":true,"brands":[{"id":493,"name":"VT COSMETICS","slug":"vt"}],"_links":{"self":[{"href":"https:\/\/idakorea.ee\/fi\/wp-json\/wp\/v2\/product\/18318","targetHints":{"allow":["GET"]}}],"collection":[{"href":"https:\/\/idakorea.ee\/fi\/wp-json\/wp\/v2\/product"}],"about":[{"href":"https:\/\/idakorea.ee\/fi\/wp-json\/wp\/v2\/types\/product"}],"replies":[{"embeddable":true,"href":"https:\/\/idakorea.ee\/fi\/wp-json\/wp\/v2\/comments?post=18318"}],"version-history":[{"count":3,"href":"https:\/\/idakorea.ee\/fi\/wp-json\/wp\/v2\/product\/18318\/revisions"}],"predecessor-version":[{"id":18324,"href":"https:\/\/idakorea.ee\/fi\/wp-json\/wp\/v2\/product\/18318\/revisions\/18324"}],"wp:featuredmedia":[{"embeddable":true,"href":"https:\/\/idakorea.ee\/fi\/wp-json\/wp\/v2\/media\/18320"}],"wp:attachment":[{"href":"https:\/\/idakorea.ee\/fi\/wp-json\/wp\/v2\/media?parent=18318"}],"wp:term":[{"taxonomy":"pwb-brand","embeddable":true,"href":"https:\/\/idakorea.ee\/fi\/wp-json\/wp\/v2\/pwb-brand?post=18318"},{"taxonomy":"product_brand","embeddable":true,"href":"https:\/\/idakorea.ee\/fi\/wp-json\/wp\/v2\/product_brand?post=18318"},{"taxonomy":"product_cat","embeddable":true,"href":"https:\/\/idakorea.ee\/fi\/wp-json\/wp\/v2\/product_cat?post=18318"},{"taxonomy":"product_tag","embeddable":true,"href":"https:\/\/idakorea.ee\/fi\/wp-json\/wp\/v2\/product_tag?post=18318"}],"curies":[{"name":"wp","href":"https:\/\/api.w.org\/{rel}","templated":true}]}}