{"id":18374,"date":"2026-04-07T14:39:03","date_gmt":"2026-04-07T12:39:03","guid":{"rendered":"https:\/\/idakorea.ee\/?post_type=product&#038;p=18374"},"modified":"2026-04-09T14:11:15","modified_gmt":"2026-04-09T12:11:15","slug":"vt-cosmetics-reedle-shot-lifting-cream-50ml","status":"publish","type":"product","link":"https:\/\/idakorea.ee\/fi\/product\/vt-cosmetics-reedle-shot-lifting-cream-50ml\/","title":{"rendered":"Mikroneuloilla varustettu kohottava voide VT Cosmetics Reedle Shot -kohottava voide, 50ml"},"content":{"rendered":"<p>Tehokas mikroneulakosteuttava voide <strong>VT Cosmetics Reedle Shot Lifting Cream<\/strong> Botoxin kaltaisella vaikutuksella se v\u00e4hent\u00e4\u00e4 ryppyjen syvyytt\u00e4 ja auttaa ehk\u00e4isem\u00e4\u00e4n uusien muodostumista. Se edist\u00e4\u00e4 ihon kiinteytymist\u00e4 ja s\u00e4vyn paranemista sek\u00e4 palauttaa ihon kiinteyden ja elastisuuden.<\/p>\n<p>Patentoitu kompleksi <strong>CicaReedle\u2122<\/strong> \u2013 Aasialaisen centella-uutteen ja mikroneulojen (spicules) yhdistelm\u00e4 \u2013 auttaa v\u00e4hent\u00e4m\u00e4\u00e4n \u00e4rsytyksen todenn\u00e4k\u00f6isyytt\u00e4, palauttaa ja kosteuttaa ihoa. Mikroneulat ovat 15 kertaa pienempi\u00e4 kuin ihohuokoset, mink\u00e4 ansiosta n\u00e4m\u00e4 aktiiviset ainesosat imeytyv\u00e4t ihoon tehokkaammin. Niiden kuori sis\u00e4lt\u00e4\u00e4 jopa 14 erilaista mineraalia, jotka tukevat ihon terveytt\u00e4, auttavat v\u00e4hent\u00e4m\u00e4\u00e4n tulehdusta ja parantamaan hapenvaihtoa.<\/p>\n<p>Sarjan t\u00e4rkein ominaisuus on erityinen VDS-teknologia: aktiiviset ainesosat pilkotaan mikrohiukkasiksi, jotka tunkeutuvat syvemm\u00e4lle ihoon. Prosessi toistetaan kolme kertaa, ja molekyylien koko pienenee joka kerta, mink\u00e4 j\u00e4lkeen ne muutetaan liposomeiksi, joiden ydin sis\u00e4lt\u00e4\u00e4 sellaisia tehostavia komponentteja kuin elastiini, kollageeni ja hyaluronihappo.<\/p>\n<p>Voiteessa on puumainen ja myskinen tuoksu: p\u00e4\u00e4tuoksuina ovat omena, persikka, greippi ja bergamotti; syd\u00e4ntuoksuina jasmiini, ruusu, kielo ja magnolia; pohjatuoksuina myski, meripihka, santelipuu ja setri.<\/p>\n<p><strong>T\u00e4rkeimm\u00e4t vaikuttavat aineet:<\/strong><\/p>\n<ul>\n<li><strong>Cicahyalon\u2122<\/strong> on patentoitu kompleksi, joka sis\u00e4lt\u00e4\u00e4 aasialaisia vesinavan johdannaisia, vihre\u00e4\u00e4 propolista ja hyaluronihappoa; se kosteuttaa, sill\u00e4 on tulehdusta ja bakteereja est\u00e4vi\u00e4 vaikutuksia, se v\u00e4hent\u00e4\u00e4 ryppyjen syvyytt\u00e4 ja kirkastaa hell\u00e4varaisesti.<\/li>\n<li><strong>9 peptidi\u00e4<\/strong> niill\u00e4 on ik\u00e4\u00e4ntymist\u00e4 ehk\u00e4isev\u00e4 vaikutus: ne stimuloivat uudistumista, v\u00e4hent\u00e4v\u00e4t ryppyjen syvyytt\u00e4, silottavat ja kiinteytt\u00e4v\u00e4t ihoa. Botox-tyyppinen peptidi argireliini auttaa rentouttamaan kasvolihaksia ja hidastamaan matkivien ryppyjen muodostumista.<\/li>\n<li><strong>Hydrolysoitu kollageeni ja elastiini<\/strong> palauttavat epidermiksen kudosten eheyden ja kiinnittyv\u00e4t vaurioituneisiin alueisiin vahvistaen rakennetta sis\u00e4lt\u00e4p\u00e4in. Ne tiivist\u00e4v\u00e4t solurakennetta ja aktivoivat proteiiniaineenvaihduntaa tukien ihon matriisia.<\/li>\n<li><strong>Hyaluronihappo<\/strong> Tunkeutuu epidermiksen syvempiin kerroksiin, kyll\u00e4st\u00e4\u00e4 solut kosteudella ja auttaa s\u00e4ilytt\u00e4m\u00e4\u00e4n sen. Se muodostaa suojaavan kerroksen, joka auttaa est\u00e4m\u00e4\u00e4n kosteuden haihtumista.<\/li>\n<\/ul>\n<p>Sopii kuivalle, normaalille ja sekaiholle.<\/p>\n<p><strong>K\u00e4ytt\u00f6:<\/strong> Levit\u00e4 tarvittava m\u00e4\u00e4r\u00e4 voidetta iholle ihonhoitorutiinisi viimeisen\u00e4 vaiheena. Levit\u00e4 se hierovin liikkein painamalla kevyesti, jotta mikroneulat tunkeutuvat ihoon paremmin. Liev\u00e4\u00e4 pistely\u00e4 voi esiinty\u00e4 \u2013 t\u00e4m\u00e4 on normaalia pihka-ainepitoisille tuotteille.<\/p>\n<p><strong>Huomio!<\/strong> Tuote saattaa aiheuttaa pistely\u00e4 levityksen j\u00e4lkeen. Sit\u00e4 ei suositella k\u00e4ytett\u00e4v\u00e4ksi ihotautitoimenpiteiden, kuten kuorintojen, kosmeettisten toimenpiteiden ja injektioiden, j\u00e4lkeen, jotka vaurioittavat ihon sarveiskerrosta.<\/p>","protected":false},"excerpt":{"rendered":"<p>Tehokas mikroneulakosteuttava voide VT Cosmetics Reedle Shot Lifting Cream botoxin kaltaisella vaikutuksella v\u00e4hent\u00e4\u00e4 ryppyjen syvyytt\u00e4 ja auttaa ehk\u00e4isem\u00e4\u00e4n uusien muodostumista. Se edist\u00e4\u00e4 ihon kiinteytymist\u00e4 ja s\u00e4vyn paranemista sek\u00e4 palauttaa ihon kiinteyden ja elastisuuden. Patentoitu CicaReedle\u2122-kompleksi \u2013 yhdistelm\u00e4 aasialaista centella-uutetta ja mikroneuloja (spicules) \u2013 auttaa v\u00e4hent\u00e4m\u00e4\u00e4n \u00e4rsytyksen todenn\u00e4k\u00f6isyytt\u00e4, palauttaa ja kosteuttaa ihoa. Mikroneulat ovat\u2026<\/p>","protected":false},"featured_media":18377,"comment_status":"open","ping_status":"closed","template":"","meta":{"_uf_show_specific_survey":0,"_uf_disable_surveys":false,"_bst_post_transparent":"default","_bst_post_title":"","_bst_post_layout":"default","_bst_post_sidebar_id":"","_bst_post_content_style":"default","_bst_post_vertical_padding":"default","_bst_post_feature":"","_bst_post_feature_position":"","_bst_post_header":false,"_bst_post_footer":false},"pwb-brand":[493],"product_brand":[],"product_cat":[92,96],"product_tag":[568,976,773,624],"class_list":{"0":"post-18374","1":"product","2":"type-product","3":"status-publish","4":"has-post-thumbnail","6":"pwb-brand-vt","7":"product_cat-nagu","8":"product_cat-naokreemid","9":"product_tag-korea","10":"product_tag-kreem","11":"product_tag-lifting","12":"product_tag-reedle","14":"first","15":"instock","16":"sale","17":"shipping-taxable","18":"purchasable","19":"product-type-simple","20":"entry","21":"content-bg","22":"loop-entry"},"supplier_id":null,"supplier_sku":"","barcode":null,"atum_controlled":true,"out_stock_date":null,"out_stock_threshold":null,"inheritable":false,"inbound_stock":null,"stock_on_hold":0,"sold_today":0,"sales_last_days":1,"out_stock_days":0,"lost_sales":0,"has_location":false,"update_date":"2026-04-14T00:05:12","atum_locations":[],"atum_stock_status":"instock","restock_status":false,"low_stock_amount":"","sales_update_date":"2026-04-14T00:05:12","calc_backorders":null,"yoast_head":"<!-- This site is optimized with the Yoast SEO plugin v27.2 - https:\/\/yoast.com\/product\/yoast-seo-wordpress\/ -->\n<title>VT Cosmetics Reedle Shot Lifting Cream, 50ml - IDA.KOREA<\/title>\n<meta name=\"description\" content=\"Intensiivne mikro\u00adn\u00f5eltega lifting-kreem botoxilaadse toimega, v\u00e4hendab kortsude s\u00fcgavust ja aitab ennetada uute teket. Kreemil on puidune-muskuseline aroom\" \/>\n<meta name=\"robots\" content=\"index, follow, max-snippet:-1, max-image-preview:large, max-video-preview:-1\" \/>\n<link rel=\"canonical\" href=\"https:\/\/idakorea.ee\/fi\/product\/vt-cosmetics-reedle-shot-lifting-cream-50ml\/\" \/>\n<meta property=\"og:locale\" content=\"fi_FI\" \/>\n<meta property=\"og:type\" content=\"article\" \/>\n<meta property=\"og:title\" content=\"VT Cosmetics Reedle Shot Lifting Cream, 50ml - IDA.KOREA\" \/>\n<meta property=\"og:description\" content=\"Intensiivne mikro\u00adn\u00f5eltega lifting-kreem botoxilaadse toimega, v\u00e4hendab kortsude s\u00fcgavust ja aitab ennetada uute teket. Kreemil on puidune-muskuseline aroom\" \/>\n<meta property=\"og:url\" content=\"https:\/\/idakorea.ee\/fi\/product\/vt-cosmetics-reedle-shot-lifting-cream-50ml\/\" \/>\n<meta property=\"og:site_name\" content=\"IDA.KOREA\" \/>\n<meta property=\"article:modified_time\" content=\"2026-04-09T12:11:15+00:00\" \/>\n<meta property=\"og:image\" content=\"https:\/\/idakorea.ee\/wp-content\/uploads\/2026\/04\/VT-Cosmetics-Reedle-Shot-Lifting-Cream-idakorea.jpg\" \/>\n\t<meta property=\"og:image:width\" content=\"1000\" \/>\n\t<meta property=\"og:image:height\" content=\"1000\" \/>\n\t<meta property=\"og:image:type\" content=\"image\/jpeg\" \/>\n<meta name=\"twitter:card\" content=\"summary_large_image\" \/>\n<meta name=\"twitter:label1\" content=\"Arvioitu lukuaika\" \/>\n\t<meta name=\"twitter:data1\" content=\"2 minuuttia\" \/>\n<script type=\"application\/ld+json\" class=\"yoast-schema-graph\">{\"@context\":\"https:\/\/schema.org\",\"@graph\":[{\"@type\":\"WebPage\",\"@id\":\"https:\/\/idakorea.ee\/product\/vt-cosmetics-reedle-shot-lifting-cream-50ml\/\",\"url\":\"https:\/\/idakorea.ee\/product\/vt-cosmetics-reedle-shot-lifting-cream-50ml\/\",\"name\":\"VT Cosmetics Reedle Shot Lifting Cream, 50ml - IDA.KOREA\",\"isPartOf\":{\"@id\":\"https:\/\/idakorea.ee\/#website\"},\"primaryImageOfPage\":{\"@id\":\"https:\/\/idakorea.ee\/product\/vt-cosmetics-reedle-shot-lifting-cream-50ml\/#primaryimage\"},\"image\":{\"@id\":\"https:\/\/idakorea.ee\/product\/vt-cosmetics-reedle-shot-lifting-cream-50ml\/#primaryimage\"},\"thumbnailUrl\":\"https:\/\/idakorea.ee\/wp-content\/uploads\/2026\/04\/VT-Cosmetics-Reedle-Shot-Lifting-Cream-idakorea.jpg\",\"datePublished\":\"2026-04-07T12:39:03+00:00\",\"dateModified\":\"2026-04-09T12:11:15+00:00\",\"description\":\"Intensiivne mikro\u00adn\u00f5eltega lifting-kreem botoxilaadse toimega, v\u00e4hendab kortsude s\u00fcgavust ja aitab ennetada uute teket. Kreemil on puidune-muskuseline aroom\",\"breadcrumb\":{\"@id\":\"https:\/\/idakorea.ee\/product\/vt-cosmetics-reedle-shot-lifting-cream-50ml\/#breadcrumb\"},\"inLanguage\":\"fi\",\"potentialAction\":[{\"@type\":\"ReadAction\",\"target\":[\"https:\/\/idakorea.ee\/product\/vt-cosmetics-reedle-shot-lifting-cream-50ml\/\"]}]},{\"@type\":\"ImageObject\",\"inLanguage\":\"fi\",\"@id\":\"https:\/\/idakorea.ee\/product\/vt-cosmetics-reedle-shot-lifting-cream-50ml\/#primaryimage\",\"url\":\"https:\/\/idakorea.ee\/wp-content\/uploads\/2026\/04\/VT-Cosmetics-Reedle-Shot-Lifting-Cream-idakorea.jpg\",\"contentUrl\":\"https:\/\/idakorea.ee\/wp-content\/uploads\/2026\/04\/VT-Cosmetics-Reedle-Shot-Lifting-Cream-idakorea.jpg\",\"width\":1000,\"height\":1000},{\"@type\":\"BreadcrumbList\",\"@id\":\"https:\/\/idakorea.ee\/product\/vt-cosmetics-reedle-shot-lifting-cream-50ml\/#breadcrumb\",\"itemListElement\":[{\"@type\":\"ListItem\",\"position\":1,\"name\":\"\u0413\u043b\u0430\u0432\u043d\u0430\u044f \u0441\u0442\u0440\u0430\u043d\u0438\u0446\u0430\",\"item\":\"https:\/\/idakorea.ee\/\"},{\"@type\":\"ListItem\",\"position\":2,\"name\":\"Shop\",\"item\":\"https:\/\/idakorea.ee\/shop-2\/\"},{\"@type\":\"ListItem\",\"position\":3,\"name\":\"Lifting-kreem mikro\u00adn\u00f5eltega VT Cosmetics Reedle Shot Lifting Cream, 50ml\"}]},{\"@type\":\"WebSite\",\"@id\":\"https:\/\/idakorea.ee\/#website\",\"url\":\"https:\/\/idakorea.ee\/\",\"name\":\"IDA.KOREA\",\"description\":\"Korea kosmeetika e-pood\",\"publisher\":{\"@id\":\"https:\/\/idakorea.ee\/#organization\"},\"alternateName\":\"Beauty Shop\",\"potentialAction\":[{\"@type\":\"SearchAction\",\"target\":{\"@type\":\"EntryPoint\",\"urlTemplate\":\"https:\/\/idakorea.ee\/?s={search_term_string}\"},\"query-input\":{\"@type\":\"PropertyValueSpecification\",\"valueRequired\":true,\"valueName\":\"search_term_string\"}}],\"inLanguage\":\"fi\"},{\"@type\":\"Organization\",\"@id\":\"https:\/\/idakorea.ee\/#organization\",\"name\":\"IDA.KOREA\",\"url\":\"https:\/\/idakorea.ee\/\",\"logo\":{\"@type\":\"ImageObject\",\"inLanguage\":\"fi\",\"@id\":\"https:\/\/idakorea.ee\/#\/schema\/logo\/image\/\",\"url\":\"https:\/\/idakorea.ee\/wp-content\/uploads\/2024\/05\/cropped-korea3.png\",\"contentUrl\":\"https:\/\/idakorea.ee\/wp-content\/uploads\/2024\/05\/cropped-korea3.png\",\"width\":688,\"height\":126,\"caption\":\"IDA.KOREA\"},\"image\":{\"@id\":\"https:\/\/idakorea.ee\/#\/schema\/logo\/image\/\"},\"sameAs\":[\"https:\/\/www.instagram.com\/ida.korea\/\"]}]}<\/script>\n<!-- \/ Yoast SEO plugin. -->","yoast_head_json":{"title":"VT Cosmetics Reedle Shot Lifting Cream, 50ml - IDA.KOREA","description":"Intensiivne mikro\u00adn\u00f5eltega lifting-kreem botoxilaadse toimega, v\u00e4hendab kortsude s\u00fcgavust ja aitab ennetada uute teket. Kreemil on puidune-muskuseline aroom","robots":{"index":"index","follow":"follow","max-snippet":"max-snippet:-1","max-image-preview":"max-image-preview:large","max-video-preview":"max-video-preview:-1"},"canonical":"https:\/\/idakorea.ee\/fi\/product\/vt-cosmetics-reedle-shot-lifting-cream-50ml\/","og_locale":"fi_FI","og_type":"article","og_title":"VT Cosmetics Reedle Shot Lifting Cream, 50ml - IDA.KOREA","og_description":"Intensiivne mikro\u00adn\u00f5eltega lifting-kreem botoxilaadse toimega, v\u00e4hendab kortsude s\u00fcgavust ja aitab ennetada uute teket. Kreemil on puidune-muskuseline aroom","og_url":"https:\/\/idakorea.ee\/fi\/product\/vt-cosmetics-reedle-shot-lifting-cream-50ml\/","og_site_name":"IDA.KOREA","article_modified_time":"2026-04-09T12:11:15+00:00","og_image":[{"width":1000,"height":1000,"url":"https:\/\/idakorea.ee\/wp-content\/uploads\/2026\/04\/VT-Cosmetics-Reedle-Shot-Lifting-Cream-idakorea.jpg","type":"image\/jpeg"}],"twitter_card":"summary_large_image","twitter_misc":{"Arvioitu lukuaika":"2 minuuttia"},"schema":{"@context":"https:\/\/schema.org","@graph":[{"@type":"WebPage","@id":"https:\/\/idakorea.ee\/product\/vt-cosmetics-reedle-shot-lifting-cream-50ml\/","url":"https:\/\/idakorea.ee\/product\/vt-cosmetics-reedle-shot-lifting-cream-50ml\/","name":"VT Cosmetics Reedle Shot Lifting Cream, 50ml - IDA.KOREA","isPartOf":{"@id":"https:\/\/idakorea.ee\/#website"},"primaryImageOfPage":{"@id":"https:\/\/idakorea.ee\/product\/vt-cosmetics-reedle-shot-lifting-cream-50ml\/#primaryimage"},"image":{"@id":"https:\/\/idakorea.ee\/product\/vt-cosmetics-reedle-shot-lifting-cream-50ml\/#primaryimage"},"thumbnailUrl":"https:\/\/idakorea.ee\/wp-content\/uploads\/2026\/04\/VT-Cosmetics-Reedle-Shot-Lifting-Cream-idakorea.jpg","datePublished":"2026-04-07T12:39:03+00:00","dateModified":"2026-04-09T12:11:15+00:00","description":"Intensiivne mikro\u00adn\u00f5eltega lifting-kreem botoxilaadse toimega, v\u00e4hendab kortsude s\u00fcgavust ja aitab ennetada uute teket. Kreemil on puidune-muskuseline aroom","breadcrumb":{"@id":"https:\/\/idakorea.ee\/product\/vt-cosmetics-reedle-shot-lifting-cream-50ml\/#breadcrumb"},"inLanguage":"fi","potentialAction":[{"@type":"ReadAction","target":["https:\/\/idakorea.ee\/product\/vt-cosmetics-reedle-shot-lifting-cream-50ml\/"]}]},{"@type":"ImageObject","inLanguage":"fi","@id":"https:\/\/idakorea.ee\/product\/vt-cosmetics-reedle-shot-lifting-cream-50ml\/#primaryimage","url":"https:\/\/idakorea.ee\/wp-content\/uploads\/2026\/04\/VT-Cosmetics-Reedle-Shot-Lifting-Cream-idakorea.jpg","contentUrl":"https:\/\/idakorea.ee\/wp-content\/uploads\/2026\/04\/VT-Cosmetics-Reedle-Shot-Lifting-Cream-idakorea.jpg","width":1000,"height":1000},{"@type":"BreadcrumbList","@id":"https:\/\/idakorea.ee\/product\/vt-cosmetics-reedle-shot-lifting-cream-50ml\/#breadcrumb","itemListElement":[{"@type":"ListItem","position":1,"name":"\u0413\u043b\u0430\u0432\u043d\u0430\u044f \u0441\u0442\u0440\u0430\u043d\u0438\u0446\u0430","item":"https:\/\/idakorea.ee\/"},{"@type":"ListItem","position":2,"name":"Shop","item":"https:\/\/idakorea.ee\/shop-2\/"},{"@type":"ListItem","position":3,"name":"Lifting-kreem mikro\u00adn\u00f5eltega VT Cosmetics Reedle Shot Lifting Cream, 50ml"}]},{"@type":"WebSite","@id":"https:\/\/idakorea.ee\/#website","url":"https:\/\/idakorea.ee\/","name":"IDA.KOREA","description":"Korean kosmetiikan verkkokauppa","publisher":{"@id":"https:\/\/idakorea.ee\/#organization"},"alternateName":"Beauty Shop","potentialAction":[{"@type":"SearchAction","target":{"@type":"EntryPoint","urlTemplate":"https:\/\/idakorea.ee\/?s={search_term_string}"},"query-input":{"@type":"PropertyValueSpecification","valueRequired":true,"valueName":"search_term_string"}}],"inLanguage":"fi"},{"@type":"Organization","@id":"https:\/\/idakorea.ee\/#organization","name":"IDA.KOREA","url":"https:\/\/idakorea.ee\/","logo":{"@type":"ImageObject","inLanguage":"fi","@id":"https:\/\/idakorea.ee\/#\/schema\/logo\/image\/","url":"https:\/\/idakorea.ee\/wp-content\/uploads\/2024\/05\/cropped-korea3.png","contentUrl":"https:\/\/idakorea.ee\/wp-content\/uploads\/2024\/05\/cropped-korea3.png","width":688,"height":126,"caption":"IDA.KOREA"},"image":{"@id":"https:\/\/idakorea.ee\/#\/schema\/logo\/image\/"},"sameAs":["https:\/\/www.instagram.com\/ida.korea\/"]}]}},"jetpack_sharing_enabled":true,"brands":[{"id":493,"name":"VT COSMETICS","slug":"vt"}],"_links":{"self":[{"href":"https:\/\/idakorea.ee\/fi\/wp-json\/wp\/v2\/product\/18374","targetHints":{"allow":["GET"]}}],"collection":[{"href":"https:\/\/idakorea.ee\/fi\/wp-json\/wp\/v2\/product"}],"about":[{"href":"https:\/\/idakorea.ee\/fi\/wp-json\/wp\/v2\/types\/product"}],"replies":[{"embeddable":true,"href":"https:\/\/idakorea.ee\/fi\/wp-json\/wp\/v2\/comments?post=18374"}],"version-history":[{"count":3,"href":"https:\/\/idakorea.ee\/fi\/wp-json\/wp\/v2\/product\/18374\/revisions"}],"predecessor-version":[{"id":18380,"href":"https:\/\/idakorea.ee\/fi\/wp-json\/wp\/v2\/product\/18374\/revisions\/18380"}],"wp:featuredmedia":[{"embeddable":true,"href":"https:\/\/idakorea.ee\/fi\/wp-json\/wp\/v2\/media\/18377"}],"wp:attachment":[{"href":"https:\/\/idakorea.ee\/fi\/wp-json\/wp\/v2\/media?parent=18374"}],"wp:term":[{"taxonomy":"pwb-brand","embeddable":true,"href":"https:\/\/idakorea.ee\/fi\/wp-json\/wp\/v2\/pwb-brand?post=18374"},{"taxonomy":"product_brand","embeddable":true,"href":"https:\/\/idakorea.ee\/fi\/wp-json\/wp\/v2\/product_brand?post=18374"},{"taxonomy":"product_cat","embeddable":true,"href":"https:\/\/idakorea.ee\/fi\/wp-json\/wp\/v2\/product_cat?post=18374"},{"taxonomy":"product_tag","embeddable":true,"href":"https:\/\/idakorea.ee\/fi\/wp-json\/wp\/v2\/product_tag?post=18374"}],"curies":[{"name":"wp","href":"https:\/\/api.w.org\/{rel}","templated":true}]}}