{"id":18381,"date":"2026-04-07T15:28:12","date_gmt":"2026-04-07T13:28:12","guid":{"rendered":"https:\/\/idakorea.ee\/?post_type=product&#038;p=18381"},"modified":"2026-04-13T20:27:23","modified_gmt":"2026-04-13T18:27:23","slug":"skin1004-madagascar-centella-tone-brightening-capsule-cream-75ml","status":"publish","type":"product","link":"https:\/\/idakorea.ee\/fi\/product\/skin1004-madagascar-centella-tone-brightening-capsule-cream-75ml\/","title":{"rendered":"SKIN1004 Madagascar Centella Tone Brightening Capsule Cream, 75ml"},"content":{"rendered":"<p>Kirkastava voide kapseleilla <strong>SKIN1004 Madagascar Centella Tone Brightening Capsule Cream<\/strong> Tasoittaa ihon s\u00e4vy\u00e4, torjuu sameutta ja parantaa ihonv\u00e4ri\u00e4. Sill\u00e4 on rauhoittava vaikutus ja se edist\u00e4\u00e4 ihon paranemista.<\/p>\n<p>Sis\u00e4lt\u00e4\u00e4 patentoitua kirkastavaa yhdistett\u00e4<strong> MadeWhite\u2122<\/strong> Auttaa kirkastamaan ihoa hell\u00e4varaisesti ja sopii k\u00e4ytett\u00e4v\u00e4ksi sek\u00e4 aamu- ett\u00e4 iltavoiteessa. Se toimii mahdollisimman hell\u00e4varaisesti eik\u00e4 aiheuta \u00e4rsytyst\u00e4. Kapseliteknologian ansiosta aktiiviset ainesosat tunkeutuvat syv\u00e4lle ja solut imev\u00e4t ne paremmin.<\/p>\n<p>Voide kosteuttaa ja palauttaa ihon. Kolmen tehokkaan vaikuttavan aineen synergia auttaa torjumaan ei-toivottua pigmentaatiota ja aknen j\u00e4lkeisi\u00e4 l\u00e4iski\u00e4, est\u00e4\u00e4 melaniinisynteesi\u00e4 ja auttaa ehk\u00e4isem\u00e4\u00e4n hyperpigmentaation kehittymist\u00e4. Ravintoaineet vahvistavat lipidikerrosta ja parantavat ihon suojakerroksen toimintaa.<\/p>\n<p><strong>T\u00e4rkeimm\u00e4t vaikuttavat aineet:<\/strong><\/p>\n<ul>\n<li><strong>Alfa-bisabololi<\/strong>, kamomillasta saatava, rauhoittaa v\u00e4litt\u00f6m\u00e4sti, lievitt\u00e4\u00e4 punoitusta ja \u00e4rsytyst\u00e4, nopeuttaa paranemista ja lis\u00e4\u00e4 muiden vaikuttavien aineiden tehoa.<\/li>\n<li><strong>Traneksaamihappo<\/strong> V\u00e4hent\u00e4\u00e4 melaniinin synteesi\u00e4, auttaa ehk\u00e4isem\u00e4\u00e4n ei-toivottua pigmentaatiota, kirkastaa ja tasoittaa ihon s\u00e4vy\u00e4.<\/li>\n<li><strong>Aasian centella-uute<\/strong> Sill\u00e4 on ihoa hoitavia ominaisuuksia, se auttaa palauttamaan suojakerroksen, v\u00e4hent\u00e4\u00e4 herkkyytt\u00e4 ja auttaa ehk\u00e4isem\u00e4\u00e4n couperosaa. SKIN1004-tuotteissa k\u00e4ytetty vesinaba on per\u00e4isin Madagaskarin ekologisesti puhtailta alueilta.<\/li>\n<li><strong>Niasiiniamidi (B3-vitamiini)<\/strong> Lis\u00e4\u00e4 keramidisynteesi\u00e4, lievitt\u00e4\u00e4 kuivuutta, kireytt\u00e4 ja hilseily\u00e4. Se hidastaa melaniinin siirtymist\u00e4 ihoon ja auttaa ehk\u00e4isem\u00e4\u00e4n ik\u00e4l\u00e4iskien muodostumista.<\/li>\n<li><strong>Urea<\/strong> Auttaa yll\u00e4pit\u00e4m\u00e4\u00e4n ihon luonnollista kosteustasapainoa ja pehment\u00e4\u00e4 hilseily\u00e4. Sill\u00e4 on antibakteerisia ominaisuuksia. Se my\u00f6s parantaa muiden ainesosien imeytymist\u00e4.<\/li>\n<li><strong>\u00a0Mannitoli<\/strong> on antioksidanttinen ja kosteuttava vaikutus.<\/li>\n<\/ul>\n<p>Sopii normaalille ja sekaiholle.<\/p>\n<p><strong>K\u00e4ytt\u00f6:<\/strong> p\u00e4rast puhastamist, tooniku ja seerumi kasutamist kandke kreem n\u00e4ole ning jaotage \u00fchtlaselt nahale.<\/p>","protected":false},"excerpt":{"rendered":"<p>Kirkastava kapselivoide SKIN1004 Madagascar Centella Tone Kirkastava kapselivoide tasoittaa ihon s\u00e4vy\u00e4, torjuu sameutta ja parantaa ihonv\u00e4ri\u00e4. Sill\u00e4 on rauhoittava vaikutus ja se edist\u00e4\u00e4 ihon paranemista. Koostumuksen patentoitu kirkastava MadeWhite\u2122-yhdiste auttaa kirkastamaan ihoa hell\u00e4varaisesti ja sopii k\u00e4ytett\u00e4v\u00e4ksi sek\u00e4 aamu- ett\u00e4 iltahoidossa. Se toimii mahdollisimman hell\u00e4varaisesti eik\u00e4 aiheuta \u00e4rsytyst\u00e4\u2026.<\/p>","protected":false},"featured_media":18384,"comment_status":"open","ping_status":"closed","template":"","meta":{"_uf_show_specific_survey":0,"_uf_disable_surveys":false,"_bst_post_transparent":"default","_bst_post_title":"","_bst_post_layout":"default","_bst_post_sidebar_id":"","_bst_post_content_style":"default","_bst_post_vertical_padding":"default","_bst_post_feature":"","_bst_post_feature_position":"","_bst_post_header":false,"_bst_post_footer":false},"pwb-brand":[186],"product_brand":[],"product_cat":[92,96],"product_tag":[568,976,230,441],"class_list":{"0":"post-18381","1":"product","2":"type-product","3":"status-publish","4":"has-post-thumbnail","6":"pwb-brand-skin1004","7":"product_cat-nagu","8":"product_cat-naokreemid","9":"product_tag-korea","10":"product_tag-kreem","11":"product_tag-pigment","12":"product_tag-skin1004","14":"first","15":"instock","16":"sale","17":"shipping-taxable","18":"purchasable","19":"product-type-simple","20":"entry","21":"content-bg","22":"loop-entry"},"supplier_id":null,"supplier_sku":"","barcode":null,"atum_controlled":true,"out_stock_date":null,"out_stock_threshold":null,"inheritable":false,"inbound_stock":null,"stock_on_hold":0,"sold_today":0,"sales_last_days":1,"out_stock_days":0,"lost_sales":0,"has_location":false,"update_date":"2026-04-14T12:37:28","atum_locations":[],"atum_stock_status":"instock","restock_status":false,"low_stock_amount":"","sales_update_date":"2026-04-14T12:37:28","calc_backorders":null,"yoast_head":"<!-- This site is optimized with the Yoast SEO plugin v27.2 - https:\/\/yoast.com\/product\/yoast-seo-wordpress\/ -->\n<title>SKIN1004 Madagascar Centella Tone Brightening Capsule Cream, 75ml - IDA.KOREA<\/title>\n<meta name=\"description\" content=\"Kirgastav kreem kapslitega \u00fchtlustab nahatooni, v\u00f5itleb tuhmi jume vastu ja parandab jumet. Sellel on rahustav toime ning see soodustab naha paranemist.\" \/>\n<meta name=\"robots\" content=\"index, follow, max-snippet:-1, max-image-preview:large, max-video-preview:-1\" \/>\n<link rel=\"canonical\" href=\"https:\/\/idakorea.ee\/fi\/product\/skin1004-madagascar-centella-tone-brightening-capsule-cream-75ml\/\" \/>\n<meta property=\"og:locale\" content=\"fi_FI\" \/>\n<meta property=\"og:type\" content=\"article\" \/>\n<meta property=\"og:title\" content=\"SKIN1004 Madagascar Centella Tone Brightening Capsule Cream, 75ml - IDA.KOREA\" \/>\n<meta property=\"og:description\" content=\"Kirgastav kreem kapslitega \u00fchtlustab nahatooni, v\u00f5itleb tuhmi jume vastu ja parandab jumet. Sellel on rahustav toime ning see soodustab naha paranemist.\" \/>\n<meta property=\"og:url\" content=\"https:\/\/idakorea.ee\/fi\/product\/skin1004-madagascar-centella-tone-brightening-capsule-cream-75ml\/\" \/>\n<meta property=\"og:site_name\" content=\"IDA.KOREA\" \/>\n<meta property=\"article:modified_time\" content=\"2026-04-13T18:27:23+00:00\" \/>\n<meta property=\"og:image\" content=\"https:\/\/idakorea.ee\/wp-content\/uploads\/2026\/04\/SKIN1004-Madagascar-Centella-Tone-Brightening-Capsule-Cream-idakorea.jpg\" \/>\n\t<meta property=\"og:image:width\" content=\"1000\" \/>\n\t<meta property=\"og:image:height\" content=\"1000\" \/>\n\t<meta property=\"og:image:type\" content=\"image\/jpeg\" \/>\n<meta name=\"twitter:card\" content=\"summary_large_image\" \/>\n<meta name=\"twitter:label1\" content=\"Arvioitu lukuaika\" \/>\n\t<meta name=\"twitter:data1\" content=\"2 minuuttia\" \/>\n<script type=\"application\/ld+json\" class=\"yoast-schema-graph\">{\"@context\":\"https:\/\/schema.org\",\"@graph\":[{\"@type\":\"WebPage\",\"@id\":\"https:\/\/idakorea.ee\/product\/skin1004-madagascar-centella-tone-brightening-capsule-cream-75ml\/\",\"url\":\"https:\/\/idakorea.ee\/product\/skin1004-madagascar-centella-tone-brightening-capsule-cream-75ml\/\",\"name\":\"SKIN1004 Madagascar Centella Tone Brightening Capsule Cream, 75ml - IDA.KOREA\",\"isPartOf\":{\"@id\":\"https:\/\/idakorea.ee\/#website\"},\"primaryImageOfPage\":{\"@id\":\"https:\/\/idakorea.ee\/product\/skin1004-madagascar-centella-tone-brightening-capsule-cream-75ml\/#primaryimage\"},\"image\":{\"@id\":\"https:\/\/idakorea.ee\/product\/skin1004-madagascar-centella-tone-brightening-capsule-cream-75ml\/#primaryimage\"},\"thumbnailUrl\":\"https:\/\/idakorea.ee\/wp-content\/uploads\/2026\/04\/SKIN1004-Madagascar-Centella-Tone-Brightening-Capsule-Cream-idakorea.jpg\",\"datePublished\":\"2026-04-07T13:28:12+00:00\",\"dateModified\":\"2026-04-13T18:27:23+00:00\",\"description\":\"Kirgastav kreem kapslitega \u00fchtlustab nahatooni, v\u00f5itleb tuhmi jume vastu ja parandab jumet. Sellel on rahustav toime ning see soodustab naha paranemist.\",\"breadcrumb\":{\"@id\":\"https:\/\/idakorea.ee\/product\/skin1004-madagascar-centella-tone-brightening-capsule-cream-75ml\/#breadcrumb\"},\"inLanguage\":\"fi\",\"potentialAction\":[{\"@type\":\"ReadAction\",\"target\":[\"https:\/\/idakorea.ee\/product\/skin1004-madagascar-centella-tone-brightening-capsule-cream-75ml\/\"]}]},{\"@type\":\"ImageObject\",\"inLanguage\":\"fi\",\"@id\":\"https:\/\/idakorea.ee\/product\/skin1004-madagascar-centella-tone-brightening-capsule-cream-75ml\/#primaryimage\",\"url\":\"https:\/\/idakorea.ee\/wp-content\/uploads\/2026\/04\/SKIN1004-Madagascar-Centella-Tone-Brightening-Capsule-Cream-idakorea.jpg\",\"contentUrl\":\"https:\/\/idakorea.ee\/wp-content\/uploads\/2026\/04\/SKIN1004-Madagascar-Centella-Tone-Brightening-Capsule-Cream-idakorea.jpg\",\"width\":1000,\"height\":1000},{\"@type\":\"BreadcrumbList\",\"@id\":\"https:\/\/idakorea.ee\/product\/skin1004-madagascar-centella-tone-brightening-capsule-cream-75ml\/#breadcrumb\",\"itemListElement\":[{\"@type\":\"ListItem\",\"position\":1,\"name\":\"\u0413\u043b\u0430\u0432\u043d\u0430\u044f \u0441\u0442\u0440\u0430\u043d\u0438\u0446\u0430\",\"item\":\"https:\/\/idakorea.ee\/\"},{\"@type\":\"ListItem\",\"position\":2,\"name\":\"Shop\",\"item\":\"https:\/\/idakorea.ee\/shop-2\/\"},{\"@type\":\"ListItem\",\"position\":3,\"name\":\"Kirgastav kreem kapslitega SKIN1004 Madagascar Centella Tone Brightening Capsule Cream, 75ml\"}]},{\"@type\":\"WebSite\",\"@id\":\"https:\/\/idakorea.ee\/#website\",\"url\":\"https:\/\/idakorea.ee\/\",\"name\":\"IDA.KOREA\",\"description\":\"Korea kosmeetika e-pood\",\"publisher\":{\"@id\":\"https:\/\/idakorea.ee\/#organization\"},\"alternateName\":\"Beauty Shop\",\"potentialAction\":[{\"@type\":\"SearchAction\",\"target\":{\"@type\":\"EntryPoint\",\"urlTemplate\":\"https:\/\/idakorea.ee\/?s={search_term_string}\"},\"query-input\":{\"@type\":\"PropertyValueSpecification\",\"valueRequired\":true,\"valueName\":\"search_term_string\"}}],\"inLanguage\":\"fi\"},{\"@type\":\"Organization\",\"@id\":\"https:\/\/idakorea.ee\/#organization\",\"name\":\"IDA.KOREA\",\"url\":\"https:\/\/idakorea.ee\/\",\"logo\":{\"@type\":\"ImageObject\",\"inLanguage\":\"fi\",\"@id\":\"https:\/\/idakorea.ee\/#\/schema\/logo\/image\/\",\"url\":\"https:\/\/idakorea.ee\/wp-content\/uploads\/2024\/05\/cropped-korea3.png\",\"contentUrl\":\"https:\/\/idakorea.ee\/wp-content\/uploads\/2024\/05\/cropped-korea3.png\",\"width\":688,\"height\":126,\"caption\":\"IDA.KOREA\"},\"image\":{\"@id\":\"https:\/\/idakorea.ee\/#\/schema\/logo\/image\/\"},\"sameAs\":[\"https:\/\/www.instagram.com\/ida.korea\/\"]}]}<\/script>\n<!-- \/ Yoast SEO plugin. -->","yoast_head_json":{"title":"SKIN1004 Madagascar Centella Tone Brightening Capsule Cream, 75ml - IDA.KOREA","description":"Kirgastav kreem kapslitega \u00fchtlustab nahatooni, v\u00f5itleb tuhmi jume vastu ja parandab jumet. Sellel on rahustav toime ning see soodustab naha paranemist.","robots":{"index":"index","follow":"follow","max-snippet":"max-snippet:-1","max-image-preview":"max-image-preview:large","max-video-preview":"max-video-preview:-1"},"canonical":"https:\/\/idakorea.ee\/fi\/product\/skin1004-madagascar-centella-tone-brightening-capsule-cream-75ml\/","og_locale":"fi_FI","og_type":"article","og_title":"SKIN1004 Madagascar Centella Tone Brightening Capsule Cream, 75ml - IDA.KOREA","og_description":"Kirgastav kreem kapslitega \u00fchtlustab nahatooni, v\u00f5itleb tuhmi jume vastu ja parandab jumet. Sellel on rahustav toime ning see soodustab naha paranemist.","og_url":"https:\/\/idakorea.ee\/fi\/product\/skin1004-madagascar-centella-tone-brightening-capsule-cream-75ml\/","og_site_name":"IDA.KOREA","article_modified_time":"2026-04-13T18:27:23+00:00","og_image":[{"width":1000,"height":1000,"url":"https:\/\/idakorea.ee\/wp-content\/uploads\/2026\/04\/SKIN1004-Madagascar-Centella-Tone-Brightening-Capsule-Cream-idakorea.jpg","type":"image\/jpeg"}],"twitter_card":"summary_large_image","twitter_misc":{"Arvioitu lukuaika":"2 minuuttia"},"schema":{"@context":"https:\/\/schema.org","@graph":[{"@type":"WebPage","@id":"https:\/\/idakorea.ee\/product\/skin1004-madagascar-centella-tone-brightening-capsule-cream-75ml\/","url":"https:\/\/idakorea.ee\/product\/skin1004-madagascar-centella-tone-brightening-capsule-cream-75ml\/","name":"SKIN1004 Madagascar Centella Tone Brightening Capsule Cream, 75ml - IDA.KOREA","isPartOf":{"@id":"https:\/\/idakorea.ee\/#website"},"primaryImageOfPage":{"@id":"https:\/\/idakorea.ee\/product\/skin1004-madagascar-centella-tone-brightening-capsule-cream-75ml\/#primaryimage"},"image":{"@id":"https:\/\/idakorea.ee\/product\/skin1004-madagascar-centella-tone-brightening-capsule-cream-75ml\/#primaryimage"},"thumbnailUrl":"https:\/\/idakorea.ee\/wp-content\/uploads\/2026\/04\/SKIN1004-Madagascar-Centella-Tone-Brightening-Capsule-Cream-idakorea.jpg","datePublished":"2026-04-07T13:28:12+00:00","dateModified":"2026-04-13T18:27:23+00:00","description":"Kirgastav kreem kapslitega \u00fchtlustab nahatooni, v\u00f5itleb tuhmi jume vastu ja parandab jumet. Sellel on rahustav toime ning see soodustab naha paranemist.","breadcrumb":{"@id":"https:\/\/idakorea.ee\/product\/skin1004-madagascar-centella-tone-brightening-capsule-cream-75ml\/#breadcrumb"},"inLanguage":"fi","potentialAction":[{"@type":"ReadAction","target":["https:\/\/idakorea.ee\/product\/skin1004-madagascar-centella-tone-brightening-capsule-cream-75ml\/"]}]},{"@type":"ImageObject","inLanguage":"fi","@id":"https:\/\/idakorea.ee\/product\/skin1004-madagascar-centella-tone-brightening-capsule-cream-75ml\/#primaryimage","url":"https:\/\/idakorea.ee\/wp-content\/uploads\/2026\/04\/SKIN1004-Madagascar-Centella-Tone-Brightening-Capsule-Cream-idakorea.jpg","contentUrl":"https:\/\/idakorea.ee\/wp-content\/uploads\/2026\/04\/SKIN1004-Madagascar-Centella-Tone-Brightening-Capsule-Cream-idakorea.jpg","width":1000,"height":1000},{"@type":"BreadcrumbList","@id":"https:\/\/idakorea.ee\/product\/skin1004-madagascar-centella-tone-brightening-capsule-cream-75ml\/#breadcrumb","itemListElement":[{"@type":"ListItem","position":1,"name":"\u0413\u043b\u0430\u0432\u043d\u0430\u044f \u0441\u0442\u0440\u0430\u043d\u0438\u0446\u0430","item":"https:\/\/idakorea.ee\/"},{"@type":"ListItem","position":2,"name":"Shop","item":"https:\/\/idakorea.ee\/shop-2\/"},{"@type":"ListItem","position":3,"name":"Kirgastav kreem kapslitega SKIN1004 Madagascar Centella Tone Brightening Capsule Cream, 75ml"}]},{"@type":"WebSite","@id":"https:\/\/idakorea.ee\/#website","url":"https:\/\/idakorea.ee\/","name":"IDA.KOREA","description":"Korean kosmetiikan verkkokauppa","publisher":{"@id":"https:\/\/idakorea.ee\/#organization"},"alternateName":"Beauty Shop","potentialAction":[{"@type":"SearchAction","target":{"@type":"EntryPoint","urlTemplate":"https:\/\/idakorea.ee\/?s={search_term_string}"},"query-input":{"@type":"PropertyValueSpecification","valueRequired":true,"valueName":"search_term_string"}}],"inLanguage":"fi"},{"@type":"Organization","@id":"https:\/\/idakorea.ee\/#organization","name":"IDA.KOREA","url":"https:\/\/idakorea.ee\/","logo":{"@type":"ImageObject","inLanguage":"fi","@id":"https:\/\/idakorea.ee\/#\/schema\/logo\/image\/","url":"https:\/\/idakorea.ee\/wp-content\/uploads\/2024\/05\/cropped-korea3.png","contentUrl":"https:\/\/idakorea.ee\/wp-content\/uploads\/2024\/05\/cropped-korea3.png","width":688,"height":126,"caption":"IDA.KOREA"},"image":{"@id":"https:\/\/idakorea.ee\/#\/schema\/logo\/image\/"},"sameAs":["https:\/\/www.instagram.com\/ida.korea\/"]}]}},"jetpack_sharing_enabled":true,"brands":[{"id":186,"name":"SKIN1004","slug":"skin1004"}],"_links":{"self":[{"href":"https:\/\/idakorea.ee\/fi\/wp-json\/wp\/v2\/product\/18381","targetHints":{"allow":["GET"]}}],"collection":[{"href":"https:\/\/idakorea.ee\/fi\/wp-json\/wp\/v2\/product"}],"about":[{"href":"https:\/\/idakorea.ee\/fi\/wp-json\/wp\/v2\/types\/product"}],"replies":[{"embeddable":true,"href":"https:\/\/idakorea.ee\/fi\/wp-json\/wp\/v2\/comments?post=18381"}],"version-history":[{"count":3,"href":"https:\/\/idakorea.ee\/fi\/wp-json\/wp\/v2\/product\/18381\/revisions"}],"predecessor-version":[{"id":18391,"href":"https:\/\/idakorea.ee\/fi\/wp-json\/wp\/v2\/product\/18381\/revisions\/18391"}],"wp:featuredmedia":[{"embeddable":true,"href":"https:\/\/idakorea.ee\/fi\/wp-json\/wp\/v2\/media\/18384"}],"wp:attachment":[{"href":"https:\/\/idakorea.ee\/fi\/wp-json\/wp\/v2\/media?parent=18381"}],"wp:term":[{"taxonomy":"pwb-brand","embeddable":true,"href":"https:\/\/idakorea.ee\/fi\/wp-json\/wp\/v2\/pwb-brand?post=18381"},{"taxonomy":"product_brand","embeddable":true,"href":"https:\/\/idakorea.ee\/fi\/wp-json\/wp\/v2\/product_brand?post=18381"},{"taxonomy":"product_cat","embeddable":true,"href":"https:\/\/idakorea.ee\/fi\/wp-json\/wp\/v2\/product_cat?post=18381"},{"taxonomy":"product_tag","embeddable":true,"href":"https:\/\/idakorea.ee\/fi\/wp-json\/wp\/v2\/product_tag?post=18381"}],"curies":[{"name":"wp","href":"https:\/\/api.w.org\/{rel}","templated":true}]}}