{"id":18407,"date":"2026-04-09T11:01:01","date_gmt":"2026-04-09T09:01:01","guid":{"rendered":"https:\/\/idakorea.ee\/?post_type=product&#038;p=18407"},"modified":"2026-04-09T11:01:01","modified_gmt":"2026-04-09T09:01:01","slug":"house-of-hur-tropical-dew-sun-cream-spf50-pa-50ml","status":"publish","type":"product","link":"https:\/\/idakorea.ee\/fi\/product\/house-of-hur-tropical-dew-sun-cream-spf50-pa-50ml\/","title":{"rendered":"House of Hur Tropical Dew -aurinkovoide SPF50+ PA++++, 50ml"},"content":{"rendered":"<p>Kevyt aurinkosuoja<strong> House of Hur Tropical Dew Sun Cream SPF50+ PA++++<\/strong> Kosteuttaa syv\u00e4lt\u00e4 ja tasoittaa ihon s\u00e4vy\u00e4. Kevyt ja kermainen koostumus ei j\u00e4t\u00e4 ihoa tahmeaksi tai rasvaiseksi ja antaa kasvoille terveen hehkun.<\/p>\n<p>Sis\u00e4lt\u00e4\u00e4 uuden sukupolven fotostabiileja kemiallisia UV-suodattimia, joita ei tarvitse uusia jopa 8 tuntiin kaupunkiolosuhteissa:<\/p>\n<ul>\n<li><strong>Uvinul A Plus (dietyyliaminohydroksibentsoyyliheksyylibentsoaatti)<\/strong> \u2013 rasvaliukoinen suodatin, joka absorboi jopa 354 nanometrin pituisia UVA-s\u00e4teit\u00e4.<\/li>\n<li><strong>Uvinul T 150 (etyyliheksyylitriatsoni)<\/strong> \u2013 rasvaliukoinen v\u00e4rit\u00f6n jauhe, jolla on eritt\u00e4in tehokas suojakerroin UVB-s\u00e4teit\u00e4 vastaan. K\u00e4ytet\u00e4\u00e4n jopa 5%-pitoisuuksina.<\/li>\n<li><strong>Tinosorb M (Methylene Bis-benzotriazolyl Tetramethylbutylphenol)<\/strong> \u2013 laajakirjoinen suodatin, joka suojaa UVA- ja UVB-s\u00e4teilt\u00e4.<\/li>\n<li><strong>Iskotritsinoli \/ Uvasorb HEB (dietyyliheksyylibutamidotriatsoni)<\/strong> \u2013 eritt\u00e4in fotostabiili laajakirjoinen suodatin, joka suojaa UVA- ja UVB-s\u00e4teilt\u00e4 ja menett\u00e4\u00e4 noin 101 % ominaisuuksistaan 25 tunnin kuluessa.<\/li>\n<\/ul>\n<p><strong>T\u00e4rkeimm\u00e4t vaikuttavat aineet:<\/strong><\/p>\n<ul>\n<li><strong>Mangohedelm\u00e4uute<\/strong> Sis\u00e4lt\u00e4\u00e4 runsaasti C- ja B-vitamiineja sek\u00e4 kalsiumia. Sill\u00e4 on antioksidanttisia vaikutuksia, se ravitsee ja pehment\u00e4\u00e4 karheaa ihoa.<\/li>\n<li><strong>Guava-uute<\/strong> tarjoaa valolta suojaavan vaikutuksen ja vahvistaa ihon paikallista vastustuskyky\u00e4.<\/li>\n<li><strong>Tyrni\u00f6ljy<\/strong> rauhoittaa \u00e4rsytyst\u00e4 ja v\u00e4hent\u00e4\u00e4 aknen riski\u00e4.<\/li>\n<li><strong>Niasiiniamidi (B3-vitamiini)<\/strong> Hidastaa melaniinin kulkeutumista ihoon, mik\u00e4 auttaa ehk\u00e4isem\u00e4\u00e4n ik\u00e4l\u00e4iskien muodostumista. S\u00e4\u00e4telee talin erityst\u00e4, v\u00e4hent\u00e4\u00e4 ihon kiiltoa ja supistaa ihohuokosia.<\/li>\n<li><strong>Tokoferoli (E-vitamiini)<\/strong> Neutraloi vapaiden radikaalien ja haitallisten ymp\u00e4rist\u00f6vaikutusten vaikutuksia ja vahvistaa ihon suojatoimintoja.<\/li>\n<\/ul>\n<p>Sopii kaikille ihotyypeille.<\/p>\n<p><strong>K\u00e4ytt\u00f6:<\/strong> Levit\u00e4 kasvoille ja kaulalle tasaisesti. Lis\u00e4\u00e4 voidetta 2\u20133 tunnin v\u00e4lein, jos iho altistuu suoralle auringonvalolle (esim. rannalla).<\/p>","protected":false},"excerpt":{"rendered":"<p>House of Hur Tropical Dew Sun Cream SPF50+ PA++++ on kevyt aurinkovoide, joka kosteuttaa syv\u00e4lt\u00e4 ja tasoittaa ihon s\u00e4vy\u00e4. Kevyt, kermainen koostumus ei j\u00e4t\u00e4 ihoa tahmeaksi tai rasvaiseksi ja antaa kasvoille terveen hehkun. Sis\u00e4lt\u00e4\u00e4 uuden sukupolven fotostabiileja kemiallisia UV-suodattimia, joita ei tarvitse uusia jopa 8 tuntiin kaupunkiolosuhteissa: Uvinul A Plus (Diethylamino Hydroxybenzoyl Hexyl Benzoate) \u2013 rasvaliukoinen\u2026<\/p>","protected":false},"featured_media":18408,"comment_status":"open","ping_status":"closed","template":"","meta":{"_uf_show_specific_survey":0,"_uf_disable_surveys":false,"_bst_post_transparent":"default","_bst_post_title":"","_bst_post_layout":"default","_bst_post_sidebar_id":"","_bst_post_content_style":"default","_bst_post_vertical_padding":"default","_bst_post_feature":"","_bst_post_feature_position":"","_bst_post_header":false,"_bst_post_footer":false},"pwb-brand":[1153],"product_brand":[],"product_cat":[92,101],"product_tag":[568,1154,864],"class_list":{"0":"post-18407","1":"product","2":"type-product","3":"status-publish","4":"has-post-thumbnail","6":"pwb-brand-house-of-hur","7":"product_cat-nagu","8":"product_cat-paikesekaitse","9":"product_tag-korea","10":"product_tag-paikesekreem","11":"product_tag-spf","13":"first","14":"instock","15":"sale","16":"shipping-taxable","17":"purchasable","18":"product-type-simple","19":"entry","20":"content-bg","21":"loop-entry"},"supplier_id":null,"supplier_sku":"","barcode":null,"atum_controlled":true,"out_stock_date":null,"out_stock_threshold":null,"inheritable":false,"inbound_stock":null,"stock_on_hold":0,"sold_today":0,"sales_last_days":0,"out_stock_days":0,"lost_sales":0,"has_location":false,"update_date":"2026-04-14T00:05:12","atum_locations":[],"atum_stock_status":"instock","restock_status":false,"low_stock_amount":"","sales_update_date":"2026-04-14T00:05:12","calc_backorders":null,"yoast_head":"<!-- This site is optimized with the Yoast SEO plugin v27.2 - https:\/\/yoast.com\/product\/yoast-seo-wordpress\/ -->\n<title>House of Hur Tropical Dew Sun Cream SPF50+ PA++++, 50ml - IDA.KOREA<\/title>\n<meta name=\"description\" content=\"Kerge p\u00e4ikesekreem niisutab s\u00fcgavuti ja \u00fchtlustab jumet. Kerge kreemjas tekstuur ei j\u00e4ta nahka kleepuvaks ega rasvaseks ning annab n\u00e4ole terve s\u00e4ra.\" \/>\n<meta name=\"robots\" content=\"index, follow, max-snippet:-1, max-image-preview:large, max-video-preview:-1\" \/>\n<link rel=\"canonical\" href=\"https:\/\/idakorea.ee\/fi\/product\/house-of-hur-tropical-dew-sun-cream-spf50-pa-50ml\/\" \/>\n<meta property=\"og:locale\" content=\"fi_FI\" \/>\n<meta property=\"og:type\" content=\"article\" \/>\n<meta property=\"og:title\" content=\"House of Hur Tropical Dew Sun Cream SPF50+ PA++++, 50ml - IDA.KOREA\" \/>\n<meta property=\"og:description\" content=\"Kerge p\u00e4ikesekreem niisutab s\u00fcgavuti ja \u00fchtlustab jumet. Kerge kreemjas tekstuur ei j\u00e4ta nahka kleepuvaks ega rasvaseks ning annab n\u00e4ole terve s\u00e4ra.\" \/>\n<meta property=\"og:url\" content=\"https:\/\/idakorea.ee\/fi\/product\/house-of-hur-tropical-dew-sun-cream-spf50-pa-50ml\/\" \/>\n<meta property=\"og:site_name\" content=\"IDA.KOREA\" \/>\n<meta property=\"og:image\" content=\"https:\/\/idakorea.ee\/wp-content\/uploads\/2026\/04\/House-of-Hur-Tropical-Dew-Sun-Cream-SPF50-PAidakorea.jpg\" \/>\n\t<meta property=\"og:image:width\" content=\"1000\" \/>\n\t<meta property=\"og:image:height\" content=\"1000\" \/>\n\t<meta property=\"og:image:type\" content=\"image\/jpeg\" \/>\n<meta name=\"twitter:card\" content=\"summary_large_image\" \/>\n<meta name=\"twitter:label1\" content=\"Arvioitu lukuaika\" \/>\n\t<meta name=\"twitter:data1\" content=\"2 minuuttia\" \/>\n<script type=\"application\/ld+json\" class=\"yoast-schema-graph\">{\"@context\":\"https:\/\/schema.org\",\"@graph\":[{\"@type\":\"WebPage\",\"@id\":\"https:\/\/idakorea.ee\/product\/house-of-hur-tropical-dew-sun-cream-spf50-pa-50ml\/\",\"url\":\"https:\/\/idakorea.ee\/product\/house-of-hur-tropical-dew-sun-cream-spf50-pa-50ml\/\",\"name\":\"House of Hur Tropical Dew Sun Cream SPF50+ PA++++, 50ml - IDA.KOREA\",\"isPartOf\":{\"@id\":\"https:\/\/idakorea.ee\/#website\"},\"primaryImageOfPage\":{\"@id\":\"https:\/\/idakorea.ee\/product\/house-of-hur-tropical-dew-sun-cream-spf50-pa-50ml\/#primaryimage\"},\"image\":{\"@id\":\"https:\/\/idakorea.ee\/product\/house-of-hur-tropical-dew-sun-cream-spf50-pa-50ml\/#primaryimage\"},\"thumbnailUrl\":\"https:\/\/idakorea.ee\/wp-content\/uploads\/2026\/04\/House-of-Hur-Tropical-Dew-Sun-Cream-SPF50-PAidakorea.jpg\",\"datePublished\":\"2026-04-09T09:01:01+00:00\",\"description\":\"Kerge p\u00e4ikesekreem niisutab s\u00fcgavuti ja \u00fchtlustab jumet. Kerge kreemjas tekstuur ei j\u00e4ta nahka kleepuvaks ega rasvaseks ning annab n\u00e4ole terve s\u00e4ra.\",\"breadcrumb\":{\"@id\":\"https:\/\/idakorea.ee\/product\/house-of-hur-tropical-dew-sun-cream-spf50-pa-50ml\/#breadcrumb\"},\"inLanguage\":\"fi\",\"potentialAction\":[{\"@type\":\"ReadAction\",\"target\":[\"https:\/\/idakorea.ee\/product\/house-of-hur-tropical-dew-sun-cream-spf50-pa-50ml\/\"]}]},{\"@type\":\"ImageObject\",\"inLanguage\":\"fi\",\"@id\":\"https:\/\/idakorea.ee\/product\/house-of-hur-tropical-dew-sun-cream-spf50-pa-50ml\/#primaryimage\",\"url\":\"https:\/\/idakorea.ee\/wp-content\/uploads\/2026\/04\/House-of-Hur-Tropical-Dew-Sun-Cream-SPF50-PAidakorea.jpg\",\"contentUrl\":\"https:\/\/idakorea.ee\/wp-content\/uploads\/2026\/04\/House-of-Hur-Tropical-Dew-Sun-Cream-SPF50-PAidakorea.jpg\",\"width\":1000,\"height\":1000},{\"@type\":\"BreadcrumbList\",\"@id\":\"https:\/\/idakorea.ee\/product\/house-of-hur-tropical-dew-sun-cream-spf50-pa-50ml\/#breadcrumb\",\"itemListElement\":[{\"@type\":\"ListItem\",\"position\":1,\"name\":\"\u0413\u043b\u0430\u0432\u043d\u0430\u044f \u0441\u0442\u0440\u0430\u043d\u0438\u0446\u0430\",\"item\":\"https:\/\/idakorea.ee\/\"},{\"@type\":\"ListItem\",\"position\":2,\"name\":\"Shop\",\"item\":\"https:\/\/idakorea.ee\/shop-2\/\"},{\"@type\":\"ListItem\",\"position\":3,\"name\":\"Kerge p\u00e4ikesekreem House of Hur Tropical Dew Sun Cream SPF50+ PA++++, 50ml\"}]},{\"@type\":\"WebSite\",\"@id\":\"https:\/\/idakorea.ee\/#website\",\"url\":\"https:\/\/idakorea.ee\/\",\"name\":\"IDA.KOREA\",\"description\":\"Korea kosmeetika e-pood\",\"publisher\":{\"@id\":\"https:\/\/idakorea.ee\/#organization\"},\"alternateName\":\"Beauty Shop\",\"potentialAction\":[{\"@type\":\"SearchAction\",\"target\":{\"@type\":\"EntryPoint\",\"urlTemplate\":\"https:\/\/idakorea.ee\/?s={search_term_string}\"},\"query-input\":{\"@type\":\"PropertyValueSpecification\",\"valueRequired\":true,\"valueName\":\"search_term_string\"}}],\"inLanguage\":\"fi\"},{\"@type\":\"Organization\",\"@id\":\"https:\/\/idakorea.ee\/#organization\",\"name\":\"IDA.KOREA\",\"url\":\"https:\/\/idakorea.ee\/\",\"logo\":{\"@type\":\"ImageObject\",\"inLanguage\":\"fi\",\"@id\":\"https:\/\/idakorea.ee\/#\/schema\/logo\/image\/\",\"url\":\"https:\/\/idakorea.ee\/wp-content\/uploads\/2024\/05\/cropped-korea3.png\",\"contentUrl\":\"https:\/\/idakorea.ee\/wp-content\/uploads\/2024\/05\/cropped-korea3.png\",\"width\":688,\"height\":126,\"caption\":\"IDA.KOREA\"},\"image\":{\"@id\":\"https:\/\/idakorea.ee\/#\/schema\/logo\/image\/\"},\"sameAs\":[\"https:\/\/www.instagram.com\/ida.korea\/\"]}]}<\/script>\n<!-- \/ Yoast SEO plugin. -->","yoast_head_json":{"title":"House of Hur Tropical Dew Sun Cream SPF50+ PA++++, 50ml - IDA.KOREA","description":"Kerge p\u00e4ikesekreem niisutab s\u00fcgavuti ja \u00fchtlustab jumet. Kerge kreemjas tekstuur ei j\u00e4ta nahka kleepuvaks ega rasvaseks ning annab n\u00e4ole terve s\u00e4ra.","robots":{"index":"index","follow":"follow","max-snippet":"max-snippet:-1","max-image-preview":"max-image-preview:large","max-video-preview":"max-video-preview:-1"},"canonical":"https:\/\/idakorea.ee\/fi\/product\/house-of-hur-tropical-dew-sun-cream-spf50-pa-50ml\/","og_locale":"fi_FI","og_type":"article","og_title":"House of Hur Tropical Dew Sun Cream SPF50+ PA++++, 50ml - IDA.KOREA","og_description":"Kerge p\u00e4ikesekreem niisutab s\u00fcgavuti ja \u00fchtlustab jumet. Kerge kreemjas tekstuur ei j\u00e4ta nahka kleepuvaks ega rasvaseks ning annab n\u00e4ole terve s\u00e4ra.","og_url":"https:\/\/idakorea.ee\/fi\/product\/house-of-hur-tropical-dew-sun-cream-spf50-pa-50ml\/","og_site_name":"IDA.KOREA","og_image":[{"width":1000,"height":1000,"url":"https:\/\/idakorea.ee\/wp-content\/uploads\/2026\/04\/House-of-Hur-Tropical-Dew-Sun-Cream-SPF50-PAidakorea.jpg","type":"image\/jpeg"}],"twitter_card":"summary_large_image","twitter_misc":{"Arvioitu lukuaika":"2 minuuttia"},"schema":{"@context":"https:\/\/schema.org","@graph":[{"@type":"WebPage","@id":"https:\/\/idakorea.ee\/product\/house-of-hur-tropical-dew-sun-cream-spf50-pa-50ml\/","url":"https:\/\/idakorea.ee\/product\/house-of-hur-tropical-dew-sun-cream-spf50-pa-50ml\/","name":"House of Hur Tropical Dew Sun Cream SPF50+ PA++++, 50ml - IDA.KOREA","isPartOf":{"@id":"https:\/\/idakorea.ee\/#website"},"primaryImageOfPage":{"@id":"https:\/\/idakorea.ee\/product\/house-of-hur-tropical-dew-sun-cream-spf50-pa-50ml\/#primaryimage"},"image":{"@id":"https:\/\/idakorea.ee\/product\/house-of-hur-tropical-dew-sun-cream-spf50-pa-50ml\/#primaryimage"},"thumbnailUrl":"https:\/\/idakorea.ee\/wp-content\/uploads\/2026\/04\/House-of-Hur-Tropical-Dew-Sun-Cream-SPF50-PAidakorea.jpg","datePublished":"2026-04-09T09:01:01+00:00","description":"Kerge p\u00e4ikesekreem niisutab s\u00fcgavuti ja \u00fchtlustab jumet. Kerge kreemjas tekstuur ei j\u00e4ta nahka kleepuvaks ega rasvaseks ning annab n\u00e4ole terve s\u00e4ra.","breadcrumb":{"@id":"https:\/\/idakorea.ee\/product\/house-of-hur-tropical-dew-sun-cream-spf50-pa-50ml\/#breadcrumb"},"inLanguage":"fi","potentialAction":[{"@type":"ReadAction","target":["https:\/\/idakorea.ee\/product\/house-of-hur-tropical-dew-sun-cream-spf50-pa-50ml\/"]}]},{"@type":"ImageObject","inLanguage":"fi","@id":"https:\/\/idakorea.ee\/product\/house-of-hur-tropical-dew-sun-cream-spf50-pa-50ml\/#primaryimage","url":"https:\/\/idakorea.ee\/wp-content\/uploads\/2026\/04\/House-of-Hur-Tropical-Dew-Sun-Cream-SPF50-PAidakorea.jpg","contentUrl":"https:\/\/idakorea.ee\/wp-content\/uploads\/2026\/04\/House-of-Hur-Tropical-Dew-Sun-Cream-SPF50-PAidakorea.jpg","width":1000,"height":1000},{"@type":"BreadcrumbList","@id":"https:\/\/idakorea.ee\/product\/house-of-hur-tropical-dew-sun-cream-spf50-pa-50ml\/#breadcrumb","itemListElement":[{"@type":"ListItem","position":1,"name":"\u0413\u043b\u0430\u0432\u043d\u0430\u044f \u0441\u0442\u0440\u0430\u043d\u0438\u0446\u0430","item":"https:\/\/idakorea.ee\/"},{"@type":"ListItem","position":2,"name":"Shop","item":"https:\/\/idakorea.ee\/shop-2\/"},{"@type":"ListItem","position":3,"name":"Kerge p\u00e4ikesekreem House of Hur Tropical Dew Sun Cream SPF50+ PA++++, 50ml"}]},{"@type":"WebSite","@id":"https:\/\/idakorea.ee\/#website","url":"https:\/\/idakorea.ee\/","name":"IDA.KOREA","description":"Korean kosmetiikan verkkokauppa","publisher":{"@id":"https:\/\/idakorea.ee\/#organization"},"alternateName":"Beauty Shop","potentialAction":[{"@type":"SearchAction","target":{"@type":"EntryPoint","urlTemplate":"https:\/\/idakorea.ee\/?s={search_term_string}"},"query-input":{"@type":"PropertyValueSpecification","valueRequired":true,"valueName":"search_term_string"}}],"inLanguage":"fi"},{"@type":"Organization","@id":"https:\/\/idakorea.ee\/#organization","name":"IDA.KOREA","url":"https:\/\/idakorea.ee\/","logo":{"@type":"ImageObject","inLanguage":"fi","@id":"https:\/\/idakorea.ee\/#\/schema\/logo\/image\/","url":"https:\/\/idakorea.ee\/wp-content\/uploads\/2024\/05\/cropped-korea3.png","contentUrl":"https:\/\/idakorea.ee\/wp-content\/uploads\/2024\/05\/cropped-korea3.png","width":688,"height":126,"caption":"IDA.KOREA"},"image":{"@id":"https:\/\/idakorea.ee\/#\/schema\/logo\/image\/"},"sameAs":["https:\/\/www.instagram.com\/ida.korea\/"]}]}},"jetpack_sharing_enabled":true,"brands":[{"id":1153,"name":"HOUSE OF HUR","slug":"house-of-hur"}],"_links":{"self":[{"href":"https:\/\/idakorea.ee\/fi\/wp-json\/wp\/v2\/product\/18407","targetHints":{"allow":["GET"]}}],"collection":[{"href":"https:\/\/idakorea.ee\/fi\/wp-json\/wp\/v2\/product"}],"about":[{"href":"https:\/\/idakorea.ee\/fi\/wp-json\/wp\/v2\/types\/product"}],"replies":[{"embeddable":true,"href":"https:\/\/idakorea.ee\/fi\/wp-json\/wp\/v2\/comments?post=18407"}],"version-history":[{"count":1,"href":"https:\/\/idakorea.ee\/fi\/wp-json\/wp\/v2\/product\/18407\/revisions"}],"predecessor-version":[{"id":18412,"href":"https:\/\/idakorea.ee\/fi\/wp-json\/wp\/v2\/product\/18407\/revisions\/18412"}],"wp:featuredmedia":[{"embeddable":true,"href":"https:\/\/idakorea.ee\/fi\/wp-json\/wp\/v2\/media\/18408"}],"wp:attachment":[{"href":"https:\/\/idakorea.ee\/fi\/wp-json\/wp\/v2\/media?parent=18407"}],"wp:term":[{"taxonomy":"pwb-brand","embeddable":true,"href":"https:\/\/idakorea.ee\/fi\/wp-json\/wp\/v2\/pwb-brand?post=18407"},{"taxonomy":"product_brand","embeddable":true,"href":"https:\/\/idakorea.ee\/fi\/wp-json\/wp\/v2\/product_brand?post=18407"},{"taxonomy":"product_cat","embeddable":true,"href":"https:\/\/idakorea.ee\/fi\/wp-json\/wp\/v2\/product_cat?post=18407"},{"taxonomy":"product_tag","embeddable":true,"href":"https:\/\/idakorea.ee\/fi\/wp-json\/wp\/v2\/product_tag?post=18407"}],"curies":[{"name":"wp","href":"https:\/\/api.w.org\/{rel}","templated":true}]}}