{"id":1853,"date":"2024-06-03T11:44:46","date_gmt":"2024-06-03T11:44:46","guid":{"rendered":"https:\/\/idakorea.ee\/?post_type=product&#038;p=1853"},"modified":"2026-03-25T13:21:43","modified_gmt":"2026-03-25T11:21:43","slug":"dalba-white-truffle-royal-intensive-serum","status":"publish","type":"product","link":"https:\/\/idakorea.ee\/fi\/product\/dalba-white-truffle-royal-intensive-serum\/","title":{"rendered":"Anti-ageing-kollageeniseerumi, jossa on d'Alba White Truffle Royal Intensive Serum -peptidej\u00e4."},"content":{"rendered":"<p><strong>d&#039;Alba White Truffle Royal -intensiivinen seerumi<\/strong> on uusi ik\u00e4\u00e4ntymist\u00e4 ehk\u00e4isev\u00e4 kolmoisantioksidanttinen kollageeniseerumi koko kasvoille, t\u00e4ynn\u00e4 ihoa kimmoisuutta antavia ainesosia.<\/p>\n<p>K\u00e4tev\u00e4ss\u00e4 suihkemuodossa oleva seerumi kosteuttaa ja raikastaa v\u00e4litt\u00f6m\u00e4sti, poistaen kuivuutta ja kirist\u00e4v\u00e4\u00e4 tunnetta samalla, kun se imee aktiiviset ik\u00e4\u00e4ntymist\u00e4 ehk\u00e4isev\u00e4t ainesosat syv\u00e4lle ihoon.<\/p>\n<p>Eritt\u00e4in tiivistetty tuote v\u00e4hent\u00e4\u00e4 ryppyjen syvyytt\u00e4, parantaa ihon kimmoisuutta ja kiinteytt\u00e4, vahvistaa ihoa ja ehk\u00e4isee ennenaikaista ik\u00e4\u00e4ntymist\u00e4, ravitsee ja pehment\u00e4\u00e4. Hypoallergeeninen koostumus ei aiheuta \u00e4rsytyst\u00e4.<\/p>\n<p>Kaksivaiheinen koostumus sis\u00e4lt\u00e4\u00e4 \u00f6ljym\u00e4isen ja vesipohjaisen voiteen, jotka sekoitettuna muodostavat ravitsevan koostumuksen. Tuote on V-merkint\u00e4sertifioitu, mik\u00e4 vahvistaa, ettei se sis\u00e4ll\u00e4 el\u00e4inper\u00e4isi\u00e4 ainesosia. Kevyt koostumus ei j\u00e4t\u00e4 rasvaista tai tahmeaa kalvoa koostumuksen sis\u00e4lt\u00e4mist\u00e4 \u00f6ljyist\u00e4 huolimatta.<\/p>\n<p>Koostumus sis\u00e4lt\u00e4\u00e4 kolmen peptidin kompleksin \u2013 palmitoyylipentapeptidi-4:n, tripeptidi-1:n ja asetyyliheksapeptidi-8:n (argyreliini). N\u00e4m\u00e4 komponentit vahvistavat soluv\u00e4liainetta, est\u00e4v\u00e4t ryppyjen muodostumista ja v\u00e4hent\u00e4v\u00e4t olemassa olevia, yll\u00e4pit\u00e4v\u00e4t ihon tiheytt\u00e4 ja tasoittavat ihoa. Argireliinilla on botuliinim\u00e4inen vaikutus: se rentouttaa kasvolihaksia ja est\u00e4\u00e4 siten ilmejuonteiden muodostumista. Peptidit on kapseloitu \u00f6ljymikrokapseleihin, mink\u00e4 ansiosta ne p\u00e4\u00e4sev\u00e4t tunkeutumaan syv\u00e4lle ihoon.<\/p>\n<p>Patentoitu vaikuttava aine Trufferol\u2122 koostuu tryffeliuutteesta (13 000 ppm) ja tokoferolista (1 200 ppm) \u2013 t\u00e4ll\u00e4 aineella on nuorentava vaikutus, se lis\u00e4\u00e4 kudosten kimmoisuutta ja tasoittaa ihoalueita, jolloin ihosta tulee tasainen ja s\u00e4teilev\u00e4.<\/p>\n<p><strong>K\u00e4ytt\u00f6:\u00a0<\/strong>Puhdistuksen j\u00e4lkeen ravista tuotetta 3\u20135 kertaa sekoittaaksesi \u00f6ljyisen ja vetisen koostumuksen. Sulje silm\u00e4si ja suihkuta 10\u201320 senttimetrin et\u00e4isyydelt\u00e4 kasvoistasi. K\u00e4yt\u00e4 kasvoveten\u00e4 tai milloin tahansa, kun ihosi tarvitsee lis\u00e4kosteutusta.<\/p>","protected":false},"excerpt":{"rendered":"<p>d'Alba White Truffle Royal Intensive Serum on uusi ik\u00e4\u00e4ntymist\u00e4 ehk\u00e4isev\u00e4 kolminkertainen antioksidanttinen kollageeniseerumi koko kasvoille, joka on t\u00e4ynn\u00e4 iholle kimmoisuutta antavia ainesosia. K\u00e4tev\u00e4ss\u00e4 spray-on-muodossa oleva seerumi kosteuttaa ja virkist\u00e4\u00e4 ihoa v\u00e4litt\u00f6m\u00e4sti, poistaa kuivuutta ja kirist\u00e4vyytt\u00e4 ja antaa aktiivisten anti-ageing-ainesosien imeyty\u00e4 syv\u00e4lle. Eritt\u00e4in tiivis tuote v\u00e4hent\u00e4\u00e4 ryppyjen syvyytt\u00e4, parantaa ihon kimmoisuutta ja kiinteytt\u00e4, vahvistaa ihon...<\/p>","protected":false},"featured_media":1859,"comment_status":"open","ping_status":"closed","template":"","meta":{"_uf_show_specific_survey":0,"_uf_disable_surveys":false,"_bst_post_transparent":"default","_bst_post_title":"","_bst_post_layout":"default","_bst_post_sidebar_id":"","_bst_post_content_style":"default","_bst_post_vertical_padding":"default","_bst_post_feature":"","_bst_post_feature_position":"","_bst_post_header":false,"_bst_post_footer":false},"pwb-brand":[105],"product_brand":[],"product_cat":[92,97],"product_tag":[127,635,559],"class_list":{"0":"post-1853","1":"product","2":"type-product","3":"status-publish","4":"has-post-thumbnail","6":"pwb-brand-dalba","7":"product_cat-nagu","8":"product_cat-naoseerumid-ja-olid","9":"product_tag-dalba","10":"product_tag-serum","11":"product_tag-white-truffle","13":"first","14":"instock","15":"sale","16":"featured","17":"shipping-taxable","18":"purchasable","19":"product-type-variable","20":"has-default-attributes","21":"entry","22":"content-bg","23":"loop-entry"},"supplier_id":null,"supplier_sku":"","barcode":null,"atum_controlled":true,"out_stock_date":null,"out_stock_threshold":null,"inheritable":false,"inbound_stock":0,"stock_on_hold":0,"sold_today":0,"sales_last_days":1,"out_stock_days":0,"lost_sales":0,"has_location":false,"update_date":"2026-04-14T00:05:09","atum_locations":[],"atum_stock_status":"instock","restock_status":false,"low_stock_amount":"","sales_update_date":"2026-04-14T00:05:09","calc_backorders":null,"yoast_head":"<!-- This site is optimized with the Yoast SEO plugin v27.2 - https:\/\/yoast.com\/product\/yoast-seo-wordpress\/ -->\n<title>d&#039;Alba White Truffle Royal Intensive Serum - IDA.KOREA<\/title>\n<meta name=\"description\" content=\"d&#039;Alba White Truffle Royal Intensive Serum on uus vananemisvastane kolmekordne antioks\u00fcdantne kollageeni seerum kogu n\u00e4ole, mis on t\u00e4is koostisosi, mis annavad nahale elastsust.\" \/>\n<meta name=\"robots\" content=\"index, follow, max-snippet:-1, max-image-preview:large, max-video-preview:-1\" \/>\n<link rel=\"canonical\" href=\"https:\/\/idakorea.ee\/fi\/product\/dalba-white-truffle-royal-intensive-serum\/\" \/>\n<meta property=\"og:locale\" content=\"fi_FI\" \/>\n<meta property=\"og:type\" content=\"article\" \/>\n<meta property=\"og:title\" content=\"d&#039;Alba White Truffle Royal Intensive Serum - IDA.KOREA\" \/>\n<meta property=\"og:description\" content=\"d&#039;Alba White Truffle Royal Intensive Serum on uus vananemisvastane kolmekordne antioks\u00fcdantne kollageeni seerum kogu n\u00e4ole, mis on t\u00e4is koostisosi, mis annavad nahale elastsust.\" \/>\n<meta property=\"og:url\" content=\"https:\/\/idakorea.ee\/fi\/product\/dalba-white-truffle-royal-intensive-serum\/\" \/>\n<meta property=\"og:site_name\" content=\"IDA.KOREA\" \/>\n<meta property=\"article:modified_time\" content=\"2026-03-25T11:21:43+00:00\" \/>\n<meta property=\"og:image\" content=\"https:\/\/idakorea.ee\/wp-content\/uploads\/2024\/06\/d_Alba_-White-Truffle-Serum-Royal-Intensive-Solution.jpg\" \/>\n\t<meta property=\"og:image:width\" content=\"1000\" \/>\n\t<meta property=\"og:image:height\" content=\"1000\" \/>\n\t<meta property=\"og:image:type\" content=\"image\/jpeg\" \/>\n<meta name=\"twitter:card\" content=\"summary_large_image\" \/>\n<meta name=\"twitter:label1\" content=\"Arvioitu lukuaika\" \/>\n\t<meta name=\"twitter:data1\" content=\"2 minuuttia\" \/>\n<script type=\"application\/ld+json\" class=\"yoast-schema-graph\">{\"@context\":\"https:\/\/schema.org\",\"@graph\":[{\"@type\":\"WebPage\",\"@id\":\"https:\/\/idakorea.ee\/product\/dalba-white-truffle-royal-intensive-serum\/\",\"url\":\"https:\/\/idakorea.ee\/product\/dalba-white-truffle-royal-intensive-serum\/\",\"name\":\"d'Alba White Truffle Royal Intensive Serum - IDA.KOREA\",\"isPartOf\":{\"@id\":\"https:\/\/idakorea.ee\/#website\"},\"primaryImageOfPage\":{\"@id\":\"https:\/\/idakorea.ee\/product\/dalba-white-truffle-royal-intensive-serum\/#primaryimage\"},\"image\":{\"@id\":\"https:\/\/idakorea.ee\/product\/dalba-white-truffle-royal-intensive-serum\/#primaryimage\"},\"thumbnailUrl\":\"https:\/\/idakorea.ee\/wp-content\/uploads\/2024\/06\/d_Alba_-White-Truffle-Serum-Royal-Intensive-Solution.jpg\",\"datePublished\":\"2024-06-03T11:44:46+00:00\",\"dateModified\":\"2026-03-25T11:21:43+00:00\",\"description\":\"d'Alba White Truffle Royal Intensive Serum on uus vananemisvastane kolmekordne antioks\u00fcdantne kollageeni seerum kogu n\u00e4ole, mis on t\u00e4is koostisosi, mis annavad nahale elastsust.\",\"breadcrumb\":{\"@id\":\"https:\/\/idakorea.ee\/product\/dalba-white-truffle-royal-intensive-serum\/#breadcrumb\"},\"inLanguage\":\"fi\",\"potentialAction\":[{\"@type\":\"ReadAction\",\"target\":[\"https:\/\/idakorea.ee\/product\/dalba-white-truffle-royal-intensive-serum\/\"]}]},{\"@type\":\"ImageObject\",\"inLanguage\":\"fi\",\"@id\":\"https:\/\/idakorea.ee\/product\/dalba-white-truffle-royal-intensive-serum\/#primaryimage\",\"url\":\"https:\/\/idakorea.ee\/wp-content\/uploads\/2024\/06\/d_Alba_-White-Truffle-Serum-Royal-Intensive-Solution.jpg\",\"contentUrl\":\"https:\/\/idakorea.ee\/wp-content\/uploads\/2024\/06\/d_Alba_-White-Truffle-Serum-Royal-Intensive-Solution.jpg\",\"width\":1000,\"height\":1000,\"caption\":\"dalba spray serum\"},{\"@type\":\"BreadcrumbList\",\"@id\":\"https:\/\/idakorea.ee\/product\/dalba-white-truffle-royal-intensive-serum\/#breadcrumb\",\"itemListElement\":[{\"@type\":\"ListItem\",\"position\":1,\"name\":\"\u0413\u043b\u0430\u0432\u043d\u0430\u044f \u0441\u0442\u0440\u0430\u043d\u0438\u0446\u0430\",\"item\":\"https:\/\/idakorea.ee\/\"},{\"@type\":\"ListItem\",\"position\":2,\"name\":\"Shop\",\"item\":\"https:\/\/idakorea.ee\/shop-2\/\"},{\"@type\":\"ListItem\",\"position\":3,\"name\":\"Vananemisvastane kollageeni seerum peptiididega d&#8217;Alba White Truffle Royal Intensive Serum\"}]},{\"@type\":\"WebSite\",\"@id\":\"https:\/\/idakorea.ee\/#website\",\"url\":\"https:\/\/idakorea.ee\/\",\"name\":\"IDA.KOREA\",\"description\":\"Korea kosmeetika e-pood\",\"publisher\":{\"@id\":\"https:\/\/idakorea.ee\/#organization\"},\"alternateName\":\"Beauty Shop\",\"potentialAction\":[{\"@type\":\"SearchAction\",\"target\":{\"@type\":\"EntryPoint\",\"urlTemplate\":\"https:\/\/idakorea.ee\/?s={search_term_string}\"},\"query-input\":{\"@type\":\"PropertyValueSpecification\",\"valueRequired\":true,\"valueName\":\"search_term_string\"}}],\"inLanguage\":\"fi\"},{\"@type\":\"Organization\",\"@id\":\"https:\/\/idakorea.ee\/#organization\",\"name\":\"IDA.KOREA\",\"url\":\"https:\/\/idakorea.ee\/\",\"logo\":{\"@type\":\"ImageObject\",\"inLanguage\":\"fi\",\"@id\":\"https:\/\/idakorea.ee\/#\/schema\/logo\/image\/\",\"url\":\"https:\/\/idakorea.ee\/wp-content\/uploads\/2024\/05\/cropped-korea3.png\",\"contentUrl\":\"https:\/\/idakorea.ee\/wp-content\/uploads\/2024\/05\/cropped-korea3.png\",\"width\":688,\"height\":126,\"caption\":\"IDA.KOREA\"},\"image\":{\"@id\":\"https:\/\/idakorea.ee\/#\/schema\/logo\/image\/\"},\"sameAs\":[\"https:\/\/www.instagram.com\/ida.korea\/\"]}]}<\/script>\n<!-- \/ Yoast SEO plugin. -->","yoast_head_json":{"title":"d&#039;Alba White Truffle Royal Intensive Serum - IDA.KOREA","description":"d&#039;Alba White Truffle Royal Intensive Serum on uusi ik\u00e4\u00e4ntymist\u00e4 ehk\u00e4isev\u00e4 kolmoiantioksidanttinen kollageeniseerumi koko kasvoille, t\u00e4ynn\u00e4 ihoa kimmoisuutta antavia ainesosia.","robots":{"index":"index","follow":"follow","max-snippet":"max-snippet:-1","max-image-preview":"max-image-preview:large","max-video-preview":"max-video-preview:-1"},"canonical":"https:\/\/idakorea.ee\/fi\/product\/dalba-white-truffle-royal-intensive-serum\/","og_locale":"fi_FI","og_type":"article","og_title":"d'Alba White Truffle Royal Intensive Serum - IDA.KOREA","og_description":"d'Alba White Truffle Royal Intensive Serum on uus vananemisvastane kolmekordne antioks\u00fcdantne kollageeni seerum kogu n\u00e4ole, mis on t\u00e4is koostisosi, mis annavad nahale elastsust.","og_url":"https:\/\/idakorea.ee\/fi\/product\/dalba-white-truffle-royal-intensive-serum\/","og_site_name":"IDA.KOREA","article_modified_time":"2026-03-25T11:21:43+00:00","og_image":[{"width":1000,"height":1000,"url":"https:\/\/idakorea.ee\/wp-content\/uploads\/2024\/06\/d_Alba_-White-Truffle-Serum-Royal-Intensive-Solution.jpg","type":"image\/jpeg"}],"twitter_card":"summary_large_image","twitter_misc":{"Arvioitu lukuaika":"2 minuuttia"},"schema":{"@context":"https:\/\/schema.org","@graph":[{"@type":"WebPage","@id":"https:\/\/idakorea.ee\/product\/dalba-white-truffle-royal-intensive-serum\/","url":"https:\/\/idakorea.ee\/product\/dalba-white-truffle-royal-intensive-serum\/","name":"d&#039;Alba White Truffle Royal Intensive Serum - IDA.KOREA","isPartOf":{"@id":"https:\/\/idakorea.ee\/#website"},"primaryImageOfPage":{"@id":"https:\/\/idakorea.ee\/product\/dalba-white-truffle-royal-intensive-serum\/#primaryimage"},"image":{"@id":"https:\/\/idakorea.ee\/product\/dalba-white-truffle-royal-intensive-serum\/#primaryimage"},"thumbnailUrl":"https:\/\/idakorea.ee\/wp-content\/uploads\/2024\/06\/d_Alba_-White-Truffle-Serum-Royal-Intensive-Solution.jpg","datePublished":"2024-06-03T11:44:46+00:00","dateModified":"2026-03-25T11:21:43+00:00","description":"d&#039;Alba White Truffle Royal Intensive Serum on uusi ik\u00e4\u00e4ntymist\u00e4 ehk\u00e4isev\u00e4 kolmoiantioksidanttinen kollageeniseerumi koko kasvoille, t\u00e4ynn\u00e4 ihoa kimmoisuutta antavia ainesosia.","breadcrumb":{"@id":"https:\/\/idakorea.ee\/product\/dalba-white-truffle-royal-intensive-serum\/#breadcrumb"},"inLanguage":"fi","potentialAction":[{"@type":"ReadAction","target":["https:\/\/idakorea.ee\/product\/dalba-white-truffle-royal-intensive-serum\/"]}]},{"@type":"ImageObject","inLanguage":"fi","@id":"https:\/\/idakorea.ee\/product\/dalba-white-truffle-royal-intensive-serum\/#primaryimage","url":"https:\/\/idakorea.ee\/wp-content\/uploads\/2024\/06\/d_Alba_-White-Truffle-Serum-Royal-Intensive-Solution.jpg","contentUrl":"https:\/\/idakorea.ee\/wp-content\/uploads\/2024\/06\/d_Alba_-White-Truffle-Serum-Royal-Intensive-Solution.jpg","width":1000,"height":1000,"caption":"dalba spray serum"},{"@type":"BreadcrumbList","@id":"https:\/\/idakorea.ee\/product\/dalba-white-truffle-royal-intensive-serum\/#breadcrumb","itemListElement":[{"@type":"ListItem","position":1,"name":"\u0413\u043b\u0430\u0432\u043d\u0430\u044f \u0441\u0442\u0440\u0430\u043d\u0438\u0446\u0430","item":"https:\/\/idakorea.ee\/"},{"@type":"ListItem","position":2,"name":"Shop","item":"https:\/\/idakorea.ee\/shop-2\/"},{"@type":"ListItem","position":3,"name":"Vananemisvastane kollageeni seerum peptiididega d&#8217;Alba White Truffle Royal Intensive Serum"}]},{"@type":"WebSite","@id":"https:\/\/idakorea.ee\/#website","url":"https:\/\/idakorea.ee\/","name":"IDA.KOREA","description":"Korean kosmetiikan verkkokauppa","publisher":{"@id":"https:\/\/idakorea.ee\/#organization"},"alternateName":"Beauty Shop","potentialAction":[{"@type":"SearchAction","target":{"@type":"EntryPoint","urlTemplate":"https:\/\/idakorea.ee\/?s={search_term_string}"},"query-input":{"@type":"PropertyValueSpecification","valueRequired":true,"valueName":"search_term_string"}}],"inLanguage":"fi"},{"@type":"Organization","@id":"https:\/\/idakorea.ee\/#organization","name":"IDA.KOREA","url":"https:\/\/idakorea.ee\/","logo":{"@type":"ImageObject","inLanguage":"fi","@id":"https:\/\/idakorea.ee\/#\/schema\/logo\/image\/","url":"https:\/\/idakorea.ee\/wp-content\/uploads\/2024\/05\/cropped-korea3.png","contentUrl":"https:\/\/idakorea.ee\/wp-content\/uploads\/2024\/05\/cropped-korea3.png","width":688,"height":126,"caption":"IDA.KOREA"},"image":{"@id":"https:\/\/idakorea.ee\/#\/schema\/logo\/image\/"},"sameAs":["https:\/\/www.instagram.com\/ida.korea\/"]}]}},"jetpack_sharing_enabled":true,"brands":[{"id":105,"name":"d'ALBA","slug":"dalba"}],"_links":{"self":[{"href":"https:\/\/idakorea.ee\/fi\/wp-json\/wp\/v2\/product\/1853","targetHints":{"allow":["GET"]}}],"collection":[{"href":"https:\/\/idakorea.ee\/fi\/wp-json\/wp\/v2\/product"}],"about":[{"href":"https:\/\/idakorea.ee\/fi\/wp-json\/wp\/v2\/types\/product"}],"replies":[{"embeddable":true,"href":"https:\/\/idakorea.ee\/fi\/wp-json\/wp\/v2\/comments?post=1853"}],"version-history":[{"count":2,"href":"https:\/\/idakorea.ee\/fi\/wp-json\/wp\/v2\/product\/1853\/revisions"}],"predecessor-version":[{"id":11374,"href":"https:\/\/idakorea.ee\/fi\/wp-json\/wp\/v2\/product\/1853\/revisions\/11374"}],"wp:featuredmedia":[{"embeddable":true,"href":"https:\/\/idakorea.ee\/fi\/wp-json\/wp\/v2\/media\/1859"}],"wp:attachment":[{"href":"https:\/\/idakorea.ee\/fi\/wp-json\/wp\/v2\/media?parent=1853"}],"wp:term":[{"taxonomy":"pwb-brand","embeddable":true,"href":"https:\/\/idakorea.ee\/fi\/wp-json\/wp\/v2\/pwb-brand?post=1853"},{"taxonomy":"product_brand","embeddable":true,"href":"https:\/\/idakorea.ee\/fi\/wp-json\/wp\/v2\/product_brand?post=1853"},{"taxonomy":"product_cat","embeddable":true,"href":"https:\/\/idakorea.ee\/fi\/wp-json\/wp\/v2\/product_cat?post=1853"},{"taxonomy":"product_tag","embeddable":true,"href":"https:\/\/idakorea.ee\/fi\/wp-json\/wp\/v2\/product_tag?post=1853"}],"curies":[{"name":"wp","href":"https:\/\/api.w.org\/{rel}","templated":true}]}}