{"id":18569,"date":"2026-04-29T11:08:01","date_gmt":"2026-04-29T09:08:01","guid":{"rendered":"https:\/\/idakorea.ee\/?post_type=product&#038;p=18569"},"modified":"2026-04-29T11:08:01","modified_gmt":"2026-04-29T09:08:01","slug":"vt-cosmetics-reedle-shot-vita-light-eye-cream-15ml","status":"publish","type":"product","link":"https:\/\/idakorea.ee\/fi\/product\/vt-cosmetics-reedle-shot-vita-light-eye-cream-15ml\/","title":{"rendered":"Silm\u00e4nymp\u00e4rysvoide VT Cosmetics Reedle Shot Vita-light silm\u00e4nymp\u00e4rysvoide, 15ml"},"content":{"rendered":"<p><strong>VT Cosmetics Reedle Shot Vita-light Eye Cream<\/strong> Silm\u00e4nymp\u00e4rysvoide kiinteytt\u00e4\u00e4 ja kiinteytt\u00e4\u00e4 silm\u00e4nymp\u00e4rysihoa, v\u00e4hent\u00e4\u00e4 ik\u00e4l\u00e4iskien ja ep\u00e4tasaisen ihons\u00e4vyn n\u00e4kymist\u00e4 sek\u00e4 h\u00e4ivytt\u00e4\u00e4 tummia silm\u00e4nalusia. Auttaa tasoittamaan silm\u00e4nymp\u00e4rysihon ryppyj\u00e4.<\/p>\n<p>Erityinen applikaattori, joka v\u00e4r\u00e4htelee jopa 12 000 kertaa minuutissa, mahdollistaa silm\u00e4nymp\u00e4rysihon hieronnan, mik\u00e4 auttaa v\u00e4hent\u00e4m\u00e4\u00e4n turvotusta, parantamaan mikroverenkiertoa ja edist\u00e4m\u00e4\u00e4n voiteen vaikuttavien aineiden imeytymist\u00e4 syvemm\u00e4lle ihoon. Voiteella on kevyt geelim\u00e4inen koostumus, joka imeytyy j\u00e4tt\u00e4m\u00e4tt\u00e4 tahmeaa tunnetta. Se sopii my\u00f6s paikalliseen k\u00e4ytt\u00f6\u00f6n otsalle ja nen\u00e4n ja huulien poimuille.<\/p>\n<p><strong>T\u00e4rkeimm\u00e4t vaikuttavat aineet:<\/strong><\/p>\n<ul>\n<li><strong>Cica Reedle\u2122<\/strong> \u2013 mikroneulat, jotka varmistavat, ett\u00e4 aktiiviset ainesosat p\u00e4\u00e4sev\u00e4t syv\u00e4lle ihoon. Sis\u00e4lt\u00e4\u00e4 piit\u00e4 ja aasialaista lumpeenuutetta. Tunkeutuvat ihohuokosiin ja stimuloivat solujen uusiutumista, mik\u00e4 auttaa tasoittamaan ihon rakennetta, kuorii ihoa ja tekee siit\u00e4 kiinte\u00e4mm\u00e4n ja sile\u00e4mm\u00e4n. Kuljettaa C-vitamiinia ja muita aktiivisia ainesosia syv\u00e4lle ihoon.<\/li>\n<li><strong>Cicahyalon\u2122<\/strong> \u2013 ainesosa, joka koostuu vihre\u00e4n propoliksen uutteesta, aasialaisen lumpeen kompleksista (madekassosidi, madekassiinihappo, asiatikosidi ja aasiahappo) ja hyaluronihaposta. Lievitt\u00e4\u00e4 \u00e4rsytyst\u00e4 ja punoitusta, kosteuttaa ja auttaa yll\u00e4pit\u00e4m\u00e4\u00e4n ihon kimmoisuutta.<\/li>\n<li><strong>10% Niasiiniamidi (B3-vitamiini)<\/strong> \u2013 eritt\u00e4in tiivistetty vaikuttava aine, jonka teho on todistettu. Hidastaa melaniinin kulkeutumista ihoon ja auttaa siten ehk\u00e4isem\u00e4\u00e4n ik\u00e4l\u00e4iskien muodostumista.<br \/>\nC-vitamiini (askorbiinihappo, natriumaskorbyylifosfaatti) sek\u00e4 stabiileissa ett\u00e4 ep\u00e4stabiileissa muodoissaan kirkastaa ja ehk\u00e4isee voimakkaasti ik\u00e4\u00e4ntymist\u00e4. V\u00e4hent\u00e4\u00e4 pigmentaatiota, stimuloi kollageenisynteesi\u00e4 ja toimii antioksidanttina.<\/li>\n<li><strong>Melazero\u00ae<\/strong> \u2013 kirkastava yrttiyhdistelm\u00e4, joka perustuu misperiin, minttuun ja dekyyliglukosidiin. Auttaa ehk\u00e4isem\u00e4\u00e4n ik\u00e4l\u00e4iskien ja melasman muodostumista.<\/li>\n<li><strong>B-vitamiinit (B1 \u2013 tiamiini, B2, B3 \u2013 niasiiniamidi, B5 \u2013 kalsiumpantotenaatti, B6, B9 ja B12 \u2013 syanokobalamiini)<\/strong> V\u00e4hent\u00e4v\u00e4t tulehdusta, rauhoittavat \u00e4rsytyst\u00e4 ja punoitusta sek\u00e4 toimivat antioksidantteina. Vahvistavat ihon suojakerrosta ja auttavat yll\u00e4pit\u00e4m\u00e4\u00e4n ihon sileytt\u00e4.<\/li>\n<li><strong>E-vitamiini (tokoferoli)<\/strong> Auttaa torjumaan vapaiden radikaalien aiheuttamia soluvaurioita, ehk\u00e4isee ryppyj\u00e4 ja auttaa yll\u00e4pit\u00e4m\u00e4\u00e4n ihon kiinteytt\u00e4 ja sileytt\u00e4. Stabiloi C-vitamiinia ja tehostaa sen vaikutuksia.<\/li>\n<li><strong>Glutationi<\/strong> Sill\u00e4 on nuorentava vaikutus, se parantaa ihon s\u00e4vy\u00e4, silottaa ryppyj\u00e4 ja v\u00e4hent\u00e4\u00e4 v\u00e4symyksen merkkej\u00e4. Se tasoittaa ihonv\u00e4ri\u00e4 ja vaikuttaa ik\u00e4\u00e4n liittyv\u00e4\u00e4n pigmenttimuutoksiin ja aknen j\u00e4lkeisiin l\u00e4iskiin.<\/li>\n<\/ul>\n<p>&nbsp;<\/p>\n<p><strong>K\u00e4ytt\u00f6:<\/strong> Levit\u00e4 pieni m\u00e4\u00e4r\u00e4 voidetta silm\u00e4nymp\u00e4rysiholle ja nen\u00e4n ja huulien poimuille ja hiero hell\u00e4varaisesti py\u00f6rivin liikkein applikaattorin avulla.<\/p>\n<p><strong>Varotoimenpiteet<\/strong>\u00c4l\u00e4 k\u00e4yt\u00e4 samanaikaisesti kuorinnan tai kuorinnan kanssa \u00e4l\u00e4k\u00e4 AHA- tai BHA-happoja, retinolia tai runsaasti C-vitamiinia sis\u00e4lt\u00e4vien tuotteiden kanssa. \u00c4l\u00e4 k\u00e4yt\u00e4 kosmeettisten toimenpiteiden j\u00e4lkeen. S\u00e4ilyt\u00e4 voide viile\u00e4ss\u00e4 paikassa ja v\u00e4lt\u00e4 suoraa auringonvaloa.<\/p>","protected":false},"excerpt":{"rendered":"<p>VT Cosmetics Reedle Shot Vita-light Eye Cream silma\u00fcmbruskreem toniseerib ja pinguldab silma\u00fcmbruspiirkonda, v\u00e4hendab pigmendilaikude ja eba\u00fchtlase nahatooni n\u00e4htavust ning leevendab tumedaid silmaaluseid. Aitab siluda kortse silma\u00fcmbruspiirkonnas. Spetsiaalne kuni 12 000 vibratsiooniga minutis aplikaator v\u00f5imaldab masseerida silmaalust piirkonda, mis aitab v\u00e4hendada turseid, parandab mikrotsirkulatsiooni ja soodustab kreemi toimeainete s\u00fcgavamat imendumist nahka. Kreemil on kerge geeljas tekstuur,&#8230;<\/p>","protected":false},"featured_media":18570,"comment_status":"open","ping_status":"closed","template":"","meta":{"_uf_show_specific_survey":0,"_uf_disable_surveys":false,"_bst_post_transparent":"default","_bst_post_title":"","_bst_post_layout":"default","_bst_post_sidebar_id":"","_bst_post_content_style":"default","_bst_post_vertical_padding":"default","_bst_post_feature":"","_bst_post_feature_position":"","_bst_post_header":false,"_bst_post_footer":false},"pwb-brand":[493],"product_brand":[],"product_cat":[92,99,201],"product_tag":[568,230,1152,462],"class_list":{"0":"post-18569","1":"product","2":"type-product","3":"status-publish","4":"has-post-thumbnail","6":"pwb-brand-vt","7":"product_cat-nagu","8":"product_cat-silmad-ja-huuled-2","9":"product_cat-silmakreem","10":"product_tag-korea","11":"product_tag-pigment","12":"product_tag-silmakreem","13":"product_tag-vt","15":"first","16":"instock","17":"shipping-taxable","18":"purchasable","19":"product-type-simple","20":"entry","21":"content-bg","22":"loop-entry"},"supplier_id":null,"supplier_sku":"","barcode":null,"atum_controlled":true,"out_stock_date":null,"out_stock_threshold":null,"inheritable":false,"inbound_stock":null,"stock_on_hold":null,"sold_today":null,"sales_last_days":null,"out_stock_days":null,"lost_sales":null,"has_location":false,"update_date":"2026-04-29T09:08:04","atum_locations":[],"atum_stock_status":"instock","restock_status":false,"low_stock_amount":"","sales_update_date":null,"calc_backorders":null,"yoast_head":"<!-- This site is optimized with the Yoast SEO plugin v27.2 - https:\/\/yoast.com\/product\/yoast-seo-wordpress\/ -->\n<title>VT Cosmetics Reedle Shot Vita-light Eye Cream, 15ml - IDA.KOREA<\/title>\n<meta name=\"description\" content=\"Silma\u00fcmbruskreem toniseerib ja pinguldab, v\u00e4hendab pigmendilaikude ja eba\u00fchtlase nahatooni n\u00e4htavust ning leevendab tumedaid silmaaluseid. Kiire tarne!\" \/>\n<meta name=\"robots\" content=\"index, follow, max-snippet:-1, max-image-preview:large, max-video-preview:-1\" \/>\n<link rel=\"canonical\" href=\"https:\/\/idakorea.ee\/fi\/product\/vt-cosmetics-reedle-shot-vita-light-eye-cream-15ml\/\" \/>\n<meta property=\"og:locale\" content=\"fi_FI\" \/>\n<meta property=\"og:type\" content=\"article\" \/>\n<meta property=\"og:title\" content=\"VT Cosmetics Reedle Shot Vita-light Eye Cream, 15ml - IDA.KOREA\" \/>\n<meta property=\"og:description\" content=\"Silma\u00fcmbruskreem toniseerib ja pinguldab, v\u00e4hendab pigmendilaikude ja eba\u00fchtlase nahatooni n\u00e4htavust ning leevendab tumedaid silmaaluseid. Kiire tarne!\" \/>\n<meta property=\"og:url\" content=\"https:\/\/idakorea.ee\/fi\/product\/vt-cosmetics-reedle-shot-vita-light-eye-cream-15ml\/\" \/>\n<meta property=\"og:site_name\" content=\"IDA.KOREA\" \/>\n<meta property=\"og:image\" content=\"https:\/\/idakorea.ee\/wp-content\/uploads\/2026\/04\/VT-Cosmetics_-Reedle-Shot-Vita_light-Eye-Cream-idakorea.jpg\" \/>\n\t<meta property=\"og:image:width\" content=\"1000\" \/>\n\t<meta property=\"og:image:height\" content=\"1000\" \/>\n\t<meta property=\"og:image:type\" content=\"image\/jpeg\" \/>\n<meta name=\"twitter:card\" content=\"summary_large_image\" \/>\n<meta name=\"twitter:label1\" content=\"Arvioitu lukuaika\" \/>\n\t<meta name=\"twitter:data1\" content=\"2 minuuttia\" \/>\n<script type=\"application\/ld+json\" class=\"yoast-schema-graph\">{\"@context\":\"https:\/\/schema.org\",\"@graph\":[{\"@type\":\"WebPage\",\"@id\":\"https:\/\/idakorea.ee\/product\/vt-cosmetics-reedle-shot-vita-light-eye-cream-15ml\/\",\"url\":\"https:\/\/idakorea.ee\/product\/vt-cosmetics-reedle-shot-vita-light-eye-cream-15ml\/\",\"name\":\"VT Cosmetics Reedle Shot Vita-light Eye Cream, 15ml - IDA.KOREA\",\"isPartOf\":{\"@id\":\"https:\/\/idakorea.ee\/#website\"},\"primaryImageOfPage\":{\"@id\":\"https:\/\/idakorea.ee\/product\/vt-cosmetics-reedle-shot-vita-light-eye-cream-15ml\/#primaryimage\"},\"image\":{\"@id\":\"https:\/\/idakorea.ee\/product\/vt-cosmetics-reedle-shot-vita-light-eye-cream-15ml\/#primaryimage\"},\"thumbnailUrl\":\"https:\/\/idakorea.ee\/wp-content\/uploads\/2026\/04\/VT-Cosmetics_-Reedle-Shot-Vita_light-Eye-Cream-idakorea.jpg\",\"datePublished\":\"2026-04-29T09:08:01+00:00\",\"description\":\"Silma\u00fcmbruskreem toniseerib ja pinguldab, v\u00e4hendab pigmendilaikude ja eba\u00fchtlase nahatooni n\u00e4htavust ning leevendab tumedaid silmaaluseid. Kiire tarne!\",\"breadcrumb\":{\"@id\":\"https:\/\/idakorea.ee\/product\/vt-cosmetics-reedle-shot-vita-light-eye-cream-15ml\/#breadcrumb\"},\"inLanguage\":\"fi\",\"potentialAction\":[{\"@type\":\"ReadAction\",\"target\":[\"https:\/\/idakorea.ee\/product\/vt-cosmetics-reedle-shot-vita-light-eye-cream-15ml\/\"]}]},{\"@type\":\"ImageObject\",\"inLanguage\":\"fi\",\"@id\":\"https:\/\/idakorea.ee\/product\/vt-cosmetics-reedle-shot-vita-light-eye-cream-15ml\/#primaryimage\",\"url\":\"https:\/\/idakorea.ee\/wp-content\/uploads\/2026\/04\/VT-Cosmetics_-Reedle-Shot-Vita_light-Eye-Cream-idakorea.jpg\",\"contentUrl\":\"https:\/\/idakorea.ee\/wp-content\/uploads\/2026\/04\/VT-Cosmetics_-Reedle-Shot-Vita_light-Eye-Cream-idakorea.jpg\",\"width\":1000,\"height\":1000},{\"@type\":\"BreadcrumbList\",\"@id\":\"https:\/\/idakorea.ee\/product\/vt-cosmetics-reedle-shot-vita-light-eye-cream-15ml\/#breadcrumb\",\"itemListElement\":[{\"@type\":\"ListItem\",\"position\":1,\"name\":\"\u0413\u043b\u0430\u0432\u043d\u0430\u044f \u0441\u0442\u0440\u0430\u043d\u0438\u0446\u0430\",\"item\":\"https:\/\/idakorea.ee\/\"},{\"@type\":\"ListItem\",\"position\":2,\"name\":\"Shop\",\"item\":\"https:\/\/idakorea.ee\/shop-2\/\"},{\"@type\":\"ListItem\",\"position\":3,\"name\":\"Silma\u00fcmbruskreem VT Cosmetics Reedle Shot Vita-light Eye Cream, 15ml\"}]},{\"@type\":\"WebSite\",\"@id\":\"https:\/\/idakorea.ee\/#website\",\"url\":\"https:\/\/idakorea.ee\/\",\"name\":\"IDA.KOREA\",\"description\":\"Korea kosmeetika e-pood\",\"publisher\":{\"@id\":\"https:\/\/idakorea.ee\/#organization\"},\"alternateName\":\"Beauty Shop\",\"potentialAction\":[{\"@type\":\"SearchAction\",\"target\":{\"@type\":\"EntryPoint\",\"urlTemplate\":\"https:\/\/idakorea.ee\/?s={search_term_string}\"},\"query-input\":{\"@type\":\"PropertyValueSpecification\",\"valueRequired\":true,\"valueName\":\"search_term_string\"}}],\"inLanguage\":\"fi\"},{\"@type\":\"Organization\",\"@id\":\"https:\/\/idakorea.ee\/#organization\",\"name\":\"IDA.KOREA\",\"url\":\"https:\/\/idakorea.ee\/\",\"logo\":{\"@type\":\"ImageObject\",\"inLanguage\":\"fi\",\"@id\":\"https:\/\/idakorea.ee\/#\/schema\/logo\/image\/\",\"url\":\"https:\/\/idakorea.ee\/wp-content\/uploads\/2024\/05\/cropped-korea3.png\",\"contentUrl\":\"https:\/\/idakorea.ee\/wp-content\/uploads\/2024\/05\/cropped-korea3.png\",\"width\":688,\"height\":126,\"caption\":\"IDA.KOREA\"},\"image\":{\"@id\":\"https:\/\/idakorea.ee\/#\/schema\/logo\/image\/\"},\"sameAs\":[\"https:\/\/www.instagram.com\/ida.korea\/\"]}]}<\/script>\n<!-- \/ Yoast SEO plugin. -->","yoast_head_json":{"title":"VT Cosmetics Reedle Shot Vita-light Eye Cream, 15ml - IDA.KOREA","description":"Silma\u00fcmbruskreem toniseerib ja pinguldab, v\u00e4hendab pigmendilaikude ja eba\u00fchtlase nahatooni n\u00e4htavust ning leevendab tumedaid silmaaluseid. Kiire tarne!","robots":{"index":"index","follow":"follow","max-snippet":"max-snippet:-1","max-image-preview":"max-image-preview:large","max-video-preview":"max-video-preview:-1"},"canonical":"https:\/\/idakorea.ee\/fi\/product\/vt-cosmetics-reedle-shot-vita-light-eye-cream-15ml\/","og_locale":"fi_FI","og_type":"article","og_title":"VT Cosmetics Reedle Shot Vita-light Eye Cream, 15ml - IDA.KOREA","og_description":"Silma\u00fcmbruskreem toniseerib ja pinguldab, v\u00e4hendab pigmendilaikude ja eba\u00fchtlase nahatooni n\u00e4htavust ning leevendab tumedaid silmaaluseid. Kiire tarne!","og_url":"https:\/\/idakorea.ee\/fi\/product\/vt-cosmetics-reedle-shot-vita-light-eye-cream-15ml\/","og_site_name":"IDA.KOREA","og_image":[{"width":1000,"height":1000,"url":"https:\/\/idakorea.ee\/wp-content\/uploads\/2026\/04\/VT-Cosmetics_-Reedle-Shot-Vita_light-Eye-Cream-idakorea.jpg","type":"image\/jpeg"}],"twitter_card":"summary_large_image","twitter_misc":{"Arvioitu lukuaika":"2 minuuttia"},"schema":{"@context":"https:\/\/schema.org","@graph":[{"@type":"WebPage","@id":"https:\/\/idakorea.ee\/product\/vt-cosmetics-reedle-shot-vita-light-eye-cream-15ml\/","url":"https:\/\/idakorea.ee\/product\/vt-cosmetics-reedle-shot-vita-light-eye-cream-15ml\/","name":"VT Cosmetics Reedle Shot Vita-light Eye Cream, 15ml - IDA.KOREA","isPartOf":{"@id":"https:\/\/idakorea.ee\/#website"},"primaryImageOfPage":{"@id":"https:\/\/idakorea.ee\/product\/vt-cosmetics-reedle-shot-vita-light-eye-cream-15ml\/#primaryimage"},"image":{"@id":"https:\/\/idakorea.ee\/product\/vt-cosmetics-reedle-shot-vita-light-eye-cream-15ml\/#primaryimage"},"thumbnailUrl":"https:\/\/idakorea.ee\/wp-content\/uploads\/2026\/04\/VT-Cosmetics_-Reedle-Shot-Vita_light-Eye-Cream-idakorea.jpg","datePublished":"2026-04-29T09:08:01+00:00","description":"Silma\u00fcmbruskreem toniseerib ja pinguldab, v\u00e4hendab pigmendilaikude ja eba\u00fchtlase nahatooni n\u00e4htavust ning leevendab tumedaid silmaaluseid. Kiire tarne!","breadcrumb":{"@id":"https:\/\/idakorea.ee\/product\/vt-cosmetics-reedle-shot-vita-light-eye-cream-15ml\/#breadcrumb"},"inLanguage":"fi","potentialAction":[{"@type":"ReadAction","target":["https:\/\/idakorea.ee\/product\/vt-cosmetics-reedle-shot-vita-light-eye-cream-15ml\/"]}]},{"@type":"ImageObject","inLanguage":"fi","@id":"https:\/\/idakorea.ee\/product\/vt-cosmetics-reedle-shot-vita-light-eye-cream-15ml\/#primaryimage","url":"https:\/\/idakorea.ee\/wp-content\/uploads\/2026\/04\/VT-Cosmetics_-Reedle-Shot-Vita_light-Eye-Cream-idakorea.jpg","contentUrl":"https:\/\/idakorea.ee\/wp-content\/uploads\/2026\/04\/VT-Cosmetics_-Reedle-Shot-Vita_light-Eye-Cream-idakorea.jpg","width":1000,"height":1000},{"@type":"BreadcrumbList","@id":"https:\/\/idakorea.ee\/product\/vt-cosmetics-reedle-shot-vita-light-eye-cream-15ml\/#breadcrumb","itemListElement":[{"@type":"ListItem","position":1,"name":"\u0413\u043b\u0430\u0432\u043d\u0430\u044f \u0441\u0442\u0440\u0430\u043d\u0438\u0446\u0430","item":"https:\/\/idakorea.ee\/"},{"@type":"ListItem","position":2,"name":"Shop","item":"https:\/\/idakorea.ee\/shop-2\/"},{"@type":"ListItem","position":3,"name":"Silma\u00fcmbruskreem VT Cosmetics Reedle Shot Vita-light Eye Cream, 15ml"}]},{"@type":"WebSite","@id":"https:\/\/idakorea.ee\/#website","url":"https:\/\/idakorea.ee\/","name":"IDA.KOREA","description":"Korean kosmetiikan verkkokauppa","publisher":{"@id":"https:\/\/idakorea.ee\/#organization"},"alternateName":"Beauty Shop","potentialAction":[{"@type":"SearchAction","target":{"@type":"EntryPoint","urlTemplate":"https:\/\/idakorea.ee\/?s={search_term_string}"},"query-input":{"@type":"PropertyValueSpecification","valueRequired":true,"valueName":"search_term_string"}}],"inLanguage":"fi"},{"@type":"Organization","@id":"https:\/\/idakorea.ee\/#organization","name":"IDA.KOREA","url":"https:\/\/idakorea.ee\/","logo":{"@type":"ImageObject","inLanguage":"fi","@id":"https:\/\/idakorea.ee\/#\/schema\/logo\/image\/","url":"https:\/\/idakorea.ee\/wp-content\/uploads\/2024\/05\/cropped-korea3.png","contentUrl":"https:\/\/idakorea.ee\/wp-content\/uploads\/2024\/05\/cropped-korea3.png","width":688,"height":126,"caption":"IDA.KOREA"},"image":{"@id":"https:\/\/idakorea.ee\/#\/schema\/logo\/image\/"},"sameAs":["https:\/\/www.instagram.com\/ida.korea\/"]}]}},"jetpack_sharing_enabled":true,"brands":[{"id":493,"name":"VT COSMETICS","slug":"vt"}],"_links":{"self":[{"href":"https:\/\/idakorea.ee\/fi\/wp-json\/wp\/v2\/product\/18569","targetHints":{"allow":["GET"]}}],"collection":[{"href":"https:\/\/idakorea.ee\/fi\/wp-json\/wp\/v2\/product"}],"about":[{"href":"https:\/\/idakorea.ee\/fi\/wp-json\/wp\/v2\/types\/product"}],"replies":[{"embeddable":true,"href":"https:\/\/idakorea.ee\/fi\/wp-json\/wp\/v2\/comments?post=18569"}],"version-history":[{"count":1,"href":"https:\/\/idakorea.ee\/fi\/wp-json\/wp\/v2\/product\/18569\/revisions"}],"predecessor-version":[{"id":18573,"href":"https:\/\/idakorea.ee\/fi\/wp-json\/wp\/v2\/product\/18569\/revisions\/18573"}],"wp:featuredmedia":[{"embeddable":true,"href":"https:\/\/idakorea.ee\/fi\/wp-json\/wp\/v2\/media\/18570"}],"wp:attachment":[{"href":"https:\/\/idakorea.ee\/fi\/wp-json\/wp\/v2\/media?parent=18569"}],"wp:term":[{"taxonomy":"pwb-brand","embeddable":true,"href":"https:\/\/idakorea.ee\/fi\/wp-json\/wp\/v2\/pwb-brand?post=18569"},{"taxonomy":"product_brand","embeddable":true,"href":"https:\/\/idakorea.ee\/fi\/wp-json\/wp\/v2\/product_brand?post=18569"},{"taxonomy":"product_cat","embeddable":true,"href":"https:\/\/idakorea.ee\/fi\/wp-json\/wp\/v2\/product_cat?post=18569"},{"taxonomy":"product_tag","embeddable":true,"href":"https:\/\/idakorea.ee\/fi\/wp-json\/wp\/v2\/product_tag?post=18569"}],"curies":[{"name":"wp","href":"https:\/\/api.w.org\/{rel}","templated":true}]}}