{"id":18598,"date":"2026-05-04T11:19:50","date_gmt":"2026-05-04T09:19:50","guid":{"rendered":"https:\/\/idakorea.ee\/?post_type=product&#038;p=18598"},"modified":"2026-05-04T11:19:51","modified_gmt":"2026-05-04T09:19:51","slug":"celimax-ji-woo-gae-baking-soda-deep-pore-foam-cleansing-150ml","status":"publish","type":"product","link":"https:\/\/idakorea.ee\/fi\/product\/celimax-ji-woo-gae-baking-soda-deep-pore-foam-cleansing-150ml\/","title":{"rendered":"Celimax Ji Woo Gae Baking Soda Deep Pore Foam Cleansing, 150ml"},"content":{"rendered":"<p>Syv\u00e4puhdistava vaahtoava puhdistusaine ruokasoodalla <strong>Celimax Ji Woo Gae Baking Soda Deep Pore Foam Cleansing<\/strong> Poistaa likaa ja imee ylim\u00e4\u00e4r\u00e4ist\u00e4 talia, liuottaa komedoneja ja auttaa ehk\u00e4isem\u00e4\u00e4n mustap\u00e4iden muodostumista.<\/p>\n<p>Se kuorii tehokkaasti kuolleita ihosoluja, tasoittaa ihon mikroreliefi\u00e4 ja pehment\u00e4\u00e4 karheita alueita. Auttaa tasapainottamaan talirauhasten toimintaa, tekee ihosta mattapintaisen ja edist\u00e4\u00e4 tulehtuneiden ihovaurioiden paranemista.<\/p>\n<p><strong>T\u00e4rkeimm\u00e4t vaikuttavat aineet:<\/strong><\/p>\n<ul>\n<li><strong>Sooda<\/strong> Kuorii hell\u00e4varaisesti, poistaa likaa ihohuokosista ja liuottaa komedoneja k\u00e4ynnist\u00e4en ihon uusiutumisprosessin.<\/li>\n<li><strong>BHA (salisyylihappo)<\/strong> s\u00e4\u00e4telee talirauhasten tuotantoa ja v\u00e4hent\u00e4\u00e4 rasvaista kiiltoa, mik\u00e4 auttaa ehk\u00e4isem\u00e4\u00e4n mustap\u00e4iden muodostumista.<\/li>\n<li><strong>Kaksi savea<\/strong> sis\u00e4lt\u00e4v\u00e4t paljon mineraaleja ja hivenaineita, puhdistavat ihoa syv\u00e4lt\u00e4, poistavat kuolleita ihosoluja ja tasoittavat ihon rakennetta.<\/li>\n<li><strong>Osterikuoriuute<\/strong> Sis\u00e4lt\u00e4\u00e4 runsaasti biologisesti aktiivisia aineita, stimuloi uusiutumisprosesseja ja auttaa yll\u00e4pit\u00e4m\u00e4\u00e4n ihon kimmoisuutta.<\/li>\n<li><strong>Centella Asiatica -uute<\/strong> sill\u00e4 on tulehdusta est\u00e4vi\u00e4 ja uudistavia vaikutuksia, se auttaa vahvistamaan ihon suojakerrosta ja v\u00e4hent\u00e4\u00e4 herkkyytt\u00e4.<\/li>\n<li><strong>Spirulina-uute<\/strong> on runsaasti aminohappoja ja mineraaleja, kosteuttaa tehokkaasti, vahvistaa ihon paikallista puolustuskyky\u00e4 ja parantaa sen suojatoimintoja.<\/li>\n<\/ul>\n<p>&nbsp;<\/p>\n<p>Sopii normaalille, sekaiholle ja rasvaiselle iholle.<\/p>\n<p><strong>K\u00e4ytt\u00f6:<\/strong> Vaahdota tuotetta k\u00e4mmeniss\u00e4si, levit\u00e4 kasvoillesi, levit\u00e4 tasaisesti iholle py\u00f6rivin liikkein ja huuhtele vedell\u00e4.<\/p>","protected":false},"excerpt":{"rendered":"<p>Celimax Ji Woo Gae Baking Soda Deep Pore Foam Cleansing -puhdistusaine poistaa likaa ja imee ylim\u00e4\u00e4r\u00e4ist\u00e4 talia, liuottaa komedoneja ja auttaa ehk\u00e4isem\u00e4\u00e4n mustap\u00e4iden muodostumista. Se kuorii tehokkaasti kuolleita ihosoluja, tasoittaa ihon mikroreliefi\u00e4 ja pehment\u00e4\u00e4 karheita alueita. Auttaa tasapainottamaan talirauhasten toimintaa, tekee ihosta mattapintaisen ja edist\u00e4\u00e4 tulehtuneiden ihovaurioiden paranemista. T\u00e4rkeimm\u00e4t vaikuttavat aineosat: Sooda kuorii\u2026<\/p>","protected":false},"featured_media":18600,"comment_status":"open","ping_status":"closed","template":"","meta":{"_uf_show_specific_survey":0,"_uf_disable_surveys":false,"_bst_post_transparent":"default","_bst_post_title":"","_bst_post_layout":"default","_bst_post_sidebar_id":"","_bst_post_content_style":"default","_bst_post_vertical_padding":"default","_bst_post_feature":"","_bst_post_feature_position":"","_bst_post_header":false,"_bst_post_footer":false},"pwb-brand":[885],"product_brand":[],"product_cat":[92,452,100],"product_tag":[886,568,449,214],"class_list":{"0":"post-18598","1":"product","2":"type-product","3":"status-publish","4":"has-post-thumbnail","6":"pwb-brand-celimax","7":"product_cat-nagu","8":"product_cat-naopuhastusgeelid","9":"product_cat-puhastusvahendid","10":"product_tag-celimax","11":"product_tag-korea","12":"product_tag-pore","13":"product_tag-rasune-nahk","15":"first","16":"instock","17":"sale","18":"shipping-taxable","19":"purchasable","20":"product-type-simple","21":"entry","22":"content-bg","23":"loop-entry"},"supplier_id":null,"supplier_sku":"","barcode":null,"atum_controlled":true,"out_stock_date":null,"out_stock_threshold":null,"inheritable":false,"inbound_stock":null,"stock_on_hold":0,"sold_today":0,"sales_last_days":0,"out_stock_days":0,"lost_sales":0,"has_location":false,"update_date":"2026-05-10T00:17:54","atum_locations":[],"atum_stock_status":"instock","restock_status":false,"low_stock_amount":"","sales_update_date":"2026-05-10T00:17:54","calc_backorders":null,"yoast_head":"<!-- This site is optimized with the Yoast SEO plugin v27.2 - https:\/\/yoast.com\/product\/yoast-seo-wordpress\/ -->\n<title>Celimax Ji Woo Gae Baking Soda Deep Pore Foam Cleansing, 150ml - IDA.KOREA<\/title>\n<meta name=\"description\" content=\"S\u00fcgavpuhastav soodaga vahtpuhastusvahend eemaldab mustuse ja imab endasse liigse rasu, lahustab komedoone ning aitab ennetada mustade t\u00e4ppide teket.\" \/>\n<meta name=\"robots\" content=\"index, follow, max-snippet:-1, max-image-preview:large, max-video-preview:-1\" \/>\n<link rel=\"canonical\" href=\"https:\/\/idakorea.ee\/fi\/product\/celimax-ji-woo-gae-baking-soda-deep-pore-foam-cleansing-150ml\/\" \/>\n<meta property=\"og:locale\" content=\"fi_FI\" \/>\n<meta property=\"og:type\" content=\"article\" \/>\n<meta property=\"og:title\" content=\"Celimax Ji Woo Gae Baking Soda Deep Pore Foam Cleansing, 150ml - IDA.KOREA\" \/>\n<meta property=\"og:description\" content=\"S\u00fcgavpuhastav soodaga vahtpuhastusvahend eemaldab mustuse ja imab endasse liigse rasu, lahustab komedoone ning aitab ennetada mustade t\u00e4ppide teket.\" \/>\n<meta property=\"og:url\" content=\"https:\/\/idakorea.ee\/fi\/product\/celimax-ji-woo-gae-baking-soda-deep-pore-foam-cleansing-150ml\/\" \/>\n<meta property=\"og:site_name\" content=\"IDA.KOREA\" \/>\n<meta property=\"article:modified_time\" content=\"2026-05-04T09:19:51+00:00\" \/>\n<meta property=\"og:image\" content=\"https:\/\/idakorea.ee\/wp-content\/uploads\/2026\/05\/Celimax_Jiwoogae_Baking_Soda_Deep_Pore_Foam_Cleansing-idakorea.jpg\" \/>\n\t<meta property=\"og:image:width\" content=\"1000\" \/>\n\t<meta property=\"og:image:height\" content=\"1000\" \/>\n\t<meta property=\"og:image:type\" content=\"image\/jpeg\" \/>\n<meta name=\"twitter:card\" content=\"summary_large_image\" \/>\n<meta name=\"twitter:label1\" content=\"Arvioitu lukuaika\" \/>\n\t<meta name=\"twitter:data1\" content=\"2 minuuttia\" \/>\n<script type=\"application\/ld+json\" class=\"yoast-schema-graph\">{\"@context\":\"https:\/\/schema.org\",\"@graph\":[{\"@type\":\"WebPage\",\"@id\":\"https:\/\/idakorea.ee\/product\/celimax-ji-woo-gae-baking-soda-deep-pore-foam-cleansing-150ml\/\",\"url\":\"https:\/\/idakorea.ee\/product\/celimax-ji-woo-gae-baking-soda-deep-pore-foam-cleansing-150ml\/\",\"name\":\"Celimax Ji Woo Gae Baking Soda Deep Pore Foam Cleansing, 150ml - IDA.KOREA\",\"isPartOf\":{\"@id\":\"https:\/\/idakorea.ee\/#website\"},\"primaryImageOfPage\":{\"@id\":\"https:\/\/idakorea.ee\/product\/celimax-ji-woo-gae-baking-soda-deep-pore-foam-cleansing-150ml\/#primaryimage\"},\"image\":{\"@id\":\"https:\/\/idakorea.ee\/product\/celimax-ji-woo-gae-baking-soda-deep-pore-foam-cleansing-150ml\/#primaryimage\"},\"thumbnailUrl\":\"https:\/\/idakorea.ee\/wp-content\/uploads\/2026\/05\/Celimax_Jiwoogae_Baking_Soda_Deep_Pore_Foam_Cleansing-idakorea.jpg\",\"datePublished\":\"2026-05-04T09:19:50+00:00\",\"dateModified\":\"2026-05-04T09:19:51+00:00\",\"description\":\"S\u00fcgavpuhastav soodaga vahtpuhastusvahend eemaldab mustuse ja imab endasse liigse rasu, lahustab komedoone ning aitab ennetada mustade t\u00e4ppide teket.\",\"breadcrumb\":{\"@id\":\"https:\/\/idakorea.ee\/product\/celimax-ji-woo-gae-baking-soda-deep-pore-foam-cleansing-150ml\/#breadcrumb\"},\"inLanguage\":\"fi\",\"potentialAction\":[{\"@type\":\"ReadAction\",\"target\":[\"https:\/\/idakorea.ee\/product\/celimax-ji-woo-gae-baking-soda-deep-pore-foam-cleansing-150ml\/\"]}]},{\"@type\":\"ImageObject\",\"inLanguage\":\"fi\",\"@id\":\"https:\/\/idakorea.ee\/product\/celimax-ji-woo-gae-baking-soda-deep-pore-foam-cleansing-150ml\/#primaryimage\",\"url\":\"https:\/\/idakorea.ee\/wp-content\/uploads\/2026\/05\/Celimax_Jiwoogae_Baking_Soda_Deep_Pore_Foam_Cleansing-idakorea.jpg\",\"contentUrl\":\"https:\/\/idakorea.ee\/wp-content\/uploads\/2026\/05\/Celimax_Jiwoogae_Baking_Soda_Deep_Pore_Foam_Cleansing-idakorea.jpg\",\"width\":1000,\"height\":1000},{\"@type\":\"BreadcrumbList\",\"@id\":\"https:\/\/idakorea.ee\/product\/celimax-ji-woo-gae-baking-soda-deep-pore-foam-cleansing-150ml\/#breadcrumb\",\"itemListElement\":[{\"@type\":\"ListItem\",\"position\":1,\"name\":\"\u0413\u043b\u0430\u0432\u043d\u0430\u044f \u0441\u0442\u0440\u0430\u043d\u0438\u0446\u0430\",\"item\":\"https:\/\/idakorea.ee\/\"},{\"@type\":\"ListItem\",\"position\":2,\"name\":\"Shop\",\"item\":\"https:\/\/idakorea.ee\/shop-2\/\"},{\"@type\":\"ListItem\",\"position\":3,\"name\":\"S\u00fcgavpuhastav soodaga vaht Celimax Ji Woo Gae Baking Soda Deep Pore Foam Cleansing, 150ml\"}]},{\"@type\":\"WebSite\",\"@id\":\"https:\/\/idakorea.ee\/#website\",\"url\":\"https:\/\/idakorea.ee\/\",\"name\":\"IDA.KOREA\",\"description\":\"Korea kosmeetika e-pood\",\"publisher\":{\"@id\":\"https:\/\/idakorea.ee\/#organization\"},\"alternateName\":\"Beauty Shop\",\"potentialAction\":[{\"@type\":\"SearchAction\",\"target\":{\"@type\":\"EntryPoint\",\"urlTemplate\":\"https:\/\/idakorea.ee\/?s={search_term_string}\"},\"query-input\":{\"@type\":\"PropertyValueSpecification\",\"valueRequired\":true,\"valueName\":\"search_term_string\"}}],\"inLanguage\":\"fi\"},{\"@type\":\"Organization\",\"@id\":\"https:\/\/idakorea.ee\/#organization\",\"name\":\"IDA.KOREA\",\"url\":\"https:\/\/idakorea.ee\/\",\"logo\":{\"@type\":\"ImageObject\",\"inLanguage\":\"fi\",\"@id\":\"https:\/\/idakorea.ee\/#\/schema\/logo\/image\/\",\"url\":\"https:\/\/idakorea.ee\/wp-content\/uploads\/2024\/05\/cropped-korea3.png\",\"contentUrl\":\"https:\/\/idakorea.ee\/wp-content\/uploads\/2024\/05\/cropped-korea3.png\",\"width\":688,\"height\":126,\"caption\":\"IDA.KOREA\"},\"image\":{\"@id\":\"https:\/\/idakorea.ee\/#\/schema\/logo\/image\/\"},\"sameAs\":[\"https:\/\/www.instagram.com\/ida.korea\/\"]}]}<\/script>\n<!-- \/ Yoast SEO plugin. -->","yoast_head_json":{"title":"Celimax Ji Woo Gae Ruokasooda Syv\u00e4puhdistava Puhdistusvaahto, 150ml - IDA.KOREA","description":"Syv\u00e4puhdistava vaahtoava puhdistusaine ruokasoodalla poistaa likaa ja imee ylim\u00e4\u00e4r\u00e4ist\u00e4 talia, liuottaa komedoneja ja auttaa ehk\u00e4isem\u00e4\u00e4n mustap\u00e4iden muodostumista.","robots":{"index":"index","follow":"follow","max-snippet":"max-snippet:-1","max-image-preview":"max-image-preview:large","max-video-preview":"max-video-preview:-1"},"canonical":"https:\/\/idakorea.ee\/fi\/product\/celimax-ji-woo-gae-baking-soda-deep-pore-foam-cleansing-150ml\/","og_locale":"fi_FI","og_type":"article","og_title":"Celimax Ji Woo Gae Baking Soda Deep Pore Foam Cleansing, 150ml - IDA.KOREA","og_description":"S\u00fcgavpuhastav soodaga vahtpuhastusvahend eemaldab mustuse ja imab endasse liigse rasu, lahustab komedoone ning aitab ennetada mustade t\u00e4ppide teket.","og_url":"https:\/\/idakorea.ee\/fi\/product\/celimax-ji-woo-gae-baking-soda-deep-pore-foam-cleansing-150ml\/","og_site_name":"IDA.KOREA","article_modified_time":"2026-05-04T09:19:51+00:00","og_image":[{"width":1000,"height":1000,"url":"https:\/\/idakorea.ee\/wp-content\/uploads\/2026\/05\/Celimax_Jiwoogae_Baking_Soda_Deep_Pore_Foam_Cleansing-idakorea.jpg","type":"image\/jpeg"}],"twitter_card":"summary_large_image","twitter_misc":{"Arvioitu lukuaika":"2 minuuttia"},"schema":{"@context":"https:\/\/schema.org","@graph":[{"@type":"WebPage","@id":"https:\/\/idakorea.ee\/product\/celimax-ji-woo-gae-baking-soda-deep-pore-foam-cleansing-150ml\/","url":"https:\/\/idakorea.ee\/product\/celimax-ji-woo-gae-baking-soda-deep-pore-foam-cleansing-150ml\/","name":"Celimax Ji Woo Gae Ruokasooda Syv\u00e4puhdistava Puhdistusvaahto, 150ml - IDA.KOREA","isPartOf":{"@id":"https:\/\/idakorea.ee\/#website"},"primaryImageOfPage":{"@id":"https:\/\/idakorea.ee\/product\/celimax-ji-woo-gae-baking-soda-deep-pore-foam-cleansing-150ml\/#primaryimage"},"image":{"@id":"https:\/\/idakorea.ee\/product\/celimax-ji-woo-gae-baking-soda-deep-pore-foam-cleansing-150ml\/#primaryimage"},"thumbnailUrl":"https:\/\/idakorea.ee\/wp-content\/uploads\/2026\/05\/Celimax_Jiwoogae_Baking_Soda_Deep_Pore_Foam_Cleansing-idakorea.jpg","datePublished":"2026-05-04T09:19:50+00:00","dateModified":"2026-05-04T09:19:51+00:00","description":"Syv\u00e4puhdistava vaahtoava puhdistusaine ruokasoodalla poistaa likaa ja imee ylim\u00e4\u00e4r\u00e4ist\u00e4 talia, liuottaa komedoneja ja auttaa ehk\u00e4isem\u00e4\u00e4n mustap\u00e4iden muodostumista.","breadcrumb":{"@id":"https:\/\/idakorea.ee\/product\/celimax-ji-woo-gae-baking-soda-deep-pore-foam-cleansing-150ml\/#breadcrumb"},"inLanguage":"fi","potentialAction":[{"@type":"ReadAction","target":["https:\/\/idakorea.ee\/product\/celimax-ji-woo-gae-baking-soda-deep-pore-foam-cleansing-150ml\/"]}]},{"@type":"ImageObject","inLanguage":"fi","@id":"https:\/\/idakorea.ee\/product\/celimax-ji-woo-gae-baking-soda-deep-pore-foam-cleansing-150ml\/#primaryimage","url":"https:\/\/idakorea.ee\/wp-content\/uploads\/2026\/05\/Celimax_Jiwoogae_Baking_Soda_Deep_Pore_Foam_Cleansing-idakorea.jpg","contentUrl":"https:\/\/idakorea.ee\/wp-content\/uploads\/2026\/05\/Celimax_Jiwoogae_Baking_Soda_Deep_Pore_Foam_Cleansing-idakorea.jpg","width":1000,"height":1000},{"@type":"BreadcrumbList","@id":"https:\/\/idakorea.ee\/product\/celimax-ji-woo-gae-baking-soda-deep-pore-foam-cleansing-150ml\/#breadcrumb","itemListElement":[{"@type":"ListItem","position":1,"name":"\u0413\u043b\u0430\u0432\u043d\u0430\u044f \u0441\u0442\u0440\u0430\u043d\u0438\u0446\u0430","item":"https:\/\/idakorea.ee\/"},{"@type":"ListItem","position":2,"name":"Shop","item":"https:\/\/idakorea.ee\/shop-2\/"},{"@type":"ListItem","position":3,"name":"S\u00fcgavpuhastav soodaga vaht Celimax Ji Woo Gae Baking Soda Deep Pore Foam Cleansing, 150ml"}]},{"@type":"WebSite","@id":"https:\/\/idakorea.ee\/#website","url":"https:\/\/idakorea.ee\/","name":"IDA.KOREA","description":"Korean kosmetiikan verkkokauppa","publisher":{"@id":"https:\/\/idakorea.ee\/#organization"},"alternateName":"Beauty Shop","potentialAction":[{"@type":"SearchAction","target":{"@type":"EntryPoint","urlTemplate":"https:\/\/idakorea.ee\/?s={search_term_string}"},"query-input":{"@type":"PropertyValueSpecification","valueRequired":true,"valueName":"search_term_string"}}],"inLanguage":"fi"},{"@type":"Organization","@id":"https:\/\/idakorea.ee\/#organization","name":"IDA.KOREA","url":"https:\/\/idakorea.ee\/","logo":{"@type":"ImageObject","inLanguage":"fi","@id":"https:\/\/idakorea.ee\/#\/schema\/logo\/image\/","url":"https:\/\/idakorea.ee\/wp-content\/uploads\/2024\/05\/cropped-korea3.png","contentUrl":"https:\/\/idakorea.ee\/wp-content\/uploads\/2024\/05\/cropped-korea3.png","width":688,"height":126,"caption":"IDA.KOREA"},"image":{"@id":"https:\/\/idakorea.ee\/#\/schema\/logo\/image\/"},"sameAs":["https:\/\/www.instagram.com\/ida.korea\/"]}]}},"jetpack_sharing_enabled":true,"brands":[{"id":885,"name":"CELIMAX","slug":"celimax"}],"_links":{"self":[{"href":"https:\/\/idakorea.ee\/fi\/wp-json\/wp\/v2\/product\/18598","targetHints":{"allow":["GET"]}}],"collection":[{"href":"https:\/\/idakorea.ee\/fi\/wp-json\/wp\/v2\/product"}],"about":[{"href":"https:\/\/idakorea.ee\/fi\/wp-json\/wp\/v2\/types\/product"}],"replies":[{"embeddable":true,"href":"https:\/\/idakorea.ee\/fi\/wp-json\/wp\/v2\/comments?post=18598"}],"version-history":[{"count":1,"href":"https:\/\/idakorea.ee\/fi\/wp-json\/wp\/v2\/product\/18598\/revisions"}],"predecessor-version":[{"id":18602,"href":"https:\/\/idakorea.ee\/fi\/wp-json\/wp\/v2\/product\/18598\/revisions\/18602"}],"wp:featuredmedia":[{"embeddable":true,"href":"https:\/\/idakorea.ee\/fi\/wp-json\/wp\/v2\/media\/18600"}],"wp:attachment":[{"href":"https:\/\/idakorea.ee\/fi\/wp-json\/wp\/v2\/media?parent=18598"}],"wp:term":[{"taxonomy":"pwb-brand","embeddable":true,"href":"https:\/\/idakorea.ee\/fi\/wp-json\/wp\/v2\/pwb-brand?post=18598"},{"taxonomy":"product_brand","embeddable":true,"href":"https:\/\/idakorea.ee\/fi\/wp-json\/wp\/v2\/product_brand?post=18598"},{"taxonomy":"product_cat","embeddable":true,"href":"https:\/\/idakorea.ee\/fi\/wp-json\/wp\/v2\/product_cat?post=18598"},{"taxonomy":"product_tag","embeddable":true,"href":"https:\/\/idakorea.ee\/fi\/wp-json\/wp\/v2\/product_tag?post=18598"}],"curies":[{"name":"wp","href":"https:\/\/api.w.org\/{rel}","templated":true}]}}