{"id":18603,"date":"2026-05-04T12:25:10","date_gmt":"2026-05-04T10:25:10","guid":{"rendered":"https:\/\/idakorea.ee\/?post_type=product&#038;p=18603"},"modified":"2026-05-09T20:55:42","modified_gmt":"2026-05-09T18:55:42","slug":"bb-lab-low-molecular-collagen-s-30-tk","status":"publish","type":"product","link":"https:\/\/idakorea.ee\/fi\/product\/bb-lab-low-molecular-collagen-s-30-tk\/","title":{"rendered":"BB LAB Low Molecular Collagen S, 30 kpl"},"content":{"rendered":"<p><strong>BB LAB<\/strong> <strong>Low Molecular Collagen S<\/strong> on k\u00e4tev\u00e4 kollageenijauhelis\u00e4, joka on suunniteltu tukemaan sis\u00e4ist\u00e4 kauneutta ja sidekudoksen yleist\u00e4 terveytt\u00e4. Jokainen tikku sis\u00e4lt\u00e4\u00e4 1200 mg pienimolekyylipainoista kalasta per\u00e4isin olevaa kollageenia, joka on eritt\u00e4in hyvin imeytyv\u00e4\u00e4 ja auttaa tukemaan ihon, nivelsiteiden ja luiden lujuutta ja kimmoisuutta. Se on helppo p\u00e4ivitt\u00e4inen valinta niille, jotka haluavat yll\u00e4pit\u00e4\u00e4 kiinte\u00e4mp\u00e4\u00e4 ja sile\u00e4mp\u00e4\u00e4 ihoa ja samalla tukea kehon rakenteellista hyvinvointia sis\u00e4lt\u00e4p\u00e4in.<\/p>\n<p>T\u00e4m\u00e4n koostumuksen erityispiirre on BB LABin ainutlaatuinen koostumus <strong>SF3X-7-seos<\/strong> \u2013 ravinteikas kompleksi, joka sis\u00e4lt\u00e4\u00e4 seitsem\u00e4n huolellisesti valittua ainesosaa: L-arginiinia, L-glutamiinihappoa, punaviiniryp\u00e4letiivistejauhetta, hematococcus-uutejauhetta, t\u00e4htianisjauhetta, inkiv\u00e4\u00e4rijauhetta ja aloe veraa. N\u00e4m\u00e4 ainesosat t\u00e4ydent\u00e4v\u00e4t kollageenin saantia, tukevat yleist\u00e4 elinvoimaa ja kauneutta edist\u00e4v\u00e4\u00e4 ravintoa. Lis\u00e4ravinne on my\u00f6s rikastettu 30 mg:lla C-vitamiinia (Isosta-Britanniasta), joka tarjoaa antioksidanttisuojaa, auttaa yll\u00e4pit\u00e4m\u00e4\u00e4n immuunij\u00e4rjestelm\u00e4n normaalia toimintaa ja on t\u00e4rke\u00e4ss\u00e4 roolissa kollageenin muodostumisessa.<\/p>\n<p>BB LAB Low Molecular Collagen S on silkkisen pehme\u00e4, suussa sulava jauhe, joka on helppo ottaa ilman vett\u00e4, joten se sopii t\u00e4ydellisesti kiireisiin p\u00e4iviin tai matkoille. Tuotteella on miellytt\u00e4v\u00e4 makean ja happaman &quot;seitsem\u00e4n marjan&quot; maku, joka tekee p\u00e4ivitt\u00e4isest\u00e4 k\u00e4yt\u00f6st\u00e4 nautinnollista. Jokainen pakkaus sis\u00e4lt\u00e4\u00e4 30 tikkua (2 g\/tikku). Ota yksi tikku p\u00e4iv\u00e4ss\u00e4 tukeaksesi kosteutettua, kimmoisaa ihoa ja terveemp\u00e4\u00e4 sidekudospohjaa.<\/p>\n<p><strong>Ainesosat:<\/strong> pienimolekyylipainoinen kalakollageeni, isomalti, vedet\u00f6n dekstroosi, glysiini, seitsem\u00e4n marjan tiiviste {mustikkatiiviste (Saksa), mustaherukkatiiviste (Saksa)}, DL-omenahappo, punajuuripunainen, sekoitus 1 (mustikkajauhe \/ sokerijauhe, aromi), L-askorbiinihappo, hedelm\u00e4- ja vihannestiivistejauhe {trooppinen hedelm\u00e4tiiviste (Israel)}, L-proliini, vedet\u00f6n sitruunahappo, sekoitus 2 (mansikkapuuvilla \/ dekstriini, laktoosi, aromi, pektiini, propyleeniglykoli), entsymaattisesti k\u00e4sitelty stevia, piidioksidi, elastiinihydrolysaattijauhe (USA), BB LAB -kompleksi (SF3X-7), nikotiiniamidi, hyaluronihapposekoitus (dekstriini, hyaluronihappo), kuusamahedelm\u00e4uutejauhe, <em>Dendropanax morbiferus<\/em>\u2019e-tiivistejauhe, sukraloosi (makeutusaine), A-vitamiinisekoitus (glukoosisiirappijauhe, maissit\u00e4rkkelys, arabikumi, kuivavalmisteinen A-vitamiini, dl-\u03b1-tokoferoli), muut jalostetut maataloustuotteet (DracoBelle\u2122 Nu), 17 erilaista maitohappobakteeria, kuivahiiva.<br \/>\nSis\u00e4lt\u00e4\u00e4 maitoa ja soijaa.<\/p>\n<p><strong>K\u00e4ytt\u00f6:<\/strong> Ota yksi tikku kerran p\u00e4iv\u00e4ss\u00e4 erikseen tai sekoita juomaan.<\/p>\n<p>2 g \u00d7 30 tikkua<\/p>","protected":false},"excerpt":{"rendered":"<p>BB LAB Low Molecular Collagen S on k\u00e4tev\u00e4 kollageenijauhelis\u00e4, joka on suunniteltu tukemaan sis\u00e4ist\u00e4 kauneutta ja sidekudoksen yleist\u00e4 terveytt\u00e4. Jokainen tikku sis\u00e4lt\u00e4\u00e4 1200 mg pienimolekyylipainoista kalasta per\u00e4isin olevaa kollageenia, joka on eritt\u00e4in hyvin imeytyv\u00e4\u00e4 ja auttaa tukemaan ihon, nivelsiteiden ja luiden lujuutta ja kimmoisuutta. Se on helppo p\u00e4ivitt\u00e4inen valinta niille, jotka haluavat s\u00e4ilytt\u00e4\u00e4 kiinte\u00e4mm\u00e4n ja sile\u00e4mm\u00e4n ihon\u2026<\/p>","protected":false},"featured_media":18606,"comment_status":"open","ping_status":"closed","template":"","meta":{"_uf_show_specific_survey":0,"_uf_disable_surveys":false,"_bst_post_transparent":"default","_bst_post_title":"","_bst_post_layout":"default","_bst_post_sidebar_id":"","_bst_post_content_style":"default","_bst_post_vertical_padding":"default","_bst_post_feature":"","_bst_post_feature_position":"","_bst_post_header":false,"_bst_post_footer":false},"pwb-brand":[1159],"product_brand":[],"product_cat":[370],"product_tag":[517,568,1160],"class_list":{"0":"post-18603","1":"product","2":"type-product","3":"status-publish","4":"has-post-thumbnail","6":"pwb-brand-bb-lab","7":"product_cat-toidulisandid","8":"product_tag-collagen","9":"product_tag-korea","10":"product_tag-premum","12":"first","13":"instock","14":"sale","15":"shipping-taxable","16":"purchasable","17":"product-type-simple","18":"entry","19":"content-bg","20":"loop-entry"},"supplier_id":null,"supplier_sku":"","barcode":null,"atum_controlled":true,"out_stock_date":null,"out_stock_threshold":null,"inheritable":false,"inbound_stock":null,"stock_on_hold":1,"sold_today":0,"sales_last_days":1,"out_stock_days":0,"lost_sales":0,"has_location":false,"update_date":"2026-05-10T00:17:57","atum_locations":[],"atum_stock_status":"instock","restock_status":false,"low_stock_amount":"","sales_update_date":"2026-05-10T00:17:57","calc_backorders":null,"yoast_head":"<!-- This site is optimized with the Yoast SEO plugin v27.2 - https:\/\/yoast.com\/product\/yoast-seo-wordpress\/ -->\n<title>BB LAB Low Molecular Collagen S, 30 tk - IDA.KOREA<\/title>\n<meta name=\"description\" content=\"Toidulisand, mis on loodud toetama sisemist ilu ja sidekoe \u00fcldist tervist. Iga pulk sisaldab 1200 mg v\u00e4ikese molekulmassiga kalaallikatest p\u00e4rit kollageeni.\" \/>\n<meta name=\"robots\" content=\"index, follow, max-snippet:-1, max-image-preview:large, max-video-preview:-1\" \/>\n<link rel=\"canonical\" href=\"https:\/\/idakorea.ee\/fi\/product\/bb-lab-low-molecular-collagen-s-30-tk\/\" \/>\n<meta property=\"og:locale\" content=\"fi_FI\" \/>\n<meta property=\"og:type\" content=\"article\" \/>\n<meta property=\"og:title\" content=\"BB LAB Low Molecular Collagen S, 30 tk - IDA.KOREA\" \/>\n<meta property=\"og:description\" content=\"Toidulisand, mis on loodud toetama sisemist ilu ja sidekoe \u00fcldist tervist. Iga pulk sisaldab 1200 mg v\u00e4ikese molekulmassiga kalaallikatest p\u00e4rit kollageeni.\" \/>\n<meta property=\"og:url\" content=\"https:\/\/idakorea.ee\/fi\/product\/bb-lab-low-molecular-collagen-s-30-tk\/\" \/>\n<meta property=\"og:site_name\" content=\"IDA.KOREA\" \/>\n<meta property=\"article:modified_time\" content=\"2026-05-09T18:55:42+00:00\" \/>\n<meta property=\"og:image\" content=\"https:\/\/idakorea.ee\/wp-content\/uploads\/2026\/05\/bb-lab-intensive-low-molecular-collagen-idakorea.png\" \/>\n\t<meta property=\"og:image:width\" content=\"1000\" \/>\n\t<meta property=\"og:image:height\" content=\"1000\" \/>\n\t<meta property=\"og:image:type\" content=\"image\/png\" \/>\n<meta name=\"twitter:card\" content=\"summary_large_image\" \/>\n<meta name=\"twitter:label1\" content=\"Arvioitu lukuaika\" \/>\n\t<meta name=\"twitter:data1\" content=\"2 minuuttia\" \/>\n<script type=\"application\/ld+json\" class=\"yoast-schema-graph\">{\"@context\":\"https:\/\/schema.org\",\"@graph\":[{\"@type\":\"WebPage\",\"@id\":\"https:\/\/idakorea.ee\/product\/bb-lab-low-molecular-collagen-s-30-tk\/\",\"url\":\"https:\/\/idakorea.ee\/product\/bb-lab-low-molecular-collagen-s-30-tk\/\",\"name\":\"BB LAB Low Molecular Collagen S, 30 tk - IDA.KOREA\",\"isPartOf\":{\"@id\":\"https:\/\/idakorea.ee\/#website\"},\"primaryImageOfPage\":{\"@id\":\"https:\/\/idakorea.ee\/product\/bb-lab-low-molecular-collagen-s-30-tk\/#primaryimage\"},\"image\":{\"@id\":\"https:\/\/idakorea.ee\/product\/bb-lab-low-molecular-collagen-s-30-tk\/#primaryimage\"},\"thumbnailUrl\":\"https:\/\/idakorea.ee\/wp-content\/uploads\/2026\/05\/bb-lab-intensive-low-molecular-collagen-idakorea.png\",\"datePublished\":\"2026-05-04T10:25:10+00:00\",\"dateModified\":\"2026-05-09T18:55:42+00:00\",\"description\":\"Toidulisand, mis on loodud toetama sisemist ilu ja sidekoe \u00fcldist tervist. Iga pulk sisaldab 1200 mg v\u00e4ikese molekulmassiga kalaallikatest p\u00e4rit kollageeni.\",\"breadcrumb\":{\"@id\":\"https:\/\/idakorea.ee\/product\/bb-lab-low-molecular-collagen-s-30-tk\/#breadcrumb\"},\"inLanguage\":\"fi\",\"potentialAction\":[{\"@type\":\"ReadAction\",\"target\":[\"https:\/\/idakorea.ee\/product\/bb-lab-low-molecular-collagen-s-30-tk\/\"]}]},{\"@type\":\"ImageObject\",\"inLanguage\":\"fi\",\"@id\":\"https:\/\/idakorea.ee\/product\/bb-lab-low-molecular-collagen-s-30-tk\/#primaryimage\",\"url\":\"https:\/\/idakorea.ee\/wp-content\/uploads\/2026\/05\/bb-lab-intensive-low-molecular-collagen-idakorea.png\",\"contentUrl\":\"https:\/\/idakorea.ee\/wp-content\/uploads\/2026\/05\/bb-lab-intensive-low-molecular-collagen-idakorea.png\",\"width\":1000,\"height\":1000},{\"@type\":\"BreadcrumbList\",\"@id\":\"https:\/\/idakorea.ee\/product\/bb-lab-low-molecular-collagen-s-30-tk\/#breadcrumb\",\"itemListElement\":[{\"@type\":\"ListItem\",\"position\":1,\"name\":\"\u0413\u043b\u0430\u0432\u043d\u0430\u044f \u0441\u0442\u0440\u0430\u043d\u0438\u0446\u0430\",\"item\":\"https:\/\/idakorea.ee\/\"},{\"@type\":\"ListItem\",\"position\":2,\"name\":\"Shop\",\"item\":\"https:\/\/idakorea.ee\/shop-2\/\"},{\"@type\":\"ListItem\",\"position\":3,\"name\":\"BB LAB Low Molecular Collagen S, 30 tk\"}]},{\"@type\":\"WebSite\",\"@id\":\"https:\/\/idakorea.ee\/#website\",\"url\":\"https:\/\/idakorea.ee\/\",\"name\":\"IDA.KOREA\",\"description\":\"Korea kosmeetika e-pood\",\"publisher\":{\"@id\":\"https:\/\/idakorea.ee\/#organization\"},\"alternateName\":\"Beauty Shop\",\"potentialAction\":[{\"@type\":\"SearchAction\",\"target\":{\"@type\":\"EntryPoint\",\"urlTemplate\":\"https:\/\/idakorea.ee\/?s={search_term_string}\"},\"query-input\":{\"@type\":\"PropertyValueSpecification\",\"valueRequired\":true,\"valueName\":\"search_term_string\"}}],\"inLanguage\":\"fi\"},{\"@type\":\"Organization\",\"@id\":\"https:\/\/idakorea.ee\/#organization\",\"name\":\"IDA.KOREA\",\"url\":\"https:\/\/idakorea.ee\/\",\"logo\":{\"@type\":\"ImageObject\",\"inLanguage\":\"fi\",\"@id\":\"https:\/\/idakorea.ee\/#\/schema\/logo\/image\/\",\"url\":\"https:\/\/idakorea.ee\/wp-content\/uploads\/2024\/05\/cropped-korea3.png\",\"contentUrl\":\"https:\/\/idakorea.ee\/wp-content\/uploads\/2024\/05\/cropped-korea3.png\",\"width\":688,\"height\":126,\"caption\":\"IDA.KOREA\"},\"image\":{\"@id\":\"https:\/\/idakorea.ee\/#\/schema\/logo\/image\/\"},\"sameAs\":[\"https:\/\/www.instagram.com\/ida.korea\/\"]}]}<\/script>\n<!-- \/ Yoast SEO plugin. -->","yoast_head_json":{"title":"BB LAB Matalamolekyylinen kollageeni S, 30 kpl - IDA.KOREA","description":"Ravintolis\u00e4, joka on suunniteltu tukemaan sis\u00e4ist\u00e4 kauneutta ja sidekudoksen yleist\u00e4 terveytt\u00e4. Jokainen tikku sis\u00e4lt\u00e4\u00e4 1200 mg pienimolekyylipainoista kalasta per\u00e4isin olevaa kollageenia.","robots":{"index":"index","follow":"follow","max-snippet":"max-snippet:-1","max-image-preview":"max-image-preview:large","max-video-preview":"max-video-preview:-1"},"canonical":"https:\/\/idakorea.ee\/fi\/product\/bb-lab-low-molecular-collagen-s-30-tk\/","og_locale":"fi_FI","og_type":"article","og_title":"BB LAB Low Molecular Collagen S, 30 tk - IDA.KOREA","og_description":"Toidulisand, mis on loodud toetama sisemist ilu ja sidekoe \u00fcldist tervist. Iga pulk sisaldab 1200 mg v\u00e4ikese molekulmassiga kalaallikatest p\u00e4rit kollageeni.","og_url":"https:\/\/idakorea.ee\/fi\/product\/bb-lab-low-molecular-collagen-s-30-tk\/","og_site_name":"IDA.KOREA","article_modified_time":"2026-05-09T18:55:42+00:00","og_image":[{"width":1000,"height":1000,"url":"https:\/\/idakorea.ee\/wp-content\/uploads\/2026\/05\/bb-lab-intensive-low-molecular-collagen-idakorea.png","type":"image\/png"}],"twitter_card":"summary_large_image","twitter_misc":{"Arvioitu lukuaika":"2 minuuttia"},"schema":{"@context":"https:\/\/schema.org","@graph":[{"@type":"WebPage","@id":"https:\/\/idakorea.ee\/product\/bb-lab-low-molecular-collagen-s-30-tk\/","url":"https:\/\/idakorea.ee\/product\/bb-lab-low-molecular-collagen-s-30-tk\/","name":"BB LAB Matalamolekyylinen kollageeni S, 30 kpl - IDA.KOREA","isPartOf":{"@id":"https:\/\/idakorea.ee\/#website"},"primaryImageOfPage":{"@id":"https:\/\/idakorea.ee\/product\/bb-lab-low-molecular-collagen-s-30-tk\/#primaryimage"},"image":{"@id":"https:\/\/idakorea.ee\/product\/bb-lab-low-molecular-collagen-s-30-tk\/#primaryimage"},"thumbnailUrl":"https:\/\/idakorea.ee\/wp-content\/uploads\/2026\/05\/bb-lab-intensive-low-molecular-collagen-idakorea.png","datePublished":"2026-05-04T10:25:10+00:00","dateModified":"2026-05-09T18:55:42+00:00","description":"Ravintolis\u00e4, joka on suunniteltu tukemaan sis\u00e4ist\u00e4 kauneutta ja sidekudoksen yleist\u00e4 terveytt\u00e4. Jokainen tikku sis\u00e4lt\u00e4\u00e4 1200 mg pienimolekyylipainoista kalasta per\u00e4isin olevaa kollageenia.","breadcrumb":{"@id":"https:\/\/idakorea.ee\/product\/bb-lab-low-molecular-collagen-s-30-tk\/#breadcrumb"},"inLanguage":"fi","potentialAction":[{"@type":"ReadAction","target":["https:\/\/idakorea.ee\/product\/bb-lab-low-molecular-collagen-s-30-tk\/"]}]},{"@type":"ImageObject","inLanguage":"fi","@id":"https:\/\/idakorea.ee\/product\/bb-lab-low-molecular-collagen-s-30-tk\/#primaryimage","url":"https:\/\/idakorea.ee\/wp-content\/uploads\/2026\/05\/bb-lab-intensive-low-molecular-collagen-idakorea.png","contentUrl":"https:\/\/idakorea.ee\/wp-content\/uploads\/2026\/05\/bb-lab-intensive-low-molecular-collagen-idakorea.png","width":1000,"height":1000},{"@type":"BreadcrumbList","@id":"https:\/\/idakorea.ee\/product\/bb-lab-low-molecular-collagen-s-30-tk\/#breadcrumb","itemListElement":[{"@type":"ListItem","position":1,"name":"\u0413\u043b\u0430\u0432\u043d\u0430\u044f \u0441\u0442\u0440\u0430\u043d\u0438\u0446\u0430","item":"https:\/\/idakorea.ee\/"},{"@type":"ListItem","position":2,"name":"Shop","item":"https:\/\/idakorea.ee\/shop-2\/"},{"@type":"ListItem","position":3,"name":"BB LAB Low Molecular Collagen S, 30 tk"}]},{"@type":"WebSite","@id":"https:\/\/idakorea.ee\/#website","url":"https:\/\/idakorea.ee\/","name":"IDA.KOREA","description":"Korean kosmetiikan verkkokauppa","publisher":{"@id":"https:\/\/idakorea.ee\/#organization"},"alternateName":"Beauty Shop","potentialAction":[{"@type":"SearchAction","target":{"@type":"EntryPoint","urlTemplate":"https:\/\/idakorea.ee\/?s={search_term_string}"},"query-input":{"@type":"PropertyValueSpecification","valueRequired":true,"valueName":"search_term_string"}}],"inLanguage":"fi"},{"@type":"Organization","@id":"https:\/\/idakorea.ee\/#organization","name":"IDA.KOREA","url":"https:\/\/idakorea.ee\/","logo":{"@type":"ImageObject","inLanguage":"fi","@id":"https:\/\/idakorea.ee\/#\/schema\/logo\/image\/","url":"https:\/\/idakorea.ee\/wp-content\/uploads\/2024\/05\/cropped-korea3.png","contentUrl":"https:\/\/idakorea.ee\/wp-content\/uploads\/2024\/05\/cropped-korea3.png","width":688,"height":126,"caption":"IDA.KOREA"},"image":{"@id":"https:\/\/idakorea.ee\/#\/schema\/logo\/image\/"},"sameAs":["https:\/\/www.instagram.com\/ida.korea\/"]}]}},"jetpack_sharing_enabled":true,"brands":[{"id":1159,"name":"BB LAB","slug":"bb-lab"}],"_links":{"self":[{"href":"https:\/\/idakorea.ee\/fi\/wp-json\/wp\/v2\/product\/18603","targetHints":{"allow":["GET"]}}],"collection":[{"href":"https:\/\/idakorea.ee\/fi\/wp-json\/wp\/v2\/product"}],"about":[{"href":"https:\/\/idakorea.ee\/fi\/wp-json\/wp\/v2\/types\/product"}],"replies":[{"embeddable":true,"href":"https:\/\/idakorea.ee\/fi\/wp-json\/wp\/v2\/comments?post=18603"}],"version-history":[{"count":1,"href":"https:\/\/idakorea.ee\/fi\/wp-json\/wp\/v2\/product\/18603\/revisions"}],"predecessor-version":[{"id":18608,"href":"https:\/\/idakorea.ee\/fi\/wp-json\/wp\/v2\/product\/18603\/revisions\/18608"}],"wp:featuredmedia":[{"embeddable":true,"href":"https:\/\/idakorea.ee\/fi\/wp-json\/wp\/v2\/media\/18606"}],"wp:attachment":[{"href":"https:\/\/idakorea.ee\/fi\/wp-json\/wp\/v2\/media?parent=18603"}],"wp:term":[{"taxonomy":"pwb-brand","embeddable":true,"href":"https:\/\/idakorea.ee\/fi\/wp-json\/wp\/v2\/pwb-brand?post=18603"},{"taxonomy":"product_brand","embeddable":true,"href":"https:\/\/idakorea.ee\/fi\/wp-json\/wp\/v2\/product_brand?post=18603"},{"taxonomy":"product_cat","embeddable":true,"href":"https:\/\/idakorea.ee\/fi\/wp-json\/wp\/v2\/product_cat?post=18603"},{"taxonomy":"product_tag","embeddable":true,"href":"https:\/\/idakorea.ee\/fi\/wp-json\/wp\/v2\/product_tag?post=18603"}],"curies":[{"name":"wp","href":"https:\/\/api.w.org\/{rel}","templated":true}]}}