{"id":18645,"date":"2026-05-08T14:16:51","date_gmt":"2026-05-08T12:16:51","guid":{"rendered":"https:\/\/idakorea.ee\/?post_type=product&#038;p=18645"},"modified":"2026-05-08T14:19:15","modified_gmt":"2026-05-08T12:19:15","slug":"bioheal-boh-panthecell-repair-cica-cream-mist-120ml","status":"publish","type":"product","link":"https:\/\/idakorea.ee\/fi\/product\/bioheal-boh-panthecell-repair-cica-cream-mist-120ml\/","title":{"rendered":"Kaksivaiheinen kasvosuihke pantenolilla BIOHEAL BOH Panthecell Repair Cica -voidesuihke, 120ml"},"content":{"rendered":"<p>Kaksivaiheinen kasvosuihke pantenolilla <strong>BIOHEAL BOH Panthecell Repair Cica -voidesuihke<\/strong> Vahvistaa ihon luonnollista suojakerrosta, v\u00e4hent\u00e4\u00e4 \u00e4rsytyst\u00e4 ja punoitusta sek\u00e4 alentaa herkkyytt\u00e4 ulkoisille \u00e4rsykkeille. Ravitsee ihoa, lievitt\u00e4\u00e4 kuivuutta ja kireytt\u00e4 sek\u00e4 pehment\u00e4\u00e4 karheita alueita.<\/p>\n<p>Liposomaalinen kuljetusteknologia Bio Oliosome Tech auttaa aktiivisia ainesosia tunkeutumaan syvemm\u00e4lle ja imeytym\u00e4\u00e4n paremmin, mik\u00e4 lis\u00e4\u00e4 tuotteen tehokkuutta. 12 peptidin kompleksi stimuloi epidermiksen solujen uusiutumista, tasoittaa ihon rakennetta ja lis\u00e4\u00e4 sen tiheytt\u00e4, kiinteytt\u00e4 ja elastisuutta.<\/p>\n<p><strong>T\u00e4rkeimm\u00e4t vaikuttavat aineet:<\/strong><\/p>\n<ul>\n<li><strong>Aasian vesinavan uute (10%)<\/strong> sill\u00e4 on tulehdusta ja haavan paranemista est\u00e4vi\u00e4 vaikutuksia, se auttaa palauttamaan suojakerroksen ja v\u00e4hent\u00e4\u00e4 herkkyytt\u00e4.<\/li>\n<li><strong>Pantenoli (B5-vitamiini, 1%)<\/strong> palauttaa sarveiskerroksen eheyden, optimoi ihon suojatoiminnot, nopeuttaa mikrovaurioiden paranemista ja lievitt\u00e4\u00e4 punoitusta ja \u00e4rsytyst\u00e4.<\/li>\n<li><strong>Kuparitripeptidi<\/strong> lis\u00e4\u00e4 kollageenin ja elastiinin synteesi\u00e4, parantaa ihon lujuutta ja sill\u00e4 on vahvistava, tulehdusta ehk\u00e4isev\u00e4 ja antioksidanttinen vaikutus, joka kiihdytt\u00e4\u00e4 epidermiksen solujen uudistumista.<\/li>\n<li><strong>Nonapeptidi<\/strong>, joka koostuu seitsem\u00e4st\u00e4 aminohaposta, est\u00e4\u00e4 tyrosinaasin, melaniinin kulkeutumista soluihin edist\u00e4v\u00e4n entsyymin, synteesi\u00e4 ja auttaa ehk\u00e4isem\u00e4\u00e4n ik\u00e4l\u00e4iskien muodostumista.<\/li>\n<li><strong>Palmitoyylipentapeptidi-4<\/strong> on hyvin tutkittu viidest\u00e4 aminohaposta koostuva ik\u00e4\u00e4ntymist\u00e4 hidastava peptidi, joka stimuloi epidermiksen solujen uusiutumis- ja uudistumisprosesseja. Se ei ole teholtaan retinolin veroinen, mutta ei aiheuta \u00e4rsytyst\u00e4.<\/li>\n<li><strong>Tokoferoli (E-vitamiini)<\/strong> Stimuloi epidermiksen solujen uusiutumista, parantaa kudosten s\u00e4vy\u00e4, v\u00e4hent\u00e4\u00e4 kuivumisesta johtuvien ryppyjen ja juonteiden syvyytt\u00e4, auttaa yll\u00e4pit\u00e4m\u00e4\u00e4n optimaalista kosteustasapainoa, tasoittaa ihonv\u00e4ri\u00e4 ja antaa hehkua.<\/li>\n<li><strong>Sofolians (Candida Bombicola ferment)<\/strong> Sill\u00e4 on antibakteerisia ominaisuuksia ja se est\u00e4\u00e4 tiettyjen aknea aiheuttavien bakteerien kasvua v\u00e4hent\u00e4en merkitt\u00e4v\u00e4sti talin tuotantoa.<\/li>\n<\/ul>\n<p>&nbsp;<\/p>\n<p>Sopii normaalille, kuivalle ja herk\u00e4lle iholle.<\/p>\n<p><strong>K\u00e4ytt\u00f6:<\/strong> Ravista pulloa sekoittaaksesi kaksi koostumusta ja suihkuta kasvoille 20\u201330 cm et\u00e4isyydelt\u00e4. Voidaan k\u00e4ytt\u00e4\u00e4 kasvoveden sijaan kasvovedenpuhdistusvaiheessa ja my\u00f6s lis\u00e4kosteutukseen p\u00e4iv\u00e4n aikana.<\/p>","protected":false},"excerpt":{"rendered":"<p>BIOHEAL BOH Panthecell Repair Cica Cream Mist, kaksivaiheinen pantenolia sis\u00e4lt\u00e4v\u00e4 kasvosuihke, vahvistaa ihon luonnollista suojakerrosta, v\u00e4hent\u00e4\u00e4 \u00e4rsytyst\u00e4 ja punoitusta sek\u00e4 alentaa herkkyytt\u00e4 ulkoisille \u00e4rsykkeille. Ravitsee ihoa, lievitt\u00e4\u00e4 kuivuutta ja kireytt\u00e4 sek\u00e4 pehment\u00e4\u00e4 karheita alueita. Liposomaalinen kuljetusteknologia Bio Oliosome Tech auttaa aktiivisia ainesosia tunkeutumaan syvemm\u00e4lle ja imeytym\u00e4\u00e4n paremmin, mik\u00e4 lis\u00e4\u00e4 tuotteen tehokkuutta. 12 peptidin kompleksi stimuloi ihoa\u2026<\/p>","protected":false},"featured_media":18648,"comment_status":"open","ping_status":"closed","template":"","meta":{"_uf_show_specific_survey":0,"_uf_disable_surveys":false,"_bst_post_transparent":"default","_bst_post_title":"","_bst_post_layout":"default","_bst_post_sidebar_id":"","_bst_post_content_style":"default","_bst_post_vertical_padding":"default","_bst_post_feature":"","_bst_post_feature_position":"","_bst_post_header":false,"_bst_post_footer":false},"pwb-brand":[479],"product_brand":[],"product_cat":[92,158],"product_tag":[734,568,928],"class_list":{"0":"post-18645","1":"product","2":"type-product","3":"status-publish","4":"has-post-thumbnail","6":"pwb-brand-bioheal-boh","7":"product_cat-nagu","8":"product_cat-toonik","9":"product_tag-cream","10":"product_tag-korea","11":"product_tag-mist","13":"first","14":"instock","15":"sale","16":"shipping-taxable","17":"purchasable","18":"product-type-simple","19":"entry","20":"content-bg","21":"loop-entry"},"supplier_id":null,"supplier_sku":"","barcode":null,"atum_controlled":true,"out_stock_date":null,"out_stock_threshold":null,"inheritable":false,"inbound_stock":null,"stock_on_hold":0,"sold_today":0,"sales_last_days":0,"out_stock_days":0,"lost_sales":0,"has_location":false,"update_date":"2026-05-10T00:17:55","atum_locations":[],"atum_stock_status":"instock","restock_status":false,"low_stock_amount":"","sales_update_date":"2026-05-10T00:17:55","calc_backorders":null,"yoast_head":"<!-- This site is optimized with the Yoast SEO plugin v27.2 - https:\/\/yoast.com\/product\/yoast-seo-wordpress\/ -->\n<title>BIOHEAL BOH Panthecell Repair Cica Cream Mist - IDA.KOREA<\/title>\n<meta name=\"description\" content=\"Kahefaasiline pantenooliga n\u00e4osprei tugevdab naha loomulikku kaitsebarj\u00e4\u00e4ri, v\u00e4hendab \u00e4rritust ja punetust, alandab tundlikkust v\u00e4liste \u00e4rritajate suhtes.\" \/>\n<meta name=\"robots\" content=\"index, follow, max-snippet:-1, max-image-preview:large, max-video-preview:-1\" \/>\n<link rel=\"canonical\" href=\"https:\/\/idakorea.ee\/fi\/product\/bioheal-boh-panthecell-repair-cica-cream-mist-120ml\/\" \/>\n<meta property=\"og:locale\" content=\"fi_FI\" \/>\n<meta property=\"og:type\" content=\"article\" \/>\n<meta property=\"og:title\" content=\"BIOHEAL BOH Panthecell Repair Cica Cream Mist - IDA.KOREA\" \/>\n<meta property=\"og:description\" content=\"Kahefaasiline pantenooliga n\u00e4osprei tugevdab naha loomulikku kaitsebarj\u00e4\u00e4ri, v\u00e4hendab \u00e4rritust ja punetust, alandab tundlikkust v\u00e4liste \u00e4rritajate suhtes.\" \/>\n<meta property=\"og:url\" content=\"https:\/\/idakorea.ee\/fi\/product\/bioheal-boh-panthecell-repair-cica-cream-mist-120ml\/\" \/>\n<meta property=\"og:site_name\" content=\"IDA.KOREA\" \/>\n<meta property=\"article:modified_time\" content=\"2026-05-08T12:19:15+00:00\" \/>\n<meta property=\"og:image\" content=\"https:\/\/idakorea.ee\/wp-content\/uploads\/2026\/05\/Bioheal-BOH-Panthecell-Repair-Cica-Cream-Mist-idakorea.jpg\" \/>\n\t<meta property=\"og:image:width\" content=\"1000\" \/>\n\t<meta property=\"og:image:height\" content=\"1000\" \/>\n\t<meta property=\"og:image:type\" content=\"image\/jpeg\" \/>\n<meta name=\"twitter:card\" content=\"summary_large_image\" \/>\n<meta name=\"twitter:label1\" content=\"Arvioitu lukuaika\" \/>\n\t<meta name=\"twitter:data1\" content=\"2 minuuttia\" \/>\n<script type=\"application\/ld+json\" class=\"yoast-schema-graph\">{\"@context\":\"https:\/\/schema.org\",\"@graph\":[{\"@type\":\"WebPage\",\"@id\":\"https:\/\/idakorea.ee\/product\/bioheal-boh-panthecell-repair-cica-cream-mist-120ml\/\",\"url\":\"https:\/\/idakorea.ee\/product\/bioheal-boh-panthecell-repair-cica-cream-mist-120ml\/\",\"name\":\"BIOHEAL BOH Panthecell Repair Cica Cream Mist - IDA.KOREA\",\"isPartOf\":{\"@id\":\"https:\/\/idakorea.ee\/#website\"},\"primaryImageOfPage\":{\"@id\":\"https:\/\/idakorea.ee\/product\/bioheal-boh-panthecell-repair-cica-cream-mist-120ml\/#primaryimage\"},\"image\":{\"@id\":\"https:\/\/idakorea.ee\/product\/bioheal-boh-panthecell-repair-cica-cream-mist-120ml\/#primaryimage\"},\"thumbnailUrl\":\"https:\/\/idakorea.ee\/wp-content\/uploads\/2026\/05\/Bioheal-BOH-Panthecell-Repair-Cica-Cream-Mist-idakorea.jpg\",\"datePublished\":\"2026-05-08T12:16:51+00:00\",\"dateModified\":\"2026-05-08T12:19:15+00:00\",\"description\":\"Kahefaasiline pantenooliga n\u00e4osprei tugevdab naha loomulikku kaitsebarj\u00e4\u00e4ri, v\u00e4hendab \u00e4rritust ja punetust, alandab tundlikkust v\u00e4liste \u00e4rritajate suhtes.\",\"breadcrumb\":{\"@id\":\"https:\/\/idakorea.ee\/product\/bioheal-boh-panthecell-repair-cica-cream-mist-120ml\/#breadcrumb\"},\"inLanguage\":\"fi\",\"potentialAction\":[{\"@type\":\"ReadAction\",\"target\":[\"https:\/\/idakorea.ee\/product\/bioheal-boh-panthecell-repair-cica-cream-mist-120ml\/\"]}]},{\"@type\":\"ImageObject\",\"inLanguage\":\"fi\",\"@id\":\"https:\/\/idakorea.ee\/product\/bioheal-boh-panthecell-repair-cica-cream-mist-120ml\/#primaryimage\",\"url\":\"https:\/\/idakorea.ee\/wp-content\/uploads\/2026\/05\/Bioheal-BOH-Panthecell-Repair-Cica-Cream-Mist-idakorea.jpg\",\"contentUrl\":\"https:\/\/idakorea.ee\/wp-content\/uploads\/2026\/05\/Bioheal-BOH-Panthecell-Repair-Cica-Cream-Mist-idakorea.jpg\",\"width\":1000,\"height\":1000},{\"@type\":\"BreadcrumbList\",\"@id\":\"https:\/\/idakorea.ee\/product\/bioheal-boh-panthecell-repair-cica-cream-mist-120ml\/#breadcrumb\",\"itemListElement\":[{\"@type\":\"ListItem\",\"position\":1,\"name\":\"\u0413\u043b\u0430\u0432\u043d\u0430\u044f \u0441\u0442\u0440\u0430\u043d\u0438\u0446\u0430\",\"item\":\"https:\/\/idakorea.ee\/\"},{\"@type\":\"ListItem\",\"position\":2,\"name\":\"Shop\",\"item\":\"https:\/\/idakorea.ee\/shop-2\/\"},{\"@type\":\"ListItem\",\"position\":3,\"name\":\"Kahefaasiline pantenooliga n\u00e4osprei BIOHEAL BOH Panthecell Repair Cica Cream Mist, 120ml\"}]},{\"@type\":\"WebSite\",\"@id\":\"https:\/\/idakorea.ee\/#website\",\"url\":\"https:\/\/idakorea.ee\/\",\"name\":\"IDA.KOREA\",\"description\":\"Korea kosmeetika e-pood\",\"publisher\":{\"@id\":\"https:\/\/idakorea.ee\/#organization\"},\"alternateName\":\"Beauty Shop\",\"potentialAction\":[{\"@type\":\"SearchAction\",\"target\":{\"@type\":\"EntryPoint\",\"urlTemplate\":\"https:\/\/idakorea.ee\/?s={search_term_string}\"},\"query-input\":{\"@type\":\"PropertyValueSpecification\",\"valueRequired\":true,\"valueName\":\"search_term_string\"}}],\"inLanguage\":\"fi\"},{\"@type\":\"Organization\",\"@id\":\"https:\/\/idakorea.ee\/#organization\",\"name\":\"IDA.KOREA\",\"url\":\"https:\/\/idakorea.ee\/\",\"logo\":{\"@type\":\"ImageObject\",\"inLanguage\":\"fi\",\"@id\":\"https:\/\/idakorea.ee\/#\/schema\/logo\/image\/\",\"url\":\"https:\/\/idakorea.ee\/wp-content\/uploads\/2024\/05\/cropped-korea3.png\",\"contentUrl\":\"https:\/\/idakorea.ee\/wp-content\/uploads\/2024\/05\/cropped-korea3.png\",\"width\":688,\"height\":126,\"caption\":\"IDA.KOREA\"},\"image\":{\"@id\":\"https:\/\/idakorea.ee\/#\/schema\/logo\/image\/\"},\"sameAs\":[\"https:\/\/www.instagram.com\/ida.korea\/\"]}]}<\/script>\n<!-- \/ Yoast SEO plugin. -->","yoast_head_json":{"title":"BIOHEAL BOH Panthecell Repair Cica Cream Mist - IDA.KOREA","description":"Kaksifaasinen kasvosuihke pantenolilla vahvistaa ihon luonnollista suojakerrosta, v\u00e4hent\u00e4\u00e4 \u00e4rsytyst\u00e4 ja punoitusta sek\u00e4 alentaa herkkyytt\u00e4 ulkoisille \u00e4rsykkeille.","robots":{"index":"index","follow":"follow","max-snippet":"max-snippet:-1","max-image-preview":"max-image-preview:large","max-video-preview":"max-video-preview:-1"},"canonical":"https:\/\/idakorea.ee\/fi\/product\/bioheal-boh-panthecell-repair-cica-cream-mist-120ml\/","og_locale":"fi_FI","og_type":"article","og_title":"BIOHEAL BOH Panthecell Repair Cica Cream Mist - IDA.KOREA","og_description":"Kahefaasiline pantenooliga n\u00e4osprei tugevdab naha loomulikku kaitsebarj\u00e4\u00e4ri, v\u00e4hendab \u00e4rritust ja punetust, alandab tundlikkust v\u00e4liste \u00e4rritajate suhtes.","og_url":"https:\/\/idakorea.ee\/fi\/product\/bioheal-boh-panthecell-repair-cica-cream-mist-120ml\/","og_site_name":"IDA.KOREA","article_modified_time":"2026-05-08T12:19:15+00:00","og_image":[{"width":1000,"height":1000,"url":"https:\/\/idakorea.ee\/wp-content\/uploads\/2026\/05\/Bioheal-BOH-Panthecell-Repair-Cica-Cream-Mist-idakorea.jpg","type":"image\/jpeg"}],"twitter_card":"summary_large_image","twitter_misc":{"Arvioitu lukuaika":"2 minuuttia"},"schema":{"@context":"https:\/\/schema.org","@graph":[{"@type":"WebPage","@id":"https:\/\/idakorea.ee\/product\/bioheal-boh-panthecell-repair-cica-cream-mist-120ml\/","url":"https:\/\/idakorea.ee\/product\/bioheal-boh-panthecell-repair-cica-cream-mist-120ml\/","name":"BIOHEAL BOH Panthecell Repair Cica Cream Mist - IDA.KOREA","isPartOf":{"@id":"https:\/\/idakorea.ee\/#website"},"primaryImageOfPage":{"@id":"https:\/\/idakorea.ee\/product\/bioheal-boh-panthecell-repair-cica-cream-mist-120ml\/#primaryimage"},"image":{"@id":"https:\/\/idakorea.ee\/product\/bioheal-boh-panthecell-repair-cica-cream-mist-120ml\/#primaryimage"},"thumbnailUrl":"https:\/\/idakorea.ee\/wp-content\/uploads\/2026\/05\/Bioheal-BOH-Panthecell-Repair-Cica-Cream-Mist-idakorea.jpg","datePublished":"2026-05-08T12:16:51+00:00","dateModified":"2026-05-08T12:19:15+00:00","description":"Kaksifaasinen kasvosuihke pantenolilla vahvistaa ihon luonnollista suojakerrosta, v\u00e4hent\u00e4\u00e4 \u00e4rsytyst\u00e4 ja punoitusta sek\u00e4 alentaa herkkyytt\u00e4 ulkoisille \u00e4rsykkeille.","breadcrumb":{"@id":"https:\/\/idakorea.ee\/product\/bioheal-boh-panthecell-repair-cica-cream-mist-120ml\/#breadcrumb"},"inLanguage":"fi","potentialAction":[{"@type":"ReadAction","target":["https:\/\/idakorea.ee\/product\/bioheal-boh-panthecell-repair-cica-cream-mist-120ml\/"]}]},{"@type":"ImageObject","inLanguage":"fi","@id":"https:\/\/idakorea.ee\/product\/bioheal-boh-panthecell-repair-cica-cream-mist-120ml\/#primaryimage","url":"https:\/\/idakorea.ee\/wp-content\/uploads\/2026\/05\/Bioheal-BOH-Panthecell-Repair-Cica-Cream-Mist-idakorea.jpg","contentUrl":"https:\/\/idakorea.ee\/wp-content\/uploads\/2026\/05\/Bioheal-BOH-Panthecell-Repair-Cica-Cream-Mist-idakorea.jpg","width":1000,"height":1000},{"@type":"BreadcrumbList","@id":"https:\/\/idakorea.ee\/product\/bioheal-boh-panthecell-repair-cica-cream-mist-120ml\/#breadcrumb","itemListElement":[{"@type":"ListItem","position":1,"name":"\u0413\u043b\u0430\u0432\u043d\u0430\u044f \u0441\u0442\u0440\u0430\u043d\u0438\u0446\u0430","item":"https:\/\/idakorea.ee\/"},{"@type":"ListItem","position":2,"name":"Shop","item":"https:\/\/idakorea.ee\/shop-2\/"},{"@type":"ListItem","position":3,"name":"Kahefaasiline pantenooliga n\u00e4osprei BIOHEAL BOH Panthecell Repair Cica Cream Mist, 120ml"}]},{"@type":"WebSite","@id":"https:\/\/idakorea.ee\/#website","url":"https:\/\/idakorea.ee\/","name":"IDA.KOREA","description":"Korean kosmetiikan verkkokauppa","publisher":{"@id":"https:\/\/idakorea.ee\/#organization"},"alternateName":"Beauty Shop","potentialAction":[{"@type":"SearchAction","target":{"@type":"EntryPoint","urlTemplate":"https:\/\/idakorea.ee\/?s={search_term_string}"},"query-input":{"@type":"PropertyValueSpecification","valueRequired":true,"valueName":"search_term_string"}}],"inLanguage":"fi"},{"@type":"Organization","@id":"https:\/\/idakorea.ee\/#organization","name":"IDA.KOREA","url":"https:\/\/idakorea.ee\/","logo":{"@type":"ImageObject","inLanguage":"fi","@id":"https:\/\/idakorea.ee\/#\/schema\/logo\/image\/","url":"https:\/\/idakorea.ee\/wp-content\/uploads\/2024\/05\/cropped-korea3.png","contentUrl":"https:\/\/idakorea.ee\/wp-content\/uploads\/2024\/05\/cropped-korea3.png","width":688,"height":126,"caption":"IDA.KOREA"},"image":{"@id":"https:\/\/idakorea.ee\/#\/schema\/logo\/image\/"},"sameAs":["https:\/\/www.instagram.com\/ida.korea\/"]}]}},"jetpack_sharing_enabled":true,"brands":[{"id":479,"name":"BIOHEAL BOH","slug":"bioheal-boh"}],"_links":{"self":[{"href":"https:\/\/idakorea.ee\/fi\/wp-json\/wp\/v2\/product\/18645","targetHints":{"allow":["GET"]}}],"collection":[{"href":"https:\/\/idakorea.ee\/fi\/wp-json\/wp\/v2\/product"}],"about":[{"href":"https:\/\/idakorea.ee\/fi\/wp-json\/wp\/v2\/types\/product"}],"replies":[{"embeddable":true,"href":"https:\/\/idakorea.ee\/fi\/wp-json\/wp\/v2\/comments?post=18645"}],"version-history":[{"count":2,"href":"https:\/\/idakorea.ee\/fi\/wp-json\/wp\/v2\/product\/18645\/revisions"}],"predecessor-version":[{"id":18651,"href":"https:\/\/idakorea.ee\/fi\/wp-json\/wp\/v2\/product\/18645\/revisions\/18651"}],"wp:featuredmedia":[{"embeddable":true,"href":"https:\/\/idakorea.ee\/fi\/wp-json\/wp\/v2\/media\/18648"}],"wp:attachment":[{"href":"https:\/\/idakorea.ee\/fi\/wp-json\/wp\/v2\/media?parent=18645"}],"wp:term":[{"taxonomy":"pwb-brand","embeddable":true,"href":"https:\/\/idakorea.ee\/fi\/wp-json\/wp\/v2\/pwb-brand?post=18645"},{"taxonomy":"product_brand","embeddable":true,"href":"https:\/\/idakorea.ee\/fi\/wp-json\/wp\/v2\/product_brand?post=18645"},{"taxonomy":"product_cat","embeddable":true,"href":"https:\/\/idakorea.ee\/fi\/wp-json\/wp\/v2\/product_cat?post=18645"},{"taxonomy":"product_tag","embeddable":true,"href":"https:\/\/idakorea.ee\/fi\/wp-json\/wp\/v2\/product_tag?post=18645"}],"curies":[{"name":"wp","href":"https:\/\/api.w.org\/{rel}","templated":true}]}}