{"id":18713,"date":"2026-05-13T08:55:48","date_gmt":"2026-05-13T06:55:48","guid":{"rendered":"https:\/\/idakorea.ee\/?post_type=product&#038;p=18713"},"modified":"2026-05-13T08:55:48","modified_gmt":"2026-05-13T06:55:48","slug":"rahustav-seerumsprei-dalba-white-truffle-vital-spray-serum-100ml","status":"publish","type":"product","link":"https:\/\/idakorea.ee\/fi\/product\/rahustav-seerumsprei-dalba-white-truffle-vital-spray-serum-100ml\/","title":{"rendered":"D\u2019Alba White Truffle Vital Spray Serum, 100ml"},"content":{"rendered":"<p>Rahustav valge tr\u00fchvliga seerumsprei <strong>D\u2019Alba White Truffle Vital Spray Serum<\/strong> sobib tundliku naha hoolduseks. See niisutab nahka s\u00fcgavuti, aitab niiskust nahas s\u00e4ilitada ning parandab naha elastsust ja toonust. Seerum tugevdab naha lipiidbarj\u00e4\u00e4ri ja kaitseb seda v\u00e4listegurite kahjuliku m\u00f5ju eest. Samuti aitab see hoida naha niiskustasakaalu, kaitseb kuivamise eest ja ennetab deh\u00fcdratsiooni. Toode muudab naha pringimaks ja elastsemaks, annab sellele sametise pehmuse ning tervisliku ja \u00fchtlase s\u00e4ra.<\/p>\n<p>T\u00e4nu \u00f5likompleksile toidab toode nahka ning aitab ennetada enneaegsete peente kortsude teket. Seerumsprei rahustab \u00e4rritunud ja tundlikku nahka, leevendab punetust ning v\u00e4hendab naha reaktiivsust. Seerumsprei on kahefaasiline toode, seet\u00f5ttu tuleb pudelit enne kasutamist loksutada. Toode jaotub nahal \u00fchtlaselt ja j\u00e4tab mugava, meeldiva tunde. Seerumi peamine toimeaine on valge tr\u00fchvli ekstrakt, mis tugevdab naha kaitsev\u00f5imet, parandab rakkude ainevahetusprotsesse, aitab reguleerida rasun\u00e4\u00e4rmete t\u00f6\u00f6d ning pakub vananemisvastast toimet: silub ja pinguldab nahka, muudab kortsud v\u00e4hem m\u00e4rgatavaks ning aitab heledamaks muuta pigmendilaike.<\/p>\n<p><strong>Lis\u00e4aktiiviset ainesosat<\/strong><\/p>\n<ul>\n<li><strong>Lilleekstraktide kompleks<\/strong> \u2013 toniseerib ja rahustab nahka. Sellel on tugev antibakteriaalne toime, see k\u00fcllastab naha kasulike toimeainetega, pehmendab nahka, parandab jumet, leevendab \u00e4rritust, v\u00e4hendab p\u00f5letikku ja \u00fchtlustab nahatooni.<\/li>\n<li><strong>Vihre\u00e4n teen uute<\/strong> \u2013 leevendab t\u00f5husalt \u00e4rritust, on antibakteriaalsete omadustega, muudab naha pringimaks ja elastsemaks, silub kortse ning parandab jumet.<\/li>\n<li><strong>Macadamia\u00f6ljy<\/strong> \u2013 taastava ja vananemisvastase toimega, aitab taastada naha toonust, elastsust ja niisutatust. Toimib antioks\u00fcdandina, aidates ennetada vabade radikaalide kahjulikku m\u00f5ju ning aeglustada naha vananemisprotsessi. Sobib h\u00e4sti kuiva, deh\u00fcdreeritud ja kareda n\u00e4onaha hoolduseks.<\/li>\n<li><strong>Avokado\u00f6ljy<\/strong> \u2013 toidab ja taastab nahka s\u00fcgavuti, leevendab kuivus- ja kiskumistunnet. Imendub kiiresti, ei j\u00e4ta nahale j\u00e4\u00e4ke ega p\u00f5hjusta \u00e4rritust.<\/li>\n<li><strong>Hyaluronihappo<\/strong> \u2013 tagab naha s\u00fcgava niisutuse ja aitab hoida selle loomulikku pH-tasakaalu optimaalsel tasemel. Moodustab naha pinnale tajumatu kaitsekihi, mis takistab niiskuse aurustumist ning j\u00e4tab n\u00e4ole v\u00e4rske ja niisutatud tunde.<\/li>\n<\/ul>\n<p>&nbsp;<\/p>\n<p>Sopii herk\u00e4lle iholle.<\/p>\n<p><strong>K\u00e4ytt\u00f6:<\/strong> loksutage pudelit hoolikalt ja pihustage toodet nahale p\u00e4rast n\u00e4o puhastamist.<\/p>\n<p>&nbsp;<\/p>","protected":false},"excerpt":{"rendered":"<p>Rahustav valge tr\u00fchvliga seerumsprei D\u2019Alba White Truffle Vital Spray Serum sobib tundliku naha hoolduseks. See niisutab nahka s\u00fcgavuti, aitab niiskust nahas s\u00e4ilitada ning parandab naha elastsust ja toonust. Seerum tugevdab naha lipiidbarj\u00e4\u00e4ri ja kaitseb seda v\u00e4listegurite kahjuliku m\u00f5ju eest. Samuti aitab see hoida naha niiskustasakaalu, kaitseb kuivamise eest ja ennetab deh\u00fcdratsiooni. Toode muudab naha pringimaks&#8230;<\/p>","protected":false},"featured_media":18715,"comment_status":"open","ping_status":"closed","template":"","meta":{"_uf_show_specific_survey":0,"_uf_disable_surveys":false,"_bst_post_transparent":"default","_bst_post_title":"","_bst_post_layout":"default","_bst_post_sidebar_id":"","_bst_post_content_style":"default","_bst_post_vertical_padding":"default","_bst_post_feature":"","_bst_post_feature_position":"","_bst_post_header":false,"_bst_post_footer":false},"pwb-brand":[105],"product_brand":[],"product_cat":[92,97],"product_tag":[127,568,928,1162,772],"class_list":{"0":"post-18713","1":"product","2":"type-product","3":"status-publish","4":"has-post-thumbnail","6":"pwb-brand-dalba","7":"product_cat-nagu","8":"product_cat-naoseerumid-ja-olid","9":"product_tag-dalba","10":"product_tag-korea","11":"product_tag-mist","12":"product_tag-spray","13":"product_tag-truffle","15":"first","16":"instock","17":"shipping-taxable","18":"purchasable","19":"product-type-simple","20":"entry","21":"content-bg","22":"loop-entry"},"supplier_id":null,"supplier_sku":"","barcode":null,"atum_controlled":true,"out_stock_date":null,"out_stock_threshold":null,"inheritable":false,"inbound_stock":null,"stock_on_hold":0,"sold_today":0,"sales_last_days":0,"out_stock_days":0,"lost_sales":0,"has_location":false,"update_date":"2026-05-17T00:04:10","atum_locations":[],"atum_stock_status":"instock","restock_status":false,"low_stock_amount":"","sales_update_date":"2026-05-17T00:04:10","calc_backorders":null,"yoast_head":"<!-- This site is optimized with the Yoast SEO plugin v27.2 - https:\/\/yoast.com\/product\/yoast-seo-wordpress\/ -->\n<title>d\u2019Alba White Truffle Vital Spray Serum, 100ml - IDA.KOREA<\/title>\n<meta name=\"description\" content=\"Rahustav valge tr\u00fchvliga seerumsprei sobib tundliku naha hoolduseks, tugevdab naha lipiidbarj\u00e4\u00e4ri ja kaitseb seda v\u00e4listegurite kahjuliku m\u00f5ju eest.\" \/>\n<meta name=\"robots\" content=\"index, follow, max-snippet:-1, max-image-preview:large, max-video-preview:-1\" \/>\n<link rel=\"canonical\" href=\"https:\/\/idakorea.ee\/fi\/product\/rahustav-seerumsprei-dalba-white-truffle-vital-spray-serum-100ml\/\" \/>\n<meta property=\"og:locale\" content=\"fi_FI\" \/>\n<meta property=\"og:type\" content=\"article\" \/>\n<meta property=\"og:title\" content=\"d\u2019Alba White Truffle Vital Spray Serum, 100ml - IDA.KOREA\" \/>\n<meta property=\"og:description\" content=\"Rahustav valge tr\u00fchvliga seerumsprei sobib tundliku naha hoolduseks, tugevdab naha lipiidbarj\u00e4\u00e4ri ja kaitseb seda v\u00e4listegurite kahjuliku m\u00f5ju eest.\" \/>\n<meta property=\"og:url\" content=\"https:\/\/idakorea.ee\/fi\/product\/rahustav-seerumsprei-dalba-white-truffle-vital-spray-serum-100ml\/\" \/>\n<meta property=\"og:site_name\" content=\"IDA.KOREA\" \/>\n<meta property=\"og:image\" content=\"https:\/\/idakorea.ee\/wp-content\/uploads\/2026\/05\/dalba-vital-spray-serum-idakorea.jpg\" \/>\n\t<meta property=\"og:image:width\" content=\"1500\" \/>\n\t<meta property=\"og:image:height\" content=\"1500\" \/>\n\t<meta property=\"og:image:type\" content=\"image\/jpeg\" \/>\n<meta name=\"twitter:card\" content=\"summary_large_image\" \/>\n<meta name=\"twitter:label1\" content=\"Arvioitu lukuaika\" \/>\n\t<meta name=\"twitter:data1\" content=\"2 minuuttia\" \/>\n<script type=\"application\/ld+json\" class=\"yoast-schema-graph\">{\"@context\":\"https:\/\/schema.org\",\"@graph\":[{\"@type\":\"WebPage\",\"@id\":\"https:\/\/idakorea.ee\/product\/rahustav-seerumsprei-dalba-white-truffle-vital-spray-serum-100ml\/\",\"url\":\"https:\/\/idakorea.ee\/product\/rahustav-seerumsprei-dalba-white-truffle-vital-spray-serum-100ml\/\",\"name\":\"d\u2019Alba White Truffle Vital Spray Serum, 100ml - IDA.KOREA\",\"isPartOf\":{\"@id\":\"https:\/\/idakorea.ee\/#website\"},\"primaryImageOfPage\":{\"@id\":\"https:\/\/idakorea.ee\/product\/rahustav-seerumsprei-dalba-white-truffle-vital-spray-serum-100ml\/#primaryimage\"},\"image\":{\"@id\":\"https:\/\/idakorea.ee\/product\/rahustav-seerumsprei-dalba-white-truffle-vital-spray-serum-100ml\/#primaryimage\"},\"thumbnailUrl\":\"https:\/\/idakorea.ee\/wp-content\/uploads\/2026\/05\/dalba-vital-spray-serum-idakorea.jpg\",\"datePublished\":\"2026-05-13T06:55:48+00:00\",\"description\":\"Rahustav valge tr\u00fchvliga seerumsprei sobib tundliku naha hoolduseks, tugevdab naha lipiidbarj\u00e4\u00e4ri ja kaitseb seda v\u00e4listegurite kahjuliku m\u00f5ju eest.\",\"breadcrumb\":{\"@id\":\"https:\/\/idakorea.ee\/product\/rahustav-seerumsprei-dalba-white-truffle-vital-spray-serum-100ml\/#breadcrumb\"},\"inLanguage\":\"fi\",\"potentialAction\":[{\"@type\":\"ReadAction\",\"target\":[\"https:\/\/idakorea.ee\/product\/rahustav-seerumsprei-dalba-white-truffle-vital-spray-serum-100ml\/\"]}]},{\"@type\":\"ImageObject\",\"inLanguage\":\"fi\",\"@id\":\"https:\/\/idakorea.ee\/product\/rahustav-seerumsprei-dalba-white-truffle-vital-spray-serum-100ml\/#primaryimage\",\"url\":\"https:\/\/idakorea.ee\/wp-content\/uploads\/2026\/05\/dalba-vital-spray-serum-idakorea.jpg\",\"contentUrl\":\"https:\/\/idakorea.ee\/wp-content\/uploads\/2026\/05\/dalba-vital-spray-serum-idakorea.jpg\",\"width\":1500,\"height\":1500},{\"@type\":\"BreadcrumbList\",\"@id\":\"https:\/\/idakorea.ee\/product\/rahustav-seerumsprei-dalba-white-truffle-vital-spray-serum-100ml\/#breadcrumb\",\"itemListElement\":[{\"@type\":\"ListItem\",\"position\":1,\"name\":\"\u0413\u043b\u0430\u0432\u043d\u0430\u044f \u0441\u0442\u0440\u0430\u043d\u0438\u0446\u0430\",\"item\":\"https:\/\/idakorea.ee\/\"},{\"@type\":\"ListItem\",\"position\":2,\"name\":\"Shop\",\"item\":\"https:\/\/idakorea.ee\/shop-2\/\"},{\"@type\":\"ListItem\",\"position\":3,\"name\":\"Rahustav seerumsprei D\u2019Alba White Truffle Vital Spray Serum, 100ml\"}]},{\"@type\":\"WebSite\",\"@id\":\"https:\/\/idakorea.ee\/#website\",\"url\":\"https:\/\/idakorea.ee\/\",\"name\":\"IDA.KOREA\",\"description\":\"Korea kosmeetika e-pood\",\"publisher\":{\"@id\":\"https:\/\/idakorea.ee\/#organization\"},\"alternateName\":\"Beauty Shop\",\"potentialAction\":[{\"@type\":\"SearchAction\",\"target\":{\"@type\":\"EntryPoint\",\"urlTemplate\":\"https:\/\/idakorea.ee\/?s={search_term_string}\"},\"query-input\":{\"@type\":\"PropertyValueSpecification\",\"valueRequired\":true,\"valueName\":\"search_term_string\"}}],\"inLanguage\":\"fi\"},{\"@type\":\"Organization\",\"@id\":\"https:\/\/idakorea.ee\/#organization\",\"name\":\"IDA.KOREA\",\"url\":\"https:\/\/idakorea.ee\/\",\"logo\":{\"@type\":\"ImageObject\",\"inLanguage\":\"fi\",\"@id\":\"https:\/\/idakorea.ee\/#\/schema\/logo\/image\/\",\"url\":\"https:\/\/idakorea.ee\/wp-content\/uploads\/2024\/05\/cropped-korea3.png\",\"contentUrl\":\"https:\/\/idakorea.ee\/wp-content\/uploads\/2024\/05\/cropped-korea3.png\",\"width\":688,\"height\":126,\"caption\":\"IDA.KOREA\"},\"image\":{\"@id\":\"https:\/\/idakorea.ee\/#\/schema\/logo\/image\/\"},\"sameAs\":[\"https:\/\/www.instagram.com\/ida.korea\/\"]}]}<\/script>\n<!-- \/ Yoast SEO plugin. -->","yoast_head_json":{"title":"d\u2019Alba White Truffle Vital Spray Serum, 100ml - IDA.KOREA","description":"Rahustav valge tr\u00fchvliga seerumsprei sobib tundliku naha hoolduseks, tugevdab naha lipiidbarj\u00e4\u00e4ri ja kaitseb seda v\u00e4listegurite kahjuliku m\u00f5ju eest.","robots":{"index":"index","follow":"follow","max-snippet":"max-snippet:-1","max-image-preview":"max-image-preview:large","max-video-preview":"max-video-preview:-1"},"canonical":"https:\/\/idakorea.ee\/fi\/product\/rahustav-seerumsprei-dalba-white-truffle-vital-spray-serum-100ml\/","og_locale":"fi_FI","og_type":"article","og_title":"d\u2019Alba White Truffle Vital Spray Serum, 100ml - IDA.KOREA","og_description":"Rahustav valge tr\u00fchvliga seerumsprei sobib tundliku naha hoolduseks, tugevdab naha lipiidbarj\u00e4\u00e4ri ja kaitseb seda v\u00e4listegurite kahjuliku m\u00f5ju eest.","og_url":"https:\/\/idakorea.ee\/fi\/product\/rahustav-seerumsprei-dalba-white-truffle-vital-spray-serum-100ml\/","og_site_name":"IDA.KOREA","og_image":[{"width":1500,"height":1500,"url":"https:\/\/idakorea.ee\/wp-content\/uploads\/2026\/05\/dalba-vital-spray-serum-idakorea.jpg","type":"image\/jpeg"}],"twitter_card":"summary_large_image","twitter_misc":{"Arvioitu lukuaika":"2 minuuttia"},"schema":{"@context":"https:\/\/schema.org","@graph":[{"@type":"WebPage","@id":"https:\/\/idakorea.ee\/product\/rahustav-seerumsprei-dalba-white-truffle-vital-spray-serum-100ml\/","url":"https:\/\/idakorea.ee\/product\/rahustav-seerumsprei-dalba-white-truffle-vital-spray-serum-100ml\/","name":"d\u2019Alba White Truffle Vital Spray Serum, 100ml - IDA.KOREA","isPartOf":{"@id":"https:\/\/idakorea.ee\/#website"},"primaryImageOfPage":{"@id":"https:\/\/idakorea.ee\/product\/rahustav-seerumsprei-dalba-white-truffle-vital-spray-serum-100ml\/#primaryimage"},"image":{"@id":"https:\/\/idakorea.ee\/product\/rahustav-seerumsprei-dalba-white-truffle-vital-spray-serum-100ml\/#primaryimage"},"thumbnailUrl":"https:\/\/idakorea.ee\/wp-content\/uploads\/2026\/05\/dalba-vital-spray-serum-idakorea.jpg","datePublished":"2026-05-13T06:55:48+00:00","description":"Rahustav valge tr\u00fchvliga seerumsprei sobib tundliku naha hoolduseks, tugevdab naha lipiidbarj\u00e4\u00e4ri ja kaitseb seda v\u00e4listegurite kahjuliku m\u00f5ju eest.","breadcrumb":{"@id":"https:\/\/idakorea.ee\/product\/rahustav-seerumsprei-dalba-white-truffle-vital-spray-serum-100ml\/#breadcrumb"},"inLanguage":"fi","potentialAction":[{"@type":"ReadAction","target":["https:\/\/idakorea.ee\/product\/rahustav-seerumsprei-dalba-white-truffle-vital-spray-serum-100ml\/"]}]},{"@type":"ImageObject","inLanguage":"fi","@id":"https:\/\/idakorea.ee\/product\/rahustav-seerumsprei-dalba-white-truffle-vital-spray-serum-100ml\/#primaryimage","url":"https:\/\/idakorea.ee\/wp-content\/uploads\/2026\/05\/dalba-vital-spray-serum-idakorea.jpg","contentUrl":"https:\/\/idakorea.ee\/wp-content\/uploads\/2026\/05\/dalba-vital-spray-serum-idakorea.jpg","width":1500,"height":1500},{"@type":"BreadcrumbList","@id":"https:\/\/idakorea.ee\/product\/rahustav-seerumsprei-dalba-white-truffle-vital-spray-serum-100ml\/#breadcrumb","itemListElement":[{"@type":"ListItem","position":1,"name":"\u0413\u043b\u0430\u0432\u043d\u0430\u044f \u0441\u0442\u0440\u0430\u043d\u0438\u0446\u0430","item":"https:\/\/idakorea.ee\/"},{"@type":"ListItem","position":2,"name":"Shop","item":"https:\/\/idakorea.ee\/shop-2\/"},{"@type":"ListItem","position":3,"name":"Rahustav seerumsprei D\u2019Alba White Truffle Vital Spray Serum, 100ml"}]},{"@type":"WebSite","@id":"https:\/\/idakorea.ee\/#website","url":"https:\/\/idakorea.ee\/","name":"IDA.KOREA","description":"Korean kosmetiikan verkkokauppa","publisher":{"@id":"https:\/\/idakorea.ee\/#organization"},"alternateName":"Beauty Shop","potentialAction":[{"@type":"SearchAction","target":{"@type":"EntryPoint","urlTemplate":"https:\/\/idakorea.ee\/?s={search_term_string}"},"query-input":{"@type":"PropertyValueSpecification","valueRequired":true,"valueName":"search_term_string"}}],"inLanguage":"fi"},{"@type":"Organization","@id":"https:\/\/idakorea.ee\/#organization","name":"IDA.KOREA","url":"https:\/\/idakorea.ee\/","logo":{"@type":"ImageObject","inLanguage":"fi","@id":"https:\/\/idakorea.ee\/#\/schema\/logo\/image\/","url":"https:\/\/idakorea.ee\/wp-content\/uploads\/2024\/05\/cropped-korea3.png","contentUrl":"https:\/\/idakorea.ee\/wp-content\/uploads\/2024\/05\/cropped-korea3.png","width":688,"height":126,"caption":"IDA.KOREA"},"image":{"@id":"https:\/\/idakorea.ee\/#\/schema\/logo\/image\/"},"sameAs":["https:\/\/www.instagram.com\/ida.korea\/"]}]}},"jetpack_sharing_enabled":true,"brands":[{"id":105,"name":"d'ALBA","slug":"dalba"}],"_links":{"self":[{"href":"https:\/\/idakorea.ee\/fi\/wp-json\/wp\/v2\/product\/18713","targetHints":{"allow":["GET"]}}],"collection":[{"href":"https:\/\/idakorea.ee\/fi\/wp-json\/wp\/v2\/product"}],"about":[{"href":"https:\/\/idakorea.ee\/fi\/wp-json\/wp\/v2\/types\/product"}],"replies":[{"embeddable":true,"href":"https:\/\/idakorea.ee\/fi\/wp-json\/wp\/v2\/comments?post=18713"}],"version-history":[{"count":2,"href":"https:\/\/idakorea.ee\/fi\/wp-json\/wp\/v2\/product\/18713\/revisions"}],"predecessor-version":[{"id":18718,"href":"https:\/\/idakorea.ee\/fi\/wp-json\/wp\/v2\/product\/18713\/revisions\/18718"}],"wp:featuredmedia":[{"embeddable":true,"href":"https:\/\/idakorea.ee\/fi\/wp-json\/wp\/v2\/media\/18715"}],"wp:attachment":[{"href":"https:\/\/idakorea.ee\/fi\/wp-json\/wp\/v2\/media?parent=18713"}],"wp:term":[{"taxonomy":"pwb-brand","embeddable":true,"href":"https:\/\/idakorea.ee\/fi\/wp-json\/wp\/v2\/pwb-brand?post=18713"},{"taxonomy":"product_brand","embeddable":true,"href":"https:\/\/idakorea.ee\/fi\/wp-json\/wp\/v2\/product_brand?post=18713"},{"taxonomy":"product_cat","embeddable":true,"href":"https:\/\/idakorea.ee\/fi\/wp-json\/wp\/v2\/product_cat?post=18713"},{"taxonomy":"product_tag","embeddable":true,"href":"https:\/\/idakorea.ee\/fi\/wp-json\/wp\/v2\/product_tag?post=18713"}],"curies":[{"name":"wp","href":"https:\/\/api.w.org\/{rel}","templated":true}]}}