{"id":18719,"date":"2026-05-13T09:44:27","date_gmt":"2026-05-13T07:44:27","guid":{"rendered":"https:\/\/idakorea.ee\/?post_type=product&#038;p=18719"},"modified":"2026-05-13T09:44:27","modified_gmt":"2026-05-13T07:44:27","slug":"round-lab-travel-friendly-mini-skincare-kit-1025-dokdo","status":"publish","type":"product","link":"https:\/\/idakorea.ee\/fi\/product\/round-lab-travel-friendly-mini-skincare-kit-1025-dokdo\/","title":{"rendered":"Round Lab Travel-Friendly Mini Skincare Kit 1025 Dokdo"},"content":{"rendered":"<p>Mini ihonhoitosetti <strong>Round Lab Travel-Friendly Mini Skincare Kit 1025 Dokdo <\/strong>sis\u00e4lt\u00e4\u00e4 tuotteita, jotka auttavat palauttamaan ihon kosteustasapainon ja rikastuttavat sit\u00e4 hy\u00f6dyllisill\u00e4 mineraaleilla ja hivenaineilla. Tuotteet vahvistavat ihon suojatoimintoja ja palauttavat hydrolipiditasapainon. Miniatyyrituotteet on k\u00e4tev\u00e4 ottaa mukaan matkalle tai kuntosalille, sill\u00e4 ne mahtuvat helposti mihin tahansa kosmetiikkalaukkuun.<\/p>\n<p><strong>Pakkaus sis\u00e4lt\u00e4\u00e4:<\/strong><\/p>\n<ul>\n<li><strong>Hell\u00e4varainen puhdistusvaahto 1025 Dokdo Cleanser (30 ml)<\/strong> Sopii kuivan ja herk\u00e4n ihon hell\u00e4varaiseen puhdistukseen. Se poistaa likaa, ei kuivuta tai kirist\u00e4 ihoa ja j\u00e4tt\u00e4\u00e4 ihon kosteutetuksi jopa pesun j\u00e4lkeen.<\/li>\n<li><strong>Kuorintavesi 1025 Dokdo Toner (20 ml)<\/strong> Palauttaa happo-em\u00e4stasapainon, tukee optimaalista kosteustasapainoa ja s\u00e4\u00e4telee talirauhasten toimintaa v\u00e4hent\u00e4en talintuotantoa.<\/li>\n<li><strong>Ampulli 1025 Dokdo-ampulli (10 ml)<\/strong> auttaa torjumaan kuivumista, lievitt\u00e4\u00e4 kuivuutta ja kireyden tunnetta sek\u00e4 palauttaa ihon s\u00e4vyn ja luonnollisen hehkun.<\/li>\n<li><strong>Kosteuttava voide 1025 Dokdo Cream (20 ml)<\/strong> Auttaa palauttamaan kosteuden puutteesta k\u00e4rsiv\u00e4n ihon, lievitt\u00e4\u00e4 kuivuutta, kosteuttaa syv\u00e4sti ja antaa iholle mukavuuden tunteen rauhoittaen ja pehment\u00e4en sit\u00e4.<\/li>\n<\/ul>\n<p><strong>T\u00e4rkeimm\u00e4t vaikuttavat aineet:<\/strong><\/p>\n<ul>\n<li><strong>Merivesi<\/strong>, Nanokalvosuodatustekniikalla puhdistettu iho s\u00e4ilytt\u00e4\u00e4 kaikki hy\u00f6dylliset mineraalit, mukaan lukien kalsiumin ja magnesiumin. Se parantaa mikroverenkiertoa, vahvistaa ihon vastustuskyky\u00e4 ja hidastaa ik\u00e4\u00e4ntymisprosesseja.<\/li>\n<li><strong>5 keramidia<\/strong> palauttavat ihon luonnollisen suojakerroksen sulautumalla hydrolipidivaippaan ja vahvistamalla sit\u00e4. Ne v\u00e4hent\u00e4v\u00e4t herkkyytt\u00e4 ja auttavat ehk\u00e4isem\u00e4\u00e4n kuivumista.<\/li>\n<li><strong>3 erilaista hyaluronihappoa<\/strong> muodostavat epidermiksen pinnalle suojaavan kerroksen, joka pid\u00e4tt\u00e4\u00e4 kosteutta, auttaa lievitt\u00e4m\u00e4\u00e4n kireytt\u00e4 ja yll\u00e4pit\u00e4m\u00e4\u00e4n ihon kimmoisuutta ja kiinteytt\u00e4.<\/li>\n<li><strong>Pantenoli (B5-vitamiini)<\/strong> edist\u00e4\u00e4 palautumista, v\u00e4hent\u00e4\u00e4 punoitusta ja \u00e4rsytyst\u00e4 sek\u00e4 tukee ihon paranemista.<\/li>\n<\/ul>\n<p>Sopii kaikille ihotyypeille.<\/p>\n<p><strong>K\u00e4ytt\u00f6:<\/strong> Pese kasvosi puhdistusvaahdolla ja pyyhi iho kasvovedell\u00e4. Levit\u00e4 ampulli iholle hierovin liikkein ja viimeistele hoito voiteella.<\/p>","protected":false},"excerpt":{"rendered":"<p>Mini nahahoolduskomplekt Round Lab Travel-Friendly Mini Skincare Kit 1025 Dokdo sisaldab tooteid, mis aitavad taastada naha niiskustasakaalu ning rikastavad nahka kasulike mineraalide ja mikroelementidega. Tooted tugevdavad naha kaitsefunktsioone ja taastavad h\u00fcdrolipiidtasakaalu. Miniatuurseid tooteid on mugav kaasa v\u00f5tta reisile v\u00f5i j\u00f5usaali, sest need mahuvad h\u00f5lpsasti igasse kosmeetikakotti. Komplekti kuuluvad: \u00d5rn puhastusvaht 1025 Dokdo Cleanser (30 ml)&#8230;<\/p>","protected":false},"featured_media":18721,"comment_status":"open","ping_status":"closed","template":"","meta":{"_uf_show_specific_survey":0,"_uf_disable_surveys":false,"_bst_post_transparent":"default","_bst_post_title":"","_bst_post_layout":"default","_bst_post_sidebar_id":"","_bst_post_content_style":"default","_bst_post_vertical_padding":"default","_bst_post_feature":"","_bst_post_feature_position":"","_bst_post_header":false,"_bst_post_footer":false},"pwb-brand":[645],"product_brand":[],"product_cat":[95],"product_tag":[568,646,705],"class_list":{"0":"post-18719","1":"product","2":"type-product","3":"status-publish","4":"has-post-thumbnail","6":"pwb-brand-round-lab","7":"product_cat-komplektid","8":"product_tag-korea","9":"product_tag-round-lab","10":"product_tag-komplekt","12":"first","13":"instock","14":"shipping-taxable","15":"purchasable","16":"product-type-simple","17":"entry","18":"content-bg","19":"loop-entry"},"supplier_id":null,"supplier_sku":"","barcode":null,"atum_controlled":true,"out_stock_date":null,"out_stock_threshold":null,"inheritable":false,"inbound_stock":null,"stock_on_hold":0,"sold_today":0,"sales_last_days":0,"out_stock_days":0,"lost_sales":0,"has_location":false,"update_date":"2026-05-17T00:04:10","atum_locations":[],"atum_stock_status":"instock","restock_status":false,"low_stock_amount":"","sales_update_date":"2026-05-17T00:04:10","calc_backorders":null,"yoast_head":"<!-- This site is optimized with the Yoast SEO plugin v27.2 - https:\/\/yoast.com\/product\/yoast-seo-wordpress\/ -->\n<title>Round Lab Travel-Friendly Mini Skincare Kit 1025 Dokdo - IDA.KOREA<\/title>\n<meta name=\"description\" content=\"Mini nahahoolduskomplekt sisaldab tooteid, mis aitavad taastada naha niiskustasakaalu ning rikastavad nahka kasulike mineraalide ja mikroelementidega.\" \/>\n<meta name=\"robots\" content=\"index, follow, max-snippet:-1, max-image-preview:large, max-video-preview:-1\" \/>\n<link rel=\"canonical\" href=\"https:\/\/idakorea.ee\/fi\/product\/round-lab-travel-friendly-mini-skincare-kit-1025-dokdo\/\" \/>\n<meta property=\"og:locale\" content=\"fi_FI\" \/>\n<meta property=\"og:type\" content=\"article\" \/>\n<meta property=\"og:title\" content=\"Round Lab Travel-Friendly Mini Skincare Kit 1025 Dokdo - IDA.KOREA\" \/>\n<meta property=\"og:description\" content=\"Mini nahahoolduskomplekt sisaldab tooteid, mis aitavad taastada naha niiskustasakaalu ning rikastavad nahka kasulike mineraalide ja mikroelementidega.\" \/>\n<meta property=\"og:url\" content=\"https:\/\/idakorea.ee\/fi\/product\/round-lab-travel-friendly-mini-skincare-kit-1025-dokdo\/\" \/>\n<meta property=\"og:site_name\" content=\"IDA.KOREA\" \/>\n<meta property=\"og:image\" content=\"https:\/\/idakorea.ee\/wp-content\/uploads\/2026\/05\/Round-Lab-Travel_Friendly-Mini-Skincare-Kit-1025-Dokdo-idakorea.jpg\" \/>\n\t<meta property=\"og:image:width\" content=\"1000\" \/>\n\t<meta property=\"og:image:height\" content=\"1000\" \/>\n\t<meta property=\"og:image:type\" content=\"image\/jpeg\" \/>\n<meta name=\"twitter:card\" content=\"summary_large_image\" \/>\n<meta name=\"twitter:label1\" content=\"Arvioitu lukuaika\" \/>\n\t<meta name=\"twitter:data1\" content=\"2 minuuttia\" \/>\n<script type=\"application\/ld+json\" class=\"yoast-schema-graph\">{\"@context\":\"https:\/\/schema.org\",\"@graph\":[{\"@type\":\"WebPage\",\"@id\":\"https:\/\/idakorea.ee\/product\/round-lab-travel-friendly-mini-skincare-kit-1025-dokdo\/\",\"url\":\"https:\/\/idakorea.ee\/product\/round-lab-travel-friendly-mini-skincare-kit-1025-dokdo\/\",\"name\":\"Round Lab Travel-Friendly Mini Skincare Kit 1025 Dokdo - IDA.KOREA\",\"isPartOf\":{\"@id\":\"https:\/\/idakorea.ee\/#website\"},\"primaryImageOfPage\":{\"@id\":\"https:\/\/idakorea.ee\/product\/round-lab-travel-friendly-mini-skincare-kit-1025-dokdo\/#primaryimage\"},\"image\":{\"@id\":\"https:\/\/idakorea.ee\/product\/round-lab-travel-friendly-mini-skincare-kit-1025-dokdo\/#primaryimage\"},\"thumbnailUrl\":\"https:\/\/idakorea.ee\/wp-content\/uploads\/2026\/05\/Round-Lab-Travel_Friendly-Mini-Skincare-Kit-1025-Dokdo-idakorea.jpg\",\"datePublished\":\"2026-05-13T07:44:27+00:00\",\"description\":\"Mini nahahoolduskomplekt sisaldab tooteid, mis aitavad taastada naha niiskustasakaalu ning rikastavad nahka kasulike mineraalide ja mikroelementidega.\",\"breadcrumb\":{\"@id\":\"https:\/\/idakorea.ee\/product\/round-lab-travel-friendly-mini-skincare-kit-1025-dokdo\/#breadcrumb\"},\"inLanguage\":\"fi\",\"potentialAction\":[{\"@type\":\"ReadAction\",\"target\":[\"https:\/\/idakorea.ee\/product\/round-lab-travel-friendly-mini-skincare-kit-1025-dokdo\/\"]}]},{\"@type\":\"ImageObject\",\"inLanguage\":\"fi\",\"@id\":\"https:\/\/idakorea.ee\/product\/round-lab-travel-friendly-mini-skincare-kit-1025-dokdo\/#primaryimage\",\"url\":\"https:\/\/idakorea.ee\/wp-content\/uploads\/2026\/05\/Round-Lab-Travel_Friendly-Mini-Skincare-Kit-1025-Dokdo-idakorea.jpg\",\"contentUrl\":\"https:\/\/idakorea.ee\/wp-content\/uploads\/2026\/05\/Round-Lab-Travel_Friendly-Mini-Skincare-Kit-1025-Dokdo-idakorea.jpg\",\"width\":1000,\"height\":1000},{\"@type\":\"BreadcrumbList\",\"@id\":\"https:\/\/idakorea.ee\/product\/round-lab-travel-friendly-mini-skincare-kit-1025-dokdo\/#breadcrumb\",\"itemListElement\":[{\"@type\":\"ListItem\",\"position\":1,\"name\":\"\u0413\u043b\u0430\u0432\u043d\u0430\u044f \u0441\u0442\u0440\u0430\u043d\u0438\u0446\u0430\",\"item\":\"https:\/\/idakorea.ee\/\"},{\"@type\":\"ListItem\",\"position\":2,\"name\":\"Shop\",\"item\":\"https:\/\/idakorea.ee\/shop-2\/\"},{\"@type\":\"ListItem\",\"position\":3,\"name\":\"Mini nahahoolduskomplekt Round Lab Travel-Friendly Mini Skincare Kit 1025 Dokdo\"}]},{\"@type\":\"WebSite\",\"@id\":\"https:\/\/idakorea.ee\/#website\",\"url\":\"https:\/\/idakorea.ee\/\",\"name\":\"IDA.KOREA\",\"description\":\"Korea kosmeetika e-pood\",\"publisher\":{\"@id\":\"https:\/\/idakorea.ee\/#organization\"},\"alternateName\":\"Beauty Shop\",\"potentialAction\":[{\"@type\":\"SearchAction\",\"target\":{\"@type\":\"EntryPoint\",\"urlTemplate\":\"https:\/\/idakorea.ee\/?s={search_term_string}\"},\"query-input\":{\"@type\":\"PropertyValueSpecification\",\"valueRequired\":true,\"valueName\":\"search_term_string\"}}],\"inLanguage\":\"fi\"},{\"@type\":\"Organization\",\"@id\":\"https:\/\/idakorea.ee\/#organization\",\"name\":\"IDA.KOREA\",\"url\":\"https:\/\/idakorea.ee\/\",\"logo\":{\"@type\":\"ImageObject\",\"inLanguage\":\"fi\",\"@id\":\"https:\/\/idakorea.ee\/#\/schema\/logo\/image\/\",\"url\":\"https:\/\/idakorea.ee\/wp-content\/uploads\/2024\/05\/cropped-korea3.png\",\"contentUrl\":\"https:\/\/idakorea.ee\/wp-content\/uploads\/2024\/05\/cropped-korea3.png\",\"width\":688,\"height\":126,\"caption\":\"IDA.KOREA\"},\"image\":{\"@id\":\"https:\/\/idakorea.ee\/#\/schema\/logo\/image\/\"},\"sameAs\":[\"https:\/\/www.instagram.com\/ida.korea\/\"]}]}<\/script>\n<!-- \/ Yoast SEO plugin. -->","yoast_head_json":{"title":"Round Lab Travel-Friendly Mini Skincare Kit 1025 Dokdo - IDA.KOREA","description":"Mini nahahoolduskomplekt sisaldab tooteid, mis aitavad taastada naha niiskustasakaalu ning rikastavad nahka kasulike mineraalide ja mikroelementidega.","robots":{"index":"index","follow":"follow","max-snippet":"max-snippet:-1","max-image-preview":"max-image-preview:large","max-video-preview":"max-video-preview:-1"},"canonical":"https:\/\/idakorea.ee\/fi\/product\/round-lab-travel-friendly-mini-skincare-kit-1025-dokdo\/","og_locale":"fi_FI","og_type":"article","og_title":"Round Lab Travel-Friendly Mini Skincare Kit 1025 Dokdo - IDA.KOREA","og_description":"Mini nahahoolduskomplekt sisaldab tooteid, mis aitavad taastada naha niiskustasakaalu ning rikastavad nahka kasulike mineraalide ja mikroelementidega.","og_url":"https:\/\/idakorea.ee\/fi\/product\/round-lab-travel-friendly-mini-skincare-kit-1025-dokdo\/","og_site_name":"IDA.KOREA","og_image":[{"width":1000,"height":1000,"url":"https:\/\/idakorea.ee\/wp-content\/uploads\/2026\/05\/Round-Lab-Travel_Friendly-Mini-Skincare-Kit-1025-Dokdo-idakorea.jpg","type":"image\/jpeg"}],"twitter_card":"summary_large_image","twitter_misc":{"Arvioitu lukuaika":"2 minuuttia"},"schema":{"@context":"https:\/\/schema.org","@graph":[{"@type":"WebPage","@id":"https:\/\/idakorea.ee\/product\/round-lab-travel-friendly-mini-skincare-kit-1025-dokdo\/","url":"https:\/\/idakorea.ee\/product\/round-lab-travel-friendly-mini-skincare-kit-1025-dokdo\/","name":"Round Lab Travel-Friendly Mini Skincare Kit 1025 Dokdo - IDA.KOREA","isPartOf":{"@id":"https:\/\/idakorea.ee\/#website"},"primaryImageOfPage":{"@id":"https:\/\/idakorea.ee\/product\/round-lab-travel-friendly-mini-skincare-kit-1025-dokdo\/#primaryimage"},"image":{"@id":"https:\/\/idakorea.ee\/product\/round-lab-travel-friendly-mini-skincare-kit-1025-dokdo\/#primaryimage"},"thumbnailUrl":"https:\/\/idakorea.ee\/wp-content\/uploads\/2026\/05\/Round-Lab-Travel_Friendly-Mini-Skincare-Kit-1025-Dokdo-idakorea.jpg","datePublished":"2026-05-13T07:44:27+00:00","description":"Mini nahahoolduskomplekt sisaldab tooteid, mis aitavad taastada naha niiskustasakaalu ning rikastavad nahka kasulike mineraalide ja mikroelementidega.","breadcrumb":{"@id":"https:\/\/idakorea.ee\/product\/round-lab-travel-friendly-mini-skincare-kit-1025-dokdo\/#breadcrumb"},"inLanguage":"fi","potentialAction":[{"@type":"ReadAction","target":["https:\/\/idakorea.ee\/product\/round-lab-travel-friendly-mini-skincare-kit-1025-dokdo\/"]}]},{"@type":"ImageObject","inLanguage":"fi","@id":"https:\/\/idakorea.ee\/product\/round-lab-travel-friendly-mini-skincare-kit-1025-dokdo\/#primaryimage","url":"https:\/\/idakorea.ee\/wp-content\/uploads\/2026\/05\/Round-Lab-Travel_Friendly-Mini-Skincare-Kit-1025-Dokdo-idakorea.jpg","contentUrl":"https:\/\/idakorea.ee\/wp-content\/uploads\/2026\/05\/Round-Lab-Travel_Friendly-Mini-Skincare-Kit-1025-Dokdo-idakorea.jpg","width":1000,"height":1000},{"@type":"BreadcrumbList","@id":"https:\/\/idakorea.ee\/product\/round-lab-travel-friendly-mini-skincare-kit-1025-dokdo\/#breadcrumb","itemListElement":[{"@type":"ListItem","position":1,"name":"\u0413\u043b\u0430\u0432\u043d\u0430\u044f \u0441\u0442\u0440\u0430\u043d\u0438\u0446\u0430","item":"https:\/\/idakorea.ee\/"},{"@type":"ListItem","position":2,"name":"Shop","item":"https:\/\/idakorea.ee\/shop-2\/"},{"@type":"ListItem","position":3,"name":"Mini nahahoolduskomplekt Round Lab Travel-Friendly Mini Skincare Kit 1025 Dokdo"}]},{"@type":"WebSite","@id":"https:\/\/idakorea.ee\/#website","url":"https:\/\/idakorea.ee\/","name":"IDA.KOREA","description":"Korean kosmetiikan verkkokauppa","publisher":{"@id":"https:\/\/idakorea.ee\/#organization"},"alternateName":"Beauty Shop","potentialAction":[{"@type":"SearchAction","target":{"@type":"EntryPoint","urlTemplate":"https:\/\/idakorea.ee\/?s={search_term_string}"},"query-input":{"@type":"PropertyValueSpecification","valueRequired":true,"valueName":"search_term_string"}}],"inLanguage":"fi"},{"@type":"Organization","@id":"https:\/\/idakorea.ee\/#organization","name":"IDA.KOREA","url":"https:\/\/idakorea.ee\/","logo":{"@type":"ImageObject","inLanguage":"fi","@id":"https:\/\/idakorea.ee\/#\/schema\/logo\/image\/","url":"https:\/\/idakorea.ee\/wp-content\/uploads\/2024\/05\/cropped-korea3.png","contentUrl":"https:\/\/idakorea.ee\/wp-content\/uploads\/2024\/05\/cropped-korea3.png","width":688,"height":126,"caption":"IDA.KOREA"},"image":{"@id":"https:\/\/idakorea.ee\/#\/schema\/logo\/image\/"},"sameAs":["https:\/\/www.instagram.com\/ida.korea\/"]}]}},"jetpack_sharing_enabled":true,"brands":[{"id":645,"name":"ROUND LAB","slug":"round-lab"}],"_links":{"self":[{"href":"https:\/\/idakorea.ee\/fi\/wp-json\/wp\/v2\/product\/18719","targetHints":{"allow":["GET"]}}],"collection":[{"href":"https:\/\/idakorea.ee\/fi\/wp-json\/wp\/v2\/product"}],"about":[{"href":"https:\/\/idakorea.ee\/fi\/wp-json\/wp\/v2\/types\/product"}],"replies":[{"embeddable":true,"href":"https:\/\/idakorea.ee\/fi\/wp-json\/wp\/v2\/comments?post=18719"}],"version-history":[{"count":1,"href":"https:\/\/idakorea.ee\/fi\/wp-json\/wp\/v2\/product\/18719\/revisions"}],"predecessor-version":[{"id":18722,"href":"https:\/\/idakorea.ee\/fi\/wp-json\/wp\/v2\/product\/18719\/revisions\/18722"}],"wp:featuredmedia":[{"embeddable":true,"href":"https:\/\/idakorea.ee\/fi\/wp-json\/wp\/v2\/media\/18721"}],"wp:attachment":[{"href":"https:\/\/idakorea.ee\/fi\/wp-json\/wp\/v2\/media?parent=18719"}],"wp:term":[{"taxonomy":"pwb-brand","embeddable":true,"href":"https:\/\/idakorea.ee\/fi\/wp-json\/wp\/v2\/pwb-brand?post=18719"},{"taxonomy":"product_brand","embeddable":true,"href":"https:\/\/idakorea.ee\/fi\/wp-json\/wp\/v2\/product_brand?post=18719"},{"taxonomy":"product_cat","embeddable":true,"href":"https:\/\/idakorea.ee\/fi\/wp-json\/wp\/v2\/product_cat?post=18719"},{"taxonomy":"product_tag","embeddable":true,"href":"https:\/\/idakorea.ee\/fi\/wp-json\/wp\/v2\/product_tag?post=18719"}],"curies":[{"name":"wp","href":"https:\/\/api.w.org\/{rel}","templated":true}]}}