{"id":1893,"date":"2024-06-04T07:08:12","date_gmt":"2024-06-04T07:08:12","guid":{"rendered":"https:\/\/idakorea.ee\/product\/%d0%b8%d0%bd%d1%82%d0%b5%d0%bd%d1%81%d0%b8%d0%b2%d0%bd%d0%b0%d1%8f-%d0%b0%d0%bc%d0%bf%d1%83%d0%bb%d0%b0-%d1%81-%d0%bf%d1%80%d0%be%d0%b1%d0%b8%d0%be%d1%82%d0%b8%d0%ba%d0%b0%d0%bc%d0%b8-skin1004-madagas\/"},"modified":"2026-04-14T13:54:27","modified_gmt":"2026-04-14T11:54:27","slug":"intensivnaya-ampula-s-probiotikami-skin1004-madagas","status":"publish","type":"product","link":"https:\/\/idakorea.ee\/fi\/product\/intensivnaya-ampula-s-probiotikami-skin1004-madagas\/","title":{"rendered":"Seerumi SKIN1004 Madagaskar Centella Probio-Cica Intensive Ampulli Madagaskar Centella Probio-Cica Intensive Ampulli"},"content":{"rendered":"<p>Intensiivinen ampulli probioottien kanssa <strong>SKIN1004 Madagaskar Centella Probio-Cica Intensive Ampullin tehohoito<\/strong> vaikuttaa voimakkaasti uudistavasti, vahvistaa ihon suojarakennetta ja normalisoi vesi- ja rasvatasapainoa. Parantaa ihon mikrobiomia ja est\u00e4\u00e4 bakteerien kasvua.<\/p>\n<p>Se sulkee kudokset ja korjaa vaurioituneen lipidikerroksen muodostaen esteen, joka neutralisoi ymp\u00e4rist\u00f6tekij\u00f6iden aggressiiviset vaikutukset. Palauttaa kosteusvajeen, kosteuttaa intensiivisesti ja ehk\u00e4isee kuivumista.<\/p>\n<p>Stimuloi uudistumisprosesseja, edist\u00e4\u00e4 pienten tulehdusten paranemista ja rauhoittaa \u00e4rtynytt\u00e4 ihoa.<\/p>\n<p><strong>T\u00e4rkeimm\u00e4t vaikuttavat aineet:<\/strong><\/p>\n<ul>\n<li>Asian Water Naba -uute on per\u00e4isin Madagaskarin ekologisesti puhtaalta alueelta per\u00e4isin olevista kasveista. Se rauhoittaa \u00e4rsytyst\u00e4 ja punoitusta, vahvistaa verisuonten sein\u00e4mi\u00e4, ehk\u00e4isee kapillaariverkoston muodostumista ja auttaa torjumaan ruusufinni\u00e4.<\/li>\n<li>Lactobacilli fermentointi saarelta Cedar on anti-inflammatorisia ominaisuuksia, palauttaa epidermisen toimintoja. Lievitt\u00e4\u00e4 tulehduksellisten ihosairauksien oireita, v\u00e4hent\u00e4\u00e4 ihon herkkyytt\u00e4 ja tukee ihon kimmoisuutta, sileytt\u00e4 ja kiinteytt\u00e4.<\/li>\n<li>TECA-kompleksilla (Asiaticoside, Madecassic Acid, Asiatic Acid, Madecassoside) on anti-inflammatorisia ja haavoja parantavia ominaisuuksia, se edist\u00e4\u00e4 ihon barrier-ominaisuuksien ja kosteudenpidon palautumista, v\u00e4hent\u00e4\u00e4 herkkyytt\u00e4, v\u00e4hent\u00e4\u00e4 turvotusta, vahvistaa verisuonia ja lievitt\u00e4\u00e4 ruusufinni\u00e4.<\/li>\n<li>Keramidit lis\u00e4\u00e4v\u00e4t ihon suojaavia toimintoja, ehk\u00e4isev\u00e4t kosteuden menetyst\u00e4 ja auttavat uudistamaan ihoa. Poistavat kuivuutta, hilseily\u00e4 ja ovat hy\u00f6dyllisi\u00e4 allergisten purkausten, ekseeman ja psoriaasin hoidossa.<\/li>\n<li>Panthenolilla on voimakas rauhoittava vaikutus, se normalisoi lipogeneesiprosessia, joka auttaa yll\u00e4pit\u00e4m\u00e4\u00e4n solujen tarvittavaa kosteustasoa ja suojaa kuivumiselta.<\/li>\n<li>Macadamia\u00f6ljy pehment\u00e4\u00e4 ja ravitsee intensiivisesti, imeytyy nopeasti ja levittyy helposti iholle. Auttaa uudistamaan ihokudoksia ja sill\u00e4 on antioksidanttisia ominaisuuksia.<\/li>\n<\/ul>\n<p>Sopii kuivalle, normaalille ja herk\u00e4lle iholle.<\/p>\n<p><strong>K\u00e4ytt\u00f6:<\/strong>\u00a0Levit\u00e4 tarvittava m\u00e4\u00e4r\u00e4 seerumia aiemmin puhdistetulle iholle. Hiero tai taputtele kevyesti, kunnes iho imeytyy.<\/p>","protected":false},"excerpt":{"rendered":"<p>Intensiivinen probioottiampulli SKIN1004 Madagascar Centella Probio-Cica Intensive Ampoule -hoitoaineella on voimakas uudistava vaikutus, se vahvistaa ihon barri\u00e4\u00e4ritoimintoja ja normalisoi veden ja \u00f6ljyn tasapainoa. Parantaa ihon mikrobiomia ja est\u00e4\u00e4 bakteerien kasvua. Se sulkee kudokset ja korjaa vaurioituneen lipidikerroksen muodostaen esteen, joka neutralisoi ymp\u00e4rist\u00f6tekij\u00f6iden aggressiivisia vaikutuksia. Palauttaa kosteusvajeen, kosteuttaa intensiivisesti ja ehk\u00e4isee kuivumista. Stimuloi uudistumisprosesseja, edist\u00e4\u00e4 pienten tulehdusten paranemista ja...<\/p>","protected":false},"featured_media":1887,"comment_status":"open","ping_status":"closed","template":"","meta":{"_uf_show_specific_survey":0,"_uf_disable_surveys":false,"_bst_post_transparent":"default","_bst_post_title":"","_bst_post_layout":"default","_bst_post_sidebar_id":"","_bst_post_content_style":"default","_bst_post_vertical_padding":"default","_bst_post_feature":"","_bst_post_feature_position":"","_bst_post_header":false,"_bst_post_footer":false},"pwb-brand":[186],"product_brand":[],"product_cat":[92,97],"product_tag":[216,442,441],"class_list":{"0":"post-1893","1":"product","2":"type-product","3":"status-publish","4":"has-post-thumbnail","6":"pwb-brand-skin1004","7":"product_cat-nagu","8":"product_cat-naoseerumid-ja-olid","9":"product_tag-kuiv-nahk","10":"product_tag-probio","11":"product_tag-skin1004","13":"first","14":"instock","15":"sale","16":"shipping-taxable","17":"purchasable","18":"product-type-variable","19":"has-default-attributes","20":"entry","21":"content-bg","22":"loop-entry"},"supplier_id":null,"supplier_sku":"","barcode":null,"atum_controlled":true,"out_stock_date":null,"out_stock_threshold":null,"inheritable":true,"inbound_stock":0,"stock_on_hold":1,"sold_today":1,"sales_last_days":1,"out_stock_days":0,"lost_sales":0,"has_location":false,"update_date":"2026-04-14T11:54:29","atum_locations":[],"atum_stock_status":"instock","restock_status":false,"low_stock_amount":"","sales_update_date":"2026-04-14T00:05:07","calc_backorders":null,"yoast_head":"<!-- This site is optimized with the Yoast SEO plugin v27.2 - https:\/\/yoast.com\/product\/yoast-seo-wordpress\/ -->\n<title>SKIN1004 Madagascar Centella Probio-Cica Intensive Ampoule - IDA.KOREA<\/title>\n<meta name=\"description\" content=\"Ampull omab tugevat taastavat toimet, tugevdab naha barj\u00e4\u00e4rifunktsioone ja normaliseerib vee- ja rasutasakaalu. - Kiire tarne!\" \/>\n<meta name=\"robots\" content=\"index, follow, max-snippet:-1, max-image-preview:large, max-video-preview:-1\" \/>\n<link rel=\"canonical\" href=\"https:\/\/idakorea.ee\/fi\/product\/intensivnaya-ampula-s-probiotikami-skin1004-madagas\/\" \/>\n<meta property=\"og:locale\" content=\"fi_FI\" \/>\n<meta property=\"og:type\" content=\"article\" \/>\n<meta property=\"og:title\" content=\"SKIN1004 Madagascar Centella Probio-Cica Intensive Ampoule - IDA.KOREA\" \/>\n<meta property=\"og:description\" content=\"Ampull omab tugevat taastavat toimet, tugevdab naha barj\u00e4\u00e4rifunktsioone ja normaliseerib vee- ja rasutasakaalu. - Kiire tarne!\" \/>\n<meta property=\"og:url\" content=\"https:\/\/idakorea.ee\/fi\/product\/intensivnaya-ampula-s-probiotikami-skin1004-madagas\/\" \/>\n<meta property=\"og:site_name\" content=\"IDA.KOREA\" \/>\n<meta property=\"article:modified_time\" content=\"2026-04-14T11:54:27+00:00\" \/>\n<meta property=\"og:image\" content=\"https:\/\/idakorea.ee\/wp-content\/uploads\/2024\/06\/9e676f9871.jpg\" \/>\n\t<meta property=\"og:image:width\" content=\"1000\" \/>\n\t<meta property=\"og:image:height\" content=\"1000\" \/>\n\t<meta property=\"og:image:type\" content=\"image\/jpeg\" \/>\n<meta name=\"twitter:card\" content=\"summary_large_image\" \/>\n<meta name=\"twitter:label1\" content=\"Arvioitu lukuaika\" \/>\n\t<meta name=\"twitter:data1\" content=\"2 minuuttia\" \/>\n<script type=\"application\/ld+json\" class=\"yoast-schema-graph\">{\"@context\":\"https:\/\/schema.org\",\"@graph\":[{\"@type\":\"WebPage\",\"@id\":\"https:\/\/idakorea.ee\/product\/intensivnaya-ampula-s-probiotikami-skin1004-madagas\/\",\"url\":\"https:\/\/idakorea.ee\/product\/intensivnaya-ampula-s-probiotikami-skin1004-madagas\/\",\"name\":\"SKIN1004 Madagascar Centella Probio-Cica Intensive Ampoule - IDA.KOREA\",\"isPartOf\":{\"@id\":\"https:\/\/idakorea.ee\/#website\"},\"primaryImageOfPage\":{\"@id\":\"https:\/\/idakorea.ee\/product\/intensivnaya-ampula-s-probiotikami-skin1004-madagas\/#primaryimage\"},\"image\":{\"@id\":\"https:\/\/idakorea.ee\/product\/intensivnaya-ampula-s-probiotikami-skin1004-madagas\/#primaryimage\"},\"thumbnailUrl\":\"https:\/\/idakorea.ee\/wp-content\/uploads\/2024\/06\/9e676f9871.jpg\",\"datePublished\":\"2024-06-04T07:08:12+00:00\",\"dateModified\":\"2026-04-14T11:54:27+00:00\",\"description\":\"Ampull omab tugevat taastavat toimet, tugevdab naha barj\u00e4\u00e4rifunktsioone ja normaliseerib vee- ja rasutasakaalu. - Kiire tarne!\",\"breadcrumb\":{\"@id\":\"https:\/\/idakorea.ee\/product\/intensivnaya-ampula-s-probiotikami-skin1004-madagas\/#breadcrumb\"},\"inLanguage\":\"fi\",\"potentialAction\":[{\"@type\":\"ReadAction\",\"target\":[\"https:\/\/idakorea.ee\/product\/intensivnaya-ampula-s-probiotikami-skin1004-madagas\/\"]}]},{\"@type\":\"ImageObject\",\"inLanguage\":\"fi\",\"@id\":\"https:\/\/idakorea.ee\/product\/intensivnaya-ampula-s-probiotikami-skin1004-madagas\/#primaryimage\",\"url\":\"https:\/\/idakorea.ee\/wp-content\/uploads\/2024\/06\/9e676f9871.jpg\",\"contentUrl\":\"https:\/\/idakorea.ee\/wp-content\/uploads\/2024\/06\/9e676f9871.jpg\",\"width\":1000,\"height\":1000},{\"@type\":\"BreadcrumbList\",\"@id\":\"https:\/\/idakorea.ee\/product\/intensivnaya-ampula-s-probiotikami-skin1004-madagas\/#breadcrumb\",\"itemListElement\":[{\"@type\":\"ListItem\",\"position\":1,\"name\":\"\u0413\u043b\u0430\u0432\u043d\u0430\u044f \u0441\u0442\u0440\u0430\u043d\u0438\u0446\u0430\",\"item\":\"https:\/\/idakorea.ee\/\"},{\"@type\":\"ListItem\",\"position\":2,\"name\":\"Shop\",\"item\":\"https:\/\/idakorea.ee\/shop-2\/\"},{\"@type\":\"ListItem\",\"position\":3,\"name\":\"Seerum SKIN1004 Madagascar Centella Probio-Cica Intensive Ampoule\"}]},{\"@type\":\"WebSite\",\"@id\":\"https:\/\/idakorea.ee\/#website\",\"url\":\"https:\/\/idakorea.ee\/\",\"name\":\"IDA.KOREA\",\"description\":\"Korea kosmeetika e-pood\",\"publisher\":{\"@id\":\"https:\/\/idakorea.ee\/#organization\"},\"alternateName\":\"Beauty Shop\",\"potentialAction\":[{\"@type\":\"SearchAction\",\"target\":{\"@type\":\"EntryPoint\",\"urlTemplate\":\"https:\/\/idakorea.ee\/?s={search_term_string}\"},\"query-input\":{\"@type\":\"PropertyValueSpecification\",\"valueRequired\":true,\"valueName\":\"search_term_string\"}}],\"inLanguage\":\"fi\"},{\"@type\":\"Organization\",\"@id\":\"https:\/\/idakorea.ee\/#organization\",\"name\":\"IDA.KOREA\",\"url\":\"https:\/\/idakorea.ee\/\",\"logo\":{\"@type\":\"ImageObject\",\"inLanguage\":\"fi\",\"@id\":\"https:\/\/idakorea.ee\/#\/schema\/logo\/image\/\",\"url\":\"https:\/\/idakorea.ee\/wp-content\/uploads\/2024\/05\/cropped-korea3.png\",\"contentUrl\":\"https:\/\/idakorea.ee\/wp-content\/uploads\/2024\/05\/cropped-korea3.png\",\"width\":688,\"height\":126,\"caption\":\"IDA.KOREA\"},\"image\":{\"@id\":\"https:\/\/idakorea.ee\/#\/schema\/logo\/image\/\"},\"sameAs\":[\"https:\/\/www.instagram.com\/ida.korea\/\"]}]}<\/script>\n<!-- \/ Yoast SEO plugin. -->","yoast_head_json":{"title":"SKIN1004 Madagascar Centella Probio-Cica Intensive Ampoule - IDA.KOREA","description":"Ampullilla on voimakas uudistava vaikutus, se vahvistaa ihon suojamuuria ja normalisoi vesi- ja \u00f6ljytasapainon. - Nopea toimitus!","robots":{"index":"index","follow":"follow","max-snippet":"max-snippet:-1","max-image-preview":"max-image-preview:large","max-video-preview":"max-video-preview:-1"},"canonical":"https:\/\/idakorea.ee\/fi\/product\/intensivnaya-ampula-s-probiotikami-skin1004-madagas\/","og_locale":"fi_FI","og_type":"article","og_title":"SKIN1004 Madagascar Centella Probio-Cica Intensive Ampoule - IDA.KOREA","og_description":"Ampull omab tugevat taastavat toimet, tugevdab naha barj\u00e4\u00e4rifunktsioone ja normaliseerib vee- ja rasutasakaalu. - Kiire tarne!","og_url":"https:\/\/idakorea.ee\/fi\/product\/intensivnaya-ampula-s-probiotikami-skin1004-madagas\/","og_site_name":"IDA.KOREA","article_modified_time":"2026-04-14T11:54:27+00:00","og_image":[{"width":1000,"height":1000,"url":"https:\/\/idakorea.ee\/wp-content\/uploads\/2024\/06\/9e676f9871.jpg","type":"image\/jpeg"}],"twitter_card":"summary_large_image","twitter_misc":{"Arvioitu lukuaika":"2 minuuttia"},"schema":{"@context":"https:\/\/schema.org","@graph":[{"@type":"WebPage","@id":"https:\/\/idakorea.ee\/product\/intensivnaya-ampula-s-probiotikami-skin1004-madagas\/","url":"https:\/\/idakorea.ee\/product\/intensivnaya-ampula-s-probiotikami-skin1004-madagas\/","name":"SKIN1004 Madagascar Centella Probio-Cica Intensive Ampoule - IDA.KOREA","isPartOf":{"@id":"https:\/\/idakorea.ee\/#website"},"primaryImageOfPage":{"@id":"https:\/\/idakorea.ee\/product\/intensivnaya-ampula-s-probiotikami-skin1004-madagas\/#primaryimage"},"image":{"@id":"https:\/\/idakorea.ee\/product\/intensivnaya-ampula-s-probiotikami-skin1004-madagas\/#primaryimage"},"thumbnailUrl":"https:\/\/idakorea.ee\/wp-content\/uploads\/2024\/06\/9e676f9871.jpg","datePublished":"2024-06-04T07:08:12+00:00","dateModified":"2026-04-14T11:54:27+00:00","description":"Ampullilla on voimakas uudistava vaikutus, se vahvistaa ihon suojamuuria ja normalisoi vesi- ja \u00f6ljytasapainon. - Nopea toimitus!","breadcrumb":{"@id":"https:\/\/idakorea.ee\/product\/intensivnaya-ampula-s-probiotikami-skin1004-madagas\/#breadcrumb"},"inLanguage":"fi","potentialAction":[{"@type":"ReadAction","target":["https:\/\/idakorea.ee\/product\/intensivnaya-ampula-s-probiotikami-skin1004-madagas\/"]}]},{"@type":"ImageObject","inLanguage":"fi","@id":"https:\/\/idakorea.ee\/product\/intensivnaya-ampula-s-probiotikami-skin1004-madagas\/#primaryimage","url":"https:\/\/idakorea.ee\/wp-content\/uploads\/2024\/06\/9e676f9871.jpg","contentUrl":"https:\/\/idakorea.ee\/wp-content\/uploads\/2024\/06\/9e676f9871.jpg","width":1000,"height":1000},{"@type":"BreadcrumbList","@id":"https:\/\/idakorea.ee\/product\/intensivnaya-ampula-s-probiotikami-skin1004-madagas\/#breadcrumb","itemListElement":[{"@type":"ListItem","position":1,"name":"\u0413\u043b\u0430\u0432\u043d\u0430\u044f \u0441\u0442\u0440\u0430\u043d\u0438\u0446\u0430","item":"https:\/\/idakorea.ee\/"},{"@type":"ListItem","position":2,"name":"Shop","item":"https:\/\/idakorea.ee\/shop-2\/"},{"@type":"ListItem","position":3,"name":"Seerum SKIN1004 Madagascar Centella Probio-Cica Intensive Ampoule"}]},{"@type":"WebSite","@id":"https:\/\/idakorea.ee\/#website","url":"https:\/\/idakorea.ee\/","name":"IDA.KOREA","description":"Korean kosmetiikan verkkokauppa","publisher":{"@id":"https:\/\/idakorea.ee\/#organization"},"alternateName":"Beauty Shop","potentialAction":[{"@type":"SearchAction","target":{"@type":"EntryPoint","urlTemplate":"https:\/\/idakorea.ee\/?s={search_term_string}"},"query-input":{"@type":"PropertyValueSpecification","valueRequired":true,"valueName":"search_term_string"}}],"inLanguage":"fi"},{"@type":"Organization","@id":"https:\/\/idakorea.ee\/#organization","name":"IDA.KOREA","url":"https:\/\/idakorea.ee\/","logo":{"@type":"ImageObject","inLanguage":"fi","@id":"https:\/\/idakorea.ee\/#\/schema\/logo\/image\/","url":"https:\/\/idakorea.ee\/wp-content\/uploads\/2024\/05\/cropped-korea3.png","contentUrl":"https:\/\/idakorea.ee\/wp-content\/uploads\/2024\/05\/cropped-korea3.png","width":688,"height":126,"caption":"IDA.KOREA"},"image":{"@id":"https:\/\/idakorea.ee\/#\/schema\/logo\/image\/"},"sameAs":["https:\/\/www.instagram.com\/ida.korea\/"]}]}},"jetpack_sharing_enabled":true,"brands":[{"id":186,"name":"SKIN1004","slug":"skin1004"}],"_links":{"self":[{"href":"https:\/\/idakorea.ee\/fi\/wp-json\/wp\/v2\/product\/1893","targetHints":{"allow":["GET"]}}],"collection":[{"href":"https:\/\/idakorea.ee\/fi\/wp-json\/wp\/v2\/product"}],"about":[{"href":"https:\/\/idakorea.ee\/fi\/wp-json\/wp\/v2\/types\/product"}],"replies":[{"embeddable":true,"href":"https:\/\/idakorea.ee\/fi\/wp-json\/wp\/v2\/comments?post=1893"}],"version-history":[{"count":2,"href":"https:\/\/idakorea.ee\/fi\/wp-json\/wp\/v2\/product\/1893\/revisions"}],"predecessor-version":[{"id":17304,"href":"https:\/\/idakorea.ee\/fi\/wp-json\/wp\/v2\/product\/1893\/revisions\/17304"}],"wp:featuredmedia":[{"embeddable":true,"href":"https:\/\/idakorea.ee\/fi\/wp-json\/wp\/v2\/media\/1887"}],"wp:attachment":[{"href":"https:\/\/idakorea.ee\/fi\/wp-json\/wp\/v2\/media?parent=1893"}],"wp:term":[{"taxonomy":"pwb-brand","embeddable":true,"href":"https:\/\/idakorea.ee\/fi\/wp-json\/wp\/v2\/pwb-brand?post=1893"},{"taxonomy":"product_brand","embeddable":true,"href":"https:\/\/idakorea.ee\/fi\/wp-json\/wp\/v2\/product_brand?post=1893"},{"taxonomy":"product_cat","embeddable":true,"href":"https:\/\/idakorea.ee\/fi\/wp-json\/wp\/v2\/product_cat?post=1893"},{"taxonomy":"product_tag","embeddable":true,"href":"https:\/\/idakorea.ee\/fi\/wp-json\/wp\/v2\/product_tag?post=1893"}],"curies":[{"name":"wp","href":"https:\/\/api.w.org\/{rel}","templated":true}]}}