{"id":1898,"date":"2024-06-04T09:50:59","date_gmt":"2024-06-04T09:50:59","guid":{"rendered":"https:\/\/idakorea.ee\/?post_type=product&#038;p=1898"},"modified":"2026-03-11T22:55:34","modified_gmt":"2026-03-11T20:55:34","slug":"naopuhastusoli-anua-heartleaf-pore-control-cleansing-oil-200-ml","status":"publish","type":"product","link":"https:\/\/idakorea.ee\/fi\/product\/naopuhastusoli-anua-heartleaf-pore-control-cleansing-oil-200-ml\/","title":{"rendered":"Kasvojenpuhdistus\u00f6ljy Anua Heartleaf Pore Control Cleansing Oil, 200ml"},"content":{"rendered":"<p><strong>Anua Heartleaf Pore Control -puhdistus\u00f6ljy<\/strong> Auttaa torjumaan mustap\u00e4it\u00e4, liuottaa tehokkaasti \u00f6ljyhiukkasia ja v\u00e4hent\u00e4\u00e4 talinerityst\u00e4. Imee ylim\u00e4\u00e4r\u00e4ist\u00e4 talia. Poistaa kaikenlaisia ep\u00e4puhtauksia, pinttyneen meikin, meikkivoiteen ja aurinkovoiteen.<\/p>\n<p>Tuote auttaa normalisoimaan talirauhasten toimintaa ja palauttamaan optimaalisen hydrolipidikerroksen. Koostumus sis\u00e4lt\u00e4\u00e4 vain luonnollisia, ei-komedogeenisia \u00f6ljyj\u00e4 (10 000 ppm), jotka eiv\u00e4t edist\u00e4 bakteerien muodostumista eiv\u00e4tk\u00e4 tuki ihohuokosia. Tarjoaa hell\u00e4varaisen mutta laadukkaan puhdistuksen ilman kuivuutta ja kirist\u00e4v\u00e4\u00e4 tunnetta. Vaikuttaa rauhoittavasti ja auttaa aknen hoidossa.<\/p>\n<p><strong>T\u00e4rkeimm\u00e4t vaikuttavat aineet:<\/strong><\/p>\n<ul>\n<li>Houttuynia-uute nopeuttaa haavojen ja mikrovammojen paranemista, sill\u00e4 on tulehdusta ehk\u00e4isevi\u00e4 ominaisuuksia ja se v\u00e4hent\u00e4\u00e4 herkkyytt\u00e4 ulkoisille \u00e4rsykkeille.<\/li>\n<li>Viiniryp\u00e4leen siemen\u00f6ljy on voimakas luonnollinen antioksidantti, vapaiden radikaalien est\u00e4j\u00e4. Kliinisesti on todistettu, ett\u00e4 t\u00e4m\u00e4n komponentin k\u00e4ytt\u00f6 auttaa vakauttamaan kollageenin ja elastiinin tuotantoa, jotka ovat vastuussa ihon nuorekkuudesta ja kimmoisuudesta.<\/li>\n<li>Jojoba\u00f6ljy kosteuttaa ja ravitsee ihoa. \u00d6ljyn korkea E-vitamiinipitoisuus tarjoaa antioksidanttisia ominaisuuksia.<\/li>\n<li>Macadamia\u00f6ljy pehment\u00e4\u00e4 ja ravitsee tehokkaasti, imeytyy v\u00e4litt\u00f6m\u00e4sti ja levittyy helposti iholle. Se edist\u00e4\u00e4 ihon uudistumista ja on antioksidantti. Korvaamaton kuivalle, kuivuneelle ja ik\u00e4\u00e4ntyv\u00e4lle iholle. Hoitaa \u00e4rsytyst\u00e4 ja lievitt\u00e4\u00e4 tulehdusta.<\/li>\n<li>Oliivi\u00f6ljy ehk\u00e4isee kuivuutta ja nestehukkaa, tarjoaa antioksidanttisuojaa, pident\u00e4\u00e4 nuoruutta ja suojaa ulkoisilta \u00e4rsykkeilt\u00e4: kylm\u00e4lt\u00e4, tuulelta ja kuivalta ilmalta.<\/li>\n<li>Auringonkukka\u00f6ljy ravitsee, kosteuttaa ja pehment\u00e4\u00e4 syv\u00e4lt\u00e4, tasoittaa ihon mikroelastisuutta ja tekee siit\u00e4 vahvemman ja kimmoisamman. Sill\u00e4 on parantava vaikutus, joka kiihdytt\u00e4\u00e4 solujen uusiutumis- ja uudistumisprosessia.<\/li>\n<li>Butyyliavokadinaatti \u2013 avokadosta johdettu aine. Est\u00e4\u00e4 5-\u03b1-reduktaasientsyymin toimintaa, mik\u00e4 puolestaan aktivoi lis\u00e4\u00e4ntynytt\u00e4 talirauhasten tuotantoa ja v\u00e4hent\u00e4\u00e4 siten ihon talirauhasten erityst\u00e4 sek\u00e4 salisyylihapon mahdollista \u00e4rsytyst\u00e4.<\/li>\n<\/ul>\n<p><strong>K\u00e4ytt\u00f6<\/strong>Levit\u00e4 muutama pumppaus \u00f6ljy\u00e4 kuiviin k\u00e4siin ja levit\u00e4 kuivalle iholle. Hiero hell\u00e4varaisesti py\u00f6rivin liikkein meikin liuottamiseksi. Ota k\u00e4det pois ja jatka hieromista, \u00f6ljy muuttuu kevyeksi maitomaiseksi emulsioksi. Huuhtele haalealla vedell\u00e4.<\/p>","protected":false},"excerpt":{"rendered":"<p>Anua Heartleaf Pore Control Cleansing Oil auttaa torjumaan mustap\u00e4it\u00e4, liuottaa tehokkaasti \u00f6ljytukoksia ja v\u00e4hent\u00e4\u00e4 rasvoittumista. Imeytt\u00e4\u00e4 ylim\u00e4\u00e4r\u00e4isen \u00f6ljyn. poistaa kaikenlaiset ep\u00e4puhtaudet, sitke\u00e4n meikin, meikkivoiteen, meikkipohjan ja aurinkovoiteen. Tuote auttaa normalisoimaan talirauhasia ja palauttamaan optimaalisen hydrolipidiesteen. Kaava sis\u00e4lt\u00e4\u00e4 vain luonnollisia, ei-komedogeenisi\u00e4 \u00f6ljyj\u00e4 (10 000 ppm), jotka eiv\u00e4t aiheuta bakteereja tai tuki huokosia.....<\/p>","protected":false},"featured_media":1899,"comment_status":"open","ping_status":"closed","template":"","meta":{"_uf_show_specific_survey":0,"_uf_disable_surveys":false,"_bst_post_transparent":"default","_bst_post_title":"","_bst_post_layout":"default","_bst_post_sidebar_id":"","_bst_post_content_style":"default","_bst_post_vertical_padding":"default","_bst_post_feature":"","_bst_post_feature_position":"","_bst_post_header":false,"_bst_post_footer":false},"pwb-brand":[104],"product_brand":[],"product_cat":[92,452,100],"product_tag":[102,568,671],"class_list":{"0":"post-1898","1":"product","2":"type-product","3":"status-publish","4":"has-post-thumbnail","6":"pwb-brand-anua","7":"product_cat-nagu","8":"product_cat-naopuhastusgeelid","9":"product_cat-puhastusvahendid","10":"product_tag-anua","11":"product_tag-korea","12":"product_tag-oil","14":"first","15":"instock","16":"sale","17":"shipping-taxable","18":"purchasable","19":"product-type-simple","20":"entry","21":"content-bg","22":"loop-entry"},"supplier_id":null,"supplier_sku":"","barcode":null,"atum_controlled":true,"out_stock_date":null,"out_stock_threshold":null,"inheritable":false,"inbound_stock":0,"stock_on_hold":0,"sold_today":0,"sales_last_days":0,"out_stock_days":0,"lost_sales":0,"has_location":false,"update_date":"2026-04-14T00:05:09","atum_locations":[],"atum_stock_status":"instock","restock_status":false,"low_stock_amount":"","sales_update_date":"2026-04-14T00:05:09","calc_backorders":null,"yoast_head":"<!-- This site is optimized with the Yoast SEO plugin v27.2 - https:\/\/yoast.com\/product\/yoast-seo-wordpress\/ -->\n<title>Anua Heartleaf Pore Control Cleansing Oil - IDA.KOREA<\/title>\n<meta name=\"description\" content=\"N\u00e4opuhastus\u00f5li Anua Heartleaf Pore Control Cleansing Oil aitab v\u00f5idelda mustade laikude vastu, lahustab t\u00f5husalt rasvak\u00fcbemeid ja v\u00e4hendab rasu.\" \/>\n<meta name=\"robots\" content=\"index, follow, max-snippet:-1, max-image-preview:large, max-video-preview:-1\" \/>\n<link rel=\"canonical\" href=\"https:\/\/idakorea.ee\/fi\/product\/naopuhastusoli-anua-heartleaf-pore-control-cleansing-oil-200-ml\/\" \/>\n<meta property=\"og:locale\" content=\"fi_FI\" \/>\n<meta property=\"og:type\" content=\"article\" \/>\n<meta property=\"og:title\" content=\"Anua Heartleaf Pore Control Cleansing Oil - IDA.KOREA\" \/>\n<meta property=\"og:description\" content=\"N\u00e4opuhastus\u00f5li Anua Heartleaf Pore Control Cleansing Oil aitab v\u00f5idelda mustade laikude vastu, lahustab t\u00f5husalt rasvak\u00fcbemeid ja v\u00e4hendab rasu.\" \/>\n<meta property=\"og:url\" content=\"https:\/\/idakorea.ee\/fi\/product\/naopuhastusoli-anua-heartleaf-pore-control-cleansing-oil-200-ml\/\" \/>\n<meta property=\"og:site_name\" content=\"IDA.KOREA\" \/>\n<meta property=\"article:modified_time\" content=\"2026-03-11T20:55:34+00:00\" \/>\n<meta property=\"og:image\" content=\"https:\/\/idakorea.ee\/wp-content\/uploads\/2024\/06\/hollyshop-_-2024_02_12T140829.774-_1_.jpg\" \/>\n\t<meta property=\"og:image:width\" content=\"1000\" \/>\n\t<meta property=\"og:image:height\" content=\"1000\" \/>\n\t<meta property=\"og:image:type\" content=\"image\/jpeg\" \/>\n<meta name=\"twitter:card\" content=\"summary_large_image\" \/>\n<meta name=\"twitter:label1\" content=\"Arvioitu lukuaika\" \/>\n\t<meta name=\"twitter:data1\" content=\"2 minuuttia\" \/>\n<script type=\"application\/ld+json\" class=\"yoast-schema-graph\">{\"@context\":\"https:\/\/schema.org\",\"@graph\":[{\"@type\":\"WebPage\",\"@id\":\"https:\/\/idakorea.ee\/product\/naopuhastusoli-anua-heartleaf-pore-control-cleansing-oil-200-ml\/\",\"url\":\"https:\/\/idakorea.ee\/product\/naopuhastusoli-anua-heartleaf-pore-control-cleansing-oil-200-ml\/\",\"name\":\"Anua Heartleaf Pore Control Cleansing Oil - IDA.KOREA\",\"isPartOf\":{\"@id\":\"https:\/\/idakorea.ee\/#website\"},\"primaryImageOfPage\":{\"@id\":\"https:\/\/idakorea.ee\/product\/naopuhastusoli-anua-heartleaf-pore-control-cleansing-oil-200-ml\/#primaryimage\"},\"image\":{\"@id\":\"https:\/\/idakorea.ee\/product\/naopuhastusoli-anua-heartleaf-pore-control-cleansing-oil-200-ml\/#primaryimage\"},\"thumbnailUrl\":\"https:\/\/idakorea.ee\/wp-content\/uploads\/2024\/06\/hollyshop-_-2024_02_12T140829.774-_1_.jpg\",\"datePublished\":\"2024-06-04T09:50:59+00:00\",\"dateModified\":\"2026-03-11T20:55:34+00:00\",\"description\":\"N\u00e4opuhastus\u00f5li Anua Heartleaf Pore Control Cleansing Oil aitab v\u00f5idelda mustade laikude vastu, lahustab t\u00f5husalt rasvak\u00fcbemeid ja v\u00e4hendab rasu.\",\"breadcrumb\":{\"@id\":\"https:\/\/idakorea.ee\/product\/naopuhastusoli-anua-heartleaf-pore-control-cleansing-oil-200-ml\/#breadcrumb\"},\"inLanguage\":\"fi\",\"potentialAction\":[{\"@type\":\"ReadAction\",\"target\":[\"https:\/\/idakorea.ee\/product\/naopuhastusoli-anua-heartleaf-pore-control-cleansing-oil-200-ml\/\"]}]},{\"@type\":\"ImageObject\",\"inLanguage\":\"fi\",\"@id\":\"https:\/\/idakorea.ee\/product\/naopuhastusoli-anua-heartleaf-pore-control-cleansing-oil-200-ml\/#primaryimage\",\"url\":\"https:\/\/idakorea.ee\/wp-content\/uploads\/2024\/06\/hollyshop-_-2024_02_12T140829.774-_1_.jpg\",\"contentUrl\":\"https:\/\/idakorea.ee\/wp-content\/uploads\/2024\/06\/hollyshop-_-2024_02_12T140829.774-_1_.jpg\",\"width\":1000,\"height\":1000},{\"@type\":\"BreadcrumbList\",\"@id\":\"https:\/\/idakorea.ee\/product\/naopuhastusoli-anua-heartleaf-pore-control-cleansing-oil-200-ml\/#breadcrumb\",\"itemListElement\":[{\"@type\":\"ListItem\",\"position\":1,\"name\":\"\u0413\u043b\u0430\u0432\u043d\u0430\u044f \u0441\u0442\u0440\u0430\u043d\u0438\u0446\u0430\",\"item\":\"https:\/\/idakorea.ee\/\"},{\"@type\":\"ListItem\",\"position\":2,\"name\":\"Shop\",\"item\":\"https:\/\/idakorea.ee\/shop-2\/\"},{\"@type\":\"ListItem\",\"position\":3,\"name\":\"N\u00e4opuhastus\u00f5li Anua Heartleaf Pore Control Cleansing Oil, 200ml\"}]},{\"@type\":\"WebSite\",\"@id\":\"https:\/\/idakorea.ee\/#website\",\"url\":\"https:\/\/idakorea.ee\/\",\"name\":\"IDA.KOREA\",\"description\":\"Korea kosmeetika e-pood\",\"publisher\":{\"@id\":\"https:\/\/idakorea.ee\/#organization\"},\"alternateName\":\"Beauty Shop\",\"potentialAction\":[{\"@type\":\"SearchAction\",\"target\":{\"@type\":\"EntryPoint\",\"urlTemplate\":\"https:\/\/idakorea.ee\/?s={search_term_string}\"},\"query-input\":{\"@type\":\"PropertyValueSpecification\",\"valueRequired\":true,\"valueName\":\"search_term_string\"}}],\"inLanguage\":\"fi\"},{\"@type\":\"Organization\",\"@id\":\"https:\/\/idakorea.ee\/#organization\",\"name\":\"IDA.KOREA\",\"url\":\"https:\/\/idakorea.ee\/\",\"logo\":{\"@type\":\"ImageObject\",\"inLanguage\":\"fi\",\"@id\":\"https:\/\/idakorea.ee\/#\/schema\/logo\/image\/\",\"url\":\"https:\/\/idakorea.ee\/wp-content\/uploads\/2024\/05\/cropped-korea3.png\",\"contentUrl\":\"https:\/\/idakorea.ee\/wp-content\/uploads\/2024\/05\/cropped-korea3.png\",\"width\":688,\"height\":126,\"caption\":\"IDA.KOREA\"},\"image\":{\"@id\":\"https:\/\/idakorea.ee\/#\/schema\/logo\/image\/\"},\"sameAs\":[\"https:\/\/www.instagram.com\/ida.korea\/\"]}]}<\/script>\n<!-- \/ Yoast SEO plugin. -->","yoast_head_json":{"title":"Anua Heartleaf Pore Control -puhdistus\u00f6ljy - IDA.KOREA","description":"Anua Heartleaf Pore Control Cleansing Oil auttaa torjumaan mustap\u00e4it\u00e4, liuottaa tehokkaasti \u00f6ljyhiukkasia ja v\u00e4hent\u00e4\u00e4 talinerityst\u00e4.","robots":{"index":"index","follow":"follow","max-snippet":"max-snippet:-1","max-image-preview":"max-image-preview:large","max-video-preview":"max-video-preview:-1"},"canonical":"https:\/\/idakorea.ee\/fi\/product\/naopuhastusoli-anua-heartleaf-pore-control-cleansing-oil-200-ml\/","og_locale":"fi_FI","og_type":"article","og_title":"Anua Heartleaf Pore Control Cleansing Oil - IDA.KOREA","og_description":"N\u00e4opuhastus\u00f5li Anua Heartleaf Pore Control Cleansing Oil aitab v\u00f5idelda mustade laikude vastu, lahustab t\u00f5husalt rasvak\u00fcbemeid ja v\u00e4hendab rasu.","og_url":"https:\/\/idakorea.ee\/fi\/product\/naopuhastusoli-anua-heartleaf-pore-control-cleansing-oil-200-ml\/","og_site_name":"IDA.KOREA","article_modified_time":"2026-03-11T20:55:34+00:00","og_image":[{"width":1000,"height":1000,"url":"https:\/\/idakorea.ee\/wp-content\/uploads\/2024\/06\/hollyshop-_-2024_02_12T140829.774-_1_.jpg","type":"image\/jpeg"}],"twitter_card":"summary_large_image","twitter_misc":{"Arvioitu lukuaika":"2 minuuttia"},"schema":{"@context":"https:\/\/schema.org","@graph":[{"@type":"WebPage","@id":"https:\/\/idakorea.ee\/product\/naopuhastusoli-anua-heartleaf-pore-control-cleansing-oil-200-ml\/","url":"https:\/\/idakorea.ee\/product\/naopuhastusoli-anua-heartleaf-pore-control-cleansing-oil-200-ml\/","name":"Anua Heartleaf Pore Control -puhdistus\u00f6ljy - IDA.KOREA","isPartOf":{"@id":"https:\/\/idakorea.ee\/#website"},"primaryImageOfPage":{"@id":"https:\/\/idakorea.ee\/product\/naopuhastusoli-anua-heartleaf-pore-control-cleansing-oil-200-ml\/#primaryimage"},"image":{"@id":"https:\/\/idakorea.ee\/product\/naopuhastusoli-anua-heartleaf-pore-control-cleansing-oil-200-ml\/#primaryimage"},"thumbnailUrl":"https:\/\/idakorea.ee\/wp-content\/uploads\/2024\/06\/hollyshop-_-2024_02_12T140829.774-_1_.jpg","datePublished":"2024-06-04T09:50:59+00:00","dateModified":"2026-03-11T20:55:34+00:00","description":"Anua Heartleaf Pore Control Cleansing Oil auttaa torjumaan mustap\u00e4it\u00e4, liuottaa tehokkaasti \u00f6ljyhiukkasia ja v\u00e4hent\u00e4\u00e4 talinerityst\u00e4.","breadcrumb":{"@id":"https:\/\/idakorea.ee\/product\/naopuhastusoli-anua-heartleaf-pore-control-cleansing-oil-200-ml\/#breadcrumb"},"inLanguage":"fi","potentialAction":[{"@type":"ReadAction","target":["https:\/\/idakorea.ee\/product\/naopuhastusoli-anua-heartleaf-pore-control-cleansing-oil-200-ml\/"]}]},{"@type":"ImageObject","inLanguage":"fi","@id":"https:\/\/idakorea.ee\/product\/naopuhastusoli-anua-heartleaf-pore-control-cleansing-oil-200-ml\/#primaryimage","url":"https:\/\/idakorea.ee\/wp-content\/uploads\/2024\/06\/hollyshop-_-2024_02_12T140829.774-_1_.jpg","contentUrl":"https:\/\/idakorea.ee\/wp-content\/uploads\/2024\/06\/hollyshop-_-2024_02_12T140829.774-_1_.jpg","width":1000,"height":1000},{"@type":"BreadcrumbList","@id":"https:\/\/idakorea.ee\/product\/naopuhastusoli-anua-heartleaf-pore-control-cleansing-oil-200-ml\/#breadcrumb","itemListElement":[{"@type":"ListItem","position":1,"name":"\u0413\u043b\u0430\u0432\u043d\u0430\u044f \u0441\u0442\u0440\u0430\u043d\u0438\u0446\u0430","item":"https:\/\/idakorea.ee\/"},{"@type":"ListItem","position":2,"name":"Shop","item":"https:\/\/idakorea.ee\/shop-2\/"},{"@type":"ListItem","position":3,"name":"N\u00e4opuhastus\u00f5li Anua Heartleaf Pore Control Cleansing Oil, 200ml"}]},{"@type":"WebSite","@id":"https:\/\/idakorea.ee\/#website","url":"https:\/\/idakorea.ee\/","name":"IDA.KOREA","description":"Korean kosmetiikan verkkokauppa","publisher":{"@id":"https:\/\/idakorea.ee\/#organization"},"alternateName":"Beauty Shop","potentialAction":[{"@type":"SearchAction","target":{"@type":"EntryPoint","urlTemplate":"https:\/\/idakorea.ee\/?s={search_term_string}"},"query-input":{"@type":"PropertyValueSpecification","valueRequired":true,"valueName":"search_term_string"}}],"inLanguage":"fi"},{"@type":"Organization","@id":"https:\/\/idakorea.ee\/#organization","name":"IDA.KOREA","url":"https:\/\/idakorea.ee\/","logo":{"@type":"ImageObject","inLanguage":"fi","@id":"https:\/\/idakorea.ee\/#\/schema\/logo\/image\/","url":"https:\/\/idakorea.ee\/wp-content\/uploads\/2024\/05\/cropped-korea3.png","contentUrl":"https:\/\/idakorea.ee\/wp-content\/uploads\/2024\/05\/cropped-korea3.png","width":688,"height":126,"caption":"IDA.KOREA"},"image":{"@id":"https:\/\/idakorea.ee\/#\/schema\/logo\/image\/"},"sameAs":["https:\/\/www.instagram.com\/ida.korea\/"]}]}},"jetpack_sharing_enabled":true,"brands":[{"id":104,"name":"ANUA","slug":"anua"}],"_links":{"self":[{"href":"https:\/\/idakorea.ee\/fi\/wp-json\/wp\/v2\/product\/1898","targetHints":{"allow":["GET"]}}],"collection":[{"href":"https:\/\/idakorea.ee\/fi\/wp-json\/wp\/v2\/product"}],"about":[{"href":"https:\/\/idakorea.ee\/fi\/wp-json\/wp\/v2\/types\/product"}],"replies":[{"embeddable":true,"href":"https:\/\/idakorea.ee\/fi\/wp-json\/wp\/v2\/comments?post=1898"}],"version-history":[{"count":3,"href":"https:\/\/idakorea.ee\/fi\/wp-json\/wp\/v2\/product\/1898\/revisions"}],"predecessor-version":[{"id":15696,"href":"https:\/\/idakorea.ee\/fi\/wp-json\/wp\/v2\/product\/1898\/revisions\/15696"}],"wp:featuredmedia":[{"embeddable":true,"href":"https:\/\/idakorea.ee\/fi\/wp-json\/wp\/v2\/media\/1899"}],"wp:attachment":[{"href":"https:\/\/idakorea.ee\/fi\/wp-json\/wp\/v2\/media?parent=1898"}],"wp:term":[{"taxonomy":"pwb-brand","embeddable":true,"href":"https:\/\/idakorea.ee\/fi\/wp-json\/wp\/v2\/pwb-brand?post=1898"},{"taxonomy":"product_brand","embeddable":true,"href":"https:\/\/idakorea.ee\/fi\/wp-json\/wp\/v2\/product_brand?post=1898"},{"taxonomy":"product_cat","embeddable":true,"href":"https:\/\/idakorea.ee\/fi\/wp-json\/wp\/v2\/product_cat?post=1898"},{"taxonomy":"product_tag","embeddable":true,"href":"https:\/\/idakorea.ee\/fi\/wp-json\/wp\/v2\/product_tag?post=1898"}],"curies":[{"name":"wp","href":"https:\/\/api.w.org\/{rel}","templated":true}]}}