{"id":1971,"date":"2024-06-05T08:10:47","date_gmt":"2024-06-05T08:10:47","guid":{"rendered":"https:\/\/idakorea.ee\/?post_type=product&#038;p=1971"},"modified":"2026-04-14T21:14:20","modified_gmt":"2026-04-14T19:14:20","slug":"ekstra-toitev-kortsudevastane-kreem-valge-truhvliga-dalba-white-truffle-extra-nourishing-cream-60ml","status":"publish","type":"product","link":"https:\/\/idakorea.ee\/fi\/product\/ekstra-toitev-kortsudevastane-kreem-valge-truhvliga-dalba-white-truffle-extra-nourishing-cream-60ml\/","title":{"rendered":"Eritt\u00e4in ravitseva ryppyvoide, jossa on valkoista tryffeli\u00e4 d&#039;Alba White Truffle Extra Nourishing Cream, 60ml"},"content":{"rendered":"<p><strong>d&#039;Alba Valkoinen tryffeli Extra ravitseva voide<\/strong>\u00a0V\u00e4hent\u00e4\u00e4 ryppyjen n\u00e4kymist\u00e4, parantaa kiinteytt\u00e4 ja elastisuutta, kirist\u00e4\u00e4 ihoa, kosteuttaa ja ravitsee, tasoittaa kohoumia ja antaa terveen hehkun.<\/p>\n<p>Tihe\u00e4 kermainen koostumus imeytyy ihoon hell\u00e4varaisesti poistaen kuivuutta, hilseily\u00e4 ja kireytt\u00e4 j\u00e4tt\u00e4m\u00e4tt\u00e4 tahmeaa kalvoa: tuote antaa raikkaan lopputuloksen. Hypoallergeeninen koostumus testattu: voide ei aiheuta \u00e4rsytyst\u00e4.<\/p>\n<p>T\u00e4rkein vaikuttava aine on Trufferol\u2122 Complex, joka on yhdistelm\u00e4 valkoista tryffeliuutetta (1000 ppm) ja E-vitamiinia (tokoferoli). Trufferol\u2122 lis\u00e4\u00e4 ihon kimmoisuutta ja kiinteytt\u00e4, tasoittaa mikroelastisuutta ja v\u00e4hent\u00e4\u00e4 ryppyj\u00e4 ja muita ik\u00e4\u00e4n liittyvi\u00e4 muutoksia.<\/p>\n<p>&nbsp;<\/p>\n<p>Muita vaikuttavia aineita:<\/p>\n<ul>\n<li>Mangovoi kosteuttaa, ravitsee tehokkaasti, poistaa kuivuutta, silottaa ja kyll\u00e4st\u00e4\u00e4 aminohapoilla ja antioksidanteilla.<\/li>\n<li>Kasvikollageeni lis\u00e4\u00e4 nesteytyst\u00e4, kiinteytt\u00e4\u00e4 ja kirist\u00e4\u00e4 ihoa, sill\u00e4 on nuorentava vaikutus.<\/li>\n<li>Vegaaniset keramidit imeytyv\u00e4t lipidikerrokseen ja vahvistavat sit\u00e4, est\u00e4v\u00e4t transdermaalista kosteuden haihtumista, suojaavat sarveiskerrosta haitallisten aineiden tunkeutumiselta ja parantavat ihon rakennetta.<\/li>\n<li>Kahdeksan \u00f6ljyn (oliivi-, makadamia-, auringonkukka-, oslinn-, jojoba-, kamelia-, avokado- ja tyrni\u00f6ljy) kompleksi ehk\u00e4isee kuivumista ja nestehukkaa, tarjoaa antioksidanttisuojaa, pident\u00e4\u00e4 ihon nuorekkuutta ja suojaa ulkoisilta \u00e4rsykkeilt\u00e4: kylm\u00e4lt\u00e4, tuulelta ja kuivalta ilmalta.<\/li>\n<li>Adenosiini on tehokas nuorentava aine, yksi ihon ainesosista. Se vaikuttaa suoraan soluihin s\u00e4\u00e4telem\u00e4ll\u00e4 hapettumisprosessia. Se kiihdytt\u00e4\u00e4 uudistumista, hidastaa ik\u00e4\u00e4ntymist\u00e4, yll\u00e4pit\u00e4\u00e4 kimmoisuutta ja vahvuutta. Stimuloi prokollageeni-1:n tuotantoa, joka vastaa rypytt\u00f6m\u00e4st\u00e4 ja sile\u00e4st\u00e4 ihosta.<\/li>\n<\/ul>\n<p>Sopii normaalille ja kuivalle iholle.<\/p>","protected":false},"excerpt":{"rendered":"<p>d'Alba White Truffle Extra Nourishing Cream v\u00e4hent\u00e4\u00e4 ryppyj\u00e4, parantaa kiinteytt\u00e4 ja kimmoisuutta, kiinteytt\u00e4\u00e4 ihoa, kosteuttaa ja ravitsee, silottaa \u00e4\u00e4riviivoja ja antaa terveen hehkun. Tihe\u00e4 voidemainen koostumus sulautuu ihoon hell\u00e4varaisesti ja poistaa kuivuutta, hilseily\u00e4 ja kirist\u00e4vyytt\u00e4 j\u00e4tt\u00e4m\u00e4tt\u00e4 tahmeaa kalvoa: tuote antaa virkist\u00e4v\u00e4n lopputuloksen. Hypoallergeeninen koostumus testattu: voide ei \u00e4rsyt\u00e4. T\u00e4rkein vaikuttava aine on Trufferol\u2122 Complex, joka on valkoinen...<\/p>","protected":false},"featured_media":1972,"comment_status":"open","ping_status":"closed","template":"","meta":{"_uf_show_specific_survey":0,"_uf_disable_surveys":false,"_bst_post_transparent":"default","_bst_post_title":"","_bst_post_layout":"default","_bst_post_sidebar_id":"","_bst_post_content_style":"default","_bst_post_vertical_padding":"default","_bst_post_feature":"","_bst_post_feature_position":"","_bst_post_header":false,"_bst_post_footer":false},"pwb-brand":[105],"product_brand":[],"product_cat":[92,96],"product_tag":[127,233,202,216],"class_list":{"0":"post-1971","1":"product","2":"type-product","3":"status-publish","4":"has-post-thumbnail","6":"pwb-brand-dalba","7":"product_cat-nagu","8":"product_cat-naokreemid","9":"product_tag-dalba","10":"product_tag-internet-pood-eesti","11":"product_tag-korea-kosmeetika","12":"product_tag-kuiv-nahk","14":"first","15":"instock","16":"sale","17":"shipping-taxable","18":"purchasable","19":"product-type-simple","20":"entry","21":"content-bg","22":"loop-entry"},"supplier_id":null,"supplier_sku":"","barcode":null,"atum_controlled":true,"out_stock_date":null,"out_stock_threshold":null,"inheritable":false,"inbound_stock":0,"stock_on_hold":1,"sold_today":1,"sales_last_days":1,"out_stock_days":0,"lost_sales":0,"has_location":false,"update_date":"2026-04-14T19:14:30","atum_locations":[],"atum_stock_status":"instock","restock_status":false,"low_stock_amount":"","sales_update_date":"2026-04-14T19:14:30","calc_backorders":null,"yoast_head":"<!-- This site is optimized with the Yoast SEO plugin v27.2 - https:\/\/yoast.com\/product\/yoast-seo-wordpress\/ -->\n<title>d&#039;Alba White Truffle Extra Nourishing Cream - IDA.KOREA<\/title>\n<meta name=\"description\" content=\"Kreem\u00a0v\u00e4hendab kortsude ilmnemist, parandab pinguldatust ja elastsust, pinguldab nahka, niisutab ja toidab, silub reljeefi ja annab tervisliku s\u00e4ra.\" \/>\n<meta name=\"robots\" content=\"index, follow, max-snippet:-1, max-image-preview:large, max-video-preview:-1\" \/>\n<link rel=\"canonical\" href=\"https:\/\/idakorea.ee\/fi\/product\/ekstra-toitev-kortsudevastane-kreem-valge-truhvliga-dalba-white-truffle-extra-nourishing-cream-60ml\/\" \/>\n<meta property=\"og:locale\" content=\"fi_FI\" \/>\n<meta property=\"og:type\" content=\"article\" \/>\n<meta property=\"og:title\" content=\"d&#039;Alba White Truffle Extra Nourishing Cream - IDA.KOREA\" \/>\n<meta property=\"og:description\" content=\"Kreem\u00a0v\u00e4hendab kortsude ilmnemist, parandab pinguldatust ja elastsust, pinguldab nahka, niisutab ja toidab, silub reljeefi ja annab tervisliku s\u00e4ra.\" \/>\n<meta property=\"og:url\" content=\"https:\/\/idakorea.ee\/fi\/product\/ekstra-toitev-kortsudevastane-kreem-valge-truhvliga-dalba-white-truffle-extra-nourishing-cream-60ml\/\" \/>\n<meta property=\"og:site_name\" content=\"IDA.KOREA\" \/>\n<meta property=\"article:modified_time\" content=\"2026-04-14T19:14:20+00:00\" \/>\n<meta property=\"og:image\" content=\"https:\/\/idakorea.ee\/wp-content\/uploads\/2024\/06\/D_Alba-White-Truffle-Extra-Nourishing-Cream.jpg\" \/>\n\t<meta property=\"og:image:width\" content=\"1000\" \/>\n\t<meta property=\"og:image:height\" content=\"1000\" \/>\n\t<meta property=\"og:image:type\" content=\"image\/jpeg\" \/>\n<meta name=\"twitter:card\" content=\"summary_large_image\" \/>\n<meta name=\"twitter:label1\" content=\"Arvioitu lukuaika\" \/>\n\t<meta name=\"twitter:data1\" content=\"2 minuuttia\" \/>\n<script type=\"application\/ld+json\" class=\"yoast-schema-graph\">{\"@context\":\"https:\/\/schema.org\",\"@graph\":[{\"@type\":\"WebPage\",\"@id\":\"https:\/\/idakorea.ee\/product\/ekstra-toitev-kortsudevastane-kreem-valge-truhvliga-dalba-white-truffle-extra-nourishing-cream-60ml\/\",\"url\":\"https:\/\/idakorea.ee\/product\/ekstra-toitev-kortsudevastane-kreem-valge-truhvliga-dalba-white-truffle-extra-nourishing-cream-60ml\/\",\"name\":\"d'Alba White Truffle Extra Nourishing Cream - IDA.KOREA\",\"isPartOf\":{\"@id\":\"https:\/\/idakorea.ee\/#website\"},\"primaryImageOfPage\":{\"@id\":\"https:\/\/idakorea.ee\/product\/ekstra-toitev-kortsudevastane-kreem-valge-truhvliga-dalba-white-truffle-extra-nourishing-cream-60ml\/#primaryimage\"},\"image\":{\"@id\":\"https:\/\/idakorea.ee\/product\/ekstra-toitev-kortsudevastane-kreem-valge-truhvliga-dalba-white-truffle-extra-nourishing-cream-60ml\/#primaryimage\"},\"thumbnailUrl\":\"https:\/\/idakorea.ee\/wp-content\/uploads\/2024\/06\/D_Alba-White-Truffle-Extra-Nourishing-Cream.jpg\",\"datePublished\":\"2024-06-05T08:10:47+00:00\",\"dateModified\":\"2026-04-14T19:14:20+00:00\",\"description\":\"Kreem\u00a0v\u00e4hendab kortsude ilmnemist, parandab pinguldatust ja elastsust, pinguldab nahka, niisutab ja toidab, silub reljeefi ja annab tervisliku s\u00e4ra.\",\"breadcrumb\":{\"@id\":\"https:\/\/idakorea.ee\/product\/ekstra-toitev-kortsudevastane-kreem-valge-truhvliga-dalba-white-truffle-extra-nourishing-cream-60ml\/#breadcrumb\"},\"inLanguage\":\"fi\",\"potentialAction\":[{\"@type\":\"ReadAction\",\"target\":[\"https:\/\/idakorea.ee\/product\/ekstra-toitev-kortsudevastane-kreem-valge-truhvliga-dalba-white-truffle-extra-nourishing-cream-60ml\/\"]}]},{\"@type\":\"ImageObject\",\"inLanguage\":\"fi\",\"@id\":\"https:\/\/idakorea.ee\/product\/ekstra-toitev-kortsudevastane-kreem-valge-truhvliga-dalba-white-truffle-extra-nourishing-cream-60ml\/#primaryimage\",\"url\":\"https:\/\/idakorea.ee\/wp-content\/uploads\/2024\/06\/D_Alba-White-Truffle-Extra-Nourishing-Cream.jpg\",\"contentUrl\":\"https:\/\/idakorea.ee\/wp-content\/uploads\/2024\/06\/D_Alba-White-Truffle-Extra-Nourishing-Cream.jpg\",\"width\":1000,\"height\":1000},{\"@type\":\"BreadcrumbList\",\"@id\":\"https:\/\/idakorea.ee\/product\/ekstra-toitev-kortsudevastane-kreem-valge-truhvliga-dalba-white-truffle-extra-nourishing-cream-60ml\/#breadcrumb\",\"itemListElement\":[{\"@type\":\"ListItem\",\"position\":1,\"name\":\"\u0413\u043b\u0430\u0432\u043d\u0430\u044f \u0441\u0442\u0440\u0430\u043d\u0438\u0446\u0430\",\"item\":\"https:\/\/idakorea.ee\/\"},{\"@type\":\"ListItem\",\"position\":2,\"name\":\"Shop\",\"item\":\"https:\/\/idakorea.ee\/shop-2\/\"},{\"@type\":\"ListItem\",\"position\":3,\"name\":\"Ekstra toitev kortsudevastane kreem valge tr\u00fchvliga d&#8217;Alba White Truffle Extra Nourishing Cream, 60ml\"}]},{\"@type\":\"WebSite\",\"@id\":\"https:\/\/idakorea.ee\/#website\",\"url\":\"https:\/\/idakorea.ee\/\",\"name\":\"IDA.KOREA\",\"description\":\"Korea kosmeetika e-pood\",\"publisher\":{\"@id\":\"https:\/\/idakorea.ee\/#organization\"},\"alternateName\":\"Beauty Shop\",\"potentialAction\":[{\"@type\":\"SearchAction\",\"target\":{\"@type\":\"EntryPoint\",\"urlTemplate\":\"https:\/\/idakorea.ee\/?s={search_term_string}\"},\"query-input\":{\"@type\":\"PropertyValueSpecification\",\"valueRequired\":true,\"valueName\":\"search_term_string\"}}],\"inLanguage\":\"fi\"},{\"@type\":\"Organization\",\"@id\":\"https:\/\/idakorea.ee\/#organization\",\"name\":\"IDA.KOREA\",\"url\":\"https:\/\/idakorea.ee\/\",\"logo\":{\"@type\":\"ImageObject\",\"inLanguage\":\"fi\",\"@id\":\"https:\/\/idakorea.ee\/#\/schema\/logo\/image\/\",\"url\":\"https:\/\/idakorea.ee\/wp-content\/uploads\/2024\/05\/cropped-korea3.png\",\"contentUrl\":\"https:\/\/idakorea.ee\/wp-content\/uploads\/2024\/05\/cropped-korea3.png\",\"width\":688,\"height\":126,\"caption\":\"IDA.KOREA\"},\"image\":{\"@id\":\"https:\/\/idakorea.ee\/#\/schema\/logo\/image\/\"},\"sameAs\":[\"https:\/\/www.instagram.com\/ida.korea\/\"]}]}<\/script>\n<!-- \/ Yoast SEO plugin. -->","yoast_head_json":{"title":"d&#039;Alba White Truffle Extra Nourishing Cream -voide - IDA.KOREA","description":"Voide v\u00e4hent\u00e4\u00e4 ryppyjen n\u00e4kymist\u00e4, parantaa ihon kiinteytt\u00e4 ja elastisuutta, kiinteytt\u00e4\u00e4 ihoa, kosteuttaa ja ravitsee, tasoittaa kohotettuja kohtia ja antaa sille terveen hehkun.","robots":{"index":"index","follow":"follow","max-snippet":"max-snippet:-1","max-image-preview":"max-image-preview:large","max-video-preview":"max-video-preview:-1"},"canonical":"https:\/\/idakorea.ee\/fi\/product\/ekstra-toitev-kortsudevastane-kreem-valge-truhvliga-dalba-white-truffle-extra-nourishing-cream-60ml\/","og_locale":"fi_FI","og_type":"article","og_title":"d'Alba White Truffle Extra Nourishing Cream - IDA.KOREA","og_description":"Kreem\u00a0v\u00e4hendab kortsude ilmnemist, parandab pinguldatust ja elastsust, pinguldab nahka, niisutab ja toidab, silub reljeefi ja annab tervisliku s\u00e4ra.","og_url":"https:\/\/idakorea.ee\/fi\/product\/ekstra-toitev-kortsudevastane-kreem-valge-truhvliga-dalba-white-truffle-extra-nourishing-cream-60ml\/","og_site_name":"IDA.KOREA","article_modified_time":"2026-04-14T19:14:20+00:00","og_image":[{"width":1000,"height":1000,"url":"https:\/\/idakorea.ee\/wp-content\/uploads\/2024\/06\/D_Alba-White-Truffle-Extra-Nourishing-Cream.jpg","type":"image\/jpeg"}],"twitter_card":"summary_large_image","twitter_misc":{"Arvioitu lukuaika":"2 minuuttia"},"schema":{"@context":"https:\/\/schema.org","@graph":[{"@type":"WebPage","@id":"https:\/\/idakorea.ee\/product\/ekstra-toitev-kortsudevastane-kreem-valge-truhvliga-dalba-white-truffle-extra-nourishing-cream-60ml\/","url":"https:\/\/idakorea.ee\/product\/ekstra-toitev-kortsudevastane-kreem-valge-truhvliga-dalba-white-truffle-extra-nourishing-cream-60ml\/","name":"d&#039;Alba White Truffle Extra Nourishing Cream -voide - IDA.KOREA","isPartOf":{"@id":"https:\/\/idakorea.ee\/#website"},"primaryImageOfPage":{"@id":"https:\/\/idakorea.ee\/product\/ekstra-toitev-kortsudevastane-kreem-valge-truhvliga-dalba-white-truffle-extra-nourishing-cream-60ml\/#primaryimage"},"image":{"@id":"https:\/\/idakorea.ee\/product\/ekstra-toitev-kortsudevastane-kreem-valge-truhvliga-dalba-white-truffle-extra-nourishing-cream-60ml\/#primaryimage"},"thumbnailUrl":"https:\/\/idakorea.ee\/wp-content\/uploads\/2024\/06\/D_Alba-White-Truffle-Extra-Nourishing-Cream.jpg","datePublished":"2024-06-05T08:10:47+00:00","dateModified":"2026-04-14T19:14:20+00:00","description":"Voide v\u00e4hent\u00e4\u00e4 ryppyjen n\u00e4kymist\u00e4, parantaa ihon kiinteytt\u00e4 ja elastisuutta, kiinteytt\u00e4\u00e4 ihoa, kosteuttaa ja ravitsee, tasoittaa kohotettuja kohtia ja antaa sille terveen hehkun.","breadcrumb":{"@id":"https:\/\/idakorea.ee\/product\/ekstra-toitev-kortsudevastane-kreem-valge-truhvliga-dalba-white-truffle-extra-nourishing-cream-60ml\/#breadcrumb"},"inLanguage":"fi","potentialAction":[{"@type":"ReadAction","target":["https:\/\/idakorea.ee\/product\/ekstra-toitev-kortsudevastane-kreem-valge-truhvliga-dalba-white-truffle-extra-nourishing-cream-60ml\/"]}]},{"@type":"ImageObject","inLanguage":"fi","@id":"https:\/\/idakorea.ee\/product\/ekstra-toitev-kortsudevastane-kreem-valge-truhvliga-dalba-white-truffle-extra-nourishing-cream-60ml\/#primaryimage","url":"https:\/\/idakorea.ee\/wp-content\/uploads\/2024\/06\/D_Alba-White-Truffle-Extra-Nourishing-Cream.jpg","contentUrl":"https:\/\/idakorea.ee\/wp-content\/uploads\/2024\/06\/D_Alba-White-Truffle-Extra-Nourishing-Cream.jpg","width":1000,"height":1000},{"@type":"BreadcrumbList","@id":"https:\/\/idakorea.ee\/product\/ekstra-toitev-kortsudevastane-kreem-valge-truhvliga-dalba-white-truffle-extra-nourishing-cream-60ml\/#breadcrumb","itemListElement":[{"@type":"ListItem","position":1,"name":"\u0413\u043b\u0430\u0432\u043d\u0430\u044f \u0441\u0442\u0440\u0430\u043d\u0438\u0446\u0430","item":"https:\/\/idakorea.ee\/"},{"@type":"ListItem","position":2,"name":"Shop","item":"https:\/\/idakorea.ee\/shop-2\/"},{"@type":"ListItem","position":3,"name":"Ekstra toitev kortsudevastane kreem valge tr\u00fchvliga d&#8217;Alba White Truffle Extra Nourishing Cream, 60ml"}]},{"@type":"WebSite","@id":"https:\/\/idakorea.ee\/#website","url":"https:\/\/idakorea.ee\/","name":"IDA.KOREA","description":"Korean kosmetiikan verkkokauppa","publisher":{"@id":"https:\/\/idakorea.ee\/#organization"},"alternateName":"Beauty Shop","potentialAction":[{"@type":"SearchAction","target":{"@type":"EntryPoint","urlTemplate":"https:\/\/idakorea.ee\/?s={search_term_string}"},"query-input":{"@type":"PropertyValueSpecification","valueRequired":true,"valueName":"search_term_string"}}],"inLanguage":"fi"},{"@type":"Organization","@id":"https:\/\/idakorea.ee\/#organization","name":"IDA.KOREA","url":"https:\/\/idakorea.ee\/","logo":{"@type":"ImageObject","inLanguage":"fi","@id":"https:\/\/idakorea.ee\/#\/schema\/logo\/image\/","url":"https:\/\/idakorea.ee\/wp-content\/uploads\/2024\/05\/cropped-korea3.png","contentUrl":"https:\/\/idakorea.ee\/wp-content\/uploads\/2024\/05\/cropped-korea3.png","width":688,"height":126,"caption":"IDA.KOREA"},"image":{"@id":"https:\/\/idakorea.ee\/#\/schema\/logo\/image\/"},"sameAs":["https:\/\/www.instagram.com\/ida.korea\/"]}]}},"jetpack_sharing_enabled":true,"brands":[{"id":105,"name":"d'ALBA","slug":"dalba"}],"_links":{"self":[{"href":"https:\/\/idakorea.ee\/fi\/wp-json\/wp\/v2\/product\/1971","targetHints":{"allow":["GET"]}}],"collection":[{"href":"https:\/\/idakorea.ee\/fi\/wp-json\/wp\/v2\/product"}],"about":[{"href":"https:\/\/idakorea.ee\/fi\/wp-json\/wp\/v2\/types\/product"}],"replies":[{"embeddable":true,"href":"https:\/\/idakorea.ee\/fi\/wp-json\/wp\/v2\/comments?post=1971"}],"version-history":[{"count":4,"href":"https:\/\/idakorea.ee\/fi\/wp-json\/wp\/v2\/product\/1971\/revisions"}],"predecessor-version":[{"id":11372,"href":"https:\/\/idakorea.ee\/fi\/wp-json\/wp\/v2\/product\/1971\/revisions\/11372"}],"wp:featuredmedia":[{"embeddable":true,"href":"https:\/\/idakorea.ee\/fi\/wp-json\/wp\/v2\/media\/1972"}],"wp:attachment":[{"href":"https:\/\/idakorea.ee\/fi\/wp-json\/wp\/v2\/media?parent=1971"}],"wp:term":[{"taxonomy":"pwb-brand","embeddable":true,"href":"https:\/\/idakorea.ee\/fi\/wp-json\/wp\/v2\/pwb-brand?post=1971"},{"taxonomy":"product_brand","embeddable":true,"href":"https:\/\/idakorea.ee\/fi\/wp-json\/wp\/v2\/product_brand?post=1971"},{"taxonomy":"product_cat","embeddable":true,"href":"https:\/\/idakorea.ee\/fi\/wp-json\/wp\/v2\/product_cat?post=1971"},{"taxonomy":"product_tag","embeddable":true,"href":"https:\/\/idakorea.ee\/fi\/wp-json\/wp\/v2\/product_tag?post=1971"}],"curies":[{"name":"wp","href":"https:\/\/api.w.org\/{rel}","templated":true}]}}