{"id":1983,"date":"2024-06-05T11:12:05","date_gmt":"2024-06-05T11:12:05","guid":{"rendered":"https:\/\/idakorea.ee\/?post_type=product&#038;p=1983"},"modified":"2026-01-31T09:22:01","modified_gmt":"2026-01-31T07:22:01","slug":"dalba-white-truffle-extra-firming-cream-50-ml","status":"publish","type":"product","link":"https:\/\/idakorea.ee\/fi\/product\/dalba-white-truffle-extra-firming-cream-50-ml\/","title":{"rendered":"Ik\u00e4\u00e4ntymist\u00e4 ehk\u00e4isev\u00e4 voide, jossa on valkoista tryffeli\u00e4 d&#039;Alba White Truffle Extra-Firming Cream, 50 ml"},"content":{"rendered":"<p>Anti-ageing nostatusvoide valkoisilla tryffeleill\u00e4\u00a0<strong>d'Alba White Truffle Extra-Firming Cream - eritt\u00e4in kiinteytt\u00e4v\u00e4 kerma<\/strong>\u00a0on vahvoja antioksidanttiominaisuuksia, s\u00e4vytt\u00e4\u00e4, parantaa ihoa ja palauttaa terveen hehkun. Se kirist\u00e4\u00e4 merkitt\u00e4v\u00e4sti epidermist\u00e4, auttaa vahvistamaan lipidivaippaa, ravitsee, lievitt\u00e4\u00e4 kuivuutta ja hilseily\u00e4.<\/p>\n<p>Tuotteella on voimakas nuorentava vaikutus, jonka tavoitteena on lis\u00e4t\u00e4 kudosten kimmoisuutta ja kollageenisynteesi\u00e4. Torjuu aktiivisesti ensimm\u00e4isi\u00e4 ik\u00e4\u00e4ntymisen merkkej\u00e4 sek\u00e4 syvempi\u00e4 ja voimakkaampia ryppyj\u00e4. V\u00e4hent\u00e4\u00e4 ryppyjen syvyytt\u00e4, kiinteytt\u00e4\u00e4 ihoa, selkeytt\u00e4\u00e4 kasvojen \u00e4\u00e4riviivoja.<\/p>\n<p>Kyll\u00e4st\u00e4\u00e4 epidermissolut B-vitamiineilla ja aminohapoilla, jotka normalisoivat aineenvaihduntaa, est\u00e4v\u00e4t elastiinin tuhoutumista ja stimuloivat proteiini- ja rasva-aineenvaihduntaa.<\/p>\n<p>Tuote on koostumukseltaan klassisen kermainen, ravitsee ja kosteuttaa hyvin.<\/p>\n<p><strong>T\u00e4rkeimm\u00e4t vaikuttavat aineet:<\/strong><\/p>\n<ul>\n<li>Valkoinen tryffeliuute vahvistaa immuniteettia, parantaa solujen aineenvaihduntaa, s\u00e4\u00e4telee talirauhasia ja vaikuttaa nuorentavasti: se tasoittaa ja kiinteytt\u00e4\u00e4 ihoa, v\u00e4hent\u00e4\u00e4 ryppyj\u00e4 ja h\u00e4ivytt\u00e4\u00e4 ik\u00e4\u00e4ntymislaikkuja.<\/li>\n<li>Tremella-sieniuute aktivoi puolustustoimintoja, sill\u00e4 on antimikrobista vaikutusta, lis\u00e4\u00e4 paikallista immuniteettia ja v\u00e4hent\u00e4\u00e4 herkkyytt\u00e4.<\/li>\n<li>Kasviper\u00e4inen kasvikollageeni kosteuttaa ja s\u00e4ilytt\u00e4\u00e4 kosteuden ihossa, mik\u00e4 yll\u00e4pit\u00e4\u00e4 ihon kimmoisuutta ja kiinteytt\u00e4 ja v\u00e4hent\u00e4\u00e4 ik\u00e4\u00e4ntymiseen liittyvi\u00e4 muutoksia.<\/li>\n<li>\u00d6ljykompleksi ravitsee syv\u00e4sti, poistaa hilseily\u00e4 ja kuivuutta, hidastaa ik\u00e4\u00e4ntymist\u00e4, edist\u00e4\u00e4 uudistumista, ei tuki huokosia.<\/li>\n<li>5-tyyppinen hyaluronihappokompleksi auttaa sitomaan kosteutta, lis\u00e4\u00e4m\u00e4\u00e4n kosteutta ja luomaan l\u00e4pin\u00e4kyv\u00e4n suojakalvon. Iho tiivistyy sis\u00e4lt\u00e4p\u00e4in, tasoittaa ja antaa raikkaamman ja nuorekkaamman ulkon\u00e4\u00f6n.<\/li>\n<li>Adenosiini - anti-ageing-aktiivinen aine, stimuloi kollageeniproteiinin tuotantoa, joka on vastuussa tiheydest\u00e4 ja kimmoisuudesta, ryppyjen puuttumisesta.<\/li>\n<\/ul>\n<p>Sopii normaalille ja kuivalle iholle.<\/p>\n<p><strong>K\u00e4ytt\u00f6:\u00a0<\/strong>levit\u00e4 tarvittava m\u00e4\u00e4r\u00e4 voidetta kasvoille<\/p>","protected":false},"excerpt":{"rendered":"<p>Anti-ageing lifting-voide valkoisella tryffelill\u00e4 d'Alba White Truffle Extra-Firming Cream -voiteella on vahvat antioksidanttiominaisuudet, se kiinteytt\u00e4\u00e4, parantaa ihon s\u00e4vy\u00e4 ja palauttaa terveen hehkun. Se paksuuntuu dramaattisesti, auttaa vahvistamaan lipidivaippaa, ravitsee, lievitt\u00e4\u00e4 kuivuutta ja hilseily\u00e4. Tuotteella on voimakas nuorentava vaikutus, joka on suunniteltu lis\u00e4\u00e4m\u00e4\u00e4n kudosten kimmoisuutta ja kollageenisynteesi\u00e4. Torjuu aktiivisesti ensimm\u00e4isi\u00e4 ik\u00e4\u00e4ntymisen merkkej\u00e4 sek\u00e4 syvempi\u00e4 ja...<\/p>","protected":false},"featured_media":1984,"comment_status":"open","ping_status":"closed","template":"","meta":{"_uf_show_specific_survey":0,"_uf_disable_surveys":false,"_bst_post_transparent":"default","_bst_post_title":"","_bst_post_layout":"default","_bst_post_sidebar_id":"","_bst_post_content_style":"default","_bst_post_vertical_padding":"default","_bst_post_feature":"","_bst_post_feature_position":"","_bst_post_header":false,"_bst_post_footer":false},"pwb-brand":[105],"product_brand":[],"product_cat":[92,96],"product_tag":[127,690,233,202,216],"class_list":{"0":"post-1983","1":"product","2":"type-product","3":"status-publish","4":"has-post-thumbnail","6":"pwb-brand-dalba","7":"product_cat-nagu","8":"product_cat-naokreemid","9":"product_tag-dalba","10":"product_tag-extra-firming-cream","11":"product_tag-internet-pood-eesti","12":"product_tag-korea-kosmeetika","13":"product_tag-kuiv-nahk","15":"first","16":"instock","17":"sale","18":"shipping-taxable","19":"purchasable","20":"product-type-simple","21":"entry","22":"content-bg","23":"loop-entry"},"supplier_id":null,"supplier_sku":"","barcode":null,"atum_controlled":true,"out_stock_date":null,"out_stock_threshold":null,"inheritable":false,"inbound_stock":0,"stock_on_hold":0,"sold_today":0,"sales_last_days":0,"out_stock_days":0,"lost_sales":0,"has_location":false,"update_date":"2026-04-14T00:05:08","atum_locations":[],"atum_stock_status":"instock","restock_status":false,"low_stock_amount":"","sales_update_date":"2026-04-14T00:05:08","calc_backorders":null,"yoast_head":"<!-- This site is optimized with the Yoast SEO plugin v27.2 - https:\/\/yoast.com\/product\/yoast-seo-wordpress\/ -->\n<title>d&#039;Alba White Truffle Extra-Firming Cream - IDA.KOREA<\/title>\n<meta name=\"description\" content=\"Vananemisvastane t\u00f5stev kreem valge tr\u00fchvliga\u00a0d&#039;Alba White Truffle Extra-Firming on antioks\u00fcdantse omadusega, toniseerib, parandab jume ja annab tervisliku s\u00e4ra tagasi.\" \/>\n<meta name=\"robots\" content=\"index, follow, max-snippet:-1, max-image-preview:large, max-video-preview:-1\" \/>\n<link rel=\"canonical\" href=\"https:\/\/idakorea.ee\/fi\/product\/dalba-white-truffle-extra-firming-cream-50-ml\/\" \/>\n<meta property=\"og:locale\" content=\"fi_FI\" \/>\n<meta property=\"og:type\" content=\"article\" \/>\n<meta property=\"og:title\" content=\"d&#039;Alba White Truffle Extra-Firming Cream - IDA.KOREA\" \/>\n<meta property=\"og:description\" content=\"Vananemisvastane t\u00f5stev kreem valge tr\u00fchvliga\u00a0d&#039;Alba White Truffle Extra-Firming on antioks\u00fcdantse omadusega, toniseerib, parandab jume ja annab tervisliku s\u00e4ra tagasi.\" \/>\n<meta property=\"og:url\" content=\"https:\/\/idakorea.ee\/fi\/product\/dalba-white-truffle-extra-firming-cream-50-ml\/\" \/>\n<meta property=\"og:site_name\" content=\"IDA.KOREA\" \/>\n<meta property=\"article:modified_time\" content=\"2026-01-31T07:22:01+00:00\" \/>\n<meta property=\"og:image\" content=\"https:\/\/idakorea.ee\/wp-content\/uploads\/2024\/06\/D_Alba-White-Truffle-Extra_Firming-Cream-_1_.png\" \/>\n\t<meta property=\"og:image:width\" content=\"1000\" \/>\n\t<meta property=\"og:image:height\" content=\"1000\" \/>\n\t<meta property=\"og:image:type\" content=\"image\/png\" \/>\n<meta name=\"twitter:card\" content=\"summary_large_image\" \/>\n<meta name=\"twitter:label1\" content=\"Arvioitu lukuaika\" \/>\n\t<meta name=\"twitter:data1\" content=\"2 minuuttia\" \/>\n<script type=\"application\/ld+json\" class=\"yoast-schema-graph\">{\"@context\":\"https:\/\/schema.org\",\"@graph\":[{\"@type\":\"WebPage\",\"@id\":\"https:\/\/idakorea.ee\/product\/dalba-white-truffle-extra-firming-cream-50-ml\/\",\"url\":\"https:\/\/idakorea.ee\/product\/dalba-white-truffle-extra-firming-cream-50-ml\/\",\"name\":\"d'Alba White Truffle Extra-Firming Cream - IDA.KOREA\",\"isPartOf\":{\"@id\":\"https:\/\/idakorea.ee\/#website\"},\"primaryImageOfPage\":{\"@id\":\"https:\/\/idakorea.ee\/product\/dalba-white-truffle-extra-firming-cream-50-ml\/#primaryimage\"},\"image\":{\"@id\":\"https:\/\/idakorea.ee\/product\/dalba-white-truffle-extra-firming-cream-50-ml\/#primaryimage\"},\"thumbnailUrl\":\"https:\/\/idakorea.ee\/wp-content\/uploads\/2024\/06\/D_Alba-White-Truffle-Extra_Firming-Cream-_1_.png\",\"datePublished\":\"2024-06-05T11:12:05+00:00\",\"dateModified\":\"2026-01-31T07:22:01+00:00\",\"description\":\"Vananemisvastane t\u00f5stev kreem valge tr\u00fchvliga\u00a0d'Alba White Truffle Extra-Firming on antioks\u00fcdantse omadusega, toniseerib, parandab jume ja annab tervisliku s\u00e4ra tagasi.\",\"breadcrumb\":{\"@id\":\"https:\/\/idakorea.ee\/product\/dalba-white-truffle-extra-firming-cream-50-ml\/#breadcrumb\"},\"inLanguage\":\"fi\",\"potentialAction\":[{\"@type\":\"ReadAction\",\"target\":[\"https:\/\/idakorea.ee\/product\/dalba-white-truffle-extra-firming-cream-50-ml\/\"]}]},{\"@type\":\"ImageObject\",\"inLanguage\":\"fi\",\"@id\":\"https:\/\/idakorea.ee\/product\/dalba-white-truffle-extra-firming-cream-50-ml\/#primaryimage\",\"url\":\"https:\/\/idakorea.ee\/wp-content\/uploads\/2024\/06\/D_Alba-White-Truffle-Extra_Firming-Cream-_1_.png\",\"contentUrl\":\"https:\/\/idakorea.ee\/wp-content\/uploads\/2024\/06\/D_Alba-White-Truffle-Extra_Firming-Cream-_1_.png\",\"width\":1000,\"height\":1000},{\"@type\":\"BreadcrumbList\",\"@id\":\"https:\/\/idakorea.ee\/product\/dalba-white-truffle-extra-firming-cream-50-ml\/#breadcrumb\",\"itemListElement\":[{\"@type\":\"ListItem\",\"position\":1,\"name\":\"\u0413\u043b\u0430\u0432\u043d\u0430\u044f \u0441\u0442\u0440\u0430\u043d\u0438\u0446\u0430\",\"item\":\"https:\/\/idakorea.ee\/\"},{\"@type\":\"ListItem\",\"position\":2,\"name\":\"Shop\",\"item\":\"https:\/\/idakorea.ee\/shop-2\/\"},{\"@type\":\"ListItem\",\"position\":3,\"name\":\"Vananemisvastane kreem valge tr\u00fchvliga d&#8217;Alba White Truffle Extra-Firming Cream, 50 ml\"}]},{\"@type\":\"WebSite\",\"@id\":\"https:\/\/idakorea.ee\/#website\",\"url\":\"https:\/\/idakorea.ee\/\",\"name\":\"IDA.KOREA\",\"description\":\"Korea kosmeetika e-pood\",\"publisher\":{\"@id\":\"https:\/\/idakorea.ee\/#organization\"},\"alternateName\":\"Beauty Shop\",\"potentialAction\":[{\"@type\":\"SearchAction\",\"target\":{\"@type\":\"EntryPoint\",\"urlTemplate\":\"https:\/\/idakorea.ee\/?s={search_term_string}\"},\"query-input\":{\"@type\":\"PropertyValueSpecification\",\"valueRequired\":true,\"valueName\":\"search_term_string\"}}],\"inLanguage\":\"fi\"},{\"@type\":\"Organization\",\"@id\":\"https:\/\/idakorea.ee\/#organization\",\"name\":\"IDA.KOREA\",\"url\":\"https:\/\/idakorea.ee\/\",\"logo\":{\"@type\":\"ImageObject\",\"inLanguage\":\"fi\",\"@id\":\"https:\/\/idakorea.ee\/#\/schema\/logo\/image\/\",\"url\":\"https:\/\/idakorea.ee\/wp-content\/uploads\/2024\/05\/cropped-korea3.png\",\"contentUrl\":\"https:\/\/idakorea.ee\/wp-content\/uploads\/2024\/05\/cropped-korea3.png\",\"width\":688,\"height\":126,\"caption\":\"IDA.KOREA\"},\"image\":{\"@id\":\"https:\/\/idakorea.ee\/#\/schema\/logo\/image\/\"},\"sameAs\":[\"https:\/\/www.instagram.com\/ida.korea\/\"]}]}<\/script>\n<!-- \/ Yoast SEO plugin. -->","yoast_head_json":{"title":"d&#039;Alba White Truffle Extra-Firming Cream - Kiinteytt\u00e4v\u00e4 voide - IDA.KOREA","description":"Ik\u00e4\u00e4ntymist\u00e4 ehk\u00e4isev\u00e4 kiinteytt\u00e4v\u00e4 voide, jossa on valkoista tryffeli\u00e4 d&#039;Alba White Truffle Extra-Firming. Sill\u00e4 on antioksidanttisia ominaisuuksia, se kiinteytt\u00e4\u00e4, parantaa ihonv\u00e4ri\u00e4 ja palauttaa terveen hehkun.","robots":{"index":"index","follow":"follow","max-snippet":"max-snippet:-1","max-image-preview":"max-image-preview:large","max-video-preview":"max-video-preview:-1"},"canonical":"https:\/\/idakorea.ee\/fi\/product\/dalba-white-truffle-extra-firming-cream-50-ml\/","og_locale":"fi_FI","og_type":"article","og_title":"d'Alba White Truffle Extra-Firming Cream - IDA.KOREA","og_description":"Vananemisvastane t\u00f5stev kreem valge tr\u00fchvliga\u00a0d'Alba White Truffle Extra-Firming on antioks\u00fcdantse omadusega, toniseerib, parandab jume ja annab tervisliku s\u00e4ra tagasi.","og_url":"https:\/\/idakorea.ee\/fi\/product\/dalba-white-truffle-extra-firming-cream-50-ml\/","og_site_name":"IDA.KOREA","article_modified_time":"2026-01-31T07:22:01+00:00","og_image":[{"width":1000,"height":1000,"url":"https:\/\/idakorea.ee\/wp-content\/uploads\/2024\/06\/D_Alba-White-Truffle-Extra_Firming-Cream-_1_.png","type":"image\/png"}],"twitter_card":"summary_large_image","twitter_misc":{"Arvioitu lukuaika":"2 minuuttia"},"schema":{"@context":"https:\/\/schema.org","@graph":[{"@type":"WebPage","@id":"https:\/\/idakorea.ee\/product\/dalba-white-truffle-extra-firming-cream-50-ml\/","url":"https:\/\/idakorea.ee\/product\/dalba-white-truffle-extra-firming-cream-50-ml\/","name":"d&#039;Alba White Truffle Extra-Firming Cream - Kiinteytt\u00e4v\u00e4 voide - IDA.KOREA","isPartOf":{"@id":"https:\/\/idakorea.ee\/#website"},"primaryImageOfPage":{"@id":"https:\/\/idakorea.ee\/product\/dalba-white-truffle-extra-firming-cream-50-ml\/#primaryimage"},"image":{"@id":"https:\/\/idakorea.ee\/product\/dalba-white-truffle-extra-firming-cream-50-ml\/#primaryimage"},"thumbnailUrl":"https:\/\/idakorea.ee\/wp-content\/uploads\/2024\/06\/D_Alba-White-Truffle-Extra_Firming-Cream-_1_.png","datePublished":"2024-06-05T11:12:05+00:00","dateModified":"2026-01-31T07:22:01+00:00","description":"Ik\u00e4\u00e4ntymist\u00e4 ehk\u00e4isev\u00e4 kiinteytt\u00e4v\u00e4 voide, jossa on valkoista tryffeli\u00e4 d&#039;Alba White Truffle Extra-Firming. Sill\u00e4 on antioksidanttisia ominaisuuksia, se kiinteytt\u00e4\u00e4, parantaa ihonv\u00e4ri\u00e4 ja palauttaa terveen hehkun.","breadcrumb":{"@id":"https:\/\/idakorea.ee\/product\/dalba-white-truffle-extra-firming-cream-50-ml\/#breadcrumb"},"inLanguage":"fi","potentialAction":[{"@type":"ReadAction","target":["https:\/\/idakorea.ee\/product\/dalba-white-truffle-extra-firming-cream-50-ml\/"]}]},{"@type":"ImageObject","inLanguage":"fi","@id":"https:\/\/idakorea.ee\/product\/dalba-white-truffle-extra-firming-cream-50-ml\/#primaryimage","url":"https:\/\/idakorea.ee\/wp-content\/uploads\/2024\/06\/D_Alba-White-Truffle-Extra_Firming-Cream-_1_.png","contentUrl":"https:\/\/idakorea.ee\/wp-content\/uploads\/2024\/06\/D_Alba-White-Truffle-Extra_Firming-Cream-_1_.png","width":1000,"height":1000},{"@type":"BreadcrumbList","@id":"https:\/\/idakorea.ee\/product\/dalba-white-truffle-extra-firming-cream-50-ml\/#breadcrumb","itemListElement":[{"@type":"ListItem","position":1,"name":"\u0413\u043b\u0430\u0432\u043d\u0430\u044f \u0441\u0442\u0440\u0430\u043d\u0438\u0446\u0430","item":"https:\/\/idakorea.ee\/"},{"@type":"ListItem","position":2,"name":"Shop","item":"https:\/\/idakorea.ee\/shop-2\/"},{"@type":"ListItem","position":3,"name":"Vananemisvastane kreem valge tr\u00fchvliga d&#8217;Alba White Truffle Extra-Firming Cream, 50 ml"}]},{"@type":"WebSite","@id":"https:\/\/idakorea.ee\/#website","url":"https:\/\/idakorea.ee\/","name":"IDA.KOREA","description":"Korean kosmetiikan verkkokauppa","publisher":{"@id":"https:\/\/idakorea.ee\/#organization"},"alternateName":"Beauty Shop","potentialAction":[{"@type":"SearchAction","target":{"@type":"EntryPoint","urlTemplate":"https:\/\/idakorea.ee\/?s={search_term_string}"},"query-input":{"@type":"PropertyValueSpecification","valueRequired":true,"valueName":"search_term_string"}}],"inLanguage":"fi"},{"@type":"Organization","@id":"https:\/\/idakorea.ee\/#organization","name":"IDA.KOREA","url":"https:\/\/idakorea.ee\/","logo":{"@type":"ImageObject","inLanguage":"fi","@id":"https:\/\/idakorea.ee\/#\/schema\/logo\/image\/","url":"https:\/\/idakorea.ee\/wp-content\/uploads\/2024\/05\/cropped-korea3.png","contentUrl":"https:\/\/idakorea.ee\/wp-content\/uploads\/2024\/05\/cropped-korea3.png","width":688,"height":126,"caption":"IDA.KOREA"},"image":{"@id":"https:\/\/idakorea.ee\/#\/schema\/logo\/image\/"},"sameAs":["https:\/\/www.instagram.com\/ida.korea\/"]}]}},"jetpack_sharing_enabled":true,"brands":[{"id":105,"name":"d'ALBA","slug":"dalba"}],"_links":{"self":[{"href":"https:\/\/idakorea.ee\/fi\/wp-json\/wp\/v2\/product\/1983","targetHints":{"allow":["GET"]}}],"collection":[{"href":"https:\/\/idakorea.ee\/fi\/wp-json\/wp\/v2\/product"}],"about":[{"href":"https:\/\/idakorea.ee\/fi\/wp-json\/wp\/v2\/types\/product"}],"replies":[{"embeddable":true,"href":"https:\/\/idakorea.ee\/fi\/wp-json\/wp\/v2\/comments?post=1983"}],"version-history":[{"count":4,"href":"https:\/\/idakorea.ee\/fi\/wp-json\/wp\/v2\/product\/1983\/revisions"}],"predecessor-version":[{"id":17292,"href":"https:\/\/idakorea.ee\/fi\/wp-json\/wp\/v2\/product\/1983\/revisions\/17292"}],"wp:featuredmedia":[{"embeddable":true,"href":"https:\/\/idakorea.ee\/fi\/wp-json\/wp\/v2\/media\/1984"}],"wp:attachment":[{"href":"https:\/\/idakorea.ee\/fi\/wp-json\/wp\/v2\/media?parent=1983"}],"wp:term":[{"taxonomy":"pwb-brand","embeddable":true,"href":"https:\/\/idakorea.ee\/fi\/wp-json\/wp\/v2\/pwb-brand?post=1983"},{"taxonomy":"product_brand","embeddable":true,"href":"https:\/\/idakorea.ee\/fi\/wp-json\/wp\/v2\/product_brand?post=1983"},{"taxonomy":"product_cat","embeddable":true,"href":"https:\/\/idakorea.ee\/fi\/wp-json\/wp\/v2\/product_cat?post=1983"},{"taxonomy":"product_tag","embeddable":true,"href":"https:\/\/idakorea.ee\/fi\/wp-json\/wp\/v2\/product_tag?post=1983"}],"curies":[{"name":"wp","href":"https:\/\/api.w.org\/{rel}","templated":true}]}}