{"id":2011,"date":"2024-06-05T13:16:27","date_gmt":"2024-06-05T13:16:27","guid":{"rendered":"https:\/\/idakorea.ee\/?post_type=product&#038;p=2011"},"modified":"2026-04-11T16:15:38","modified_gmt":"2026-04-11T14:15:38","slug":"silmakreem-medi-peel-peptide-9-shrink-lif-tox-eye-cream-20ml","status":"publish","type":"product","link":"https:\/\/idakorea.ee\/fi\/product\/silmakreem-medi-peel-peptide-9-shrink-lif-tox-eye-cream-20ml\/","title":{"rendered":"Medi-Peel Peptide 9 Shrink Lif-Tox silm\u00e4nymp\u00e4rysvoide, 20ml"},"content":{"rendered":"<p data-start=\"54\" data-end=\"264\"><strong data-start=\"54\" data-end=\"102\">MEDI-PEEL Peptide 9 Volume Lift-Tox -silm\u00e4nymp\u00e4rysvoide<\/strong> on intensiivisesti kiinteytt\u00e4v\u00e4 hierontavoide, joka kiinteytt\u00e4\u00e4 ihoa v\u00e4litt\u00f6m\u00e4sti, silottaa ihojuonteita ja auttaa v\u00e4hent\u00e4m\u00e4\u00e4n syvien ryppyjen n\u00e4kymist\u00e4.<\/p>\n<p data-start=\"266\" data-end=\"515\">Tuote on ensisijaisesti tarkoitettu v\u00e4hent\u00e4m\u00e4\u00e4n turvotusta ja turvotusta silm\u00e4nymp\u00e4rysiholla, kiinteytt\u00e4\u00e4 ihoa huomattavasti ja parantaa sen kimmoisuutta. Auttaa minimoimaan ilmejuonteita ja variksenjalkoja. Kosteuttaa tehokkaasti, lievitt\u00e4en kuivuutta ja kirist\u00e4v\u00e4n tunnetta.<\/p>\n<p data-start=\"517\" data-end=\"790\">Voide on monitoiminen ja sopii k\u00e4ytett\u00e4v\u00e4ksi my\u00f6s otsalle, leualle, kulmakarvojen v\u00e4liin ja nen\u00e4n ja suun poimuihin. Erityisen metallisen applikaattorin ansiosta tuotetta on helppo levitt\u00e4\u00e4 ja hieroa. Liev\u00e4sti viilent\u00e4v\u00e4 vaikutus auttaa v\u00e4hent\u00e4m\u00e4\u00e4n turvotusta ja tummia silm\u00e4nalusia.<\/p>\n<p data-start=\"792\" data-end=\"827\"><strong>T\u00e4rkeimm\u00e4t vaikuttavat aineet:<\/strong><\/p>\n<ul>\n<li data-start=\"829\" data-end=\"1043\"><strong data-start=\"829\" data-end=\"852\">9 peptidikompleksi<\/strong> vastaa solujen jatkuvasta uusiutumisesta ja palautumisesta, sill\u00e4 on syv\u00e4 ik\u00e4\u00e4ntymist\u00e4 ehk\u00e4isev\u00e4 vaikutus, se v\u00e4hent\u00e4\u00e4 ryppyjen n\u00e4kyvyytt\u00e4 ja auttaa ehk\u00e4isem\u00e4\u00e4n uusien ryppyjen muodostumista, hidastaa solujen ik\u00e4\u00e4ntymist\u00e4.<\/li>\n<li data-start=\"1045\" data-end=\"1177\"><strong data-start=\"1045\" data-end=\"1100\">Volufiliini (Anemarrhena Asphodeloides -juuriuute)<\/strong> \u2013 lis\u00e4\u00e4 ihon tiheytt\u00e4 ja volyymia, antaen lipofillingin kaltaisen vaikutuksen.<\/li>\n<li data-start=\"1179\" data-end=\"1368\"><strong data-start=\"1179\" data-end=\"1194\">Lohikaviaari<\/strong> Aktivoi kollageenin tuotantoa, parantaa ihon kimmoisuutta ja kiinteytt\u00e4, ravitsee ja nuorentaa ihoa, silottaa miimisia ja ik\u00e4\u00e4n liittyvi\u00e4 ryppyj\u00e4 sek\u00e4 auttaa kiinteytt\u00e4m\u00e4\u00e4n kasvojen muotoja.<\/li>\n<li data-start=\"1370\" data-end=\"1529\"><strong data-start=\"1370\" data-end=\"1394\">Edelweiss-kantasolut<\/strong> stimuloivat aineenvaihduntaprosesseja ja mikroverenkiertoa, palauttavat vaurioituneen lipidiesteen ja epidermiksen suojatoiminnot.<\/li>\n<li data-start=\"1531\" data-end=\"1694\"><strong data-start=\"1531\" data-end=\"1572\">VageStop\u2122 (Sparassis crispa -uute)<\/strong> sill\u00e4 on tulehdusta ja antioksidanttisia vaikutuksia, se suojaa valon ik\u00e4\u00e4ntymiselt\u00e4 ja v\u00e4hent\u00e4\u00e4 UV-s\u00e4teilyn negatiivisia vaikutuksia.<\/li>\n<li data-start=\"1696\" data-end=\"1849\"><strong data-start=\"1696\" data-end=\"1722\">Andrographis-uute<\/strong> rauhoittaa, sill\u00e4 on antibakteerisia vaikutuksia, palauttaa vaurioituneen ihon ja lis\u00e4\u00e4 ihon vastustuskyky\u00e4 ulkoisille \u00e4rsykkeille.<\/li>\n<li data-start=\"1851\" data-end=\"2003\"><strong data-start=\"1851\" data-end=\"1874\">Buse nniki -uute<\/strong> tunnetaan antiseptisist\u00e4 ominaisuuksistaan, kosteuttaa, stimuloi solujen aineenvaihduntaa ja sill\u00e4 on voimakas virkist\u00e4v\u00e4 vaikutus.<\/li>\n<li data-start=\"2005\" data-end=\"2125\"><strong data-start=\"2005\" data-end=\"2033\">Multi Ex BSASM\u2122 -kompleksi<\/strong> suojaa ihoa aggressiivisilta ulkoisilta tekij\u00f6ilt\u00e4 ja vahvistaa ihon suojamuuria.<\/li>\n<li data-start=\"2127\" data-end=\"2205\"><strong data-start=\"2127\" data-end=\"2158\">Luonnollinen suojelija\u2122-yhdiste<\/strong> rauhoittaa ihoa, lievitt\u00e4\u00e4 kutinaa ja turvotusta.<\/li>\n<\/ul>\n<p data-start=\"2207\" data-end=\"2235\">Sopii ik\u00e4\u00e4ntyv\u00e4n ihon hoitoon.<\/p>\n<p data-start=\"2237\" data-end=\"2252\"><strong>K\u00e4ytt\u00f6:<\/strong><\/p>\n<p data-start=\"2253\" data-end=\"2345\">Levit\u00e4 tarvittava m\u00e4\u00e4r\u00e4 tuotetta silm\u00e4nymp\u00e4rysiholle ja nen\u00e4n ja huulien poimuille ja hiero kevyesti.<\/p>","protected":false},"excerpt":{"rendered":"<p>MEDI-PEEL Peptide 9 Volume Lif-Tox Eye Cream on intensiivisesti kohottava ja hierova silm\u00e4nymp\u00e4rysvoide, joka kiinteytt\u00e4\u00e4 ihoa v\u00e4litt\u00f6m\u00e4sti, silottaa ihojuonteita ja auttaa v\u00e4hent\u00e4m\u00e4\u00e4n jopa syvien ryppyjen n\u00e4kyvyytt\u00e4. Tuotteen ensisijaisena tarkoituksena on v\u00e4hent\u00e4\u00e4 turvotusta ja turvotusta silm\u00e4nymp\u00e4rysiholla, kiinteytt\u00e4\u00e4 ihoa huomattavasti ja parantaa sen kimmoisuutta. Se auttaa minimoimaan ilmejuonteita ja &quot;varisjalkoja&quot;. Kosteuttaa tehokkaasti, lievitt\u00e4\u00e4 kuivuutta ja kireyden tunnetta...<\/p>","protected":false},"featured_media":2012,"comment_status":"open","ping_status":"closed","template":"","meta":{"_uf_show_specific_survey":0,"_uf_disable_surveys":false,"_bst_post_transparent":"default","_bst_post_title":"","_bst_post_layout":"default","_bst_post_sidebar_id":"","_bst_post_content_style":"default","_bst_post_vertical_padding":"default","_bst_post_feature":"","_bst_post_feature_position":"","_bst_post_header":false,"_bst_post_footer":false},"pwb-brand":[107],"product_brand":[],"product_cat":[92,99,201],"product_tag":[1089,247,1084,216,1090,1081,1080,249,1086,1079,1091,1082,1097,1074,1075,1088,1083],"class_list":{"0":"post-2011","1":"product","2":"type-product","3":"status-publish","4":"has-post-thumbnail","6":"pwb-brand-medipeel","7":"product_cat-nagu","8":"product_cat-silmad-ja-huuled-2","9":"product_cat-silmakreem","10":"product_tag-intensiivne-niisutus","11":"product_tag-korea-silmakreem","12":"product_tag-kortsude-vahendamine","13":"product_tag-kuiv-nahk","14":"product_tag-kups-nahk","15":"product_tag-lifting-efekt","16":"product_tag-massaazikreem","17":"product_tag-medi-peel","18":"product_tag-miimikakortsud","19":"product_tag-naha-elastsus","20":"product_tag-peptiidid","21":"product_tag-pinguldav-hooldus","22":"product_tag-rahustav-toime","23":"product_tag-silmade-kreem","24":"product_tag-silmaumbruskreem","25":"product_tag-tumedad-silmaalused","26":"product_tag-vananemisvastane-hooldus","28":"first","29":"instock","30":"sale","31":"shipping-taxable","32":"purchasable","33":"product-type-simple","34":"entry","35":"content-bg","36":"loop-entry"},"supplier_id":null,"supplier_sku":"","barcode":null,"atum_controlled":true,"out_stock_date":null,"out_stock_threshold":null,"inheritable":false,"inbound_stock":0,"stock_on_hold":0,"sold_today":0,"sales_last_days":0,"out_stock_days":0,"lost_sales":0,"has_location":false,"update_date":"2026-04-14T00:05:12","atum_locations":[],"atum_stock_status":"instock","restock_status":false,"low_stock_amount":"","sales_update_date":"2026-04-14T00:05:12","calc_backorders":null,"yoast_head":"<!-- This site is optimized with the Yoast SEO plugin v27.2 - https:\/\/yoast.com\/product\/yoast-seo-wordpress\/ -->\n<title>Medi-Peel Peptide 9 Shrink Lif-Tox Eye Cream, 20ml<\/title>\n<meta name=\"description\" content=\"Intensiivne lifting-efektiga massaa\u017ei silmakreem Medi-Peel Peptide 9 Volume Lif-Tox avaldab pinguldava toime, silub kortse.\" \/>\n<meta name=\"robots\" content=\"index, follow, max-snippet:-1, max-image-preview:large, max-video-preview:-1\" \/>\n<link rel=\"canonical\" href=\"https:\/\/idakorea.ee\/fi\/product\/silmakreem-medi-peel-peptide-9-shrink-lif-tox-eye-cream-20ml\/\" \/>\n<meta property=\"og:locale\" content=\"fi_FI\" \/>\n<meta property=\"og:type\" content=\"article\" \/>\n<meta property=\"og:title\" content=\"Medi-Peel Peptide 9 Shrink Lif-Tox Eye Cream, 20ml\" \/>\n<meta property=\"og:description\" content=\"Intensiivne lifting-efektiga massaa\u017ei silmakreem Medi-Peel Peptide 9 Volume Lif-Tox avaldab pinguldava toime, silub kortse.\" \/>\n<meta property=\"og:url\" content=\"https:\/\/idakorea.ee\/fi\/product\/silmakreem-medi-peel-peptide-9-shrink-lif-tox-eye-cream-20ml\/\" \/>\n<meta property=\"og:site_name\" content=\"IDA.KOREA\" \/>\n<meta property=\"article:modified_time\" content=\"2026-04-11T14:15:38+00:00\" \/>\n<meta property=\"og:image\" content=\"https:\/\/idakorea.ee\/wp-content\/uploads\/2024\/06\/Medi_Peel-Peptide-9-Shrink-Lif_Tox-Eye-Cream.jpg\" \/>\n\t<meta property=\"og:image:width\" content=\"1000\" \/>\n\t<meta property=\"og:image:height\" content=\"1000\" \/>\n\t<meta property=\"og:image:type\" content=\"image\/jpeg\" \/>\n<meta name=\"twitter:card\" content=\"summary_large_image\" \/>\n<meta name=\"twitter:label1\" content=\"Arvioitu lukuaika\" \/>\n\t<meta name=\"twitter:data1\" content=\"2 minuuttia\" \/>\n<script type=\"application\/ld+json\" class=\"yoast-schema-graph\">{\"@context\":\"https:\/\/schema.org\",\"@graph\":[{\"@type\":\"WebPage\",\"@id\":\"https:\/\/idakorea.ee\/product\/silmakreem-medi-peel-peptide-9-shrink-lif-tox-eye-cream-20ml\/\",\"url\":\"https:\/\/idakorea.ee\/product\/silmakreem-medi-peel-peptide-9-shrink-lif-tox-eye-cream-20ml\/\",\"name\":\"Medi-Peel Peptide 9 Shrink Lif-Tox Eye Cream, 20ml\",\"isPartOf\":{\"@id\":\"https:\/\/idakorea.ee\/#website\"},\"primaryImageOfPage\":{\"@id\":\"https:\/\/idakorea.ee\/product\/silmakreem-medi-peel-peptide-9-shrink-lif-tox-eye-cream-20ml\/#primaryimage\"},\"image\":{\"@id\":\"https:\/\/idakorea.ee\/product\/silmakreem-medi-peel-peptide-9-shrink-lif-tox-eye-cream-20ml\/#primaryimage\"},\"thumbnailUrl\":\"https:\/\/idakorea.ee\/wp-content\/uploads\/2024\/06\/Medi_Peel-Peptide-9-Shrink-Lif_Tox-Eye-Cream.jpg\",\"datePublished\":\"2024-06-05T13:16:27+00:00\",\"dateModified\":\"2026-04-11T14:15:38+00:00\",\"description\":\"Intensiivne lifting-efektiga massaa\u017ei silmakreem Medi-Peel Peptide 9 Volume Lif-Tox avaldab pinguldava toime, silub kortse.\",\"breadcrumb\":{\"@id\":\"https:\/\/idakorea.ee\/product\/silmakreem-medi-peel-peptide-9-shrink-lif-tox-eye-cream-20ml\/#breadcrumb\"},\"inLanguage\":\"fi\",\"potentialAction\":[{\"@type\":\"ReadAction\",\"target\":[\"https:\/\/idakorea.ee\/product\/silmakreem-medi-peel-peptide-9-shrink-lif-tox-eye-cream-20ml\/\"]}]},{\"@type\":\"ImageObject\",\"inLanguage\":\"fi\",\"@id\":\"https:\/\/idakorea.ee\/product\/silmakreem-medi-peel-peptide-9-shrink-lif-tox-eye-cream-20ml\/#primaryimage\",\"url\":\"https:\/\/idakorea.ee\/wp-content\/uploads\/2024\/06\/Medi_Peel-Peptide-9-Shrink-Lif_Tox-Eye-Cream.jpg\",\"contentUrl\":\"https:\/\/idakorea.ee\/wp-content\/uploads\/2024\/06\/Medi_Peel-Peptide-9-Shrink-Lif_Tox-Eye-Cream.jpg\",\"width\":1000,\"height\":1000},{\"@type\":\"BreadcrumbList\",\"@id\":\"https:\/\/idakorea.ee\/product\/silmakreem-medi-peel-peptide-9-shrink-lif-tox-eye-cream-20ml\/#breadcrumb\",\"itemListElement\":[{\"@type\":\"ListItem\",\"position\":1,\"name\":\"\u0413\u043b\u0430\u0432\u043d\u0430\u044f \u0441\u0442\u0440\u0430\u043d\u0438\u0446\u0430\",\"item\":\"https:\/\/idakorea.ee\/\"},{\"@type\":\"ListItem\",\"position\":2,\"name\":\"Shop\",\"item\":\"https:\/\/idakorea.ee\/shop-2\/\"},{\"@type\":\"ListItem\",\"position\":3,\"name\":\"Silmakreem Medi-Peel Peptide 9 Shrink Lif-Tox Eye Cream, 20ml\"}]},{\"@type\":\"WebSite\",\"@id\":\"https:\/\/idakorea.ee\/#website\",\"url\":\"https:\/\/idakorea.ee\/\",\"name\":\"IDA.KOREA\",\"description\":\"Korea kosmeetika e-pood\",\"publisher\":{\"@id\":\"https:\/\/idakorea.ee\/#organization\"},\"alternateName\":\"Beauty Shop\",\"potentialAction\":[{\"@type\":\"SearchAction\",\"target\":{\"@type\":\"EntryPoint\",\"urlTemplate\":\"https:\/\/idakorea.ee\/?s={search_term_string}\"},\"query-input\":{\"@type\":\"PropertyValueSpecification\",\"valueRequired\":true,\"valueName\":\"search_term_string\"}}],\"inLanguage\":\"fi\"},{\"@type\":\"Organization\",\"@id\":\"https:\/\/idakorea.ee\/#organization\",\"name\":\"IDA.KOREA\",\"url\":\"https:\/\/idakorea.ee\/\",\"logo\":{\"@type\":\"ImageObject\",\"inLanguage\":\"fi\",\"@id\":\"https:\/\/idakorea.ee\/#\/schema\/logo\/image\/\",\"url\":\"https:\/\/idakorea.ee\/wp-content\/uploads\/2024\/05\/cropped-korea3.png\",\"contentUrl\":\"https:\/\/idakorea.ee\/wp-content\/uploads\/2024\/05\/cropped-korea3.png\",\"width\":688,\"height\":126,\"caption\":\"IDA.KOREA\"},\"image\":{\"@id\":\"https:\/\/idakorea.ee\/#\/schema\/logo\/image\/\"},\"sameAs\":[\"https:\/\/www.instagram.com\/ida.korea\/\"]}]}<\/script>\n<!-- \/ Yoast SEO plugin. -->","yoast_head_json":{"title":"Medi-Peel Peptide 9 Shrink Lif-Tox -silm\u00e4nymp\u00e4rysvoide, 20ml","description":"Intensiivisesti kohottava hierontavoide Medi-Peel Peptide 9 Volume Lif-Tox kiinteytt\u00e4\u00e4 ja silottaa ryppyj\u00e4.","robots":{"index":"index","follow":"follow","max-snippet":"max-snippet:-1","max-image-preview":"max-image-preview:large","max-video-preview":"max-video-preview:-1"},"canonical":"https:\/\/idakorea.ee\/fi\/product\/silmakreem-medi-peel-peptide-9-shrink-lif-tox-eye-cream-20ml\/","og_locale":"fi_FI","og_type":"article","og_title":"Medi-Peel Peptide 9 Shrink Lif-Tox Eye Cream, 20ml","og_description":"Intensiivne lifting-efektiga massaa\u017ei silmakreem Medi-Peel Peptide 9 Volume Lif-Tox avaldab pinguldava toime, silub kortse.","og_url":"https:\/\/idakorea.ee\/fi\/product\/silmakreem-medi-peel-peptide-9-shrink-lif-tox-eye-cream-20ml\/","og_site_name":"IDA.KOREA","article_modified_time":"2026-04-11T14:15:38+00:00","og_image":[{"width":1000,"height":1000,"url":"https:\/\/idakorea.ee\/wp-content\/uploads\/2024\/06\/Medi_Peel-Peptide-9-Shrink-Lif_Tox-Eye-Cream.jpg","type":"image\/jpeg"}],"twitter_card":"summary_large_image","twitter_misc":{"Arvioitu lukuaika":"2 minuuttia"},"schema":{"@context":"https:\/\/schema.org","@graph":[{"@type":"WebPage","@id":"https:\/\/idakorea.ee\/product\/silmakreem-medi-peel-peptide-9-shrink-lif-tox-eye-cream-20ml\/","url":"https:\/\/idakorea.ee\/product\/silmakreem-medi-peel-peptide-9-shrink-lif-tox-eye-cream-20ml\/","name":"Medi-Peel Peptide 9 Shrink Lif-Tox -silm\u00e4nymp\u00e4rysvoide, 20ml","isPartOf":{"@id":"https:\/\/idakorea.ee\/#website"},"primaryImageOfPage":{"@id":"https:\/\/idakorea.ee\/product\/silmakreem-medi-peel-peptide-9-shrink-lif-tox-eye-cream-20ml\/#primaryimage"},"image":{"@id":"https:\/\/idakorea.ee\/product\/silmakreem-medi-peel-peptide-9-shrink-lif-tox-eye-cream-20ml\/#primaryimage"},"thumbnailUrl":"https:\/\/idakorea.ee\/wp-content\/uploads\/2024\/06\/Medi_Peel-Peptide-9-Shrink-Lif_Tox-Eye-Cream.jpg","datePublished":"2024-06-05T13:16:27+00:00","dateModified":"2026-04-11T14:15:38+00:00","description":"Intensiivisesti kohottava hierontavoide Medi-Peel Peptide 9 Volume Lif-Tox kiinteytt\u00e4\u00e4 ja silottaa ryppyj\u00e4.","breadcrumb":{"@id":"https:\/\/idakorea.ee\/product\/silmakreem-medi-peel-peptide-9-shrink-lif-tox-eye-cream-20ml\/#breadcrumb"},"inLanguage":"fi","potentialAction":[{"@type":"ReadAction","target":["https:\/\/idakorea.ee\/product\/silmakreem-medi-peel-peptide-9-shrink-lif-tox-eye-cream-20ml\/"]}]},{"@type":"ImageObject","inLanguage":"fi","@id":"https:\/\/idakorea.ee\/product\/silmakreem-medi-peel-peptide-9-shrink-lif-tox-eye-cream-20ml\/#primaryimage","url":"https:\/\/idakorea.ee\/wp-content\/uploads\/2024\/06\/Medi_Peel-Peptide-9-Shrink-Lif_Tox-Eye-Cream.jpg","contentUrl":"https:\/\/idakorea.ee\/wp-content\/uploads\/2024\/06\/Medi_Peel-Peptide-9-Shrink-Lif_Tox-Eye-Cream.jpg","width":1000,"height":1000},{"@type":"BreadcrumbList","@id":"https:\/\/idakorea.ee\/product\/silmakreem-medi-peel-peptide-9-shrink-lif-tox-eye-cream-20ml\/#breadcrumb","itemListElement":[{"@type":"ListItem","position":1,"name":"\u0413\u043b\u0430\u0432\u043d\u0430\u044f \u0441\u0442\u0440\u0430\u043d\u0438\u0446\u0430","item":"https:\/\/idakorea.ee\/"},{"@type":"ListItem","position":2,"name":"Shop","item":"https:\/\/idakorea.ee\/shop-2\/"},{"@type":"ListItem","position":3,"name":"Silmakreem Medi-Peel Peptide 9 Shrink Lif-Tox Eye Cream, 20ml"}]},{"@type":"WebSite","@id":"https:\/\/idakorea.ee\/#website","url":"https:\/\/idakorea.ee\/","name":"IDA.KOREA","description":"Korean kosmetiikan verkkokauppa","publisher":{"@id":"https:\/\/idakorea.ee\/#organization"},"alternateName":"Beauty Shop","potentialAction":[{"@type":"SearchAction","target":{"@type":"EntryPoint","urlTemplate":"https:\/\/idakorea.ee\/?s={search_term_string}"},"query-input":{"@type":"PropertyValueSpecification","valueRequired":true,"valueName":"search_term_string"}}],"inLanguage":"fi"},{"@type":"Organization","@id":"https:\/\/idakorea.ee\/#organization","name":"IDA.KOREA","url":"https:\/\/idakorea.ee\/","logo":{"@type":"ImageObject","inLanguage":"fi","@id":"https:\/\/idakorea.ee\/#\/schema\/logo\/image\/","url":"https:\/\/idakorea.ee\/wp-content\/uploads\/2024\/05\/cropped-korea3.png","contentUrl":"https:\/\/idakorea.ee\/wp-content\/uploads\/2024\/05\/cropped-korea3.png","width":688,"height":126,"caption":"IDA.KOREA"},"image":{"@id":"https:\/\/idakorea.ee\/#\/schema\/logo\/image\/"},"sameAs":["https:\/\/www.instagram.com\/ida.korea\/"]}]}},"jetpack_sharing_enabled":true,"brands":[{"id":107,"name":"MEDIPEEL+","slug":"medipeel"}],"_links":{"self":[{"href":"https:\/\/idakorea.ee\/fi\/wp-json\/wp\/v2\/product\/2011","targetHints":{"allow":["GET"]}}],"collection":[{"href":"https:\/\/idakorea.ee\/fi\/wp-json\/wp\/v2\/product"}],"about":[{"href":"https:\/\/idakorea.ee\/fi\/wp-json\/wp\/v2\/types\/product"}],"replies":[{"embeddable":true,"href":"https:\/\/idakorea.ee\/fi\/wp-json\/wp\/v2\/comments?post=2011"}],"version-history":[{"count":5,"href":"https:\/\/idakorea.ee\/fi\/wp-json\/wp\/v2\/product\/2011\/revisions"}],"predecessor-version":[{"id":17716,"href":"https:\/\/idakorea.ee\/fi\/wp-json\/wp\/v2\/product\/2011\/revisions\/17716"}],"wp:featuredmedia":[{"embeddable":true,"href":"https:\/\/idakorea.ee\/fi\/wp-json\/wp\/v2\/media\/2012"}],"wp:attachment":[{"href":"https:\/\/idakorea.ee\/fi\/wp-json\/wp\/v2\/media?parent=2011"}],"wp:term":[{"taxonomy":"pwb-brand","embeddable":true,"href":"https:\/\/idakorea.ee\/fi\/wp-json\/wp\/v2\/pwb-brand?post=2011"},{"taxonomy":"product_brand","embeddable":true,"href":"https:\/\/idakorea.ee\/fi\/wp-json\/wp\/v2\/product_brand?post=2011"},{"taxonomy":"product_cat","embeddable":true,"href":"https:\/\/idakorea.ee\/fi\/wp-json\/wp\/v2\/product_cat?post=2011"},{"taxonomy":"product_tag","embeddable":true,"href":"https:\/\/idakorea.ee\/fi\/wp-json\/wp\/v2\/product_tag?post=2011"}],"curies":[{"name":"wp","href":"https:\/\/api.w.org\/{rel}","templated":true}]}}