{"id":4645,"date":"2024-06-08T07:57:07","date_gmt":"2024-06-08T07:57:07","guid":{"rendered":"https:\/\/idakorea.ee\/?post_type=product&#038;p=4645"},"modified":"2026-04-03T14:37:21","modified_gmt":"2026-04-03T12:37:21","slug":"noorendav-silmakreem-peptiidide-kompleksiga-medi-peel-5-gf-eye-tox-cream-40ml","status":"publish","type":"product","link":"https:\/\/idakorea.ee\/fi\/product\/noorendav-silmakreem-peptiidide-kompleksiga-medi-peel-5-gf-eye-tox-cream-40ml\/","title":{"rendered":"Medi-Peel 5 GF silm\u00e4nymp\u00e4rysvoide Medi-Peel 5 GF Eye Tox Cream, 40 ml"},"content":{"rendered":"<p>Nuorentava silm\u00e4nymp\u00e4rysihoa kohottava voide peptidikompleksilla\u00a0<strong>Medi-Peel 5 GF silm\u00e4nymp\u00e4rysvoide<\/strong>\u00a0hoitaa ik\u00e4\u00e4ntynytt\u00e4 ihoa ja hidastaa ik\u00e4\u00e4ntymisprosessia.<\/p>\n<p>5 erilaista peptidikompleksia <strong>\u201d5-PEPTIDITASAPAINOS\u201d<\/strong> nuorentaa, v\u00e4hent\u00e4\u00e4 olemassa olevia ryppyj\u00e4 ja ehk\u00e4isee uusien syntymist\u00e4, kiinteytt\u00e4\u00e4, kosteuttaa ja hidastaa ik\u00e4\u00e4ntymisprosessia. Peptidit auttavat vahvistamaan kasvojen piirteit\u00e4, lis\u00e4\u00e4m\u00e4\u00e4n ihon yleist\u00e4 s\u00e4vy\u00e4 ja nopeuttamaan kollageenin ja elastiinin kuitujen luonnollista tuotantoprosessia epidermiksess\u00e4.<\/p>\n<p>Voide vaikuttaa tehokkaasti ik\u00e4\u00e4ntyv\u00e4\u00e4n ihoon, vahvistaa ja kiinteytt\u00e4\u00e4, lis\u00e4\u00e4 ihon kimmoisuutta ja aktivoi kollageenin ja elastiinin synteesi\u00e4 est\u00e4en ihon veltostumista. Sill\u00e4 on nuorentava vaikutus, se v\u00e4hent\u00e4\u00e4 ik\u00e4ryppyjen syvyytt\u00e4 ja voimaa sek\u00e4 silottaa ryppyj\u00e4. Vahvistaa ihon kiinteytt\u00e4, kosteuttaa ja hidastaa ik\u00e4\u00e4ntymisprosesseja.<\/p>\n<p>T\u00e4ydent\u00e4\u00e4 kosteudenvajetta ja yll\u00e4pit\u00e4\u00e4 optimaalista kosteustasoa samalla rauhoittaen \u00e4rtynytt\u00e4 ihoa.<\/p>\n<p>Tuotetta voidaan k\u00e4ytt\u00e4\u00e4 paikallisesti levitt\u00e4m\u00e4ll\u00e4 sit\u00e4 alueille, joilla on voimakkaita ryppyj\u00e4 \u2013 nen\u00e4n ja suun poimuille, kulmakarvojen v\u00e4liin ja kaulaan.<\/p>\n<p><strong>K\u00e4ytt\u00f6:\u00a0<\/strong>Levit\u00e4 tarvittava m\u00e4\u00e4r\u00e4 voidetta paikallisesti silm\u00e4nymp\u00e4rysiholle, nen\u00e4n ja huulien poimuihin, kulmakarvojen v\u00e4liin ja kaulaan. Levit\u00e4 voide hell\u00e4varaisesti iholle taputtelemalla sit\u00e4 kevyesti pienill\u00e4 sormilla.<\/p>","protected":false},"excerpt":{"rendered":"<p>Medi-Peel 5 GF Eye Tox Cream, nuorentava silm\u00e4nymp\u00e4rysvoide, jossa on peptidikompleksi, hoitaa kyps\u00e4\u00e4 ihoa ja hidastaa ik\u00e4\u00e4ntymisprosessia. Viidest\u00e4 peptidityypist\u00e4 koostuva \"5PEPTIDE BALANCE\" -kompleksi nuorentaa, v\u00e4hent\u00e4\u00e4 olemassa olevia ryppyj\u00e4 ja ehk\u00e4isee uusien muodostumista, kiinteytt\u00e4\u00e4, kosteuttaa ja hidastaa ik\u00e4\u00e4ntymisprosessia. Peptidit auttavat vahvistamaan kasvojen \u00e4\u00e4riviivoja, lis\u00e4\u00e4m\u00e4\u00e4n ihon yleist\u00e4 s\u00e4vy\u00e4, nopeuttamaan kollageeni- ja elastiinikuitujen luonnollista tuotantoa epidermiksess\u00e4. Voide vaikuttaa tehokkaasti kyps\u00e4\u00e4n...<\/p>","protected":false},"featured_media":4646,"comment_status":"open","ping_status":"closed","template":"","meta":{"_uf_show_specific_survey":0,"_uf_disable_surveys":false,"_bst_post_transparent":"default","_bst_post_title":"","_bst_post_layout":"default","_bst_post_sidebar_id":"","_bst_post_content_style":"default","_bst_post_vertical_padding":"default","_bst_post_feature":"","_bst_post_feature_position":"","_bst_post_header":false,"_bst_post_footer":false},"pwb-brand":[107],"product_brand":[],"product_cat":[92,99,201],"product_tag":[233,202,247,249],"class_list":{"0":"post-4645","1":"product","2":"type-product","3":"status-publish","4":"has-post-thumbnail","6":"pwb-brand-medipeel","7":"product_cat-nagu","8":"product_cat-silmad-ja-huuled-2","9":"product_cat-silmakreem","10":"product_tag-internet-pood-eesti","11":"product_tag-korea-kosmeetika","12":"product_tag-korea-silmakreem","13":"product_tag-medi-peel","15":"first","16":"instock","17":"sale","18":"shipping-taxable","19":"purchasable","20":"product-type-simple","21":"entry","22":"content-bg","23":"loop-entry"},"supplier_id":null,"supplier_sku":"","barcode":null,"atum_controlled":true,"out_stock_date":null,"out_stock_threshold":null,"inheritable":false,"inbound_stock":0,"stock_on_hold":0,"sold_today":0,"sales_last_days":0,"out_stock_days":0,"lost_sales":0,"has_location":false,"update_date":"2026-04-15T00:05:16","atum_locations":[],"atum_stock_status":"instock","restock_status":false,"low_stock_amount":"","sales_update_date":"2026-04-15T00:05:16","calc_backorders":null,"yoast_head":"<!-- This site is optimized with the Yoast SEO plugin v27.2 - https:\/\/yoast.com\/product\/yoast-seo-wordpress\/ -->\n<title>Noorendav silmakreem Medi-Peel 5 GF Eye Tox Cream, 40ml - IDA.KOREA<\/title>\n<meta name=\"description\" content=\"Peptiidide kompleksiga noorendav silma t\u00f5stev kreem\u00a0Medi-Peel 5 GF Eye Tox Cream\u00a0hooldab k\u00fcpset nahka ja aeglustab vananemisprotsessi.\" \/>\n<meta name=\"robots\" content=\"index, follow, max-snippet:-1, max-image-preview:large, max-video-preview:-1\" \/>\n<link rel=\"canonical\" href=\"https:\/\/idakorea.ee\/fi\/product\/noorendav-silmakreem-peptiidide-kompleksiga-medi-peel-5-gf-eye-tox-cream-40ml\/\" \/>\n<meta property=\"og:locale\" content=\"fi_FI\" \/>\n<meta property=\"og:type\" content=\"article\" \/>\n<meta property=\"og:title\" content=\"Noorendav silmakreem Medi-Peel 5 GF Eye Tox Cream, 40ml - IDA.KOREA\" \/>\n<meta property=\"og:description\" content=\"Peptiidide kompleksiga noorendav silma t\u00f5stev kreem\u00a0Medi-Peel 5 GF Eye Tox Cream\u00a0hooldab k\u00fcpset nahka ja aeglustab vananemisprotsessi.\" \/>\n<meta property=\"og:url\" content=\"https:\/\/idakorea.ee\/fi\/product\/noorendav-silmakreem-peptiidide-kompleksiga-medi-peel-5-gf-eye-tox-cream-40ml\/\" \/>\n<meta property=\"og:site_name\" content=\"IDA.KOREA\" \/>\n<meta property=\"article:modified_time\" content=\"2026-04-03T12:37:21+00:00\" \/>\n<meta property=\"og:image\" content=\"https:\/\/idakorea.ee\/wp-content\/uploads\/2024\/06\/MEDI_PEEL-5GROWTH-FACTORS-EYE-TOX-CREAM.jpg\" \/>\n\t<meta property=\"og:image:width\" content=\"500\" \/>\n\t<meta property=\"og:image:height\" content=\"500\" \/>\n\t<meta property=\"og:image:type\" content=\"image\/jpeg\" \/>\n<meta name=\"twitter:card\" content=\"summary_large_image\" \/>\n<meta name=\"twitter:label1\" content=\"Arvioitu lukuaika\" \/>\n\t<meta name=\"twitter:data1\" content=\"1 minuutti\" \/>\n<script type=\"application\/ld+json\" class=\"yoast-schema-graph\">{\"@context\":\"https:\/\/schema.org\",\"@graph\":[{\"@type\":\"WebPage\",\"@id\":\"https:\/\/idakorea.ee\/product\/noorendav-silmakreem-peptiidide-kompleksiga-medi-peel-5-gf-eye-tox-cream-40ml\/\",\"url\":\"https:\/\/idakorea.ee\/product\/noorendav-silmakreem-peptiidide-kompleksiga-medi-peel-5-gf-eye-tox-cream-40ml\/\",\"name\":\"Noorendav silmakreem Medi-Peel 5 GF Eye Tox Cream, 40ml - IDA.KOREA\",\"isPartOf\":{\"@id\":\"https:\/\/idakorea.ee\/#website\"},\"primaryImageOfPage\":{\"@id\":\"https:\/\/idakorea.ee\/product\/noorendav-silmakreem-peptiidide-kompleksiga-medi-peel-5-gf-eye-tox-cream-40ml\/#primaryimage\"},\"image\":{\"@id\":\"https:\/\/idakorea.ee\/product\/noorendav-silmakreem-peptiidide-kompleksiga-medi-peel-5-gf-eye-tox-cream-40ml\/#primaryimage\"},\"thumbnailUrl\":\"https:\/\/idakorea.ee\/wp-content\/uploads\/2024\/06\/MEDI_PEEL-5GROWTH-FACTORS-EYE-TOX-CREAM.jpg\",\"datePublished\":\"2024-06-08T07:57:07+00:00\",\"dateModified\":\"2026-04-03T12:37:21+00:00\",\"description\":\"Peptiidide kompleksiga noorendav silma t\u00f5stev kreem\u00a0Medi-Peel 5 GF Eye Tox Cream\u00a0hooldab k\u00fcpset nahka ja aeglustab vananemisprotsessi.\",\"breadcrumb\":{\"@id\":\"https:\/\/idakorea.ee\/product\/noorendav-silmakreem-peptiidide-kompleksiga-medi-peel-5-gf-eye-tox-cream-40ml\/#breadcrumb\"},\"inLanguage\":\"fi\",\"potentialAction\":[{\"@type\":\"ReadAction\",\"target\":[\"https:\/\/idakorea.ee\/product\/noorendav-silmakreem-peptiidide-kompleksiga-medi-peel-5-gf-eye-tox-cream-40ml\/\"]}]},{\"@type\":\"ImageObject\",\"inLanguage\":\"fi\",\"@id\":\"https:\/\/idakorea.ee\/product\/noorendav-silmakreem-peptiidide-kompleksiga-medi-peel-5-gf-eye-tox-cream-40ml\/#primaryimage\",\"url\":\"https:\/\/idakorea.ee\/wp-content\/uploads\/2024\/06\/MEDI_PEEL-5GROWTH-FACTORS-EYE-TOX-CREAM.jpg\",\"contentUrl\":\"https:\/\/idakorea.ee\/wp-content\/uploads\/2024\/06\/MEDI_PEEL-5GROWTH-FACTORS-EYE-TOX-CREAM.jpg\",\"width\":500,\"height\":500},{\"@type\":\"BreadcrumbList\",\"@id\":\"https:\/\/idakorea.ee\/product\/noorendav-silmakreem-peptiidide-kompleksiga-medi-peel-5-gf-eye-tox-cream-40ml\/#breadcrumb\",\"itemListElement\":[{\"@type\":\"ListItem\",\"position\":1,\"name\":\"\u0413\u043b\u0430\u0432\u043d\u0430\u044f \u0441\u0442\u0440\u0430\u043d\u0438\u0446\u0430\",\"item\":\"https:\/\/idakorea.ee\/\"},{\"@type\":\"ListItem\",\"position\":2,\"name\":\"Shop\",\"item\":\"https:\/\/idakorea.ee\/shop-2\/\"},{\"@type\":\"ListItem\",\"position\":3,\"name\":\"Noorendav silmakreem Medi-Peel 5 GF Eye Tox Cream, 40ml\"}]},{\"@type\":\"WebSite\",\"@id\":\"https:\/\/idakorea.ee\/#website\",\"url\":\"https:\/\/idakorea.ee\/\",\"name\":\"IDA.KOREA\",\"description\":\"Korea kosmeetika e-pood\",\"publisher\":{\"@id\":\"https:\/\/idakorea.ee\/#organization\"},\"alternateName\":\"Beauty Shop\",\"potentialAction\":[{\"@type\":\"SearchAction\",\"target\":{\"@type\":\"EntryPoint\",\"urlTemplate\":\"https:\/\/idakorea.ee\/?s={search_term_string}\"},\"query-input\":{\"@type\":\"PropertyValueSpecification\",\"valueRequired\":true,\"valueName\":\"search_term_string\"}}],\"inLanguage\":\"fi\"},{\"@type\":\"Organization\",\"@id\":\"https:\/\/idakorea.ee\/#organization\",\"name\":\"IDA.KOREA\",\"url\":\"https:\/\/idakorea.ee\/\",\"logo\":{\"@type\":\"ImageObject\",\"inLanguage\":\"fi\",\"@id\":\"https:\/\/idakorea.ee\/#\/schema\/logo\/image\/\",\"url\":\"https:\/\/idakorea.ee\/wp-content\/uploads\/2024\/05\/cropped-korea3.png\",\"contentUrl\":\"https:\/\/idakorea.ee\/wp-content\/uploads\/2024\/05\/cropped-korea3.png\",\"width\":688,\"height\":126,\"caption\":\"IDA.KOREA\"},\"image\":{\"@id\":\"https:\/\/idakorea.ee\/#\/schema\/logo\/image\/\"},\"sameAs\":[\"https:\/\/www.instagram.com\/ida.korea\/\"]}]}<\/script>\n<!-- \/ Yoast SEO plugin. -->","yoast_head_json":{"title":"Nuorentava silm\u00e4nymp\u00e4rysvoide Medi-Peel 5 GF Eye Tox Cream, 40ml - IDA.KOREA","description":"Medi-Peel 5 GF Eye Tox Cream, nuorentava silm\u00e4nymp\u00e4rysihoa kohottava voide peptidikompleksilla, hoitaa kyps\u00e4\u00e4 ihoa ja hidastaa ik\u00e4\u00e4ntymisprosessia.","robots":{"index":"index","follow":"follow","max-snippet":"max-snippet:-1","max-image-preview":"max-image-preview:large","max-video-preview":"max-video-preview:-1"},"canonical":"https:\/\/idakorea.ee\/fi\/product\/noorendav-silmakreem-peptiidide-kompleksiga-medi-peel-5-gf-eye-tox-cream-40ml\/","og_locale":"fi_FI","og_type":"article","og_title":"Noorendav silmakreem Medi-Peel 5 GF Eye Tox Cream, 40ml - IDA.KOREA","og_description":"Peptiidide kompleksiga noorendav silma t\u00f5stev kreem\u00a0Medi-Peel 5 GF Eye Tox Cream\u00a0hooldab k\u00fcpset nahka ja aeglustab vananemisprotsessi.","og_url":"https:\/\/idakorea.ee\/fi\/product\/noorendav-silmakreem-peptiidide-kompleksiga-medi-peel-5-gf-eye-tox-cream-40ml\/","og_site_name":"IDA.KOREA","article_modified_time":"2026-04-03T12:37:21+00:00","og_image":[{"width":500,"height":500,"url":"https:\/\/idakorea.ee\/wp-content\/uploads\/2024\/06\/MEDI_PEEL-5GROWTH-FACTORS-EYE-TOX-CREAM.jpg","type":"image\/jpeg"}],"twitter_card":"summary_large_image","twitter_misc":{"Arvioitu lukuaika":"1 minuutti"},"schema":{"@context":"https:\/\/schema.org","@graph":[{"@type":"WebPage","@id":"https:\/\/idakorea.ee\/product\/noorendav-silmakreem-peptiidide-kompleksiga-medi-peel-5-gf-eye-tox-cream-40ml\/","url":"https:\/\/idakorea.ee\/product\/noorendav-silmakreem-peptiidide-kompleksiga-medi-peel-5-gf-eye-tox-cream-40ml\/","name":"Nuorentava silm\u00e4nymp\u00e4rysvoide Medi-Peel 5 GF Eye Tox Cream, 40ml - IDA.KOREA","isPartOf":{"@id":"https:\/\/idakorea.ee\/#website"},"primaryImageOfPage":{"@id":"https:\/\/idakorea.ee\/product\/noorendav-silmakreem-peptiidide-kompleksiga-medi-peel-5-gf-eye-tox-cream-40ml\/#primaryimage"},"image":{"@id":"https:\/\/idakorea.ee\/product\/noorendav-silmakreem-peptiidide-kompleksiga-medi-peel-5-gf-eye-tox-cream-40ml\/#primaryimage"},"thumbnailUrl":"https:\/\/idakorea.ee\/wp-content\/uploads\/2024\/06\/MEDI_PEEL-5GROWTH-FACTORS-EYE-TOX-CREAM.jpg","datePublished":"2024-06-08T07:57:07+00:00","dateModified":"2026-04-03T12:37:21+00:00","description":"Medi-Peel 5 GF Eye Tox Cream, nuorentava silm\u00e4nymp\u00e4rysihoa kohottava voide peptidikompleksilla, hoitaa kyps\u00e4\u00e4 ihoa ja hidastaa ik\u00e4\u00e4ntymisprosessia.","breadcrumb":{"@id":"https:\/\/idakorea.ee\/product\/noorendav-silmakreem-peptiidide-kompleksiga-medi-peel-5-gf-eye-tox-cream-40ml\/#breadcrumb"},"inLanguage":"fi","potentialAction":[{"@type":"ReadAction","target":["https:\/\/idakorea.ee\/product\/noorendav-silmakreem-peptiidide-kompleksiga-medi-peel-5-gf-eye-tox-cream-40ml\/"]}]},{"@type":"ImageObject","inLanguage":"fi","@id":"https:\/\/idakorea.ee\/product\/noorendav-silmakreem-peptiidide-kompleksiga-medi-peel-5-gf-eye-tox-cream-40ml\/#primaryimage","url":"https:\/\/idakorea.ee\/wp-content\/uploads\/2024\/06\/MEDI_PEEL-5GROWTH-FACTORS-EYE-TOX-CREAM.jpg","contentUrl":"https:\/\/idakorea.ee\/wp-content\/uploads\/2024\/06\/MEDI_PEEL-5GROWTH-FACTORS-EYE-TOX-CREAM.jpg","width":500,"height":500},{"@type":"BreadcrumbList","@id":"https:\/\/idakorea.ee\/product\/noorendav-silmakreem-peptiidide-kompleksiga-medi-peel-5-gf-eye-tox-cream-40ml\/#breadcrumb","itemListElement":[{"@type":"ListItem","position":1,"name":"\u0413\u043b\u0430\u0432\u043d\u0430\u044f \u0441\u0442\u0440\u0430\u043d\u0438\u0446\u0430","item":"https:\/\/idakorea.ee\/"},{"@type":"ListItem","position":2,"name":"Shop","item":"https:\/\/idakorea.ee\/shop-2\/"},{"@type":"ListItem","position":3,"name":"Noorendav silmakreem Medi-Peel 5 GF Eye Tox Cream, 40ml"}]},{"@type":"WebSite","@id":"https:\/\/idakorea.ee\/#website","url":"https:\/\/idakorea.ee\/","name":"IDA.KOREA","description":"Korean kosmetiikan verkkokauppa","publisher":{"@id":"https:\/\/idakorea.ee\/#organization"},"alternateName":"Beauty Shop","potentialAction":[{"@type":"SearchAction","target":{"@type":"EntryPoint","urlTemplate":"https:\/\/idakorea.ee\/?s={search_term_string}"},"query-input":{"@type":"PropertyValueSpecification","valueRequired":true,"valueName":"search_term_string"}}],"inLanguage":"fi"},{"@type":"Organization","@id":"https:\/\/idakorea.ee\/#organization","name":"IDA.KOREA","url":"https:\/\/idakorea.ee\/","logo":{"@type":"ImageObject","inLanguage":"fi","@id":"https:\/\/idakorea.ee\/#\/schema\/logo\/image\/","url":"https:\/\/idakorea.ee\/wp-content\/uploads\/2024\/05\/cropped-korea3.png","contentUrl":"https:\/\/idakorea.ee\/wp-content\/uploads\/2024\/05\/cropped-korea3.png","width":688,"height":126,"caption":"IDA.KOREA"},"image":{"@id":"https:\/\/idakorea.ee\/#\/schema\/logo\/image\/"},"sameAs":["https:\/\/www.instagram.com\/ida.korea\/"]}]}},"jetpack_sharing_enabled":true,"brands":[{"id":107,"name":"MEDIPEEL+","slug":"medipeel"}],"_links":{"self":[{"href":"https:\/\/idakorea.ee\/fi\/wp-json\/wp\/v2\/product\/4645","targetHints":{"allow":["GET"]}}],"collection":[{"href":"https:\/\/idakorea.ee\/fi\/wp-json\/wp\/v2\/product"}],"about":[{"href":"https:\/\/idakorea.ee\/fi\/wp-json\/wp\/v2\/types\/product"}],"replies":[{"embeddable":true,"href":"https:\/\/idakorea.ee\/fi\/wp-json\/wp\/v2\/comments?post=4645"}],"version-history":[{"count":4,"href":"https:\/\/idakorea.ee\/fi\/wp-json\/wp\/v2\/product\/4645\/revisions"}],"predecessor-version":[{"id":14657,"href":"https:\/\/idakorea.ee\/fi\/wp-json\/wp\/v2\/product\/4645\/revisions\/14657"}],"wp:featuredmedia":[{"embeddable":true,"href":"https:\/\/idakorea.ee\/fi\/wp-json\/wp\/v2\/media\/4646"}],"wp:attachment":[{"href":"https:\/\/idakorea.ee\/fi\/wp-json\/wp\/v2\/media?parent=4645"}],"wp:term":[{"taxonomy":"pwb-brand","embeddable":true,"href":"https:\/\/idakorea.ee\/fi\/wp-json\/wp\/v2\/pwb-brand?post=4645"},{"taxonomy":"product_brand","embeddable":true,"href":"https:\/\/idakorea.ee\/fi\/wp-json\/wp\/v2\/product_brand?post=4645"},{"taxonomy":"product_cat","embeddable":true,"href":"https:\/\/idakorea.ee\/fi\/wp-json\/wp\/v2\/product_cat?post=4645"},{"taxonomy":"product_tag","embeddable":true,"href":"https:\/\/idakorea.ee\/fi\/wp-json\/wp\/v2\/product_tag?post=4645"}],"curies":[{"name":"wp","href":"https:\/\/api.w.org\/{rel}","templated":true}]}}