{"id":4655,"date":"2024-06-08T08:07:28","date_gmt":"2024-06-08T08:07:28","guid":{"rendered":"https:\/\/idakorea.ee\/?post_type=product&#038;p=4655"},"modified":"2026-01-31T09:19:01","modified_gmt":"2026-01-31T07:19:01","slug":"dalba-waterfull-tone-up-sun-cushion-spf50","status":"publish","type":"product","link":"https:\/\/idakorea.ee\/fi\/product\/dalba-waterfull-tone-up-sun-cushion-spf50\/","title":{"rendered":"Tooni andev d'Alba Waterfull Tone-Up Sun Cushion SPF50+ PA++++, 15g, 15g."},"content":{"rendered":"<p>Kirkastava aurinkosuojavoide suojaa ihoa luotettavasti UVA- ja UVB-s\u00e4teilt\u00e4, tasoittaa ihon s\u00e4vy\u00e4, virkist\u00e4\u00e4, kosteuttaa ja antaa iholle luonnollisen hehkun. Tuotteen kevyt koostumus levittyy tasaisesti iholle j\u00e4tt\u00e4m\u00e4tt\u00e4 tahmeaa j\u00e4lke\u00e4, ja sen k\u00e4tev\u00e4 muoto tekee levitt\u00e4misest\u00e4 nopeaa ja helppoa.<\/p>\n<p>Aktiiviset ainesosat:<\/p>\n<p>- Italialainen valkoinen tryffeliuute ja hyaluronihappo ravitsevat ja kosteuttavat intensiivisesti.<\/p>\n<p>- Persikkauute tasoittaa ihon s\u00e4vy\u00e4 ja virkist\u00e4\u00e4 kasvoja.<\/p>\n<p>Tuotetta voidaan k\u00e4ytt\u00e4\u00e4 meikkipohjana.<\/p>\n<p><strong>K\u00e4ytt\u00f6:\u00a0<\/strong>Levit\u00e4 tarvittava m\u00e4\u00e4r\u00e4 tuotetta kasvoille ennen auringolle altistumista. Toista prosessi koko p\u00e4iv\u00e4n ajan tarpeen mukaan.<\/p>","protected":false},"excerpt":{"rendered":"<p>Kirkastava aurinkosuojavoide suojaa ihoa luotettavasti UVA- ja UVB-s\u00e4teilt\u00e4, tasoittaa ihon s\u00e4vy\u00e4, virkist\u00e4\u00e4, kosteuttaa ja antaa iholle luonnollisen hehkun. Tuotteen kevyt koostumus levittyy tasaisesti iholle j\u00e4tt\u00e4m\u00e4tt\u00e4 tahmeaa j\u00e4lke\u00e4, ja sen k\u00e4tev\u00e4 muoto tekee levitt\u00e4misest\u00e4 nopeaa ja helppoa. Aktiiviset ainesosat: - Voideltu iho, joka on tarkoitettu ihonhoitoon.<\/p>","protected":false},"featured_media":1269,"comment_status":"open","ping_status":"closed","template":"","meta":{"_uf_show_specific_survey":0,"_uf_disable_surveys":false,"_bst_post_transparent":"default","_bst_post_title":"","_bst_post_layout":"default","_bst_post_sidebar_id":"","_bst_post_content_style":"default","_bst_post_vertical_padding":"default","_bst_post_feature":"","_bst_post_feature_position":"","_bst_post_header":false,"_bst_post_footer":false},"pwb-brand":[105],"product_brand":[],"product_cat":[92,101],"product_tag":[127,377,202,375],"class_list":{"0":"post-4655","1":"product","2":"type-product","3":"status-publish","4":"has-post-thumbnail","6":"pwb-brand-dalba","7":"product_cat-nagu","8":"product_cat-paikesekaitse","9":"product_tag-dalba","10":"product_tag-k-beauty-2","11":"product_tag-korea-kosmeetika","12":"product_tag-paikesekaitse","14":"first","15":"outofstock","16":"sale","17":"shipping-taxable","18":"purchasable","19":"product-type-simple","20":"entry","21":"content-bg","22":"loop-entry"},"supplier_id":null,"supplier_sku":"","barcode":null,"atum_controlled":true,"out_stock_date":"2025-11-27 15:25:30","out_stock_threshold":null,"inheritable":false,"inbound_stock":0,"stock_on_hold":0,"sold_today":0,"sales_last_days":0,"out_stock_days":137,"lost_sales":761,"has_location":false,"update_date":"2026-04-14T00:05:08","atum_locations":[],"atum_stock_status":"outofstock","restock_status":false,"low_stock_amount":"","sales_update_date":"2026-04-14T00:05:07","calc_backorders":null,"yoast_head":"<!-- This site is optimized with the Yoast SEO plugin v27.2 - https:\/\/yoast.com\/product\/yoast-seo-wordpress\/ -->\n<title>d&#039;Alba Waterfull Tone-Up Sun Cushion SPF50 - IDA.KOREA<\/title>\n<meta name=\"description\" content=\"Helendav p\u00e4ikesekaitse coushion kaitseb nahka usaldusv\u00e4\u00e4rselt UVA-, UVB-kiirguse eest, \u00fchtlustab nahatooni, niisutab ja annab nahale loomuliku s\u00e4ra.\" \/>\n<meta name=\"robots\" content=\"index, follow, max-snippet:-1, max-image-preview:large, max-video-preview:-1\" \/>\n<link rel=\"canonical\" href=\"https:\/\/idakorea.ee\/fi\/product\/dalba-waterfull-tone-up-sun-cushion-spf50\/\" \/>\n<meta property=\"og:locale\" content=\"fi_FI\" \/>\n<meta property=\"og:type\" content=\"article\" \/>\n<meta property=\"og:title\" content=\"d&#039;Alba Waterfull Tone-Up Sun Cushion SPF50 - IDA.KOREA\" \/>\n<meta property=\"og:description\" content=\"Helendav p\u00e4ikesekaitse coushion kaitseb nahka usaldusv\u00e4\u00e4rselt UVA-, UVB-kiirguse eest, \u00fchtlustab nahatooni, niisutab ja annab nahale loomuliku s\u00e4ra.\" \/>\n<meta property=\"og:url\" content=\"https:\/\/idakorea.ee\/fi\/product\/dalba-waterfull-tone-up-sun-cushion-spf50\/\" \/>\n<meta property=\"og:site_name\" content=\"IDA.KOREA\" \/>\n<meta property=\"article:modified_time\" content=\"2026-01-31T07:19:01+00:00\" \/>\n<meta property=\"og:image\" content=\"https:\/\/idakorea.ee\/wp-content\/uploads\/2024\/05\/2768d901-3a1f-4698-bc06-4dc9510627db.jpg\" \/>\n\t<meta property=\"og:image:width\" content=\"845\" \/>\n\t<meta property=\"og:image:height\" content=\"845\" \/>\n\t<meta property=\"og:image:type\" content=\"image\/jpeg\" \/>\n<meta name=\"twitter:card\" content=\"summary_large_image\" \/>\n<meta name=\"twitter:label1\" content=\"Arvioitu lukuaika\" \/>\n\t<meta name=\"twitter:data1\" content=\"1 minuutti\" \/>\n<script type=\"application\/ld+json\" class=\"yoast-schema-graph\">{\"@context\":\"https:\/\/schema.org\",\"@graph\":[{\"@type\":\"WebPage\",\"@id\":\"https:\/\/idakorea.ee\/product\/dalba-waterfull-tone-up-sun-cushion-spf50\/\",\"url\":\"https:\/\/idakorea.ee\/product\/dalba-waterfull-tone-up-sun-cushion-spf50\/\",\"name\":\"d'Alba Waterfull Tone-Up Sun Cushion SPF50 - IDA.KOREA\",\"isPartOf\":{\"@id\":\"https:\/\/idakorea.ee\/#website\"},\"primaryImageOfPage\":{\"@id\":\"https:\/\/idakorea.ee\/product\/dalba-waterfull-tone-up-sun-cushion-spf50\/#primaryimage\"},\"image\":{\"@id\":\"https:\/\/idakorea.ee\/product\/dalba-waterfull-tone-up-sun-cushion-spf50\/#primaryimage\"},\"thumbnailUrl\":\"https:\/\/idakorea.ee\/wp-content\/uploads\/2024\/05\/2768d901-3a1f-4698-bc06-4dc9510627db.jpg\",\"datePublished\":\"2024-06-08T08:07:28+00:00\",\"dateModified\":\"2026-01-31T07:19:01+00:00\",\"description\":\"Helendav p\u00e4ikesekaitse coushion kaitseb nahka usaldusv\u00e4\u00e4rselt UVA-, UVB-kiirguse eest, \u00fchtlustab nahatooni, niisutab ja annab nahale loomuliku s\u00e4ra.\",\"breadcrumb\":{\"@id\":\"https:\/\/idakorea.ee\/product\/dalba-waterfull-tone-up-sun-cushion-spf50\/#breadcrumb\"},\"inLanguage\":\"fi\",\"potentialAction\":[{\"@type\":\"ReadAction\",\"target\":[\"https:\/\/idakorea.ee\/product\/dalba-waterfull-tone-up-sun-cushion-spf50\/\"]}]},{\"@type\":\"ImageObject\",\"inLanguage\":\"fi\",\"@id\":\"https:\/\/idakorea.ee\/product\/dalba-waterfull-tone-up-sun-cushion-spf50\/#primaryimage\",\"url\":\"https:\/\/idakorea.ee\/wp-content\/uploads\/2024\/05\/2768d901-3a1f-4698-bc06-4dc9510627db.jpg\",\"contentUrl\":\"https:\/\/idakorea.ee\/wp-content\/uploads\/2024\/05\/2768d901-3a1f-4698-bc06-4dc9510627db.jpg\",\"width\":845,\"height\":845},{\"@type\":\"BreadcrumbList\",\"@id\":\"https:\/\/idakorea.ee\/product\/dalba-waterfull-tone-up-sun-cushion-spf50\/#breadcrumb\",\"itemListElement\":[{\"@type\":\"ListItem\",\"position\":1,\"name\":\"\u0413\u043b\u0430\u0432\u043d\u0430\u044f \u0441\u0442\u0440\u0430\u043d\u0438\u0446\u0430\",\"item\":\"https:\/\/idakorea.ee\/\"},{\"@type\":\"ListItem\",\"position\":2,\"name\":\"Shop\",\"item\":\"https:\/\/idakorea.ee\/shop-2\/\"},{\"@type\":\"ListItem\",\"position\":3,\"name\":\"Tooni andev d&#8217;Alba Waterfull Tone-Up Sun Cushion SPF50+ PA++++, 15g\"}]},{\"@type\":\"WebSite\",\"@id\":\"https:\/\/idakorea.ee\/#website\",\"url\":\"https:\/\/idakorea.ee\/\",\"name\":\"IDA.KOREA\",\"description\":\"Korea kosmeetika e-pood\",\"publisher\":{\"@id\":\"https:\/\/idakorea.ee\/#organization\"},\"alternateName\":\"Beauty Shop\",\"potentialAction\":[{\"@type\":\"SearchAction\",\"target\":{\"@type\":\"EntryPoint\",\"urlTemplate\":\"https:\/\/idakorea.ee\/?s={search_term_string}\"},\"query-input\":{\"@type\":\"PropertyValueSpecification\",\"valueRequired\":true,\"valueName\":\"search_term_string\"}}],\"inLanguage\":\"fi\"},{\"@type\":\"Organization\",\"@id\":\"https:\/\/idakorea.ee\/#organization\",\"name\":\"IDA.KOREA\",\"url\":\"https:\/\/idakorea.ee\/\",\"logo\":{\"@type\":\"ImageObject\",\"inLanguage\":\"fi\",\"@id\":\"https:\/\/idakorea.ee\/#\/schema\/logo\/image\/\",\"url\":\"https:\/\/idakorea.ee\/wp-content\/uploads\/2024\/05\/cropped-korea3.png\",\"contentUrl\":\"https:\/\/idakorea.ee\/wp-content\/uploads\/2024\/05\/cropped-korea3.png\",\"width\":688,\"height\":126,\"caption\":\"IDA.KOREA\"},\"image\":{\"@id\":\"https:\/\/idakorea.ee\/#\/schema\/logo\/image\/\"},\"sameAs\":[\"https:\/\/www.instagram.com\/ida.korea\/\"]}]}<\/script>\n<!-- \/ Yoast SEO plugin. -->","yoast_head_json":{"title":"d&#039;Alba Waterfull Tone-Up -aurinkosuojavoide SPF50 - IDA.KOREA","description":"Kirkastava aurinkosuojavoide suojaa ihoa luotettavasti UVA- ja UVB-s\u00e4teilt\u00e4, tasoittaa ihon s\u00e4vy\u00e4, kosteuttaa ja antaa iholle luonnollisen hehkun.","robots":{"index":"index","follow":"follow","max-snippet":"max-snippet:-1","max-image-preview":"max-image-preview:large","max-video-preview":"max-video-preview:-1"},"canonical":"https:\/\/idakorea.ee\/fi\/product\/dalba-waterfull-tone-up-sun-cushion-spf50\/","og_locale":"fi_FI","og_type":"article","og_title":"d'Alba Waterfull Tone-Up Sun Cushion SPF50 - IDA.KOREA","og_description":"Helendav p\u00e4ikesekaitse coushion kaitseb nahka usaldusv\u00e4\u00e4rselt UVA-, UVB-kiirguse eest, \u00fchtlustab nahatooni, niisutab ja annab nahale loomuliku s\u00e4ra.","og_url":"https:\/\/idakorea.ee\/fi\/product\/dalba-waterfull-tone-up-sun-cushion-spf50\/","og_site_name":"IDA.KOREA","article_modified_time":"2026-01-31T07:19:01+00:00","og_image":[{"width":845,"height":845,"url":"https:\/\/idakorea.ee\/wp-content\/uploads\/2024\/05\/2768d901-3a1f-4698-bc06-4dc9510627db.jpg","type":"image\/jpeg"}],"twitter_card":"summary_large_image","twitter_misc":{"Arvioitu lukuaika":"1 minuutti"},"schema":{"@context":"https:\/\/schema.org","@graph":[{"@type":"WebPage","@id":"https:\/\/idakorea.ee\/product\/dalba-waterfull-tone-up-sun-cushion-spf50\/","url":"https:\/\/idakorea.ee\/product\/dalba-waterfull-tone-up-sun-cushion-spf50\/","name":"d&#039;Alba Waterfull Tone-Up -aurinkosuojavoide SPF50 - IDA.KOREA","isPartOf":{"@id":"https:\/\/idakorea.ee\/#website"},"primaryImageOfPage":{"@id":"https:\/\/idakorea.ee\/product\/dalba-waterfull-tone-up-sun-cushion-spf50\/#primaryimage"},"image":{"@id":"https:\/\/idakorea.ee\/product\/dalba-waterfull-tone-up-sun-cushion-spf50\/#primaryimage"},"thumbnailUrl":"https:\/\/idakorea.ee\/wp-content\/uploads\/2024\/05\/2768d901-3a1f-4698-bc06-4dc9510627db.jpg","datePublished":"2024-06-08T08:07:28+00:00","dateModified":"2026-01-31T07:19:01+00:00","description":"Kirkastava aurinkosuojavoide suojaa ihoa luotettavasti UVA- ja UVB-s\u00e4teilt\u00e4, tasoittaa ihon s\u00e4vy\u00e4, kosteuttaa ja antaa iholle luonnollisen hehkun.","breadcrumb":{"@id":"https:\/\/idakorea.ee\/product\/dalba-waterfull-tone-up-sun-cushion-spf50\/#breadcrumb"},"inLanguage":"fi","potentialAction":[{"@type":"ReadAction","target":["https:\/\/idakorea.ee\/product\/dalba-waterfull-tone-up-sun-cushion-spf50\/"]}]},{"@type":"ImageObject","inLanguage":"fi","@id":"https:\/\/idakorea.ee\/product\/dalba-waterfull-tone-up-sun-cushion-spf50\/#primaryimage","url":"https:\/\/idakorea.ee\/wp-content\/uploads\/2024\/05\/2768d901-3a1f-4698-bc06-4dc9510627db.jpg","contentUrl":"https:\/\/idakorea.ee\/wp-content\/uploads\/2024\/05\/2768d901-3a1f-4698-bc06-4dc9510627db.jpg","width":845,"height":845},{"@type":"BreadcrumbList","@id":"https:\/\/idakorea.ee\/product\/dalba-waterfull-tone-up-sun-cushion-spf50\/#breadcrumb","itemListElement":[{"@type":"ListItem","position":1,"name":"\u0413\u043b\u0430\u0432\u043d\u0430\u044f \u0441\u0442\u0440\u0430\u043d\u0438\u0446\u0430","item":"https:\/\/idakorea.ee\/"},{"@type":"ListItem","position":2,"name":"Shop","item":"https:\/\/idakorea.ee\/shop-2\/"},{"@type":"ListItem","position":3,"name":"Tooni andev d&#8217;Alba Waterfull Tone-Up Sun Cushion SPF50+ PA++++, 15g"}]},{"@type":"WebSite","@id":"https:\/\/idakorea.ee\/#website","url":"https:\/\/idakorea.ee\/","name":"IDA.KOREA","description":"Korean kosmetiikan verkkokauppa","publisher":{"@id":"https:\/\/idakorea.ee\/#organization"},"alternateName":"Beauty Shop","potentialAction":[{"@type":"SearchAction","target":{"@type":"EntryPoint","urlTemplate":"https:\/\/idakorea.ee\/?s={search_term_string}"},"query-input":{"@type":"PropertyValueSpecification","valueRequired":true,"valueName":"search_term_string"}}],"inLanguage":"fi"},{"@type":"Organization","@id":"https:\/\/idakorea.ee\/#organization","name":"IDA.KOREA","url":"https:\/\/idakorea.ee\/","logo":{"@type":"ImageObject","inLanguage":"fi","@id":"https:\/\/idakorea.ee\/#\/schema\/logo\/image\/","url":"https:\/\/idakorea.ee\/wp-content\/uploads\/2024\/05\/cropped-korea3.png","contentUrl":"https:\/\/idakorea.ee\/wp-content\/uploads\/2024\/05\/cropped-korea3.png","width":688,"height":126,"caption":"IDA.KOREA"},"image":{"@id":"https:\/\/idakorea.ee\/#\/schema\/logo\/image\/"},"sameAs":["https:\/\/www.instagram.com\/ida.korea\/"]}]}},"jetpack_sharing_enabled":true,"brands":[{"id":105,"name":"d'ALBA","slug":"dalba"}],"_links":{"self":[{"href":"https:\/\/idakorea.ee\/fi\/wp-json\/wp\/v2\/product\/4655","targetHints":{"allow":["GET"]}}],"collection":[{"href":"https:\/\/idakorea.ee\/fi\/wp-json\/wp\/v2\/product"}],"about":[{"href":"https:\/\/idakorea.ee\/fi\/wp-json\/wp\/v2\/types\/product"}],"replies":[{"embeddable":true,"href":"https:\/\/idakorea.ee\/fi\/wp-json\/wp\/v2\/comments?post=4655"}],"version-history":[{"count":1,"href":"https:\/\/idakorea.ee\/fi\/wp-json\/wp\/v2\/product\/4655\/revisions"}],"predecessor-version":[{"id":10642,"href":"https:\/\/idakorea.ee\/fi\/wp-json\/wp\/v2\/product\/4655\/revisions\/10642"}],"wp:featuredmedia":[{"embeddable":true,"href":"https:\/\/idakorea.ee\/fi\/wp-json\/wp\/v2\/media\/1269"}],"wp:attachment":[{"href":"https:\/\/idakorea.ee\/fi\/wp-json\/wp\/v2\/media?parent=4655"}],"wp:term":[{"taxonomy":"pwb-brand","embeddable":true,"href":"https:\/\/idakorea.ee\/fi\/wp-json\/wp\/v2\/pwb-brand?post=4655"},{"taxonomy":"product_brand","embeddable":true,"href":"https:\/\/idakorea.ee\/fi\/wp-json\/wp\/v2\/product_brand?post=4655"},{"taxonomy":"product_cat","embeddable":true,"href":"https:\/\/idakorea.ee\/fi\/wp-json\/wp\/v2\/product_cat?post=4655"},{"taxonomy":"product_tag","embeddable":true,"href":"https:\/\/idakorea.ee\/fi\/wp-json\/wp\/v2\/product_tag?post=4655"}],"curies":[{"name":"wp","href":"https:\/\/api.w.org\/{rel}","templated":true}]}}