{"id":4929,"date":"2024-06-14T09:02:54","date_gmt":"2024-06-14T09:02:54","guid":{"rendered":"https:\/\/idakorea.ee\/?post_type=product&#038;p=4929"},"modified":"2026-04-14T00:24:07","modified_gmt":"2026-04-13T22:24:07","slug":"dalba-waterfull-mild-suncream","status":"publish","type":"product","link":"https:\/\/idakorea.ee\/fi\/product\/dalba-waterfull-mild-suncream\/","title":{"rendered":"Hypoallergeeninen aurinkovoide d'Alba Waterfull Mild Suncream SPF 50+ PA++++, 50ml, 50ml."},"content":{"rendered":"<p>Uuden sukupolven aurinkosuojavoide, jossa on luonnollisia suodattimia ja ultrakevyt koostumus, antaa luotettavan ja kattavan suojan UVA- ja UVB-s\u00e4teilt\u00e4 j\u00e4tt\u00e4m\u00e4tt\u00e4 valkoisia j\u00e4lki\u00e4 tai tahmeaa j\u00e4lke\u00e4. Ainutlaatuisten ainesosien yhdistelm\u00e4 ehk\u00e4isee ymp\u00e4rist\u00f6n saastumisen kielteisi\u00e4 vaikutuksia ja auttaa suojaamaan ihoa pigmentaatiolta ja ennenaikaisen ik\u00e4\u00e4ntymisen merkeilt\u00e4. Ei testattu el\u00e4imill\u00e4. Vegaaninen tuote. Levit\u00e4 riitt\u00e4v\u00e4 m\u00e4\u00e4r\u00e4 kasvoille ja kaulalle ennen auringonottoa.<\/p>\n<p>Italian Piemontesta huolella hankitut ensiluokkaiset valkoiset tryffelit, joihin on lis\u00e4tty tokoferolia (E-vitamiinia), muodostavat antioksidanttipitoisen d'Alba-tryffelin tunnusomaisen ainesosan.<\/p>\n<p>Truferol on sertifioitu vegaaniseksi tiukan italialaisen V-label-testin j\u00e4lkeen, ja sen vahva aurinkosuoja SPF on 58,1 \u00b1 6,2 ja PFA PA++++ (21,21 \u00b1 3,62). Truferol sis\u00e4lt\u00e4\u00e4 runsaasti antioksidantteja ja ravintoaineita, jotka antavat iholle elinvoimaa ja parantavat sen rakennetta.<\/p>\n<p>Hell\u00e4varainen koostumus, joka sis\u00e4lt\u00e4\u00e4 yli 100 nm:n pituisia ei-senosuoivia ainesosia, ei imeydy ja sopii herk\u00e4lle iholle, my\u00f6s lasten iholle.<\/p>\n<p>Centella Asiatica -uutteen (gotu kola), tokoferolin, hyaluronihapon, noitap\u00e4hkin\u00e4uutteen, vihre\u00e4n teen veden jne. lis\u00e4\u00e4minen antaa iholle riitt\u00e4v\u00e4sti E-vitamiinia ja ravinteita.<\/p>\n<p>Mineraalinen aurinkosuojavoide, jonka koostumus muistuttaa essentiaalia ja joka on kevyesti kosteuttava, joten sit\u00e4 voi levitt\u00e4\u00e4 uudelleen p\u00e4iv\u00e4n mittaan j\u00e4tt\u00e4m\u00e4tt\u00e4 j\u00e4\u00e4mi\u00e4.<\/p>\n<p>Puhdas ja vegaaninen, Italian kasvissy\u00f6j\u00e4liiton hyv\u00e4ksym\u00e4. Kasviper\u00e4iset ainesosat takaavat pehme\u00e4n ja hell\u00e4varaisen levityksen, antavat ravinteita ja s\u00e4ihkett\u00e4.<\/p>\n<p>Edut<\/p>\n<ul>\n<li>SPF 50+ PA++++<\/li>\n<li>Sile\u00e4, olemuksen kaltainen levitys<\/li>\n<li>Toimii kevyen\u00e4 ja hentona pohjustuksena.<\/li>\n<li>Suositellaan herk\u00e4lle iholle ja lapsille.<\/li>\n<li>Ei valkoista s\u00e4vy\u00e4 tai tahmeutta<\/li>\n<li>Ei \u00e4rsytyst\u00e4<\/li>\n<li>Vaalentaa luonnollisesti ihon s\u00e4vy\u00e4<\/li>\n<li>Rauhoittava<\/li>\n<li>Kuinka k\u00e4ytt\u00e4\u00e4<\/li>\n<li>Levit\u00e4 ihonhoidon viimeisen\u00e4 vaiheena riitt\u00e4v\u00e4 m\u00e4\u00e4r\u00e4 tasaisesti koko iholle.<\/li>\n<li>Voidaan k\u00e4ytt\u00e4\u00e4 meikin alle.<\/li>\n<\/ul>","protected":false},"excerpt":{"rendered":"<p>Uuden sukupolven aurinkosuojavoide, jossa on luonnollisia suodattimia ja ultrakevyt koostumus, antaa luotettavan ja kattavan suojan UVA- ja UVB-s\u00e4teilt\u00e4 j\u00e4tt\u00e4m\u00e4tt\u00e4 valkoisia j\u00e4lki\u00e4 tai tahmeaa j\u00e4lke\u00e4. Ainutlaatuisten ainesosien yhdistelm\u00e4 ehk\u00e4isee ymp\u00e4rist\u00f6n saastumisen kielteisi\u00e4 vaikutuksia ja auttaa suojaamaan ihoa pigmentaatiolta ja ennenaikaisen ik\u00e4\u00e4ntymisen merkeilt\u00e4. Ei testattu el\u00e4imill\u00e4. Vegaaninen tuote. Levitys.<\/p>","protected":false},"featured_media":4930,"comment_status":"open","ping_status":"closed","template":"","meta":{"_uf_show_specific_survey":0,"_uf_disable_surveys":false,"_bst_post_transparent":"default","_bst_post_title":"","_bst_post_layout":"default","_bst_post_sidebar_id":"","_bst_post_content_style":"default","_bst_post_vertical_padding":"default","_bst_post_feature":"","_bst_post_feature_position":"","_bst_post_header":false,"_bst_post_footer":false},"pwb-brand":[105],"product_brand":[],"product_cat":[101],"product_tag":[127,233,377,202,375,221],"class_list":{"0":"post-4929","1":"product","2":"type-product","3":"status-publish","4":"has-post-thumbnail","6":"pwb-brand-dalba","7":"product_cat-paikesekaitse","8":"product_tag-dalba","9":"product_tag-internet-pood-eesti","10":"product_tag-k-beauty-2","11":"product_tag-korea-kosmeetika","12":"product_tag-paikesekaitse","13":"product_tag-tundlik-nahk","15":"first","16":"instock","17":"sale","18":"shipping-taxable","19":"purchasable","20":"product-type-simple","21":"entry","22":"content-bg","23":"loop-entry"},"supplier_id":null,"supplier_sku":"","barcode":null,"atum_controlled":true,"out_stock_date":null,"out_stock_threshold":null,"inheritable":false,"inbound_stock":0,"stock_on_hold":0,"sold_today":0,"sales_last_days":1,"out_stock_days":0,"lost_sales":0,"has_location":false,"update_date":"2026-04-13T22:24:08","atum_locations":[],"atum_stock_status":"instock","restock_status":false,"low_stock_amount":"","sales_update_date":"2026-03-31T11:29:03","calc_backorders":null,"yoast_head":"<!-- This site is optimized with the Yoast SEO plugin v27.2 - https:\/\/yoast.com\/product\/yoast-seo-wordpress\/ -->\n<title>d&#039;Alba Waterfull Mild Suncream SPF 50+ PA++++, 50ml<\/title>\n<meta name=\"description\" content=\"Unikaalsete koostisosade kombinatsioon hoiab \u00e4ra keskkonnasaaste negatiivsed m\u00f5jud ning aitab kaitsta nahka pigmentatsiooni ja enneaegse vananemise eest.\" \/>\n<meta name=\"robots\" content=\"index, follow, max-snippet:-1, max-image-preview:large, max-video-preview:-1\" \/>\n<link rel=\"canonical\" href=\"https:\/\/idakorea.ee\/fi\/product\/dalba-waterfull-mild-suncream\/\" \/>\n<meta property=\"og:locale\" content=\"fi_FI\" \/>\n<meta property=\"og:type\" content=\"article\" \/>\n<meta property=\"og:title\" content=\"d&#039;Alba Waterfull Mild Suncream SPF 50+ PA++++, 50ml\" \/>\n<meta property=\"og:description\" content=\"Unikaalsete koostisosade kombinatsioon hoiab \u00e4ra keskkonnasaaste negatiivsed m\u00f5jud ning aitab kaitsta nahka pigmentatsiooni ja enneaegse vananemise eest.\" \/>\n<meta property=\"og:url\" content=\"https:\/\/idakorea.ee\/fi\/product\/dalba-waterfull-mild-suncream\/\" \/>\n<meta property=\"og:site_name\" content=\"IDA.KOREA\" \/>\n<meta property=\"article:modified_time\" content=\"2026-04-13T22:24:07+00:00\" \/>\n<meta property=\"og:image\" content=\"https:\/\/idakorea.ee\/wp-content\/uploads\/2024\/06\/d7c7.jpg\" \/>\n\t<meta property=\"og:image:width\" content=\"1080\" \/>\n\t<meta property=\"og:image:height\" content=\"1080\" \/>\n\t<meta property=\"og:image:type\" content=\"image\/jpeg\" \/>\n<meta name=\"twitter:card\" content=\"summary_large_image\" \/>\n<meta name=\"twitter:label1\" content=\"Arvioitu lukuaika\" \/>\n\t<meta name=\"twitter:data1\" content=\"2 minuuttia\" \/>\n<script type=\"application\/ld+json\" class=\"yoast-schema-graph\">{\"@context\":\"https:\/\/schema.org\",\"@graph\":[{\"@type\":\"WebPage\",\"@id\":\"https:\/\/idakorea.ee\/product\/dalba-waterfull-mild-suncream\/\",\"url\":\"https:\/\/idakorea.ee\/product\/dalba-waterfull-mild-suncream\/\",\"name\":\"d'Alba Waterfull Mild Suncream SPF 50+ PA++++, 50ml\",\"isPartOf\":{\"@id\":\"https:\/\/idakorea.ee\/#website\"},\"primaryImageOfPage\":{\"@id\":\"https:\/\/idakorea.ee\/product\/dalba-waterfull-mild-suncream\/#primaryimage\"},\"image\":{\"@id\":\"https:\/\/idakorea.ee\/product\/dalba-waterfull-mild-suncream\/#primaryimage\"},\"thumbnailUrl\":\"https:\/\/idakorea.ee\/wp-content\/uploads\/2024\/06\/d7c7.jpg\",\"datePublished\":\"2024-06-14T09:02:54+00:00\",\"dateModified\":\"2026-04-13T22:24:07+00:00\",\"description\":\"Unikaalsete koostisosade kombinatsioon hoiab \u00e4ra keskkonnasaaste negatiivsed m\u00f5jud ning aitab kaitsta nahka pigmentatsiooni ja enneaegse vananemise eest.\",\"breadcrumb\":{\"@id\":\"https:\/\/idakorea.ee\/product\/dalba-waterfull-mild-suncream\/#breadcrumb\"},\"inLanguage\":\"fi\",\"potentialAction\":[{\"@type\":\"ReadAction\",\"target\":[\"https:\/\/idakorea.ee\/product\/dalba-waterfull-mild-suncream\/\"]}]},{\"@type\":\"ImageObject\",\"inLanguage\":\"fi\",\"@id\":\"https:\/\/idakorea.ee\/product\/dalba-waterfull-mild-suncream\/#primaryimage\",\"url\":\"https:\/\/idakorea.ee\/wp-content\/uploads\/2024\/06\/d7c7.jpg\",\"contentUrl\":\"https:\/\/idakorea.ee\/wp-content\/uploads\/2024\/06\/d7c7.jpg\",\"width\":1080,\"height\":1080},{\"@type\":\"BreadcrumbList\",\"@id\":\"https:\/\/idakorea.ee\/product\/dalba-waterfull-mild-suncream\/#breadcrumb\",\"itemListElement\":[{\"@type\":\"ListItem\",\"position\":1,\"name\":\"\u0413\u043b\u0430\u0432\u043d\u0430\u044f \u0441\u0442\u0440\u0430\u043d\u0438\u0446\u0430\",\"item\":\"https:\/\/idakorea.ee\/\"},{\"@type\":\"ListItem\",\"position\":2,\"name\":\"Shop\",\"item\":\"https:\/\/idakorea.ee\/shop-2\/\"},{\"@type\":\"ListItem\",\"position\":3,\"name\":\"H\u00fcpoallergeenne p\u00e4ikesekaitsekreem d&#8217;Alba Waterfull Mild Suncream SPF 50+ PA++++, 50ml\"}]},{\"@type\":\"WebSite\",\"@id\":\"https:\/\/idakorea.ee\/#website\",\"url\":\"https:\/\/idakorea.ee\/\",\"name\":\"IDA.KOREA\",\"description\":\"Korea kosmeetika e-pood\",\"publisher\":{\"@id\":\"https:\/\/idakorea.ee\/#organization\"},\"alternateName\":\"Beauty Shop\",\"potentialAction\":[{\"@type\":\"SearchAction\",\"target\":{\"@type\":\"EntryPoint\",\"urlTemplate\":\"https:\/\/idakorea.ee\/?s={search_term_string}\"},\"query-input\":{\"@type\":\"PropertyValueSpecification\",\"valueRequired\":true,\"valueName\":\"search_term_string\"}}],\"inLanguage\":\"fi\"},{\"@type\":\"Organization\",\"@id\":\"https:\/\/idakorea.ee\/#organization\",\"name\":\"IDA.KOREA\",\"url\":\"https:\/\/idakorea.ee\/\",\"logo\":{\"@type\":\"ImageObject\",\"inLanguage\":\"fi\",\"@id\":\"https:\/\/idakorea.ee\/#\/schema\/logo\/image\/\",\"url\":\"https:\/\/idakorea.ee\/wp-content\/uploads\/2024\/05\/cropped-korea3.png\",\"contentUrl\":\"https:\/\/idakorea.ee\/wp-content\/uploads\/2024\/05\/cropped-korea3.png\",\"width\":688,\"height\":126,\"caption\":\"IDA.KOREA\"},\"image\":{\"@id\":\"https:\/\/idakorea.ee\/#\/schema\/logo\/image\/\"},\"sameAs\":[\"https:\/\/www.instagram.com\/ida.korea\/\"]}]}<\/script>\n<!-- \/ Yoast SEO plugin. -->","yoast_head_json":{"title":"d'Alba Waterfull Mild Suncream SPF 50+ PA++++, 50ml, 50ml","description":"Ainutlaatuisten ainesosien yhdistelm\u00e4 ehk\u00e4isee ymp\u00e4rist\u00f6n saasteiden kielteisi\u00e4 vaikutuksia ja auttaa suojaamaan ihoa pigmentaatiolta ja ennenaikaiselta vanhenemiselta.","robots":{"index":"index","follow":"follow","max-snippet":"max-snippet:-1","max-image-preview":"max-image-preview:large","max-video-preview":"max-video-preview:-1"},"canonical":"https:\/\/idakorea.ee\/fi\/product\/dalba-waterfull-mild-suncream\/","og_locale":"fi_FI","og_type":"article","og_title":"d'Alba Waterfull Mild Suncream SPF 50+ PA++++, 50ml","og_description":"Unikaalsete koostisosade kombinatsioon hoiab \u00e4ra keskkonnasaaste negatiivsed m\u00f5jud ning aitab kaitsta nahka pigmentatsiooni ja enneaegse vananemise eest.","og_url":"https:\/\/idakorea.ee\/fi\/product\/dalba-waterfull-mild-suncream\/","og_site_name":"IDA.KOREA","article_modified_time":"2026-04-13T22:24:07+00:00","og_image":[{"width":1080,"height":1080,"url":"https:\/\/idakorea.ee\/wp-content\/uploads\/2024\/06\/d7c7.jpg","type":"image\/jpeg"}],"twitter_card":"summary_large_image","twitter_misc":{"Arvioitu lukuaika":"2 minuuttia"},"schema":{"@context":"https:\/\/schema.org","@graph":[{"@type":"WebPage","@id":"https:\/\/idakorea.ee\/product\/dalba-waterfull-mild-suncream\/","url":"https:\/\/idakorea.ee\/product\/dalba-waterfull-mild-suncream\/","name":"d'Alba Waterfull Mild Suncream SPF 50+ PA++++, 50ml, 50ml","isPartOf":{"@id":"https:\/\/idakorea.ee\/#website"},"primaryImageOfPage":{"@id":"https:\/\/idakorea.ee\/product\/dalba-waterfull-mild-suncream\/#primaryimage"},"image":{"@id":"https:\/\/idakorea.ee\/product\/dalba-waterfull-mild-suncream\/#primaryimage"},"thumbnailUrl":"https:\/\/idakorea.ee\/wp-content\/uploads\/2024\/06\/d7c7.jpg","datePublished":"2024-06-14T09:02:54+00:00","dateModified":"2026-04-13T22:24:07+00:00","description":"Ainutlaatuisten ainesosien yhdistelm\u00e4 ehk\u00e4isee ymp\u00e4rist\u00f6n saasteiden kielteisi\u00e4 vaikutuksia ja auttaa suojaamaan ihoa pigmentaatiolta ja ennenaikaiselta vanhenemiselta.","breadcrumb":{"@id":"https:\/\/idakorea.ee\/product\/dalba-waterfull-mild-suncream\/#breadcrumb"},"inLanguage":"fi","potentialAction":[{"@type":"ReadAction","target":["https:\/\/idakorea.ee\/product\/dalba-waterfull-mild-suncream\/"]}]},{"@type":"ImageObject","inLanguage":"fi","@id":"https:\/\/idakorea.ee\/product\/dalba-waterfull-mild-suncream\/#primaryimage","url":"https:\/\/idakorea.ee\/wp-content\/uploads\/2024\/06\/d7c7.jpg","contentUrl":"https:\/\/idakorea.ee\/wp-content\/uploads\/2024\/06\/d7c7.jpg","width":1080,"height":1080},{"@type":"BreadcrumbList","@id":"https:\/\/idakorea.ee\/product\/dalba-waterfull-mild-suncream\/#breadcrumb","itemListElement":[{"@type":"ListItem","position":1,"name":"\u0413\u043b\u0430\u0432\u043d\u0430\u044f \u0441\u0442\u0440\u0430\u043d\u0438\u0446\u0430","item":"https:\/\/idakorea.ee\/"},{"@type":"ListItem","position":2,"name":"Shop","item":"https:\/\/idakorea.ee\/shop-2\/"},{"@type":"ListItem","position":3,"name":"H\u00fcpoallergeenne p\u00e4ikesekaitsekreem d&#8217;Alba Waterfull Mild Suncream SPF 50+ PA++++, 50ml"}]},{"@type":"WebSite","@id":"https:\/\/idakorea.ee\/#website","url":"https:\/\/idakorea.ee\/","name":"IDA.KOREA","description":"Korean kosmetiikan verkkokauppa","publisher":{"@id":"https:\/\/idakorea.ee\/#organization"},"alternateName":"Beauty Shop","potentialAction":[{"@type":"SearchAction","target":{"@type":"EntryPoint","urlTemplate":"https:\/\/idakorea.ee\/?s={search_term_string}"},"query-input":{"@type":"PropertyValueSpecification","valueRequired":true,"valueName":"search_term_string"}}],"inLanguage":"fi"},{"@type":"Organization","@id":"https:\/\/idakorea.ee\/#organization","name":"IDA.KOREA","url":"https:\/\/idakorea.ee\/","logo":{"@type":"ImageObject","inLanguage":"fi","@id":"https:\/\/idakorea.ee\/#\/schema\/logo\/image\/","url":"https:\/\/idakorea.ee\/wp-content\/uploads\/2024\/05\/cropped-korea3.png","contentUrl":"https:\/\/idakorea.ee\/wp-content\/uploads\/2024\/05\/cropped-korea3.png","width":688,"height":126,"caption":"IDA.KOREA"},"image":{"@id":"https:\/\/idakorea.ee\/#\/schema\/logo\/image\/"},"sameAs":["https:\/\/www.instagram.com\/ida.korea\/"]}]}},"jetpack_sharing_enabled":true,"brands":[{"id":105,"name":"d'ALBA","slug":"dalba"}],"_links":{"self":[{"href":"https:\/\/idakorea.ee\/fi\/wp-json\/wp\/v2\/product\/4929","targetHints":{"allow":["GET"]}}],"collection":[{"href":"https:\/\/idakorea.ee\/fi\/wp-json\/wp\/v2\/product"}],"about":[{"href":"https:\/\/idakorea.ee\/fi\/wp-json\/wp\/v2\/types\/product"}],"replies":[{"embeddable":true,"href":"https:\/\/idakorea.ee\/fi\/wp-json\/wp\/v2\/comments?post=4929"}],"version-history":[{"count":1,"href":"https:\/\/idakorea.ee\/fi\/wp-json\/wp\/v2\/product\/4929\/revisions"}],"predecessor-version":[{"id":13974,"href":"https:\/\/idakorea.ee\/fi\/wp-json\/wp\/v2\/product\/4929\/revisions\/13974"}],"wp:featuredmedia":[{"embeddable":true,"href":"https:\/\/idakorea.ee\/fi\/wp-json\/wp\/v2\/media\/4930"}],"wp:attachment":[{"href":"https:\/\/idakorea.ee\/fi\/wp-json\/wp\/v2\/media?parent=4929"}],"wp:term":[{"taxonomy":"pwb-brand","embeddable":true,"href":"https:\/\/idakorea.ee\/fi\/wp-json\/wp\/v2\/pwb-brand?post=4929"},{"taxonomy":"product_brand","embeddable":true,"href":"https:\/\/idakorea.ee\/fi\/wp-json\/wp\/v2\/product_brand?post=4929"},{"taxonomy":"product_cat","embeddable":true,"href":"https:\/\/idakorea.ee\/fi\/wp-json\/wp\/v2\/product_cat?post=4929"},{"taxonomy":"product_tag","embeddable":true,"href":"https:\/\/idakorea.ee\/fi\/wp-json\/wp\/v2\/product_tag?post=4929"}],"curies":[{"name":"wp","href":"https:\/\/api.w.org\/{rel}","templated":true}]}}