{"id":4985,"date":"2024-06-18T14:20:12","date_gmt":"2024-06-18T12:20:12","guid":{"rendered":"https:\/\/idakorea.ee\/?post_type=product&#038;p=4985"},"modified":"2026-01-31T09:18:27","modified_gmt":"2026-01-31T07:18:27","slug":"silmaumbruse-plaastrid-dalba-the-real-eye-patch-68-tk","status":"publish","type":"product","link":"https:\/\/idakorea.ee\/fi\/product\/silmaumbruse-plaastrid-dalba-the-real-eye-patch-68-tk\/","title":{"rendered":"Silm\u00e4laastarit d'Alba The Real silm\u00e4laastari, 68 kpl"},"content":{"rendered":"<p>Hydrogeelilaastareilla on erinomainen elastisuus ja ne kiinnittyv\u00e4t tiukasti ihoon, mik\u00e4 palauttaa ihon s\u00e4teilev\u00e4n ulkon\u00e4\u00f6n, poistaa v\u00e4symyksen merkit ja j\u00e4tt\u00e4\u00e4 ihon terveen s\u00e4vyiseksi. Patentoitu BIO-Presudanne ja italialainen valkoinen tryffeliuute tekev\u00e4t ihosta s\u00e4teilev\u00e4n ja kimmoisan, kun taas hyaluronihappo ja pantenoli sitovat kosteutta silm\u00e4nymp\u00e4rysiholle. Innovatiivisen koostumuksen ansiosta laastarit tekev\u00e4t v\u00e4rin l\u00e4pin\u00e4kyv\u00e4ksi, kun ravinteet imeytyv\u00e4t ihoon.<\/p>\n<p>Korkealaatuiset kollageenilaastarit ravitsevat ja kosteuttavat kuivaa ja sameaa silm\u00e4nymp\u00e4rysihoa kollageenin ja valkoisen tryffelin avulla.<\/p>\n<p>Sis\u00e4lt\u00e4\u00e4 70%-kollageenia, joka pit\u00e4\u00e4 silm\u00e4nymp\u00e4rysihon kosteutettuna ja joustavana.<\/p>\n<p>Kosteuttava hydrogeelinen rauhoittava laastari antaa pitk\u00e4kestoisen kohotuksen ja v\u00e4hent\u00e4\u00e4 samalla silmien turvotusta.<\/p>\n<p><strong>K\u00e4ytt\u00f6: <\/strong>ota laastarit lastalla, levit\u00e4 puhdistetulle silm\u00e4nymp\u00e4rysiholle ja anna vaikuttaa 30-40 minuuttia. Poista laastarit varovasti ja levit\u00e4 j\u00e4ljell\u00e4 oleva tuote sormenp\u00e4ill\u00e4si. Kaikille ihotyypeille.<\/p>\n<p>Vegaaninen tuote. Ei testattu el\u00e4imill\u00e4.<\/p>","protected":false},"excerpt":{"rendered":"<p>Hydrogeelilaastareilla on erinomainen elastisuus ja ne kiinnittyv\u00e4t tiiviisti ihoon, mik\u00e4 palauttaa ihon s\u00e4teilev\u00e4n ulkon\u00e4\u00f6n, poistaa v\u00e4symyksen merkit ja j\u00e4tt\u00e4\u00e4 ihon terveen s\u00e4vyiseksi. Patentoitu BIO-Presudanne ja italialainen valkoinen tryffeliuute tekev\u00e4t ihosta s\u00e4teilev\u00e4n ja kimmoisan, kun taas hyaluronihappo ja pantenoli sitovat kosteutta silm\u00e4nymp\u00e4rysiholle. Innovatiivisen koostumuksen ansiosta laastarit tekev\u00e4t v\u00e4rin l\u00e4pin\u00e4kyv\u00e4ksi, kun ravinteet imeytyv\u00e4t ihoon. Korkealaatuiset kollageenilaastarit ravitsevat ja kosteuttavat.....<\/p>","protected":false},"featured_media":4986,"comment_status":"open","ping_status":"closed","template":"","meta":{"_uf_show_specific_survey":0,"_uf_disable_surveys":false,"_bst_post_transparent":"default","_bst_post_title":"","_bst_post_layout":"default","_bst_post_sidebar_id":"","_bst_post_content_style":"default","_bst_post_vertical_padding":"default","_bst_post_feature":"","_bst_post_feature_position":"","_bst_post_header":false,"_bst_post_footer":false},"pwb-brand":[105],"product_brand":[],"product_cat":[92,99,385],"product_tag":[127,233,377,202,465,473,145],"class_list":{"0":"post-4985","1":"product","2":"type-product","3":"status-publish","4":"has-post-thumbnail","6":"pwb-brand-dalba","7":"product_cat-nagu","8":"product_cat-silmad-ja-huuled-2","9":"product_cat-silmapadjad","10":"product_tag-dalba","11":"product_tag-internet-pood-eesti","12":"product_tag-k-beauty-2","13":"product_tag-korea-kosmeetika","14":"product_tag-korea-lux","15":"product_tag-korea-premium","16":"product_tag-belyj-tryufel","18":"first","19":"outofstock","20":"sale","21":"shipping-taxable","22":"purchasable","23":"product-type-simple","24":"entry","25":"content-bg","26":"loop-entry"},"supplier_id":null,"supplier_sku":"","barcode":null,"atum_controlled":true,"out_stock_date":"2025-11-27 15:25:30","out_stock_threshold":null,"inheritable":false,"inbound_stock":0,"stock_on_hold":0,"sold_today":0,"sales_last_days":0,"out_stock_days":137,"lost_sales":3127,"has_location":false,"update_date":"2026-04-14T00:05:07","atum_locations":[],"atum_stock_status":"outofstock","restock_status":false,"low_stock_amount":"","sales_update_date":"2026-04-14T00:05:07","calc_backorders":null,"yoast_head":"<!-- This site is optimized with the Yoast SEO plugin v27.2 - https:\/\/yoast.com\/product\/yoast-seo-wordpress\/ -->\n<title>Silma\u00fcmbruse plaastrid d&#039;Alba The Real Eye Patch, 68 tk - IDA.KOREA<\/title>\n<meta name=\"description\" content=\"H\u00fcdrogeelplaastrid on suurep\u00e4rase elastsusega ja kleepuvad tihedalt nahale, taastavad s\u00e4rava v\u00e4limuse, k\u00f5rvaldavad v\u00e4simuse m\u00e4rgid ja annavad nahale terve tooni.\" \/>\n<meta name=\"robots\" content=\"index, follow, max-snippet:-1, max-image-preview:large, max-video-preview:-1\" \/>\n<link rel=\"canonical\" href=\"https:\/\/idakorea.ee\/fi\/product\/silmaumbruse-plaastrid-dalba-the-real-eye-patch-68-tk\/\" \/>\n<meta property=\"og:locale\" content=\"fi_FI\" \/>\n<meta property=\"og:type\" content=\"article\" \/>\n<meta property=\"og:title\" content=\"Silma\u00fcmbruse plaastrid d&#039;Alba The Real Eye Patch, 68 tk - IDA.KOREA\" \/>\n<meta property=\"og:description\" content=\"H\u00fcdrogeelplaastrid on suurep\u00e4rase elastsusega ja kleepuvad tihedalt nahale, taastavad s\u00e4rava v\u00e4limuse, k\u00f5rvaldavad v\u00e4simuse m\u00e4rgid ja annavad nahale terve tooni.\" \/>\n<meta property=\"og:url\" content=\"https:\/\/idakorea.ee\/fi\/product\/silmaumbruse-plaastrid-dalba-the-real-eye-patch-68-tk\/\" \/>\n<meta property=\"og:site_name\" content=\"IDA.KOREA\" \/>\n<meta property=\"article:modified_time\" content=\"2026-01-31T07:18:27+00:00\" \/>\n<meta property=\"og:image\" content=\"https:\/\/idakorea.ee\/wp-content\/uploads\/2024\/06\/3c5a.jpg\" \/>\n\t<meta property=\"og:image:width\" content=\"845\" \/>\n\t<meta property=\"og:image:height\" content=\"845\" \/>\n\t<meta property=\"og:image:type\" content=\"image\/jpeg\" \/>\n<meta name=\"twitter:card\" content=\"summary_large_image\" \/>\n<meta name=\"twitter:label1\" content=\"Arvioitu lukuaika\" \/>\n\t<meta name=\"twitter:data1\" content=\"1 minuutti\" \/>\n<script type=\"application\/ld+json\" class=\"yoast-schema-graph\">{\"@context\":\"https:\/\/schema.org\",\"@graph\":[{\"@type\":\"WebPage\",\"@id\":\"https:\/\/idakorea.ee\/product\/silmaumbruse-plaastrid-dalba-the-real-eye-patch-68-tk\/\",\"url\":\"https:\/\/idakorea.ee\/product\/silmaumbruse-plaastrid-dalba-the-real-eye-patch-68-tk\/\",\"name\":\"Silma\u00fcmbruse plaastrid d'Alba The Real Eye Patch, 68 tk - IDA.KOREA\",\"isPartOf\":{\"@id\":\"https:\/\/idakorea.ee\/#website\"},\"primaryImageOfPage\":{\"@id\":\"https:\/\/idakorea.ee\/product\/silmaumbruse-plaastrid-dalba-the-real-eye-patch-68-tk\/#primaryimage\"},\"image\":{\"@id\":\"https:\/\/idakorea.ee\/product\/silmaumbruse-plaastrid-dalba-the-real-eye-patch-68-tk\/#primaryimage\"},\"thumbnailUrl\":\"https:\/\/idakorea.ee\/wp-content\/uploads\/2024\/06\/3c5a.jpg\",\"datePublished\":\"2024-06-18T12:20:12+00:00\",\"dateModified\":\"2026-01-31T07:18:27+00:00\",\"description\":\"H\u00fcdrogeelplaastrid on suurep\u00e4rase elastsusega ja kleepuvad tihedalt nahale, taastavad s\u00e4rava v\u00e4limuse, k\u00f5rvaldavad v\u00e4simuse m\u00e4rgid ja annavad nahale terve tooni.\",\"breadcrumb\":{\"@id\":\"https:\/\/idakorea.ee\/product\/silmaumbruse-plaastrid-dalba-the-real-eye-patch-68-tk\/#breadcrumb\"},\"inLanguage\":\"fi\",\"potentialAction\":[{\"@type\":\"ReadAction\",\"target\":[\"https:\/\/idakorea.ee\/product\/silmaumbruse-plaastrid-dalba-the-real-eye-patch-68-tk\/\"]}]},{\"@type\":\"ImageObject\",\"inLanguage\":\"fi\",\"@id\":\"https:\/\/idakorea.ee\/product\/silmaumbruse-plaastrid-dalba-the-real-eye-patch-68-tk\/#primaryimage\",\"url\":\"https:\/\/idakorea.ee\/wp-content\/uploads\/2024\/06\/3c5a.jpg\",\"contentUrl\":\"https:\/\/idakorea.ee\/wp-content\/uploads\/2024\/06\/3c5a.jpg\",\"width\":845,\"height\":845,\"caption\":\"dalba patch eye\"},{\"@type\":\"BreadcrumbList\",\"@id\":\"https:\/\/idakorea.ee\/product\/silmaumbruse-plaastrid-dalba-the-real-eye-patch-68-tk\/#breadcrumb\",\"itemListElement\":[{\"@type\":\"ListItem\",\"position\":1,\"name\":\"\u0413\u043b\u0430\u0432\u043d\u0430\u044f \u0441\u0442\u0440\u0430\u043d\u0438\u0446\u0430\",\"item\":\"https:\/\/idakorea.ee\/\"},{\"@type\":\"ListItem\",\"position\":2,\"name\":\"Shop\",\"item\":\"https:\/\/idakorea.ee\/shop-2\/\"},{\"@type\":\"ListItem\",\"position\":3,\"name\":\"Silma\u00fcmbruse plaastrid d&#8217;Alba The Real Eye Patch, 68 tk\"}]},{\"@type\":\"WebSite\",\"@id\":\"https:\/\/idakorea.ee\/#website\",\"url\":\"https:\/\/idakorea.ee\/\",\"name\":\"IDA.KOREA\",\"description\":\"Korea kosmeetika e-pood\",\"publisher\":{\"@id\":\"https:\/\/idakorea.ee\/#organization\"},\"alternateName\":\"Beauty Shop\",\"potentialAction\":[{\"@type\":\"SearchAction\",\"target\":{\"@type\":\"EntryPoint\",\"urlTemplate\":\"https:\/\/idakorea.ee\/?s={search_term_string}\"},\"query-input\":{\"@type\":\"PropertyValueSpecification\",\"valueRequired\":true,\"valueName\":\"search_term_string\"}}],\"inLanguage\":\"fi\"},{\"@type\":\"Organization\",\"@id\":\"https:\/\/idakorea.ee\/#organization\",\"name\":\"IDA.KOREA\",\"url\":\"https:\/\/idakorea.ee\/\",\"logo\":{\"@type\":\"ImageObject\",\"inLanguage\":\"fi\",\"@id\":\"https:\/\/idakorea.ee\/#\/schema\/logo\/image\/\",\"url\":\"https:\/\/idakorea.ee\/wp-content\/uploads\/2024\/05\/cropped-korea3.png\",\"contentUrl\":\"https:\/\/idakorea.ee\/wp-content\/uploads\/2024\/05\/cropped-korea3.png\",\"width\":688,\"height\":126,\"caption\":\"IDA.KOREA\"},\"image\":{\"@id\":\"https:\/\/idakorea.ee\/#\/schema\/logo\/image\/\"},\"sameAs\":[\"https:\/\/www.instagram.com\/ida.korea\/\"]}]}<\/script>\n<!-- \/ Yoast SEO plugin. -->","yoast_head_json":{"title":"Silm\u00e4laastarit d'Alba The Real silm\u00e4laastari, 68 kpl - IDA.KOREA","description":"Hydrogeelilaastareilla on erinomainen elastisuus ja ne kiinnittyv\u00e4t tiukasti ihoon, mik\u00e4 palauttaa ihon s\u00e4teilev\u00e4n ulkon\u00e4\u00f6n, poistaa v\u00e4symyksen merkit ja j\u00e4tt\u00e4\u00e4 ihon terveen s\u00e4vyiseksi.","robots":{"index":"index","follow":"follow","max-snippet":"max-snippet:-1","max-image-preview":"max-image-preview:large","max-video-preview":"max-video-preview:-1"},"canonical":"https:\/\/idakorea.ee\/fi\/product\/silmaumbruse-plaastrid-dalba-the-real-eye-patch-68-tk\/","og_locale":"fi_FI","og_type":"article","og_title":"Silma\u00fcmbruse plaastrid d'Alba The Real Eye Patch, 68 tk - IDA.KOREA","og_description":"H\u00fcdrogeelplaastrid on suurep\u00e4rase elastsusega ja kleepuvad tihedalt nahale, taastavad s\u00e4rava v\u00e4limuse, k\u00f5rvaldavad v\u00e4simuse m\u00e4rgid ja annavad nahale terve tooni.","og_url":"https:\/\/idakorea.ee\/fi\/product\/silmaumbruse-plaastrid-dalba-the-real-eye-patch-68-tk\/","og_site_name":"IDA.KOREA","article_modified_time":"2026-01-31T07:18:27+00:00","og_image":[{"width":845,"height":845,"url":"https:\/\/idakorea.ee\/wp-content\/uploads\/2024\/06\/3c5a.jpg","type":"image\/jpeg"}],"twitter_card":"summary_large_image","twitter_misc":{"Arvioitu lukuaika":"1 minuutti"},"schema":{"@context":"https:\/\/schema.org","@graph":[{"@type":"WebPage","@id":"https:\/\/idakorea.ee\/product\/silmaumbruse-plaastrid-dalba-the-real-eye-patch-68-tk\/","url":"https:\/\/idakorea.ee\/product\/silmaumbruse-plaastrid-dalba-the-real-eye-patch-68-tk\/","name":"Silm\u00e4laastarit d'Alba The Real silm\u00e4laastari, 68 kpl - IDA.KOREA","isPartOf":{"@id":"https:\/\/idakorea.ee\/#website"},"primaryImageOfPage":{"@id":"https:\/\/idakorea.ee\/product\/silmaumbruse-plaastrid-dalba-the-real-eye-patch-68-tk\/#primaryimage"},"image":{"@id":"https:\/\/idakorea.ee\/product\/silmaumbruse-plaastrid-dalba-the-real-eye-patch-68-tk\/#primaryimage"},"thumbnailUrl":"https:\/\/idakorea.ee\/wp-content\/uploads\/2024\/06\/3c5a.jpg","datePublished":"2024-06-18T12:20:12+00:00","dateModified":"2026-01-31T07:18:27+00:00","description":"Hydrogeelilaastareilla on erinomainen elastisuus ja ne kiinnittyv\u00e4t tiukasti ihoon, mik\u00e4 palauttaa ihon s\u00e4teilev\u00e4n ulkon\u00e4\u00f6n, poistaa v\u00e4symyksen merkit ja j\u00e4tt\u00e4\u00e4 ihon terveen s\u00e4vyiseksi.","breadcrumb":{"@id":"https:\/\/idakorea.ee\/product\/silmaumbruse-plaastrid-dalba-the-real-eye-patch-68-tk\/#breadcrumb"},"inLanguage":"fi","potentialAction":[{"@type":"ReadAction","target":["https:\/\/idakorea.ee\/product\/silmaumbruse-plaastrid-dalba-the-real-eye-patch-68-tk\/"]}]},{"@type":"ImageObject","inLanguage":"fi","@id":"https:\/\/idakorea.ee\/product\/silmaumbruse-plaastrid-dalba-the-real-eye-patch-68-tk\/#primaryimage","url":"https:\/\/idakorea.ee\/wp-content\/uploads\/2024\/06\/3c5a.jpg","contentUrl":"https:\/\/idakorea.ee\/wp-content\/uploads\/2024\/06\/3c5a.jpg","width":845,"height":845,"caption":"dalba patch eye"},{"@type":"BreadcrumbList","@id":"https:\/\/idakorea.ee\/product\/silmaumbruse-plaastrid-dalba-the-real-eye-patch-68-tk\/#breadcrumb","itemListElement":[{"@type":"ListItem","position":1,"name":"\u0413\u043b\u0430\u0432\u043d\u0430\u044f \u0441\u0442\u0440\u0430\u043d\u0438\u0446\u0430","item":"https:\/\/idakorea.ee\/"},{"@type":"ListItem","position":2,"name":"Shop","item":"https:\/\/idakorea.ee\/shop-2\/"},{"@type":"ListItem","position":3,"name":"Silma\u00fcmbruse plaastrid d&#8217;Alba The Real Eye Patch, 68 tk"}]},{"@type":"WebSite","@id":"https:\/\/idakorea.ee\/#website","url":"https:\/\/idakorea.ee\/","name":"IDA.KOREA","description":"Korean kosmetiikan verkkokauppa","publisher":{"@id":"https:\/\/idakorea.ee\/#organization"},"alternateName":"Beauty Shop","potentialAction":[{"@type":"SearchAction","target":{"@type":"EntryPoint","urlTemplate":"https:\/\/idakorea.ee\/?s={search_term_string}"},"query-input":{"@type":"PropertyValueSpecification","valueRequired":true,"valueName":"search_term_string"}}],"inLanguage":"fi"},{"@type":"Organization","@id":"https:\/\/idakorea.ee\/#organization","name":"IDA.KOREA","url":"https:\/\/idakorea.ee\/","logo":{"@type":"ImageObject","inLanguage":"fi","@id":"https:\/\/idakorea.ee\/#\/schema\/logo\/image\/","url":"https:\/\/idakorea.ee\/wp-content\/uploads\/2024\/05\/cropped-korea3.png","contentUrl":"https:\/\/idakorea.ee\/wp-content\/uploads\/2024\/05\/cropped-korea3.png","width":688,"height":126,"caption":"IDA.KOREA"},"image":{"@id":"https:\/\/idakorea.ee\/#\/schema\/logo\/image\/"},"sameAs":["https:\/\/www.instagram.com\/ida.korea\/"]}]}},"jetpack_sharing_enabled":true,"brands":[{"id":105,"name":"d'ALBA","slug":"dalba"}],"_links":{"self":[{"href":"https:\/\/idakorea.ee\/fi\/wp-json\/wp\/v2\/product\/4985","targetHints":{"allow":["GET"]}}],"collection":[{"href":"https:\/\/idakorea.ee\/fi\/wp-json\/wp\/v2\/product"}],"about":[{"href":"https:\/\/idakorea.ee\/fi\/wp-json\/wp\/v2\/types\/product"}],"replies":[{"embeddable":true,"href":"https:\/\/idakorea.ee\/fi\/wp-json\/wp\/v2\/comments?post=4985"}],"version-history":[{"count":2,"href":"https:\/\/idakorea.ee\/fi\/wp-json\/wp\/v2\/product\/4985\/revisions"}],"predecessor-version":[{"id":10281,"href":"https:\/\/idakorea.ee\/fi\/wp-json\/wp\/v2\/product\/4985\/revisions\/10281"}],"wp:featuredmedia":[{"embeddable":true,"href":"https:\/\/idakorea.ee\/fi\/wp-json\/wp\/v2\/media\/4986"}],"wp:attachment":[{"href":"https:\/\/idakorea.ee\/fi\/wp-json\/wp\/v2\/media?parent=4985"}],"wp:term":[{"taxonomy":"pwb-brand","embeddable":true,"href":"https:\/\/idakorea.ee\/fi\/wp-json\/wp\/v2\/pwb-brand?post=4985"},{"taxonomy":"product_brand","embeddable":true,"href":"https:\/\/idakorea.ee\/fi\/wp-json\/wp\/v2\/product_brand?post=4985"},{"taxonomy":"product_cat","embeddable":true,"href":"https:\/\/idakorea.ee\/fi\/wp-json\/wp\/v2\/product_cat?post=4985"},{"taxonomy":"product_tag","embeddable":true,"href":"https:\/\/idakorea.ee\/fi\/wp-json\/wp\/v2\/product_tag?post=4985"}],"curies":[{"name":"wp","href":"https:\/\/api.w.org\/{rel}","templated":true}]}}