{"id":4996,"date":"2024-06-19T12:07:44","date_gmt":"2024-06-19T12:07:44","guid":{"rendered":"https:\/\/idakorea.ee\/?post_type=product&#038;p=4996"},"modified":"2026-03-27T09:13:16","modified_gmt":"2026-03-27T07:13:16","slug":"tostmisefektiga-jahutav-kilemask-medi-peel-mooltox-hyaluron-layer-wrapping-mask-70ml","status":"publish","type":"product","link":"https:\/\/idakorea.ee\/fi\/product\/tostmisefektiga-jahutav-kilemask-medi-peel-mooltox-hyaluron-layer-wrapping-mask-70ml\/","title":{"rendered":"Viilent\u00e4v\u00e4 kalvonaamio, jolla on nostava vaikutus Medi-Peel Mooltox Hyaluron Layer Wrapping Mask, 70ml"},"content":{"rendered":"<p><strong>Medi-Peel Mooltox Hyaluron Layer -k\u00e4\u00e4renaamio\u00a0<\/strong>Kosteuttaa, pehment\u00e4\u00e4 ja silottaa ihoa, kiinteytt\u00e4\u00e4 v\u00e4litt\u00f6m\u00e4sti ja antaa terveen hehkun.<\/p>\n<p>V\u00e4hent\u00e4\u00e4 ryppyj\u00e4 ja parantaa ihon kuntoa silmien ymp\u00e4rill\u00e4, nen\u00e4n ja huulien poimuissa ja otsalla. Pehment\u00e4\u00e4 karheita alueita ja valmistelee ne t\u00e4ydellisesti meikille. Auttaa supistamaan ihohuokosia ja kiinteytt\u00e4\u00e4 ihoa.<\/p>\n<p>Alentaa ihon l\u00e4mp\u00f6tilaa\u00a0<strong>~7,07 \u00b0C\u00a0<\/strong>lievitt\u00e4m\u00e4ll\u00e4 ep\u00e4mukavuutta ja \u00e4rsytyst\u00e4. Tarjoaa pitk\u00e4kestoista kosteutusta jopa\u00a0<strong>144 tunnin ajan.\u00a0<\/strong><\/p>\n<p>Koostumus perustuu kivenn\u00e4isveteen, joka virkist\u00e4\u00e4, palauttaa kosteuden, parantaa mikroverenkiertoa, tasoittaa s\u00e4vy\u00e4 ja pehment\u00e4\u00e4 ihohuokosia.<\/p>\n<p><strong>T\u00e4rkeimm\u00e4t vaikuttavat aineet:<\/strong><\/p>\n<ul>\n<li><strong>Volufilin<\/strong>\u00a0(Anemarrhena Asphodeloides -juuriuute) \u2013 Anemarrhenasta uutettu aine, joka lis\u00e4\u00e4 ihon tiheytt\u00e4 ja volyymia samalla tavalla kuin lipofilling.<\/li>\n<li><strong>Kollaasit\u00a0<\/strong>Kosteuttaa tehokkaasti, auttaa soluja s\u00e4ilytt\u00e4m\u00e4\u00e4n kosteuden, parantaa ihon rakennetta, stimuloi uudistumisprosesseja ja auttaa silottamaan ryppyj\u00e4.<\/li>\n<li><strong>Jojoba\u00f6ljy\u00a0<\/strong>on t\u00e4ynn\u00e4 A- ja E-vitamiineja, torjuu kuivuutta ja hilseily\u00e4, ravitsee ja tekee ihosta tihe\u00e4mm\u00e4n ja joustavamman.<\/li>\n<li><strong>3 erilaista hyaluronihappoa<\/strong>\u00a0Kosteuttaa, pehment\u00e4\u00e4, vahvistaa hydrolipidisuojaa ja est\u00e4\u00e4 kosteuden haihtumista.<\/li>\n<li><strong>Pantenol\u00a0<\/strong>(B5-vitamiini) lievitt\u00e4\u00e4 punoitusta ja kutinaa, vahvistaa hydrolipidisuojaa, est\u00e4\u00e4 kosteuden haihtumista ja edist\u00e4\u00e4 palautumista.<\/li>\n<li><strong>Auringonkukka\u00f6ljy<\/strong>\u00a0ravitsee, vahvistaa suojakerrosta, ei tuki ihohuokosia.<\/li>\n<li><strong>Centella asiatica<\/strong>\u00a0Uute vahvistaa verisuonia, hillitsee tulehdusta, auttaa torjumaan ekseemaa ja couperosaa, ehk\u00e4isee h\u00e4m\u00e4h\u00e4kkisuonten muodostumista ja v\u00e4hent\u00e4\u00e4 herkkyytt\u00e4.<\/li>\n<li><strong>Pulloon\u00a0<\/strong>on polysakkaridipolymeeri, jolla on voimakkaita antioksidanttisia ominaisuuksia. Se luo iholle n\u00e4kym\u00e4tt\u00f6m\u00e4n kerroksen, joka s\u00e4ilytt\u00e4\u00e4 kosteutta, kiinteytt\u00e4\u00e4 ja silottaa. Se hidastaa ik\u00e4\u00e4ntymisprosessia ja vahvistaa kudoksia palauttaen ihon sileyden ja hehkun.<\/li>\n<li><strong>Riisilese\u00f6ljy\u00a0<\/strong>Kyll\u00e4st\u00e4\u00e4 ihoa v\u00e4ltt\u00e4m\u00e4tt\u00f6mill\u00e4 ravintoaineilla, palauttaa hydrolipiditasapainon, nuorentaa, pehment\u00e4\u00e4, kosteuttaa ja kyll\u00e4st\u00e4\u00e4 antioksidanteilla.<\/li>\n<li><strong>Ektoiin<\/strong>\u00a0\u2013 orgaaninen aminohappo, suojaa tehokkaasti ulkoisilta tekij\u00f6ilt\u00e4 ja UV-s\u00e4teilylt\u00e4, desinfioi. S\u00e4\u00e4telee melaniinin tuotantoa ja auttaa vaalentamaan pigmenttimuutoksia.<\/li>\n<li><strong>Mentyylilaktaatti<\/strong>\u00a0on mentolin johdannainen. Sill\u00e4 on liev\u00e4 viilent\u00e4v\u00e4 vaikutus ilman \u00e4rsytyst\u00e4.<\/li>\n<li><strong>Keramidit<\/strong>\u00a0ovat samanlaisia kuin epidermaaliset lipidit: ne vahvistavat suojaavaa hydrolipidikerrosta, poistavat hilseily\u00e4 ja kuivuutta, est\u00e4v\u00e4t kosteuden haihtumista ja v\u00e4hent\u00e4v\u00e4t herkkyytt\u00e4 ulkoisille \u00e4rsykkeille.<\/li>\n<li><strong>Arginia<\/strong>\u00a0Parantaa mikroverenkiertoa ja yll\u00e4pit\u00e4\u00e4 optimaalista kosteustasapainoa. Se on osa luonnollista kosteustekij\u00e4\u00e4 (NMF) ja ehk\u00e4isee kuivumista.<\/li>\n<li><strong>Ksylitoli glykosidi<\/strong>\u00a0on luonnollinen kosteuttaja, joka pehment\u00e4\u00e4 ja tasoittaa mikroelastisuutta, pid\u00e4tt\u00e4\u00e4 vesimolekyylej\u00e4 soluissa ja est\u00e4\u00e4 haihtumista.<\/li>\n<li><strong>Adenos<\/strong>\u00a0stimuloi kollageenin tuotantoa, v\u00e4hent\u00e4\u00e4 ryppyjen syvyytt\u00e4 ja ehk\u00e4isee niiden muodostumista, yll\u00e4pit\u00e4\u00e4 ihon kimmoisuutta ja nuorekkuutta.<\/li>\n<\/ul>\n<p><strong>K\u00e4ytt\u00f6:\u00a0<\/strong>Pesun, kasvoveden, seerumin ja voiteen levitt\u00e4misen j\u00e4lkeen levit\u00e4 naamio kuiville kasvoille v\u00e4ltt\u00e4en silmien ja suun ymp\u00e4rist\u00f6\u00e4. Kun naamio on t\u00e4ysin kuiva 20\u201330 minuutin kuluttua, nosta kerros reunasta ja poista se varovasti. Levit\u00e4 halutessasi kosteusvoidetta. Suositellaan k\u00e4ytett\u00e4v\u00e4ksi 2\u20133 kertaa viikossa.<\/p>","protected":false},"excerpt":{"rendered":"<p>Medi-Peel Mooltox Hyaluron Layer Wrapping Mask kosteuttaa, pehment\u00e4\u00e4 ja silottaa ihoa, kirist\u00e4\u00e4 v\u00e4litt\u00f6m\u00e4sti ja antaa terveen hehkun. V\u00e4hent\u00e4\u00e4 ryppyj\u00e4 ja parantaa ihon kuntoa silmien ymp\u00e4rill\u00e4, nasolabiaalipoimuissa ja otsalla. Pehment\u00e4\u00e4 karheita alueita ja valmistelee t\u00e4ydellisesti meikin levitt\u00e4mist\u00e4 varten. Auttaa kirist\u00e4v\u00e4n vaikutuksen avulla kirist\u00e4m\u00e4\u00e4n ihohuokosia. Alentaa ihon l\u00e4mp\u00f6tilaa ~7,07\u00b0C, lievitt\u00e4\u00e4 ep\u00e4mukavuutta ja \u00e4rsytyst\u00e4. Tarjoaa pitk\u00e4kestoista kosteutusta jopa 144 tunnin ajan.  Koostumus...<\/p>","protected":false},"featured_media":4997,"comment_status":"open","ping_status":"closed","template":"","meta":{"_uf_show_specific_survey":0,"_uf_disable_surveys":false,"_bst_post_transparent":"default","_bst_post_title":"","_bst_post_layout":"default","_bst_post_sidebar_id":"","_bst_post_content_style":"default","_bst_post_vertical_padding":"default","_bst_post_feature":"","_bst_post_feature_position":"","_bst_post_header":false,"_bst_post_footer":false},"pwb-brand":[107],"product_brand":[],"product_cat":[92,98],"product_tag":[233,377,202,216,249,381],"class_list":{"0":"post-4996","1":"product","2":"type-product","3":"status-publish","4":"has-post-thumbnail","6":"pwb-brand-medipeel","7":"product_cat-nagu","8":"product_cat-naomaskid","9":"product_tag-internet-pood-eesti","10":"product_tag-k-beauty-2","11":"product_tag-korea-kosmeetika","12":"product_tag-kuiv-nahk","13":"product_tag-medi-peel","14":"product_tag-medipeel","16":"first","17":"outofstock","18":"sale","19":"shipping-taxable","20":"purchasable","21":"product-type-simple","22":"entry","23":"content-bg","24":"loop-entry"},"supplier_id":null,"supplier_sku":"","barcode":null,"atum_controlled":true,"out_stock_date":"2026-03-27 09:13:16","out_stock_threshold":null,"inheritable":false,"inbound_stock":0,"stock_on_hold":0,"sold_today":0,"sales_last_days":1,"out_stock_days":17,"lost_sales":75,"has_location":false,"update_date":"2026-04-14T00:05:11","atum_locations":[],"atum_stock_status":"outofstock","restock_status":false,"low_stock_amount":"","sales_update_date":"2026-04-14T00:05:11","calc_backorders":null,"yoast_head":"<!-- This site is optimized with the Yoast SEO plugin v27.2 - https:\/\/yoast.com\/product\/yoast-seo-wordpress\/ -->\n<title>T\u00f5stmisefektiga jahutav kilemask Medi-Peel Mooltox Hyaluron Layer Wrapping Mask, 70ml - IDA.KOREA<\/title>\n<meta name=\"robots\" content=\"index, follow, max-snippet:-1, max-image-preview:large, max-video-preview:-1\" \/>\n<link rel=\"canonical\" href=\"https:\/\/idakorea.ee\/fi\/product\/tostmisefektiga-jahutav-kilemask-medi-peel-mooltox-hyaluron-layer-wrapping-mask-70ml\/\" \/>\n<meta property=\"og:locale\" content=\"fi_FI\" \/>\n<meta property=\"og:type\" content=\"article\" \/>\n<meta property=\"og:title\" content=\"T\u00f5stmisefektiga jahutav kilemask Medi-Peel Mooltox Hyaluron Layer Wrapping Mask, 70ml - IDA.KOREA\" \/>\n<meta property=\"og:description\" content=\"Medi-Peel Mooltox Hyaluron Layer Wrapping Mask\u00a0niisutab, pehmendab ja silub nahka, pinguldab koheselt ja annab tervisliku s\u00e4ra. V\u00e4hendab kortse ja parandab naha seisundit silmade \u00fcmbruses, nasolabiaalvoltides ja otsmikul. Pehmendab karedad piirkonnad ja valmistab ideaalselt ette meigi tegemiseks. Aitab kaasa pooride ahenemisele pinguldava toimega. V\u00e4hendab naha temperatuuri\u00a0~7,07\u00b0C\u00a0v\u00f5rra, leevendades ebamugavustunnet ja \u00e4rritust. Tagab kauakestva niisutuse kuni\u00a0144 tunniks.\u00a0 Koostis...\" \/>\n<meta property=\"og:url\" content=\"https:\/\/idakorea.ee\/fi\/product\/tostmisefektiga-jahutav-kilemask-medi-peel-mooltox-hyaluron-layer-wrapping-mask-70ml\/\" \/>\n<meta property=\"og:site_name\" content=\"IDA.KOREA\" \/>\n<meta property=\"article:modified_time\" content=\"2026-03-27T07:13:16+00:00\" \/>\n<meta property=\"og:image\" content=\"https:\/\/idakorea.ee\/wp-content\/uploads\/2024\/06\/Medi_Peel-Mooltox-Hyaluron-Layer-Wrapping-Mask.jpg\" \/>\n\t<meta property=\"og:image:width\" content=\"1000\" \/>\n\t<meta property=\"og:image:height\" content=\"1000\" \/>\n\t<meta property=\"og:image:type\" content=\"image\/jpeg\" \/>\n<meta name=\"twitter:card\" content=\"summary_large_image\" \/>\n<meta name=\"twitter:label1\" content=\"Arvioitu lukuaika\" \/>\n\t<meta name=\"twitter:data1\" content=\"3 minuuttia\" \/>\n<script type=\"application\/ld+json\" class=\"yoast-schema-graph\">{\"@context\":\"https:\/\/schema.org\",\"@graph\":[{\"@type\":\"WebPage\",\"@id\":\"https:\/\/idakorea.ee\/product\/tostmisefektiga-jahutav-kilemask-medi-peel-mooltox-hyaluron-layer-wrapping-mask-70ml\/\",\"url\":\"https:\/\/idakorea.ee\/product\/tostmisefektiga-jahutav-kilemask-medi-peel-mooltox-hyaluron-layer-wrapping-mask-70ml\/\",\"name\":\"T\u00f5stmisefektiga jahutav kilemask Medi-Peel Mooltox Hyaluron Layer Wrapping Mask, 70ml - IDA.KOREA\",\"isPartOf\":{\"@id\":\"https:\/\/idakorea.ee\/#website\"},\"primaryImageOfPage\":{\"@id\":\"https:\/\/idakorea.ee\/product\/tostmisefektiga-jahutav-kilemask-medi-peel-mooltox-hyaluron-layer-wrapping-mask-70ml\/#primaryimage\"},\"image\":{\"@id\":\"https:\/\/idakorea.ee\/product\/tostmisefektiga-jahutav-kilemask-medi-peel-mooltox-hyaluron-layer-wrapping-mask-70ml\/#primaryimage\"},\"thumbnailUrl\":\"https:\/\/idakorea.ee\/wp-content\/uploads\/2024\/06\/Medi_Peel-Mooltox-Hyaluron-Layer-Wrapping-Mask.jpg\",\"datePublished\":\"2024-06-19T12:07:44+00:00\",\"dateModified\":\"2026-03-27T07:13:16+00:00\",\"breadcrumb\":{\"@id\":\"https:\/\/idakorea.ee\/product\/tostmisefektiga-jahutav-kilemask-medi-peel-mooltox-hyaluron-layer-wrapping-mask-70ml\/#breadcrumb\"},\"inLanguage\":\"fi\",\"potentialAction\":[{\"@type\":\"ReadAction\",\"target\":[\"https:\/\/idakorea.ee\/product\/tostmisefektiga-jahutav-kilemask-medi-peel-mooltox-hyaluron-layer-wrapping-mask-70ml\/\"]}]},{\"@type\":\"ImageObject\",\"inLanguage\":\"fi\",\"@id\":\"https:\/\/idakorea.ee\/product\/tostmisefektiga-jahutav-kilemask-medi-peel-mooltox-hyaluron-layer-wrapping-mask-70ml\/#primaryimage\",\"url\":\"https:\/\/idakorea.ee\/wp-content\/uploads\/2024\/06\/Medi_Peel-Mooltox-Hyaluron-Layer-Wrapping-Mask.jpg\",\"contentUrl\":\"https:\/\/idakorea.ee\/wp-content\/uploads\/2024\/06\/Medi_Peel-Mooltox-Hyaluron-Layer-Wrapping-Mask.jpg\",\"width\":1000,\"height\":1000},{\"@type\":\"BreadcrumbList\",\"@id\":\"https:\/\/idakorea.ee\/product\/tostmisefektiga-jahutav-kilemask-medi-peel-mooltox-hyaluron-layer-wrapping-mask-70ml\/#breadcrumb\",\"itemListElement\":[{\"@type\":\"ListItem\",\"position\":1,\"name\":\"\u0413\u043b\u0430\u0432\u043d\u0430\u044f \u0441\u0442\u0440\u0430\u043d\u0438\u0446\u0430\",\"item\":\"https:\/\/idakorea.ee\/\"},{\"@type\":\"ListItem\",\"position\":2,\"name\":\"Shop\",\"item\":\"https:\/\/idakorea.ee\/shop-2\/\"},{\"@type\":\"ListItem\",\"position\":3,\"name\":\"T\u00f5stmisefektiga jahutav kilemask Medi-Peel Mooltox Hyaluron Layer Wrapping Mask, 70ml\"}]},{\"@type\":\"WebSite\",\"@id\":\"https:\/\/idakorea.ee\/#website\",\"url\":\"https:\/\/idakorea.ee\/\",\"name\":\"IDA.KOREA\",\"description\":\"Korea kosmeetika e-pood\",\"publisher\":{\"@id\":\"https:\/\/idakorea.ee\/#organization\"},\"alternateName\":\"Beauty Shop\",\"potentialAction\":[{\"@type\":\"SearchAction\",\"target\":{\"@type\":\"EntryPoint\",\"urlTemplate\":\"https:\/\/idakorea.ee\/?s={search_term_string}\"},\"query-input\":{\"@type\":\"PropertyValueSpecification\",\"valueRequired\":true,\"valueName\":\"search_term_string\"}}],\"inLanguage\":\"fi\"},{\"@type\":\"Organization\",\"@id\":\"https:\/\/idakorea.ee\/#organization\",\"name\":\"IDA.KOREA\",\"url\":\"https:\/\/idakorea.ee\/\",\"logo\":{\"@type\":\"ImageObject\",\"inLanguage\":\"fi\",\"@id\":\"https:\/\/idakorea.ee\/#\/schema\/logo\/image\/\",\"url\":\"https:\/\/idakorea.ee\/wp-content\/uploads\/2024\/05\/cropped-korea3.png\",\"contentUrl\":\"https:\/\/idakorea.ee\/wp-content\/uploads\/2024\/05\/cropped-korea3.png\",\"width\":688,\"height\":126,\"caption\":\"IDA.KOREA\"},\"image\":{\"@id\":\"https:\/\/idakorea.ee\/#\/schema\/logo\/image\/\"},\"sameAs\":[\"https:\/\/www.instagram.com\/ida.korea\/\"]}]}<\/script>\n<!-- \/ Yoast SEO plugin. -->","yoast_head_json":{"title":"Medi-Peel Mooltox Hyaluron Layer -k\u00e4\u00e4renaamio, 70ml - It\u00e4-Korea","robots":{"index":"index","follow":"follow","max-snippet":"max-snippet:-1","max-image-preview":"max-image-preview:large","max-video-preview":"max-video-preview:-1"},"canonical":"https:\/\/idakorea.ee\/fi\/product\/tostmisefektiga-jahutav-kilemask-medi-peel-mooltox-hyaluron-layer-wrapping-mask-70ml\/","og_locale":"fi_FI","og_type":"article","og_title":"T\u00f5stmisefektiga jahutav kilemask Medi-Peel Mooltox Hyaluron Layer Wrapping Mask, 70ml - IDA.KOREA","og_description":"Medi-Peel Mooltox Hyaluron Layer Wrapping Mask\u00a0niisutab, pehmendab ja silub nahka, pinguldab koheselt ja annab tervisliku s\u00e4ra. V\u00e4hendab kortse ja parandab naha seisundit silmade \u00fcmbruses, nasolabiaalvoltides ja otsmikul. Pehmendab karedad piirkonnad ja valmistab ideaalselt ette meigi tegemiseks. Aitab kaasa pooride ahenemisele pinguldava toimega. V\u00e4hendab naha temperatuuri\u00a0~7,07\u00b0C\u00a0v\u00f5rra, leevendades ebamugavustunnet ja \u00e4rritust. Tagab kauakestva niisutuse kuni\u00a0144 tunniks.\u00a0 Koostis...","og_url":"https:\/\/idakorea.ee\/fi\/product\/tostmisefektiga-jahutav-kilemask-medi-peel-mooltox-hyaluron-layer-wrapping-mask-70ml\/","og_site_name":"IDA.KOREA","article_modified_time":"2026-03-27T07:13:16+00:00","og_image":[{"width":1000,"height":1000,"url":"https:\/\/idakorea.ee\/wp-content\/uploads\/2024\/06\/Medi_Peel-Mooltox-Hyaluron-Layer-Wrapping-Mask.jpg","type":"image\/jpeg"}],"twitter_card":"summary_large_image","twitter_misc":{"Arvioitu lukuaika":"3 minuuttia"},"schema":{"@context":"https:\/\/schema.org","@graph":[{"@type":"WebPage","@id":"https:\/\/idakorea.ee\/product\/tostmisefektiga-jahutav-kilemask-medi-peel-mooltox-hyaluron-layer-wrapping-mask-70ml\/","url":"https:\/\/idakorea.ee\/product\/tostmisefektiga-jahutav-kilemask-medi-peel-mooltox-hyaluron-layer-wrapping-mask-70ml\/","name":"Medi-Peel Mooltox Hyaluron Layer -k\u00e4\u00e4renaamio, 70ml - It\u00e4-Korea","isPartOf":{"@id":"https:\/\/idakorea.ee\/#website"},"primaryImageOfPage":{"@id":"https:\/\/idakorea.ee\/product\/tostmisefektiga-jahutav-kilemask-medi-peel-mooltox-hyaluron-layer-wrapping-mask-70ml\/#primaryimage"},"image":{"@id":"https:\/\/idakorea.ee\/product\/tostmisefektiga-jahutav-kilemask-medi-peel-mooltox-hyaluron-layer-wrapping-mask-70ml\/#primaryimage"},"thumbnailUrl":"https:\/\/idakorea.ee\/wp-content\/uploads\/2024\/06\/Medi_Peel-Mooltox-Hyaluron-Layer-Wrapping-Mask.jpg","datePublished":"2024-06-19T12:07:44+00:00","dateModified":"2026-03-27T07:13:16+00:00","breadcrumb":{"@id":"https:\/\/idakorea.ee\/product\/tostmisefektiga-jahutav-kilemask-medi-peel-mooltox-hyaluron-layer-wrapping-mask-70ml\/#breadcrumb"},"inLanguage":"fi","potentialAction":[{"@type":"ReadAction","target":["https:\/\/idakorea.ee\/product\/tostmisefektiga-jahutav-kilemask-medi-peel-mooltox-hyaluron-layer-wrapping-mask-70ml\/"]}]},{"@type":"ImageObject","inLanguage":"fi","@id":"https:\/\/idakorea.ee\/product\/tostmisefektiga-jahutav-kilemask-medi-peel-mooltox-hyaluron-layer-wrapping-mask-70ml\/#primaryimage","url":"https:\/\/idakorea.ee\/wp-content\/uploads\/2024\/06\/Medi_Peel-Mooltox-Hyaluron-Layer-Wrapping-Mask.jpg","contentUrl":"https:\/\/idakorea.ee\/wp-content\/uploads\/2024\/06\/Medi_Peel-Mooltox-Hyaluron-Layer-Wrapping-Mask.jpg","width":1000,"height":1000},{"@type":"BreadcrumbList","@id":"https:\/\/idakorea.ee\/product\/tostmisefektiga-jahutav-kilemask-medi-peel-mooltox-hyaluron-layer-wrapping-mask-70ml\/#breadcrumb","itemListElement":[{"@type":"ListItem","position":1,"name":"\u0413\u043b\u0430\u0432\u043d\u0430\u044f \u0441\u0442\u0440\u0430\u043d\u0438\u0446\u0430","item":"https:\/\/idakorea.ee\/"},{"@type":"ListItem","position":2,"name":"Shop","item":"https:\/\/idakorea.ee\/shop-2\/"},{"@type":"ListItem","position":3,"name":"T\u00f5stmisefektiga jahutav kilemask Medi-Peel Mooltox Hyaluron Layer Wrapping Mask, 70ml"}]},{"@type":"WebSite","@id":"https:\/\/idakorea.ee\/#website","url":"https:\/\/idakorea.ee\/","name":"IDA.KOREA","description":"Korean kosmetiikan verkkokauppa","publisher":{"@id":"https:\/\/idakorea.ee\/#organization"},"alternateName":"Beauty Shop","potentialAction":[{"@type":"SearchAction","target":{"@type":"EntryPoint","urlTemplate":"https:\/\/idakorea.ee\/?s={search_term_string}"},"query-input":{"@type":"PropertyValueSpecification","valueRequired":true,"valueName":"search_term_string"}}],"inLanguage":"fi"},{"@type":"Organization","@id":"https:\/\/idakorea.ee\/#organization","name":"IDA.KOREA","url":"https:\/\/idakorea.ee\/","logo":{"@type":"ImageObject","inLanguage":"fi","@id":"https:\/\/idakorea.ee\/#\/schema\/logo\/image\/","url":"https:\/\/idakorea.ee\/wp-content\/uploads\/2024\/05\/cropped-korea3.png","contentUrl":"https:\/\/idakorea.ee\/wp-content\/uploads\/2024\/05\/cropped-korea3.png","width":688,"height":126,"caption":"IDA.KOREA"},"image":{"@id":"https:\/\/idakorea.ee\/#\/schema\/logo\/image\/"},"sameAs":["https:\/\/www.instagram.com\/ida.korea\/"]}]}},"jetpack_sharing_enabled":true,"brands":[{"id":107,"name":"MEDIPEEL+","slug":"medipeel"}],"_links":{"self":[{"href":"https:\/\/idakorea.ee\/fi\/wp-json\/wp\/v2\/product\/4996","targetHints":{"allow":["GET"]}}],"collection":[{"href":"https:\/\/idakorea.ee\/fi\/wp-json\/wp\/v2\/product"}],"about":[{"href":"https:\/\/idakorea.ee\/fi\/wp-json\/wp\/v2\/types\/product"}],"replies":[{"embeddable":true,"href":"https:\/\/idakorea.ee\/fi\/wp-json\/wp\/v2\/comments?post=4996"}],"version-history":[{"count":1,"href":"https:\/\/idakorea.ee\/fi\/wp-json\/wp\/v2\/product\/4996\/revisions"}],"predecessor-version":[{"id":12206,"href":"https:\/\/idakorea.ee\/fi\/wp-json\/wp\/v2\/product\/4996\/revisions\/12206"}],"wp:featuredmedia":[{"embeddable":true,"href":"https:\/\/idakorea.ee\/fi\/wp-json\/wp\/v2\/media\/4997"}],"wp:attachment":[{"href":"https:\/\/idakorea.ee\/fi\/wp-json\/wp\/v2\/media?parent=4996"}],"wp:term":[{"taxonomy":"pwb-brand","embeddable":true,"href":"https:\/\/idakorea.ee\/fi\/wp-json\/wp\/v2\/pwb-brand?post=4996"},{"taxonomy":"product_brand","embeddable":true,"href":"https:\/\/idakorea.ee\/fi\/wp-json\/wp\/v2\/product_brand?post=4996"},{"taxonomy":"product_cat","embeddable":true,"href":"https:\/\/idakorea.ee\/fi\/wp-json\/wp\/v2\/product_cat?post=4996"},{"taxonomy":"product_tag","embeddable":true,"href":"https:\/\/idakorea.ee\/fi\/wp-json\/wp\/v2\/product_tag?post=4996"}],"curies":[{"name":"wp","href":"https:\/\/api.w.org\/{rel}","templated":true}]}}