{"id":5009,"date":"2024-06-19T14:20:08","date_gmt":"2024-06-19T12:20:08","guid":{"rendered":"https:\/\/idakorea.ee\/?post_type=product&#038;p=5009"},"modified":"2026-04-09T09:17:13","modified_gmt":"2026-04-09T07:17:13","slug":"kollageeniga-silmapadjad-medi-peel-red-lacto-collagen-eye-patch-60-tk","status":"publish","type":"product","link":"https:\/\/idakorea.ee\/fi\/product\/kollageeniga-silmapadjad-medi-peel-red-lacto-collagen-eye-patch-60-tk\/","title":{"rendered":"Kollageenisilm\u00e4laastarit Medi-Peel Red Lacto Collagen -silm\u00e4laastarit, 60 kpl Parasta ennen 30.08.2026"},"content":{"rendered":"<p>Laastarien perustana on eri molekyylipainoisia kollageenia sis\u00e4lt\u00e4v\u00e4 uutos. Medi-Peel-laastarin teknologia ei anna uutteen haihtua ja edist\u00e4\u00e4 sen t\u00e4ydellist\u00e4 imeytymist\u00e4 ihon rakenteeseen, mik\u00e4 antaa voimakkaan silottavan ja turvotusta ehk\u00e4isev\u00e4n vaikutuksen, intensiivisen kosteutuksen ja korjaa traumatisoitunutta silm\u00e4nymp\u00e4rysihoa. T\u00e4m\u00e4 koostumus tarjoaa kaksinkertaisen vaikutuksen, tehden ihosta kiinte\u00e4n ja joustavan ja samalla est\u00e4en ryppyjen muodostumisen ohuelle silm\u00e4nymp\u00e4rysiholle.<\/p>\n<p><strong>T\u00e4rkeimm\u00e4t vaikuttavat aineet:<\/strong><\/p>\n<ul>\n<li><strong>Hydrolysoitu kollageeni<\/strong> on Ranskassa kehitetty pienimolekyylipainoinen proteiini, joka pit\u00e4\u00e4 ihon kosteutettuna ja est\u00e4\u00e4 kosteuden haihtumista. Silottaa ryppyj\u00e4 ja kiinteytt\u00e4\u00e4 ihoa tehden siit\u00e4 kiinte\u00e4n ja joustavan.<\/li>\n<li><strong>Laktobasillit ja 7 erilaista hyaluronihappokompleksia<\/strong> ehk\u00e4isee kosteuden haihtumista ja edist\u00e4\u00e4 ihon uudistumista pit\u00e4en sen ravittuna ja kosteutettuna.<\/li>\n<\/ul>\n<p>Aminohappokompleksi \u2013 koostuu 15 erityyppisest\u00e4 aminohaposta. Edist\u00e4\u00e4 nopeutettua uudistumista ja parantaa ihon suojamuuria. Nuorentavien ominaisuuksiensa ansiosta se palauttaa ihon kimmoisuuden ja tiheyden.<\/p>\n<p><strong>K\u00e4ytt\u00f6:\u00a0<\/strong>Puhdistuksen ja kasvoveden j\u00e4lkeen aseta hydrogeelilaastarit silmien ymp\u00e4rille. On suositeltavaa antaa laastarien vaikuttaa iholla 30 minuuttia.<\/p>","protected":false},"excerpt":{"rendered":"<p>Medi-Peel-laastarit perustuvat kollageeniin, joka on yhdistetty eri molekyylipainoilla.Medi-Peel-laastariteknologia ei anna kollageenin haihtua ja edist\u00e4\u00e4 sen t\u00e4ydellist\u00e4 tunkeutumista ihon rakenteeseen, mik\u00e4 antaa voimakkaan tasoittavan ja turvotusta ehk\u00e4isev\u00e4n vaikutuksen sek\u00e4 kosteuttaa ja palauttaa silmien ymp\u00e4rill\u00e4 olevan traumatisoituneen ihon. T\u00e4m\u00e4 koostumus tuottaa kaksinkertaisen vaikutuksen, tekee ihosta kire\u00e4n ja joustavan ja est\u00e4\u00e4 samalla ryppyjen muodostumista ohuisiin silm\u00e4luomiin. T\u00e4rkeimm\u00e4t aktiiviset ainesosat:...<\/p>","protected":false},"featured_media":5010,"comment_status":"open","ping_status":"closed","template":"","meta":{"_uf_show_specific_survey":0,"_uf_disable_surveys":false,"_bst_post_transparent":"default","_bst_post_title":"","_bst_post_layout":"default","_bst_post_sidebar_id":"","_bst_post_content_style":"default","_bst_post_vertical_padding":"default","_bst_post_feature":"","_bst_post_feature_position":"","_bst_post_header":false,"_bst_post_footer":false},"pwb-brand":[107],"product_brand":[],"product_cat":[92,99,385],"product_tag":[383,233,377,202,249],"class_list":{"0":"post-5009","1":"product","2":"type-product","3":"status-publish","4":"has-post-thumbnail","6":"pwb-brand-medipeel","7":"product_cat-nagu","8":"product_cat-silmad-ja-huuled-2","9":"product_cat-silmapadjad","10":"product_tag-eyepatch","11":"product_tag-internet-pood-eesti","12":"product_tag-k-beauty-2","13":"product_tag-korea-kosmeetika","14":"product_tag-medi-peel","16":"first","17":"instock","18":"sale","19":"shipping-taxable","20":"purchasable","21":"product-type-simple","22":"entry","23":"content-bg","24":"loop-entry"},"supplier_id":null,"supplier_sku":"","barcode":null,"atum_controlled":true,"out_stock_date":null,"out_stock_threshold":null,"inheritable":false,"inbound_stock":0,"stock_on_hold":0,"sold_today":0,"sales_last_days":1,"out_stock_days":0,"lost_sales":0,"has_location":false,"update_date":"2026-04-14T00:05:13","atum_locations":[],"atum_stock_status":"instock","restock_status":true,"low_stock_amount":"","sales_update_date":"2026-04-14T00:05:13","calc_backorders":null,"yoast_head":"<!-- This site is optimized with the Yoast SEO plugin v27.2 - https:\/\/yoast.com\/product\/yoast-seo-wordpress\/ -->\n<title>Medi-Peel Red Lacto Collagen Eye Patch<\/title>\n<meta name=\"robots\" content=\"index, follow, max-snippet:-1, max-image-preview:large, max-video-preview:-1\" \/>\n<link rel=\"canonical\" href=\"https:\/\/idakorea.ee\/fi\/product\/kollageeniga-silmapadjad-medi-peel-red-lacto-collagen-eye-patch-60-tk\/\" \/>\n<meta property=\"og:locale\" content=\"fi_FI\" \/>\n<meta property=\"og:type\" content=\"article\" \/>\n<meta property=\"og:title\" content=\"Medi-Peel Red Lacto Collagen Eye Patch\" \/>\n<meta property=\"og:description\" content=\"Plaastrite aluseks on erineva molekulmassiga kombineeritud kollageeniga essents.Medi-Peel plaastri tehnoloogia ei lase essentsil aurustuda ja soodustab selle t\u00e4ielikku tungimist naha struktuuri, andes v\u00e4ljendunud siluva ja tursevastase toime, intensiivselt niisutav ja traumaatilise naha taastamine silmade \u00fcmbruses. See valem annab kahekordse efekti, muutes naha pingul ja elastseks, hoides samal ajal \u00e4ra kortsude teket \u00f5hukeses silmanahas. Peamised toimeained:...\" \/>\n<meta property=\"og:url\" content=\"https:\/\/idakorea.ee\/fi\/product\/kollageeniga-silmapadjad-medi-peel-red-lacto-collagen-eye-patch-60-tk\/\" \/>\n<meta property=\"og:site_name\" content=\"IDA.KOREA\" \/>\n<meta property=\"article:modified_time\" content=\"2026-04-09T07:17:13+00:00\" \/>\n<meta property=\"og:image\" content=\"https:\/\/idakorea.ee\/wp-content\/uploads\/2024\/06\/Medi_Peel-Red-Lacto-Collagen-Eye-Patch.jpg\" \/>\n\t<meta property=\"og:image:width\" content=\"1000\" \/>\n\t<meta property=\"og:image:height\" content=\"1000\" \/>\n\t<meta property=\"og:image:type\" content=\"image\/jpeg\" \/>\n<meta name=\"twitter:card\" content=\"summary_large_image\" \/>\n<meta name=\"twitter:label1\" content=\"Arvioitu lukuaika\" \/>\n\t<meta name=\"twitter:data1\" content=\"1 minuutti\" \/>\n<script type=\"application\/ld+json\" class=\"yoast-schema-graph\">{\"@context\":\"https:\/\/schema.org\",\"@graph\":[{\"@type\":\"WebPage\",\"@id\":\"https:\/\/idakorea.ee\/product\/kollageeniga-silmapadjad-medi-peel-red-lacto-collagen-eye-patch-60-tk\/\",\"url\":\"https:\/\/idakorea.ee\/product\/kollageeniga-silmapadjad-medi-peel-red-lacto-collagen-eye-patch-60-tk\/\",\"name\":\"Medi-Peel Red Lacto Collagen Eye Patch\",\"isPartOf\":{\"@id\":\"https:\/\/idakorea.ee\/#website\"},\"primaryImageOfPage\":{\"@id\":\"https:\/\/idakorea.ee\/product\/kollageeniga-silmapadjad-medi-peel-red-lacto-collagen-eye-patch-60-tk\/#primaryimage\"},\"image\":{\"@id\":\"https:\/\/idakorea.ee\/product\/kollageeniga-silmapadjad-medi-peel-red-lacto-collagen-eye-patch-60-tk\/#primaryimage\"},\"thumbnailUrl\":\"https:\/\/idakorea.ee\/wp-content\/uploads\/2024\/06\/Medi_Peel-Red-Lacto-Collagen-Eye-Patch.jpg\",\"datePublished\":\"2024-06-19T12:20:08+00:00\",\"dateModified\":\"2026-04-09T07:17:13+00:00\",\"breadcrumb\":{\"@id\":\"https:\/\/idakorea.ee\/product\/kollageeniga-silmapadjad-medi-peel-red-lacto-collagen-eye-patch-60-tk\/#breadcrumb\"},\"inLanguage\":\"fi\",\"potentialAction\":[{\"@type\":\"ReadAction\",\"target\":[\"https:\/\/idakorea.ee\/product\/kollageeniga-silmapadjad-medi-peel-red-lacto-collagen-eye-patch-60-tk\/\"]}]},{\"@type\":\"ImageObject\",\"inLanguage\":\"fi\",\"@id\":\"https:\/\/idakorea.ee\/product\/kollageeniga-silmapadjad-medi-peel-red-lacto-collagen-eye-patch-60-tk\/#primaryimage\",\"url\":\"https:\/\/idakorea.ee\/wp-content\/uploads\/2024\/06\/Medi_Peel-Red-Lacto-Collagen-Eye-Patch.jpg\",\"contentUrl\":\"https:\/\/idakorea.ee\/wp-content\/uploads\/2024\/06\/Medi_Peel-Red-Lacto-Collagen-Eye-Patch.jpg\",\"width\":1000,\"height\":1000},{\"@type\":\"BreadcrumbList\",\"@id\":\"https:\/\/idakorea.ee\/product\/kollageeniga-silmapadjad-medi-peel-red-lacto-collagen-eye-patch-60-tk\/#breadcrumb\",\"itemListElement\":[{\"@type\":\"ListItem\",\"position\":1,\"name\":\"\u0413\u043b\u0430\u0432\u043d\u0430\u044f \u0441\u0442\u0440\u0430\u043d\u0438\u0446\u0430\",\"item\":\"https:\/\/idakorea.ee\/\"},{\"@type\":\"ListItem\",\"position\":2,\"name\":\"Shop\",\"item\":\"https:\/\/idakorea.ee\/shop-2\/\"},{\"@type\":\"ListItem\",\"position\":3,\"name\":\"Kollageeniga silmapadjad Medi-Peel Red Lacto Collagen Eye Patch, 60 tk EXP 30.08.2026\"}]},{\"@type\":\"WebSite\",\"@id\":\"https:\/\/idakorea.ee\/#website\",\"url\":\"https:\/\/idakorea.ee\/\",\"name\":\"IDA.KOREA\",\"description\":\"Korea kosmeetika e-pood\",\"publisher\":{\"@id\":\"https:\/\/idakorea.ee\/#organization\"},\"alternateName\":\"Beauty Shop\",\"potentialAction\":[{\"@type\":\"SearchAction\",\"target\":{\"@type\":\"EntryPoint\",\"urlTemplate\":\"https:\/\/idakorea.ee\/?s={search_term_string}\"},\"query-input\":{\"@type\":\"PropertyValueSpecification\",\"valueRequired\":true,\"valueName\":\"search_term_string\"}}],\"inLanguage\":\"fi\"},{\"@type\":\"Organization\",\"@id\":\"https:\/\/idakorea.ee\/#organization\",\"name\":\"IDA.KOREA\",\"url\":\"https:\/\/idakorea.ee\/\",\"logo\":{\"@type\":\"ImageObject\",\"inLanguage\":\"fi\",\"@id\":\"https:\/\/idakorea.ee\/#\/schema\/logo\/image\/\",\"url\":\"https:\/\/idakorea.ee\/wp-content\/uploads\/2024\/05\/cropped-korea3.png\",\"contentUrl\":\"https:\/\/idakorea.ee\/wp-content\/uploads\/2024\/05\/cropped-korea3.png\",\"width\":688,\"height\":126,\"caption\":\"IDA.KOREA\"},\"image\":{\"@id\":\"https:\/\/idakorea.ee\/#\/schema\/logo\/image\/\"},\"sameAs\":[\"https:\/\/www.instagram.com\/ida.korea\/\"]}]}<\/script>\n<!-- \/ Yoast SEO plugin. -->","yoast_head_json":{"title":"Medi-Peel punainen laktokollageeni silm\u00e4lappu","robots":{"index":"index","follow":"follow","max-snippet":"max-snippet:-1","max-image-preview":"max-image-preview:large","max-video-preview":"max-video-preview:-1"},"canonical":"https:\/\/idakorea.ee\/fi\/product\/kollageeniga-silmapadjad-medi-peel-red-lacto-collagen-eye-patch-60-tk\/","og_locale":"fi_FI","og_type":"article","og_title":"Medi-Peel Red Lacto Collagen Eye Patch","og_description":"Plaastrite aluseks on erineva molekulmassiga kombineeritud kollageeniga essents.Medi-Peel plaastri tehnoloogia ei lase essentsil aurustuda ja soodustab selle t\u00e4ielikku tungimist naha struktuuri, andes v\u00e4ljendunud siluva ja tursevastase toime, intensiivselt niisutav ja traumaatilise naha taastamine silmade \u00fcmbruses. See valem annab kahekordse efekti, muutes naha pingul ja elastseks, hoides samal ajal \u00e4ra kortsude teket \u00f5hukeses silmanahas. Peamised toimeained:...","og_url":"https:\/\/idakorea.ee\/fi\/product\/kollageeniga-silmapadjad-medi-peel-red-lacto-collagen-eye-patch-60-tk\/","og_site_name":"IDA.KOREA","article_modified_time":"2026-04-09T07:17:13+00:00","og_image":[{"width":1000,"height":1000,"url":"https:\/\/idakorea.ee\/wp-content\/uploads\/2024\/06\/Medi_Peel-Red-Lacto-Collagen-Eye-Patch.jpg","type":"image\/jpeg"}],"twitter_card":"summary_large_image","twitter_misc":{"Arvioitu lukuaika":"1 minuutti"},"schema":{"@context":"https:\/\/schema.org","@graph":[{"@type":"WebPage","@id":"https:\/\/idakorea.ee\/product\/kollageeniga-silmapadjad-medi-peel-red-lacto-collagen-eye-patch-60-tk\/","url":"https:\/\/idakorea.ee\/product\/kollageeniga-silmapadjad-medi-peel-red-lacto-collagen-eye-patch-60-tk\/","name":"Medi-Peel punainen laktokollageeni silm\u00e4lappu","isPartOf":{"@id":"https:\/\/idakorea.ee\/#website"},"primaryImageOfPage":{"@id":"https:\/\/idakorea.ee\/product\/kollageeniga-silmapadjad-medi-peel-red-lacto-collagen-eye-patch-60-tk\/#primaryimage"},"image":{"@id":"https:\/\/idakorea.ee\/product\/kollageeniga-silmapadjad-medi-peel-red-lacto-collagen-eye-patch-60-tk\/#primaryimage"},"thumbnailUrl":"https:\/\/idakorea.ee\/wp-content\/uploads\/2024\/06\/Medi_Peel-Red-Lacto-Collagen-Eye-Patch.jpg","datePublished":"2024-06-19T12:20:08+00:00","dateModified":"2026-04-09T07:17:13+00:00","breadcrumb":{"@id":"https:\/\/idakorea.ee\/product\/kollageeniga-silmapadjad-medi-peel-red-lacto-collagen-eye-patch-60-tk\/#breadcrumb"},"inLanguage":"fi","potentialAction":[{"@type":"ReadAction","target":["https:\/\/idakorea.ee\/product\/kollageeniga-silmapadjad-medi-peel-red-lacto-collagen-eye-patch-60-tk\/"]}]},{"@type":"ImageObject","inLanguage":"fi","@id":"https:\/\/idakorea.ee\/product\/kollageeniga-silmapadjad-medi-peel-red-lacto-collagen-eye-patch-60-tk\/#primaryimage","url":"https:\/\/idakorea.ee\/wp-content\/uploads\/2024\/06\/Medi_Peel-Red-Lacto-Collagen-Eye-Patch.jpg","contentUrl":"https:\/\/idakorea.ee\/wp-content\/uploads\/2024\/06\/Medi_Peel-Red-Lacto-Collagen-Eye-Patch.jpg","width":1000,"height":1000},{"@type":"BreadcrumbList","@id":"https:\/\/idakorea.ee\/product\/kollageeniga-silmapadjad-medi-peel-red-lacto-collagen-eye-patch-60-tk\/#breadcrumb","itemListElement":[{"@type":"ListItem","position":1,"name":"\u0413\u043b\u0430\u0432\u043d\u0430\u044f \u0441\u0442\u0440\u0430\u043d\u0438\u0446\u0430","item":"https:\/\/idakorea.ee\/"},{"@type":"ListItem","position":2,"name":"Shop","item":"https:\/\/idakorea.ee\/shop-2\/"},{"@type":"ListItem","position":3,"name":"Kollageeniga silmapadjad Medi-Peel Red Lacto Collagen Eye Patch, 60 tk EXP 30.08.2026"}]},{"@type":"WebSite","@id":"https:\/\/idakorea.ee\/#website","url":"https:\/\/idakorea.ee\/","name":"IDA.KOREA","description":"Korean kosmetiikan verkkokauppa","publisher":{"@id":"https:\/\/idakorea.ee\/#organization"},"alternateName":"Beauty Shop","potentialAction":[{"@type":"SearchAction","target":{"@type":"EntryPoint","urlTemplate":"https:\/\/idakorea.ee\/?s={search_term_string}"},"query-input":{"@type":"PropertyValueSpecification","valueRequired":true,"valueName":"search_term_string"}}],"inLanguage":"fi"},{"@type":"Organization","@id":"https:\/\/idakorea.ee\/#organization","name":"IDA.KOREA","url":"https:\/\/idakorea.ee\/","logo":{"@type":"ImageObject","inLanguage":"fi","@id":"https:\/\/idakorea.ee\/#\/schema\/logo\/image\/","url":"https:\/\/idakorea.ee\/wp-content\/uploads\/2024\/05\/cropped-korea3.png","contentUrl":"https:\/\/idakorea.ee\/wp-content\/uploads\/2024\/05\/cropped-korea3.png","width":688,"height":126,"caption":"IDA.KOREA"},"image":{"@id":"https:\/\/idakorea.ee\/#\/schema\/logo\/image\/"},"sameAs":["https:\/\/www.instagram.com\/ida.korea\/"]}]}},"jetpack_sharing_enabled":true,"brands":[{"id":107,"name":"MEDIPEEL+","slug":"medipeel"}],"_links":{"self":[{"href":"https:\/\/idakorea.ee\/fi\/wp-json\/wp\/v2\/product\/5009","targetHints":{"allow":["GET"]}}],"collection":[{"href":"https:\/\/idakorea.ee\/fi\/wp-json\/wp\/v2\/product"}],"about":[{"href":"https:\/\/idakorea.ee\/fi\/wp-json\/wp\/v2\/types\/product"}],"replies":[{"embeddable":true,"href":"https:\/\/idakorea.ee\/fi\/wp-json\/wp\/v2\/comments?post=5009"}],"version-history":[{"count":2,"href":"https:\/\/idakorea.ee\/fi\/wp-json\/wp\/v2\/product\/5009\/revisions"}],"predecessor-version":[{"id":18150,"href":"https:\/\/idakorea.ee\/fi\/wp-json\/wp\/v2\/product\/5009\/revisions\/18150"}],"wp:featuredmedia":[{"embeddable":true,"href":"https:\/\/idakorea.ee\/fi\/wp-json\/wp\/v2\/media\/5010"}],"wp:attachment":[{"href":"https:\/\/idakorea.ee\/fi\/wp-json\/wp\/v2\/media?parent=5009"}],"wp:term":[{"taxonomy":"pwb-brand","embeddable":true,"href":"https:\/\/idakorea.ee\/fi\/wp-json\/wp\/v2\/pwb-brand?post=5009"},{"taxonomy":"product_brand","embeddable":true,"href":"https:\/\/idakorea.ee\/fi\/wp-json\/wp\/v2\/product_brand?post=5009"},{"taxonomy":"product_cat","embeddable":true,"href":"https:\/\/idakorea.ee\/fi\/wp-json\/wp\/v2\/product_cat?post=5009"},{"taxonomy":"product_tag","embeddable":true,"href":"https:\/\/idakorea.ee\/fi\/wp-json\/wp\/v2\/product_tag?post=5009"}],"curies":[{"name":"wp","href":"https:\/\/api.w.org\/{rel}","templated":true}]}}