{"id":5021,"date":"2024-06-19T12:44:33","date_gmt":"2024-06-19T12:44:33","guid":{"rendered":"https:\/\/idakorea.ee\/?post_type=product&#038;p=5021"},"modified":"2026-04-03T14:35:19","modified_gmt":"2026-04-03T12:35:19","slug":"medipeel-peptide-9-volume-essence-pro","status":"publish","type":"product","link":"https:\/\/idakorea.ee\/fi\/product\/medipeel-peptide-9-volume-essence-pro\/","title":{"rendered":"Medipeel+ Peptide 9 Volume Essence Pro, 100 ml, peptidej\u00e4 sis\u00e4lt\u00e4v\u00e4 ihon kimmoisuusuute."},"content":{"rendered":"<p>Uusi versio <strong>Peptide 9 Volume Essence PRO<\/strong> sis\u00e4lt\u00e4\u00e4 nyt kaksi kertaa enemm\u00e4n 9-peptidikompleksia ja kollageenia, jotka auttavat parantamaan ihon kimmoisuutta ja kosteustasoja.<\/p>\n<p>Peptidikompleksia sis\u00e4lt\u00e4v\u00e4t happikuplat varmistavat ravinteiden kulkeutumisen syv\u00e4lle ihoon. Edist\u00e4\u00e4 ihon suojakerroksen tehokasta vahvistumista ja dermiksen paksuuntumista. Kiinteytt\u00e4\u00e4 ihoa t\u00e4ydellisesti tehden siit\u00e4 kimmoisan, kyll\u00e4st\u00e4\u00e4 ihon vitamiineilla, parantaa aineenvaihduntaa ja vahvistaa epidermiksen soluja.<\/p>\n<p>Peptidit ovat orgaanista alkuper\u00e4\u00e4 olevia aineita, jotka koostuvat peptidisidoksilla toisiinsa liittyneist\u00e4 aminohappot\u00e4hteist\u00e4. Peptidien vaikutuksesta on mahdollista v\u00e4hent\u00e4\u00e4 olemassa olevia ryppyj\u00e4, iho kiinteytyy, kosteuttaa, vastustaa aktiivisesti monia ik\u00e4\u00e4ntymisen tekij\u00f6it\u00e4 ja ihonv\u00e4ri paranee. Peptidit auttavat my\u00f6s vahvistamaan kasvojen piirteit\u00e4, lis\u00e4\u00e4m\u00e4\u00e4n ihon yleist\u00e4 s\u00e4vy\u00e4 ja vahvistamaan kollageenikuituja. Peptideill\u00e4 on t\u00e4rke\u00e4 rooli normaalin solujen toiminnan palauttamisessa, niill\u00e4 on korkea antioksidanttinen aktiivisuus, mink\u00e4 vuoksi niille altistuessaan iho nuortuu ja yleinen ik\u00e4\u00e4ntyminen hidastuu. Peptidit vaikuttavat solujen lis\u00e4\u00e4ntymisest\u00e4 vastaavien geenien tuotantoon, ja t\u00e4m\u00e4 liittyy suorimmin ihon uusiutumiseen. Peptidit toimivat tiedonv\u00e4litt\u00e4jin\u00e4 solutasolla: ne v\u00e4litt\u00e4v\u00e4t vastaavia signaaleja soluille k\u00e4ynnist\u00e4en itseparanemisprosesseja.<\/p>\n<p><strong>K\u00e4ytt\u00f6:\u00a0<\/strong>Kasvovedell\u00e4 puhdistetun ihon j\u00e4lkeen levit\u00e4 tuotetta iholle hell\u00e4varaisesti hieroen ja anna sen imeyty\u00e4.<\/p>","protected":false},"excerpt":{"rendered":"<p>Peptide 9 Volume Essence PRO:n uusi versio sis\u00e4lt\u00e4\u00e4 nyt 2 kertaa enemm\u00e4n 9-peptidikompleksia ja kollageenia. Auttaa parantamaan ihon kimmoisuutta ja kosteustasoa. Peptidikompleksia sis\u00e4lt\u00e4v\u00e4t hapetetut rakeet varmistavat ravinteiden kulkeutumisen syv\u00e4lle ihoon. Edist\u00e4\u00e4 tehokasta ihoesteen vahvistamista ja ihon paksuuntumista. Tonisoi ihoa t\u00e4ydellisesti tehden siit\u00e4 kimmoisan, kyll\u00e4st\u00e4\u00e4 ihoa vitamiineilla, parantaa aineenvaihduntaa ja vahvistaa epidermissoluja.....<\/p>","protected":false},"featured_media":5022,"comment_status":"open","ping_status":"closed","template":"","meta":{"_uf_show_specific_survey":0,"_uf_disable_surveys":false,"_bst_post_transparent":"default","_bst_post_title":"","_bst_post_layout":"default","_bst_post_sidebar_id":"","_bst_post_content_style":"default","_bst_post_vertical_padding":"default","_bst_post_feature":"","_bst_post_feature_position":"","_bst_post_header":false,"_bst_post_footer":false},"pwb-brand":[107],"product_brand":[],"product_cat":[92,97],"product_tag":[],"class_list":{"0":"post-5021","1":"product","2":"type-product","3":"status-publish","4":"has-post-thumbnail","6":"pwb-brand-medipeel","7":"product_cat-nagu","8":"product_cat-naoseerumid-ja-olid","10":"first","11":"instock","12":"sale","13":"shipping-taxable","14":"purchasable","15":"product-type-simple","16":"entry","17":"content-bg","18":"loop-entry"},"supplier_id":null,"supplier_sku":"","barcode":null,"atum_controlled":true,"out_stock_date":null,"out_stock_threshold":null,"inheritable":false,"inbound_stock":0,"stock_on_hold":0,"sold_today":0,"sales_last_days":1,"out_stock_days":0,"lost_sales":0,"has_location":false,"update_date":"2026-04-14T00:05:10","atum_locations":[],"atum_stock_status":"instock","restock_status":false,"low_stock_amount":"","sales_update_date":"2026-04-14T00:05:10","calc_backorders":null,"yoast_head":"<!-- This site is optimized with the Yoast SEO plugin v27.2 - https:\/\/yoast.com\/product\/yoast-seo-wordpress\/ -->\n<title>Medipeel+ Peptide 9 Volume Essence Pro, 100 ml - IDA.KOREA<\/title>\n<meta name=\"description\" content=\"Uus versioon Medipeel+ Peptide 9 Volume Essence PRO sisaldab n\u00fc\u00fcd 2 korda rohkem 9-peptiidi kompleksi ja kollageeni. Kiire tarne!\" \/>\n<meta name=\"robots\" content=\"index, follow, max-snippet:-1, max-image-preview:large, max-video-preview:-1\" \/>\n<link rel=\"canonical\" href=\"https:\/\/idakorea.ee\/fi\/product\/medipeel-peptide-9-volume-essence-pro\/\" \/>\n<meta property=\"og:locale\" content=\"fi_FI\" \/>\n<meta property=\"og:type\" content=\"article\" \/>\n<meta property=\"og:title\" content=\"Medipeel+ Peptide 9 Volume Essence Pro, 100 ml - IDA.KOREA\" \/>\n<meta property=\"og:description\" content=\"Uus versioon Medipeel+ Peptide 9 Volume Essence PRO sisaldab n\u00fc\u00fcd 2 korda rohkem 9-peptiidi kompleksi ja kollageeni. Kiire tarne!\" \/>\n<meta property=\"og:url\" content=\"https:\/\/idakorea.ee\/fi\/product\/medipeel-peptide-9-volume-essence-pro\/\" \/>\n<meta property=\"og:site_name\" content=\"IDA.KOREA\" \/>\n<meta property=\"article:modified_time\" content=\"2026-04-03T12:35:19+00:00\" \/>\n<meta property=\"og:image\" content=\"https:\/\/idakorea.ee\/wp-content\/uploads\/2024\/06\/Hollyshop-_50_-_1_.png\" \/>\n\t<meta property=\"og:image:width\" content=\"1000\" \/>\n\t<meta property=\"og:image:height\" content=\"1000\" \/>\n\t<meta property=\"og:image:type\" content=\"image\/png\" \/>\n<meta name=\"twitter:card\" content=\"summary_large_image\" \/>\n<meta name=\"twitter:label1\" content=\"Arvioitu lukuaika\" \/>\n\t<meta name=\"twitter:data1\" content=\"2 minuuttia\" \/>\n<script type=\"application\/ld+json\" class=\"yoast-schema-graph\">{\"@context\":\"https:\/\/schema.org\",\"@graph\":[{\"@type\":\"WebPage\",\"@id\":\"https:\/\/idakorea.ee\/product\/medipeel-peptide-9-volume-essence-pro\/\",\"url\":\"https:\/\/idakorea.ee\/product\/medipeel-peptide-9-volume-essence-pro\/\",\"name\":\"Medipeel+ Peptide 9 Volume Essence Pro, 100 ml - IDA.KOREA\",\"isPartOf\":{\"@id\":\"https:\/\/idakorea.ee\/#website\"},\"primaryImageOfPage\":{\"@id\":\"https:\/\/idakorea.ee\/product\/medipeel-peptide-9-volume-essence-pro\/#primaryimage\"},\"image\":{\"@id\":\"https:\/\/idakorea.ee\/product\/medipeel-peptide-9-volume-essence-pro\/#primaryimage\"},\"thumbnailUrl\":\"https:\/\/idakorea.ee\/wp-content\/uploads\/2024\/06\/Hollyshop-_50_-_1_.png\",\"datePublished\":\"2024-06-19T12:44:33+00:00\",\"dateModified\":\"2026-04-03T12:35:19+00:00\",\"description\":\"Uus versioon Medipeel+ Peptide 9 Volume Essence PRO sisaldab n\u00fc\u00fcd 2 korda rohkem 9-peptiidi kompleksi ja kollageeni. Kiire tarne!\",\"breadcrumb\":{\"@id\":\"https:\/\/idakorea.ee\/product\/medipeel-peptide-9-volume-essence-pro\/#breadcrumb\"},\"inLanguage\":\"fi\",\"potentialAction\":[{\"@type\":\"ReadAction\",\"target\":[\"https:\/\/idakorea.ee\/product\/medipeel-peptide-9-volume-essence-pro\/\"]}]},{\"@type\":\"ImageObject\",\"inLanguage\":\"fi\",\"@id\":\"https:\/\/idakorea.ee\/product\/medipeel-peptide-9-volume-essence-pro\/#primaryimage\",\"url\":\"https:\/\/idakorea.ee\/wp-content\/uploads\/2024\/06\/Hollyshop-_50_-_1_.png\",\"contentUrl\":\"https:\/\/idakorea.ee\/wp-content\/uploads\/2024\/06\/Hollyshop-_50_-_1_.png\",\"width\":1000,\"height\":1000},{\"@type\":\"BreadcrumbList\",\"@id\":\"https:\/\/idakorea.ee\/product\/medipeel-peptide-9-volume-essence-pro\/#breadcrumb\",\"itemListElement\":[{\"@type\":\"ListItem\",\"position\":1,\"name\":\"\u0413\u043b\u0430\u0432\u043d\u0430\u044f \u0441\u0442\u0440\u0430\u043d\u0438\u0446\u0430\",\"item\":\"https:\/\/idakorea.ee\/\"},{\"@type\":\"ListItem\",\"position\":2,\"name\":\"Shop\",\"item\":\"https:\/\/idakorea.ee\/shop-2\/\"},{\"@type\":\"ListItem\",\"position\":3,\"name\":\"Peptiididega essents naha elastsusele Medipeel+ Peptide 9 Volume Essence Pro, 100 ml\"}]},{\"@type\":\"WebSite\",\"@id\":\"https:\/\/idakorea.ee\/#website\",\"url\":\"https:\/\/idakorea.ee\/\",\"name\":\"IDA.KOREA\",\"description\":\"Korea kosmeetika e-pood\",\"publisher\":{\"@id\":\"https:\/\/idakorea.ee\/#organization\"},\"alternateName\":\"Beauty Shop\",\"potentialAction\":[{\"@type\":\"SearchAction\",\"target\":{\"@type\":\"EntryPoint\",\"urlTemplate\":\"https:\/\/idakorea.ee\/?s={search_term_string}\"},\"query-input\":{\"@type\":\"PropertyValueSpecification\",\"valueRequired\":true,\"valueName\":\"search_term_string\"}}],\"inLanguage\":\"fi\"},{\"@type\":\"Organization\",\"@id\":\"https:\/\/idakorea.ee\/#organization\",\"name\":\"IDA.KOREA\",\"url\":\"https:\/\/idakorea.ee\/\",\"logo\":{\"@type\":\"ImageObject\",\"inLanguage\":\"fi\",\"@id\":\"https:\/\/idakorea.ee\/#\/schema\/logo\/image\/\",\"url\":\"https:\/\/idakorea.ee\/wp-content\/uploads\/2024\/05\/cropped-korea3.png\",\"contentUrl\":\"https:\/\/idakorea.ee\/wp-content\/uploads\/2024\/05\/cropped-korea3.png\",\"width\":688,\"height\":126,\"caption\":\"IDA.KOREA\"},\"image\":{\"@id\":\"https:\/\/idakorea.ee\/#\/schema\/logo\/image\/\"},\"sameAs\":[\"https:\/\/www.instagram.com\/ida.korea\/\"]}]}<\/script>\n<!-- \/ Yoast SEO plugin. -->","yoast_head_json":{"title":"Medipeel+ Peptide 9 Volume Essence Pro, 100 ml - IDA.KOREA","description":"Medipeel+ Peptide 9 Volume Essence PRO:n uusi versio sis\u00e4lt\u00e4\u00e4 nyt kaksi kertaa enemm\u00e4n 9-peptidikompleksia ja kollageenia. Nopea toimitus!","robots":{"index":"index","follow":"follow","max-snippet":"max-snippet:-1","max-image-preview":"max-image-preview:large","max-video-preview":"max-video-preview:-1"},"canonical":"https:\/\/idakorea.ee\/fi\/product\/medipeel-peptide-9-volume-essence-pro\/","og_locale":"fi_FI","og_type":"article","og_title":"Medipeel+ Peptide 9 Volume Essence Pro, 100 ml - IDA.KOREA","og_description":"Uus versioon Medipeel+ Peptide 9 Volume Essence PRO sisaldab n\u00fc\u00fcd 2 korda rohkem 9-peptiidi kompleksi ja kollageeni. Kiire tarne!","og_url":"https:\/\/idakorea.ee\/fi\/product\/medipeel-peptide-9-volume-essence-pro\/","og_site_name":"IDA.KOREA","article_modified_time":"2026-04-03T12:35:19+00:00","og_image":[{"width":1000,"height":1000,"url":"https:\/\/idakorea.ee\/wp-content\/uploads\/2024\/06\/Hollyshop-_50_-_1_.png","type":"image\/png"}],"twitter_card":"summary_large_image","twitter_misc":{"Arvioitu lukuaika":"2 minuuttia"},"schema":{"@context":"https:\/\/schema.org","@graph":[{"@type":"WebPage","@id":"https:\/\/idakorea.ee\/product\/medipeel-peptide-9-volume-essence-pro\/","url":"https:\/\/idakorea.ee\/product\/medipeel-peptide-9-volume-essence-pro\/","name":"Medipeel+ Peptide 9 Volume Essence Pro, 100 ml - IDA.KOREA","isPartOf":{"@id":"https:\/\/idakorea.ee\/#website"},"primaryImageOfPage":{"@id":"https:\/\/idakorea.ee\/product\/medipeel-peptide-9-volume-essence-pro\/#primaryimage"},"image":{"@id":"https:\/\/idakorea.ee\/product\/medipeel-peptide-9-volume-essence-pro\/#primaryimage"},"thumbnailUrl":"https:\/\/idakorea.ee\/wp-content\/uploads\/2024\/06\/Hollyshop-_50_-_1_.png","datePublished":"2024-06-19T12:44:33+00:00","dateModified":"2026-04-03T12:35:19+00:00","description":"Medipeel+ Peptide 9 Volume Essence PRO:n uusi versio sis\u00e4lt\u00e4\u00e4 nyt kaksi kertaa enemm\u00e4n 9-peptidikompleksia ja kollageenia. Nopea toimitus!","breadcrumb":{"@id":"https:\/\/idakorea.ee\/product\/medipeel-peptide-9-volume-essence-pro\/#breadcrumb"},"inLanguage":"fi","potentialAction":[{"@type":"ReadAction","target":["https:\/\/idakorea.ee\/product\/medipeel-peptide-9-volume-essence-pro\/"]}]},{"@type":"ImageObject","inLanguage":"fi","@id":"https:\/\/idakorea.ee\/product\/medipeel-peptide-9-volume-essence-pro\/#primaryimage","url":"https:\/\/idakorea.ee\/wp-content\/uploads\/2024\/06\/Hollyshop-_50_-_1_.png","contentUrl":"https:\/\/idakorea.ee\/wp-content\/uploads\/2024\/06\/Hollyshop-_50_-_1_.png","width":1000,"height":1000},{"@type":"BreadcrumbList","@id":"https:\/\/idakorea.ee\/product\/medipeel-peptide-9-volume-essence-pro\/#breadcrumb","itemListElement":[{"@type":"ListItem","position":1,"name":"\u0413\u043b\u0430\u0432\u043d\u0430\u044f \u0441\u0442\u0440\u0430\u043d\u0438\u0446\u0430","item":"https:\/\/idakorea.ee\/"},{"@type":"ListItem","position":2,"name":"Shop","item":"https:\/\/idakorea.ee\/shop-2\/"},{"@type":"ListItem","position":3,"name":"Peptiididega essents naha elastsusele Medipeel+ Peptide 9 Volume Essence Pro, 100 ml"}]},{"@type":"WebSite","@id":"https:\/\/idakorea.ee\/#website","url":"https:\/\/idakorea.ee\/","name":"IDA.KOREA","description":"Korean kosmetiikan verkkokauppa","publisher":{"@id":"https:\/\/idakorea.ee\/#organization"},"alternateName":"Beauty Shop","potentialAction":[{"@type":"SearchAction","target":{"@type":"EntryPoint","urlTemplate":"https:\/\/idakorea.ee\/?s={search_term_string}"},"query-input":{"@type":"PropertyValueSpecification","valueRequired":true,"valueName":"search_term_string"}}],"inLanguage":"fi"},{"@type":"Organization","@id":"https:\/\/idakorea.ee\/#organization","name":"IDA.KOREA","url":"https:\/\/idakorea.ee\/","logo":{"@type":"ImageObject","inLanguage":"fi","@id":"https:\/\/idakorea.ee\/#\/schema\/logo\/image\/","url":"https:\/\/idakorea.ee\/wp-content\/uploads\/2024\/05\/cropped-korea3.png","contentUrl":"https:\/\/idakorea.ee\/wp-content\/uploads\/2024\/05\/cropped-korea3.png","width":688,"height":126,"caption":"IDA.KOREA"},"image":{"@id":"https:\/\/idakorea.ee\/#\/schema\/logo\/image\/"},"sameAs":["https:\/\/www.instagram.com\/ida.korea\/"]}]}},"jetpack_sharing_enabled":true,"brands":[{"id":107,"name":"MEDIPEEL+","slug":"medipeel"}],"_links":{"self":[{"href":"https:\/\/idakorea.ee\/fi\/wp-json\/wp\/v2\/product\/5021","targetHints":{"allow":["GET"]}}],"collection":[{"href":"https:\/\/idakorea.ee\/fi\/wp-json\/wp\/v2\/product"}],"about":[{"href":"https:\/\/idakorea.ee\/fi\/wp-json\/wp\/v2\/types\/product"}],"replies":[{"embeddable":true,"href":"https:\/\/idakorea.ee\/fi\/wp-json\/wp\/v2\/comments?post=5021"}],"version-history":[{"count":3,"href":"https:\/\/idakorea.ee\/fi\/wp-json\/wp\/v2\/product\/5021\/revisions"}],"predecessor-version":[{"id":14297,"href":"https:\/\/idakorea.ee\/fi\/wp-json\/wp\/v2\/product\/5021\/revisions\/14297"}],"wp:featuredmedia":[{"embeddable":true,"href":"https:\/\/idakorea.ee\/fi\/wp-json\/wp\/v2\/media\/5022"}],"wp:attachment":[{"href":"https:\/\/idakorea.ee\/fi\/wp-json\/wp\/v2\/media?parent=5021"}],"wp:term":[{"taxonomy":"pwb-brand","embeddable":true,"href":"https:\/\/idakorea.ee\/fi\/wp-json\/wp\/v2\/pwb-brand?post=5021"},{"taxonomy":"product_brand","embeddable":true,"href":"https:\/\/idakorea.ee\/fi\/wp-json\/wp\/v2\/product_brand?post=5021"},{"taxonomy":"product_cat","embeddable":true,"href":"https:\/\/idakorea.ee\/fi\/wp-json\/wp\/v2\/product_cat?post=5021"},{"taxonomy":"product_tag","embeddable":true,"href":"https:\/\/idakorea.ee\/fi\/wp-json\/wp\/v2\/product_tag?post=5021"}],"curies":[{"name":"wp","href":"https:\/\/api.w.org\/{rel}","templated":true}]}}