{"id":5035,"date":"2024-06-19T12:54:10","date_gmt":"2024-06-19T12:54:10","guid":{"rendered":"https:\/\/idakorea.ee\/?post_type=product&#038;p=5035"},"modified":"2026-01-30T17:17:59","modified_gmt":"2026-01-30T15:17:59","slug":"peptiidide-ja-hualuroonhappega-noorendavad-silmapadjad-medi-peel-peptide-9-volume-lifting-eye-patch-pro-60-tk","status":"publish","type":"product","link":"https:\/\/idakorea.ee\/fi\/product\/peptiidide-ja-hualuroonhappega-noorendavad-silmapadjad-medi-peel-peptide-9-volume-lifting-eye-patch-pro-60-tk\/","title":{"rendered":"Peptidej\u00e4 ja hyaluronihappoa sis\u00e4lt\u00e4v\u00e4t nuorentavat silm\u00e4laastarit Medi-Peel Peptide 9 Volume Lifting Eye Patch Pro, 60 kpl."},"content":{"rendered":"<p><strong>Medi-Peel Peptide 9 Volume Lifting -silm\u00e4nymp\u00e4ryslaastari Pro<\/strong>\u00a0on innovatiivinen ihonhoitotuote, joka on erityisesti suunniteltu nuorentamaan ja parantamaan herkk\u00e4\u00e4 silm\u00e4nymp\u00e4rysihoa. N\u00e4m\u00e4 ainutlaatuiset silm\u00e4laastarit sis\u00e4lt\u00e4v\u00e4t tehokkaan sekoituksen 9 erilaista peptidi\u00e4 ja 4 erilaista hyaluronihappoa, jotka on huolellisesti kehitetty kosteuttamaan ja kirkastamaan ihoa syv\u00e4lt\u00e4 j\u00e4tt\u00e4en sen n\u00e4kyv\u00e4sti kosteutetuksi ja s\u00e4teilev\u00e4ksi.<\/p>\n<p><strong>T\u00e4rkeimm\u00e4t ominaisuudet:<\/strong><\/p>\n<ul>\n<li>Edistynyt peptidiyhdiste: Sis\u00e4lt\u00e4\u00e4 ainutlaatuisen sekoituksen peptidej\u00e4, kollageenia, siprinsessan juuriuutetta ja acmella oleracea -uutetta. T\u00e4m\u00e4 tehokas sekoitus on suunniteltu v\u00e4hent\u00e4m\u00e4\u00e4n merkitt\u00e4v\u00e4sti ryppyj\u00e4 ja parantamaan ihon kimmoisuutta kohdistuen yleisiin ik\u00e4\u00e4ntymisen merkkeihin.<\/li>\n<li>Hyaluronihappokvartetti: Sis\u00e4lt\u00e4\u00e4 nelj\u00e4\u00e4 erilaista hyaluronihappoa syv\u00e4\u00e4n ja pitk\u00e4kestoiseen kosteutukseen. T\u00e4m\u00e4 monikerroksinen kosteutusmenetelm\u00e4 auttaa yll\u00e4pit\u00e4m\u00e4\u00e4n ihon kiinteytt\u00e4 ja elastisuutta.<\/li>\n<li>Innovatiivinen hydrogeeliteknologia: Levitettyn\u00e4 hydrogeelilaastarien aktiiviset ainesosat sulavat ihoon ja ohenevat v\u00e4hitellen imeytyess\u00e4\u00e4n. T\u00e4m\u00e4 edistynyt teknologia varmistaa, ett\u00e4 aktiiviset ainesosat p\u00e4\u00e4sev\u00e4t tehokkaasti ihosoluihin.<\/li>\n<li>Kattava ik\u00e4\u00e4ntymisen merkkej\u00e4 ehk\u00e4isev\u00e4 vaikutus: laastarit ovat erityisen tehokkaita ik\u00e4\u00e4ntyv\u00e4lle iholle, torjuen aktiivisesti ik\u00e4\u00e4ntymisen ensimm\u00e4isi\u00e4 merkkej\u00e4, syvi\u00e4 ryppyj\u00e4 ja jopa variksenjalkoja. Niill\u00e4 on huomattava kohottava vaikutus, joka tekee ihosta nuoremman ja terveemm\u00e4n n\u00e4k\u00f6isen.<\/li>\n<li>Tehokas ravitsemus ja kirkastus: Tuote ravitsee ihoa tehokkaasti, lis\u00e4\u00e4 kudosten vahvuutta ja kimmoisuutta. Se my\u00f6s kirkastaa ihoa hell\u00e4varaisesti ja v\u00e4hent\u00e4\u00e4 tummien silm\u00e4nalusten n\u00e4kymist\u00e4.<\/li>\n<\/ul>\n<p>Silm\u00e4laastarit stimuloivat verenkiertoa antaen silmille raikkaan ja lev\u00e4nneen ilmeen. Ne my\u00f6s v\u00e4hent\u00e4v\u00e4t tehokkaasti turvotusta ja lis\u00e4\u00e4v\u00e4t yleist\u00e4 nuorentavaa vaikutusta.<\/p>\n<p><strong>Medi Peel Peptide 9 Volume Lifting -silm\u00e4nymp\u00e4ryslaastari Pro<\/strong>\u00a0on ihanteellinen niille, jotka etsiv\u00e4t kohdennettua ratkaisua ryppyjen, turvotuksen ja ik\u00e4\u00e4ntymisen merkkien torjuntaan silm\u00e4nymp\u00e4rysiholla, ja se on v\u00e4ltt\u00e4m\u00e4t\u00f6n osa kokonaisvaltaista ihonhoitorutiinia. Koe muutos nuorekkaampaan ja terveemm\u00e4n n\u00e4k\u00f6iseen ihoon n\u00e4iden edistyneiden silm\u00e4laastarien avulla.<\/p>\n<p><strong>K\u00e4ytt\u00f6: <\/strong>Aseta laastarit silmiisi. Poista ne 20\u201330 minuutin kuluttua ja taputtele j\u00e4ljelle j\u00e4\u00e4nyt voide hell\u00e4varaisesti ihoon imeyty\u00e4ksesi.<\/p>","protected":false},"excerpt":{"rendered":"<p>Medi-Peel Peptide 9 Volume Lifting Eye Patch Pro on innovatiivinen ihonhoitotuote, joka on suunniteltu erityisesti nuorentamaan ja korjaamaan herkk\u00e4\u00e4 silm\u00e4nymp\u00e4rysihoa. N\u00e4m\u00e4 merkitt\u00e4v\u00e4t silm\u00e4laastarit sis\u00e4lt\u00e4v\u00e4t tehokkaan sekoituksen 9 erityyppist\u00e4 peptidi\u00e4 ja 4 erityyppist\u00e4 hyaluronihappoa, jotka on suunniteltu huolellisesti kosteuttamaan ja kirkastamaan ihoa syv\u00e4sti ja j\u00e4tt\u00e4m\u00e4\u00e4n sen n\u00e4kyv\u00e4sti kosteutetuksi ja s\u00e4teilev\u00e4ksi. Keskeiset ominaisuudet: Peitt\u00e4v\u00e4t silm\u00e4nymp\u00e4rysihon.<\/p>","protected":false},"featured_media":13358,"comment_status":"open","ping_status":"closed","template":"","meta":{"_uf_show_specific_survey":0,"_uf_disable_surveys":false,"_bst_post_transparent":"default","_bst_post_title":"","_bst_post_layout":"default","_bst_post_sidebar_id":"","_bst_post_content_style":"default","_bst_post_vertical_padding":"default","_bst_post_feature":"","_bst_post_feature_position":"","_bst_post_header":false,"_bst_post_footer":false},"pwb-brand":[107],"product_brand":[],"product_cat":[92,99,385],"product_tag":[249,381],"class_list":{"0":"post-5035","1":"product","2":"type-product","3":"status-publish","4":"has-post-thumbnail","6":"pwb-brand-medipeel","7":"product_cat-nagu","8":"product_cat-silmad-ja-huuled-2","9":"product_cat-silmapadjad","10":"product_tag-medi-peel","11":"product_tag-medipeel","13":"first","14":"outofstock","15":"sale","16":"shipping-taxable","17":"purchasable","18":"product-type-simple","19":"entry","20":"content-bg","21":"loop-entry"},"supplier_id":null,"supplier_sku":"","barcode":null,"atum_controlled":true,"out_stock_date":"2025-12-07 17:57:42","out_stock_threshold":null,"inheritable":false,"inbound_stock":0,"stock_on_hold":0,"sold_today":0,"sales_last_days":0,"out_stock_days":127,"lost_sales":415,"has_location":false,"update_date":"2026-04-14T00:05:07","atum_locations":[],"atum_stock_status":"outofstock","restock_status":false,"low_stock_amount":"","sales_update_date":"2026-04-14T00:05:07","calc_backorders":null,"yoast_head":"<!-- This site is optimized with the Yoast SEO plugin v27.2 - https:\/\/yoast.com\/product\/yoast-seo-wordpress\/ -->\n<title>Peptiidide ja h\u00fcaluroonhappega noorendavad silmapadjad Medi-Peel Peptide 9 Volume Lifting Eye Patch Pro, 60 tk - IDA.KOREA<\/title>\n<meta name=\"description\" content=\"Medi-Peel Peptide 9 Volume Lifting Eye Patch Pro\u00a0on uuenduslik nahahooldustoode, mis on spetsiaalselt m\u00f5eldud silmade \u00fcmbruse \u00f5rna naha noorendamiseks ja parandamiseks. Need t\u00e4helepanuv\u00e4\u00e4rsed silmaplaastrid sisaldavad 9 t\u00fc\u00fcpi peptiidide ja 4 t\u00fc\u00fcpi h\u00fcaluroonhappe v\u00f5imsat segu, mis on hoolikalt koostatud, et s\u00fcgavuti niisutada ja helendada nahka, j\u00e4ttes selle n\u00e4htavalt niisutatuks ja s\u00e4ravaks.\" \/>\n<meta name=\"robots\" content=\"index, follow, max-snippet:-1, max-image-preview:large, max-video-preview:-1\" \/>\n<link rel=\"canonical\" href=\"https:\/\/idakorea.ee\/fi\/product\/peptiidide-ja-hualuroonhappega-noorendavad-silmapadjad-medi-peel-peptide-9-volume-lifting-eye-patch-pro-60-tk\/\" \/>\n<meta property=\"og:locale\" content=\"fi_FI\" \/>\n<meta property=\"og:type\" content=\"article\" \/>\n<meta property=\"og:title\" content=\"Peptiidide ja h\u00fcaluroonhappega noorendavad silmapadjad Medi-Peel Peptide 9 Volume Lifting Eye Patch Pro, 60 tk - IDA.KOREA\" \/>\n<meta property=\"og:description\" content=\"Medi-Peel Peptide 9 Volume Lifting Eye Patch Pro\u00a0on uuenduslik nahahooldustoode, mis on spetsiaalselt m\u00f5eldud silmade \u00fcmbruse \u00f5rna naha noorendamiseks ja parandamiseks. Need t\u00e4helepanuv\u00e4\u00e4rsed silmaplaastrid sisaldavad 9 t\u00fc\u00fcpi peptiidide ja 4 t\u00fc\u00fcpi h\u00fcaluroonhappe v\u00f5imsat segu, mis on hoolikalt koostatud, et s\u00fcgavuti niisutada ja helendada nahka, j\u00e4ttes selle n\u00e4htavalt niisutatuks ja s\u00e4ravaks.\" \/>\n<meta property=\"og:url\" content=\"https:\/\/idakorea.ee\/fi\/product\/peptiidide-ja-hualuroonhappega-noorendavad-silmapadjad-medi-peel-peptide-9-volume-lifting-eye-patch-pro-60-tk\/\" \/>\n<meta property=\"og:site_name\" content=\"IDA.KOREA\" \/>\n<meta property=\"article:modified_time\" content=\"2026-01-30T15:17:59+00:00\" \/>\n<meta property=\"og:image\" content=\"https:\/\/idakorea.ee\/wp-content\/uploads\/2024\/06\/medi-peelpeptide9volumeliftingeyepatchpro-idakorea.webp\" \/>\n\t<meta property=\"og:image:width\" content=\"1100\" \/>\n\t<meta property=\"og:image:height\" content=\"1100\" \/>\n\t<meta property=\"og:image:type\" content=\"image\/webp\" \/>\n<meta name=\"twitter:card\" content=\"summary_large_image\" \/>\n<meta name=\"twitter:label1\" content=\"Arvioitu lukuaika\" \/>\n\t<meta name=\"twitter:data1\" content=\"2 minuuttia\" \/>\n<script type=\"application\/ld+json\" class=\"yoast-schema-graph\">{\"@context\":\"https:\/\/schema.org\",\"@graph\":[{\"@type\":\"WebPage\",\"@id\":\"https:\/\/idakorea.ee\/product\/peptiidide-ja-hualuroonhappega-noorendavad-silmapadjad-medi-peel-peptide-9-volume-lifting-eye-patch-pro-60-tk\/\",\"url\":\"https:\/\/idakorea.ee\/product\/peptiidide-ja-hualuroonhappega-noorendavad-silmapadjad-medi-peel-peptide-9-volume-lifting-eye-patch-pro-60-tk\/\",\"name\":\"Peptiidide ja h\u00fcaluroonhappega noorendavad silmapadjad Medi-Peel Peptide 9 Volume Lifting Eye Patch Pro, 60 tk - IDA.KOREA\",\"isPartOf\":{\"@id\":\"https:\/\/idakorea.ee\/#website\"},\"primaryImageOfPage\":{\"@id\":\"https:\/\/idakorea.ee\/product\/peptiidide-ja-hualuroonhappega-noorendavad-silmapadjad-medi-peel-peptide-9-volume-lifting-eye-patch-pro-60-tk\/#primaryimage\"},\"image\":{\"@id\":\"https:\/\/idakorea.ee\/product\/peptiidide-ja-hualuroonhappega-noorendavad-silmapadjad-medi-peel-peptide-9-volume-lifting-eye-patch-pro-60-tk\/#primaryimage\"},\"thumbnailUrl\":\"https:\/\/idakorea.ee\/wp-content\/uploads\/2024\/06\/medi-peelpeptide9volumeliftingeyepatchpro-idakorea.webp\",\"datePublished\":\"2024-06-19T12:54:10+00:00\",\"dateModified\":\"2026-01-30T15:17:59+00:00\",\"description\":\"Medi-Peel Peptide 9 Volume Lifting Eye Patch Pro\u00a0on uuenduslik nahahooldustoode, mis on spetsiaalselt m\u00f5eldud silmade \u00fcmbruse \u00f5rna naha noorendamiseks ja parandamiseks. Need t\u00e4helepanuv\u00e4\u00e4rsed silmaplaastrid sisaldavad 9 t\u00fc\u00fcpi peptiidide ja 4 t\u00fc\u00fcpi h\u00fcaluroonhappe v\u00f5imsat segu, mis on hoolikalt koostatud, et s\u00fcgavuti niisutada ja helendada nahka, j\u00e4ttes selle n\u00e4htavalt niisutatuks ja s\u00e4ravaks.\",\"breadcrumb\":{\"@id\":\"https:\/\/idakorea.ee\/product\/peptiidide-ja-hualuroonhappega-noorendavad-silmapadjad-medi-peel-peptide-9-volume-lifting-eye-patch-pro-60-tk\/#breadcrumb\"},\"inLanguage\":\"fi\",\"potentialAction\":[{\"@type\":\"ReadAction\",\"target\":[\"https:\/\/idakorea.ee\/product\/peptiidide-ja-hualuroonhappega-noorendavad-silmapadjad-medi-peel-peptide-9-volume-lifting-eye-patch-pro-60-tk\/\"]}]},{\"@type\":\"ImageObject\",\"inLanguage\":\"fi\",\"@id\":\"https:\/\/idakorea.ee\/product\/peptiidide-ja-hualuroonhappega-noorendavad-silmapadjad-medi-peel-peptide-9-volume-lifting-eye-patch-pro-60-tk\/#primaryimage\",\"url\":\"https:\/\/idakorea.ee\/wp-content\/uploads\/2024\/06\/medi-peelpeptide9volumeliftingeyepatchpro-idakorea.webp\",\"contentUrl\":\"https:\/\/idakorea.ee\/wp-content\/uploads\/2024\/06\/medi-peelpeptide9volumeliftingeyepatchpro-idakorea.webp\",\"width\":1100,\"height\":1100},{\"@type\":\"BreadcrumbList\",\"@id\":\"https:\/\/idakorea.ee\/product\/peptiidide-ja-hualuroonhappega-noorendavad-silmapadjad-medi-peel-peptide-9-volume-lifting-eye-patch-pro-60-tk\/#breadcrumb\",\"itemListElement\":[{\"@type\":\"ListItem\",\"position\":1,\"name\":\"\u0413\u043b\u0430\u0432\u043d\u0430\u044f \u0441\u0442\u0440\u0430\u043d\u0438\u0446\u0430\",\"item\":\"https:\/\/idakorea.ee\/\"},{\"@type\":\"ListItem\",\"position\":2,\"name\":\"Shop\",\"item\":\"https:\/\/idakorea.ee\/shop-2\/\"},{\"@type\":\"ListItem\",\"position\":3,\"name\":\"Peptiidide ja h\u00fcaluroonhappega noorendavad silmapadjad Medi-Peel Peptide 9 Volume Lifting Eye Patch Pro, 60 tk\"}]},{\"@type\":\"WebSite\",\"@id\":\"https:\/\/idakorea.ee\/#website\",\"url\":\"https:\/\/idakorea.ee\/\",\"name\":\"IDA.KOREA\",\"description\":\"Korea kosmeetika e-pood\",\"publisher\":{\"@id\":\"https:\/\/idakorea.ee\/#organization\"},\"alternateName\":\"Beauty Shop\",\"potentialAction\":[{\"@type\":\"SearchAction\",\"target\":{\"@type\":\"EntryPoint\",\"urlTemplate\":\"https:\/\/idakorea.ee\/?s={search_term_string}\"},\"query-input\":{\"@type\":\"PropertyValueSpecification\",\"valueRequired\":true,\"valueName\":\"search_term_string\"}}],\"inLanguage\":\"fi\"},{\"@type\":\"Organization\",\"@id\":\"https:\/\/idakorea.ee\/#organization\",\"name\":\"IDA.KOREA\",\"url\":\"https:\/\/idakorea.ee\/\",\"logo\":{\"@type\":\"ImageObject\",\"inLanguage\":\"fi\",\"@id\":\"https:\/\/idakorea.ee\/#\/schema\/logo\/image\/\",\"url\":\"https:\/\/idakorea.ee\/wp-content\/uploads\/2024\/05\/cropped-korea3.png\",\"contentUrl\":\"https:\/\/idakorea.ee\/wp-content\/uploads\/2024\/05\/cropped-korea3.png\",\"width\":688,\"height\":126,\"caption\":\"IDA.KOREA\"},\"image\":{\"@id\":\"https:\/\/idakorea.ee\/#\/schema\/logo\/image\/\"},\"sameAs\":[\"https:\/\/www.instagram.com\/ida.korea\/\"]}]}<\/script>\n<!-- \/ Yoast SEO plugin. -->","yoast_head_json":{"title":"Medi-Peel Peptide 9 Volume Lifting Eye Patch Pro, 60 kpl - IDA.KOREA","description":"Medi-Peel Peptide 9 Volume Lifting Eye Patch Pro on innovatiivinen ihonhoitotuote, joka on erityisesti suunniteltu nuorentamaan ja parantamaan herkk\u00e4\u00e4 silm\u00e4nymp\u00e4rysihoa. N\u00e4m\u00e4 ainutlaatuiset silm\u00e4laastarit sis\u00e4lt\u00e4v\u00e4t tehokkaan sekoituksen 9 erilaista peptidi\u00e4 ja 4 erilaista hyaluronihappoa, jotka on huolellisesti kehitetty kosteuttamaan ja kirkastamaan ihoa syv\u00e4lt\u00e4 j\u00e4tt\u00e4en sen n\u00e4kyv\u00e4sti kosteutetuksi ja s\u00e4teilev\u00e4ksi.","robots":{"index":"index","follow":"follow","max-snippet":"max-snippet:-1","max-image-preview":"max-image-preview:large","max-video-preview":"max-video-preview:-1"},"canonical":"https:\/\/idakorea.ee\/fi\/product\/peptiidide-ja-hualuroonhappega-noorendavad-silmapadjad-medi-peel-peptide-9-volume-lifting-eye-patch-pro-60-tk\/","og_locale":"fi_FI","og_type":"article","og_title":"Peptiidide ja h\u00fcaluroonhappega noorendavad silmapadjad Medi-Peel Peptide 9 Volume Lifting Eye Patch Pro, 60 tk - IDA.KOREA","og_description":"Medi-Peel Peptide 9 Volume Lifting Eye Patch Pro\u00a0on uuenduslik nahahooldustoode, mis on spetsiaalselt m\u00f5eldud silmade \u00fcmbruse \u00f5rna naha noorendamiseks ja parandamiseks. Need t\u00e4helepanuv\u00e4\u00e4rsed silmaplaastrid sisaldavad 9 t\u00fc\u00fcpi peptiidide ja 4 t\u00fc\u00fcpi h\u00fcaluroonhappe v\u00f5imsat segu, mis on hoolikalt koostatud, et s\u00fcgavuti niisutada ja helendada nahka, j\u00e4ttes selle n\u00e4htavalt niisutatuks ja s\u00e4ravaks.","og_url":"https:\/\/idakorea.ee\/fi\/product\/peptiidide-ja-hualuroonhappega-noorendavad-silmapadjad-medi-peel-peptide-9-volume-lifting-eye-patch-pro-60-tk\/","og_site_name":"IDA.KOREA","article_modified_time":"2026-01-30T15:17:59+00:00","og_image":[{"width":1100,"height":1100,"url":"https:\/\/idakorea.ee\/wp-content\/uploads\/2024\/06\/medi-peelpeptide9volumeliftingeyepatchpro-idakorea.webp","type":"image\/webp"}],"twitter_card":"summary_large_image","twitter_misc":{"Arvioitu lukuaika":"2 minuuttia"},"schema":{"@context":"https:\/\/schema.org","@graph":[{"@type":"WebPage","@id":"https:\/\/idakorea.ee\/product\/peptiidide-ja-hualuroonhappega-noorendavad-silmapadjad-medi-peel-peptide-9-volume-lifting-eye-patch-pro-60-tk\/","url":"https:\/\/idakorea.ee\/product\/peptiidide-ja-hualuroonhappega-noorendavad-silmapadjad-medi-peel-peptide-9-volume-lifting-eye-patch-pro-60-tk\/","name":"Medi-Peel Peptide 9 Volume Lifting Eye Patch Pro, 60 kpl - IDA.KOREA","isPartOf":{"@id":"https:\/\/idakorea.ee\/#website"},"primaryImageOfPage":{"@id":"https:\/\/idakorea.ee\/product\/peptiidide-ja-hualuroonhappega-noorendavad-silmapadjad-medi-peel-peptide-9-volume-lifting-eye-patch-pro-60-tk\/#primaryimage"},"image":{"@id":"https:\/\/idakorea.ee\/product\/peptiidide-ja-hualuroonhappega-noorendavad-silmapadjad-medi-peel-peptide-9-volume-lifting-eye-patch-pro-60-tk\/#primaryimage"},"thumbnailUrl":"https:\/\/idakorea.ee\/wp-content\/uploads\/2024\/06\/medi-peelpeptide9volumeliftingeyepatchpro-idakorea.webp","datePublished":"2024-06-19T12:54:10+00:00","dateModified":"2026-01-30T15:17:59+00:00","description":"Medi-Peel Peptide 9 Volume Lifting Eye Patch Pro on innovatiivinen ihonhoitotuote, joka on erityisesti suunniteltu nuorentamaan ja parantamaan herkk\u00e4\u00e4 silm\u00e4nymp\u00e4rysihoa. N\u00e4m\u00e4 ainutlaatuiset silm\u00e4laastarit sis\u00e4lt\u00e4v\u00e4t tehokkaan sekoituksen 9 erilaista peptidi\u00e4 ja 4 erilaista hyaluronihappoa, jotka on huolellisesti kehitetty kosteuttamaan ja kirkastamaan ihoa syv\u00e4lt\u00e4 j\u00e4tt\u00e4en sen n\u00e4kyv\u00e4sti kosteutetuksi ja s\u00e4teilev\u00e4ksi.","breadcrumb":{"@id":"https:\/\/idakorea.ee\/product\/peptiidide-ja-hualuroonhappega-noorendavad-silmapadjad-medi-peel-peptide-9-volume-lifting-eye-patch-pro-60-tk\/#breadcrumb"},"inLanguage":"fi","potentialAction":[{"@type":"ReadAction","target":["https:\/\/idakorea.ee\/product\/peptiidide-ja-hualuroonhappega-noorendavad-silmapadjad-medi-peel-peptide-9-volume-lifting-eye-patch-pro-60-tk\/"]}]},{"@type":"ImageObject","inLanguage":"fi","@id":"https:\/\/idakorea.ee\/product\/peptiidide-ja-hualuroonhappega-noorendavad-silmapadjad-medi-peel-peptide-9-volume-lifting-eye-patch-pro-60-tk\/#primaryimage","url":"https:\/\/idakorea.ee\/wp-content\/uploads\/2024\/06\/medi-peelpeptide9volumeliftingeyepatchpro-idakorea.webp","contentUrl":"https:\/\/idakorea.ee\/wp-content\/uploads\/2024\/06\/medi-peelpeptide9volumeliftingeyepatchpro-idakorea.webp","width":1100,"height":1100},{"@type":"BreadcrumbList","@id":"https:\/\/idakorea.ee\/product\/peptiidide-ja-hualuroonhappega-noorendavad-silmapadjad-medi-peel-peptide-9-volume-lifting-eye-patch-pro-60-tk\/#breadcrumb","itemListElement":[{"@type":"ListItem","position":1,"name":"\u0413\u043b\u0430\u0432\u043d\u0430\u044f \u0441\u0442\u0440\u0430\u043d\u0438\u0446\u0430","item":"https:\/\/idakorea.ee\/"},{"@type":"ListItem","position":2,"name":"Shop","item":"https:\/\/idakorea.ee\/shop-2\/"},{"@type":"ListItem","position":3,"name":"Peptiidide ja h\u00fcaluroonhappega noorendavad silmapadjad Medi-Peel Peptide 9 Volume Lifting Eye Patch Pro, 60 tk"}]},{"@type":"WebSite","@id":"https:\/\/idakorea.ee\/#website","url":"https:\/\/idakorea.ee\/","name":"IDA.KOREA","description":"Korean kosmetiikan verkkokauppa","publisher":{"@id":"https:\/\/idakorea.ee\/#organization"},"alternateName":"Beauty Shop","potentialAction":[{"@type":"SearchAction","target":{"@type":"EntryPoint","urlTemplate":"https:\/\/idakorea.ee\/?s={search_term_string}"},"query-input":{"@type":"PropertyValueSpecification","valueRequired":true,"valueName":"search_term_string"}}],"inLanguage":"fi"},{"@type":"Organization","@id":"https:\/\/idakorea.ee\/#organization","name":"IDA.KOREA","url":"https:\/\/idakorea.ee\/","logo":{"@type":"ImageObject","inLanguage":"fi","@id":"https:\/\/idakorea.ee\/#\/schema\/logo\/image\/","url":"https:\/\/idakorea.ee\/wp-content\/uploads\/2024\/05\/cropped-korea3.png","contentUrl":"https:\/\/idakorea.ee\/wp-content\/uploads\/2024\/05\/cropped-korea3.png","width":688,"height":126,"caption":"IDA.KOREA"},"image":{"@id":"https:\/\/idakorea.ee\/#\/schema\/logo\/image\/"},"sameAs":["https:\/\/www.instagram.com\/ida.korea\/"]}]}},"jetpack_sharing_enabled":true,"brands":[{"id":107,"name":"MEDIPEEL+","slug":"medipeel"}],"_links":{"self":[{"href":"https:\/\/idakorea.ee\/fi\/wp-json\/wp\/v2\/product\/5035","targetHints":{"allow":["GET"]}}],"collection":[{"href":"https:\/\/idakorea.ee\/fi\/wp-json\/wp\/v2\/product"}],"about":[{"href":"https:\/\/idakorea.ee\/fi\/wp-json\/wp\/v2\/types\/product"}],"replies":[{"embeddable":true,"href":"https:\/\/idakorea.ee\/fi\/wp-json\/wp\/v2\/comments?post=5035"}],"version-history":[{"count":1,"href":"https:\/\/idakorea.ee\/fi\/wp-json\/wp\/v2\/product\/5035\/revisions"}],"predecessor-version":[{"id":9469,"href":"https:\/\/idakorea.ee\/fi\/wp-json\/wp\/v2\/product\/5035\/revisions\/9469"}],"wp:featuredmedia":[{"embeddable":true,"href":"https:\/\/idakorea.ee\/fi\/wp-json\/wp\/v2\/media\/13358"}],"wp:attachment":[{"href":"https:\/\/idakorea.ee\/fi\/wp-json\/wp\/v2\/media?parent=5035"}],"wp:term":[{"taxonomy":"pwb-brand","embeddable":true,"href":"https:\/\/idakorea.ee\/fi\/wp-json\/wp\/v2\/pwb-brand?post=5035"},{"taxonomy":"product_brand","embeddable":true,"href":"https:\/\/idakorea.ee\/fi\/wp-json\/wp\/v2\/product_brand?post=5035"},{"taxonomy":"product_cat","embeddable":true,"href":"https:\/\/idakorea.ee\/fi\/wp-json\/wp\/v2\/product_cat?post=5035"},{"taxonomy":"product_tag","embeddable":true,"href":"https:\/\/idakorea.ee\/fi\/wp-json\/wp\/v2\/product_tag?post=5035"}],"curies":[{"name":"wp","href":"https:\/\/api.w.org\/{rel}","templated":true}]}}