{"id":5047,"date":"2024-06-20T07:22:49","date_gmt":"2024-06-20T07:22:49","guid":{"rendered":"https:\/\/idakorea.ee\/?post_type=product&#038;p=5047"},"modified":"2026-02-10T19:48:58","modified_gmt":"2026-02-10T17:48:58","slug":"detox-efektiga-kooriv-mask-medi-peel-herbal-peel-tox-pro","status":"publish","type":"product","link":"https:\/\/idakorea.ee\/fi\/product\/detox-efektiga-kooriv-mask-medi-peel-herbal-peel-tox-pro\/","title":{"rendered":"Medi-peel Herbal Peel Tox PRO, 120g"},"content":{"rendered":"<p><strong>Yrttim\u00e4inen Peel-Tox Detox -naamio PRO<\/strong> P\u00e4ivitetty ja parannettu versio antaa iholle sile\u00e4n, tasaisen s\u00e4vyn ja terveen hehkun.<\/p>\n<p>\u25aa\ufe0fPuhdistaa ja kuorii.<\/p>\n<p>\u25aa\ufe0fSill\u00e4 on voimakas antioksidanttinen vaikutus<\/p>\n<p>\u25aa\ufe0fParantaa ihon s\u00e4vy\u00e4 ja ulkon\u00e4k\u00f6\u00e4.<\/p>\n<p>\u25aa\ufe0fLiuottaa \u00f6ljytulppia ja ep\u00e4puhtauksia ihohuokosista.<\/p>\n<p>\u25aa\ufe0fS\u00e4\u00e4telee talintuotantoa.<\/p>\n<p>\u25aa\ufe0fLis\u00e4\u00e4 kimmoisuutta ja s\u00e4vy\u00e4 - koostumuksen sis\u00e4lt\u00e4mien peptidien, hyaluronihapon ja yrttikompleksin ansiosta.<\/p>\n<p>\u25aa\ufe0fAuttaa torjumaan ihon ep\u00e4t\u00e4ydellisyyksi\u00e4, nopeuttaa tulehduksen paranemista ja v\u00e4hent\u00e4\u00e4 aknen j\u00e4lkeisten j\u00e4lkien n\u00e4kymist\u00e4.<\/p>\n<p>Spicule-jauhenaamion p\u00e4\u00e4ainesosa on nanokokoinen merisieni, joka toimii mikroneulojen tavoin, jolloin aktiiviset ainesosat tunkeutuvat syvemm\u00e4lle ihoon, parantaen verenkiertoa ja poistaen myrkkyj\u00e4.<\/p>\n<p>Specula sis\u00e4lt\u00e4\u00e4 yli 60 hy\u00f6dyllist\u00e4 meri-mikro-organismia, 21 erilaista aminohappoa ja 14 erilaista mineraalia.<\/p>\n<p>Spicules pystyy tunkeutumaan syv\u00e4lle dermiksen kerrokseen stimuloiden kollageenin ja elastiinin kuitujen tuotantoa, jotka ovat vastuussa ihon kimmoisuudesta.<\/p>\n<p><strong>Kokoonpano ja toiminta:<\/strong><\/p>\n<p>\u25aa\ufe0fKoiruohoa ja vihre\u00e4n teen hiukkasia. Kuorii hell\u00e4varaisesti, rauhoittaa, ehk\u00e4isee tulehdusta ja hillitsee rasvaisuutta.<\/p>\n<p>\u25aa\ufe0fBentoniitti. Poistaa ihohuokosista talirauhasten kertymisen ja supistaa niit\u00e4.<\/p>\n<p>\u25aa\ufe0fVorost. Kaikki hivenaineet ovat l\u00e4sn\u00e4 t\u00e4\u00e4ll\u00e4. Lis\u00e4ksi sellaisia, joita ei l\u00f6ydy mist\u00e4\u00e4n maalla kasvavasta kasvista.\u2800<\/p>\n<p>\u25aa\ufe0f Pikkuleiv\u00e4t (pieni\u00e4 neuloja, jotka muodostavat merisienen luurangon).<\/p>\n<p>Ne virkist\u00e4v\u00e4t ihoa, stimuloivat kollageenin ja elastiinin tuotantoa ja parantavat kaikkien naamion ainesosien imeytymist\u00e4 ja tehokkuutta.<\/p>\n<p>\u25aa\ufe0fYli 40 kasviuutetta. Ne vaikuttavat ihoon joka puolelta \u2013 ravitsevat, kosteuttavat, pehment\u00e4v\u00e4t, suojaavat vapailta radikaaleilta ja ennenaikaisilta ryppyilt\u00e4.<\/p>\n<p>\u25aa 9 peptidin kompleksi. Vaikuttaa nuorentavasti, lis\u00e4\u00e4 kimmoisuutta ja s\u00e4vy\u00e4.<\/p>\n<p>Sopii kaikille ihotyypeille.<\/p>\n<p><strong>K\u00e4ytt\u00f6:\u00a0<\/strong>1. Pese ja pyyhi iho kasvovedell\u00e4; 2. Levit\u00e4 naamio tasaisesti iholle v\u00e4ltt\u00e4en silm\u00e4nymp\u00e4rysihoa; 3. Painele kevyesti k\u00e4mmenill\u00e4si; 4. Pese naamio pois 15 minuutin kuluttua. On suositeltavaa k\u00e4ytt\u00e4\u00e4 1-2 kertaa viikossa.<\/p>\n<p>&nbsp;<\/p>","protected":false},"excerpt":{"rendered":"<p>Uudistettu ja parannettu versio Herbal Peel-Tox Detox Mask PRO -kasvonaamiosta antaa ihollesi sile\u00e4n, tasaisen s\u00e4vyn ja terveen hehkun. \u25aa\ufe0fPuhastab, kuorii. \u25aa\ufe0fOn voimakas antioksidanttivaikutus \u25aa\ufe0fParandab kiinteytt\u00e4 ja s\u00e4vy\u00e4. \u25aa\ufe0fLahustab huokoset, rasvasolut ja ep\u00e4puhtaudet. \u25aa\ufe0fReguleerib rasvan tuotantoa. \u25aa\ufe0fT\u00f5stab kimmoisuutta ja s\u00e4vy\u00e4 - kaavan sis\u00e4lt\u00e4mien peptidien, hyaluronihapon ja kasvikompleksin ansiosta. \u25aa\ufe0fAitab torjuu ihon ep\u00e4t\u00e4ydellisyyksi\u00e4, nopeuttaa...<\/p>","protected":false},"featured_media":5048,"comment_status":"open","ping_status":"closed","template":"","meta":{"_uf_show_specific_survey":0,"_uf_disable_surveys":false,"_bst_post_transparent":"default","_bst_post_title":"","_bst_post_layout":"default","_bst_post_sidebar_id":"","_bst_post_content_style":"default","_bst_post_vertical_padding":"default","_bst_post_feature":"","_bst_post_feature_position":"","_bst_post_header":false,"_bst_post_footer":false},"pwb-brand":[107],"product_brand":[],"product_cat":[92,98],"product_tag":[233,377,202,249],"class_list":{"0":"post-5047","1":"product","2":"type-product","3":"status-publish","4":"has-post-thumbnail","6":"pwb-brand-medipeel","7":"product_cat-nagu","8":"product_cat-naomaskid","9":"product_tag-internet-pood-eesti","10":"product_tag-k-beauty-2","11":"product_tag-korea-kosmeetika","12":"product_tag-medi-peel","14":"first","15":"instock","16":"sale","17":"shipping-taxable","18":"purchasable","19":"product-type-simple","20":"entry","21":"content-bg","22":"loop-entry"},"supplier_id":null,"supplier_sku":"","barcode":null,"atum_controlled":true,"out_stock_date":null,"out_stock_threshold":null,"inheritable":false,"inbound_stock":0,"stock_on_hold":0,"sold_today":0,"sales_last_days":0,"out_stock_days":0,"lost_sales":0,"has_location":false,"update_date":"2026-04-14T00:05:09","atum_locations":[],"atum_stock_status":"instock","restock_status":false,"low_stock_amount":"","sales_update_date":"2026-04-14T00:05:09","calc_backorders":null,"yoast_head":"<!-- This site is optimized with the Yoast SEO plugin v27.2 - https:\/\/yoast.com\/product\/yoast-seo-wordpress\/ -->\n<title>MediPeel Herbal Peel Tox PRO, 120g - IDA.KOREA<\/title>\n<meta name=\"description\" content=\"Herbal Peel-Tox Detox Mask PRO uuendatud ja t\u00e4iustatud versioon annab nahale sileduse, \u00fchtlase tooni ja tervisliku s\u00e4ra. - Kiire tarne!\" \/>\n<meta name=\"robots\" content=\"index, follow, max-snippet:-1, max-image-preview:large, max-video-preview:-1\" \/>\n<link rel=\"canonical\" href=\"https:\/\/idakorea.ee\/fi\/product\/detox-efektiga-kooriv-mask-medi-peel-herbal-peel-tox-pro\/\" \/>\n<meta property=\"og:locale\" content=\"fi_FI\" \/>\n<meta property=\"og:type\" content=\"article\" \/>\n<meta property=\"og:title\" content=\"MediPeel Herbal Peel Tox PRO, 120g - IDA.KOREA\" \/>\n<meta property=\"og:description\" content=\"Herbal Peel-Tox Detox Mask PRO uuendatud ja t\u00e4iustatud versioon annab nahale sileduse, \u00fchtlase tooni ja tervisliku s\u00e4ra. - Kiire tarne!\" \/>\n<meta property=\"og:url\" content=\"https:\/\/idakorea.ee\/fi\/product\/detox-efektiga-kooriv-mask-medi-peel-herbal-peel-tox-pro\/\" \/>\n<meta property=\"og:site_name\" content=\"IDA.KOREA\" \/>\n<meta property=\"article:modified_time\" content=\"2026-02-10T17:48:58+00:00\" \/>\n<meta property=\"og:image\" content=\"https:\/\/idakorea.ee\/wp-content\/uploads\/2024\/06\/Group-4-_27_-_1_.png\" \/>\n\t<meta property=\"og:image:width\" content=\"1000\" \/>\n\t<meta property=\"og:image:height\" content=\"1000\" \/>\n\t<meta property=\"og:image:type\" content=\"image\/png\" \/>\n<meta name=\"twitter:card\" content=\"summary_large_image\" \/>\n<meta name=\"twitter:label1\" content=\"Arvioitu lukuaika\" \/>\n\t<meta name=\"twitter:data1\" content=\"2 minuuttia\" \/>\n<script type=\"application\/ld+json\" class=\"yoast-schema-graph\">{\"@context\":\"https:\/\/schema.org\",\"@graph\":[{\"@type\":\"WebPage\",\"@id\":\"https:\/\/idakorea.ee\/product\/detox-efektiga-kooriv-mask-medi-peel-herbal-peel-tox-pro\/\",\"url\":\"https:\/\/idakorea.ee\/product\/detox-efektiga-kooriv-mask-medi-peel-herbal-peel-tox-pro\/\",\"name\":\"MediPeel Herbal Peel Tox PRO, 120g - IDA.KOREA\",\"isPartOf\":{\"@id\":\"https:\/\/idakorea.ee\/#website\"},\"primaryImageOfPage\":{\"@id\":\"https:\/\/idakorea.ee\/product\/detox-efektiga-kooriv-mask-medi-peel-herbal-peel-tox-pro\/#primaryimage\"},\"image\":{\"@id\":\"https:\/\/idakorea.ee\/product\/detox-efektiga-kooriv-mask-medi-peel-herbal-peel-tox-pro\/#primaryimage\"},\"thumbnailUrl\":\"https:\/\/idakorea.ee\/wp-content\/uploads\/2024\/06\/Group-4-_27_-_1_.png\",\"datePublished\":\"2024-06-20T07:22:49+00:00\",\"dateModified\":\"2026-02-10T17:48:58+00:00\",\"description\":\"Herbal Peel-Tox Detox Mask PRO uuendatud ja t\u00e4iustatud versioon annab nahale sileduse, \u00fchtlase tooni ja tervisliku s\u00e4ra. - Kiire tarne!\",\"breadcrumb\":{\"@id\":\"https:\/\/idakorea.ee\/product\/detox-efektiga-kooriv-mask-medi-peel-herbal-peel-tox-pro\/#breadcrumb\"},\"inLanguage\":\"fi\",\"potentialAction\":[{\"@type\":\"ReadAction\",\"target\":[\"https:\/\/idakorea.ee\/product\/detox-efektiga-kooriv-mask-medi-peel-herbal-peel-tox-pro\/\"]}]},{\"@type\":\"ImageObject\",\"inLanguage\":\"fi\",\"@id\":\"https:\/\/idakorea.ee\/product\/detox-efektiga-kooriv-mask-medi-peel-herbal-peel-tox-pro\/#primaryimage\",\"url\":\"https:\/\/idakorea.ee\/wp-content\/uploads\/2024\/06\/Group-4-_27_-_1_.png\",\"contentUrl\":\"https:\/\/idakorea.ee\/wp-content\/uploads\/2024\/06\/Group-4-_27_-_1_.png\",\"width\":1000,\"height\":1000},{\"@type\":\"BreadcrumbList\",\"@id\":\"https:\/\/idakorea.ee\/product\/detox-efektiga-kooriv-mask-medi-peel-herbal-peel-tox-pro\/#breadcrumb\",\"itemListElement\":[{\"@type\":\"ListItem\",\"position\":1,\"name\":\"\u0413\u043b\u0430\u0432\u043d\u0430\u044f \u0441\u0442\u0440\u0430\u043d\u0438\u0446\u0430\",\"item\":\"https:\/\/idakorea.ee\/\"},{\"@type\":\"ListItem\",\"position\":2,\"name\":\"Shop\",\"item\":\"https:\/\/idakorea.ee\/shop-2\/\"},{\"@type\":\"ListItem\",\"position\":3,\"name\":\"Detox-efektiga kooriv mask Medi-peel Herbal Peel Tox PRO, 120g\"}]},{\"@type\":\"WebSite\",\"@id\":\"https:\/\/idakorea.ee\/#website\",\"url\":\"https:\/\/idakorea.ee\/\",\"name\":\"IDA.KOREA\",\"description\":\"Korea kosmeetika e-pood\",\"publisher\":{\"@id\":\"https:\/\/idakorea.ee\/#organization\"},\"alternateName\":\"Beauty Shop\",\"potentialAction\":[{\"@type\":\"SearchAction\",\"target\":{\"@type\":\"EntryPoint\",\"urlTemplate\":\"https:\/\/idakorea.ee\/?s={search_term_string}\"},\"query-input\":{\"@type\":\"PropertyValueSpecification\",\"valueRequired\":true,\"valueName\":\"search_term_string\"}}],\"inLanguage\":\"fi\"},{\"@type\":\"Organization\",\"@id\":\"https:\/\/idakorea.ee\/#organization\",\"name\":\"IDA.KOREA\",\"url\":\"https:\/\/idakorea.ee\/\",\"logo\":{\"@type\":\"ImageObject\",\"inLanguage\":\"fi\",\"@id\":\"https:\/\/idakorea.ee\/#\/schema\/logo\/image\/\",\"url\":\"https:\/\/idakorea.ee\/wp-content\/uploads\/2024\/05\/cropped-korea3.png\",\"contentUrl\":\"https:\/\/idakorea.ee\/wp-content\/uploads\/2024\/05\/cropped-korea3.png\",\"width\":688,\"height\":126,\"caption\":\"IDA.KOREA\"},\"image\":{\"@id\":\"https:\/\/idakorea.ee\/#\/schema\/logo\/image\/\"},\"sameAs\":[\"https:\/\/www.instagram.com\/ida.korea\/\"]}]}<\/script>\n<!-- \/ Yoast SEO plugin. -->","yoast_head_json":{"title":"MediPeel Yrttikuorinta Tox PRO, 120g - IDA.KOREA","description":"P\u00e4ivitetty ja parannettu versio Herbal Peel-Tox Detox Mask PRO -naamiosta antaa iholle sile\u00e4n, tasaisen s\u00e4vyn ja terveen hehkun. - Nopea toimitus!","robots":{"index":"index","follow":"follow","max-snippet":"max-snippet:-1","max-image-preview":"max-image-preview:large","max-video-preview":"max-video-preview:-1"},"canonical":"https:\/\/idakorea.ee\/fi\/product\/detox-efektiga-kooriv-mask-medi-peel-herbal-peel-tox-pro\/","og_locale":"fi_FI","og_type":"article","og_title":"MediPeel Herbal Peel Tox PRO, 120g - IDA.KOREA","og_description":"Herbal Peel-Tox Detox Mask PRO uuendatud ja t\u00e4iustatud versioon annab nahale sileduse, \u00fchtlase tooni ja tervisliku s\u00e4ra. - Kiire tarne!","og_url":"https:\/\/idakorea.ee\/fi\/product\/detox-efektiga-kooriv-mask-medi-peel-herbal-peel-tox-pro\/","og_site_name":"IDA.KOREA","article_modified_time":"2026-02-10T17:48:58+00:00","og_image":[{"width":1000,"height":1000,"url":"https:\/\/idakorea.ee\/wp-content\/uploads\/2024\/06\/Group-4-_27_-_1_.png","type":"image\/png"}],"twitter_card":"summary_large_image","twitter_misc":{"Arvioitu lukuaika":"2 minuuttia"},"schema":{"@context":"https:\/\/schema.org","@graph":[{"@type":"WebPage","@id":"https:\/\/idakorea.ee\/product\/detox-efektiga-kooriv-mask-medi-peel-herbal-peel-tox-pro\/","url":"https:\/\/idakorea.ee\/product\/detox-efektiga-kooriv-mask-medi-peel-herbal-peel-tox-pro\/","name":"MediPeel Yrttikuorinta Tox PRO, 120g - IDA.KOREA","isPartOf":{"@id":"https:\/\/idakorea.ee\/#website"},"primaryImageOfPage":{"@id":"https:\/\/idakorea.ee\/product\/detox-efektiga-kooriv-mask-medi-peel-herbal-peel-tox-pro\/#primaryimage"},"image":{"@id":"https:\/\/idakorea.ee\/product\/detox-efektiga-kooriv-mask-medi-peel-herbal-peel-tox-pro\/#primaryimage"},"thumbnailUrl":"https:\/\/idakorea.ee\/wp-content\/uploads\/2024\/06\/Group-4-_27_-_1_.png","datePublished":"2024-06-20T07:22:49+00:00","dateModified":"2026-02-10T17:48:58+00:00","description":"P\u00e4ivitetty ja parannettu versio Herbal Peel-Tox Detox Mask PRO -naamiosta antaa iholle sile\u00e4n, tasaisen s\u00e4vyn ja terveen hehkun. - Nopea toimitus!","breadcrumb":{"@id":"https:\/\/idakorea.ee\/product\/detox-efektiga-kooriv-mask-medi-peel-herbal-peel-tox-pro\/#breadcrumb"},"inLanguage":"fi","potentialAction":[{"@type":"ReadAction","target":["https:\/\/idakorea.ee\/product\/detox-efektiga-kooriv-mask-medi-peel-herbal-peel-tox-pro\/"]}]},{"@type":"ImageObject","inLanguage":"fi","@id":"https:\/\/idakorea.ee\/product\/detox-efektiga-kooriv-mask-medi-peel-herbal-peel-tox-pro\/#primaryimage","url":"https:\/\/idakorea.ee\/wp-content\/uploads\/2024\/06\/Group-4-_27_-_1_.png","contentUrl":"https:\/\/idakorea.ee\/wp-content\/uploads\/2024\/06\/Group-4-_27_-_1_.png","width":1000,"height":1000},{"@type":"BreadcrumbList","@id":"https:\/\/idakorea.ee\/product\/detox-efektiga-kooriv-mask-medi-peel-herbal-peel-tox-pro\/#breadcrumb","itemListElement":[{"@type":"ListItem","position":1,"name":"\u0413\u043b\u0430\u0432\u043d\u0430\u044f \u0441\u0442\u0440\u0430\u043d\u0438\u0446\u0430","item":"https:\/\/idakorea.ee\/"},{"@type":"ListItem","position":2,"name":"Shop","item":"https:\/\/idakorea.ee\/shop-2\/"},{"@type":"ListItem","position":3,"name":"Detox-efektiga kooriv mask Medi-peel Herbal Peel Tox PRO, 120g"}]},{"@type":"WebSite","@id":"https:\/\/idakorea.ee\/#website","url":"https:\/\/idakorea.ee\/","name":"IDA.KOREA","description":"Korean kosmetiikan verkkokauppa","publisher":{"@id":"https:\/\/idakorea.ee\/#organization"},"alternateName":"Beauty Shop","potentialAction":[{"@type":"SearchAction","target":{"@type":"EntryPoint","urlTemplate":"https:\/\/idakorea.ee\/?s={search_term_string}"},"query-input":{"@type":"PropertyValueSpecification","valueRequired":true,"valueName":"search_term_string"}}],"inLanguage":"fi"},{"@type":"Organization","@id":"https:\/\/idakorea.ee\/#organization","name":"IDA.KOREA","url":"https:\/\/idakorea.ee\/","logo":{"@type":"ImageObject","inLanguage":"fi","@id":"https:\/\/idakorea.ee\/#\/schema\/logo\/image\/","url":"https:\/\/idakorea.ee\/wp-content\/uploads\/2024\/05\/cropped-korea3.png","contentUrl":"https:\/\/idakorea.ee\/wp-content\/uploads\/2024\/05\/cropped-korea3.png","width":688,"height":126,"caption":"IDA.KOREA"},"image":{"@id":"https:\/\/idakorea.ee\/#\/schema\/logo\/image\/"},"sameAs":["https:\/\/www.instagram.com\/ida.korea\/"]}]}},"jetpack_sharing_enabled":true,"brands":[{"id":107,"name":"MEDIPEEL+","slug":"medipeel"}],"_links":{"self":[{"href":"https:\/\/idakorea.ee\/fi\/wp-json\/wp\/v2\/product\/5047","targetHints":{"allow":["GET"]}}],"collection":[{"href":"https:\/\/idakorea.ee\/fi\/wp-json\/wp\/v2\/product"}],"about":[{"href":"https:\/\/idakorea.ee\/fi\/wp-json\/wp\/v2\/types\/product"}],"replies":[{"embeddable":true,"href":"https:\/\/idakorea.ee\/fi\/wp-json\/wp\/v2\/comments?post=5047"}],"version-history":[{"count":3,"href":"https:\/\/idakorea.ee\/fi\/wp-json\/wp\/v2\/product\/5047\/revisions"}],"predecessor-version":[{"id":15059,"href":"https:\/\/idakorea.ee\/fi\/wp-json\/wp\/v2\/product\/5047\/revisions\/15059"}],"wp:featuredmedia":[{"embeddable":true,"href":"https:\/\/idakorea.ee\/fi\/wp-json\/wp\/v2\/media\/5048"}],"wp:attachment":[{"href":"https:\/\/idakorea.ee\/fi\/wp-json\/wp\/v2\/media?parent=5047"}],"wp:term":[{"taxonomy":"pwb-brand","embeddable":true,"href":"https:\/\/idakorea.ee\/fi\/wp-json\/wp\/v2\/pwb-brand?post=5047"},{"taxonomy":"product_brand","embeddable":true,"href":"https:\/\/idakorea.ee\/fi\/wp-json\/wp\/v2\/product_brand?post=5047"},{"taxonomy":"product_cat","embeddable":true,"href":"https:\/\/idakorea.ee\/fi\/wp-json\/wp\/v2\/product_cat?post=5047"},{"taxonomy":"product_tag","embeddable":true,"href":"https:\/\/idakorea.ee\/fi\/wp-json\/wp\/v2\/product_tag?post=5047"}],"curies":[{"name":"wp","href":"https:\/\/api.w.org\/{rel}","templated":true}]}}