{"id":5064,"date":"2024-06-20T09:10:43","date_gmt":"2024-06-20T09:10:43","guid":{"rendered":"https:\/\/idakorea.ee\/?post_type=product&#038;p=5064"},"modified":"2026-04-03T14:30:30","modified_gmt":"2026-04-03T12:30:30","slug":"pinguldav-kreem-peptiidide-ja-12-niatsinamiidiga-medi-peel-peptide-9-vitanol-pro-cream","status":"publish","type":"product","link":"https:\/\/idakorea.ee\/fi\/product\/pinguldav-kreem-peptiidide-ja-12-niatsinamiidiga-medi-peel-peptide-9-vitanol-pro-cream\/","title":{"rendered":"Kiinteytt\u00e4v\u00e4 voide, jossa on peptidej\u00e4 ja 12% niasiiniamidi Medi-Peel Peptide 9 Vitanol PRO Cream -voide"},"content":{"rendered":"<p><strong>Medi-Peel Peptide 9 Vitanol PRO -voide\u00a0<\/strong>tarjoaa sek\u00e4 ik\u00e4\u00e4ntymist\u00e4 ehk\u00e4isevi\u00e4 ett\u00e4 kirkastavia etuja, v\u00e4hent\u00e4\u00e4 ryppyj\u00e4 ja ik\u00e4\u00e4ntymislaikkuja ja antaa kiinteytt\u00e4v\u00e4n ja terveen hehkun.<\/p>\n<p>Silottaa, parantaa kimmoisuutta ja tiheytt\u00e4, auttaa torjumaan melasmaa, aknen j\u00e4lkeisi\u00e4 j\u00e4lki\u00e4 ja valovanhenemista, ehk\u00e4isee uusien pigmenttien muodostumista. Tarjoaa kiinteytt\u00e4v\u00e4n vaikutuksen ja vahvan antioksidanttisuojan, hidastaa ik\u00e4\u00e4ntymisprosessia.<\/p>\n<p>Ravitseva voidemainen koostumus, joka kosteuttaa intensiivisesti, poistaa kuivuutta ja kuorintaa, vahvistaa kosteussulkua.<\/p>\n<p>Sis\u00e4lt\u00e4\u00e4 1<strong>2% niasiiniamidi<\/strong>, jonka tehokkuus ja monik\u00e4ytt\u00f6isyys on todistetusti osoitettu korkean pitoisuuden komponenttina. Se est\u00e4\u00e4 melaniinipigmenttien kulkeutumisen ihon ylempiin kerroksiin ja ehk\u00e4isee siten ik\u00e4\u00e4ntymislaikkujen muodostumista. Niasiiniamidi normalisoi my\u00f6s talintuotantoa, mik\u00e4 est\u00e4\u00e4 rasvaisen kiillon, ja stimuloi kollageenisynteesi\u00e4.<\/p>\n<p>Kaavan 9 peptidi\u00e4 tasoittavat ryppyj\u00e4, parantavat solujen aktiivisuutta, k\u00e4ynnist\u00e4v\u00e4t uudistumista, v\u00e4hent\u00e4v\u00e4t ryppyjen ja juonteiden syvyytt\u00e4. Argireliinilla, botuliinin kaltaisella peptidill\u00e4, on myorelaksoiva vaikutus, joka rentouttaa kasvojen lihaksia ja ehk\u00e4isee n\u00e4in juonteiden muodostumista.<\/p>\n<p><strong>Muita vaikuttavia aineita:<\/strong><\/p>\n<ul>\n<li><strong>Vitanol<\/strong>\u00a0- vitamiinikompleksi, joka sis\u00e4lt\u00e4\u00e4 A-, B-, C-, E-, F- ja K-ryhm\u00e4n vitamiineja.<\/li>\n<li><strong>Glutationi<\/strong>\u00a0on voimakas antioksidantti, joka suojaa ihoa ulkoisten tekij\u00f6iden aggressiivisilta vaikutuksilta. Hidastaa ik\u00e4\u00e4ntymisprosessia, s\u00e4vytt\u00e4\u00e4, tasoittaa s\u00e4vy\u00e4 ja poistaa punoitusta, valkaisee pigmentti\u00e4.<\/li>\n<li><strong>Hydrolysoitu kollageeni\u00a0<\/strong>tunkeutuu syvemm\u00e4lle kuin perinteinen kollageeni ja kosteuttaa intensiivisesti, auttaa s\u00e4ilytt\u00e4m\u00e4\u00e4n kosteuden epidermiksess\u00e4, parantaa elastisuutta ja sileytt\u00e4 helpotusta.<\/li>\n<li><strong>Tyrniuute\u00a0<\/strong>sis\u00e4lt\u00e4\u00e4 runsaasti C-vitamiinia. Se kirkastaa ja tasoittaa s\u00e4vy\u00e4 hell\u00e4varaisesti ja tarjoaa antioksidanttisuojaa soluille.<\/li>\n<li><strong>Kookos\u00f6ljy<\/strong>\u00a0kosteuttaa, ravitsee, sill\u00e4 on tulehdusta ehk\u00e4isevi\u00e4 ja uudistavia ominaisuuksia, se on antioksidantti ja suojaa negatiivisilta ymp\u00e4rist\u00f6vaikutuksilta.<\/li>\n<li><strong>Mungopapu-uute<\/strong>\u00a0Se on rikastettu mineraaleilla ja vitamiineilla ja sis\u00e4lt\u00e4\u00e4 my\u00f6s entsyymikoentsyymi\u00e4, jolla on voimakas nuorentava vaikutus.<\/li>\n<li><strong>Jojoba\u00f6ljy\u00a0<\/strong>nopeuttaa paranemista, ehk\u00e4isee ihon kuivumista ja kuoriutumista aiheuttavia vaurioita.<\/li>\n<li><strong>Granaattiomenauute<\/strong>\u00a0suojaa hapettumisstressilt\u00e4, pehment\u00e4\u00e4, ehk\u00e4isee ik\u00e4\u00e4ntymist\u00e4 ja edist\u00e4\u00e4 kollageenin imeytymist\u00e4.<\/li>\n<li><strong>Salisyylihappo BHA\u00a0<\/strong>on rasvaliukoinen happo. Se puhdistaa huokoset, kirkastaa mustia l\u00e4iski\u00e4 ja rasvaisuutta, ehk\u00e4isee huokosten tukkeutumista ja tulehduksia, v\u00e4hent\u00e4\u00e4 rasvaisuutta ja ehk\u00e4isee kiiltoa T-alueella.<\/li>\n<li><strong>Mugri-uute<\/strong>\u00a0v\u00e4hent\u00e4\u00e4 tulehdusta, rauhoittaa, sill\u00e4 on antiseptisi\u00e4 ja antibakteerisia ominaisuuksia, auttaa aknen ja couperoosin hoidossa.<\/li>\n<li><strong>Ektoiin<\/strong>\u00a0- orgaaninen aminohappo, suojaa tehokkaasti ulkoisilta tekij\u00f6ilt\u00e4 ja UV-s\u00e4teilt\u00e4, desinfioi. Hillitsee melaniinin tuotantoa ja auttaa vaalentamaan pigmentaatiota.<\/li>\n<li><strong>Kurpitsansiemenuute\u00a0<\/strong>sis\u00e4lt\u00e4\u00e4 karotenoideja ja E-vitamiinia, suojaa vapailta radikaaleilta.<\/li>\n<\/ul>\n<p><strong>K\u00e4ytt\u00f6:\u00a0<\/strong>levit\u00e4 kasvoille pesun, kasvoveden ja seerumin levitt\u00e4misen j\u00e4lkeen. K\u00e4yt\u00e4 aurinkovoidetta p\u00e4iv\u00e4n aikana.<\/p>","protected":false},"excerpt":{"rendered":"<p>Medi-Peel Peptide 9 Vitanol PRO Cream tarjoaa sek\u00e4 anti-ageing- ett\u00e4 kirkastavaa vaikutusta, v\u00e4hent\u00e4\u00e4 ryppyj\u00e4 ja ik\u00e4pilkkuja, antaa kiinteytt\u00e4 ja tervett\u00e4 hehkua. Silottaa, parantaa kimmoisuutta ja tiheytt\u00e4, auttaa torjumaan melasmaa, aknen j\u00e4lkeisi\u00e4 j\u00e4lki\u00e4 ja valovanhenemista, ehk\u00e4isee uusien pigmenttien muodostumista. Tarjoaa kiinteytt\u00e4v\u00e4n vaikutuksen ja vahvan antioksidanttisuojan, hidastaa ik\u00e4\u00e4ntymisprosessia. Ravitseva voidemainen koostumus, joka kosteuttaa intensiivisesti, poistaa kuivuutta ja...<\/p>","protected":false},"featured_media":5065,"comment_status":"open","ping_status":"closed","template":"","meta":{"_uf_show_specific_survey":0,"_uf_disable_surveys":false,"_bst_post_transparent":"default","_bst_post_title":"","_bst_post_layout":"default","_bst_post_sidebar_id":"","_bst_post_content_style":"default","_bst_post_vertical_padding":"default","_bst_post_feature":"","_bst_post_feature_position":"","_bst_post_header":false,"_bst_post_footer":false},"pwb-brand":[107],"product_brand":[],"product_cat":[92,96],"product_tag":[233,377,202,247,216,249],"class_list":{"0":"post-5064","1":"product","2":"type-product","3":"status-publish","4":"has-post-thumbnail","6":"pwb-brand-medipeel","7":"product_cat-nagu","8":"product_cat-naokreemid","9":"product_tag-internet-pood-eesti","10":"product_tag-k-beauty-2","11":"product_tag-korea-kosmeetika","12":"product_tag-korea-silmakreem","13":"product_tag-kuiv-nahk","14":"product_tag-medi-peel","16":"first","17":"instock","18":"sale","19":"shipping-taxable","20":"purchasable","21":"product-type-simple","22":"entry","23":"content-bg","24":"loop-entry"},"supplier_id":null,"supplier_sku":"","barcode":null,"atum_controlled":true,"out_stock_date":null,"out_stock_threshold":null,"inheritable":false,"inbound_stock":0,"stock_on_hold":0,"sold_today":0,"sales_last_days":0,"out_stock_days":0,"lost_sales":0,"has_location":false,"update_date":"2026-04-14T00:05:10","atum_locations":[],"atum_stock_status":"instock","restock_status":false,"low_stock_amount":"","sales_update_date":"2026-04-14T00:05:10","calc_backorders":null,"yoast_head":"<!-- This site is optimized with the Yoast SEO plugin v27.2 - https:\/\/yoast.com\/product\/yoast-seo-wordpress\/ -->\n<title>Pinguldav kreem peptiidide ja 12% niatsinamiidiga Medi-Peel Peptide 9 Vitanol PRO Cream - IDA.KOREA<\/title>\n<meta name=\"robots\" content=\"index, follow, max-snippet:-1, max-image-preview:large, max-video-preview:-1\" \/>\n<link rel=\"canonical\" href=\"https:\/\/idakorea.ee\/fi\/product\/pinguldav-kreem-peptiidide-ja-12-niatsinamiidiga-medi-peel-peptide-9-vitanol-pro-cream\/\" \/>\n<meta property=\"og:locale\" content=\"fi_FI\" \/>\n<meta property=\"og:type\" content=\"article\" \/>\n<meta property=\"og:title\" content=\"Pinguldav kreem peptiidide ja 12% niatsinamiidiga Medi-Peel Peptide 9 Vitanol PRO Cream - IDA.KOREA\" \/>\n<meta property=\"og:description\" content=\"Medi-Peel Peptide 9 Vitanol PRO Cream\u00a0pakub nii vananemisvastast kui ka kirgastavat toimet, v\u00e4hendab kortse ja vanusevigastusi, annab pinguldatust ja tervislikku s\u00e4ra. Silub, parandab elastsust ja tihedust, aitab v\u00f5idelda melasmaga, aknej\u00e4rgsete m\u00e4rkide ja fotovananemisega, takistab uute pigmentide tekkimist. Tagab pinguldava toime ja tugeva antioks\u00fcdantide kaitse, aeglustab vananemisprotsessi. Toitva kreemja tekstuuriga, mis niisutab intensiivselt, k\u00f5rvaldab kuivuse ja...\" \/>\n<meta property=\"og:url\" content=\"https:\/\/idakorea.ee\/fi\/product\/pinguldav-kreem-peptiidide-ja-12-niatsinamiidiga-medi-peel-peptide-9-vitanol-pro-cream\/\" \/>\n<meta property=\"og:site_name\" content=\"IDA.KOREA\" \/>\n<meta property=\"article:modified_time\" content=\"2026-04-03T12:30:30+00:00\" \/>\n<meta property=\"og:image\" content=\"https:\/\/idakorea.ee\/wp-content\/uploads\/2024\/06\/Medi_Peel_-Peptide-9-Vitanol-PRO-Cream.jpg\" \/>\n\t<meta property=\"og:image:width\" content=\"1000\" \/>\n\t<meta property=\"og:image:height\" content=\"1000\" \/>\n\t<meta property=\"og:image:type\" content=\"image\/jpeg\" \/>\n<meta name=\"twitter:card\" content=\"summary_large_image\" \/>\n<meta name=\"twitter:label1\" content=\"Arvioitu lukuaika\" \/>\n\t<meta name=\"twitter:data1\" content=\"2 minuuttia\" \/>\n<script type=\"application\/ld+json\" class=\"yoast-schema-graph\">{\"@context\":\"https:\/\/schema.org\",\"@graph\":[{\"@type\":\"WebPage\",\"@id\":\"https:\/\/idakorea.ee\/product\/pinguldav-kreem-peptiidide-ja-12-niatsinamiidiga-medi-peel-peptide-9-vitanol-pro-cream\/\",\"url\":\"https:\/\/idakorea.ee\/product\/pinguldav-kreem-peptiidide-ja-12-niatsinamiidiga-medi-peel-peptide-9-vitanol-pro-cream\/\",\"name\":\"Pinguldav kreem peptiidide ja 12% niatsinamiidiga Medi-Peel Peptide 9 Vitanol PRO Cream - IDA.KOREA\",\"isPartOf\":{\"@id\":\"https:\/\/idakorea.ee\/#website\"},\"primaryImageOfPage\":{\"@id\":\"https:\/\/idakorea.ee\/product\/pinguldav-kreem-peptiidide-ja-12-niatsinamiidiga-medi-peel-peptide-9-vitanol-pro-cream\/#primaryimage\"},\"image\":{\"@id\":\"https:\/\/idakorea.ee\/product\/pinguldav-kreem-peptiidide-ja-12-niatsinamiidiga-medi-peel-peptide-9-vitanol-pro-cream\/#primaryimage\"},\"thumbnailUrl\":\"https:\/\/idakorea.ee\/wp-content\/uploads\/2024\/06\/Medi_Peel_-Peptide-9-Vitanol-PRO-Cream.jpg\",\"datePublished\":\"2024-06-20T09:10:43+00:00\",\"dateModified\":\"2026-04-03T12:30:30+00:00\",\"breadcrumb\":{\"@id\":\"https:\/\/idakorea.ee\/product\/pinguldav-kreem-peptiidide-ja-12-niatsinamiidiga-medi-peel-peptide-9-vitanol-pro-cream\/#breadcrumb\"},\"inLanguage\":\"fi\",\"potentialAction\":[{\"@type\":\"ReadAction\",\"target\":[\"https:\/\/idakorea.ee\/product\/pinguldav-kreem-peptiidide-ja-12-niatsinamiidiga-medi-peel-peptide-9-vitanol-pro-cream\/\"]}]},{\"@type\":\"ImageObject\",\"inLanguage\":\"fi\",\"@id\":\"https:\/\/idakorea.ee\/product\/pinguldav-kreem-peptiidide-ja-12-niatsinamiidiga-medi-peel-peptide-9-vitanol-pro-cream\/#primaryimage\",\"url\":\"https:\/\/idakorea.ee\/wp-content\/uploads\/2024\/06\/Medi_Peel_-Peptide-9-Vitanol-PRO-Cream.jpg\",\"contentUrl\":\"https:\/\/idakorea.ee\/wp-content\/uploads\/2024\/06\/Medi_Peel_-Peptide-9-Vitanol-PRO-Cream.jpg\",\"width\":1000,\"height\":1000},{\"@type\":\"BreadcrumbList\",\"@id\":\"https:\/\/idakorea.ee\/product\/pinguldav-kreem-peptiidide-ja-12-niatsinamiidiga-medi-peel-peptide-9-vitanol-pro-cream\/#breadcrumb\",\"itemListElement\":[{\"@type\":\"ListItem\",\"position\":1,\"name\":\"\u0413\u043b\u0430\u0432\u043d\u0430\u044f \u0441\u0442\u0440\u0430\u043d\u0438\u0446\u0430\",\"item\":\"https:\/\/idakorea.ee\/\"},{\"@type\":\"ListItem\",\"position\":2,\"name\":\"Shop\",\"item\":\"https:\/\/idakorea.ee\/shop-2\/\"},{\"@type\":\"ListItem\",\"position\":3,\"name\":\"Pinguldav kreem peptiidide ja 12% niatsinamiidiga Medi-Peel Peptide 9 Vitanol PRO Cream\"}]},{\"@type\":\"WebSite\",\"@id\":\"https:\/\/idakorea.ee\/#website\",\"url\":\"https:\/\/idakorea.ee\/\",\"name\":\"IDA.KOREA\",\"description\":\"Korea kosmeetika e-pood\",\"publisher\":{\"@id\":\"https:\/\/idakorea.ee\/#organization\"},\"alternateName\":\"Beauty Shop\",\"potentialAction\":[{\"@type\":\"SearchAction\",\"target\":{\"@type\":\"EntryPoint\",\"urlTemplate\":\"https:\/\/idakorea.ee\/?s={search_term_string}\"},\"query-input\":{\"@type\":\"PropertyValueSpecification\",\"valueRequired\":true,\"valueName\":\"search_term_string\"}}],\"inLanguage\":\"fi\"},{\"@type\":\"Organization\",\"@id\":\"https:\/\/idakorea.ee\/#organization\",\"name\":\"IDA.KOREA\",\"url\":\"https:\/\/idakorea.ee\/\",\"logo\":{\"@type\":\"ImageObject\",\"inLanguage\":\"fi\",\"@id\":\"https:\/\/idakorea.ee\/#\/schema\/logo\/image\/\",\"url\":\"https:\/\/idakorea.ee\/wp-content\/uploads\/2024\/05\/cropped-korea3.png\",\"contentUrl\":\"https:\/\/idakorea.ee\/wp-content\/uploads\/2024\/05\/cropped-korea3.png\",\"width\":688,\"height\":126,\"caption\":\"IDA.KOREA\"},\"image\":{\"@id\":\"https:\/\/idakorea.ee\/#\/schema\/logo\/image\/\"},\"sameAs\":[\"https:\/\/www.instagram.com\/ida.korea\/\"]}]}<\/script>\n<!-- \/ Yoast SEO plugin. -->","yoast_head_json":{"title":"Kiinteytt\u00e4v\u00e4 voide peptideill\u00e4 ja 12% niasiiniamidilla Medi-Peel Peptide 9 Vitanol PRO Cream - IDA.KOREA","robots":{"index":"index","follow":"follow","max-snippet":"max-snippet:-1","max-image-preview":"max-image-preview:large","max-video-preview":"max-video-preview:-1"},"canonical":"https:\/\/idakorea.ee\/fi\/product\/pinguldav-kreem-peptiidide-ja-12-niatsinamiidiga-medi-peel-peptide-9-vitanol-pro-cream\/","og_locale":"fi_FI","og_type":"article","og_title":"Pinguldav kreem peptiidide ja 12% niatsinamiidiga Medi-Peel Peptide 9 Vitanol PRO Cream - IDA.KOREA","og_description":"Medi-Peel Peptide 9 Vitanol PRO Cream\u00a0pakub nii vananemisvastast kui ka kirgastavat toimet, v\u00e4hendab kortse ja vanusevigastusi, annab pinguldatust ja tervislikku s\u00e4ra. Silub, parandab elastsust ja tihedust, aitab v\u00f5idelda melasmaga, aknej\u00e4rgsete m\u00e4rkide ja fotovananemisega, takistab uute pigmentide tekkimist. Tagab pinguldava toime ja tugeva antioks\u00fcdantide kaitse, aeglustab vananemisprotsessi. Toitva kreemja tekstuuriga, mis niisutab intensiivselt, k\u00f5rvaldab kuivuse ja...","og_url":"https:\/\/idakorea.ee\/fi\/product\/pinguldav-kreem-peptiidide-ja-12-niatsinamiidiga-medi-peel-peptide-9-vitanol-pro-cream\/","og_site_name":"IDA.KOREA","article_modified_time":"2026-04-03T12:30:30+00:00","og_image":[{"width":1000,"height":1000,"url":"https:\/\/idakorea.ee\/wp-content\/uploads\/2024\/06\/Medi_Peel_-Peptide-9-Vitanol-PRO-Cream.jpg","type":"image\/jpeg"}],"twitter_card":"summary_large_image","twitter_misc":{"Arvioitu lukuaika":"2 minuuttia"},"schema":{"@context":"https:\/\/schema.org","@graph":[{"@type":"WebPage","@id":"https:\/\/idakorea.ee\/product\/pinguldav-kreem-peptiidide-ja-12-niatsinamiidiga-medi-peel-peptide-9-vitanol-pro-cream\/","url":"https:\/\/idakorea.ee\/product\/pinguldav-kreem-peptiidide-ja-12-niatsinamiidiga-medi-peel-peptide-9-vitanol-pro-cream\/","name":"Kiinteytt\u00e4v\u00e4 voide peptideill\u00e4 ja 12% niasiiniamidilla Medi-Peel Peptide 9 Vitanol PRO Cream - IDA.KOREA","isPartOf":{"@id":"https:\/\/idakorea.ee\/#website"},"primaryImageOfPage":{"@id":"https:\/\/idakorea.ee\/product\/pinguldav-kreem-peptiidide-ja-12-niatsinamiidiga-medi-peel-peptide-9-vitanol-pro-cream\/#primaryimage"},"image":{"@id":"https:\/\/idakorea.ee\/product\/pinguldav-kreem-peptiidide-ja-12-niatsinamiidiga-medi-peel-peptide-9-vitanol-pro-cream\/#primaryimage"},"thumbnailUrl":"https:\/\/idakorea.ee\/wp-content\/uploads\/2024\/06\/Medi_Peel_-Peptide-9-Vitanol-PRO-Cream.jpg","datePublished":"2024-06-20T09:10:43+00:00","dateModified":"2026-04-03T12:30:30+00:00","breadcrumb":{"@id":"https:\/\/idakorea.ee\/product\/pinguldav-kreem-peptiidide-ja-12-niatsinamiidiga-medi-peel-peptide-9-vitanol-pro-cream\/#breadcrumb"},"inLanguage":"fi","potentialAction":[{"@type":"ReadAction","target":["https:\/\/idakorea.ee\/product\/pinguldav-kreem-peptiidide-ja-12-niatsinamiidiga-medi-peel-peptide-9-vitanol-pro-cream\/"]}]},{"@type":"ImageObject","inLanguage":"fi","@id":"https:\/\/idakorea.ee\/product\/pinguldav-kreem-peptiidide-ja-12-niatsinamiidiga-medi-peel-peptide-9-vitanol-pro-cream\/#primaryimage","url":"https:\/\/idakorea.ee\/wp-content\/uploads\/2024\/06\/Medi_Peel_-Peptide-9-Vitanol-PRO-Cream.jpg","contentUrl":"https:\/\/idakorea.ee\/wp-content\/uploads\/2024\/06\/Medi_Peel_-Peptide-9-Vitanol-PRO-Cream.jpg","width":1000,"height":1000},{"@type":"BreadcrumbList","@id":"https:\/\/idakorea.ee\/product\/pinguldav-kreem-peptiidide-ja-12-niatsinamiidiga-medi-peel-peptide-9-vitanol-pro-cream\/#breadcrumb","itemListElement":[{"@type":"ListItem","position":1,"name":"\u0413\u043b\u0430\u0432\u043d\u0430\u044f \u0441\u0442\u0440\u0430\u043d\u0438\u0446\u0430","item":"https:\/\/idakorea.ee\/"},{"@type":"ListItem","position":2,"name":"Shop","item":"https:\/\/idakorea.ee\/shop-2\/"},{"@type":"ListItem","position":3,"name":"Pinguldav kreem peptiidide ja 12% niatsinamiidiga Medi-Peel Peptide 9 Vitanol PRO Cream"}]},{"@type":"WebSite","@id":"https:\/\/idakorea.ee\/#website","url":"https:\/\/idakorea.ee\/","name":"IDA.KOREA","description":"Korean kosmetiikan verkkokauppa","publisher":{"@id":"https:\/\/idakorea.ee\/#organization"},"alternateName":"Beauty Shop","potentialAction":[{"@type":"SearchAction","target":{"@type":"EntryPoint","urlTemplate":"https:\/\/idakorea.ee\/?s={search_term_string}"},"query-input":{"@type":"PropertyValueSpecification","valueRequired":true,"valueName":"search_term_string"}}],"inLanguage":"fi"},{"@type":"Organization","@id":"https:\/\/idakorea.ee\/#organization","name":"IDA.KOREA","url":"https:\/\/idakorea.ee\/","logo":{"@type":"ImageObject","inLanguage":"fi","@id":"https:\/\/idakorea.ee\/#\/schema\/logo\/image\/","url":"https:\/\/idakorea.ee\/wp-content\/uploads\/2024\/05\/cropped-korea3.png","contentUrl":"https:\/\/idakorea.ee\/wp-content\/uploads\/2024\/05\/cropped-korea3.png","width":688,"height":126,"caption":"IDA.KOREA"},"image":{"@id":"https:\/\/idakorea.ee\/#\/schema\/logo\/image\/"},"sameAs":["https:\/\/www.instagram.com\/ida.korea\/"]}]}},"jetpack_sharing_enabled":true,"brands":[{"id":107,"name":"MEDIPEEL+","slug":"medipeel"}],"_links":{"self":[{"href":"https:\/\/idakorea.ee\/fi\/wp-json\/wp\/v2\/product\/5064","targetHints":{"allow":["GET"]}}],"collection":[{"href":"https:\/\/idakorea.ee\/fi\/wp-json\/wp\/v2\/product"}],"about":[{"href":"https:\/\/idakorea.ee\/fi\/wp-json\/wp\/v2\/types\/product"}],"replies":[{"embeddable":true,"href":"https:\/\/idakorea.ee\/fi\/wp-json\/wp\/v2\/comments?post=5064"}],"version-history":[{"count":1,"href":"https:\/\/idakorea.ee\/fi\/wp-json\/wp\/v2\/product\/5064\/revisions"}],"predecessor-version":[{"id":10841,"href":"https:\/\/idakorea.ee\/fi\/wp-json\/wp\/v2\/product\/5064\/revisions\/10841"}],"wp:featuredmedia":[{"embeddable":true,"href":"https:\/\/idakorea.ee\/fi\/wp-json\/wp\/v2\/media\/5065"}],"wp:attachment":[{"href":"https:\/\/idakorea.ee\/fi\/wp-json\/wp\/v2\/media?parent=5064"}],"wp:term":[{"taxonomy":"pwb-brand","embeddable":true,"href":"https:\/\/idakorea.ee\/fi\/wp-json\/wp\/v2\/pwb-brand?post=5064"},{"taxonomy":"product_brand","embeddable":true,"href":"https:\/\/idakorea.ee\/fi\/wp-json\/wp\/v2\/product_brand?post=5064"},{"taxonomy":"product_cat","embeddable":true,"href":"https:\/\/idakorea.ee\/fi\/wp-json\/wp\/v2\/product_cat?post=5064"},{"taxonomy":"product_tag","embeddable":true,"href":"https:\/\/idakorea.ee\/fi\/wp-json\/wp\/v2\/product_tag?post=5064"}],"curies":[{"name":"wp","href":"https:\/\/api.w.org\/{rel}","templated":true}]}}