{"id":5095,"date":"2024-06-20T09:54:10","date_gmt":"2024-06-20T09:54:10","guid":{"rendered":"https:\/\/idakorea.ee\/?post_type=product&#038;p=5095"},"modified":"2026-03-09T14:16:56","modified_gmt":"2026-03-09T12:16:56","slug":"minikomplekt-naole-medi-peel-retinol-collagen-lifting-trial-kit","status":"publish","type":"product","link":"https:\/\/idakorea.ee\/fi\/product\/minikomplekt-naole-medi-peel-retinol-collagen-lifting-trial-kit\/","title":{"rendered":"Mini kasvopakkaus Medi-Peel Retinol Collagen Lifting Trial Kit -kokeilupakkaus"},"content":{"rendered":"<p><strong>Medi-Peel Retinol Collagen Lifting -kokeilupakkaus\u00a0<\/strong>Mahdollisuus kokeilla retinolin ja kollageenin nuorentavaa sarjaa, joka k\u00e4ynnist\u00e4\u00e4 ihon uusiutumisprosessin.<\/p>\n<p>Setti sis\u00e4lt\u00e4\u00e4 nelj\u00e4 matkakokoista tuotetta ihonhoidon jokaiseen vaiheeseen pehme\u00e4ss\u00e4 ja helposti kannettavassa kosmetiikkalaukussa. Tuotteet silottavat ja kiinteytt\u00e4v\u00e4t, v\u00e4hent\u00e4v\u00e4t ihohuokosten ja ryppyjen n\u00e4kyvyytt\u00e4, kiinteytt\u00e4v\u00e4t ja parantavat ihon rakennetta. V-Label\u00ae-sertifioitu vegaaninen.<\/p>\n<p>Sis\u00e4lt\u00e4\u00e4 Retinolgen\u2122-kompleksin, joka koostuu kuudesta liposomeihin kapseloidusta retinoidityypist\u00e4: t\u00e4m\u00e4 mahdollistaa retinolin tunkeutumisen syvemm\u00e4lle ihoon ja voimakkaamman vaikutuksen. Kollageeni, pantenoli, niasiiniamidi sek\u00e4 patentoidut Redsnow-, MadeWhite\u2122- ja Green Tomato SE -kompleksit kosteuttavat, pehment\u00e4v\u00e4t ja kiinteytt\u00e4v\u00e4t ihoa.<\/p>\n<p><strong>Sarja:<\/strong><\/p>\n<ul>\n<li><strong>Retinoli-kollageeni kasvojenpuhdistusvaahto (15ml)<\/strong>\u00a0\u2013 perusteellinen puhdistusaine, joka j\u00e4tt\u00e4\u00e4 ihon pehme\u00e4ksi ja herk\u00e4ksi pesun j\u00e4lkeen.<\/li>\n<li><strong>Retinoli-kollageenia sis\u00e4lt\u00e4v\u00e4 kohottava kasvovesi (20 ml)<\/strong>\u00a0\u2013 tuote ensimm\u00e4iseen hoitovaiheeseen pesun j\u00e4lkeen. Raikastaa, pehment\u00e4\u00e4 ja silottaa ihoa, tasoittaa ihon s\u00e4vy\u00e4 ja antaa terveen hehkun, imeytyy t\u00e4ydellisesti eik\u00e4 j\u00e4t\u00e4 ihoa tahmeaksi.<\/li>\n<li><strong>Retinoli-kollageenin kiinteytt\u00e4v\u00e4 ampulli (15 ml)<\/strong>\u00a0Stimuloi kollageenin ja elastiinin synteesi\u00e4, vahvistaa solumatriisia, ehk\u00e4isee ryppyj\u00e4 nukkumaanmenon j\u00e4lkeen, taistelee ryppyj\u00e4 vastaan silmien ymp\u00e4rill\u00e4, nen\u00e4n ja huulien juonteissa ja kulmakarvojen v\u00e4liss\u00e4.<\/li>\n<li><strong>Retinoli-kollageenivoide (15 ml)\u00a0<\/strong>Ravitsee ihoa, tekee siit\u00e4 sile\u00e4n ja kiinte\u00e4n, kiinteytt\u00e4\u00e4 sit\u00e4, edist\u00e4\u00e4 solujen uusiutumista. Supistaa laajentuneita ihohuokosia, v\u00e4hent\u00e4\u00e4 ryppyjen syvyytt\u00e4, antaa t\u00e4ytel\u00e4isyytt\u00e4 ja tasaista lievityst\u00e4.<\/li>\n<\/ul>\n<p>Sarjan p\u00e4\u00e4asiallinen vaikuttava aine on patentoitu Retinolgen\u2122-kompleksi. Retinolgen\u2122 on kapseloitu muoto kuudesta retinolista ja kollageenista (10 000 ME \u2013 3 mg vaikuttavaa ainetta).<\/p>\n<p><strong>K\u00e4ytt\u00f6:\u00a0<\/strong>Vaahdota vaahto k\u00e4mmeniisi, levit\u00e4 kasvoillesi, levit\u00e4 ja huuhtele vedell\u00e4. Levit\u00e4 kasvovesi k\u00e4sill\u00e4si tai vanulapulla ja k\u00e4yt\u00e4 sitten seerumia \u2013 levit\u00e4 sit\u00e4 kasvoillesi ja odota, kunnes se imeytyy. Viimeistele kosteusvoiteella. K\u00e4yt\u00e4 aurinkovoidetta p\u00e4iv\u00e4ll\u00e4. Ei suositella k\u00e4ytett\u00e4v\u00e4ksi raskauden eik\u00e4 imetyksen aikana.<\/p>","protected":false},"excerpt":{"rendered":"<p>Medi-Peel Retinol Collagen Lifting Trial Kit on mahdollisuus kokeilla nuorentavaa retinoli- ja kollageenivalikoimaa, joka k\u00e4ynnist\u00e4\u00e4 ihon uudistumisprosessin. Pakkaus sis\u00e4lt\u00e4\u00e4 4 matkatuotetta jokaiseen hoitovaiheeseen pehme\u00e4ss\u00e4 kosmetiikkapussissa, joka on k\u00e4tev\u00e4 ottaa mukaan. Tuotteet silottavat ja kiinteytt\u00e4v\u00e4t, pienent\u00e4v\u00e4t huokosia ja ryppyj\u00e4, kirist\u00e4v\u00e4t ja parantavat ihon rakennetta. V-Label\u00ae-sertifioitu vegaaninen. Sis\u00e4lt\u00e4\u00e4 Retinolgen\u2122-kompleksin, joka koostuu 6 erityyppisest\u00e4 retinoidista,...<\/p>","protected":false},"featured_media":5096,"comment_status":"open","ping_status":"closed","template":"","meta":{"_uf_show_specific_survey":0,"_uf_disable_surveys":false,"_bst_post_transparent":"default","_bst_post_title":"","_bst_post_layout":"default","_bst_post_sidebar_id":"","_bst_post_content_style":"default","_bst_post_vertical_padding":"default","_bst_post_feature":"","_bst_post_feature_position":"","_bst_post_header":false,"_bst_post_footer":false},"pwb-brand":[107],"product_brand":[],"product_cat":[95],"product_tag":[],"class_list":{"0":"post-5095","1":"product","2":"type-product","3":"status-publish","4":"has-post-thumbnail","6":"pwb-brand-medipeel","7":"product_cat-komplektid","9":"first","10":"instock","11":"sale","12":"shipping-taxable","13":"purchasable","14":"product-type-simple","15":"entry","16":"content-bg","17":"loop-entry"},"supplier_id":null,"supplier_sku":"","barcode":null,"atum_controlled":true,"out_stock_date":null,"out_stock_threshold":null,"inheritable":false,"inbound_stock":0,"stock_on_hold":0,"sold_today":0,"sales_last_days":0,"out_stock_days":0,"lost_sales":0,"has_location":false,"update_date":"2026-04-14T00:05:09","atum_locations":[],"atum_stock_status":"instock","restock_status":false,"low_stock_amount":"","sales_update_date":"2026-04-14T00:05:09","calc_backorders":null,"yoast_head":"<!-- This site is optimized with the Yoast SEO plugin v27.2 - https:\/\/yoast.com\/product\/yoast-seo-wordpress\/ -->\n<title>Minikomplekt n\u00e4ole Medi-Peel Retinol Collagen Lifting Trial Kit - IDA.KOREA<\/title>\n<meta name=\"description\" content=\"Medi-Peel Retinol Collagen Lifting Trial Kit\u00a0on v\u00f5imalus proovida noorendavat sarja retinooli ja kollageeni, mis k\u00e4ivitab naha uuenemisprotsessi.\" \/>\n<meta name=\"robots\" content=\"index, follow, max-snippet:-1, max-image-preview:large, max-video-preview:-1\" \/>\n<link rel=\"canonical\" href=\"https:\/\/idakorea.ee\/fi\/product\/minikomplekt-naole-medi-peel-retinol-collagen-lifting-trial-kit\/\" \/>\n<meta property=\"og:locale\" content=\"fi_FI\" \/>\n<meta property=\"og:type\" content=\"article\" \/>\n<meta property=\"og:title\" content=\"Minikomplekt n\u00e4ole Medi-Peel Retinol Collagen Lifting Trial Kit - IDA.KOREA\" \/>\n<meta property=\"og:description\" content=\"Medi-Peel Retinol Collagen Lifting Trial Kit\u00a0on v\u00f5imalus proovida noorendavat sarja retinooli ja kollageeni, mis k\u00e4ivitab naha uuenemisprotsessi.\" \/>\n<meta property=\"og:url\" content=\"https:\/\/idakorea.ee\/fi\/product\/minikomplekt-naole-medi-peel-retinol-collagen-lifting-trial-kit\/\" \/>\n<meta property=\"og:site_name\" content=\"IDA.KOREA\" \/>\n<meta property=\"article:modified_time\" content=\"2026-03-09T12:16:56+00:00\" \/>\n<meta property=\"og:image\" content=\"https:\/\/idakorea.ee\/wp-content\/uploads\/2024\/06\/Medi_Peel-Retinol-Collagen-Lifting-Trial-Kit.jpg\" \/>\n\t<meta property=\"og:image:width\" content=\"1000\" \/>\n\t<meta property=\"og:image:height\" content=\"1000\" \/>\n\t<meta property=\"og:image:type\" content=\"image\/jpeg\" \/>\n<meta name=\"twitter:card\" content=\"summary_large_image\" \/>\n<meta name=\"twitter:label1\" content=\"Arvioitu lukuaika\" \/>\n\t<meta name=\"twitter:data1\" content=\"2 minuuttia\" \/>\n<script type=\"application\/ld+json\" class=\"yoast-schema-graph\">{\"@context\":\"https:\/\/schema.org\",\"@graph\":[{\"@type\":\"WebPage\",\"@id\":\"https:\/\/idakorea.ee\/product\/minikomplekt-naole-medi-peel-retinol-collagen-lifting-trial-kit\/\",\"url\":\"https:\/\/idakorea.ee\/product\/minikomplekt-naole-medi-peel-retinol-collagen-lifting-trial-kit\/\",\"name\":\"Minikomplekt n\u00e4ole Medi-Peel Retinol Collagen Lifting Trial Kit - IDA.KOREA\",\"isPartOf\":{\"@id\":\"https:\/\/idakorea.ee\/#website\"},\"primaryImageOfPage\":{\"@id\":\"https:\/\/idakorea.ee\/product\/minikomplekt-naole-medi-peel-retinol-collagen-lifting-trial-kit\/#primaryimage\"},\"image\":{\"@id\":\"https:\/\/idakorea.ee\/product\/minikomplekt-naole-medi-peel-retinol-collagen-lifting-trial-kit\/#primaryimage\"},\"thumbnailUrl\":\"https:\/\/idakorea.ee\/wp-content\/uploads\/2024\/06\/Medi_Peel-Retinol-Collagen-Lifting-Trial-Kit.jpg\",\"datePublished\":\"2024-06-20T09:54:10+00:00\",\"dateModified\":\"2026-03-09T12:16:56+00:00\",\"description\":\"Medi-Peel Retinol Collagen Lifting Trial Kit\u00a0on v\u00f5imalus proovida noorendavat sarja retinooli ja kollageeni, mis k\u00e4ivitab naha uuenemisprotsessi.\",\"breadcrumb\":{\"@id\":\"https:\/\/idakorea.ee\/product\/minikomplekt-naole-medi-peel-retinol-collagen-lifting-trial-kit\/#breadcrumb\"},\"inLanguage\":\"fi\",\"potentialAction\":[{\"@type\":\"ReadAction\",\"target\":[\"https:\/\/idakorea.ee\/product\/minikomplekt-naole-medi-peel-retinol-collagen-lifting-trial-kit\/\"]}]},{\"@type\":\"ImageObject\",\"inLanguage\":\"fi\",\"@id\":\"https:\/\/idakorea.ee\/product\/minikomplekt-naole-medi-peel-retinol-collagen-lifting-trial-kit\/#primaryimage\",\"url\":\"https:\/\/idakorea.ee\/wp-content\/uploads\/2024\/06\/Medi_Peel-Retinol-Collagen-Lifting-Trial-Kit.jpg\",\"contentUrl\":\"https:\/\/idakorea.ee\/wp-content\/uploads\/2024\/06\/Medi_Peel-Retinol-Collagen-Lifting-Trial-Kit.jpg\",\"width\":1000,\"height\":1000},{\"@type\":\"BreadcrumbList\",\"@id\":\"https:\/\/idakorea.ee\/product\/minikomplekt-naole-medi-peel-retinol-collagen-lifting-trial-kit\/#breadcrumb\",\"itemListElement\":[{\"@type\":\"ListItem\",\"position\":1,\"name\":\"\u0413\u043b\u0430\u0432\u043d\u0430\u044f \u0441\u0442\u0440\u0430\u043d\u0438\u0446\u0430\",\"item\":\"https:\/\/idakorea.ee\/\"},{\"@type\":\"ListItem\",\"position\":2,\"name\":\"Shop\",\"item\":\"https:\/\/idakorea.ee\/shop-2\/\"},{\"@type\":\"ListItem\",\"position\":3,\"name\":\"Minikomplekt n\u00e4ole Medi-Peel Retinol Collagen Lifting Trial Kit\"}]},{\"@type\":\"WebSite\",\"@id\":\"https:\/\/idakorea.ee\/#website\",\"url\":\"https:\/\/idakorea.ee\/\",\"name\":\"IDA.KOREA\",\"description\":\"Korea kosmeetika e-pood\",\"publisher\":{\"@id\":\"https:\/\/idakorea.ee\/#organization\"},\"alternateName\":\"Beauty Shop\",\"potentialAction\":[{\"@type\":\"SearchAction\",\"target\":{\"@type\":\"EntryPoint\",\"urlTemplate\":\"https:\/\/idakorea.ee\/?s={search_term_string}\"},\"query-input\":{\"@type\":\"PropertyValueSpecification\",\"valueRequired\":true,\"valueName\":\"search_term_string\"}}],\"inLanguage\":\"fi\"},{\"@type\":\"Organization\",\"@id\":\"https:\/\/idakorea.ee\/#organization\",\"name\":\"IDA.KOREA\",\"url\":\"https:\/\/idakorea.ee\/\",\"logo\":{\"@type\":\"ImageObject\",\"inLanguage\":\"fi\",\"@id\":\"https:\/\/idakorea.ee\/#\/schema\/logo\/image\/\",\"url\":\"https:\/\/idakorea.ee\/wp-content\/uploads\/2024\/05\/cropped-korea3.png\",\"contentUrl\":\"https:\/\/idakorea.ee\/wp-content\/uploads\/2024\/05\/cropped-korea3.png\",\"width\":688,\"height\":126,\"caption\":\"IDA.KOREA\"},\"image\":{\"@id\":\"https:\/\/idakorea.ee\/#\/schema\/logo\/image\/\"},\"sameAs\":[\"https:\/\/www.instagram.com\/ida.korea\/\"]}]}<\/script>\n<!-- \/ Yoast SEO plugin. -->","yoast_head_json":{"title":"Mini kasvohoitosetti Medi-Peel Retinol Collagen Lifting -kokeilusetti - IT\u00c4-KOREA","description":"Medi-Peel Retinol Collagen Lifting -kokeilupakkaus on tilaisuus kokeilla nuorentavaa retinolin ja kollageenin sarjaa, joka k\u00e4ynnist\u00e4\u00e4 ihon uusiutumisprosessin.","robots":{"index":"index","follow":"follow","max-snippet":"max-snippet:-1","max-image-preview":"max-image-preview:large","max-video-preview":"max-video-preview:-1"},"canonical":"https:\/\/idakorea.ee\/fi\/product\/minikomplekt-naole-medi-peel-retinol-collagen-lifting-trial-kit\/","og_locale":"fi_FI","og_type":"article","og_title":"Minikomplekt n\u00e4ole Medi-Peel Retinol Collagen Lifting Trial Kit - IDA.KOREA","og_description":"Medi-Peel Retinol Collagen Lifting Trial Kit\u00a0on v\u00f5imalus proovida noorendavat sarja retinooli ja kollageeni, mis k\u00e4ivitab naha uuenemisprotsessi.","og_url":"https:\/\/idakorea.ee\/fi\/product\/minikomplekt-naole-medi-peel-retinol-collagen-lifting-trial-kit\/","og_site_name":"IDA.KOREA","article_modified_time":"2026-03-09T12:16:56+00:00","og_image":[{"width":1000,"height":1000,"url":"https:\/\/idakorea.ee\/wp-content\/uploads\/2024\/06\/Medi_Peel-Retinol-Collagen-Lifting-Trial-Kit.jpg","type":"image\/jpeg"}],"twitter_card":"summary_large_image","twitter_misc":{"Arvioitu lukuaika":"2 minuuttia"},"schema":{"@context":"https:\/\/schema.org","@graph":[{"@type":"WebPage","@id":"https:\/\/idakorea.ee\/product\/minikomplekt-naole-medi-peel-retinol-collagen-lifting-trial-kit\/","url":"https:\/\/idakorea.ee\/product\/minikomplekt-naole-medi-peel-retinol-collagen-lifting-trial-kit\/","name":"Mini kasvohoitosetti Medi-Peel Retinol Collagen Lifting -kokeilusetti - IT\u00c4-KOREA","isPartOf":{"@id":"https:\/\/idakorea.ee\/#website"},"primaryImageOfPage":{"@id":"https:\/\/idakorea.ee\/product\/minikomplekt-naole-medi-peel-retinol-collagen-lifting-trial-kit\/#primaryimage"},"image":{"@id":"https:\/\/idakorea.ee\/product\/minikomplekt-naole-medi-peel-retinol-collagen-lifting-trial-kit\/#primaryimage"},"thumbnailUrl":"https:\/\/idakorea.ee\/wp-content\/uploads\/2024\/06\/Medi_Peel-Retinol-Collagen-Lifting-Trial-Kit.jpg","datePublished":"2024-06-20T09:54:10+00:00","dateModified":"2026-03-09T12:16:56+00:00","description":"Medi-Peel Retinol Collagen Lifting -kokeilupakkaus on tilaisuus kokeilla nuorentavaa retinolin ja kollageenin sarjaa, joka k\u00e4ynnist\u00e4\u00e4 ihon uusiutumisprosessin.","breadcrumb":{"@id":"https:\/\/idakorea.ee\/product\/minikomplekt-naole-medi-peel-retinol-collagen-lifting-trial-kit\/#breadcrumb"},"inLanguage":"fi","potentialAction":[{"@type":"ReadAction","target":["https:\/\/idakorea.ee\/product\/minikomplekt-naole-medi-peel-retinol-collagen-lifting-trial-kit\/"]}]},{"@type":"ImageObject","inLanguage":"fi","@id":"https:\/\/idakorea.ee\/product\/minikomplekt-naole-medi-peel-retinol-collagen-lifting-trial-kit\/#primaryimage","url":"https:\/\/idakorea.ee\/wp-content\/uploads\/2024\/06\/Medi_Peel-Retinol-Collagen-Lifting-Trial-Kit.jpg","contentUrl":"https:\/\/idakorea.ee\/wp-content\/uploads\/2024\/06\/Medi_Peel-Retinol-Collagen-Lifting-Trial-Kit.jpg","width":1000,"height":1000},{"@type":"BreadcrumbList","@id":"https:\/\/idakorea.ee\/product\/minikomplekt-naole-medi-peel-retinol-collagen-lifting-trial-kit\/#breadcrumb","itemListElement":[{"@type":"ListItem","position":1,"name":"\u0413\u043b\u0430\u0432\u043d\u0430\u044f \u0441\u0442\u0440\u0430\u043d\u0438\u0446\u0430","item":"https:\/\/idakorea.ee\/"},{"@type":"ListItem","position":2,"name":"Shop","item":"https:\/\/idakorea.ee\/shop-2\/"},{"@type":"ListItem","position":3,"name":"Minikomplekt n\u00e4ole Medi-Peel Retinol Collagen Lifting Trial Kit"}]},{"@type":"WebSite","@id":"https:\/\/idakorea.ee\/#website","url":"https:\/\/idakorea.ee\/","name":"IDA.KOREA","description":"Korean kosmetiikan verkkokauppa","publisher":{"@id":"https:\/\/idakorea.ee\/#organization"},"alternateName":"Beauty Shop","potentialAction":[{"@type":"SearchAction","target":{"@type":"EntryPoint","urlTemplate":"https:\/\/idakorea.ee\/?s={search_term_string}"},"query-input":{"@type":"PropertyValueSpecification","valueRequired":true,"valueName":"search_term_string"}}],"inLanguage":"fi"},{"@type":"Organization","@id":"https:\/\/idakorea.ee\/#organization","name":"IDA.KOREA","url":"https:\/\/idakorea.ee\/","logo":{"@type":"ImageObject","inLanguage":"fi","@id":"https:\/\/idakorea.ee\/#\/schema\/logo\/image\/","url":"https:\/\/idakorea.ee\/wp-content\/uploads\/2024\/05\/cropped-korea3.png","contentUrl":"https:\/\/idakorea.ee\/wp-content\/uploads\/2024\/05\/cropped-korea3.png","width":688,"height":126,"caption":"IDA.KOREA"},"image":{"@id":"https:\/\/idakorea.ee\/#\/schema\/logo\/image\/"},"sameAs":["https:\/\/www.instagram.com\/ida.korea\/"]}]}},"jetpack_sharing_enabled":true,"brands":[{"id":107,"name":"MEDIPEEL+","slug":"medipeel"}],"_links":{"self":[{"href":"https:\/\/idakorea.ee\/fi\/wp-json\/wp\/v2\/product\/5095","targetHints":{"allow":["GET"]}}],"collection":[{"href":"https:\/\/idakorea.ee\/fi\/wp-json\/wp\/v2\/product"}],"about":[{"href":"https:\/\/idakorea.ee\/fi\/wp-json\/wp\/v2\/types\/product"}],"replies":[{"embeddable":true,"href":"https:\/\/idakorea.ee\/fi\/wp-json\/wp\/v2\/comments?post=5095"}],"version-history":[{"count":1,"href":"https:\/\/idakorea.ee\/fi\/wp-json\/wp\/v2\/product\/5095\/revisions"}],"predecessor-version":[{"id":9850,"href":"https:\/\/idakorea.ee\/fi\/wp-json\/wp\/v2\/product\/5095\/revisions\/9850"}],"wp:featuredmedia":[{"embeddable":true,"href":"https:\/\/idakorea.ee\/fi\/wp-json\/wp\/v2\/media\/5096"}],"wp:attachment":[{"href":"https:\/\/idakorea.ee\/fi\/wp-json\/wp\/v2\/media?parent=5095"}],"wp:term":[{"taxonomy":"pwb-brand","embeddable":true,"href":"https:\/\/idakorea.ee\/fi\/wp-json\/wp\/v2\/pwb-brand?post=5095"},{"taxonomy":"product_brand","embeddable":true,"href":"https:\/\/idakorea.ee\/fi\/wp-json\/wp\/v2\/product_brand?post=5095"},{"taxonomy":"product_cat","embeddable":true,"href":"https:\/\/idakorea.ee\/fi\/wp-json\/wp\/v2\/product_cat?post=5095"},{"taxonomy":"product_tag","embeddable":true,"href":"https:\/\/idakorea.ee\/fi\/wp-json\/wp\/v2\/product_tag?post=5095"}],"curies":[{"name":"wp","href":"https:\/\/api.w.org\/{rel}","templated":true}]}}