{"id":5133,"date":"2024-06-20T10:16:23","date_gmt":"2024-06-20T10:16:23","guid":{"rendered":"https:\/\/idakorea.ee\/product\/helendav-naokreem-medi-peel-melanon-x-drop-gel-cream-50ml\/"},"modified":"2026-03-09T14:26:13","modified_gmt":"2026-03-09T12:26:13","slug":"medi-peel-melanon-x-drop-gel-cream","status":"publish","type":"product","link":"https:\/\/idakorea.ee\/fi\/product\/medi-peel-melanon-x-drop-gel-cream\/","title":{"rendered":"Medi-Peel Melanon X Drop -geelivoide Medi-Peel Melanon X Drop -geelivoide, 50ml"},"content":{"rendered":"<p><strong>Medi-Peel Melanon X Drop Gel Cream -geelivoide<\/strong> on virkist\u00e4v\u00e4 geeli ja kosteuttavia kapseleita, jotka sis\u00e4lt\u00e4v\u00e4t aktiivisia ainesosia, jotka kirkastavat, nuorentavat ja kosteuttavat.<\/p>\n<p>Tuote parantaa ihon kimmoisuutta ja kiinteytt\u00e4, vaalentaa pigmenttil\u00e4iski\u00e4, ehk\u00e4isee uusien ryppyjen ja ik\u00e4pilkkujen syntymist\u00e4, tukee nuorekasta ihoa ja tasoittaa ihon s\u00e4vy\u00e4 antaen luonnollisen hehkun.<\/p>\n<p>Tuote sis\u00e4lt\u00e4\u00e4 liposomeja - erityisi\u00e4 kapseleita, jotka kuljettavat vitamiineja ja aktiivisia ainesosia syv\u00e4lle ihoon. Voide pehment\u00e4\u00e4, silottaa ja pehment\u00e4\u00e4 mikrodermiksen. Ei aiheuta \u00e4rsytyst\u00e4.<\/p>\n<p>T\u00e4rkeimm\u00e4t vaikuttavat aineet:<\/p>\n<p>v\u00e4hent\u00e4\u00e4 punoitusta ja kutinaa, vahvistaa hydrolipidibarrieria, est\u00e4\u00e4 kosteuden haihtumista, edist\u00e4\u00e4 palautumista.<br \/>\nNatriumaskorbyylifosfaatti - C-vitamiinin vakaa muoto, valkaisee pigmentti\u00e4, est\u00e4\u00e4 tulehduksia, neutraloi hapetusstressi\u00e4 ja stimuloi omaa kollageenituotantoa, mik\u00e4 lis\u00e4\u00e4 kimmoisuutta ja tiheytt\u00e4.<br \/>\nAskorbiinihappo on C-vitamiinin muoto, jolla on antioksidanttisia ominaisuuksia, jotka suojaavat soluja vapailta radikaaleilta ja hidastavat n\u00e4in ik\u00e4\u00e4ntymisprosessia sek\u00e4 ehk\u00e4isev\u00e4t pigmentaatiota ja tasoittavat s\u00e4vy\u00e4.<\/p>\n<p>Sopii kaikille ihotyypeille.<\/p>\n<p><strong>K\u00e4ytt\u00f6:\u00a0<\/strong>Levitys: sekoita geeli ja voidekapseli lastalla, levit\u00e4 iholle ja levit\u00e4 tasaisesti kasvoille.<\/p>","protected":false},"excerpt":{"rendered":"<p>Medi-Peel Melanon X Drop Gel Cream on virkist\u00e4v\u00e4 geeli ja kosteuttava kapseli, joka sis\u00e4lt\u00e4\u00e4 aktiivisia ainesosia, jotka kirkastavat, nuorentavat ja kosteuttavat. Tuote parantaa ihon kimmoisuutta ja kiinteytt\u00e4, vaalentaa pigmenttil\u00e4iski\u00e4, ehk\u00e4isee uusien ryppyjen ja ik\u00e4pilkkujen syntymist\u00e4, tukee ihon nuorekkuutta ja tasoittaa s\u00e4vy\u00e4 antaen luonnollisen hehkun. Tuote sis\u00e4lt\u00e4\u00e4 liposomeja - erikoiskapseleita, jotka kuljettavat vitamiineja ja aktiivisia ainesosia iholle.....<\/p>","protected":false},"featured_media":5120,"comment_status":"open","ping_status":"closed","template":"","meta":{"_uf_show_specific_survey":0,"_uf_disable_surveys":false,"_bst_post_transparent":"default","_bst_post_title":"","_bst_post_layout":"default","_bst_post_sidebar_id":"","_bst_post_content_style":"default","_bst_post_vertical_padding":"default","_bst_post_feature":"","_bst_post_feature_position":"","_bst_post_header":false,"_bst_post_footer":false},"pwb-brand":[107],"product_brand":[],"product_cat":[92,96],"product_tag":[233,377,202,249,381,230],"class_list":{"0":"post-5133","1":"product","2":"type-product","3":"status-publish","4":"has-post-thumbnail","6":"pwb-brand-medipeel","7":"product_cat-nagu","8":"product_cat-naokreemid","9":"product_tag-internet-pood-eesti","10":"product_tag-k-beauty-2","11":"product_tag-korea-kosmeetika","12":"product_tag-medi-peel","13":"product_tag-medipeel","14":"product_tag-pigment","16":"first","17":"instock","18":"sale","19":"shipping-taxable","20":"purchasable","21":"product-type-simple","22":"entry","23":"content-bg","24":"loop-entry"},"supplier_id":null,"supplier_sku":"","barcode":null,"atum_controlled":true,"out_stock_date":null,"out_stock_threshold":null,"inheritable":false,"inbound_stock":0,"stock_on_hold":0,"sold_today":0,"sales_last_days":0,"out_stock_days":0,"lost_sales":0,"has_location":false,"update_date":"2026-04-14T00:05:09","atum_locations":[],"atum_stock_status":"instock","restock_status":false,"low_stock_amount":"","sales_update_date":"2026-04-14T00:05:09","calc_backorders":null,"yoast_head":"<!-- This site is optimized with the Yoast SEO plugin v27.2 - https:\/\/yoast.com\/product\/yoast-seo-wordpress\/ -->\n<title>medipeel melanon drop gel cream<\/title>\n<meta name=\"description\" content=\"Medi-Peel Melanon X Drop Gel Cream on v\u00e4rskendav geel ja niisutavad kapslid, mis sisaldavad aktiivseid koostisosi, mis helendavad ja noorendavad ning niisutavad.\" \/>\n<meta name=\"robots\" content=\"index, follow, max-snippet:-1, max-image-preview:large, max-video-preview:-1\" \/>\n<link rel=\"canonical\" href=\"https:\/\/idakorea.ee\/fi\/product\/medi-peel-melanon-x-drop-gel-cream\/\" \/>\n<meta property=\"og:locale\" content=\"fi_FI\" \/>\n<meta property=\"og:type\" content=\"article\" \/>\n<meta property=\"og:title\" content=\"medipeel melanon drop gel cream\" \/>\n<meta property=\"og:description\" content=\"Medi-Peel Melanon X Drop Gel Cream on v\u00e4rskendav geel ja niisutavad kapslid, mis sisaldavad aktiivseid koostisosi, mis helendavad ja noorendavad ning niisutavad.\" \/>\n<meta property=\"og:url\" content=\"https:\/\/idakorea.ee\/fi\/product\/medi-peel-melanon-x-drop-gel-cream\/\" \/>\n<meta property=\"og:site_name\" content=\"IDA.KOREA\" \/>\n<meta property=\"article:modified_time\" content=\"2026-03-09T12:26:13+00:00\" \/>\n<meta property=\"og:image\" content=\"https:\/\/idakorea.ee\/wp-content\/uploads\/2024\/06\/Hollyshop-_41_-_1_.jpg\" \/>\n\t<meta property=\"og:image:width\" content=\"1000\" \/>\n\t<meta property=\"og:image:height\" content=\"1000\" \/>\n\t<meta property=\"og:image:type\" content=\"image\/jpeg\" \/>\n<meta name=\"twitter:card\" content=\"summary_large_image\" \/>\n<meta name=\"twitter:label1\" content=\"Arvioitu lukuaika\" \/>\n\t<meta name=\"twitter:data1\" content=\"1 minuutti\" \/>\n<script type=\"application\/ld+json\" class=\"yoast-schema-graph\">{\"@context\":\"https:\/\/schema.org\",\"@graph\":[{\"@type\":\"WebPage\",\"@id\":\"https:\/\/idakorea.ee\/product\/medi-peel-melanon-x-drop-gel-cream\/\",\"url\":\"https:\/\/idakorea.ee\/product\/medi-peel-melanon-x-drop-gel-cream\/\",\"name\":\"medipeel melanon drop gel cream\",\"isPartOf\":{\"@id\":\"https:\/\/idakorea.ee\/#website\"},\"primaryImageOfPage\":{\"@id\":\"https:\/\/idakorea.ee\/product\/medi-peel-melanon-x-drop-gel-cream\/#primaryimage\"},\"image\":{\"@id\":\"https:\/\/idakorea.ee\/product\/medi-peel-melanon-x-drop-gel-cream\/#primaryimage\"},\"thumbnailUrl\":\"https:\/\/idakorea.ee\/wp-content\/uploads\/2024\/06\/Hollyshop-_41_-_1_.jpg\",\"datePublished\":\"2024-06-20T10:16:23+00:00\",\"dateModified\":\"2026-03-09T12:26:13+00:00\",\"description\":\"Medi-Peel Melanon X Drop Gel Cream on v\u00e4rskendav geel ja niisutavad kapslid, mis sisaldavad aktiivseid koostisosi, mis helendavad ja noorendavad ning niisutavad.\",\"breadcrumb\":{\"@id\":\"https:\/\/idakorea.ee\/product\/medi-peel-melanon-x-drop-gel-cream\/#breadcrumb\"},\"inLanguage\":\"fi\",\"potentialAction\":[{\"@type\":\"ReadAction\",\"target\":[\"https:\/\/idakorea.ee\/product\/medi-peel-melanon-x-drop-gel-cream\/\"]}]},{\"@type\":\"ImageObject\",\"inLanguage\":\"fi\",\"@id\":\"https:\/\/idakorea.ee\/product\/medi-peel-melanon-x-drop-gel-cream\/#primaryimage\",\"url\":\"https:\/\/idakorea.ee\/wp-content\/uploads\/2024\/06\/Hollyshop-_41_-_1_.jpg\",\"contentUrl\":\"https:\/\/idakorea.ee\/wp-content\/uploads\/2024\/06\/Hollyshop-_41_-_1_.jpg\",\"width\":1000,\"height\":1000},{\"@type\":\"BreadcrumbList\",\"@id\":\"https:\/\/idakorea.ee\/product\/medi-peel-melanon-x-drop-gel-cream\/#breadcrumb\",\"itemListElement\":[{\"@type\":\"ListItem\",\"position\":1,\"name\":\"\u0413\u043b\u0430\u0432\u043d\u0430\u044f \u0441\u0442\u0440\u0430\u043d\u0438\u0446\u0430\",\"item\":\"https:\/\/idakorea.ee\/\"},{\"@type\":\"ListItem\",\"position\":2,\"name\":\"Shop\",\"item\":\"https:\/\/idakorea.ee\/shop-2\/\"},{\"@type\":\"ListItem\",\"position\":3,\"name\":\"Helendav n\u00e4okreem Medi-Peel Melanon X Drop Gel Cream, 50ml\"}]},{\"@type\":\"WebSite\",\"@id\":\"https:\/\/idakorea.ee\/#website\",\"url\":\"https:\/\/idakorea.ee\/\",\"name\":\"IDA.KOREA\",\"description\":\"Korea kosmeetika e-pood\",\"publisher\":{\"@id\":\"https:\/\/idakorea.ee\/#organization\"},\"alternateName\":\"Beauty Shop\",\"potentialAction\":[{\"@type\":\"SearchAction\",\"target\":{\"@type\":\"EntryPoint\",\"urlTemplate\":\"https:\/\/idakorea.ee\/?s={search_term_string}\"},\"query-input\":{\"@type\":\"PropertyValueSpecification\",\"valueRequired\":true,\"valueName\":\"search_term_string\"}}],\"inLanguage\":\"fi\"},{\"@type\":\"Organization\",\"@id\":\"https:\/\/idakorea.ee\/#organization\",\"name\":\"IDA.KOREA\",\"url\":\"https:\/\/idakorea.ee\/\",\"logo\":{\"@type\":\"ImageObject\",\"inLanguage\":\"fi\",\"@id\":\"https:\/\/idakorea.ee\/#\/schema\/logo\/image\/\",\"url\":\"https:\/\/idakorea.ee\/wp-content\/uploads\/2024\/05\/cropped-korea3.png\",\"contentUrl\":\"https:\/\/idakorea.ee\/wp-content\/uploads\/2024\/05\/cropped-korea3.png\",\"width\":688,\"height\":126,\"caption\":\"IDA.KOREA\"},\"image\":{\"@id\":\"https:\/\/idakorea.ee\/#\/schema\/logo\/image\/\"},\"sameAs\":[\"https:\/\/www.instagram.com\/ida.korea\/\"]}]}<\/script>\n<!-- \/ Yoast SEO plugin. -->","yoast_head_json":{"title":"medipeel melanon drop geelivoide","description":"Medi-Peel Melanon X Drop Gel Cream on virkist\u00e4v\u00e4 geeli ja kosteuttava kapseli, joka sis\u00e4lt\u00e4\u00e4 aktiivisia ainesosia, jotka kirkastavat, nuorentavat ja kosteuttavat.","robots":{"index":"index","follow":"follow","max-snippet":"max-snippet:-1","max-image-preview":"max-image-preview:large","max-video-preview":"max-video-preview:-1"},"canonical":"https:\/\/idakorea.ee\/fi\/product\/medi-peel-melanon-x-drop-gel-cream\/","og_locale":"fi_FI","og_type":"article","og_title":"medipeel melanon drop gel cream","og_description":"Medi-Peel Melanon X Drop Gel Cream on v\u00e4rskendav geel ja niisutavad kapslid, mis sisaldavad aktiivseid koostisosi, mis helendavad ja noorendavad ning niisutavad.","og_url":"https:\/\/idakorea.ee\/fi\/product\/medi-peel-melanon-x-drop-gel-cream\/","og_site_name":"IDA.KOREA","article_modified_time":"2026-03-09T12:26:13+00:00","og_image":[{"width":1000,"height":1000,"url":"https:\/\/idakorea.ee\/wp-content\/uploads\/2024\/06\/Hollyshop-_41_-_1_.jpg","type":"image\/jpeg"}],"twitter_card":"summary_large_image","twitter_misc":{"Arvioitu lukuaika":"1 minuutti"},"schema":{"@context":"https:\/\/schema.org","@graph":[{"@type":"WebPage","@id":"https:\/\/idakorea.ee\/product\/medi-peel-melanon-x-drop-gel-cream\/","url":"https:\/\/idakorea.ee\/product\/medi-peel-melanon-x-drop-gel-cream\/","name":"medipeel melanon drop geelivoide","isPartOf":{"@id":"https:\/\/idakorea.ee\/#website"},"primaryImageOfPage":{"@id":"https:\/\/idakorea.ee\/product\/medi-peel-melanon-x-drop-gel-cream\/#primaryimage"},"image":{"@id":"https:\/\/idakorea.ee\/product\/medi-peel-melanon-x-drop-gel-cream\/#primaryimage"},"thumbnailUrl":"https:\/\/idakorea.ee\/wp-content\/uploads\/2024\/06\/Hollyshop-_41_-_1_.jpg","datePublished":"2024-06-20T10:16:23+00:00","dateModified":"2026-03-09T12:26:13+00:00","description":"Medi-Peel Melanon X Drop Gel Cream on virkist\u00e4v\u00e4 geeli ja kosteuttava kapseli, joka sis\u00e4lt\u00e4\u00e4 aktiivisia ainesosia, jotka kirkastavat, nuorentavat ja kosteuttavat.","breadcrumb":{"@id":"https:\/\/idakorea.ee\/product\/medi-peel-melanon-x-drop-gel-cream\/#breadcrumb"},"inLanguage":"fi","potentialAction":[{"@type":"ReadAction","target":["https:\/\/idakorea.ee\/product\/medi-peel-melanon-x-drop-gel-cream\/"]}]},{"@type":"ImageObject","inLanguage":"fi","@id":"https:\/\/idakorea.ee\/product\/medi-peel-melanon-x-drop-gel-cream\/#primaryimage","url":"https:\/\/idakorea.ee\/wp-content\/uploads\/2024\/06\/Hollyshop-_41_-_1_.jpg","contentUrl":"https:\/\/idakorea.ee\/wp-content\/uploads\/2024\/06\/Hollyshop-_41_-_1_.jpg","width":1000,"height":1000},{"@type":"BreadcrumbList","@id":"https:\/\/idakorea.ee\/product\/medi-peel-melanon-x-drop-gel-cream\/#breadcrumb","itemListElement":[{"@type":"ListItem","position":1,"name":"\u0413\u043b\u0430\u0432\u043d\u0430\u044f \u0441\u0442\u0440\u0430\u043d\u0438\u0446\u0430","item":"https:\/\/idakorea.ee\/"},{"@type":"ListItem","position":2,"name":"Shop","item":"https:\/\/idakorea.ee\/shop-2\/"},{"@type":"ListItem","position":3,"name":"Helendav n\u00e4okreem Medi-Peel Melanon X Drop Gel Cream, 50ml"}]},{"@type":"WebSite","@id":"https:\/\/idakorea.ee\/#website","url":"https:\/\/idakorea.ee\/","name":"IDA.KOREA","description":"Korean kosmetiikan verkkokauppa","publisher":{"@id":"https:\/\/idakorea.ee\/#organization"},"alternateName":"Beauty Shop","potentialAction":[{"@type":"SearchAction","target":{"@type":"EntryPoint","urlTemplate":"https:\/\/idakorea.ee\/?s={search_term_string}"},"query-input":{"@type":"PropertyValueSpecification","valueRequired":true,"valueName":"search_term_string"}}],"inLanguage":"fi"},{"@type":"Organization","@id":"https:\/\/idakorea.ee\/#organization","name":"IDA.KOREA","url":"https:\/\/idakorea.ee\/","logo":{"@type":"ImageObject","inLanguage":"fi","@id":"https:\/\/idakorea.ee\/#\/schema\/logo\/image\/","url":"https:\/\/idakorea.ee\/wp-content\/uploads\/2024\/05\/cropped-korea3.png","contentUrl":"https:\/\/idakorea.ee\/wp-content\/uploads\/2024\/05\/cropped-korea3.png","width":688,"height":126,"caption":"IDA.KOREA"},"image":{"@id":"https:\/\/idakorea.ee\/#\/schema\/logo\/image\/"},"sameAs":["https:\/\/www.instagram.com\/ida.korea\/"]}]}},"jetpack_sharing_enabled":true,"brands":[{"id":107,"name":"MEDIPEEL+","slug":"medipeel"}],"_links":{"self":[{"href":"https:\/\/idakorea.ee\/fi\/wp-json\/wp\/v2\/product\/5133","targetHints":{"allow":["GET"]}}],"collection":[{"href":"https:\/\/idakorea.ee\/fi\/wp-json\/wp\/v2\/product"}],"about":[{"href":"https:\/\/idakorea.ee\/fi\/wp-json\/wp\/v2\/types\/product"}],"replies":[{"embeddable":true,"href":"https:\/\/idakorea.ee\/fi\/wp-json\/wp\/v2\/comments?post=5133"}],"version-history":[{"count":1,"href":"https:\/\/idakorea.ee\/fi\/wp-json\/wp\/v2\/product\/5133\/revisions"}],"predecessor-version":[{"id":9672,"href":"https:\/\/idakorea.ee\/fi\/wp-json\/wp\/v2\/product\/5133\/revisions\/9672"}],"wp:featuredmedia":[{"embeddable":true,"href":"https:\/\/idakorea.ee\/fi\/wp-json\/wp\/v2\/media\/5120"}],"wp:attachment":[{"href":"https:\/\/idakorea.ee\/fi\/wp-json\/wp\/v2\/media?parent=5133"}],"wp:term":[{"taxonomy":"pwb-brand","embeddable":true,"href":"https:\/\/idakorea.ee\/fi\/wp-json\/wp\/v2\/pwb-brand?post=5133"},{"taxonomy":"product_brand","embeddable":true,"href":"https:\/\/idakorea.ee\/fi\/wp-json\/wp\/v2\/product_brand?post=5133"},{"taxonomy":"product_cat","embeddable":true,"href":"https:\/\/idakorea.ee\/fi\/wp-json\/wp\/v2\/product_cat?post=5133"},{"taxonomy":"product_tag","embeddable":true,"href":"https:\/\/idakorea.ee\/fi\/wp-json\/wp\/v2\/product_tag?post=5133"}],"curies":[{"name":"wp","href":"https:\/\/api.w.org\/{rel}","templated":true}]}}