{"id":5302,"date":"2024-06-21T11:00:23","date_gmt":"2024-06-21T11:00:23","guid":{"rendered":"https:\/\/idakorea.ee\/?post_type=product&#038;p=5302"},"modified":"2026-04-03T14:38:19","modified_gmt":"2026-04-03T12:38:19","slug":"medi-peel-melanon-x-ampoule","status":"publish","type":"product","link":"https:\/\/idakorea.ee\/fi\/product\/medi-peel-melanon-x-ampoule\/","title":{"rendered":"Valkaiseva anti-ageing-ampulli vitamiineilla ja glutationilla Medi-Peel Melanon X Ampoule, 30ml"},"content":{"rendered":"<p><strong>Medi-Peel Melanon X -ampulli<\/strong> V\u00e4hent\u00e4\u00e4 ryppyjen syvyytt\u00e4, poistaa hyperpigmentaatiota ja tasoittaa ihonv\u00e4ri\u00e4 antaen iholle sileytt\u00e4, kimmoisuutta ja hehkua. Tuote torjuu sameutta, kiinteytt\u00e4\u00e4 ja kiinteytt\u00e4\u00e4 ihoa, palauttaa kosteustasapainon ja silottaa ihoa nen\u00e4n ja huulien poimujen, silmien ja suun ymp\u00e4rill\u00e4.<\/p>\n<p>Tuotteen vaikuttavat ainesosat normalisoivat melanooman pigmentaatiosta vastaavien melanosyyttisolujen toimintaa. Se ehk\u00e4isee ik\u00e4l\u00e4iskien muodostumista ja vaalentaa olemassa olevia l\u00e4iski\u00e4, vaalentaa pisamia ja aknearpia sek\u00e4 auttaa torjumaan melasmaa.<\/p>\n<p>Tuotteella on kevyt koostumus, se imeytyy nopeasti, kosteuttaa ja pehment\u00e4\u00e4 ihoa, ja sen vitamiinipitoisuus antaa sille raikkaan tuoksun. Se ei aiheuta \u00e4rsytyst\u00e4.<\/p>\n<p>Liposomiteknologia kuljettaa komponentit epidermiksen syvempiin kerroksiin, stabiloi aktiiviset ainesosat ja lis\u00e4\u00e4 ampullin tehokkuutta.<\/p>\n<p><strong>K\u00e4ytt\u00f6:<\/strong> Avaa ampulli kokonaan, paina korkkia ker\u00e4t\u00e4ksesi tuotteen ja levit\u00e4 sit\u00e4 kasvoille kiinnitt\u00e4en erityist\u00e4 huomiota pigmenttil\u00e4iskiin ja ik\u00e4\u00e4ntymisen merkkeihin. Levit\u00e4 tuotetta hierontalinjoja pitkin ja anna imeyty\u00e4.<\/p>\n<p>&nbsp;<\/p>","protected":false},"excerpt":{"rendered":"<p>Medi-Peel Melanon X Ampoule v\u00e4hent\u00e4\u00e4 ryppyjen syvyytt\u00e4, poistaa hyperpigmentaatiota ja tasoittaa ihon s\u00e4vy\u00e4 j\u00e4tt\u00e4en ihon sile\u00e4ksi, joustavaksi ja s\u00e4teilev\u00e4ksi. Tuote torjuu sameutta, kiinteytt\u00e4\u00e4 ja kirist\u00e4\u00e4 ihoa, palauttaa kosteustasapainon, silottaa ihoa nasolabiaalipoimujen, silmien ja suun ymp\u00e4rill\u00e4. Tuotteen aktiiviset ainesosat normalisoivat melanosyyttien eli melanopigmentaatiosta vastuussa olevien solujen toimintaa. Se ehk\u00e4isee pigmenttil\u00e4iskien muodostumista ja vaalentaa jo...<\/p>","protected":false},"featured_media":5303,"comment_status":"open","ping_status":"closed","template":"","meta":{"_uf_show_specific_survey":0,"_uf_disable_surveys":false,"_bst_post_transparent":"default","_bst_post_title":"","_bst_post_layout":"default","_bst_post_sidebar_id":"","_bst_post_content_style":"default","_bst_post_vertical_padding":"default","_bst_post_feature":"","_bst_post_feature_position":"","_bst_post_header":false,"_bst_post_footer":false},"pwb-brand":[107],"product_brand":[],"product_cat":[92,97],"product_tag":[233,377,202,249,381,230],"class_list":{"0":"post-5302","1":"product","2":"type-product","3":"status-publish","4":"has-post-thumbnail","6":"pwb-brand-medipeel","7":"product_cat-nagu","8":"product_cat-naoseerumid-ja-olid","9":"product_tag-internet-pood-eesti","10":"product_tag-k-beauty-2","11":"product_tag-korea-kosmeetika","12":"product_tag-medi-peel","13":"product_tag-medipeel","14":"product_tag-pigment","16":"first","17":"instock","18":"sale","19":"shipping-taxable","20":"purchasable","21":"product-type-simple","22":"entry","23":"content-bg","24":"loop-entry"},"supplier_id":null,"supplier_sku":"","barcode":null,"atum_controlled":true,"out_stock_date":null,"out_stock_threshold":null,"inheritable":false,"inbound_stock":0,"stock_on_hold":0,"sold_today":0,"sales_last_days":0,"out_stock_days":0,"lost_sales":0,"has_location":false,"update_date":"2026-04-14T00:05:11","atum_locations":[],"atum_stock_status":"instock","restock_status":false,"low_stock_amount":"","sales_update_date":"2026-04-14T00:05:11","calc_backorders":null,"yoast_head":"<!-- This site is optimized with the Yoast SEO plugin v27.2 - https:\/\/yoast.com\/product\/yoast-seo-wordpress\/ -->\n<title>Valgendav vananemisvastane ampull vitamiinide ja glutatiooniga Medi-Peel Melanon X Ampoule, 30ml - IDA.KOREA<\/title>\n<meta name=\"description\" content=\"Medi-Peel Melanon X Ampoule v\u00e4hendab kortsude s\u00fcgavust, k\u00f5rvaldab h\u00fcperpigmentatsiooni ja \u00fchtlustab jumet, andes nahale siledust, elastsust ja s\u00e4ra.\" \/>\n<meta name=\"robots\" content=\"index, follow, max-snippet:-1, max-image-preview:large, max-video-preview:-1\" \/>\n<link rel=\"canonical\" href=\"https:\/\/idakorea.ee\/fi\/product\/medi-peel-melanon-x-ampoule\/\" \/>\n<meta property=\"og:locale\" content=\"fi_FI\" \/>\n<meta property=\"og:type\" content=\"article\" \/>\n<meta property=\"og:title\" content=\"Valgendav vananemisvastane ampull vitamiinide ja glutatiooniga Medi-Peel Melanon X Ampoule, 30ml - IDA.KOREA\" \/>\n<meta property=\"og:description\" content=\"Medi-Peel Melanon X Ampoule v\u00e4hendab kortsude s\u00fcgavust, k\u00f5rvaldab h\u00fcperpigmentatsiooni ja \u00fchtlustab jumet, andes nahale siledust, elastsust ja s\u00e4ra.\" \/>\n<meta property=\"og:url\" content=\"https:\/\/idakorea.ee\/fi\/product\/medi-peel-melanon-x-ampoule\/\" \/>\n<meta property=\"og:site_name\" content=\"IDA.KOREA\" \/>\n<meta property=\"article:modified_time\" content=\"2026-04-03T12:38:19+00:00\" \/>\n<meta property=\"og:image\" content=\"https:\/\/idakorea.ee\/wp-content\/uploads\/2024\/06\/Medi_Peel-Melanon-X-Ampoule.jpg\" \/>\n\t<meta property=\"og:image:width\" content=\"1000\" \/>\n\t<meta property=\"og:image:height\" content=\"1000\" \/>\n\t<meta property=\"og:image:type\" content=\"image\/jpeg\" \/>\n<meta name=\"twitter:card\" content=\"summary_large_image\" \/>\n<meta name=\"twitter:label1\" content=\"Arvioitu lukuaika\" \/>\n\t<meta name=\"twitter:data1\" content=\"1 minuutti\" \/>\n<script type=\"application\/ld+json\" class=\"yoast-schema-graph\">{\"@context\":\"https:\/\/schema.org\",\"@graph\":[{\"@type\":\"WebPage\",\"@id\":\"https:\/\/idakorea.ee\/product\/medi-peel-melanon-x-ampoule\/\",\"url\":\"https:\/\/idakorea.ee\/product\/medi-peel-melanon-x-ampoule\/\",\"name\":\"Valgendav vananemisvastane ampull vitamiinide ja glutatiooniga Medi-Peel Melanon X Ampoule, 30ml - IDA.KOREA\",\"isPartOf\":{\"@id\":\"https:\/\/idakorea.ee\/#website\"},\"primaryImageOfPage\":{\"@id\":\"https:\/\/idakorea.ee\/product\/medi-peel-melanon-x-ampoule\/#primaryimage\"},\"image\":{\"@id\":\"https:\/\/idakorea.ee\/product\/medi-peel-melanon-x-ampoule\/#primaryimage\"},\"thumbnailUrl\":\"https:\/\/idakorea.ee\/wp-content\/uploads\/2024\/06\/Medi_Peel-Melanon-X-Ampoule.jpg\",\"datePublished\":\"2024-06-21T11:00:23+00:00\",\"dateModified\":\"2026-04-03T12:38:19+00:00\",\"description\":\"Medi-Peel Melanon X Ampoule v\u00e4hendab kortsude s\u00fcgavust, k\u00f5rvaldab h\u00fcperpigmentatsiooni ja \u00fchtlustab jumet, andes nahale siledust, elastsust ja s\u00e4ra.\",\"breadcrumb\":{\"@id\":\"https:\/\/idakorea.ee\/product\/medi-peel-melanon-x-ampoule\/#breadcrumb\"},\"inLanguage\":\"fi\",\"potentialAction\":[{\"@type\":\"ReadAction\",\"target\":[\"https:\/\/idakorea.ee\/product\/medi-peel-melanon-x-ampoule\/\"]}]},{\"@type\":\"ImageObject\",\"inLanguage\":\"fi\",\"@id\":\"https:\/\/idakorea.ee\/product\/medi-peel-melanon-x-ampoule\/#primaryimage\",\"url\":\"https:\/\/idakorea.ee\/wp-content\/uploads\/2024\/06\/Medi_Peel-Melanon-X-Ampoule.jpg\",\"contentUrl\":\"https:\/\/idakorea.ee\/wp-content\/uploads\/2024\/06\/Medi_Peel-Melanon-X-Ampoule.jpg\",\"width\":1000,\"height\":1000},{\"@type\":\"BreadcrumbList\",\"@id\":\"https:\/\/idakorea.ee\/product\/medi-peel-melanon-x-ampoule\/#breadcrumb\",\"itemListElement\":[{\"@type\":\"ListItem\",\"position\":1,\"name\":\"\u0413\u043b\u0430\u0432\u043d\u0430\u044f \u0441\u0442\u0440\u0430\u043d\u0438\u0446\u0430\",\"item\":\"https:\/\/idakorea.ee\/\"},{\"@type\":\"ListItem\",\"position\":2,\"name\":\"Shop\",\"item\":\"https:\/\/idakorea.ee\/shop-2\/\"},{\"@type\":\"ListItem\",\"position\":3,\"name\":\"Valgendav vananemisvastane ampull vitamiinide ja glutatiooniga Medi-Peel Melanon X Ampoule, 30ml\"}]},{\"@type\":\"WebSite\",\"@id\":\"https:\/\/idakorea.ee\/#website\",\"url\":\"https:\/\/idakorea.ee\/\",\"name\":\"IDA.KOREA\",\"description\":\"Korea kosmeetika e-pood\",\"publisher\":{\"@id\":\"https:\/\/idakorea.ee\/#organization\"},\"alternateName\":\"Beauty Shop\",\"potentialAction\":[{\"@type\":\"SearchAction\",\"target\":{\"@type\":\"EntryPoint\",\"urlTemplate\":\"https:\/\/idakorea.ee\/?s={search_term_string}\"},\"query-input\":{\"@type\":\"PropertyValueSpecification\",\"valueRequired\":true,\"valueName\":\"search_term_string\"}}],\"inLanguage\":\"fi\"},{\"@type\":\"Organization\",\"@id\":\"https:\/\/idakorea.ee\/#organization\",\"name\":\"IDA.KOREA\",\"url\":\"https:\/\/idakorea.ee\/\",\"logo\":{\"@type\":\"ImageObject\",\"inLanguage\":\"fi\",\"@id\":\"https:\/\/idakorea.ee\/#\/schema\/logo\/image\/\",\"url\":\"https:\/\/idakorea.ee\/wp-content\/uploads\/2024\/05\/cropped-korea3.png\",\"contentUrl\":\"https:\/\/idakorea.ee\/wp-content\/uploads\/2024\/05\/cropped-korea3.png\",\"width\":688,\"height\":126,\"caption\":\"IDA.KOREA\"},\"image\":{\"@id\":\"https:\/\/idakorea.ee\/#\/schema\/logo\/image\/\"},\"sameAs\":[\"https:\/\/www.instagram.com\/ida.korea\/\"]}]}<\/script>\n<!-- \/ Yoast SEO plugin. -->","yoast_head_json":{"title":"Valkaiseva ik\u00e4\u00e4ntymist\u00e4 est\u00e4v\u00e4 ampulli vitamiineilla ja glutationilla Medi-Peel Melanon X Ampoule, 30ml - IDA.KOREA","description":"Medi-Peel Melanon X -ampulli v\u00e4hent\u00e4\u00e4 ryppyjen syvyytt\u00e4, poistaa hyperpigmentaatiota ja tasoittaa ihonv\u00e4ri\u00e4 antaen iholle sileytt\u00e4, kimmoisuutta ja hehkua.","robots":{"index":"index","follow":"follow","max-snippet":"max-snippet:-1","max-image-preview":"max-image-preview:large","max-video-preview":"max-video-preview:-1"},"canonical":"https:\/\/idakorea.ee\/fi\/product\/medi-peel-melanon-x-ampoule\/","og_locale":"fi_FI","og_type":"article","og_title":"Valgendav vananemisvastane ampull vitamiinide ja glutatiooniga Medi-Peel Melanon X Ampoule, 30ml - IDA.KOREA","og_description":"Medi-Peel Melanon X Ampoule v\u00e4hendab kortsude s\u00fcgavust, k\u00f5rvaldab h\u00fcperpigmentatsiooni ja \u00fchtlustab jumet, andes nahale siledust, elastsust ja s\u00e4ra.","og_url":"https:\/\/idakorea.ee\/fi\/product\/medi-peel-melanon-x-ampoule\/","og_site_name":"IDA.KOREA","article_modified_time":"2026-04-03T12:38:19+00:00","og_image":[{"width":1000,"height":1000,"url":"https:\/\/idakorea.ee\/wp-content\/uploads\/2024\/06\/Medi_Peel-Melanon-X-Ampoule.jpg","type":"image\/jpeg"}],"twitter_card":"summary_large_image","twitter_misc":{"Arvioitu lukuaika":"1 minuutti"},"schema":{"@context":"https:\/\/schema.org","@graph":[{"@type":"WebPage","@id":"https:\/\/idakorea.ee\/product\/medi-peel-melanon-x-ampoule\/","url":"https:\/\/idakorea.ee\/product\/medi-peel-melanon-x-ampoule\/","name":"Valkaiseva ik\u00e4\u00e4ntymist\u00e4 est\u00e4v\u00e4 ampulli vitamiineilla ja glutationilla Medi-Peel Melanon X Ampoule, 30ml - IDA.KOREA","isPartOf":{"@id":"https:\/\/idakorea.ee\/#website"},"primaryImageOfPage":{"@id":"https:\/\/idakorea.ee\/product\/medi-peel-melanon-x-ampoule\/#primaryimage"},"image":{"@id":"https:\/\/idakorea.ee\/product\/medi-peel-melanon-x-ampoule\/#primaryimage"},"thumbnailUrl":"https:\/\/idakorea.ee\/wp-content\/uploads\/2024\/06\/Medi_Peel-Melanon-X-Ampoule.jpg","datePublished":"2024-06-21T11:00:23+00:00","dateModified":"2026-04-03T12:38:19+00:00","description":"Medi-Peel Melanon X -ampulli v\u00e4hent\u00e4\u00e4 ryppyjen syvyytt\u00e4, poistaa hyperpigmentaatiota ja tasoittaa ihonv\u00e4ri\u00e4 antaen iholle sileytt\u00e4, kimmoisuutta ja hehkua.","breadcrumb":{"@id":"https:\/\/idakorea.ee\/product\/medi-peel-melanon-x-ampoule\/#breadcrumb"},"inLanguage":"fi","potentialAction":[{"@type":"ReadAction","target":["https:\/\/idakorea.ee\/product\/medi-peel-melanon-x-ampoule\/"]}]},{"@type":"ImageObject","inLanguage":"fi","@id":"https:\/\/idakorea.ee\/product\/medi-peel-melanon-x-ampoule\/#primaryimage","url":"https:\/\/idakorea.ee\/wp-content\/uploads\/2024\/06\/Medi_Peel-Melanon-X-Ampoule.jpg","contentUrl":"https:\/\/idakorea.ee\/wp-content\/uploads\/2024\/06\/Medi_Peel-Melanon-X-Ampoule.jpg","width":1000,"height":1000},{"@type":"BreadcrumbList","@id":"https:\/\/idakorea.ee\/product\/medi-peel-melanon-x-ampoule\/#breadcrumb","itemListElement":[{"@type":"ListItem","position":1,"name":"\u0413\u043b\u0430\u0432\u043d\u0430\u044f \u0441\u0442\u0440\u0430\u043d\u0438\u0446\u0430","item":"https:\/\/idakorea.ee\/"},{"@type":"ListItem","position":2,"name":"Shop","item":"https:\/\/idakorea.ee\/shop-2\/"},{"@type":"ListItem","position":3,"name":"Valgendav vananemisvastane ampull vitamiinide ja glutatiooniga Medi-Peel Melanon X Ampoule, 30ml"}]},{"@type":"WebSite","@id":"https:\/\/idakorea.ee\/#website","url":"https:\/\/idakorea.ee\/","name":"IDA.KOREA","description":"Korean kosmetiikan verkkokauppa","publisher":{"@id":"https:\/\/idakorea.ee\/#organization"},"alternateName":"Beauty Shop","potentialAction":[{"@type":"SearchAction","target":{"@type":"EntryPoint","urlTemplate":"https:\/\/idakorea.ee\/?s={search_term_string}"},"query-input":{"@type":"PropertyValueSpecification","valueRequired":true,"valueName":"search_term_string"}}],"inLanguage":"fi"},{"@type":"Organization","@id":"https:\/\/idakorea.ee\/#organization","name":"IDA.KOREA","url":"https:\/\/idakorea.ee\/","logo":{"@type":"ImageObject","inLanguage":"fi","@id":"https:\/\/idakorea.ee\/#\/schema\/logo\/image\/","url":"https:\/\/idakorea.ee\/wp-content\/uploads\/2024\/05\/cropped-korea3.png","contentUrl":"https:\/\/idakorea.ee\/wp-content\/uploads\/2024\/05\/cropped-korea3.png","width":688,"height":126,"caption":"IDA.KOREA"},"image":{"@id":"https:\/\/idakorea.ee\/#\/schema\/logo\/image\/"},"sameAs":["https:\/\/www.instagram.com\/ida.korea\/"]}]}},"jetpack_sharing_enabled":true,"brands":[{"id":107,"name":"MEDIPEEL+","slug":"medipeel"}],"_links":{"self":[{"href":"https:\/\/idakorea.ee\/fi\/wp-json\/wp\/v2\/product\/5302","targetHints":{"allow":["GET"]}}],"collection":[{"href":"https:\/\/idakorea.ee\/fi\/wp-json\/wp\/v2\/product"}],"about":[{"href":"https:\/\/idakorea.ee\/fi\/wp-json\/wp\/v2\/types\/product"}],"replies":[{"embeddable":true,"href":"https:\/\/idakorea.ee\/fi\/wp-json\/wp\/v2\/comments?post=5302"}],"version-history":[{"count":1,"href":"https:\/\/idakorea.ee\/fi\/wp-json\/wp\/v2\/product\/5302\/revisions"}],"predecessor-version":[{"id":9671,"href":"https:\/\/idakorea.ee\/fi\/wp-json\/wp\/v2\/product\/5302\/revisions\/9671"}],"wp:featuredmedia":[{"embeddable":true,"href":"https:\/\/idakorea.ee\/fi\/wp-json\/wp\/v2\/media\/5303"}],"wp:attachment":[{"href":"https:\/\/idakorea.ee\/fi\/wp-json\/wp\/v2\/media?parent=5302"}],"wp:term":[{"taxonomy":"pwb-brand","embeddable":true,"href":"https:\/\/idakorea.ee\/fi\/wp-json\/wp\/v2\/pwb-brand?post=5302"},{"taxonomy":"product_brand","embeddable":true,"href":"https:\/\/idakorea.ee\/fi\/wp-json\/wp\/v2\/product_brand?post=5302"},{"taxonomy":"product_cat","embeddable":true,"href":"https:\/\/idakorea.ee\/fi\/wp-json\/wp\/v2\/product_cat?post=5302"},{"taxonomy":"product_tag","embeddable":true,"href":"https:\/\/idakorea.ee\/fi\/wp-json\/wp\/v2\/product_tag?post=5302"}],"curies":[{"name":"wp","href":"https:\/\/api.w.org\/{rel}","templated":true}]}}