{"id":5314,"date":"2024-06-22T09:22:47","date_gmt":"2024-06-22T09:22:47","guid":{"rendered":"https:\/\/idakorea.ee\/?post_type=product&#038;p=5314"},"modified":"2026-04-03T14:38:11","modified_gmt":"2026-04-03T12:38:11","slug":"ampulltoonik-sprei-medi-peel-melanon-x-liposome-ampoule-mist-100ml","status":"publish","type":"product","link":"https:\/\/idakorea.ee\/fi\/product\/ampulltoonik-sprei-medi-peel-melanon-x-liposome-ampoule-mist-100ml\/","title":{"rendered":"Medi-Peel Melanon X Liposome Ampoule Ampoule Mist, 100ml"},"content":{"rendered":"<p><strong>Ampulli kasvosuihke Medi-Peel Melanon X Liposome Ampullisuihke<\/strong> Taistelee pigmenttil\u00e4iski\u00e4 ja ryppyj\u00e4 vastaan, raikastaa ja kosteuttaa ihoa v\u00e4litt\u00f6m\u00e4sti. Tuote tarjoaa ik\u00e4\u00e4ntymist\u00e4 ehk\u00e4isevi\u00e4 vaikutuksia, parantaa ihon yleist\u00e4 s\u00e4vy\u00e4, antaa sille terveen hehkun ja sile\u00e4n rakenteen.<\/p>\n<p>Tuote silottaa ihoa, v\u00e4hent\u00e4\u00e4 ryppyjen syvyytt\u00e4, vaalentaa pigmenttil\u00e4iski\u00e4 ja pisamia, poistaa sameutta ja parantaa ihon kimmoisuutta. Suihke levittyy tasaisesti ja sopii t\u00e4ydellisesti ihon valmisteluun meikki\u00e4 varten.<\/p>\n<p>Tuotetta on helppo ja nopea k\u00e4ytt\u00e4\u00e4 sek\u00e4 kasvoveden\u00e4 ett\u00e4 seerumina, mink\u00e4 ansiosta voit yll\u00e4pit\u00e4\u00e4 optimaalisen kosteustason koko ajan.<\/p>\n<p>Liposomiteknologia stabiloi ja kuljettaa aktiiviset ainesosat syv\u00e4lle epidermikseen, miss\u00e4 ne toimivat tehokkaammin ja nopeammin.<\/p>\n<p><strong>T\u00e4rkeimm\u00e4t vaikuttavat aineet:<\/strong><\/p>\n<ul>\n<li><strong>Traneksaamihappo<\/strong> \u2013 valkaiseva aine, joka est\u00e4\u00e4 tyrosinaasia, melaniinin tuotantoa k\u00e4ynnist\u00e4v\u00e4\u00e4 entsyymi\u00e4. Ei aiheuta valoherkkyytt\u00e4, voidaan k\u00e4ytt\u00e4\u00e4 my\u00f6s p\u00e4iv\u00e4saikaan.<\/li>\n<li><strong>Glutationi<\/strong> \u2013 stimuloi uudistumista, korjaa mikrovaurioita, hidastaa ik\u00e4\u00e4ntymisprosessia, torjuu punoitusta ja valkaisee.<\/li>\n<li><strong>MadeWhite\u2122<\/strong> \u2013 madekassosidista (per\u00e4isin Aasian vesinavasta) ja pentyleeniglykolista koostuva yhdiste. Est\u00e4\u00e4 tulehdusreaktiota s\u00e4\u00e4telev\u00e4n syklo-oksigenaasientsyymin tuotantoa, mik\u00e4 ehk\u00e4isee tulehdusta ja aknearpien muodostumista.<\/li>\n<li><strong>Redsnow<\/strong> \u2013 ik\u00e4\u00e4ntymist\u00e4 ehk\u00e4isev\u00e4 kompleksi, joka perustuu japanilaiseen kameliauutteeseen, jota kasvaa Jejun saarella Koreassa. Redsnow lis\u00e4\u00e4 kollageenin tuotantoa, est\u00e4\u00e4 MMP-1-geenej\u00e4, jotka stimuloivat kollageenimolekyylien hajoamista, ja est\u00e4\u00e4 reseptoreita, jotka k\u00e4ynnist\u00e4v\u00e4t solujen hapettumisprosessin.<\/li>\n<li><strong>SingGreen<\/strong> \u2013 papaija-, omena-, viiniryp\u00e4le- ja luumuuutteiden yhdistelm\u00e4. Kuorii hell\u00e4varaisesti, tasoittaa ihon s\u00e4vy\u00e4 ja silottaa ihoa.<\/li>\n<li><strong>Retinyylipalmitaatti ja retinaldehydi<\/strong> \u2013 A-vitamiinin muodot, joilla on voimakas nuorentava vaikutus, kiihdytt\u00e4v\u00e4t solujen uusiutumista epidermiksess\u00e4. Niill\u00e4 on kohottava ja hieman valkaiseva vaikutus.<\/li>\n<li><strong>Peptidit (heksapeptidi-11, asetyyliheksapeptidi-8, kuparitripeptidi-1, palmitoyylipentapeptidi-4)<\/strong> lis\u00e4\u00e4v\u00e4t ihon kimmoisuutta ja tiheytt\u00e4, stimuloivat kollageenin tuotantoa, vahvistavat soluv\u00e4liainetta, silottavat ryppyj\u00e4 ja ehk\u00e4isev\u00e4t niiden muodostumista.<\/li>\n<li><strong>Askorbiinihappo<\/strong> \u2013 C-vitamiinin muoto, jolla on antioksidanttinen vaikutus. Se suojaa soluja vapailta radikaaleilta, hidastaa siten ik\u00e4\u00e4ntymisprosessia, ehk\u00e4isee pigmenttil\u00e4iskien muodostumista ja tasoittaa ihon s\u00e4vy\u00e4.<\/li>\n<li><strong>Arbutiin<\/strong> \u2013 tehokas valkaiseva aktiivinen ainesosa, joka vaalentaa pigmenttil\u00e4iski\u00e4 ja est\u00e4\u00e4 melaniinisynteesi\u00e4, poistaa sameutta ja tasoittaa ihon s\u00e4vy\u00e4.<\/li>\n<li><strong>Niasiiniamidi (B3-vitamiini)<\/strong> Tasoittaa ihon s\u00e4vy\u00e4, parantaa ihonv\u00e4ri\u00e4, stimuloi kollageenin tuotantoa, kirkastaa ja hidastaa melaniinin kulkeutumista ihoon sek\u00e4 vahvistaa hydrolipidikerrosta.<\/li>\n<li><strong>Pantenoli (B5-vitamiini)<\/strong> Lievitt\u00e4\u00e4 punoitusta ja kutinaa, vahvistaa hydrolipidikerrosta, est\u00e4\u00e4 kosteuden haihtumista ja edist\u00e4\u00e4 palautumista.<\/li>\n<\/ul>\n<p>&nbsp;<\/p>\n<p>Sopii kaikille ihotyypeille.<\/p>\n<p>&nbsp;<\/p>\n<p><strong>K\u00e4ytt\u00e4j\u00e4n k\u00e4sikirja<\/strong>Ravista tuotetta, suihkuta sit\u00e4 kasvoille 20 cm et\u00e4isyydelt\u00e4 ja edist\u00e4 imeytymist\u00e4 taputtelemalla kevyesti. Voidaan k\u00e4ytt\u00e4\u00e4 sek\u00e4 ennen meikin levitt\u00e4mist\u00e4 ett\u00e4 sen j\u00e4lkeen.<\/p>","protected":false},"excerpt":{"rendered":"<p>Medi-Peel Melanon X Liposome Ampoule Mist torjuu pigmentaatiota ja ryppyj\u00e4 virkist\u00e4m\u00e4ll\u00e4 ja kosteuttamalla ihoa v\u00e4litt\u00f6m\u00e4sti. Tuote tarjoaa anti-ageing-vaikutuksen, parantaa ihon yleist\u00e4 s\u00e4vy\u00e4, antaa sille terveen hehkun ja sile\u00e4n rakenteen. Tuote tasoittaa ihoa, v\u00e4hent\u00e4\u00e4 ryppyjen syvyytt\u00e4, kirkastaa pigmentti\u00e4 ja tedretonia, poistaa sameutta ja parantaa ihon kimmoisuutta. Suihke levittyy tasaisesti ja sopii t\u00e4ydellisesti valmistelemaan ihoa...<\/p>","protected":false},"featured_media":6509,"comment_status":"open","ping_status":"closed","template":"","meta":{"_uf_show_specific_survey":0,"_uf_disable_surveys":false,"_bst_post_transparent":"default","_bst_post_title":"","_bst_post_layout":"default","_bst_post_sidebar_id":"","_bst_post_content_style":"default","_bst_post_vertical_padding":"default","_bst_post_feature":"","_bst_post_feature_position":"","_bst_post_header":false,"_bst_post_footer":false},"pwb-brand":[107],"product_brand":[],"product_cat":[92,97,158],"product_tag":[233,377,202,249,381,230,203],"class_list":{"0":"post-5314","1":"product","2":"type-product","3":"status-publish","4":"has-post-thumbnail","6":"pwb-brand-medipeel","7":"product_cat-nagu","8":"product_cat-naoseerumid-ja-olid","9":"product_cat-toonik","10":"product_tag-internet-pood-eesti","11":"product_tag-k-beauty-2","12":"product_tag-korea-kosmeetika","13":"product_tag-medi-peel","14":"product_tag-medipeel","15":"product_tag-pigment","16":"product_tag-korejskaya-kosmetika","18":"first","19":"instock","20":"sale","21":"shipping-taxable","22":"purchasable","23":"product-type-simple","24":"entry","25":"content-bg","26":"loop-entry"},"supplier_id":null,"supplier_sku":"","barcode":null,"atum_controlled":true,"out_stock_date":null,"out_stock_threshold":null,"inheritable":false,"inbound_stock":0,"stock_on_hold":0,"sold_today":0,"sales_last_days":0,"out_stock_days":0,"lost_sales":0,"has_location":false,"update_date":"2026-04-14T00:05:11","atum_locations":[],"atum_stock_status":"instock","restock_status":false,"low_stock_amount":"","sales_update_date":"2026-04-14T00:05:11","calc_backorders":null,"yoast_head":"<!-- This site is optimized with the Yoast SEO plugin v27.2 - https:\/\/yoast.com\/product\/yoast-seo-wordpress\/ -->\n<title>Medi-Peel Melanon X Liposome Ampoule Mist<\/title>\n<meta name=\"description\" content=\"Ampulltooner-sprei Medi-Peel Melanon X Liposome Ampoule Mist v\u00f5itleb pigmendilaikude ja kortsude vastu, v\u00e4rskendades ja niisutades nahka koheselt.\" \/>\n<meta name=\"robots\" content=\"index, follow, max-snippet:-1, max-image-preview:large, max-video-preview:-1\" \/>\n<link rel=\"canonical\" href=\"https:\/\/idakorea.ee\/fi\/product\/ampulltoonik-sprei-medi-peel-melanon-x-liposome-ampoule-mist-100ml\/\" \/>\n<meta property=\"og:locale\" content=\"fi_FI\" \/>\n<meta property=\"og:type\" content=\"article\" \/>\n<meta property=\"og:title\" content=\"Medi-Peel Melanon X Liposome Ampoule Mist\" \/>\n<meta property=\"og:description\" content=\"Ampulltooner-sprei Medi-Peel Melanon X Liposome Ampoule Mist v\u00f5itleb pigmendilaikude ja kortsude vastu, v\u00e4rskendades ja niisutades nahka koheselt.\" \/>\n<meta property=\"og:url\" content=\"https:\/\/idakorea.ee\/fi\/product\/ampulltoonik-sprei-medi-peel-melanon-x-liposome-ampoule-mist-100ml\/\" \/>\n<meta property=\"og:site_name\" content=\"IDA.KOREA\" \/>\n<meta property=\"article:modified_time\" content=\"2026-04-03T12:38:11+00:00\" \/>\n<meta property=\"og:image\" content=\"https:\/\/idakorea.ee\/wp-content\/uploads\/2024\/06\/so7mr89yz3gd3s4f4us6yf4vr17t0vo3.jpg\" \/>\n\t<meta property=\"og:image:width\" content=\"1000\" \/>\n\t<meta property=\"og:image:height\" content=\"1000\" \/>\n\t<meta property=\"og:image:type\" content=\"image\/jpeg\" \/>\n<meta name=\"twitter:card\" content=\"summary_large_image\" \/>\n<meta name=\"twitter:label1\" content=\"Arvioitu lukuaika\" \/>\n\t<meta name=\"twitter:data1\" content=\"3 minuuttia\" \/>\n<script type=\"application\/ld+json\" class=\"yoast-schema-graph\">{\"@context\":\"https:\/\/schema.org\",\"@graph\":[{\"@type\":\"WebPage\",\"@id\":\"https:\/\/idakorea.ee\/product\/ampulltoonik-sprei-medi-peel-melanon-x-liposome-ampoule-mist-100ml\/\",\"url\":\"https:\/\/idakorea.ee\/product\/ampulltoonik-sprei-medi-peel-melanon-x-liposome-ampoule-mist-100ml\/\",\"name\":\"Medi-Peel Melanon X Liposome Ampoule Mist\",\"isPartOf\":{\"@id\":\"https:\/\/idakorea.ee\/#website\"},\"primaryImageOfPage\":{\"@id\":\"https:\/\/idakorea.ee\/product\/ampulltoonik-sprei-medi-peel-melanon-x-liposome-ampoule-mist-100ml\/#primaryimage\"},\"image\":{\"@id\":\"https:\/\/idakorea.ee\/product\/ampulltoonik-sprei-medi-peel-melanon-x-liposome-ampoule-mist-100ml\/#primaryimage\"},\"thumbnailUrl\":\"https:\/\/idakorea.ee\/wp-content\/uploads\/2024\/06\/so7mr89yz3gd3s4f4us6yf4vr17t0vo3.jpg\",\"datePublished\":\"2024-06-22T09:22:47+00:00\",\"dateModified\":\"2026-04-03T12:38:11+00:00\",\"description\":\"Ampulltooner-sprei Medi-Peel Melanon X Liposome Ampoule Mist v\u00f5itleb pigmendilaikude ja kortsude vastu, v\u00e4rskendades ja niisutades nahka koheselt.\",\"breadcrumb\":{\"@id\":\"https:\/\/idakorea.ee\/product\/ampulltoonik-sprei-medi-peel-melanon-x-liposome-ampoule-mist-100ml\/#breadcrumb\"},\"inLanguage\":\"fi\",\"potentialAction\":[{\"@type\":\"ReadAction\",\"target\":[\"https:\/\/idakorea.ee\/product\/ampulltoonik-sprei-medi-peel-melanon-x-liposome-ampoule-mist-100ml\/\"]}]},{\"@type\":\"ImageObject\",\"inLanguage\":\"fi\",\"@id\":\"https:\/\/idakorea.ee\/product\/ampulltoonik-sprei-medi-peel-melanon-x-liposome-ampoule-mist-100ml\/#primaryimage\",\"url\":\"https:\/\/idakorea.ee\/wp-content\/uploads\/2024\/06\/so7mr89yz3gd3s4f4us6yf4vr17t0vo3.jpg\",\"contentUrl\":\"https:\/\/idakorea.ee\/wp-content\/uploads\/2024\/06\/so7mr89yz3gd3s4f4us6yf4vr17t0vo3.jpg\",\"width\":1000,\"height\":1000},{\"@type\":\"BreadcrumbList\",\"@id\":\"https:\/\/idakorea.ee\/product\/ampulltoonik-sprei-medi-peel-melanon-x-liposome-ampoule-mist-100ml\/#breadcrumb\",\"itemListElement\":[{\"@type\":\"ListItem\",\"position\":1,\"name\":\"\u0413\u043b\u0430\u0432\u043d\u0430\u044f \u0441\u0442\u0440\u0430\u043d\u0438\u0446\u0430\",\"item\":\"https:\/\/idakorea.ee\/\"},{\"@type\":\"ListItem\",\"position\":2,\"name\":\"Shop\",\"item\":\"https:\/\/idakorea.ee\/shop-2\/\"},{\"@type\":\"ListItem\",\"position\":3,\"name\":\"Ampulltooner-sprei Medi-Peel Melanon X Liposome Ampoule Mist, 100ml\"}]},{\"@type\":\"WebSite\",\"@id\":\"https:\/\/idakorea.ee\/#website\",\"url\":\"https:\/\/idakorea.ee\/\",\"name\":\"IDA.KOREA\",\"description\":\"Korea kosmeetika e-pood\",\"publisher\":{\"@id\":\"https:\/\/idakorea.ee\/#organization\"},\"alternateName\":\"Beauty Shop\",\"potentialAction\":[{\"@type\":\"SearchAction\",\"target\":{\"@type\":\"EntryPoint\",\"urlTemplate\":\"https:\/\/idakorea.ee\/?s={search_term_string}\"},\"query-input\":{\"@type\":\"PropertyValueSpecification\",\"valueRequired\":true,\"valueName\":\"search_term_string\"}}],\"inLanguage\":\"fi\"},{\"@type\":\"Organization\",\"@id\":\"https:\/\/idakorea.ee\/#organization\",\"name\":\"IDA.KOREA\",\"url\":\"https:\/\/idakorea.ee\/\",\"logo\":{\"@type\":\"ImageObject\",\"inLanguage\":\"fi\",\"@id\":\"https:\/\/idakorea.ee\/#\/schema\/logo\/image\/\",\"url\":\"https:\/\/idakorea.ee\/wp-content\/uploads\/2024\/05\/cropped-korea3.png\",\"contentUrl\":\"https:\/\/idakorea.ee\/wp-content\/uploads\/2024\/05\/cropped-korea3.png\",\"width\":688,\"height\":126,\"caption\":\"IDA.KOREA\"},\"image\":{\"@id\":\"https:\/\/idakorea.ee\/#\/schema\/logo\/image\/\"},\"sameAs\":[\"https:\/\/www.instagram.com\/ida.korea\/\"]}]}<\/script>\n<!-- \/ Yoast SEO plugin. -->","yoast_head_json":{"title":"Medi-Peel Melanon X Liposomi Ampullisuihke","description":"Medi-Peel Melanon X Liposome Ampoule Mist taistelee pigmenttil\u00e4iski\u00e4 ja ryppyj\u00e4 vastaan, raikastaen ja kosteuttaen ihoa v\u00e4litt\u00f6m\u00e4sti.","robots":{"index":"index","follow":"follow","max-snippet":"max-snippet:-1","max-image-preview":"max-image-preview:large","max-video-preview":"max-video-preview:-1"},"canonical":"https:\/\/idakorea.ee\/fi\/product\/ampulltoonik-sprei-medi-peel-melanon-x-liposome-ampoule-mist-100ml\/","og_locale":"fi_FI","og_type":"article","og_title":"Medi-Peel Melanon X Liposome Ampoule Mist","og_description":"Ampulltooner-sprei Medi-Peel Melanon X Liposome Ampoule Mist v\u00f5itleb pigmendilaikude ja kortsude vastu, v\u00e4rskendades ja niisutades nahka koheselt.","og_url":"https:\/\/idakorea.ee\/fi\/product\/ampulltoonik-sprei-medi-peel-melanon-x-liposome-ampoule-mist-100ml\/","og_site_name":"IDA.KOREA","article_modified_time":"2026-04-03T12:38:11+00:00","og_image":[{"width":1000,"height":1000,"url":"https:\/\/idakorea.ee\/wp-content\/uploads\/2024\/06\/so7mr89yz3gd3s4f4us6yf4vr17t0vo3.jpg","type":"image\/jpeg"}],"twitter_card":"summary_large_image","twitter_misc":{"Arvioitu lukuaika":"3 minuuttia"},"schema":{"@context":"https:\/\/schema.org","@graph":[{"@type":"WebPage","@id":"https:\/\/idakorea.ee\/product\/ampulltoonik-sprei-medi-peel-melanon-x-liposome-ampoule-mist-100ml\/","url":"https:\/\/idakorea.ee\/product\/ampulltoonik-sprei-medi-peel-melanon-x-liposome-ampoule-mist-100ml\/","name":"Medi-Peel Melanon X Liposomi Ampullisuihke","isPartOf":{"@id":"https:\/\/idakorea.ee\/#website"},"primaryImageOfPage":{"@id":"https:\/\/idakorea.ee\/product\/ampulltoonik-sprei-medi-peel-melanon-x-liposome-ampoule-mist-100ml\/#primaryimage"},"image":{"@id":"https:\/\/idakorea.ee\/product\/ampulltoonik-sprei-medi-peel-melanon-x-liposome-ampoule-mist-100ml\/#primaryimage"},"thumbnailUrl":"https:\/\/idakorea.ee\/wp-content\/uploads\/2024\/06\/so7mr89yz3gd3s4f4us6yf4vr17t0vo3.jpg","datePublished":"2024-06-22T09:22:47+00:00","dateModified":"2026-04-03T12:38:11+00:00","description":"Medi-Peel Melanon X Liposome Ampoule Mist taistelee pigmenttil\u00e4iski\u00e4 ja ryppyj\u00e4 vastaan, raikastaen ja kosteuttaen ihoa v\u00e4litt\u00f6m\u00e4sti.","breadcrumb":{"@id":"https:\/\/idakorea.ee\/product\/ampulltoonik-sprei-medi-peel-melanon-x-liposome-ampoule-mist-100ml\/#breadcrumb"},"inLanguage":"fi","potentialAction":[{"@type":"ReadAction","target":["https:\/\/idakorea.ee\/product\/ampulltoonik-sprei-medi-peel-melanon-x-liposome-ampoule-mist-100ml\/"]}]},{"@type":"ImageObject","inLanguage":"fi","@id":"https:\/\/idakorea.ee\/product\/ampulltoonik-sprei-medi-peel-melanon-x-liposome-ampoule-mist-100ml\/#primaryimage","url":"https:\/\/idakorea.ee\/wp-content\/uploads\/2024\/06\/so7mr89yz3gd3s4f4us6yf4vr17t0vo3.jpg","contentUrl":"https:\/\/idakorea.ee\/wp-content\/uploads\/2024\/06\/so7mr89yz3gd3s4f4us6yf4vr17t0vo3.jpg","width":1000,"height":1000},{"@type":"BreadcrumbList","@id":"https:\/\/idakorea.ee\/product\/ampulltoonik-sprei-medi-peel-melanon-x-liposome-ampoule-mist-100ml\/#breadcrumb","itemListElement":[{"@type":"ListItem","position":1,"name":"\u0413\u043b\u0430\u0432\u043d\u0430\u044f \u0441\u0442\u0440\u0430\u043d\u0438\u0446\u0430","item":"https:\/\/idakorea.ee\/"},{"@type":"ListItem","position":2,"name":"Shop","item":"https:\/\/idakorea.ee\/shop-2\/"},{"@type":"ListItem","position":3,"name":"Ampulltooner-sprei Medi-Peel Melanon X Liposome Ampoule Mist, 100ml"}]},{"@type":"WebSite","@id":"https:\/\/idakorea.ee\/#website","url":"https:\/\/idakorea.ee\/","name":"IDA.KOREA","description":"Korean kosmetiikan verkkokauppa","publisher":{"@id":"https:\/\/idakorea.ee\/#organization"},"alternateName":"Beauty Shop","potentialAction":[{"@type":"SearchAction","target":{"@type":"EntryPoint","urlTemplate":"https:\/\/idakorea.ee\/?s={search_term_string}"},"query-input":{"@type":"PropertyValueSpecification","valueRequired":true,"valueName":"search_term_string"}}],"inLanguage":"fi"},{"@type":"Organization","@id":"https:\/\/idakorea.ee\/#organization","name":"IDA.KOREA","url":"https:\/\/idakorea.ee\/","logo":{"@type":"ImageObject","inLanguage":"fi","@id":"https:\/\/idakorea.ee\/#\/schema\/logo\/image\/","url":"https:\/\/idakorea.ee\/wp-content\/uploads\/2024\/05\/cropped-korea3.png","contentUrl":"https:\/\/idakorea.ee\/wp-content\/uploads\/2024\/05\/cropped-korea3.png","width":688,"height":126,"caption":"IDA.KOREA"},"image":{"@id":"https:\/\/idakorea.ee\/#\/schema\/logo\/image\/"},"sameAs":["https:\/\/www.instagram.com\/ida.korea\/"]}]}},"jetpack_sharing_enabled":true,"brands":[{"id":107,"name":"MEDIPEEL+","slug":"medipeel"}],"_links":{"self":[{"href":"https:\/\/idakorea.ee\/fi\/wp-json\/wp\/v2\/product\/5314","targetHints":{"allow":["GET"]}}],"collection":[{"href":"https:\/\/idakorea.ee\/fi\/wp-json\/wp\/v2\/product"}],"about":[{"href":"https:\/\/idakorea.ee\/fi\/wp-json\/wp\/v2\/types\/product"}],"replies":[{"embeddable":true,"href":"https:\/\/idakorea.ee\/fi\/wp-json\/wp\/v2\/comments?post=5314"}],"version-history":[{"count":2,"href":"https:\/\/idakorea.ee\/fi\/wp-json\/wp\/v2\/product\/5314\/revisions"}],"predecessor-version":[{"id":9667,"href":"https:\/\/idakorea.ee\/fi\/wp-json\/wp\/v2\/product\/5314\/revisions\/9667"}],"wp:featuredmedia":[{"embeddable":true,"href":"https:\/\/idakorea.ee\/fi\/wp-json\/wp\/v2\/media\/6509"}],"wp:attachment":[{"href":"https:\/\/idakorea.ee\/fi\/wp-json\/wp\/v2\/media?parent=5314"}],"wp:term":[{"taxonomy":"pwb-brand","embeddable":true,"href":"https:\/\/idakorea.ee\/fi\/wp-json\/wp\/v2\/pwb-brand?post=5314"},{"taxonomy":"product_brand","embeddable":true,"href":"https:\/\/idakorea.ee\/fi\/wp-json\/wp\/v2\/product_brand?post=5314"},{"taxonomy":"product_cat","embeddable":true,"href":"https:\/\/idakorea.ee\/fi\/wp-json\/wp\/v2\/product_cat?post=5314"},{"taxonomy":"product_tag","embeddable":true,"href":"https:\/\/idakorea.ee\/fi\/wp-json\/wp\/v2\/product_tag?post=5314"}],"curies":[{"name":"wp","href":"https:\/\/api.w.org\/{rel}","templated":true}]}}