{"id":8710,"date":"2024-06-22T12:05:53","date_gmt":"2024-06-22T12:05:53","guid":{"rendered":"https:\/\/idakorea.ee\/?post_type=product&#038;p=8710"},"modified":"2026-01-30T17:15:02","modified_gmt":"2026-01-30T15:15:02","slug":"hapnikku-essents-intensiivseks-niisutamiseks-medi-peel-aqua-mooltox-sparkling-essence-100ml","status":"publish","type":"product","link":"https:\/\/idakorea.ee\/fi\/product\/hapnikku-essents-intensiivseks-niisutamiseks-medi-peel-aqua-mooltox-sparkling-essence-100ml\/","title":{"rendered":"Medi-Peel Aqua Mooltox Sparkling Essence, 100ml, intensiiviseen kosteutukseen hapen avulla."},"content":{"rendered":"<p>Medi-Peel Aqua Mooltox Sparkling Essence -voide t\u00e4ydent\u00e4\u00e4 v\u00e4litt\u00f6m\u00e4sti kosteutta epidermiksen soluissa muodostaen suojakerroksen, joka yll\u00e4pit\u00e4\u00e4 optimaaliset kosteustasot ja suojaa kuivumiselta. Lievitt\u00e4\u00e4 kuivuutta, kireyden tunnetta ja hilseily\u00e4 palauttaen ihon s\u00e4vyn ja terveen hehkun.<\/p>\n<p>Essenssi perustuu 46.9% Blue Waterlock -kompleksiin, joka koostuu viidest\u00e4 hyaluronihapon tyypist\u00e4, akvaporiineista, 17 aminohappotyypist\u00e4, ektoiinista ja hiilihapotetusta vedest\u00e4. T\u00e4m\u00e4 koostumus kykenee tunkeutumaan syv\u00e4lle epidermiksen soluihin, t\u00e4ytt\u00e4en kudosten kosteuden puutteen ja tarjoten pitk\u00e4kestoisen kosteuttavan vaikutuksen. Suojaa kuivumiselta ja transdermaaliselta nestehukalta toimien muiden aktiivisten ainesosien kuljettajana.<\/p>\n<p>Tuote on valmistettu k\u00e4ytt\u00e4m\u00e4ll\u00e4 erityist\u00e4 liposomaalista FL Calming Some -teknologiaa, jonka ansiosta kaikki aktiiviset ainesosat tunkeutuvat syv\u00e4lle ihoon parantaen niiden imeytymist\u00e4 ja tehoa. Se kyll\u00e4st\u00e4\u00e4 ihon hapella, hidastaa ik\u00e4\u00e4ntymisprosesseja ja palauttaa kudosten kimmoisuuden ja lujuuden.<\/p>\n<p>Patentoitu Questice\u00ae Liquid -ainesosa (mentyyli PCA) alentaa ihon l\u00e4mp\u00f6tilaa 4,6 astetta ja viilent\u00e4\u00e4 ihoa miellytt\u00e4v\u00e4sti. Rauhoittaa \u00e4rtynytt\u00e4 ihoa, lievitt\u00e4\u00e4 kutinaa ja punoitusta. Nopeuttaa tulehtuneiden ihovaurioiden ja pienten ihottumien paranemista.<\/p>\n<p>Happirikastettu koostumus lis\u00e4\u00e4 ihon imeytymist\u00e4 7,9-kertaisesti, kosteuttaa syv\u00e4sti ja antaa iholle hehkuvan pinnan.<\/p>\n<p><strong>Muita vaikuttavia aineita:<\/strong><\/p>\n<ul>\n<li>AQUAXYL stimuloi ihon omaa hyaluronihapon tuotantoa, auttaa ihoa s\u00e4ilytt\u00e4m\u00e4\u00e4n kosteuden, ehk\u00e4isee kuivumista ja ryppyj\u00e4 sek\u00e4 lis\u00e4\u00e4 kudosten kimmoisuutta ja tiheytt\u00e4.<\/li>\n<li>Blue Complex koostuu kuudesta erityyppisest\u00e4 kasviuutteesta, joilla on antiseptisi\u00e4 ja uudistavia ominaisuuksia, poistaa tehokkaasti kuivuutta ja kireytt\u00e4. Lis\u00e4\u00e4 kudosten elastisuutta ja vahvuutta.<\/li>\n<li>Teepuuuutteella on desinfioivia ja puhdistavia ominaisuuksia, se est\u00e4\u00e4 tulehdusprosesseja ja parantaa akneen taipuvaisen ihon kuntoa.<\/li>\n<li>Pantenoli stimuloi ihon eheyden palautumista, v\u00e4hent\u00e4\u00e4 punoitusta ja \u00e4rsytyst\u00e4 sek\u00e4 sill\u00e4 on haavaumia parantavia ominaisuuksia.<\/li>\n<li>Seitsem\u00e4n erilaista peptidi\u00e4 vastaavat solujen jatkuvasta uudistumisesta ja uudistumisesta, tarjoavat syv\u00e4n ik\u00e4\u00e4ntymist\u00e4 ehk\u00e4isev\u00e4n vaikutuksen, v\u00e4hent\u00e4v\u00e4t ryppyjen n\u00e4kyvyytt\u00e4 ja est\u00e4v\u00e4t uusien muodostumista, stimuloivat uusiutumis- ja palautumisprosesseja sek\u00e4 hidastavat solujen ik\u00e4\u00e4ntymist\u00e4.<\/li>\n<li>Atsuleenilla on tulehdusta, allergiaa ja antioksidanttivaikutuksia, ja se stimuloi uudistumisprosesseja.<\/li>\n<li>Inkiv\u00e4\u00e4riuutteella on talirauhasten toimintaa s\u00e4\u00e4televi\u00e4 ominaisuuksia, se v\u00e4hent\u00e4\u00e4 ihon herkkyytt\u00e4 ulkoisille \u00e4rsykkeille. Aktivoi aineenvaihduntaprosesseja, ravitsee ja korjaa syv\u00e4lt\u00e4.<\/li>\n<li>Adenosiini stimuloi kollageenisynteesi\u00e4, lis\u00e4\u00e4 ihon elastisuutta ja tiheytt\u00e4 sek\u00e4 ehk\u00e4isee ryppyjen muodostumista.<\/li>\n<\/ul>\n<p>&nbsp;<\/p>\n<p>Sopii kuivalle, normaalille ja kosteusk\u00f6yh\u00e4lle iholle.<\/p>\n<p><strong>K\u00e4ytt\u00f6opas:<\/strong> Levit\u00e4 tarvittava m\u00e4\u00e4r\u00e4 voidetta iholle ja odota, kunnes kuplia muodostuu. Kun tuote alkaa vaahtoutua, auta voidetta imeytym\u00e4\u00e4n hell\u00e4varaisesti taputtelemalla.<\/p>","protected":false},"excerpt":{"rendered":"<p>Medi-Peel Aqua Mooltox Sparkling Essence t\u00e4ytt\u00e4\u00e4 v\u00e4litt\u00f6m\u00e4sti ihon solujen kosteusvajeen muodostaen esteen, joka yll\u00e4pit\u00e4\u00e4 optimaalisen kosteustasapainon ja suojaa kuivumiselta. Lievitt\u00e4\u00e4 kuivuutta, kireytt\u00e4 ja hilseily\u00e4, palauttaa ihon s\u00e4vyn ja terveen hehkun. Eteesi perustuu 46,9% Blue Waterlock Complex -kompleksiin, joka koostuu 5 erityyppisest\u00e4 hyaluronihaposta, akvaporiinista, 17 erityyppisest\u00e4 aminohaposta, ektoiinista ja ilmavasta vedest\u00e4. T\u00e4m\u00e4 koostumus pystyy...<\/p>","protected":false},"featured_media":8711,"comment_status":"open","ping_status":"closed","template":"","meta":{"_uf_show_specific_survey":0,"_uf_disable_surveys":false,"_bst_post_transparent":"default","_bst_post_title":"","_bst_post_layout":"default","_bst_post_sidebar_id":"","_bst_post_content_style":"default","_bst_post_vertical_padding":"default","_bst_post_feature":"","_bst_post_feature_position":"","_bst_post_header":false,"_bst_post_footer":false},"pwb-brand":[107],"product_brand":[],"product_cat":[92,97],"product_tag":[233,377,202,216,249,381],"class_list":{"0":"post-8710","1":"product","2":"type-product","3":"status-publish","4":"has-post-thumbnail","6":"pwb-brand-medipeel","7":"product_cat-nagu","8":"product_cat-naoseerumid-ja-olid","9":"product_tag-internet-pood-eesti","10":"product_tag-k-beauty-2","11":"product_tag-korea-kosmeetika","12":"product_tag-kuiv-nahk","13":"product_tag-medi-peel","14":"product_tag-medipeel","16":"first","17":"outofstock","18":"sale","19":"shipping-taxable","20":"purchasable","21":"product-type-simple","22":"entry","23":"content-bg","24":"loop-entry"},"supplier_id":null,"supplier_sku":"","barcode":null,"atum_controlled":true,"out_stock_date":"2025-09-18 21:28:14","out_stock_threshold":null,"inheritable":false,"inbound_stock":0,"stock_on_hold":0,"sold_today":0,"sales_last_days":0,"out_stock_days":207,"lost_sales":1061,"has_location":false,"update_date":"2026-04-14T00:05:09","atum_locations":[],"atum_stock_status":"outofstock","restock_status":false,"low_stock_amount":"","sales_update_date":"2026-04-14T00:05:09","calc_backorders":null,"yoast_head":"<!-- This site is optimized with the Yoast SEO plugin v27.2 - https:\/\/yoast.com\/product\/yoast-seo-wordpress\/ -->\n<title>Hapnikku essents intensiivseks niisutamiseks Medi-Peel Aqua Mooltox Sparkling Essence, 100ml - IDA.KOREA<\/title>\n<meta name=\"description\" content=\"Essentsi aluseks on 46,9% Blue Waterlock kompleks, mis koosneb 5 t\u00fc\u00fcpi h\u00fcaluroonhappest, akvaporinidest, 17 t\u00fc\u00fcpi aminohapetest, ektoiinist ja gaseeritud veest. Selline koostis suudab tungida s\u00fcgavale epidermise rakkudesse, t\u00e4ites kudedes niiskuse puuduse ja pakkudes pikaajalist niisutavat toimet.\" \/>\n<meta name=\"robots\" content=\"index, follow, max-snippet:-1, max-image-preview:large, max-video-preview:-1\" \/>\n<link rel=\"canonical\" href=\"https:\/\/idakorea.ee\/fi\/product\/hapnikku-essents-intensiivseks-niisutamiseks-medi-peel-aqua-mooltox-sparkling-essence-100ml\/\" \/>\n<meta property=\"og:locale\" content=\"fi_FI\" \/>\n<meta property=\"og:type\" content=\"article\" \/>\n<meta property=\"og:title\" content=\"Hapnikku essents intensiivseks niisutamiseks Medi-Peel Aqua Mooltox Sparkling Essence, 100ml - IDA.KOREA\" \/>\n<meta property=\"og:description\" content=\"Essentsi aluseks on 46,9% Blue Waterlock kompleks, mis koosneb 5 t\u00fc\u00fcpi h\u00fcaluroonhappest, akvaporinidest, 17 t\u00fc\u00fcpi aminohapetest, ektoiinist ja gaseeritud veest. Selline koostis suudab tungida s\u00fcgavale epidermise rakkudesse, t\u00e4ites kudedes niiskuse puuduse ja pakkudes pikaajalist niisutavat toimet.\" \/>\n<meta property=\"og:url\" content=\"https:\/\/idakorea.ee\/fi\/product\/hapnikku-essents-intensiivseks-niisutamiseks-medi-peel-aqua-mooltox-sparkling-essence-100ml\/\" \/>\n<meta property=\"og:site_name\" content=\"IDA.KOREA\" \/>\n<meta property=\"article:modified_time\" content=\"2026-01-30T15:15:02+00:00\" \/>\n<meta property=\"og:image\" content=\"https:\/\/idakorea.ee\/wp-content\/uploads\/2024\/06\/vse-_33_-_1_.png\" \/>\n\t<meta property=\"og:image:width\" content=\"1000\" \/>\n\t<meta property=\"og:image:height\" content=\"1000\" \/>\n\t<meta property=\"og:image:type\" content=\"image\/png\" \/>\n<meta name=\"twitter:card\" content=\"summary_large_image\" \/>\n<meta name=\"twitter:label1\" content=\"Arvioitu lukuaika\" \/>\n\t<meta name=\"twitter:data1\" content=\"2 minuuttia\" \/>\n<script type=\"application\/ld+json\" class=\"yoast-schema-graph\">{\"@context\":\"https:\/\/schema.org\",\"@graph\":[{\"@type\":\"WebPage\",\"@id\":\"https:\/\/idakorea.ee\/product\/hapnikku-essents-intensiivseks-niisutamiseks-medi-peel-aqua-mooltox-sparkling-essence-100ml\/\",\"url\":\"https:\/\/idakorea.ee\/product\/hapnikku-essents-intensiivseks-niisutamiseks-medi-peel-aqua-mooltox-sparkling-essence-100ml\/\",\"name\":\"Hapnikku essents intensiivseks niisutamiseks Medi-Peel Aqua Mooltox Sparkling Essence, 100ml - IDA.KOREA\",\"isPartOf\":{\"@id\":\"https:\/\/idakorea.ee\/#website\"},\"primaryImageOfPage\":{\"@id\":\"https:\/\/idakorea.ee\/product\/hapnikku-essents-intensiivseks-niisutamiseks-medi-peel-aqua-mooltox-sparkling-essence-100ml\/#primaryimage\"},\"image\":{\"@id\":\"https:\/\/idakorea.ee\/product\/hapnikku-essents-intensiivseks-niisutamiseks-medi-peel-aqua-mooltox-sparkling-essence-100ml\/#primaryimage\"},\"thumbnailUrl\":\"https:\/\/idakorea.ee\/wp-content\/uploads\/2024\/06\/vse-_33_-_1_.png\",\"datePublished\":\"2024-06-22T12:05:53+00:00\",\"dateModified\":\"2026-01-30T15:15:02+00:00\",\"description\":\"Essentsi aluseks on 46,9% Blue Waterlock kompleks, mis koosneb 5 t\u00fc\u00fcpi h\u00fcaluroonhappest, akvaporinidest, 17 t\u00fc\u00fcpi aminohapetest, ektoiinist ja gaseeritud veest. Selline koostis suudab tungida s\u00fcgavale epidermise rakkudesse, t\u00e4ites kudedes niiskuse puuduse ja pakkudes pikaajalist niisutavat toimet.\",\"breadcrumb\":{\"@id\":\"https:\/\/idakorea.ee\/product\/hapnikku-essents-intensiivseks-niisutamiseks-medi-peel-aqua-mooltox-sparkling-essence-100ml\/#breadcrumb\"},\"inLanguage\":\"fi\",\"potentialAction\":[{\"@type\":\"ReadAction\",\"target\":[\"https:\/\/idakorea.ee\/product\/hapnikku-essents-intensiivseks-niisutamiseks-medi-peel-aqua-mooltox-sparkling-essence-100ml\/\"]}]},{\"@type\":\"ImageObject\",\"inLanguage\":\"fi\",\"@id\":\"https:\/\/idakorea.ee\/product\/hapnikku-essents-intensiivseks-niisutamiseks-medi-peel-aqua-mooltox-sparkling-essence-100ml\/#primaryimage\",\"url\":\"https:\/\/idakorea.ee\/wp-content\/uploads\/2024\/06\/vse-_33_-_1_.png\",\"contentUrl\":\"https:\/\/idakorea.ee\/wp-content\/uploads\/2024\/06\/vse-_33_-_1_.png\",\"width\":1000,\"height\":1000},{\"@type\":\"BreadcrumbList\",\"@id\":\"https:\/\/idakorea.ee\/product\/hapnikku-essents-intensiivseks-niisutamiseks-medi-peel-aqua-mooltox-sparkling-essence-100ml\/#breadcrumb\",\"itemListElement\":[{\"@type\":\"ListItem\",\"position\":1,\"name\":\"\u0413\u043b\u0430\u0432\u043d\u0430\u044f \u0441\u0442\u0440\u0430\u043d\u0438\u0446\u0430\",\"item\":\"https:\/\/idakorea.ee\/\"},{\"@type\":\"ListItem\",\"position\":2,\"name\":\"Shop\",\"item\":\"https:\/\/idakorea.ee\/shop-2\/\"},{\"@type\":\"ListItem\",\"position\":3,\"name\":\"Hapnikku essents intensiivseks niisutamiseks Medi-Peel Aqua Mooltox Sparkling Essence, 100ml\"}]},{\"@type\":\"WebSite\",\"@id\":\"https:\/\/idakorea.ee\/#website\",\"url\":\"https:\/\/idakorea.ee\/\",\"name\":\"IDA.KOREA\",\"description\":\"Korea kosmeetika e-pood\",\"publisher\":{\"@id\":\"https:\/\/idakorea.ee\/#organization\"},\"alternateName\":\"Beauty Shop\",\"potentialAction\":[{\"@type\":\"SearchAction\",\"target\":{\"@type\":\"EntryPoint\",\"urlTemplate\":\"https:\/\/idakorea.ee\/?s={search_term_string}\"},\"query-input\":{\"@type\":\"PropertyValueSpecification\",\"valueRequired\":true,\"valueName\":\"search_term_string\"}}],\"inLanguage\":\"fi\"},{\"@type\":\"Organization\",\"@id\":\"https:\/\/idakorea.ee\/#organization\",\"name\":\"IDA.KOREA\",\"url\":\"https:\/\/idakorea.ee\/\",\"logo\":{\"@type\":\"ImageObject\",\"inLanguage\":\"fi\",\"@id\":\"https:\/\/idakorea.ee\/#\/schema\/logo\/image\/\",\"url\":\"https:\/\/idakorea.ee\/wp-content\/uploads\/2024\/05\/cropped-korea3.png\",\"contentUrl\":\"https:\/\/idakorea.ee\/wp-content\/uploads\/2024\/05\/cropped-korea3.png\",\"width\":688,\"height\":126,\"caption\":\"IDA.KOREA\"},\"image\":{\"@id\":\"https:\/\/idakorea.ee\/#\/schema\/logo\/image\/\"},\"sameAs\":[\"https:\/\/www.instagram.com\/ida.korea\/\"]}]}<\/script>\n<!-- \/ Yoast SEO plugin. -->","yoast_head_json":{"title":"Happi-esanssi intensiiviseen kosteutukseen Medi-Peel Aqua Mooltox Sparkling Essence, 100ml - It\u00e4-Korea","description":"T\u00e4m\u00e4 koostumus perustuu 46.9% Blue Waterlock -kompleksiin, joka koostuu viidest\u00e4 hyaluronihapon tyypist\u00e4, akvaporiineista, 17 aminohappotyypist\u00e4, ektoiinista ja hiilihapotetusta vedest\u00e4. T\u00e4m\u00e4 koostumus kykenee tunkeutumaan syv\u00e4lle epidermiksen soluihin, t\u00e4ydent\u00e4en kudosten kosteusvajetta ja tarjoten pitk\u00e4kestoisen kosteuttavan vaikutuksen.","robots":{"index":"index","follow":"follow","max-snippet":"max-snippet:-1","max-image-preview":"max-image-preview:large","max-video-preview":"max-video-preview:-1"},"canonical":"https:\/\/idakorea.ee\/fi\/product\/hapnikku-essents-intensiivseks-niisutamiseks-medi-peel-aqua-mooltox-sparkling-essence-100ml\/","og_locale":"fi_FI","og_type":"article","og_title":"Hapnikku essents intensiivseks niisutamiseks Medi-Peel Aqua Mooltox Sparkling Essence, 100ml - IDA.KOREA","og_description":"Essentsi aluseks on 46,9% Blue Waterlock kompleks, mis koosneb 5 t\u00fc\u00fcpi h\u00fcaluroonhappest, akvaporinidest, 17 t\u00fc\u00fcpi aminohapetest, ektoiinist ja gaseeritud veest. Selline koostis suudab tungida s\u00fcgavale epidermise rakkudesse, t\u00e4ites kudedes niiskuse puuduse ja pakkudes pikaajalist niisutavat toimet.","og_url":"https:\/\/idakorea.ee\/fi\/product\/hapnikku-essents-intensiivseks-niisutamiseks-medi-peel-aqua-mooltox-sparkling-essence-100ml\/","og_site_name":"IDA.KOREA","article_modified_time":"2026-01-30T15:15:02+00:00","og_image":[{"width":1000,"height":1000,"url":"https:\/\/idakorea.ee\/wp-content\/uploads\/2024\/06\/vse-_33_-_1_.png","type":"image\/png"}],"twitter_card":"summary_large_image","twitter_misc":{"Arvioitu lukuaika":"2 minuuttia"},"schema":{"@context":"https:\/\/schema.org","@graph":[{"@type":"WebPage","@id":"https:\/\/idakorea.ee\/product\/hapnikku-essents-intensiivseks-niisutamiseks-medi-peel-aqua-mooltox-sparkling-essence-100ml\/","url":"https:\/\/idakorea.ee\/product\/hapnikku-essents-intensiivseks-niisutamiseks-medi-peel-aqua-mooltox-sparkling-essence-100ml\/","name":"Happi-esanssi intensiiviseen kosteutukseen Medi-Peel Aqua Mooltox Sparkling Essence, 100ml - It\u00e4-Korea","isPartOf":{"@id":"https:\/\/idakorea.ee\/#website"},"primaryImageOfPage":{"@id":"https:\/\/idakorea.ee\/product\/hapnikku-essents-intensiivseks-niisutamiseks-medi-peel-aqua-mooltox-sparkling-essence-100ml\/#primaryimage"},"image":{"@id":"https:\/\/idakorea.ee\/product\/hapnikku-essents-intensiivseks-niisutamiseks-medi-peel-aqua-mooltox-sparkling-essence-100ml\/#primaryimage"},"thumbnailUrl":"https:\/\/idakorea.ee\/wp-content\/uploads\/2024\/06\/vse-_33_-_1_.png","datePublished":"2024-06-22T12:05:53+00:00","dateModified":"2026-01-30T15:15:02+00:00","description":"T\u00e4m\u00e4 koostumus perustuu 46.9% Blue Waterlock -kompleksiin, joka koostuu viidest\u00e4 hyaluronihapon tyypist\u00e4, akvaporiineista, 17 aminohappotyypist\u00e4, ektoiinista ja hiilihapotetusta vedest\u00e4. T\u00e4m\u00e4 koostumus kykenee tunkeutumaan syv\u00e4lle epidermiksen soluihin, t\u00e4ydent\u00e4en kudosten kosteusvajetta ja tarjoten pitk\u00e4kestoisen kosteuttavan vaikutuksen.","breadcrumb":{"@id":"https:\/\/idakorea.ee\/product\/hapnikku-essents-intensiivseks-niisutamiseks-medi-peel-aqua-mooltox-sparkling-essence-100ml\/#breadcrumb"},"inLanguage":"fi","potentialAction":[{"@type":"ReadAction","target":["https:\/\/idakorea.ee\/product\/hapnikku-essents-intensiivseks-niisutamiseks-medi-peel-aqua-mooltox-sparkling-essence-100ml\/"]}]},{"@type":"ImageObject","inLanguage":"fi","@id":"https:\/\/idakorea.ee\/product\/hapnikku-essents-intensiivseks-niisutamiseks-medi-peel-aqua-mooltox-sparkling-essence-100ml\/#primaryimage","url":"https:\/\/idakorea.ee\/wp-content\/uploads\/2024\/06\/vse-_33_-_1_.png","contentUrl":"https:\/\/idakorea.ee\/wp-content\/uploads\/2024\/06\/vse-_33_-_1_.png","width":1000,"height":1000},{"@type":"BreadcrumbList","@id":"https:\/\/idakorea.ee\/product\/hapnikku-essents-intensiivseks-niisutamiseks-medi-peel-aqua-mooltox-sparkling-essence-100ml\/#breadcrumb","itemListElement":[{"@type":"ListItem","position":1,"name":"\u0413\u043b\u0430\u0432\u043d\u0430\u044f \u0441\u0442\u0440\u0430\u043d\u0438\u0446\u0430","item":"https:\/\/idakorea.ee\/"},{"@type":"ListItem","position":2,"name":"Shop","item":"https:\/\/idakorea.ee\/shop-2\/"},{"@type":"ListItem","position":3,"name":"Hapnikku essents intensiivseks niisutamiseks Medi-Peel Aqua Mooltox Sparkling Essence, 100ml"}]},{"@type":"WebSite","@id":"https:\/\/idakorea.ee\/#website","url":"https:\/\/idakorea.ee\/","name":"IDA.KOREA","description":"Korean kosmetiikan verkkokauppa","publisher":{"@id":"https:\/\/idakorea.ee\/#organization"},"alternateName":"Beauty Shop","potentialAction":[{"@type":"SearchAction","target":{"@type":"EntryPoint","urlTemplate":"https:\/\/idakorea.ee\/?s={search_term_string}"},"query-input":{"@type":"PropertyValueSpecification","valueRequired":true,"valueName":"search_term_string"}}],"inLanguage":"fi"},{"@type":"Organization","@id":"https:\/\/idakorea.ee\/#organization","name":"IDA.KOREA","url":"https:\/\/idakorea.ee\/","logo":{"@type":"ImageObject","inLanguage":"fi","@id":"https:\/\/idakorea.ee\/#\/schema\/logo\/image\/","url":"https:\/\/idakorea.ee\/wp-content\/uploads\/2024\/05\/cropped-korea3.png","contentUrl":"https:\/\/idakorea.ee\/wp-content\/uploads\/2024\/05\/cropped-korea3.png","width":688,"height":126,"caption":"IDA.KOREA"},"image":{"@id":"https:\/\/idakorea.ee\/#\/schema\/logo\/image\/"},"sameAs":["https:\/\/www.instagram.com\/ida.korea\/"]}]}},"jetpack_sharing_enabled":true,"brands":[{"id":107,"name":"MEDIPEEL+","slug":"medipeel"}],"_links":{"self":[{"href":"https:\/\/idakorea.ee\/fi\/wp-json\/wp\/v2\/product\/8710","targetHints":{"allow":["GET"]}}],"collection":[{"href":"https:\/\/idakorea.ee\/fi\/wp-json\/wp\/v2\/product"}],"about":[{"href":"https:\/\/idakorea.ee\/fi\/wp-json\/wp\/v2\/types\/product"}],"replies":[{"embeddable":true,"href":"https:\/\/idakorea.ee\/fi\/wp-json\/wp\/v2\/comments?post=8710"}],"version-history":[{"count":2,"href":"https:\/\/idakorea.ee\/fi\/wp-json\/wp\/v2\/product\/8710\/revisions"}],"predecessor-version":[{"id":12205,"href":"https:\/\/idakorea.ee\/fi\/wp-json\/wp\/v2\/product\/8710\/revisions\/12205"}],"wp:featuredmedia":[{"embeddable":true,"href":"https:\/\/idakorea.ee\/fi\/wp-json\/wp\/v2\/media\/8711"}],"wp:attachment":[{"href":"https:\/\/idakorea.ee\/fi\/wp-json\/wp\/v2\/media?parent=8710"}],"wp:term":[{"taxonomy":"pwb-brand","embeddable":true,"href":"https:\/\/idakorea.ee\/fi\/wp-json\/wp\/v2\/pwb-brand?post=8710"},{"taxonomy":"product_brand","embeddable":true,"href":"https:\/\/idakorea.ee\/fi\/wp-json\/wp\/v2\/product_brand?post=8710"},{"taxonomy":"product_cat","embeddable":true,"href":"https:\/\/idakorea.ee\/fi\/wp-json\/wp\/v2\/product_cat?post=8710"},{"taxonomy":"product_tag","embeddable":true,"href":"https:\/\/idakorea.ee\/fi\/wp-json\/wp\/v2\/product_tag?post=8710"}],"curies":[{"name":"wp","href":"https:\/\/api.w.org\/{rel}","templated":true}]}}