{"id":8720,"date":"2024-06-22T12:19:30","date_gmt":"2024-06-22T12:19:30","guid":{"rendered":"https:\/\/idakorea.ee\/?post_type=product&#038;p=8720"},"modified":"2026-03-27T12:04:01","modified_gmt":"2026-03-27T10:04:01","slug":"kollageeniga-noorendav-oine-naohoolduskomplekt-medi-peel-collagen-super-10-sleeping-care","status":"publish","type":"product","link":"https:\/\/idakorea.ee\/fi\/product\/kollageeniga-noorendav-oine-naohoolduskomplekt-medi-peel-collagen-super-10-sleeping-care\/","title":{"rendered":"Medi-Peel Collagen Super 10 Sleeping Care kollageenin uudistava y\u00f6kasvohoito Medi-Peel Collagen Super 10 Sleeping Care"},"content":{"rendered":"<p><strong>Medi-Peel Collagen Super 10 -unihoitosarja<\/strong> kosteuttaa, pehment\u00e4\u00e4 ja silottaa ihoa, lis\u00e4\u00e4 ihon kimmoisuutta ja kiinteytt\u00e4, v\u00e4hent\u00e4\u00e4 ryppyjen n\u00e4kyvyytt\u00e4 ja antaa terveen hehkun.<\/p>\n<p>Setti koostuu ampullista ja minivoiteesta: tuotteet t\u00e4ydent\u00e4v\u00e4t toisiaan t\u00e4ydellisesti ja nopeuttavat unen aikana tapahtuvia luonnollisia palautumisprosesseja.<\/p>\n<p>Tuotteet rauhoittavat, ravitsevat ja normalisoivat \u00f6ljyntuotantoa, tehostavat ihoesteen toimintaa ja vahvistavat ihon luonnollista kosteutta yll\u00e4pit\u00e4v\u00e4\u00e4 suojarakennetta, joka ehk\u00e4isee ihon kuivumista. Hoidon viimeisen\u00e4 vaiheena k\u00e4ytett\u00e4v\u00e4 voide ei j\u00e4t\u00e4 iholle tahmeaa tunnetta.<\/p>\n<p>Ampullin ja voiteen t\u00e4rkein ainesosa on hydrolysoitu kollageeni (1 000 ppm), joka tunkeutuu syvemm\u00e4lle kuin tavallinen kollageeni pienen molekyylimassansa ansiosta. Kosteuttaa ja s\u00e4ilytt\u00e4\u00e4 ihon kosteuden, yll\u00e4pit\u00e4\u00e4 ihon kimmoisuutta ja kiinteytt\u00e4 sek\u00e4 v\u00e4hent\u00e4\u00e4 ik\u00e4\u00e4ntymisen merkkej\u00e4.<\/p>\n<p><strong>Muita vaikuttavia aineita:<\/strong><\/p>\n<ul>\n<li><strong>Pulloon<\/strong> on polysakkaridipolymeeri, jolla on voimakas antioksidanttinen vaikutus. Luo iholle n\u00e4kym\u00e4tt\u00f6m\u00e4n kerroksen, joka sitoo kosteutta, kiinteytt\u00e4\u00e4 ja silottaa. Hidastaa ik\u00e4\u00e4ntymisprosessia ja vahvistaa kudoksia j\u00e4tt\u00e4en ihon sile\u00e4ksi ja s\u00e4teilev\u00e4ksi.<\/li>\n<li><strong>Peptidikompleksi<\/strong> aktivoi hyaluronihapon synteesi\u00e4, kiinteytt\u00e4\u00e4 ja silottaa ihoa, est\u00e4\u00e4 kollageenin hajoamista, stimuloi solujen uudistumista, tasoittaa ihon rakennetta ja yll\u00e4pit\u00e4\u00e4 ihon nuorekkuutta. Argyraliinilla on botuliinin kaltainen vaikutus, joka rentouttaa kasvojen lihaksia ja v\u00e4hent\u00e4\u00e4 siten kasvojen ryppyj\u00e4.<\/li>\n<li><strong>Natural Protector\u2122<\/strong> (valkoisen pajunkuoren, oreganon, sypressin, portulacan, kanelin, baikalin ja fermentoidun soijan uutteet) on yrttikompleksi, jolla on anti-inflammatorisia ja antibakteerisia ominaisuuksia, se normalisoi talintuotantoa, rauhoittaa, kosteuttaa ja yll\u00e4pit\u00e4\u00e4 vesitasapainoa.<\/li>\n<li><strong>Niasiiniamidi<\/strong> (B3-vitamiini) stimuloi kollageenin tuotantoa, kirkastaa ja tasoittaa ihon s\u00e4vy\u00e4 sek\u00e4 hidastaa melaniinin kulkeutumista epidermikseen ja vahvistaa hydrolipidivaippaa.<\/li>\n<li><strong>Jojoba\u00f6ljy<\/strong> A- ja E-vitamiineilla rikastettuna se torjuu kuivuutta ja hilseily\u00e4, ravitsee ihoa ja tekee siit\u00e4 vahvemman ja kimmoisamman.<\/li>\n<li><strong>10 superfood monimutkainen<\/strong> on makro- ja mikroelementtien l\u00e4hde. Vaalentaa hell\u00e4varaisesti pigmenttil\u00e4iski\u00e4, v\u00e4hent\u00e4\u00e4 tulehdusta, s\u00e4vytt\u00e4\u00e4 ja rauhoittaa \u00e4rtynytt\u00e4 ihoa. Sill\u00e4 on voimakas antioksidanttivaikutus, se kosteuttaa erinomaisesti, rauhoittaa ja v\u00e4hent\u00e4\u00e4 punoitusta. Sis\u00e4lt\u00e4\u00e4 tanniineja, karoteenia, lipidej\u00e4, glykosideja, sokereita, sitruuna- ja omenahappoa, tasoittaa ihon rakennetta, silottaa ihoa ja antaa kauniin luonnollisen sis\u00e4isen hehkun.<\/li>\n<\/ul>\n<p>Sopii kaikille ihotyypeille.<\/p>\n<p><strong>K\u00e4ytt\u00f6:<\/strong> Kun kasvot on puhdistettu ja s\u00e4vytetty, levit\u00e4 seerumi kasvoille ja levit\u00e4 se tasaisesti iholle. Levit\u00e4 kosteuttavaa kosteusvoidetta y\u00f6hoidon viimeisen\u00e4 vaiheena.<\/p>","protected":false},"excerpt":{"rendered":"<p>Medi-Peel Collagen Super 10 Sleeping Care kosteuttaa, pehment\u00e4\u00e4 ja silottaa ihoa, lis\u00e4\u00e4 ihon kimmoisuutta ja kiinteytt\u00e4, v\u00e4hent\u00e4\u00e4 ryppyjen ulkon\u00e4k\u00f6\u00e4 ja antaa terveen hehkun. Pakkaus koostuu ampullista ja minivoiteesta: tuotteet t\u00e4ydent\u00e4v\u00e4t toisiaan t\u00e4ydellisesti ja nopeuttavat unen aikana tapahtuvia luonnollisia uudistumisprosesseja. Tuotteet rauhoittavat, ravitsevat ja normalisoivat talintuotantoa, lis\u00e4\u00e4v\u00e4t ihon sulkutoimintoja ja vahvistavat ihon luonnollista kosteutta yll\u00e4pit\u00e4v\u00e4\u00e4...<\/p>","protected":false},"featured_media":8721,"comment_status":"open","ping_status":"closed","template":"","meta":{"_uf_show_specific_survey":0,"_uf_disable_surveys":false,"_bst_post_transparent":"default","_bst_post_title":"","_bst_post_layout":"default","_bst_post_sidebar_id":"","_bst_post_content_style":"default","_bst_post_vertical_padding":"default","_bst_post_feature":"","_bst_post_feature_position":"","_bst_post_header":false,"_bst_post_footer":false},"pwb-brand":[107],"product_brand":[],"product_cat":[95],"product_tag":[233,377,202,216,249,381,221],"class_list":{"0":"post-8720","1":"product","2":"type-product","3":"status-publish","4":"has-post-thumbnail","6":"pwb-brand-medipeel","7":"product_cat-komplektid","8":"product_tag-internet-pood-eesti","9":"product_tag-k-beauty-2","10":"product_tag-korea-kosmeetika","11":"product_tag-kuiv-nahk","12":"product_tag-medi-peel","13":"product_tag-medipeel","14":"product_tag-tundlik-nahk","16":"first","17":"instock","18":"sale","19":"shipping-taxable","20":"purchasable","21":"product-type-simple","22":"entry","23":"content-bg","24":"loop-entry"},"supplier_id":null,"supplier_sku":"","barcode":null,"atum_controlled":true,"out_stock_date":null,"out_stock_threshold":null,"inheritable":false,"inbound_stock":0,"stock_on_hold":0,"sold_today":0,"sales_last_days":0,"out_stock_days":0,"lost_sales":0,"has_location":false,"update_date":"2026-04-14T00:05:09","atum_locations":[],"atum_stock_status":"instock","restock_status":false,"low_stock_amount":"","sales_update_date":"2026-04-14T00:05:09","calc_backorders":null,"yoast_head":"<!-- This site is optimized with the Yoast SEO plugin v27.2 - https:\/\/yoast.com\/product\/yoast-seo-wordpress\/ -->\n<title>Kollageeniga noorendav \u00f6ine n\u00e4ohoolduskomplekt Medi-Peel Collagen Super 10 Sleeping Care - IDA.KOREA<\/title>\n<meta name=\"robots\" content=\"index, follow, max-snippet:-1, max-image-preview:large, max-video-preview:-1\" \/>\n<link rel=\"canonical\" href=\"https:\/\/idakorea.ee\/fi\/product\/kollageeniga-noorendav-oine-naohoolduskomplekt-medi-peel-collagen-super-10-sleeping-care\/\" \/>\n<meta property=\"og:locale\" content=\"fi_FI\" \/>\n<meta property=\"og:type\" content=\"article\" \/>\n<meta property=\"og:title\" content=\"Kollageeniga noorendav \u00f6ine n\u00e4ohoolduskomplekt Medi-Peel Collagen Super 10 Sleeping Care - IDA.KOREA\" \/>\n<meta property=\"og:description\" content=\"Medi-Peel Collagen Super 10 Sleeping Care komplekt niisutab, pehmendab ja silub nahka, suurendab elastsust ja tugevust, v\u00e4hendab kortsude n\u00e4htavust ja annab tervisliku s\u00e4ra. Komplekt koosneb ampullist ja mini kreemist: tooted t\u00e4iendavad teineteist ideaalselt, kiirendades une ajal toimuvaid loomulikke taastumisprotsesse. Tooted rahustavad, toidavad ja normaliseerivad rasu tootmist, suurendavad naha barj\u00e4\u00e4rifunktsioone ja tugevdavad loomulikku niiskust s\u00e4ilitavat barj\u00e4\u00e4ri,...\" \/>\n<meta property=\"og:url\" content=\"https:\/\/idakorea.ee\/fi\/product\/kollageeniga-noorendav-oine-naohoolduskomplekt-medi-peel-collagen-super-10-sleeping-care\/\" \/>\n<meta property=\"og:site_name\" content=\"IDA.KOREA\" \/>\n<meta property=\"article:modified_time\" content=\"2026-03-27T10:04:01+00:00\" \/>\n<meta property=\"og:image\" content=\"https:\/\/idakorea.ee\/wp-content\/uploads\/2024\/06\/medi_peel-collagen-super-10-sleeping-care.jpg\" \/>\n\t<meta property=\"og:image:width\" content=\"1000\" \/>\n\t<meta property=\"og:image:height\" content=\"1000\" \/>\n\t<meta property=\"og:image:type\" content=\"image\/jpeg\" \/>\n<meta name=\"twitter:card\" content=\"summary_large_image\" \/>\n<meta name=\"twitter:label1\" content=\"Arvioitu lukuaika\" \/>\n\t<meta name=\"twitter:data1\" content=\"2 minuuttia\" \/>\n<script type=\"application\/ld+json\" class=\"yoast-schema-graph\">{\"@context\":\"https:\/\/schema.org\",\"@graph\":[{\"@type\":\"WebPage\",\"@id\":\"https:\/\/idakorea.ee\/product\/kollageeniga-noorendav-oine-naohoolduskomplekt-medi-peel-collagen-super-10-sleeping-care\/\",\"url\":\"https:\/\/idakorea.ee\/product\/kollageeniga-noorendav-oine-naohoolduskomplekt-medi-peel-collagen-super-10-sleeping-care\/\",\"name\":\"Kollageeniga noorendav \u00f6ine n\u00e4ohoolduskomplekt Medi-Peel Collagen Super 10 Sleeping Care - IDA.KOREA\",\"isPartOf\":{\"@id\":\"https:\/\/idakorea.ee\/#website\"},\"primaryImageOfPage\":{\"@id\":\"https:\/\/idakorea.ee\/product\/kollageeniga-noorendav-oine-naohoolduskomplekt-medi-peel-collagen-super-10-sleeping-care\/#primaryimage\"},\"image\":{\"@id\":\"https:\/\/idakorea.ee\/product\/kollageeniga-noorendav-oine-naohoolduskomplekt-medi-peel-collagen-super-10-sleeping-care\/#primaryimage\"},\"thumbnailUrl\":\"https:\/\/idakorea.ee\/wp-content\/uploads\/2024\/06\/medi_peel-collagen-super-10-sleeping-care.jpg\",\"datePublished\":\"2024-06-22T12:19:30+00:00\",\"dateModified\":\"2026-03-27T10:04:01+00:00\",\"breadcrumb\":{\"@id\":\"https:\/\/idakorea.ee\/product\/kollageeniga-noorendav-oine-naohoolduskomplekt-medi-peel-collagen-super-10-sleeping-care\/#breadcrumb\"},\"inLanguage\":\"fi\",\"potentialAction\":[{\"@type\":\"ReadAction\",\"target\":[\"https:\/\/idakorea.ee\/product\/kollageeniga-noorendav-oine-naohoolduskomplekt-medi-peel-collagen-super-10-sleeping-care\/\"]}]},{\"@type\":\"ImageObject\",\"inLanguage\":\"fi\",\"@id\":\"https:\/\/idakorea.ee\/product\/kollageeniga-noorendav-oine-naohoolduskomplekt-medi-peel-collagen-super-10-sleeping-care\/#primaryimage\",\"url\":\"https:\/\/idakorea.ee\/wp-content\/uploads\/2024\/06\/medi_peel-collagen-super-10-sleeping-care.jpg\",\"contentUrl\":\"https:\/\/idakorea.ee\/wp-content\/uploads\/2024\/06\/medi_peel-collagen-super-10-sleeping-care.jpg\",\"width\":1000,\"height\":1000},{\"@type\":\"BreadcrumbList\",\"@id\":\"https:\/\/idakorea.ee\/product\/kollageeniga-noorendav-oine-naohoolduskomplekt-medi-peel-collagen-super-10-sleeping-care\/#breadcrumb\",\"itemListElement\":[{\"@type\":\"ListItem\",\"position\":1,\"name\":\"\u0413\u043b\u0430\u0432\u043d\u0430\u044f \u0441\u0442\u0440\u0430\u043d\u0438\u0446\u0430\",\"item\":\"https:\/\/idakorea.ee\/\"},{\"@type\":\"ListItem\",\"position\":2,\"name\":\"Shop\",\"item\":\"https:\/\/idakorea.ee\/shop-2\/\"},{\"@type\":\"ListItem\",\"position\":3,\"name\":\"Kollageeniga noorendav \u00f6ine n\u00e4ohoolduskomplekt Medi-Peel Collagen Super 10 Sleeping Care\"}]},{\"@type\":\"WebSite\",\"@id\":\"https:\/\/idakorea.ee\/#website\",\"url\":\"https:\/\/idakorea.ee\/\",\"name\":\"IDA.KOREA\",\"description\":\"Korea kosmeetika e-pood\",\"publisher\":{\"@id\":\"https:\/\/idakorea.ee\/#organization\"},\"alternateName\":\"Beauty Shop\",\"potentialAction\":[{\"@type\":\"SearchAction\",\"target\":{\"@type\":\"EntryPoint\",\"urlTemplate\":\"https:\/\/idakorea.ee\/?s={search_term_string}\"},\"query-input\":{\"@type\":\"PropertyValueSpecification\",\"valueRequired\":true,\"valueName\":\"search_term_string\"}}],\"inLanguage\":\"fi\"},{\"@type\":\"Organization\",\"@id\":\"https:\/\/idakorea.ee\/#organization\",\"name\":\"IDA.KOREA\",\"url\":\"https:\/\/idakorea.ee\/\",\"logo\":{\"@type\":\"ImageObject\",\"inLanguage\":\"fi\",\"@id\":\"https:\/\/idakorea.ee\/#\/schema\/logo\/image\/\",\"url\":\"https:\/\/idakorea.ee\/wp-content\/uploads\/2024\/05\/cropped-korea3.png\",\"contentUrl\":\"https:\/\/idakorea.ee\/wp-content\/uploads\/2024\/05\/cropped-korea3.png\",\"width\":688,\"height\":126,\"caption\":\"IDA.KOREA\"},\"image\":{\"@id\":\"https:\/\/idakorea.ee\/#\/schema\/logo\/image\/\"},\"sameAs\":[\"https:\/\/www.instagram.com\/ida.korea\/\"]}]}<\/script>\n<!-- \/ Yoast SEO plugin. -->","yoast_head_json":{"title":"Medi-Peel Collagen Super 10 Sleeping Care Night Rejuvenating Collagen Facial Treatment - IDA.KOREA","robots":{"index":"index","follow":"follow","max-snippet":"max-snippet:-1","max-image-preview":"max-image-preview:large","max-video-preview":"max-video-preview:-1"},"canonical":"https:\/\/idakorea.ee\/fi\/product\/kollageeniga-noorendav-oine-naohoolduskomplekt-medi-peel-collagen-super-10-sleeping-care\/","og_locale":"fi_FI","og_type":"article","og_title":"Kollageeniga noorendav \u00f6ine n\u00e4ohoolduskomplekt Medi-Peel Collagen Super 10 Sleeping Care - IDA.KOREA","og_description":"Medi-Peel Collagen Super 10 Sleeping Care komplekt niisutab, pehmendab ja silub nahka, suurendab elastsust ja tugevust, v\u00e4hendab kortsude n\u00e4htavust ja annab tervisliku s\u00e4ra. Komplekt koosneb ampullist ja mini kreemist: tooted t\u00e4iendavad teineteist ideaalselt, kiirendades une ajal toimuvaid loomulikke taastumisprotsesse. Tooted rahustavad, toidavad ja normaliseerivad rasu tootmist, suurendavad naha barj\u00e4\u00e4rifunktsioone ja tugevdavad loomulikku niiskust s\u00e4ilitavat barj\u00e4\u00e4ri,...","og_url":"https:\/\/idakorea.ee\/fi\/product\/kollageeniga-noorendav-oine-naohoolduskomplekt-medi-peel-collagen-super-10-sleeping-care\/","og_site_name":"IDA.KOREA","article_modified_time":"2026-03-27T10:04:01+00:00","og_image":[{"width":1000,"height":1000,"url":"https:\/\/idakorea.ee\/wp-content\/uploads\/2024\/06\/medi_peel-collagen-super-10-sleeping-care.jpg","type":"image\/jpeg"}],"twitter_card":"summary_large_image","twitter_misc":{"Arvioitu lukuaika":"2 minuuttia"},"schema":{"@context":"https:\/\/schema.org","@graph":[{"@type":"WebPage","@id":"https:\/\/idakorea.ee\/product\/kollageeniga-noorendav-oine-naohoolduskomplekt-medi-peel-collagen-super-10-sleeping-care\/","url":"https:\/\/idakorea.ee\/product\/kollageeniga-noorendav-oine-naohoolduskomplekt-medi-peel-collagen-super-10-sleeping-care\/","name":"Medi-Peel Collagen Super 10 Sleeping Care Night Rejuvenating Collagen Facial Treatment - IDA.KOREA","isPartOf":{"@id":"https:\/\/idakorea.ee\/#website"},"primaryImageOfPage":{"@id":"https:\/\/idakorea.ee\/product\/kollageeniga-noorendav-oine-naohoolduskomplekt-medi-peel-collagen-super-10-sleeping-care\/#primaryimage"},"image":{"@id":"https:\/\/idakorea.ee\/product\/kollageeniga-noorendav-oine-naohoolduskomplekt-medi-peel-collagen-super-10-sleeping-care\/#primaryimage"},"thumbnailUrl":"https:\/\/idakorea.ee\/wp-content\/uploads\/2024\/06\/medi_peel-collagen-super-10-sleeping-care.jpg","datePublished":"2024-06-22T12:19:30+00:00","dateModified":"2026-03-27T10:04:01+00:00","breadcrumb":{"@id":"https:\/\/idakorea.ee\/product\/kollageeniga-noorendav-oine-naohoolduskomplekt-medi-peel-collagen-super-10-sleeping-care\/#breadcrumb"},"inLanguage":"fi","potentialAction":[{"@type":"ReadAction","target":["https:\/\/idakorea.ee\/product\/kollageeniga-noorendav-oine-naohoolduskomplekt-medi-peel-collagen-super-10-sleeping-care\/"]}]},{"@type":"ImageObject","inLanguage":"fi","@id":"https:\/\/idakorea.ee\/product\/kollageeniga-noorendav-oine-naohoolduskomplekt-medi-peel-collagen-super-10-sleeping-care\/#primaryimage","url":"https:\/\/idakorea.ee\/wp-content\/uploads\/2024\/06\/medi_peel-collagen-super-10-sleeping-care.jpg","contentUrl":"https:\/\/idakorea.ee\/wp-content\/uploads\/2024\/06\/medi_peel-collagen-super-10-sleeping-care.jpg","width":1000,"height":1000},{"@type":"BreadcrumbList","@id":"https:\/\/idakorea.ee\/product\/kollageeniga-noorendav-oine-naohoolduskomplekt-medi-peel-collagen-super-10-sleeping-care\/#breadcrumb","itemListElement":[{"@type":"ListItem","position":1,"name":"\u0413\u043b\u0430\u0432\u043d\u0430\u044f \u0441\u0442\u0440\u0430\u043d\u0438\u0446\u0430","item":"https:\/\/idakorea.ee\/"},{"@type":"ListItem","position":2,"name":"Shop","item":"https:\/\/idakorea.ee\/shop-2\/"},{"@type":"ListItem","position":3,"name":"Kollageeniga noorendav \u00f6ine n\u00e4ohoolduskomplekt Medi-Peel Collagen Super 10 Sleeping Care"}]},{"@type":"WebSite","@id":"https:\/\/idakorea.ee\/#website","url":"https:\/\/idakorea.ee\/","name":"IDA.KOREA","description":"Korean kosmetiikan verkkokauppa","publisher":{"@id":"https:\/\/idakorea.ee\/#organization"},"alternateName":"Beauty Shop","potentialAction":[{"@type":"SearchAction","target":{"@type":"EntryPoint","urlTemplate":"https:\/\/idakorea.ee\/?s={search_term_string}"},"query-input":{"@type":"PropertyValueSpecification","valueRequired":true,"valueName":"search_term_string"}}],"inLanguage":"fi"},{"@type":"Organization","@id":"https:\/\/idakorea.ee\/#organization","name":"IDA.KOREA","url":"https:\/\/idakorea.ee\/","logo":{"@type":"ImageObject","inLanguage":"fi","@id":"https:\/\/idakorea.ee\/#\/schema\/logo\/image\/","url":"https:\/\/idakorea.ee\/wp-content\/uploads\/2024\/05\/cropped-korea3.png","contentUrl":"https:\/\/idakorea.ee\/wp-content\/uploads\/2024\/05\/cropped-korea3.png","width":688,"height":126,"caption":"IDA.KOREA"},"image":{"@id":"https:\/\/idakorea.ee\/#\/schema\/logo\/image\/"},"sameAs":["https:\/\/www.instagram.com\/ida.korea\/"]}]}},"jetpack_sharing_enabled":true,"brands":[{"id":107,"name":"MEDIPEEL+","slug":"medipeel"}],"_links":{"self":[{"href":"https:\/\/idakorea.ee\/fi\/wp-json\/wp\/v2\/product\/8720","targetHints":{"allow":["GET"]}}],"collection":[{"href":"https:\/\/idakorea.ee\/fi\/wp-json\/wp\/v2\/product"}],"about":[{"href":"https:\/\/idakorea.ee\/fi\/wp-json\/wp\/v2\/types\/product"}],"replies":[{"embeddable":true,"href":"https:\/\/idakorea.ee\/fi\/wp-json\/wp\/v2\/comments?post=8720"}],"version-history":[{"count":2,"href":"https:\/\/idakorea.ee\/fi\/wp-json\/wp\/v2\/product\/8720\/revisions"}],"predecessor-version":[{"id":11195,"href":"https:\/\/idakorea.ee\/fi\/wp-json\/wp\/v2\/product\/8720\/revisions\/11195"}],"wp:featuredmedia":[{"embeddable":true,"href":"https:\/\/idakorea.ee\/fi\/wp-json\/wp\/v2\/media\/8721"}],"wp:attachment":[{"href":"https:\/\/idakorea.ee\/fi\/wp-json\/wp\/v2\/media?parent=8720"}],"wp:term":[{"taxonomy":"pwb-brand","embeddable":true,"href":"https:\/\/idakorea.ee\/fi\/wp-json\/wp\/v2\/pwb-brand?post=8720"},{"taxonomy":"product_brand","embeddable":true,"href":"https:\/\/idakorea.ee\/fi\/wp-json\/wp\/v2\/product_brand?post=8720"},{"taxonomy":"product_cat","embeddable":true,"href":"https:\/\/idakorea.ee\/fi\/wp-json\/wp\/v2\/product_cat?post=8720"},{"taxonomy":"product_tag","embeddable":true,"href":"https:\/\/idakorea.ee\/fi\/wp-json\/wp\/v2\/product_tag?post=8720"}],"curies":[{"name":"wp","href":"https:\/\/api.w.org\/{rel}","templated":true}]}}