{"id":8734,"date":"2024-06-22T12:32:51","date_gmt":"2024-06-22T12:32:51","guid":{"rendered":"https:\/\/idakorea.ee\/?post_type=product&#038;p=8734"},"modified":"2026-04-08T08:20:28","modified_gmt":"2026-04-08T06:20:28","slug":"rahustav-futo-kapslikreem-medi-peel-phyto-cica-nol-b5-calming-drop-gel-cream-50ml","status":"publish","type":"product","link":"https:\/\/idakorea.ee\/fi\/product\/rahustav-futo-kapslikreem-medi-peel-phyto-cica-nol-b5-calming-drop-gel-cream-50ml\/","title":{"rendered":"Rauhoittava fytokapselivoide Medi-Peel Phyto CICA-Nol B5 Calming Drop Gel Cream, 50ml"},"content":{"rendered":"<p><strong>Medi-Peel Phyto CICA-Nol B5 rauhoittava geelivoidetipat<\/strong> \u2013 kosteuttava geeli, jossa on 57 vihre\u00e4\u00e4 kapselia, rauhoittaa, lievitt\u00e4\u00e4 \u00e4rsytyst\u00e4 ja punoitusta sek\u00e4 tarjoaa suojaa p\u00e4iv\u00e4ll\u00e4, ja y\u00f6ll\u00e4 se palauttaa ja varmistaa ihon mukavuuden tunteen.<\/p>\n<p>Tuote kosteuttaa, poistaa kuivuutta ja kireyden tunnetta sek\u00e4 vahvistaa ihon suojakerrosta v\u00e4hent\u00e4en herkkyytt\u00e4 ulkoisille \u00e4rsykkeille. Antaa iholle terveen hehkun, tehden siit\u00e4 pehme\u00e4n ja joustavan. Koostumus ei j\u00e4t\u00e4 tahmeaa tunnetta iholle, se imeytyy nopeasti.<\/p>\n<p><strong>T\u00e4rkeimm\u00e4t ainesosat:<\/strong><\/p>\n<ul>\n<li><strong>CICA-Nol B5 -kompleksi (20%)<\/strong> \u2013 sis\u00e4lt\u00e4\u00e4 viitt\u00e4 erilaista Centella asiatica -uutetta (aasianlumpeen uute, madekassosidia, madekassiinihappoa, aasiahappoa ja asiatikosidia) ja pantenolia. Rauhoittaa \u00e4rsytyst\u00e4, kosteuttaa ja pehment\u00e4\u00e4 ihoa, vahvistaa verisuonten sein\u00e4mi\u00e4, ehk\u00e4isee couperosaa ja h\u00e4m\u00e4h\u00e4kkisuonia.<\/li>\n<li><strong>MadeWhite\u2122<\/strong> \u2013 madekassosidia, aasialaisen vesinavan johdannaista, ja pentyleeniglykolia sis\u00e4lt\u00e4v\u00e4 yhdiste. Est\u00e4\u00e4 syklo-oksigenaasientsyymin tuotantoa, s\u00e4\u00e4telee tulehdusvastetta ja ehk\u00e4isee siten tulehdusta ja aknearpia.<\/li>\n<li><strong>Peptidit (palmitoyylitripeptidi-5, palmitoyylidipeptidi-5-diaminobutyroyylihydroksitreoniini)<\/strong> \u2013 vaikuttavat lihaksia rentouttavasti, hidastavat ihon ik\u00e4\u00e4ntymist\u00e4, stimuloivat kollageenin ja hyaluronihapon tuotantoa ja ehk\u00e4isev\u00e4t ryppyjen muodostumista.<\/li>\n<li><strong>Redsnow<\/strong> \u2013 ik\u00e4\u00e4ntymist\u00e4 ehk\u00e4isev\u00e4 kompleksi, joka perustuu japanilaiseen kameliauutteeseen Jejun saarelta, Koreasta. Stimuloi kollageenin tuotantoa, est\u00e4\u00e4 kollageenimolekyylej\u00e4 hajottavia MMP-1-geenej\u00e4 ja est\u00e4\u00e4 reseptoreita, jotka k\u00e4ynnist\u00e4v\u00e4t solujen hapettumisprosessin.<\/li>\n<li><strong>RiFerm\u00ae<\/strong> \u2013 sakkaromyces-uutetta sis\u00e4lt\u00e4v\u00e4 kompleksi, joka kosteuttaa tehokkaasti, v\u00e4hent\u00e4\u00e4 ryppyjen n\u00e4kymist\u00e4, antaa iholle kimmoisuutta ja tasoittaa iho\u00e4rsytyst\u00e4.<\/li>\n<li><strong>SingGreen<\/strong> \u2013 papaijan, omenan, viiniryp\u00e4leen ja luumun yhdistelm\u00e4. Kuorii hell\u00e4varaisesti, tasoittaa ihon s\u00e4vy\u00e4 ja silottaa ihoa.<\/li>\n<li><strong>Ceracare AC-1<\/strong> \u2013 viiden erityyppisen keramidin yhdistelm\u00e4. Vahvistaa ihon suojakerrosta, kosteuttaa ja s\u00e4ilytt\u00e4\u00e4 kosteutta, pehment\u00e4\u00e4 tehden ihosta pehme\u00e4n ja samettisen sek\u00e4 suojaa ulkoisilta \u00e4rsykkeilt\u00e4.<\/li>\n<\/ul>\n<p><strong>K\u00e4ytt\u00f6:<\/strong> Sekoita kapseli ja geeli lastalla, levit\u00e4 puhdistetulle, kasvovedelle ja seerumilla k\u00e4sitellylle kasvoille ja levit\u00e4 iholle.<\/p>","protected":false},"excerpt":{"rendered":"<p>Medi-Peel Phyto CICA-Nol B5 Calming Drop Gel Cream - kosteusgeeli, jossa on 57 vihre\u00e4\u00e4 kapselia, jotka rauhoittavat, lievitt\u00e4v\u00e4t \u00e4rsytyst\u00e4 ja punoitusta ja antavat suojaa p\u00e4iv\u00e4ll\u00e4 sek\u00e4 palauttavat ja antavat iholle mukavuuden tunteen y\u00f6ll\u00e4. Tuote kosteuttaa, poistaa kuivuutta ja kirist\u00e4vyytt\u00e4 sek\u00e4 vahvistaa ihon suojamuuria v\u00e4hent\u00e4en herkkyytt\u00e4 ulkoisille \u00e4rsykkeille. Antaa iholle terveen hehkun ja j\u00e4tt\u00e4\u00e4 sen pehme\u00e4ksi ja...<\/p>","protected":false},"featured_media":8751,"comment_status":"open","ping_status":"closed","template":"","meta":{"_uf_show_specific_survey":0,"_uf_disable_surveys":false,"_bst_post_transparent":"default","_bst_post_title":"","_bst_post_layout":"default","_bst_post_sidebar_id":"","_bst_post_content_style":"default","_bst_post_vertical_padding":"default","_bst_post_feature":"","_bst_post_feature_position":"","_bst_post_header":false,"_bst_post_footer":false},"pwb-brand":[107],"product_brand":[],"product_cat":[92,96],"product_tag":[233,377,202,249,381,439,221],"class_list":{"0":"post-8734","1":"product","2":"type-product","3":"status-publish","4":"has-post-thumbnail","6":"pwb-brand-medipeel","7":"product_cat-nagu","8":"product_cat-naokreemid","9":"product_tag-internet-pood-eesti","10":"product_tag-k-beauty-2","11":"product_tag-korea-kosmeetika","12":"product_tag-medi-peel","13":"product_tag-medipeel","14":"product_tag-rahustav","15":"product_tag-tundlik-nahk","17":"first","18":"instock","19":"sale","20":"shipping-taxable","21":"purchasable","22":"product-type-simple","23":"entry","24":"content-bg","25":"loop-entry"},"supplier_id":null,"supplier_sku":"","barcode":null,"atum_controlled":true,"out_stock_date":null,"out_stock_threshold":null,"inheritable":false,"inbound_stock":0,"stock_on_hold":0,"sold_today":0,"sales_last_days":1,"out_stock_days":0,"lost_sales":0,"has_location":false,"update_date":"2026-04-14T00:05:11","atum_locations":[],"atum_stock_status":"instock","restock_status":false,"low_stock_amount":"","sales_update_date":"2026-04-14T00:05:11","calc_backorders":null,"yoast_head":"<!-- This site is optimized with the Yoast SEO plugin v27.2 - https:\/\/yoast.com\/product\/yoast-seo-wordpress\/ -->\n<title>Rahustav f\u00fcto-kapslikreem Medi-Peel Phyto CICA-Nol B5 Calming Drop Gel Cream, 50ml - IDA.KOREA<\/title>\n<meta name=\"robots\" content=\"index, follow, max-snippet:-1, max-image-preview:large, max-video-preview:-1\" \/>\n<link rel=\"canonical\" href=\"https:\/\/idakorea.ee\/fi\/product\/rahustav-futo-kapslikreem-medi-peel-phyto-cica-nol-b5-calming-drop-gel-cream-50ml\/\" \/>\n<meta property=\"og:locale\" content=\"fi_FI\" \/>\n<meta property=\"og:type\" content=\"article\" \/>\n<meta property=\"og:title\" content=\"Rahustav f\u00fcto-kapslikreem Medi-Peel Phyto CICA-Nol B5 Calming Drop Gel Cream, 50ml - IDA.KOREA\" \/>\n<meta property=\"og:description\" content=\"Medi-Peel Phyto CICA-Nol B5 Calming Drop Gel Cream &#8211; niisutav geel koos 57 rohelise kapsliga rahustab, leevendab \u00e4rritust ja punetust ning pakub p\u00e4eva jooksul kaitset, samas kui \u00f6\u00f6sel taastab ja tagab naha mugavustunde. Toode niisutab, k\u00f5rvaldab kuivuse ja pingulduse ning tugevdab naha kaitsebarj\u00e4\u00e4ri, v\u00e4hendades tundlikkust v\u00e4liste \u00e4rritajate suhtes. Annab nahale tervisliku s\u00e4ra, muutes selle pehmeks...\" \/>\n<meta property=\"og:url\" content=\"https:\/\/idakorea.ee\/fi\/product\/rahustav-futo-kapslikreem-medi-peel-phyto-cica-nol-b5-calming-drop-gel-cream-50ml\/\" \/>\n<meta property=\"og:site_name\" content=\"IDA.KOREA\" \/>\n<meta property=\"article:modified_time\" content=\"2026-04-08T06:20:28+00:00\" \/>\n<meta property=\"og:image\" content=\"https:\/\/idakorea.ee\/wp-content\/uploads\/2024\/06\/medi_peel-phyto-cica_nol-b5-calming-drop-gel-cream.jpg\" \/>\n\t<meta property=\"og:image:width\" content=\"1000\" \/>\n\t<meta property=\"og:image:height\" content=\"1000\" \/>\n\t<meta property=\"og:image:type\" content=\"image\/jpeg\" \/>\n<meta name=\"twitter:card\" content=\"summary_large_image\" \/>\n<meta name=\"twitter:label1\" content=\"Arvioitu lukuaika\" \/>\n\t<meta name=\"twitter:data1\" content=\"2 minuuttia\" \/>\n<script type=\"application\/ld+json\" class=\"yoast-schema-graph\">{\"@context\":\"https:\/\/schema.org\",\"@graph\":[{\"@type\":\"WebPage\",\"@id\":\"https:\/\/idakorea.ee\/product\/rahustav-futo-kapslikreem-medi-peel-phyto-cica-nol-b5-calming-drop-gel-cream-50ml\/\",\"url\":\"https:\/\/idakorea.ee\/product\/rahustav-futo-kapslikreem-medi-peel-phyto-cica-nol-b5-calming-drop-gel-cream-50ml\/\",\"name\":\"Rahustav f\u00fcto-kapslikreem Medi-Peel Phyto CICA-Nol B5 Calming Drop Gel Cream, 50ml - IDA.KOREA\",\"isPartOf\":{\"@id\":\"https:\/\/idakorea.ee\/#website\"},\"primaryImageOfPage\":{\"@id\":\"https:\/\/idakorea.ee\/product\/rahustav-futo-kapslikreem-medi-peel-phyto-cica-nol-b5-calming-drop-gel-cream-50ml\/#primaryimage\"},\"image\":{\"@id\":\"https:\/\/idakorea.ee\/product\/rahustav-futo-kapslikreem-medi-peel-phyto-cica-nol-b5-calming-drop-gel-cream-50ml\/#primaryimage\"},\"thumbnailUrl\":\"https:\/\/idakorea.ee\/wp-content\/uploads\/2024\/06\/medi_peel-phyto-cica_nol-b5-calming-drop-gel-cream.jpg\",\"datePublished\":\"2024-06-22T12:32:51+00:00\",\"dateModified\":\"2026-04-08T06:20:28+00:00\",\"breadcrumb\":{\"@id\":\"https:\/\/idakorea.ee\/product\/rahustav-futo-kapslikreem-medi-peel-phyto-cica-nol-b5-calming-drop-gel-cream-50ml\/#breadcrumb\"},\"inLanguage\":\"fi\",\"potentialAction\":[{\"@type\":\"ReadAction\",\"target\":[\"https:\/\/idakorea.ee\/product\/rahustav-futo-kapslikreem-medi-peel-phyto-cica-nol-b5-calming-drop-gel-cream-50ml\/\"]}]},{\"@type\":\"ImageObject\",\"inLanguage\":\"fi\",\"@id\":\"https:\/\/idakorea.ee\/product\/rahustav-futo-kapslikreem-medi-peel-phyto-cica-nol-b5-calming-drop-gel-cream-50ml\/#primaryimage\",\"url\":\"https:\/\/idakorea.ee\/wp-content\/uploads\/2024\/06\/medi_peel-phyto-cica_nol-b5-calming-drop-gel-cream.jpg\",\"contentUrl\":\"https:\/\/idakorea.ee\/wp-content\/uploads\/2024\/06\/medi_peel-phyto-cica_nol-b5-calming-drop-gel-cream.jpg\",\"width\":1000,\"height\":1000},{\"@type\":\"BreadcrumbList\",\"@id\":\"https:\/\/idakorea.ee\/product\/rahustav-futo-kapslikreem-medi-peel-phyto-cica-nol-b5-calming-drop-gel-cream-50ml\/#breadcrumb\",\"itemListElement\":[{\"@type\":\"ListItem\",\"position\":1,\"name\":\"\u0413\u043b\u0430\u0432\u043d\u0430\u044f \u0441\u0442\u0440\u0430\u043d\u0438\u0446\u0430\",\"item\":\"https:\/\/idakorea.ee\/\"},{\"@type\":\"ListItem\",\"position\":2,\"name\":\"Shop\",\"item\":\"https:\/\/idakorea.ee\/shop-2\/\"},{\"@type\":\"ListItem\",\"position\":3,\"name\":\"Rahustav f\u00fcto-kapslikreem Medi-Peel Phyto CICA-Nol B5 Calming Drop Gel Cream, 50ml\"}]},{\"@type\":\"WebSite\",\"@id\":\"https:\/\/idakorea.ee\/#website\",\"url\":\"https:\/\/idakorea.ee\/\",\"name\":\"IDA.KOREA\",\"description\":\"Korea kosmeetika e-pood\",\"publisher\":{\"@id\":\"https:\/\/idakorea.ee\/#organization\"},\"alternateName\":\"Beauty Shop\",\"potentialAction\":[{\"@type\":\"SearchAction\",\"target\":{\"@type\":\"EntryPoint\",\"urlTemplate\":\"https:\/\/idakorea.ee\/?s={search_term_string}\"},\"query-input\":{\"@type\":\"PropertyValueSpecification\",\"valueRequired\":true,\"valueName\":\"search_term_string\"}}],\"inLanguage\":\"fi\"},{\"@type\":\"Organization\",\"@id\":\"https:\/\/idakorea.ee\/#organization\",\"name\":\"IDA.KOREA\",\"url\":\"https:\/\/idakorea.ee\/\",\"logo\":{\"@type\":\"ImageObject\",\"inLanguage\":\"fi\",\"@id\":\"https:\/\/idakorea.ee\/#\/schema\/logo\/image\/\",\"url\":\"https:\/\/idakorea.ee\/wp-content\/uploads\/2024\/05\/cropped-korea3.png\",\"contentUrl\":\"https:\/\/idakorea.ee\/wp-content\/uploads\/2024\/05\/cropped-korea3.png\",\"width\":688,\"height\":126,\"caption\":\"IDA.KOREA\"},\"image\":{\"@id\":\"https:\/\/idakorea.ee\/#\/schema\/logo\/image\/\"},\"sameAs\":[\"https:\/\/www.instagram.com\/ida.korea\/\"]}]}<\/script>\n<!-- \/ Yoast SEO plugin. -->","yoast_head_json":{"title":"Medi-Peel Phyto CICA-Nol B5 rauhoittava geelivoidetippa, 50ml - It\u00e4-Korea","robots":{"index":"index","follow":"follow","max-snippet":"max-snippet:-1","max-image-preview":"max-image-preview:large","max-video-preview":"max-video-preview:-1"},"canonical":"https:\/\/idakorea.ee\/fi\/product\/rahustav-futo-kapslikreem-medi-peel-phyto-cica-nol-b5-calming-drop-gel-cream-50ml\/","og_locale":"fi_FI","og_type":"article","og_title":"Rahustav f\u00fcto-kapslikreem Medi-Peel Phyto CICA-Nol B5 Calming Drop Gel Cream, 50ml - IDA.KOREA","og_description":"Medi-Peel Phyto CICA-Nol B5 Calming Drop Gel Cream &#8211; niisutav geel koos 57 rohelise kapsliga rahustab, leevendab \u00e4rritust ja punetust ning pakub p\u00e4eva jooksul kaitset, samas kui \u00f6\u00f6sel taastab ja tagab naha mugavustunde. Toode niisutab, k\u00f5rvaldab kuivuse ja pingulduse ning tugevdab naha kaitsebarj\u00e4\u00e4ri, v\u00e4hendades tundlikkust v\u00e4liste \u00e4rritajate suhtes. Annab nahale tervisliku s\u00e4ra, muutes selle pehmeks...","og_url":"https:\/\/idakorea.ee\/fi\/product\/rahustav-futo-kapslikreem-medi-peel-phyto-cica-nol-b5-calming-drop-gel-cream-50ml\/","og_site_name":"IDA.KOREA","article_modified_time":"2026-04-08T06:20:28+00:00","og_image":[{"width":1000,"height":1000,"url":"https:\/\/idakorea.ee\/wp-content\/uploads\/2024\/06\/medi_peel-phyto-cica_nol-b5-calming-drop-gel-cream.jpg","type":"image\/jpeg"}],"twitter_card":"summary_large_image","twitter_misc":{"Arvioitu lukuaika":"2 minuuttia"},"schema":{"@context":"https:\/\/schema.org","@graph":[{"@type":"WebPage","@id":"https:\/\/idakorea.ee\/product\/rahustav-futo-kapslikreem-medi-peel-phyto-cica-nol-b5-calming-drop-gel-cream-50ml\/","url":"https:\/\/idakorea.ee\/product\/rahustav-futo-kapslikreem-medi-peel-phyto-cica-nol-b5-calming-drop-gel-cream-50ml\/","name":"Medi-Peel Phyto CICA-Nol B5 rauhoittava geelivoidetippa, 50ml - It\u00e4-Korea","isPartOf":{"@id":"https:\/\/idakorea.ee\/#website"},"primaryImageOfPage":{"@id":"https:\/\/idakorea.ee\/product\/rahustav-futo-kapslikreem-medi-peel-phyto-cica-nol-b5-calming-drop-gel-cream-50ml\/#primaryimage"},"image":{"@id":"https:\/\/idakorea.ee\/product\/rahustav-futo-kapslikreem-medi-peel-phyto-cica-nol-b5-calming-drop-gel-cream-50ml\/#primaryimage"},"thumbnailUrl":"https:\/\/idakorea.ee\/wp-content\/uploads\/2024\/06\/medi_peel-phyto-cica_nol-b5-calming-drop-gel-cream.jpg","datePublished":"2024-06-22T12:32:51+00:00","dateModified":"2026-04-08T06:20:28+00:00","breadcrumb":{"@id":"https:\/\/idakorea.ee\/product\/rahustav-futo-kapslikreem-medi-peel-phyto-cica-nol-b5-calming-drop-gel-cream-50ml\/#breadcrumb"},"inLanguage":"fi","potentialAction":[{"@type":"ReadAction","target":["https:\/\/idakorea.ee\/product\/rahustav-futo-kapslikreem-medi-peel-phyto-cica-nol-b5-calming-drop-gel-cream-50ml\/"]}]},{"@type":"ImageObject","inLanguage":"fi","@id":"https:\/\/idakorea.ee\/product\/rahustav-futo-kapslikreem-medi-peel-phyto-cica-nol-b5-calming-drop-gel-cream-50ml\/#primaryimage","url":"https:\/\/idakorea.ee\/wp-content\/uploads\/2024\/06\/medi_peel-phyto-cica_nol-b5-calming-drop-gel-cream.jpg","contentUrl":"https:\/\/idakorea.ee\/wp-content\/uploads\/2024\/06\/medi_peel-phyto-cica_nol-b5-calming-drop-gel-cream.jpg","width":1000,"height":1000},{"@type":"BreadcrumbList","@id":"https:\/\/idakorea.ee\/product\/rahustav-futo-kapslikreem-medi-peel-phyto-cica-nol-b5-calming-drop-gel-cream-50ml\/#breadcrumb","itemListElement":[{"@type":"ListItem","position":1,"name":"\u0413\u043b\u0430\u0432\u043d\u0430\u044f \u0441\u0442\u0440\u0430\u043d\u0438\u0446\u0430","item":"https:\/\/idakorea.ee\/"},{"@type":"ListItem","position":2,"name":"Shop","item":"https:\/\/idakorea.ee\/shop-2\/"},{"@type":"ListItem","position":3,"name":"Rahustav f\u00fcto-kapslikreem Medi-Peel Phyto CICA-Nol B5 Calming Drop Gel Cream, 50ml"}]},{"@type":"WebSite","@id":"https:\/\/idakorea.ee\/#website","url":"https:\/\/idakorea.ee\/","name":"IDA.KOREA","description":"Korean kosmetiikan verkkokauppa","publisher":{"@id":"https:\/\/idakorea.ee\/#organization"},"alternateName":"Beauty Shop","potentialAction":[{"@type":"SearchAction","target":{"@type":"EntryPoint","urlTemplate":"https:\/\/idakorea.ee\/?s={search_term_string}"},"query-input":{"@type":"PropertyValueSpecification","valueRequired":true,"valueName":"search_term_string"}}],"inLanguage":"fi"},{"@type":"Organization","@id":"https:\/\/idakorea.ee\/#organization","name":"IDA.KOREA","url":"https:\/\/idakorea.ee\/","logo":{"@type":"ImageObject","inLanguage":"fi","@id":"https:\/\/idakorea.ee\/#\/schema\/logo\/image\/","url":"https:\/\/idakorea.ee\/wp-content\/uploads\/2024\/05\/cropped-korea3.png","contentUrl":"https:\/\/idakorea.ee\/wp-content\/uploads\/2024\/05\/cropped-korea3.png","width":688,"height":126,"caption":"IDA.KOREA"},"image":{"@id":"https:\/\/idakorea.ee\/#\/schema\/logo\/image\/"},"sameAs":["https:\/\/www.instagram.com\/ida.korea\/"]}]}},"jetpack_sharing_enabled":true,"brands":[{"id":107,"name":"MEDIPEEL+","slug":"medipeel"}],"_links":{"self":[{"href":"https:\/\/idakorea.ee\/fi\/wp-json\/wp\/v2\/product\/8734","targetHints":{"allow":["GET"]}}],"collection":[{"href":"https:\/\/idakorea.ee\/fi\/wp-json\/wp\/v2\/product"}],"about":[{"href":"https:\/\/idakorea.ee\/fi\/wp-json\/wp\/v2\/types\/product"}],"replies":[{"embeddable":true,"href":"https:\/\/idakorea.ee\/fi\/wp-json\/wp\/v2\/comments?post=8734"}],"version-history":[{"count":2,"href":"https:\/\/idakorea.ee\/fi\/wp-json\/wp\/v2\/product\/8734\/revisions"}],"predecessor-version":[{"id":10632,"href":"https:\/\/idakorea.ee\/fi\/wp-json\/wp\/v2\/product\/8734\/revisions\/10632"}],"wp:featuredmedia":[{"embeddable":true,"href":"https:\/\/idakorea.ee\/fi\/wp-json\/wp\/v2\/media\/8751"}],"wp:attachment":[{"href":"https:\/\/idakorea.ee\/fi\/wp-json\/wp\/v2\/media?parent=8734"}],"wp:term":[{"taxonomy":"pwb-brand","embeddable":true,"href":"https:\/\/idakorea.ee\/fi\/wp-json\/wp\/v2\/pwb-brand?post=8734"},{"taxonomy":"product_brand","embeddable":true,"href":"https:\/\/idakorea.ee\/fi\/wp-json\/wp\/v2\/product_brand?post=8734"},{"taxonomy":"product_cat","embeddable":true,"href":"https:\/\/idakorea.ee\/fi\/wp-json\/wp\/v2\/product_cat?post=8734"},{"taxonomy":"product_tag","embeddable":true,"href":"https:\/\/idakorea.ee\/fi\/wp-json\/wp\/v2\/product_tag?post=8734"}],"curies":[{"name":"wp","href":"https:\/\/api.w.org\/{rel}","templated":true}]}}