{"id":8765,"date":"2024-06-22T12:43:12","date_gmt":"2024-06-22T12:43:12","guid":{"rendered":"https:\/\/idakorea.ee\/?post_type=product&#038;p=8765"},"modified":"2026-03-27T12:02:18","modified_gmt":"2026-03-27T10:02:18","slug":"teemantpulbriga-naomask-medi-peel-rose-diamond-mask","status":"publish","type":"product","link":"https:\/\/idakorea.ee\/fi\/product\/teemantpulbriga-naomask-medi-peel-rose-diamond-mask\/","title":{"rendered":"Medi-Peel Rose Diamond kasvonaamio timanttijauheella"},"content":{"rendered":"<p><strong>Medi-Peel Ruusu Timantti -naamio<\/strong> on kirkastava timanttijauhetta sis\u00e4lt\u00e4v\u00e4 naamio, joka poistaa ihon sameutta ja veltostumista, parantaa ihon ulkon\u00e4k\u00f6\u00e4 ja kuntoa. Vahvistaa mikroverenkiertoa ja suojaa ihoa ulkoisilta negatiivisilta vaikutuksilta, kuten kylm\u00e4lt\u00e4, tuulelta, kuivalta sis\u00e4ilmalta ja UV-s\u00e4teilylt\u00e4.<\/p>\n<p>Naamio kiinteytt\u00e4\u00e4 ihoa t\u00e4ydellisesti, parantaa sen kimmoisuutta, tekee siit\u00e4 pehme\u00e4n ja silottaa sen pintaa. Naamion k\u00e4yt\u00f6n j\u00e4lkeen ihosta tulee huomattavasti kiinte\u00e4mpi ja joustavampi, hienot rypyt siloittuvat ja iho saa terveen ja tasaisen hehkun.<\/p>\n<p>Naamioon kyll\u00e4stetty kermainen koostumus rikastuttaa soluja aktiivisilla ainesosilla ja luo n\u00e4kym\u00e4tt\u00f6m\u00e4n suojakerroksen, joka est\u00e4\u00e4 kosteuden haihtumisen. T\u00e4m\u00e4n seurauksena ihosta tulee maksimaalisesti kosteutettu ja ravittu.<\/p>\n<p><strong>T\u00e4rkeimm\u00e4t vaikuttavat aineet:<\/strong><\/p>\n<ul>\n<li><strong>Timanttijauhe<\/strong> Parantaa ihon kuntoa, ravitsee ja kosteuttaa syv\u00e4lt\u00e4. Lis\u00e4ksi se auttaa poistamaan haitallisia myrkkyj\u00e4 epidermiksen soluista.<\/li>\n<li><strong>Ruusuutetta<\/strong> Kosteuttaa ihoa, uudistaa ja silottaa ryppyj\u00e4, mukaan lukien miimisia ryppyj\u00e4. Lis\u00e4\u00e4 ihon kimmoisuutta, normalisoi talirauhasten toimintaa, tasoittaa ihon s\u00e4vy\u00e4, supistaa ihohuokosia ja poistaa stressi\u00e4 ja allergisia reaktioita.<\/li>\n<li><strong>7 erilaista hyaluronihappoa<\/strong> Kosteuttavat syv\u00e4lt\u00e4 ja yll\u00e4pit\u00e4v\u00e4t ihon luonnollisen pH-tasapainon optimaalisella tasolla. Hyaluronihappo muodostaa iholle n\u00e4kym\u00e4tt\u00f6m\u00e4n suojakerroksen, joka est\u00e4\u00e4 kosteuden haihtumista ja antaa iholle raikkaan ja kosteutetun tunteen.<\/li>\n<li><strong>Helmijauhe<\/strong> tarjoaa erinomaisia nuorentavia vaikutuksia ja kirkastaa hell\u00e4varaisesti poistaen tummia silm\u00e4nalusia ja ei-toivottua pigmenttimuutosta.<\/li>\n<li><strong>Macadamia\u00f6ljy<\/strong> Pehment\u00e4\u00e4 ja ravitsee ihoa tehokkaasti, imeytyy nopeasti ja levittyy helposti iholle. Auttaa palauttamaan ihon suojakerroksen toimimalla antioksidanttina. Korvaamaton kuivalle, kuivuneelle ja ik\u00e4\u00e4ntyv\u00e4lle iholle. Hoitaa \u00e4rsytyst\u00e4, lievitt\u00e4\u00e4 tulehdusta.<\/li>\n<li><strong>Madekassosidi<\/strong> on puhdistettu isolaatti, aasialaisen vesinavan yrttiuutteesta eristetty aktiivinen komponentti. Sopii kaikille ihotyypeille, tavoitteena on yleinen paraneminen ja ihon vastustuskyvyn lis\u00e4\u00e4minen, ja sen t\u00e4rkeimm\u00e4t ominaisuudet ovat tulehdusta est\u00e4v\u00e4t, parantavat ja nuorentavat vaikutukset.<\/li>\n<li><strong>Allantoiin<\/strong> Pehment\u00e4\u00e4 ja kosteuttaa ihoa tehokkaasti, auttaa supistamaan ihohuokosia ja normalisoimaan ihon talirauhasten erityst\u00e4, sill\u00e4 on tulehdusta ehk\u00e4isevi\u00e4 ominaisuuksia ja se rauhoittaa \u00e4rtynytt\u00e4 ihoa.<\/li>\n<li><strong>Tokoferoli<\/strong> Suojaa ihoa ulkoisilta negatiivisilta tekij\u00f6ilt\u00e4 ja est\u00e4\u00e4 tyydyttym\u00e4tt\u00f6mien rasvahappojen hapettumista. Rikastuttaa ihoa tehokkaasti vitamiineilla. Tunkeutuu ihon syviin kerroksiin, miss\u00e4 se hydrolysoituu E-vitamiiniksi.<\/li>\n<li><strong>Betaiini<\/strong> Kosteuttaa aktiivisesti, hoitaa, lievitt\u00e4\u00e4 ihon tulehdusta, v\u00e4hent\u00e4\u00e4 pinta-aktiivisten aineiden tuhoavaa vaikutusta, edist\u00e4\u00e4 niiden tilavuuden kasvua ja vaahdon vakautta, tehostaa muiden ainesosien hoitavaa vaikutusta ja on itsess\u00e4\u00e4n hyv\u00e4 hoitoaine, jolla on pinnallinen vaikutus ihoon ja joka parantaa sen ulkon\u00e4k\u00f6\u00e4.<\/li>\n<li><strong>Argan\u00f6ljy<\/strong> Palauttaa ihon hydrolipidikerroksen, lis\u00e4\u00e4 sen kimmoisuutta ja pehmeytt\u00e4. Argan\u00f6ljyn korkea tokoferolipitoisuus varmistaa argan\u00f6ljyn antioksidanttisen vaikutuksen, ja koostumuksessa olevien tyydyttym\u00e4tt\u00f6mien rasvahappojen ansiosta se rauhoittaa ja pehment\u00e4\u00e4 ihoa t\u00e4ydellisesti.<\/li>\n<\/ul>\n<p>&nbsp;<\/p>\n<p>Sopii kaikille ihotyypeille.<\/p>\n<p><strong>K\u00e4ytt\u00f6:<\/strong> Poista pakkauksesta ja levit\u00e4 tiukasti puhdistetuille kasvoille. Odota 10\u201320 minuuttia ja poista sitten. Anna voiteen imeyty\u00e4 ihoon hell\u00e4varaisesti taputtelemalla.<\/p>","protected":false},"excerpt":{"rendered":"<p>Medi-Peel Rose Diamond Mask on timanttijauhetta sis\u00e4lt\u00e4v\u00e4 kirkastava naamio, joka poistaa sameutta ja veltostumista, parantaa ihon ulkon\u00e4k\u00f6\u00e4 ja kuntoa. Vahvistaa mikroverenkiertoa ja suojaa ihoa negatiivisilta ulkoisilta vaikutuksilta, kuten kylm\u00e4lt\u00e4, tuulelta, kuivalta sis\u00e4ilmalta ja UV-s\u00e4teilt\u00e4. Naamio antaa erinomaisen kiinteytyksen, parantaa ihon kimmoisuutta, pehment\u00e4\u00e4 ja tasoittaa ihon pintaa. Naamion k\u00e4yt\u00f6n j\u00e4lkeen ihosta tulee huomattavan...<\/p>","protected":false},"featured_media":8768,"comment_status":"open","ping_status":"closed","template":"","meta":{"_uf_show_specific_survey":0,"_uf_disable_surveys":false,"_bst_post_transparent":"default","_bst_post_title":"","_bst_post_layout":"default","_bst_post_sidebar_id":"","_bst_post_content_style":"default","_bst_post_vertical_padding":"default","_bst_post_feature":"","_bst_post_feature_position":"","_bst_post_header":false,"_bst_post_footer":false},"pwb-brand":[107],"product_brand":[],"product_cat":[92,98],"product_tag":[233,377,202,246,249,381],"class_list":{"0":"post-8765","1":"product","2":"type-product","3":"status-publish","4":"has-post-thumbnail","6":"pwb-brand-medipeel","7":"product_cat-nagu","8":"product_cat-naomaskid","9":"product_tag-internet-pood-eesti","10":"product_tag-k-beauty-2","11":"product_tag-korea-kosmeetika","12":"product_tag-korea-naomaskid","13":"product_tag-medi-peel","14":"product_tag-medipeel","16":"first","17":"instock","18":"sale","19":"shipping-taxable","20":"purchasable","21":"product-type-simple","22":"entry","23":"content-bg","24":"loop-entry"},"supplier_id":null,"supplier_sku":"","barcode":null,"atum_controlled":true,"out_stock_date":null,"out_stock_threshold":null,"inheritable":false,"inbound_stock":0,"stock_on_hold":0,"sold_today":0,"sales_last_days":0,"out_stock_days":0,"lost_sales":0,"has_location":false,"update_date":"2026-04-14T00:05:09","atum_locations":[],"atum_stock_status":"instock","restock_status":false,"low_stock_amount":"","sales_update_date":"2026-04-14T00:05:09","calc_backorders":null,"yoast_head":"<!-- This site is optimized with the Yoast SEO plugin v27.2 - https:\/\/yoast.com\/product\/yoast-seo-wordpress\/ -->\n<title>Teemantpulbriga n\u00e4omask Medi-Peel Rose Diamond Mask - IDA.KOREA<\/title>\n<meta name=\"robots\" content=\"index, follow, max-snippet:-1, max-image-preview:large, max-video-preview:-1\" \/>\n<link rel=\"canonical\" href=\"https:\/\/idakorea.ee\/fi\/product\/teemantpulbriga-naomask-medi-peel-rose-diamond-mask\/\" \/>\n<meta property=\"og:locale\" content=\"fi_FI\" \/>\n<meta property=\"og:type\" content=\"article\" \/>\n<meta property=\"og:title\" content=\"Teemantpulbriga n\u00e4omask Medi-Peel Rose Diamond Mask - IDA.KOREA\" \/>\n<meta property=\"og:description\" content=\"Medi-Peel Rose Diamond Mask on s\u00e4ra andev mask, mis sisaldab teemantipulbrit, mis k\u00f5rvaldab tuhmuse ja naha l\u00f5tvumise, parandab naha v\u00e4limust ja seisukorda. Tugevdab mikrotsirkulatsiooni ja kaitseb nahka negatiivsete v\u00e4lism\u00f5jude eest, nagu k\u00fclm, tuul, kuiv sise\u00f5hk ja UV-kiirgus. Mask toniseerib suurep\u00e4raselt, parandab naha elastsust, muudab selle pehmeks ja silub nahapinda. P\u00e4rast maski kasutamist muutub nahk m\u00e4rgatavalt...\" \/>\n<meta property=\"og:url\" content=\"https:\/\/idakorea.ee\/fi\/product\/teemantpulbriga-naomask-medi-peel-rose-diamond-mask\/\" \/>\n<meta property=\"og:site_name\" content=\"IDA.KOREA\" \/>\n<meta property=\"article:modified_time\" content=\"2026-03-27T10:02:18+00:00\" \/>\n<meta property=\"og:image\" content=\"https:\/\/idakorea.ee\/wp-content\/uploads\/2024\/06\/2cdad056af6b5fc19ee0b6857ba25d96.jpg\" \/>\n\t<meta property=\"og:image:width\" content=\"2000\" \/>\n\t<meta property=\"og:image:height\" content=\"2000\" \/>\n\t<meta property=\"og:image:type\" content=\"image\/jpeg\" \/>\n<meta name=\"twitter:card\" content=\"summary_large_image\" \/>\n<meta name=\"twitter:label1\" content=\"Arvioitu lukuaika\" \/>\n\t<meta name=\"twitter:data1\" content=\"2 minuuttia\" \/>\n<script type=\"application\/ld+json\" class=\"yoast-schema-graph\">{\"@context\":\"https:\/\/schema.org\",\"@graph\":[{\"@type\":\"WebPage\",\"@id\":\"https:\/\/idakorea.ee\/product\/teemantpulbriga-naomask-medi-peel-rose-diamond-mask\/\",\"url\":\"https:\/\/idakorea.ee\/product\/teemantpulbriga-naomask-medi-peel-rose-diamond-mask\/\",\"name\":\"Teemantpulbriga n\u00e4omask Medi-Peel Rose Diamond Mask - IDA.KOREA\",\"isPartOf\":{\"@id\":\"https:\/\/idakorea.ee\/#website\"},\"primaryImageOfPage\":{\"@id\":\"https:\/\/idakorea.ee\/product\/teemantpulbriga-naomask-medi-peel-rose-diamond-mask\/#primaryimage\"},\"image\":{\"@id\":\"https:\/\/idakorea.ee\/product\/teemantpulbriga-naomask-medi-peel-rose-diamond-mask\/#primaryimage\"},\"thumbnailUrl\":\"https:\/\/idakorea.ee\/wp-content\/uploads\/2024\/06\/2cdad056af6b5fc19ee0b6857ba25d96.jpg\",\"datePublished\":\"2024-06-22T12:43:12+00:00\",\"dateModified\":\"2026-03-27T10:02:18+00:00\",\"breadcrumb\":{\"@id\":\"https:\/\/idakorea.ee\/product\/teemantpulbriga-naomask-medi-peel-rose-diamond-mask\/#breadcrumb\"},\"inLanguage\":\"fi\",\"potentialAction\":[{\"@type\":\"ReadAction\",\"target\":[\"https:\/\/idakorea.ee\/product\/teemantpulbriga-naomask-medi-peel-rose-diamond-mask\/\"]}]},{\"@type\":\"ImageObject\",\"inLanguage\":\"fi\",\"@id\":\"https:\/\/idakorea.ee\/product\/teemantpulbriga-naomask-medi-peel-rose-diamond-mask\/#primaryimage\",\"url\":\"https:\/\/idakorea.ee\/wp-content\/uploads\/2024\/06\/2cdad056af6b5fc19ee0b6857ba25d96.jpg\",\"contentUrl\":\"https:\/\/idakorea.ee\/wp-content\/uploads\/2024\/06\/2cdad056af6b5fc19ee0b6857ba25d96.jpg\",\"width\":2000,\"height\":2000},{\"@type\":\"BreadcrumbList\",\"@id\":\"https:\/\/idakorea.ee\/product\/teemantpulbriga-naomask-medi-peel-rose-diamond-mask\/#breadcrumb\",\"itemListElement\":[{\"@type\":\"ListItem\",\"position\":1,\"name\":\"\u0413\u043b\u0430\u0432\u043d\u0430\u044f \u0441\u0442\u0440\u0430\u043d\u0438\u0446\u0430\",\"item\":\"https:\/\/idakorea.ee\/\"},{\"@type\":\"ListItem\",\"position\":2,\"name\":\"Shop\",\"item\":\"https:\/\/idakorea.ee\/shop-2\/\"},{\"@type\":\"ListItem\",\"position\":3,\"name\":\"Teemantpulbriga n\u00e4omask Medi-Peel Rose Diamond Mask\"}]},{\"@type\":\"WebSite\",\"@id\":\"https:\/\/idakorea.ee\/#website\",\"url\":\"https:\/\/idakorea.ee\/\",\"name\":\"IDA.KOREA\",\"description\":\"Korea kosmeetika e-pood\",\"publisher\":{\"@id\":\"https:\/\/idakorea.ee\/#organization\"},\"alternateName\":\"Beauty Shop\",\"potentialAction\":[{\"@type\":\"SearchAction\",\"target\":{\"@type\":\"EntryPoint\",\"urlTemplate\":\"https:\/\/idakorea.ee\/?s={search_term_string}\"},\"query-input\":{\"@type\":\"PropertyValueSpecification\",\"valueRequired\":true,\"valueName\":\"search_term_string\"}}],\"inLanguage\":\"fi\"},{\"@type\":\"Organization\",\"@id\":\"https:\/\/idakorea.ee\/#organization\",\"name\":\"IDA.KOREA\",\"url\":\"https:\/\/idakorea.ee\/\",\"logo\":{\"@type\":\"ImageObject\",\"inLanguage\":\"fi\",\"@id\":\"https:\/\/idakorea.ee\/#\/schema\/logo\/image\/\",\"url\":\"https:\/\/idakorea.ee\/wp-content\/uploads\/2024\/05\/cropped-korea3.png\",\"contentUrl\":\"https:\/\/idakorea.ee\/wp-content\/uploads\/2024\/05\/cropped-korea3.png\",\"width\":688,\"height\":126,\"caption\":\"IDA.KOREA\"},\"image\":{\"@id\":\"https:\/\/idakorea.ee\/#\/schema\/logo\/image\/\"},\"sameAs\":[\"https:\/\/www.instagram.com\/ida.korea\/\"]}]}<\/script>\n<!-- \/ Yoast SEO plugin. -->","yoast_head_json":{"title":"Timanttijauheinen kasvonaamio Medi-Peel Rose Diamond Mask - It\u00e4-Korea","robots":{"index":"index","follow":"follow","max-snippet":"max-snippet:-1","max-image-preview":"max-image-preview:large","max-video-preview":"max-video-preview:-1"},"canonical":"https:\/\/idakorea.ee\/fi\/product\/teemantpulbriga-naomask-medi-peel-rose-diamond-mask\/","og_locale":"fi_FI","og_type":"article","og_title":"Teemantpulbriga n\u00e4omask Medi-Peel Rose Diamond Mask - IDA.KOREA","og_description":"Medi-Peel Rose Diamond Mask on s\u00e4ra andev mask, mis sisaldab teemantipulbrit, mis k\u00f5rvaldab tuhmuse ja naha l\u00f5tvumise, parandab naha v\u00e4limust ja seisukorda. Tugevdab mikrotsirkulatsiooni ja kaitseb nahka negatiivsete v\u00e4lism\u00f5jude eest, nagu k\u00fclm, tuul, kuiv sise\u00f5hk ja UV-kiirgus. Mask toniseerib suurep\u00e4raselt, parandab naha elastsust, muudab selle pehmeks ja silub nahapinda. P\u00e4rast maski kasutamist muutub nahk m\u00e4rgatavalt...","og_url":"https:\/\/idakorea.ee\/fi\/product\/teemantpulbriga-naomask-medi-peel-rose-diamond-mask\/","og_site_name":"IDA.KOREA","article_modified_time":"2026-03-27T10:02:18+00:00","og_image":[{"width":2000,"height":2000,"url":"https:\/\/idakorea.ee\/wp-content\/uploads\/2024\/06\/2cdad056af6b5fc19ee0b6857ba25d96.jpg","type":"image\/jpeg"}],"twitter_card":"summary_large_image","twitter_misc":{"Arvioitu lukuaika":"2 minuuttia"},"schema":{"@context":"https:\/\/schema.org","@graph":[{"@type":"WebPage","@id":"https:\/\/idakorea.ee\/product\/teemantpulbriga-naomask-medi-peel-rose-diamond-mask\/","url":"https:\/\/idakorea.ee\/product\/teemantpulbriga-naomask-medi-peel-rose-diamond-mask\/","name":"Timanttijauheinen kasvonaamio Medi-Peel Rose Diamond Mask - It\u00e4-Korea","isPartOf":{"@id":"https:\/\/idakorea.ee\/#website"},"primaryImageOfPage":{"@id":"https:\/\/idakorea.ee\/product\/teemantpulbriga-naomask-medi-peel-rose-diamond-mask\/#primaryimage"},"image":{"@id":"https:\/\/idakorea.ee\/product\/teemantpulbriga-naomask-medi-peel-rose-diamond-mask\/#primaryimage"},"thumbnailUrl":"https:\/\/idakorea.ee\/wp-content\/uploads\/2024\/06\/2cdad056af6b5fc19ee0b6857ba25d96.jpg","datePublished":"2024-06-22T12:43:12+00:00","dateModified":"2026-03-27T10:02:18+00:00","breadcrumb":{"@id":"https:\/\/idakorea.ee\/product\/teemantpulbriga-naomask-medi-peel-rose-diamond-mask\/#breadcrumb"},"inLanguage":"fi","potentialAction":[{"@type":"ReadAction","target":["https:\/\/idakorea.ee\/product\/teemantpulbriga-naomask-medi-peel-rose-diamond-mask\/"]}]},{"@type":"ImageObject","inLanguage":"fi","@id":"https:\/\/idakorea.ee\/product\/teemantpulbriga-naomask-medi-peel-rose-diamond-mask\/#primaryimage","url":"https:\/\/idakorea.ee\/wp-content\/uploads\/2024\/06\/2cdad056af6b5fc19ee0b6857ba25d96.jpg","contentUrl":"https:\/\/idakorea.ee\/wp-content\/uploads\/2024\/06\/2cdad056af6b5fc19ee0b6857ba25d96.jpg","width":2000,"height":2000},{"@type":"BreadcrumbList","@id":"https:\/\/idakorea.ee\/product\/teemantpulbriga-naomask-medi-peel-rose-diamond-mask\/#breadcrumb","itemListElement":[{"@type":"ListItem","position":1,"name":"\u0413\u043b\u0430\u0432\u043d\u0430\u044f \u0441\u0442\u0440\u0430\u043d\u0438\u0446\u0430","item":"https:\/\/idakorea.ee\/"},{"@type":"ListItem","position":2,"name":"Shop","item":"https:\/\/idakorea.ee\/shop-2\/"},{"@type":"ListItem","position":3,"name":"Teemantpulbriga n\u00e4omask Medi-Peel Rose Diamond Mask"}]},{"@type":"WebSite","@id":"https:\/\/idakorea.ee\/#website","url":"https:\/\/idakorea.ee\/","name":"IDA.KOREA","description":"Korean kosmetiikan verkkokauppa","publisher":{"@id":"https:\/\/idakorea.ee\/#organization"},"alternateName":"Beauty Shop","potentialAction":[{"@type":"SearchAction","target":{"@type":"EntryPoint","urlTemplate":"https:\/\/idakorea.ee\/?s={search_term_string}"},"query-input":{"@type":"PropertyValueSpecification","valueRequired":true,"valueName":"search_term_string"}}],"inLanguage":"fi"},{"@type":"Organization","@id":"https:\/\/idakorea.ee\/#organization","name":"IDA.KOREA","url":"https:\/\/idakorea.ee\/","logo":{"@type":"ImageObject","inLanguage":"fi","@id":"https:\/\/idakorea.ee\/#\/schema\/logo\/image\/","url":"https:\/\/idakorea.ee\/wp-content\/uploads\/2024\/05\/cropped-korea3.png","contentUrl":"https:\/\/idakorea.ee\/wp-content\/uploads\/2024\/05\/cropped-korea3.png","width":688,"height":126,"caption":"IDA.KOREA"},"image":{"@id":"https:\/\/idakorea.ee\/#\/schema\/logo\/image\/"},"sameAs":["https:\/\/www.instagram.com\/ida.korea\/"]}]}},"jetpack_sharing_enabled":true,"brands":[{"id":107,"name":"MEDIPEEL+","slug":"medipeel"}],"_links":{"self":[{"href":"https:\/\/idakorea.ee\/fi\/wp-json\/wp\/v2\/product\/8765","targetHints":{"allow":["GET"]}}],"collection":[{"href":"https:\/\/idakorea.ee\/fi\/wp-json\/wp\/v2\/product"}],"about":[{"href":"https:\/\/idakorea.ee\/fi\/wp-json\/wp\/v2\/types\/product"}],"replies":[{"embeddable":true,"href":"https:\/\/idakorea.ee\/fi\/wp-json\/wp\/v2\/comments?post=8765"}],"version-history":[{"count":2,"href":"https:\/\/idakorea.ee\/fi\/wp-json\/wp\/v2\/product\/8765\/revisions"}],"predecessor-version":[{"id":11314,"href":"https:\/\/idakorea.ee\/fi\/wp-json\/wp\/v2\/product\/8765\/revisions\/11314"}],"wp:featuredmedia":[{"embeddable":true,"href":"https:\/\/idakorea.ee\/fi\/wp-json\/wp\/v2\/media\/8768"}],"wp:attachment":[{"href":"https:\/\/idakorea.ee\/fi\/wp-json\/wp\/v2\/media?parent=8765"}],"wp:term":[{"taxonomy":"pwb-brand","embeddable":true,"href":"https:\/\/idakorea.ee\/fi\/wp-json\/wp\/v2\/pwb-brand?post=8765"},{"taxonomy":"product_brand","embeddable":true,"href":"https:\/\/idakorea.ee\/fi\/wp-json\/wp\/v2\/product_brand?post=8765"},{"taxonomy":"product_cat","embeddable":true,"href":"https:\/\/idakorea.ee\/fi\/wp-json\/wp\/v2\/product_cat?post=8765"},{"taxonomy":"product_tag","embeddable":true,"href":"https:\/\/idakorea.ee\/fi\/wp-json\/wp\/v2\/product_tag?post=8765"}],"curies":[{"name":"wp","href":"https:\/\/api.w.org\/{rel}","templated":true}]}}