{"id":8775,"date":"2024-06-22T13:24:18","date_gmt":"2024-06-22T13:24:18","guid":{"rendered":"https:\/\/idakorea.ee\/?post_type=product&#038;p=8775"},"modified":"2026-04-13T20:27:23","modified_gmt":"2026-04-13T18:27:23","slug":"naomask-medi-peel-hyaluron-rose-energy-tox-mask","status":"publish","type":"product","link":"https:\/\/idakorea.ee\/fi\/product\/naomask-medi-peel-hyaluron-rose-energy-tox-mask\/","title":{"rendered":"Kasvonaamio Medi-Peel Hyaluron Hyaluron Rose Energy Tox Naamio"},"content":{"rendered":"<p><strong>Medi-Peel Hyaluron Rose Energy Tox -naamio<\/strong> on ihonhoitotuote, joka nuorentaa ja lis\u00e4\u00e4 ihon kimmoisuutta ja kirkkautta. Naamio on t\u00e4ynn\u00e4 tehokasta ruusun ja kollageenin sekoitusta, joka elvytt\u00e4\u00e4 ihoa tehden siit\u00e4 s\u00e4teilev\u00e4n ja elinvoimaisen.<\/p>\n<p>Innovatiivinen naamiokoostumus sis\u00e4lt\u00e4\u00e4 viitt\u00e4 erilaista ruusuuutetta, jotka on valittu niiden ihoa kirkastavan ja elvytt\u00e4v\u00e4n kyvyn perusteella. Se on erityisesti suunniteltu pehment\u00e4m\u00e4\u00e4n kuolleita ihosoluja, jolloin iho j\u00e4\u00e4 sile\u00e4ksi ja pehme\u00e4ksi.<\/p>\n<p>T\u00e4m\u00e4n tuotteen erottava ominaisuus on jokaisen naamion sis\u00e4lt\u00e4m\u00e4 runsas 30 ml:n ampulli. T\u00e4m\u00e4 ampulli toimittaa iholle v\u00e4kevi\u00e4 ravinteita ja kosteutta varmistaen syv\u00e4n ja pitk\u00e4kestoisen kosteutuksen.<\/p>\n<p>&nbsp;<\/p>\n<ul>\n<li><strong>Ruusuuutteet<\/strong>Viiden eri ruusulajin uutteet ovat runsaasti vitamiineja ja antioksidantteja. Ne tunnetaan kyvyst\u00e4\u00e4n kirkastaa ihoa, lis\u00e4t\u00e4 sen elinvoimaa ja rauhoittaa sit\u00e4.<\/li>\n<li><strong>Kollageeni:<\/strong> V\u00e4ltt\u00e4m\u00e4t\u00f6n proteiini, joka auttaa yll\u00e4pit\u00e4m\u00e4\u00e4n ihon kimmoisuutta ja pehmeytt\u00e4. Se t\u00e4ydent\u00e4\u00e4 ihon luonnollista kollageenitasoa ja v\u00e4hent\u00e4\u00e4 hienojen juonteiden n\u00e4kymist\u00e4.<\/li>\n<li><strong>Fruktaani:<\/strong> T\u00e4ll\u00e4 patentoidulla ainesosalla on huomattavia kosteuttavia ominaisuuksia. Se tukee ihon luonnollista suojamuuria ja lis\u00e4\u00e4 sen vastustuskyky\u00e4 ymp\u00e4rist\u00f6n stressitekij\u00f6it\u00e4 vastaan.<\/li>\n<li><strong>Peptidit:<\/strong> N\u00e4m\u00e4 yhdeks\u00e4st\u00e4 erityyppisest\u00e4 pienest\u00e4 proteiinista koostuvat proteiinit edist\u00e4v\u00e4t ihon kollageenin tuotantoa. Ne parantavat ihon kimmoisuutta, pehmeytt\u00e4 ja yleist\u00e4 kuntoa.<\/li>\n<li><strong>Hyaluronihappo:<\/strong> Naamio sis\u00e4lt\u00e4\u00e4 nelj\u00e4\u00e4 erityyppist\u00e4 hyaluronihappoa, ihon luonnollista ainetta, joka tunnetaan kyvyst\u00e4\u00e4n sitoa itseens\u00e4 jopa 1 000 kertaa oman painonsa verran kosteutta. Se elvytt\u00e4\u00e4 ihon ulkokerroksia tehden niist\u00e4 pehme\u00e4mm\u00e4t, sile\u00e4mm\u00e4t ja kosteutetut.<\/li>\n<li><strong>Luonnolliset kosteuttavat ainesosat:<\/strong> N\u00e4m\u00e4 luonnosta per\u00e4isin olevat ainesosat tarjoavat syv\u00e4kosteutusta ja auttavat yll\u00e4pit\u00e4m\u00e4\u00e4n ihon kosteutta ja terveytt\u00e4.<\/li>\n<\/ul>\n<p><strong>K\u00e4ytt\u00f6:<\/strong> Levit\u00e4 naamio aiemmin puhdistetulle ja kasvovedelle kasvoille tiiviisti ihoa vasten ja anna vaikuttaa 10\u201315 minuuttia. Poista naamio ja hiero j\u00e4ljelle j\u00e4\u00e4nyt voide ihoon, kunnes se on t\u00e4ysin imeytynyt.<\/p>\n<p>&nbsp;<\/p>","protected":false},"excerpt":{"rendered":"<p>Medi-Peel Hyaluron Rose Energy Tox Mask on ihonhoitotuote, joka nuorentaa ja lis\u00e4\u00e4 ihon kimmoisuutta ja kirkkautta. Naamion arkki on kyll\u00e4stetty tehokkaalla ruusun ja kollageenin sekoituksella, joka elvytt\u00e4\u00e4 ihoa tehden siit\u00e4 s\u00e4teilev\u00e4n ja elinvoimaisen. Naamion innovatiivinen koostumus sis\u00e4lt\u00e4\u00e4 viitt\u00e4 erilaista ruusuuutetta, jotka on valittu niiden kyvyn vuoksi kirkastaa ja elvytt\u00e4\u00e4 ihoa.....<\/p>","protected":false},"featured_media":8776,"comment_status":"open","ping_status":"closed","template":"","meta":{"_uf_show_specific_survey":0,"_uf_disable_surveys":false,"_bst_post_transparent":"default","_bst_post_title":"","_bst_post_layout":"default","_bst_post_sidebar_id":"","_bst_post_content_style":"default","_bst_post_vertical_padding":"default","_bst_post_feature":"","_bst_post_feature_position":"","_bst_post_header":false,"_bst_post_footer":false},"pwb-brand":[107],"product_brand":[],"product_cat":[92,98],"product_tag":[233,377,202,246,216,249,381],"class_list":{"0":"post-8775","1":"product","2":"type-product","3":"status-publish","4":"has-post-thumbnail","6":"pwb-brand-medipeel","7":"product_cat-nagu","8":"product_cat-naomaskid","9":"product_tag-internet-pood-eesti","10":"product_tag-k-beauty-2","11":"product_tag-korea-kosmeetika","12":"product_tag-korea-naomaskid","13":"product_tag-kuiv-nahk","14":"product_tag-medi-peel","15":"product_tag-medipeel","17":"first","18":"instock","19":"sale","20":"shipping-taxable","21":"purchasable","22":"product-type-simple","23":"entry","24":"content-bg","25":"loop-entry"},"supplier_id":null,"supplier_sku":"","barcode":null,"atum_controlled":true,"out_stock_date":null,"out_stock_threshold":null,"inheritable":false,"inbound_stock":0,"stock_on_hold":1,"sold_today":0,"sales_last_days":2,"out_stock_days":0,"lost_sales":0,"has_location":false,"update_date":"2026-04-14T00:05:14","atum_locations":[],"atum_stock_status":"instock","restock_status":false,"low_stock_amount":"","sales_update_date":"2026-04-14T00:05:14","calc_backorders":null,"yoast_head":"<!-- This site is optimized with the Yoast SEO plugin v27.2 - https:\/\/yoast.com\/product\/yoast-seo-wordpress\/ -->\n<title>N\u00e4omask Medi-Peel Hyaluron Rose Energy Tox Mask - IDA.KOREA<\/title>\n<meta name=\"description\" content=\"Maski leht on k\u00fcllastatud v\u00f5imsa roosi ja kollageeni seguga, mis elavdab nahka, muutes selle s\u00e4ravaks ja elavaks. Kiire tarne!\" \/>\n<meta name=\"robots\" content=\"index, follow, max-snippet:-1, max-image-preview:large, max-video-preview:-1\" \/>\n<link rel=\"canonical\" href=\"https:\/\/idakorea.ee\/fi\/product\/naomask-medi-peel-hyaluron-rose-energy-tox-mask\/\" \/>\n<meta property=\"og:locale\" content=\"fi_FI\" \/>\n<meta property=\"og:type\" content=\"article\" \/>\n<meta property=\"og:title\" content=\"N\u00e4omask Medi-Peel Hyaluron Rose Energy Tox Mask - IDA.KOREA\" \/>\n<meta property=\"og:description\" content=\"Maski leht on k\u00fcllastatud v\u00f5imsa roosi ja kollageeni seguga, mis elavdab nahka, muutes selle s\u00e4ravaks ja elavaks. Kiire tarne!\" \/>\n<meta property=\"og:url\" content=\"https:\/\/idakorea.ee\/fi\/product\/naomask-medi-peel-hyaluron-rose-energy-tox-mask\/\" \/>\n<meta property=\"og:site_name\" content=\"IDA.KOREA\" \/>\n<meta property=\"article:modified_time\" content=\"2026-04-13T18:27:23+00:00\" \/>\n<meta property=\"og:image\" content=\"https:\/\/idakorea.ee\/wp-content\/uploads\/2024\/06\/1_fzra-vd.webp\" \/>\n\t<meta property=\"og:image:width\" content=\"1000\" \/>\n\t<meta property=\"og:image:height\" content=\"1000\" \/>\n\t<meta property=\"og:image:type\" content=\"image\/webp\" \/>\n<meta name=\"twitter:card\" content=\"summary_large_image\" \/>\n<meta name=\"twitter:label1\" content=\"Arvioitu lukuaika\" \/>\n\t<meta name=\"twitter:data1\" content=\"2 minuuttia\" \/>\n<script type=\"application\/ld+json\" class=\"yoast-schema-graph\">{\"@context\":\"https:\/\/schema.org\",\"@graph\":[{\"@type\":\"WebPage\",\"@id\":\"https:\/\/idakorea.ee\/product\/naomask-medi-peel-hyaluron-rose-energy-tox-mask\/\",\"url\":\"https:\/\/idakorea.ee\/product\/naomask-medi-peel-hyaluron-rose-energy-tox-mask\/\",\"name\":\"N\u00e4omask Medi-Peel Hyaluron Rose Energy Tox Mask - IDA.KOREA\",\"isPartOf\":{\"@id\":\"https:\/\/idakorea.ee\/#website\"},\"primaryImageOfPage\":{\"@id\":\"https:\/\/idakorea.ee\/product\/naomask-medi-peel-hyaluron-rose-energy-tox-mask\/#primaryimage\"},\"image\":{\"@id\":\"https:\/\/idakorea.ee\/product\/naomask-medi-peel-hyaluron-rose-energy-tox-mask\/#primaryimage\"},\"thumbnailUrl\":\"https:\/\/idakorea.ee\/wp-content\/uploads\/2024\/06\/1_fzra-vd.webp\",\"datePublished\":\"2024-06-22T13:24:18+00:00\",\"dateModified\":\"2026-04-13T18:27:23+00:00\",\"description\":\"Maski leht on k\u00fcllastatud v\u00f5imsa roosi ja kollageeni seguga, mis elavdab nahka, muutes selle s\u00e4ravaks ja elavaks. Kiire tarne!\",\"breadcrumb\":{\"@id\":\"https:\/\/idakorea.ee\/product\/naomask-medi-peel-hyaluron-rose-energy-tox-mask\/#breadcrumb\"},\"inLanguage\":\"fi\",\"potentialAction\":[{\"@type\":\"ReadAction\",\"target\":[\"https:\/\/idakorea.ee\/product\/naomask-medi-peel-hyaluron-rose-energy-tox-mask\/\"]}]},{\"@type\":\"ImageObject\",\"inLanguage\":\"fi\",\"@id\":\"https:\/\/idakorea.ee\/product\/naomask-medi-peel-hyaluron-rose-energy-tox-mask\/#primaryimage\",\"url\":\"https:\/\/idakorea.ee\/wp-content\/uploads\/2024\/06\/1_fzra-vd.webp\",\"contentUrl\":\"https:\/\/idakorea.ee\/wp-content\/uploads\/2024\/06\/1_fzra-vd.webp\",\"width\":1000,\"height\":1000},{\"@type\":\"BreadcrumbList\",\"@id\":\"https:\/\/idakorea.ee\/product\/naomask-medi-peel-hyaluron-rose-energy-tox-mask\/#breadcrumb\",\"itemListElement\":[{\"@type\":\"ListItem\",\"position\":1,\"name\":\"\u0413\u043b\u0430\u0432\u043d\u0430\u044f \u0441\u0442\u0440\u0430\u043d\u0438\u0446\u0430\",\"item\":\"https:\/\/idakorea.ee\/\"},{\"@type\":\"ListItem\",\"position\":2,\"name\":\"Shop\",\"item\":\"https:\/\/idakorea.ee\/shop-2\/\"},{\"@type\":\"ListItem\",\"position\":3,\"name\":\"N\u00e4omask Medi-Peel Hyaluron Rose Energy Tox Mask\"}]},{\"@type\":\"WebSite\",\"@id\":\"https:\/\/idakorea.ee\/#website\",\"url\":\"https:\/\/idakorea.ee\/\",\"name\":\"IDA.KOREA\",\"description\":\"Korea kosmeetika e-pood\",\"publisher\":{\"@id\":\"https:\/\/idakorea.ee\/#organization\"},\"alternateName\":\"Beauty Shop\",\"potentialAction\":[{\"@type\":\"SearchAction\",\"target\":{\"@type\":\"EntryPoint\",\"urlTemplate\":\"https:\/\/idakorea.ee\/?s={search_term_string}\"},\"query-input\":{\"@type\":\"PropertyValueSpecification\",\"valueRequired\":true,\"valueName\":\"search_term_string\"}}],\"inLanguage\":\"fi\"},{\"@type\":\"Organization\",\"@id\":\"https:\/\/idakorea.ee\/#organization\",\"name\":\"IDA.KOREA\",\"url\":\"https:\/\/idakorea.ee\/\",\"logo\":{\"@type\":\"ImageObject\",\"inLanguage\":\"fi\",\"@id\":\"https:\/\/idakorea.ee\/#\/schema\/logo\/image\/\",\"url\":\"https:\/\/idakorea.ee\/wp-content\/uploads\/2024\/05\/cropped-korea3.png\",\"contentUrl\":\"https:\/\/idakorea.ee\/wp-content\/uploads\/2024\/05\/cropped-korea3.png\",\"width\":688,\"height\":126,\"caption\":\"IDA.KOREA\"},\"image\":{\"@id\":\"https:\/\/idakorea.ee\/#\/schema\/logo\/image\/\"},\"sameAs\":[\"https:\/\/www.instagram.com\/ida.korea\/\"]}]}<\/script>\n<!-- \/ Yoast SEO plugin. -->","yoast_head_json":{"title":"Medi-Peel Hyaluron Rose Energy Tox -naamio - It\u00e4-Korea","description":"Naamio on t\u00e4ynn\u00e4 tehokasta ruusun ja kollageenin sekoitusta, joka elvytt\u00e4\u00e4 ihoa tehden siit\u00e4 s\u00e4teilev\u00e4n ja elinvoimaisen. Nopea toimitus!","robots":{"index":"index","follow":"follow","max-snippet":"max-snippet:-1","max-image-preview":"max-image-preview:large","max-video-preview":"max-video-preview:-1"},"canonical":"https:\/\/idakorea.ee\/fi\/product\/naomask-medi-peel-hyaluron-rose-energy-tox-mask\/","og_locale":"fi_FI","og_type":"article","og_title":"N\u00e4omask Medi-Peel Hyaluron Rose Energy Tox Mask - IDA.KOREA","og_description":"Maski leht on k\u00fcllastatud v\u00f5imsa roosi ja kollageeni seguga, mis elavdab nahka, muutes selle s\u00e4ravaks ja elavaks. Kiire tarne!","og_url":"https:\/\/idakorea.ee\/fi\/product\/naomask-medi-peel-hyaluron-rose-energy-tox-mask\/","og_site_name":"IDA.KOREA","article_modified_time":"2026-04-13T18:27:23+00:00","og_image":[{"width":1000,"height":1000,"url":"https:\/\/idakorea.ee\/wp-content\/uploads\/2024\/06\/1_fzra-vd.webp","type":"image\/webp"}],"twitter_card":"summary_large_image","twitter_misc":{"Arvioitu lukuaika":"2 minuuttia"},"schema":{"@context":"https:\/\/schema.org","@graph":[{"@type":"WebPage","@id":"https:\/\/idakorea.ee\/product\/naomask-medi-peel-hyaluron-rose-energy-tox-mask\/","url":"https:\/\/idakorea.ee\/product\/naomask-medi-peel-hyaluron-rose-energy-tox-mask\/","name":"Medi-Peel Hyaluron Rose Energy Tox -naamio - It\u00e4-Korea","isPartOf":{"@id":"https:\/\/idakorea.ee\/#website"},"primaryImageOfPage":{"@id":"https:\/\/idakorea.ee\/product\/naomask-medi-peel-hyaluron-rose-energy-tox-mask\/#primaryimage"},"image":{"@id":"https:\/\/idakorea.ee\/product\/naomask-medi-peel-hyaluron-rose-energy-tox-mask\/#primaryimage"},"thumbnailUrl":"https:\/\/idakorea.ee\/wp-content\/uploads\/2024\/06\/1_fzra-vd.webp","datePublished":"2024-06-22T13:24:18+00:00","dateModified":"2026-04-13T18:27:23+00:00","description":"Naamio on t\u00e4ynn\u00e4 tehokasta ruusun ja kollageenin sekoitusta, joka elvytt\u00e4\u00e4 ihoa tehden siit\u00e4 s\u00e4teilev\u00e4n ja elinvoimaisen. Nopea toimitus!","breadcrumb":{"@id":"https:\/\/idakorea.ee\/product\/naomask-medi-peel-hyaluron-rose-energy-tox-mask\/#breadcrumb"},"inLanguage":"fi","potentialAction":[{"@type":"ReadAction","target":["https:\/\/idakorea.ee\/product\/naomask-medi-peel-hyaluron-rose-energy-tox-mask\/"]}]},{"@type":"ImageObject","inLanguage":"fi","@id":"https:\/\/idakorea.ee\/product\/naomask-medi-peel-hyaluron-rose-energy-tox-mask\/#primaryimage","url":"https:\/\/idakorea.ee\/wp-content\/uploads\/2024\/06\/1_fzra-vd.webp","contentUrl":"https:\/\/idakorea.ee\/wp-content\/uploads\/2024\/06\/1_fzra-vd.webp","width":1000,"height":1000},{"@type":"BreadcrumbList","@id":"https:\/\/idakorea.ee\/product\/naomask-medi-peel-hyaluron-rose-energy-tox-mask\/#breadcrumb","itemListElement":[{"@type":"ListItem","position":1,"name":"\u0413\u043b\u0430\u0432\u043d\u0430\u044f \u0441\u0442\u0440\u0430\u043d\u0438\u0446\u0430","item":"https:\/\/idakorea.ee\/"},{"@type":"ListItem","position":2,"name":"Shop","item":"https:\/\/idakorea.ee\/shop-2\/"},{"@type":"ListItem","position":3,"name":"N\u00e4omask Medi-Peel Hyaluron Rose Energy Tox Mask"}]},{"@type":"WebSite","@id":"https:\/\/idakorea.ee\/#website","url":"https:\/\/idakorea.ee\/","name":"IDA.KOREA","description":"Korean kosmetiikan verkkokauppa","publisher":{"@id":"https:\/\/idakorea.ee\/#organization"},"alternateName":"Beauty Shop","potentialAction":[{"@type":"SearchAction","target":{"@type":"EntryPoint","urlTemplate":"https:\/\/idakorea.ee\/?s={search_term_string}"},"query-input":{"@type":"PropertyValueSpecification","valueRequired":true,"valueName":"search_term_string"}}],"inLanguage":"fi"},{"@type":"Organization","@id":"https:\/\/idakorea.ee\/#organization","name":"IDA.KOREA","url":"https:\/\/idakorea.ee\/","logo":{"@type":"ImageObject","inLanguage":"fi","@id":"https:\/\/idakorea.ee\/#\/schema\/logo\/image\/","url":"https:\/\/idakorea.ee\/wp-content\/uploads\/2024\/05\/cropped-korea3.png","contentUrl":"https:\/\/idakorea.ee\/wp-content\/uploads\/2024\/05\/cropped-korea3.png","width":688,"height":126,"caption":"IDA.KOREA"},"image":{"@id":"https:\/\/idakorea.ee\/#\/schema\/logo\/image\/"},"sameAs":["https:\/\/www.instagram.com\/ida.korea\/"]}]}},"jetpack_sharing_enabled":true,"brands":[{"id":107,"name":"MEDIPEEL+","slug":"medipeel"}],"_links":{"self":[{"href":"https:\/\/idakorea.ee\/fi\/wp-json\/wp\/v2\/product\/8775","targetHints":{"allow":["GET"]}}],"collection":[{"href":"https:\/\/idakorea.ee\/fi\/wp-json\/wp\/v2\/product"}],"about":[{"href":"https:\/\/idakorea.ee\/fi\/wp-json\/wp\/v2\/types\/product"}],"replies":[{"embeddable":true,"href":"https:\/\/idakorea.ee\/fi\/wp-json\/wp\/v2\/comments?post=8775"}],"version-history":[{"count":1,"href":"https:\/\/idakorea.ee\/fi\/wp-json\/wp\/v2\/product\/8775\/revisions"}],"predecessor-version":[{"id":9636,"href":"https:\/\/idakorea.ee\/fi\/wp-json\/wp\/v2\/product\/8775\/revisions\/9636"}],"wp:featuredmedia":[{"embeddable":true,"href":"https:\/\/idakorea.ee\/fi\/wp-json\/wp\/v2\/media\/8776"}],"wp:attachment":[{"href":"https:\/\/idakorea.ee\/fi\/wp-json\/wp\/v2\/media?parent=8775"}],"wp:term":[{"taxonomy":"pwb-brand","embeddable":true,"href":"https:\/\/idakorea.ee\/fi\/wp-json\/wp\/v2\/pwb-brand?post=8775"},{"taxonomy":"product_brand","embeddable":true,"href":"https:\/\/idakorea.ee\/fi\/wp-json\/wp\/v2\/product_brand?post=8775"},{"taxonomy":"product_cat","embeddable":true,"href":"https:\/\/idakorea.ee\/fi\/wp-json\/wp\/v2\/product_cat?post=8775"},{"taxonomy":"product_tag","embeddable":true,"href":"https:\/\/idakorea.ee\/fi\/wp-json\/wp\/v2\/product_tag?post=8775"}],"curies":[{"name":"wp","href":"https:\/\/api.w.org\/{rel}","templated":true}]}}