{"id":8810,"date":"2024-06-26T10:58:28","date_gmt":"2024-06-26T10:58:28","guid":{"rendered":"https:\/\/idakorea.ee\/?post_type=product&#038;p=8810"},"modified":"2026-02-18T22:09:58","modified_gmt":"2026-02-18T20:09:58","slug":"skin1004-probio-cica-bakuchiol-eye-cream","status":"publish","type":"product","link":"https:\/\/idakorea.ee\/fi\/product\/skin1004-probio-cica-bakuchiol-eye-cream\/","title":{"rendered":"Hierontavoide silmille bakuchiolilla SKIN1004 Probio-Cica Bakuchiol -silm\u00e4nymp\u00e4rysvoide, 20ml"},"content":{"rendered":"<p>Kiinteytt\u00e4v\u00e4 hierontavoide silm\u00e4nymp\u00e4rysiholle bakuchiolilla <strong>SKIN1004 Probio-Cica Bakuchiol Eye Cream<\/strong> Kiinteytt\u00e4\u00e4 voimakkaasti, palauttaa lipidikerroksen eheyden, palauttaa kosteuden ja kosteuttaa tehokkaasti. Auttaa tasoittamaan hienoja ilmeryppyj\u00e4 ja v\u00e4hent\u00e4m\u00e4\u00e4n niiden syvyytt\u00e4.<\/p>\n<p>Voiteessa on erityinen applikaattori, jonka avulla tuotetta on helppo levitt\u00e4\u00e4 iholle vahingoittamatta tai venytt\u00e4m\u00e4tt\u00e4 sit\u00e4. Se parantaa aktiiviaineiden imeytymist\u00e4 ja tehostaa niiden vaikutusta herk\u00e4lle silm\u00e4nymp\u00e4rysiholle.<\/p>\n<p>T\u00e4ydellinen ensimm\u00e4isten ik\u00e4\u00e4ntymisen merkkien torjuntaan, v\u00e4hent\u00e4\u00e4 ryppyjen n\u00e4kymist\u00e4 ja vahvistaa ihon kimmoisuutta. Normalisoi optimaalisen hydrolipiditasapainon ja tukee tervett\u00e4 mikrobiomia. Rauhoittaa \u00e4rtynytt\u00e4 ihoa, lievitt\u00e4\u00e4 \u00e4rsytyst\u00e4 ja punoitusta. Vahvistaa verisuonia ja v\u00e4hent\u00e4\u00e4 turvotusta.<\/p>\n<p><strong>T\u00e4rkeimm\u00e4t vaikuttavat aineet:<\/strong><\/p>\n<ul>\n<li>TECA-kompleksi (asiatikosidi, madekassiinihappo, aasialainen happo, madekassosidi) ehk\u00e4isee tulehdusta ja edist\u00e4\u00e4 haavan paranemista, edist\u00e4\u00e4 ihon suojamuuritoimintojen palautumista ja kosteuden s\u00e4ilymist\u00e4, v\u00e4hent\u00e4\u00e4 herkkyytt\u00e4 ja turvotusta, vahvistaa verisuonia ja v\u00e4hent\u00e4\u00e4 ruusufinni\u00e4.<\/li>\n<li>Lactobacilli fermentointi saarelta Cedar on anti-inflammatorisia ominaisuuksia, palauttaa epidermisen toimintoja. Lievitt\u00e4\u00e4 tulehduksellisten ihosairauksien oireita, v\u00e4hent\u00e4\u00e4 ihon herkkyytt\u00e4 ja tukee ihon kimmoisuutta, sileytt\u00e4 ja kiinteytt\u00e4.<\/li>\n<li>Bakuchiol on kasviper\u00e4inen retinolin analogi, joka sopii jopa herk\u00e4lle iholle. Bakuchiolilla on monimutkainen ik\u00e4\u00e4ntymist\u00e4 ehk\u00e4isev\u00e4 vaikutus, joka kiinteytt\u00e4\u00e4 ja silottaa ihon mikropiirteit\u00e4 ja stabiloi retinyylipalmitaattia, mik\u00e4 lis\u00e4\u00e4 koostumuksen tehoa.<\/li>\n<li>Argireliini on peptidi, jolla on Botox-tyyppinen vaikutus, joka rentouttaa kasvolihaksia ja ehk\u00e4isee j\u00e4ljittelem\u00e4tt\u00f6mien ryppyjen ja ihopoimujen muodostumista.<\/li>\n<li>Kaakaopapujen uutteella on tonisoiva ja turvotusta ehk\u00e4isev\u00e4 vaikutus. Sill\u00e4 on antioksidanttisia ominaisuuksia, ja se nopeuttaa ihon paranemista ja uudistumista.<\/li>\n<li>Sheavoi ravitsee tehokkaasti, parantaa ihon rakennetta, pehment\u00e4\u00e4, hidastaa ik\u00e4\u00e4ntymisen merkkej\u00e4 ja poistaa hilseily\u00e4 ja kuivuutta.<\/li>\n<li>Adenosiini on tehokas ik\u00e4\u00e4ntymist\u00e4 ehk\u00e4isev\u00e4 vaikuttava aine, joka stimuloi kollageenin tuotantoa, lis\u00e4\u00e4 ihon kimmoisuutta ja tiheytt\u00e4, kiinteytt\u00e4\u00e4 ja silottaa ihoa sek\u00e4 hidastaa ik\u00e4\u00e4ntymisprosessia.<\/li>\n<li>Kaksi hyaluronihappotyyppi\u00e4 auttavat s\u00e4ilytt\u00e4m\u00e4\u00e4n kosteutta, lis\u00e4\u00e4v\u00e4t kosteustasoja ja luovat suojaavan kerroksen. Iho t\u00e4ytel\u00e4istyy sis\u00e4lt\u00e4p\u00e4in, siloittuu ja muuttuu raikkaammaksi ja nuorekkaammaksi.<\/li>\n<\/ul>\n<p>Sopii kaikille ihotyypeille.<\/p>\n<p><strong>K\u00e4ytt\u00f6opas:<\/strong> Levit\u00e4 tarvittava m\u00e4\u00e4r\u00e4 voidetta iholle erityisell\u00e4 applikaattorilla ja hiero kevyesti.<\/p>","protected":false},"excerpt":{"rendered":"<p>Vahvistava hierova silm\u00e4nymp\u00e4rysvoide Bakuchiolilla SKIN1004 Probio-Cica Bakuchiol -silm\u00e4nymp\u00e4rysvoiteella on voimakas tiivistysvaikutus, se palauttaa lipidikerroksen eheyden, palauttaa kosteuden ja kosteuttaa intensiivisesti. Auttaa silottamaan juonteita ja v\u00e4hent\u00e4m\u00e4\u00e4n juonteiden syvyytt\u00e4. Voiteessa on erityinen applikaattori, jonka avulla tuote on helppo levitt\u00e4\u00e4 iholle vahingoittamatta tai venytt\u00e4m\u00e4tt\u00e4 sit\u00e4. Parantaa aktiivisten ainesosien imeytymist\u00e4 ja tehostaa niiden vaikutusta silm\u00e4nymp\u00e4rysihon herkk\u00e4\u00e4n ihoon. Sopii...<\/p>","protected":false},"featured_media":8811,"comment_status":"open","ping_status":"closed","template":"","meta":{"_uf_show_specific_survey":0,"_uf_disable_surveys":false,"_bst_post_transparent":"default","_bst_post_title":"","_bst_post_layout":"default","_bst_post_sidebar_id":"","_bst_post_content_style":"default","_bst_post_vertical_padding":"default","_bst_post_feature":"","_bst_post_feature_position":"","_bst_post_header":false,"_bst_post_footer":false},"pwb-brand":[186],"product_brand":[],"product_cat":[99,201],"product_tag":[233,377,202,247,441],"class_list":{"0":"post-8810","1":"product","2":"type-product","3":"status-publish","4":"has-post-thumbnail","6":"pwb-brand-skin1004","7":"product_cat-silmad-ja-huuled-2","8":"product_cat-silmakreem","9":"product_tag-internet-pood-eesti","10":"product_tag-k-beauty-2","11":"product_tag-korea-kosmeetika","12":"product_tag-korea-silmakreem","13":"product_tag-skin1004","15":"first","16":"instock","17":"sale","18":"shipping-taxable","19":"purchasable","20":"product-type-simple","21":"entry","22":"content-bg","23":"loop-entry"},"supplier_id":null,"supplier_sku":"","barcode":null,"atum_controlled":true,"out_stock_date":null,"out_stock_threshold":null,"inheritable":false,"inbound_stock":0,"stock_on_hold":0,"sold_today":0,"sales_last_days":0,"out_stock_days":0,"lost_sales":0,"has_location":false,"update_date":"2026-04-15T00:05:15","atum_locations":[],"atum_stock_status":"instock","restock_status":false,"low_stock_amount":"","sales_update_date":"2026-04-15T00:05:15","calc_backorders":null,"yoast_head":"<!-- This site is optimized with the Yoast SEO plugin v27.2 - https:\/\/yoast.com\/product\/yoast-seo-wordpress\/ -->\n<title>SKIN1004 Probio-Cica Bakuchiol Eye Cream - IDA.KOREA<\/title>\n<meta name=\"description\" content=\"Tugevdav massaa\u017eikreem silmadele bakuchiooliga SKIN1004 Probio-Cica Bakuchiol Eye Cream avaldab tugevat tihendavat toimet, taastab lipiidkihi terviklikkuse.\" \/>\n<meta name=\"robots\" content=\"index, follow, max-snippet:-1, max-image-preview:large, max-video-preview:-1\" \/>\n<link rel=\"canonical\" href=\"https:\/\/idakorea.ee\/fi\/product\/skin1004-probio-cica-bakuchiol-eye-cream\/\" \/>\n<meta property=\"og:locale\" content=\"fi_FI\" \/>\n<meta property=\"og:type\" content=\"article\" \/>\n<meta property=\"og:title\" content=\"SKIN1004 Probio-Cica Bakuchiol Eye Cream - IDA.KOREA\" \/>\n<meta property=\"og:description\" content=\"Tugevdav massaa\u017eikreem silmadele bakuchiooliga SKIN1004 Probio-Cica Bakuchiol Eye Cream avaldab tugevat tihendavat toimet, taastab lipiidkihi terviklikkuse.\" \/>\n<meta property=\"og:url\" content=\"https:\/\/idakorea.ee\/fi\/product\/skin1004-probio-cica-bakuchiol-eye-cream\/\" \/>\n<meta property=\"og:site_name\" content=\"IDA.KOREA\" \/>\n<meta property=\"article:modified_time\" content=\"2026-02-18T20:09:58+00:00\" \/>\n<meta property=\"og:image\" content=\"https:\/\/idakorea.ee\/wp-content\/uploads\/2024\/06\/hl.jpg\" \/>\n\t<meta property=\"og:image:width\" content=\"450\" \/>\n\t<meta property=\"og:image:height\" content=\"502\" \/>\n\t<meta property=\"og:image:type\" content=\"image\/jpeg\" \/>\n<meta name=\"twitter:card\" content=\"summary_large_image\" \/>\n<meta name=\"twitter:label1\" content=\"Arvioitu lukuaika\" \/>\n\t<meta name=\"twitter:data1\" content=\"2 minuuttia\" \/>\n<script type=\"application\/ld+json\" class=\"yoast-schema-graph\">{\"@context\":\"https:\/\/schema.org\",\"@graph\":[{\"@type\":\"WebPage\",\"@id\":\"https:\/\/idakorea.ee\/product\/skin1004-probio-cica-bakuchiol-eye-cream\/\",\"url\":\"https:\/\/idakorea.ee\/product\/skin1004-probio-cica-bakuchiol-eye-cream\/\",\"name\":\"SKIN1004 Probio-Cica Bakuchiol Eye Cream - IDA.KOREA\",\"isPartOf\":{\"@id\":\"https:\/\/idakorea.ee\/#website\"},\"primaryImageOfPage\":{\"@id\":\"https:\/\/idakorea.ee\/product\/skin1004-probio-cica-bakuchiol-eye-cream\/#primaryimage\"},\"image\":{\"@id\":\"https:\/\/idakorea.ee\/product\/skin1004-probio-cica-bakuchiol-eye-cream\/#primaryimage\"},\"thumbnailUrl\":\"https:\/\/idakorea.ee\/wp-content\/uploads\/2024\/06\/hl.jpg\",\"datePublished\":\"2024-06-26T10:58:28+00:00\",\"dateModified\":\"2026-02-18T20:09:58+00:00\",\"description\":\"Tugevdav massaa\u017eikreem silmadele bakuchiooliga SKIN1004 Probio-Cica Bakuchiol Eye Cream avaldab tugevat tihendavat toimet, taastab lipiidkihi terviklikkuse.\",\"breadcrumb\":{\"@id\":\"https:\/\/idakorea.ee\/product\/skin1004-probio-cica-bakuchiol-eye-cream\/#breadcrumb\"},\"inLanguage\":\"fi\",\"potentialAction\":[{\"@type\":\"ReadAction\",\"target\":[\"https:\/\/idakorea.ee\/product\/skin1004-probio-cica-bakuchiol-eye-cream\/\"]}]},{\"@type\":\"ImageObject\",\"inLanguage\":\"fi\",\"@id\":\"https:\/\/idakorea.ee\/product\/skin1004-probio-cica-bakuchiol-eye-cream\/#primaryimage\",\"url\":\"https:\/\/idakorea.ee\/wp-content\/uploads\/2024\/06\/hl.jpg\",\"contentUrl\":\"https:\/\/idakorea.ee\/wp-content\/uploads\/2024\/06\/hl.jpg\",\"width\":450,\"height\":502},{\"@type\":\"BreadcrumbList\",\"@id\":\"https:\/\/idakorea.ee\/product\/skin1004-probio-cica-bakuchiol-eye-cream\/#breadcrumb\",\"itemListElement\":[{\"@type\":\"ListItem\",\"position\":1,\"name\":\"\u0413\u043b\u0430\u0432\u043d\u0430\u044f \u0441\u0442\u0440\u0430\u043d\u0438\u0446\u0430\",\"item\":\"https:\/\/idakorea.ee\/\"},{\"@type\":\"ListItem\",\"position\":2,\"name\":\"Shop\",\"item\":\"https:\/\/idakorea.ee\/shop-2\/\"},{\"@type\":\"ListItem\",\"position\":3,\"name\":\"Massaa\u017eikreem silmadele bakuchiooliga SKIN1004 Probio-Cica Bakuchiol Eye Cream, 20ml\"}]},{\"@type\":\"WebSite\",\"@id\":\"https:\/\/idakorea.ee\/#website\",\"url\":\"https:\/\/idakorea.ee\/\",\"name\":\"IDA.KOREA\",\"description\":\"Korea kosmeetika e-pood\",\"publisher\":{\"@id\":\"https:\/\/idakorea.ee\/#organization\"},\"alternateName\":\"Beauty Shop\",\"potentialAction\":[{\"@type\":\"SearchAction\",\"target\":{\"@type\":\"EntryPoint\",\"urlTemplate\":\"https:\/\/idakorea.ee\/?s={search_term_string}\"},\"query-input\":{\"@type\":\"PropertyValueSpecification\",\"valueRequired\":true,\"valueName\":\"search_term_string\"}}],\"inLanguage\":\"fi\"},{\"@type\":\"Organization\",\"@id\":\"https:\/\/idakorea.ee\/#organization\",\"name\":\"IDA.KOREA\",\"url\":\"https:\/\/idakorea.ee\/\",\"logo\":{\"@type\":\"ImageObject\",\"inLanguage\":\"fi\",\"@id\":\"https:\/\/idakorea.ee\/#\/schema\/logo\/image\/\",\"url\":\"https:\/\/idakorea.ee\/wp-content\/uploads\/2024\/05\/cropped-korea3.png\",\"contentUrl\":\"https:\/\/idakorea.ee\/wp-content\/uploads\/2024\/05\/cropped-korea3.png\",\"width\":688,\"height\":126,\"caption\":\"IDA.KOREA\"},\"image\":{\"@id\":\"https:\/\/idakorea.ee\/#\/schema\/logo\/image\/\"},\"sameAs\":[\"https:\/\/www.instagram.com\/ida.korea\/\"]}]}<\/script>\n<!-- \/ Yoast SEO plugin. -->","yoast_head_json":{"title":"SKIN1004 Probio-Cica Bakuchiol Eye Cream - IDA.KOREA","description":"Vahvistava hierontavoide silmille bakuchiol SKIN1004 Probio-Cica Bakuchiol -silm\u00e4nymp\u00e4rysvoiteella on voimakas kiinteytt\u00e4v\u00e4 vaikutus ja se palauttaa lipidikerroksen eheyden.","robots":{"index":"index","follow":"follow","max-snippet":"max-snippet:-1","max-image-preview":"max-image-preview:large","max-video-preview":"max-video-preview:-1"},"canonical":"https:\/\/idakorea.ee\/fi\/product\/skin1004-probio-cica-bakuchiol-eye-cream\/","og_locale":"fi_FI","og_type":"article","og_title":"SKIN1004 Probio-Cica Bakuchiol Eye Cream - IDA.KOREA","og_description":"Tugevdav massaa\u017eikreem silmadele bakuchiooliga SKIN1004 Probio-Cica Bakuchiol Eye Cream avaldab tugevat tihendavat toimet, taastab lipiidkihi terviklikkuse.","og_url":"https:\/\/idakorea.ee\/fi\/product\/skin1004-probio-cica-bakuchiol-eye-cream\/","og_site_name":"IDA.KOREA","article_modified_time":"2026-02-18T20:09:58+00:00","og_image":[{"width":450,"height":502,"url":"https:\/\/idakorea.ee\/wp-content\/uploads\/2024\/06\/hl.jpg","type":"image\/jpeg"}],"twitter_card":"summary_large_image","twitter_misc":{"Arvioitu lukuaika":"2 minuuttia"},"schema":{"@context":"https:\/\/schema.org","@graph":[{"@type":"WebPage","@id":"https:\/\/idakorea.ee\/product\/skin1004-probio-cica-bakuchiol-eye-cream\/","url":"https:\/\/idakorea.ee\/product\/skin1004-probio-cica-bakuchiol-eye-cream\/","name":"SKIN1004 Probio-Cica Bakuchiol Eye Cream - IDA.KOREA","isPartOf":{"@id":"https:\/\/idakorea.ee\/#website"},"primaryImageOfPage":{"@id":"https:\/\/idakorea.ee\/product\/skin1004-probio-cica-bakuchiol-eye-cream\/#primaryimage"},"image":{"@id":"https:\/\/idakorea.ee\/product\/skin1004-probio-cica-bakuchiol-eye-cream\/#primaryimage"},"thumbnailUrl":"https:\/\/idakorea.ee\/wp-content\/uploads\/2024\/06\/hl.jpg","datePublished":"2024-06-26T10:58:28+00:00","dateModified":"2026-02-18T20:09:58+00:00","description":"Vahvistava hierontavoide silmille bakuchiol SKIN1004 Probio-Cica Bakuchiol -silm\u00e4nymp\u00e4rysvoiteella on voimakas kiinteytt\u00e4v\u00e4 vaikutus ja se palauttaa lipidikerroksen eheyden.","breadcrumb":{"@id":"https:\/\/idakorea.ee\/product\/skin1004-probio-cica-bakuchiol-eye-cream\/#breadcrumb"},"inLanguage":"fi","potentialAction":[{"@type":"ReadAction","target":["https:\/\/idakorea.ee\/product\/skin1004-probio-cica-bakuchiol-eye-cream\/"]}]},{"@type":"ImageObject","inLanguage":"fi","@id":"https:\/\/idakorea.ee\/product\/skin1004-probio-cica-bakuchiol-eye-cream\/#primaryimage","url":"https:\/\/idakorea.ee\/wp-content\/uploads\/2024\/06\/hl.jpg","contentUrl":"https:\/\/idakorea.ee\/wp-content\/uploads\/2024\/06\/hl.jpg","width":450,"height":502},{"@type":"BreadcrumbList","@id":"https:\/\/idakorea.ee\/product\/skin1004-probio-cica-bakuchiol-eye-cream\/#breadcrumb","itemListElement":[{"@type":"ListItem","position":1,"name":"\u0413\u043b\u0430\u0432\u043d\u0430\u044f \u0441\u0442\u0440\u0430\u043d\u0438\u0446\u0430","item":"https:\/\/idakorea.ee\/"},{"@type":"ListItem","position":2,"name":"Shop","item":"https:\/\/idakorea.ee\/shop-2\/"},{"@type":"ListItem","position":3,"name":"Massaa\u017eikreem silmadele bakuchiooliga SKIN1004 Probio-Cica Bakuchiol Eye Cream, 20ml"}]},{"@type":"WebSite","@id":"https:\/\/idakorea.ee\/#website","url":"https:\/\/idakorea.ee\/","name":"IDA.KOREA","description":"Korean kosmetiikan verkkokauppa","publisher":{"@id":"https:\/\/idakorea.ee\/#organization"},"alternateName":"Beauty Shop","potentialAction":[{"@type":"SearchAction","target":{"@type":"EntryPoint","urlTemplate":"https:\/\/idakorea.ee\/?s={search_term_string}"},"query-input":{"@type":"PropertyValueSpecification","valueRequired":true,"valueName":"search_term_string"}}],"inLanguage":"fi"},{"@type":"Organization","@id":"https:\/\/idakorea.ee\/#organization","name":"IDA.KOREA","url":"https:\/\/idakorea.ee\/","logo":{"@type":"ImageObject","inLanguage":"fi","@id":"https:\/\/idakorea.ee\/#\/schema\/logo\/image\/","url":"https:\/\/idakorea.ee\/wp-content\/uploads\/2024\/05\/cropped-korea3.png","contentUrl":"https:\/\/idakorea.ee\/wp-content\/uploads\/2024\/05\/cropped-korea3.png","width":688,"height":126,"caption":"IDA.KOREA"},"image":{"@id":"https:\/\/idakorea.ee\/#\/schema\/logo\/image\/"},"sameAs":["https:\/\/www.instagram.com\/ida.korea\/"]}]}},"jetpack_sharing_enabled":true,"brands":[{"id":186,"name":"SKIN1004","slug":"skin1004"}],"_links":{"self":[{"href":"https:\/\/idakorea.ee\/fi\/wp-json\/wp\/v2\/product\/8810","targetHints":{"allow":["GET"]}}],"collection":[{"href":"https:\/\/idakorea.ee\/fi\/wp-json\/wp\/v2\/product"}],"about":[{"href":"https:\/\/idakorea.ee\/fi\/wp-json\/wp\/v2\/types\/product"}],"replies":[{"embeddable":true,"href":"https:\/\/idakorea.ee\/fi\/wp-json\/wp\/v2\/comments?post=8810"}],"version-history":[{"count":3,"href":"https:\/\/idakorea.ee\/fi\/wp-json\/wp\/v2\/product\/8810\/revisions"}],"predecessor-version":[{"id":16943,"href":"https:\/\/idakorea.ee\/fi\/wp-json\/wp\/v2\/product\/8810\/revisions\/16943"}],"wp:featuredmedia":[{"embeddable":true,"href":"https:\/\/idakorea.ee\/fi\/wp-json\/wp\/v2\/media\/8811"}],"wp:attachment":[{"href":"https:\/\/idakorea.ee\/fi\/wp-json\/wp\/v2\/media?parent=8810"}],"wp:term":[{"taxonomy":"pwb-brand","embeddable":true,"href":"https:\/\/idakorea.ee\/fi\/wp-json\/wp\/v2\/pwb-brand?post=8810"},{"taxonomy":"product_brand","embeddable":true,"href":"https:\/\/idakorea.ee\/fi\/wp-json\/wp\/v2\/product_brand?post=8810"},{"taxonomy":"product_cat","embeddable":true,"href":"https:\/\/idakorea.ee\/fi\/wp-json\/wp\/v2\/product_cat?post=8810"},{"taxonomy":"product_tag","embeddable":true,"href":"https:\/\/idakorea.ee\/fi\/wp-json\/wp\/v2\/product_tag?post=8810"}],"curies":[{"name":"wp","href":"https:\/\/api.w.org\/{rel}","templated":true}]}}