{"id":8820,"date":"2024-06-26T11:27:50","date_gmt":"2024-06-26T11:27:50","guid":{"rendered":"https:\/\/idakorea.ee\/?post_type=product&#038;p=8820"},"modified":"2026-03-13T18:38:37","modified_gmt":"2026-03-13T16:38:37","slug":"anua-peach-77-niacin-essence-toner-200ml","status":"publish","type":"product","link":"https:\/\/idakorea.ee\/fi\/product\/anua-peach-77-niacin-essence-toner-200ml\/","title":{"rendered":"Kasvovesi-essence Anua Peach 77 Niasiini Essence -kasvovesi, 200ml"},"content":{"rendered":"<p><strong>Anua Peach 77 Niasiini Essence -kasvovesi<\/strong> on persikkauutetta sis\u00e4lt\u00e4v\u00e4 kasvovesi, joka kuorii, pehment\u00e4\u00e4 ja silottaa ihoa hell\u00e4varaisesti ja valmistaa sen meikille. Kasvovedell\u00e4 on paksu geelim\u00e4inen koostumus, joka j\u00e4tt\u00e4\u00e4 iholle kosteutetun pinnan ja persikka-mustan teen tuoksun.<\/p>\n<p>Tuote auttaa supistamaan ihohuokosia ja normalisoimaan talin erityst\u00e4 est\u00e4en rasvaisen kiillon. Se silottaa, tasoittaa ihon s\u00e4vy\u00e4 ja antaa terveen hehkun, kosteuttaa ja vahvistaa epidermiksen suojakerrosta.<\/p>\n<p>&nbsp;<\/p>\n<p><strong>T\u00e4rkeimm\u00e4t vaikuttavat aineet:<\/strong><\/p>\n<ul>\n<li><strong>77% PEACHNIA\u2122 -kompleksi:<\/strong> Persikkauute, joka on saatu 120 tunnin matalan l\u00e4mp\u00f6tilan k\u00e4ymisell\u00e4, s\u00e4ilytt\u00e4\u00e4 maksimaalisesti vitamiinit, polyfenolit ja mineraalit. Tukee ihon sileytt\u00e4 ja puhtautta ja kirkastaa hieman s\u00e4vy\u00e4.<\/li>\n<li><strong>2% Niasiiniamidi (B3-vitamiini):<\/strong> S\u00e4\u00e4telee talirauhasten erityst\u00e4, supistaa ihohuokosia, est\u00e4\u00e4 melaniinin siirtymisen epidermiksen ylempiin kerroksiin, ehk\u00e4isten pigmenttil\u00e4iskien muodostumista. Parantaa ihon suojamuuria, tasoittaa ihon s\u00e4vy\u00e4 ja stimuloi kollageenin tuotantoa.<\/li>\n<\/ul>\n<p><strong>Muita vaikuttavia aineita:<\/strong><\/p>\n<ul>\n<li><strong>Alfa-arbutiini:<\/strong> Antiseptinen vaikuttava aine, joka est\u00e4\u00e4 melaniinin tuotantoa, v\u00e4hent\u00e4\u00e4 turvotusta, torjuu sameaa ihons\u00e4vy\u00e4 ja jolla on antioksidanttinen vaikutus hidastaen ihon ik\u00e4\u00e4ntymist\u00e4.<\/li>\n<li><strong>Askorbyyliglukosidi (askorbyyliglukosidi):<\/strong> C-vitamiinin stabiili muoto, joka stimuloi kollageenin tuotantoa, vaalentaa ik\u00e4l\u00e4iski\u00e4, tasoittaa ihon rakennetta ja toimii antioksidanttina.<\/li>\n<li><strong>Askorbiinihappo:<\/strong> Ep\u00e4vakaa mutta tehokas C-vitamiinin muoto, jolla on voimakkaimmat kirkastavat ja ik\u00e4\u00e4ntymist\u00e4 ehk\u00e4isev\u00e4t vaikutukset.<\/li>\n<li><strong>Betaiinisalisylaatti (BHA):<\/strong> Hell\u00e4varainen BHA-happo, salisyylihapon ja kosteuttavan betaiinin yhdistelm\u00e4. Tunkeutuu ihohuokosiin, liuottaa ylim\u00e4\u00e4r\u00e4ist\u00e4 talia, kirkastaa talirauhaserityksi\u00e4 ja mustap\u00e4it\u00e4 est\u00e4en ihohuokosten tukkeutumista.<\/li>\n<li><strong>Streptococcus Thermophilus -k\u00e4yminen:<\/strong> Komponentti, joka suojaa epidermiksen rakennetta vahingoittavilta entsyymeilt\u00e4, ehk\u00e4isee oksidatiivista stressi\u00e4 ja yll\u00e4pit\u00e4\u00e4 ihon kimmoisuutta ja sileytt\u00e4.<\/li>\n<li><strong>Galaktomyces:<\/strong> Parantaa ravinteiden ja aktiivisten ainesosien imeytymist\u00e4 syvemm\u00e4lle ihoon, palauttaa solujen terveen tilan, parantaa verenkiertoa, tasoittaa mikroreliefi\u00e4 ja lis\u00e4\u00e4 ihon s\u00e4vy\u00e4.<\/li>\n<li><strong>Sanghwang-sieniuute (Phellinus Linteus -uute):<\/strong> Vahva antioksidantti, jonka vaikutukset ovat samanlaiset kuin C-vitamiinilla. Vaikuttaa ik\u00e4\u00e4ntymist\u00e4 ehk\u00e4isev\u00e4sti, v\u00e4hent\u00e4\u00e4 vapaita radikaaleja, on tulehdusta, bakteereja ja allergioita est\u00e4v\u00e4, nopeuttaa solujen uudistumista ja yll\u00e4pit\u00e4\u00e4 ihon kimmoisuutta ja vahvuutta.<\/li>\n<li><strong>Pantenoli (B5-vitamiini):<\/strong> Nopeuttaa haavan paranemista, rauhoittaa ja pehment\u00e4\u00e4 ihoa, lis\u00e4\u00e4 ihon suojakerrosta ja vahvistaa sen luonnollista suojakerrosta.<\/li>\n<li><strong>Syanokobalamiini (B12-vitamiini):<\/strong> Kosteuttaa, rauhoittaa, v\u00e4hent\u00e4\u00e4 tulehdusta, vahvistaa kapillaareja ja auttaa aknen hoidossa.<\/li>\n<li><strong>Kirkas Cera\u2122 (50 000 ppb):<\/strong> Teknologia, joka varmistaa keramidien imeytymisen syv\u00e4lle ihoon. Keramidit vahvistavat ihon luonnollista lipidikerrosta, parantavat sen suojakerrosta ja ehk\u00e4isev\u00e4t kuivumista.<\/li>\n<li><strong>Probiootit (Bifida-, Bacillus- ja Lactobacillus-fermentit):<\/strong> Stimuloi solujen uusiutumista ja auttaa palauttamaan ihoa UV-s\u00e4teilyn, stressin ja muiden ulkoisten tekij\u00f6iden aiheuttamilta vaurioilta. Yll\u00e4pit\u00e4\u00e4 ihon sileytt\u00e4 ja kimmoisuutta, lis\u00e4\u00e4 paikallista vastustuskyky\u00e4 ja v\u00e4hent\u00e4\u00e4 herkkyytt\u00e4.<\/li>\n<\/ul>\n<p>&nbsp;<\/p>\n<p><strong>K\u00e4ytt\u00f6opas:<\/strong> Levit\u00e4 kasvovett\u00e4 kasvoillesi puhdistuksen j\u00e4lkeen k\u00e4sin tai vanulapulla.<\/p>","protected":false},"excerpt":{"rendered":"<p>Anua Peach 77 Niacin Essence Toner on persikkauutetta sis\u00e4lt\u00e4v\u00e4 toner-essanssi, joka kuorii, pehment\u00e4\u00e4 ja silottaa ihoa hell\u00e4varaisesti meikki\u00e4 varten. Voiteen koostumus on paksu, geelim\u00e4inen, ja se j\u00e4tt\u00e4\u00e4 iholle kostean lopputuloksen ja persikanv\u00e4risen mustan teen tuoksun. Tuote auttaa kirist\u00e4m\u00e4\u00e4n huokosia ja normalisoimaan \u00f6ljynerityst\u00e4, mik\u00e4 ehk\u00e4isee rasvaista kiiltoa. Se tasoittaa, tasoittaa ihon s\u00e4vy\u00e4 ja antaa terveen hehkun, kosteuttaa ja...<\/p>","protected":false},"featured_media":8821,"comment_status":"open","ping_status":"closed","template":"","meta":{"_uf_show_specific_survey":0,"_uf_disable_surveys":false,"_bst_post_transparent":"default","_bst_post_title":"","_bst_post_layout":"default","_bst_post_sidebar_id":"","_bst_post_content_style":"default","_bst_post_vertical_padding":"default","_bst_post_feature":"","_bst_post_feature_position":"","_bst_post_header":false,"_bst_post_footer":false},"pwb-brand":[104],"product_brand":[],"product_cat":[92,158],"product_tag":[102,233,377,202,216,151,439,221],"class_list":{"0":"post-8820","1":"product","2":"type-product","3":"status-publish","4":"has-post-thumbnail","6":"pwb-brand-anua","7":"product_cat-nagu","8":"product_cat-toonik","9":"product_tag-anua","10":"product_tag-internet-pood-eesti","11":"product_tag-k-beauty-2","12":"product_tag-korea-kosmeetika","13":"product_tag-kuiv-nahk","14":"product_tag-peach-77","15":"product_tag-rahustav","16":"product_tag-tundlik-nahk","18":"first","19":"instock","20":"sale","21":"shipping-taxable","22":"purchasable","23":"product-type-simple","24":"entry","25":"content-bg","26":"loop-entry"},"supplier_id":null,"supplier_sku":"","barcode":null,"atum_controlled":true,"out_stock_date":null,"out_stock_threshold":null,"inheritable":false,"inbound_stock":0,"stock_on_hold":0,"sold_today":0,"sales_last_days":0,"out_stock_days":0,"lost_sales":0,"has_location":false,"update_date":"2026-04-14T00:05:09","atum_locations":[],"atum_stock_status":"instock","restock_status":false,"low_stock_amount":"","sales_update_date":"2026-04-14T00:05:09","calc_backorders":null,"yoast_head":"<!-- This site is optimized with the Yoast SEO plugin v27.2 - https:\/\/yoast.com\/product\/yoast-seo-wordpress\/ -->\n<title>Anua Peach 77 Niacin Essence Toner, 200ml - IDA.KOREA<\/title>\n<meta name=\"description\" content=\"Anua Peach 77 Niacin Essence Toner on virsikuekstraktiga toonik-essents, mis \u00f5rnalt koorib, pehmendab ja silub nahka, valmistades seda ette meigiks.\" \/>\n<meta name=\"robots\" content=\"index, follow, max-snippet:-1, max-image-preview:large, max-video-preview:-1\" \/>\n<link rel=\"canonical\" href=\"https:\/\/idakorea.ee\/fi\/product\/anua-peach-77-niacin-essence-toner-200ml\/\" \/>\n<meta property=\"og:locale\" content=\"fi_FI\" \/>\n<meta property=\"og:type\" content=\"article\" \/>\n<meta property=\"og:title\" content=\"Anua Peach 77 Niacin Essence Toner, 200ml - IDA.KOREA\" \/>\n<meta property=\"og:description\" content=\"Anua Peach 77 Niacin Essence Toner on virsikuekstraktiga toonik-essents, mis \u00f5rnalt koorib, pehmendab ja silub nahka, valmistades seda ette meigiks.\" \/>\n<meta property=\"og:url\" content=\"https:\/\/idakorea.ee\/fi\/product\/anua-peach-77-niacin-essence-toner-200ml\/\" \/>\n<meta property=\"og:site_name\" content=\"IDA.KOREA\" \/>\n<meta property=\"article:modified_time\" content=\"2026-03-13T16:38:37+00:00\" \/>\n<meta property=\"og:image\" content=\"https:\/\/idakorea.ee\/wp-content\/uploads\/2024\/06\/anua-peach-77-niacin-essence-toner.jpg\" \/>\n\t<meta property=\"og:image:width\" content=\"1000\" \/>\n\t<meta property=\"og:image:height\" content=\"1000\" \/>\n\t<meta property=\"og:image:type\" content=\"image\/jpeg\" \/>\n<meta name=\"twitter:card\" content=\"summary_large_image\" \/>\n<meta name=\"twitter:label1\" content=\"Arvioitu lukuaika\" \/>\n\t<meta name=\"twitter:data1\" content=\"3 minuuttia\" \/>\n<script type=\"application\/ld+json\" class=\"yoast-schema-graph\">{\"@context\":\"https:\/\/schema.org\",\"@graph\":[{\"@type\":\"WebPage\",\"@id\":\"https:\/\/idakorea.ee\/product\/anua-peach-77-niacin-essence-toner-200ml\/\",\"url\":\"https:\/\/idakorea.ee\/product\/anua-peach-77-niacin-essence-toner-200ml\/\",\"name\":\"Anua Peach 77 Niacin Essence Toner, 200ml - IDA.KOREA\",\"isPartOf\":{\"@id\":\"https:\/\/idakorea.ee\/#website\"},\"primaryImageOfPage\":{\"@id\":\"https:\/\/idakorea.ee\/product\/anua-peach-77-niacin-essence-toner-200ml\/#primaryimage\"},\"image\":{\"@id\":\"https:\/\/idakorea.ee\/product\/anua-peach-77-niacin-essence-toner-200ml\/#primaryimage\"},\"thumbnailUrl\":\"https:\/\/idakorea.ee\/wp-content\/uploads\/2024\/06\/anua-peach-77-niacin-essence-toner.jpg\",\"datePublished\":\"2024-06-26T11:27:50+00:00\",\"dateModified\":\"2026-03-13T16:38:37+00:00\",\"description\":\"Anua Peach 77 Niacin Essence Toner on virsikuekstraktiga toonik-essents, mis \u00f5rnalt koorib, pehmendab ja silub nahka, valmistades seda ette meigiks.\",\"breadcrumb\":{\"@id\":\"https:\/\/idakorea.ee\/product\/anua-peach-77-niacin-essence-toner-200ml\/#breadcrumb\"},\"inLanguage\":\"fi\",\"potentialAction\":[{\"@type\":\"ReadAction\",\"target\":[\"https:\/\/idakorea.ee\/product\/anua-peach-77-niacin-essence-toner-200ml\/\"]}]},{\"@type\":\"ImageObject\",\"inLanguage\":\"fi\",\"@id\":\"https:\/\/idakorea.ee\/product\/anua-peach-77-niacin-essence-toner-200ml\/#primaryimage\",\"url\":\"https:\/\/idakorea.ee\/wp-content\/uploads\/2024\/06\/anua-peach-77-niacin-essence-toner.jpg\",\"contentUrl\":\"https:\/\/idakorea.ee\/wp-content\/uploads\/2024\/06\/anua-peach-77-niacin-essence-toner.jpg\",\"width\":1000,\"height\":1000,\"caption\":\"anua peach toner\"},{\"@type\":\"BreadcrumbList\",\"@id\":\"https:\/\/idakorea.ee\/product\/anua-peach-77-niacin-essence-toner-200ml\/#breadcrumb\",\"itemListElement\":[{\"@type\":\"ListItem\",\"position\":1,\"name\":\"\u0413\u043b\u0430\u0432\u043d\u0430\u044f \u0441\u0442\u0440\u0430\u043d\u0438\u0446\u0430\",\"item\":\"https:\/\/idakorea.ee\/\"},{\"@type\":\"ListItem\",\"position\":2,\"name\":\"Shop\",\"item\":\"https:\/\/idakorea.ee\/shop-2\/\"},{\"@type\":\"ListItem\",\"position\":3,\"name\":\"Toonik-essents Anua Peach 77 Niacin Essence Toner, 200ml\"}]},{\"@type\":\"WebSite\",\"@id\":\"https:\/\/idakorea.ee\/#website\",\"url\":\"https:\/\/idakorea.ee\/\",\"name\":\"IDA.KOREA\",\"description\":\"Korea kosmeetika e-pood\",\"publisher\":{\"@id\":\"https:\/\/idakorea.ee\/#organization\"},\"alternateName\":\"Beauty Shop\",\"potentialAction\":[{\"@type\":\"SearchAction\",\"target\":{\"@type\":\"EntryPoint\",\"urlTemplate\":\"https:\/\/idakorea.ee\/?s={search_term_string}\"},\"query-input\":{\"@type\":\"PropertyValueSpecification\",\"valueRequired\":true,\"valueName\":\"search_term_string\"}}],\"inLanguage\":\"fi\"},{\"@type\":\"Organization\",\"@id\":\"https:\/\/idakorea.ee\/#organization\",\"name\":\"IDA.KOREA\",\"url\":\"https:\/\/idakorea.ee\/\",\"logo\":{\"@type\":\"ImageObject\",\"inLanguage\":\"fi\",\"@id\":\"https:\/\/idakorea.ee\/#\/schema\/logo\/image\/\",\"url\":\"https:\/\/idakorea.ee\/wp-content\/uploads\/2024\/05\/cropped-korea3.png\",\"contentUrl\":\"https:\/\/idakorea.ee\/wp-content\/uploads\/2024\/05\/cropped-korea3.png\",\"width\":688,\"height\":126,\"caption\":\"IDA.KOREA\"},\"image\":{\"@id\":\"https:\/\/idakorea.ee\/#\/schema\/logo\/image\/\"},\"sameAs\":[\"https:\/\/www.instagram.com\/ida.korea\/\"]}]}<\/script>\n<!-- \/ Yoast SEO plugin. -->","yoast_head_json":{"title":"Anua Peach 77 Niacin Essence Toner, 200 ml - IDA.KOREA","description":"Anua Peach 77 Niacin Essence Toner on persikkauutetta sis\u00e4lt\u00e4v\u00e4 kasvovesi, joka kuorii, pehment\u00e4\u00e4 ja silottaa ihoa hell\u00e4varaisesti valmistaen sen meikki\u00e4 varten.","robots":{"index":"index","follow":"follow","max-snippet":"max-snippet:-1","max-image-preview":"max-image-preview:large","max-video-preview":"max-video-preview:-1"},"canonical":"https:\/\/idakorea.ee\/fi\/product\/anua-peach-77-niacin-essence-toner-200ml\/","og_locale":"fi_FI","og_type":"article","og_title":"Anua Peach 77 Niacin Essence Toner, 200ml - IDA.KOREA","og_description":"Anua Peach 77 Niacin Essence Toner on virsikuekstraktiga toonik-essents, mis \u00f5rnalt koorib, pehmendab ja silub nahka, valmistades seda ette meigiks.","og_url":"https:\/\/idakorea.ee\/fi\/product\/anua-peach-77-niacin-essence-toner-200ml\/","og_site_name":"IDA.KOREA","article_modified_time":"2026-03-13T16:38:37+00:00","og_image":[{"width":1000,"height":1000,"url":"https:\/\/idakorea.ee\/wp-content\/uploads\/2024\/06\/anua-peach-77-niacin-essence-toner.jpg","type":"image\/jpeg"}],"twitter_card":"summary_large_image","twitter_misc":{"Arvioitu lukuaika":"3 minuuttia"},"schema":{"@context":"https:\/\/schema.org","@graph":[{"@type":"WebPage","@id":"https:\/\/idakorea.ee\/product\/anua-peach-77-niacin-essence-toner-200ml\/","url":"https:\/\/idakorea.ee\/product\/anua-peach-77-niacin-essence-toner-200ml\/","name":"Anua Peach 77 Niacin Essence Toner, 200 ml - IDA.KOREA","isPartOf":{"@id":"https:\/\/idakorea.ee\/#website"},"primaryImageOfPage":{"@id":"https:\/\/idakorea.ee\/product\/anua-peach-77-niacin-essence-toner-200ml\/#primaryimage"},"image":{"@id":"https:\/\/idakorea.ee\/product\/anua-peach-77-niacin-essence-toner-200ml\/#primaryimage"},"thumbnailUrl":"https:\/\/idakorea.ee\/wp-content\/uploads\/2024\/06\/anua-peach-77-niacin-essence-toner.jpg","datePublished":"2024-06-26T11:27:50+00:00","dateModified":"2026-03-13T16:38:37+00:00","description":"Anua Peach 77 Niacin Essence Toner on persikkauutetta sis\u00e4lt\u00e4v\u00e4 kasvovesi, joka kuorii, pehment\u00e4\u00e4 ja silottaa ihoa hell\u00e4varaisesti valmistaen sen meikki\u00e4 varten.","breadcrumb":{"@id":"https:\/\/idakorea.ee\/product\/anua-peach-77-niacin-essence-toner-200ml\/#breadcrumb"},"inLanguage":"fi","potentialAction":[{"@type":"ReadAction","target":["https:\/\/idakorea.ee\/product\/anua-peach-77-niacin-essence-toner-200ml\/"]}]},{"@type":"ImageObject","inLanguage":"fi","@id":"https:\/\/idakorea.ee\/product\/anua-peach-77-niacin-essence-toner-200ml\/#primaryimage","url":"https:\/\/idakorea.ee\/wp-content\/uploads\/2024\/06\/anua-peach-77-niacin-essence-toner.jpg","contentUrl":"https:\/\/idakorea.ee\/wp-content\/uploads\/2024\/06\/anua-peach-77-niacin-essence-toner.jpg","width":1000,"height":1000,"caption":"anua peach toner"},{"@type":"BreadcrumbList","@id":"https:\/\/idakorea.ee\/product\/anua-peach-77-niacin-essence-toner-200ml\/#breadcrumb","itemListElement":[{"@type":"ListItem","position":1,"name":"\u0413\u043b\u0430\u0432\u043d\u0430\u044f \u0441\u0442\u0440\u0430\u043d\u0438\u0446\u0430","item":"https:\/\/idakorea.ee\/"},{"@type":"ListItem","position":2,"name":"Shop","item":"https:\/\/idakorea.ee\/shop-2\/"},{"@type":"ListItem","position":3,"name":"Toonik-essents Anua Peach 77 Niacin Essence Toner, 200ml"}]},{"@type":"WebSite","@id":"https:\/\/idakorea.ee\/#website","url":"https:\/\/idakorea.ee\/","name":"IDA.KOREA","description":"Korean kosmetiikan verkkokauppa","publisher":{"@id":"https:\/\/idakorea.ee\/#organization"},"alternateName":"Beauty Shop","potentialAction":[{"@type":"SearchAction","target":{"@type":"EntryPoint","urlTemplate":"https:\/\/idakorea.ee\/?s={search_term_string}"},"query-input":{"@type":"PropertyValueSpecification","valueRequired":true,"valueName":"search_term_string"}}],"inLanguage":"fi"},{"@type":"Organization","@id":"https:\/\/idakorea.ee\/#organization","name":"IDA.KOREA","url":"https:\/\/idakorea.ee\/","logo":{"@type":"ImageObject","inLanguage":"fi","@id":"https:\/\/idakorea.ee\/#\/schema\/logo\/image\/","url":"https:\/\/idakorea.ee\/wp-content\/uploads\/2024\/05\/cropped-korea3.png","contentUrl":"https:\/\/idakorea.ee\/wp-content\/uploads\/2024\/05\/cropped-korea3.png","width":688,"height":126,"caption":"IDA.KOREA"},"image":{"@id":"https:\/\/idakorea.ee\/#\/schema\/logo\/image\/"},"sameAs":["https:\/\/www.instagram.com\/ida.korea\/"]}]}},"jetpack_sharing_enabled":true,"brands":[{"id":104,"name":"ANUA","slug":"anua"}],"_links":{"self":[{"href":"https:\/\/idakorea.ee\/fi\/wp-json\/wp\/v2\/product\/8820","targetHints":{"allow":["GET"]}}],"collection":[{"href":"https:\/\/idakorea.ee\/fi\/wp-json\/wp\/v2\/product"}],"about":[{"href":"https:\/\/idakorea.ee\/fi\/wp-json\/wp\/v2\/types\/product"}],"replies":[{"embeddable":true,"href":"https:\/\/idakorea.ee\/fi\/wp-json\/wp\/v2\/comments?post=8820"}],"version-history":[{"count":3,"href":"https:\/\/idakorea.ee\/fi\/wp-json\/wp\/v2\/product\/8820\/revisions"}],"predecessor-version":[{"id":14917,"href":"https:\/\/idakorea.ee\/fi\/wp-json\/wp\/v2\/product\/8820\/revisions\/14917"}],"wp:featuredmedia":[{"embeddable":true,"href":"https:\/\/idakorea.ee\/fi\/wp-json\/wp\/v2\/media\/8821"}],"wp:attachment":[{"href":"https:\/\/idakorea.ee\/fi\/wp-json\/wp\/v2\/media?parent=8820"}],"wp:term":[{"taxonomy":"pwb-brand","embeddable":true,"href":"https:\/\/idakorea.ee\/fi\/wp-json\/wp\/v2\/pwb-brand?post=8820"},{"taxonomy":"product_brand","embeddable":true,"href":"https:\/\/idakorea.ee\/fi\/wp-json\/wp\/v2\/product_brand?post=8820"},{"taxonomy":"product_cat","embeddable":true,"href":"https:\/\/idakorea.ee\/fi\/wp-json\/wp\/v2\/product_cat?post=8820"},{"taxonomy":"product_tag","embeddable":true,"href":"https:\/\/idakorea.ee\/fi\/wp-json\/wp\/v2\/product_tag?post=8820"}],"curies":[{"name":"wp","href":"https:\/\/api.w.org\/{rel}","templated":true}]}}