{"id":8851,"date":"2024-06-27T09:15:11","date_gmt":"2024-06-27T09:15:11","guid":{"rendered":"https:\/\/idakorea.ee\/?post_type=product&#038;p=8851"},"modified":"2026-03-08T18:27:47","modified_gmt":"2026-03-08T16:27:47","slug":"intensiivne-barjaarikreem-anua-heartleaf-70-intense-calming-cream","status":"publish","type":"product","link":"https:\/\/idakorea.ee\/fi\/product\/intensiivne-barjaarikreem-anua-heartleaf-70-intense-calming-cream\/","title":{"rendered":"Anua Heartleaf 70% Intensiivinen rauhoittava voide, 50ml"},"content":{"rendered":"<p>Tehokas suojavoide, joka perustuu orapihlajaan <strong>Anua Heartleaf 70% Intensiivinen rauhoittava voide<\/strong> Rauhoittaa \u00e4rtynytt\u00e4 ihoa, auttaa lievitt\u00e4m\u00e4\u00e4n kutinaa ja punoitusta sek\u00e4 v\u00e4hent\u00e4\u00e4 kudosten herkkyytt\u00e4. Parantaa couperosa-ihon kuntoa, kiinteytt\u00e4\u00e4 ja vahvistaa kapillaarien sein\u00e4mi\u00e4.<\/p>\n<p>Voiteen p\u00e4\u00e4asiallinen vaikuttava aine on syd\u00e4menmuotoinen keh\u00e4kukkauute 70%, jolla on voimakkaita parantavia ja tulehdusta ehk\u00e4isevi\u00e4 ominaisuuksia. Normalisoi ihon kuntoa, lievitt\u00e4\u00e4 \u00e4rsytyst\u00e4 ja v\u00e4hent\u00e4\u00e4 tulehdusta. Vahvistaa vastustuskyky\u00e4, tekee epidermiksen pinnasta v\u00e4hemm\u00e4n herk\u00e4n ja reagoivan.<\/p>\n<p>Tuote vahvistaa epidermiksen suojatoimintoja ja varmistaa lipidikerroksen eheyden, palauttaa optimaalisen hydrolipiditasapainon. Kosteuttaa tehokkaasti ja yll\u00e4pit\u00e4\u00e4 solujen optimaalisia kosteustasoja. Ravitsee ihoa ja poistaa hilseily\u00e4.<\/p>\n<p><strong>Muita vaikuttavia aineita:<\/strong><\/p>\n<ul>\n<li>Pantenoli stimuloi ihon eheyden palautumista, lievitt\u00e4\u00e4 punoitusta ja \u00e4rsytyst\u00e4 sek\u00e4 sill\u00e4 on haavaumia parantava vaikutus.<\/li>\n<li>Adenosiini on yksi uusimman sukupolven edistyneimmist\u00e4 ainesosista. Se torjuu tehokkaasti ryppyj\u00e4, sill\u00e4 on voimakas sytoprotektiivinen vaikutus ja se suojaa soluja hapettumiselta, ja se vaikuttaa prokollageeni 1:n synteesiin, joka vastaa ihon kimmoisuudesta ja s\u00e4vyst\u00e4.<\/li>\n<li>Keramidit lis\u00e4\u00e4v\u00e4t epidermiksen suojatoimintoja, est\u00e4v\u00e4t kosteuden haihtumista ja auttavat ihon palautumisessa. Lievitt\u00e4v\u00e4t kuivuutta ja hilseily\u00e4, ovat hy\u00f6dyllisi\u00e4 allergisten ihottumien, ekseeman ja psoriaasin hoidossa.<\/li>\n<li>Lesitiini vahvistaa epidermiksen soluja ja kuituja, auttaa imeytym\u00e4\u00e4n hy\u00f6dyllisi\u00e4 aineita. Tukee ihon suojakerrosta, neutraloi vapaiden radikaalien, ultraviolettis\u00e4teilyn ja muiden ymp\u00e4rist\u00f6tekij\u00f6iden negatiiviset vaikutukset.<\/li>\n<li>Kolesteroli on lipidi, joka muodostaa osan epidermaalisen suojakerroksen, fysiologisen ja turvallisen komponentin. Lis\u00e4\u00e4 suojaavia toimintoja, tukee kosteustasoja, ehk\u00e4isee kuivumista. Sopii kuivalle, normaalille ja herk\u00e4lle iholle.<\/li>\n<\/ul>\n<p><strong>K\u00e4ytt\u00f6opas:<\/strong> Levit\u00e4 tarvittava m\u00e4\u00e4r\u00e4 voidetta kasvoillesi hoidon viimeisen\u00e4 vaiheena.<\/p>","protected":false},"excerpt":{"rendered":"<p>Anua Heartleaf 70% Intense Calming Cream perustuu dermatofytiiniin, joka rauhoittaa \u00e4rtynytt\u00e4 ihoa, auttaa lievitt\u00e4m\u00e4\u00e4n kutinaa ja punoitusta sek\u00e4 v\u00e4hent\u00e4\u00e4 kudosten herkkyytt\u00e4. Parantaa couperoosaisten ihojen kuntoa, kirist\u00e4\u00e4 ja vahvistaa kapillaarien sein\u00e4mi\u00e4. Voiteen t\u00e4rkein vaikuttava aine on 70%-syd\u00e4nlihauute, jolla on voimakkaita parantavia ja tulehdusta ehk\u00e4isevi\u00e4 ominaisuuksia. Se normalisoi ihon kuntoa, rauhoittaa \u00e4rsytyst\u00e4 ja v\u00e4hent\u00e4\u00e4 tulehdusta. Vahvistaa...<\/p>","protected":false},"featured_media":8854,"comment_status":"open","ping_status":"closed","template":"","meta":{"_uf_show_specific_survey":0,"_uf_disable_surveys":false,"_bst_post_transparent":"default","_bst_post_title":"","_bst_post_layout":"default","_bst_post_sidebar_id":"","_bst_post_content_style":"default","_bst_post_vertical_padding":"default","_bst_post_feature":"","_bst_post_feature_position":"","_bst_post_header":false,"_bst_post_footer":false},"pwb-brand":[104],"product_brand":[],"product_cat":[92,96],"product_tag":[102,233,377,202,216,439,221],"class_list":{"0":"post-8851","1":"product","2":"type-product","3":"status-publish","4":"has-post-thumbnail","6":"pwb-brand-anua","7":"product_cat-nagu","8":"product_cat-naokreemid","9":"product_tag-anua","10":"product_tag-internet-pood-eesti","11":"product_tag-k-beauty-2","12":"product_tag-korea-kosmeetika","13":"product_tag-kuiv-nahk","14":"product_tag-rahustav","15":"product_tag-tundlik-nahk","17":"first","18":"outofstock","19":"sale","20":"shipping-taxable","21":"purchasable","22":"product-type-simple","23":"entry","24":"content-bg","25":"loop-entry"},"supplier_id":null,"supplier_sku":"","barcode":null,"atum_controlled":true,"out_stock_date":"2026-03-08 18:27:47","out_stock_threshold":null,"inheritable":false,"inbound_stock":0,"stock_on_hold":0,"sold_today":0,"sales_last_days":0,"out_stock_days":36,"lost_sales":158,"has_location":false,"update_date":"2026-04-14T00:05:10","atum_locations":[],"atum_stock_status":"outofstock","restock_status":false,"low_stock_amount":"","sales_update_date":"2026-04-14T00:05:09","calc_backorders":null,"yoast_head":"<!-- This site is optimized with the Yoast SEO plugin v27.2 - https:\/\/yoast.com\/product\/yoast-seo-wordpress\/ -->\n<title>Anua Heartleaf 70% Intense Calming Cream - IDA.KOREA<\/title>\n<meta name=\"description\" content=\"Intensiivne barj\u00e4\u00e4rikreem hautt\u00fc\u00fcnia p\u00f5hinev Anua Heartleaf 70% Intense Calming Cream rahustab \u00e4rritunud nahka, aitab vabaneda s\u00fcgelusest ja punetusest ning v\u00e4hendab kudede tundlikkust.\" \/>\n<meta name=\"robots\" content=\"index, follow, max-snippet:-1, max-image-preview:large, max-video-preview:-1\" \/>\n<link rel=\"canonical\" href=\"https:\/\/idakorea.ee\/fi\/product\/intensiivne-barjaarikreem-anua-heartleaf-70-intense-calming-cream\/\" \/>\n<meta property=\"og:locale\" content=\"fi_FI\" \/>\n<meta property=\"og:type\" content=\"article\" \/>\n<meta property=\"og:title\" content=\"Anua Heartleaf 70% Intense Calming Cream - IDA.KOREA\" \/>\n<meta property=\"og:description\" content=\"Intensiivne barj\u00e4\u00e4rikreem hautt\u00fc\u00fcnia p\u00f5hinev Anua Heartleaf 70% Intense Calming Cream rahustab \u00e4rritunud nahka, aitab vabaneda s\u00fcgelusest ja punetusest ning v\u00e4hendab kudede tundlikkust.\" \/>\n<meta property=\"og:url\" content=\"https:\/\/idakorea.ee\/fi\/product\/intensiivne-barjaarikreem-anua-heartleaf-70-intense-calming-cream\/\" \/>\n<meta property=\"og:site_name\" content=\"IDA.KOREA\" \/>\n<meta property=\"article:modified_time\" content=\"2026-03-08T16:27:47+00:00\" \/>\n<meta property=\"og:image\" content=\"https:\/\/idakorea.ee\/wp-content\/uploads\/2024\/06\/hollyshop-_38_-_1_.png\" \/>\n\t<meta property=\"og:image:width\" content=\"1000\" \/>\n\t<meta property=\"og:image:height\" content=\"1000\" \/>\n\t<meta property=\"og:image:type\" content=\"image\/png\" \/>\n<meta name=\"twitter:card\" content=\"summary_large_image\" \/>\n<meta name=\"twitter:label1\" content=\"Arvioitu lukuaika\" \/>\n\t<meta name=\"twitter:data1\" content=\"2 minuuttia\" \/>\n<script type=\"application\/ld+json\" class=\"yoast-schema-graph\">{\"@context\":\"https:\/\/schema.org\",\"@graph\":[{\"@type\":\"WebPage\",\"@id\":\"https:\/\/idakorea.ee\/product\/intensiivne-barjaarikreem-anua-heartleaf-70-intense-calming-cream\/\",\"url\":\"https:\/\/idakorea.ee\/product\/intensiivne-barjaarikreem-anua-heartleaf-70-intense-calming-cream\/\",\"name\":\"Anua Heartleaf 70% Intense Calming Cream - IDA.KOREA\",\"isPartOf\":{\"@id\":\"https:\/\/idakorea.ee\/#website\"},\"primaryImageOfPage\":{\"@id\":\"https:\/\/idakorea.ee\/product\/intensiivne-barjaarikreem-anua-heartleaf-70-intense-calming-cream\/#primaryimage\"},\"image\":{\"@id\":\"https:\/\/idakorea.ee\/product\/intensiivne-barjaarikreem-anua-heartleaf-70-intense-calming-cream\/#primaryimage\"},\"thumbnailUrl\":\"https:\/\/idakorea.ee\/wp-content\/uploads\/2024\/06\/hollyshop-_38_-_1_.png\",\"datePublished\":\"2024-06-27T09:15:11+00:00\",\"dateModified\":\"2026-03-08T16:27:47+00:00\",\"description\":\"Intensiivne barj\u00e4\u00e4rikreem hautt\u00fc\u00fcnia p\u00f5hinev Anua Heartleaf 70% Intense Calming Cream rahustab \u00e4rritunud nahka, aitab vabaneda s\u00fcgelusest ja punetusest ning v\u00e4hendab kudede tundlikkust.\",\"breadcrumb\":{\"@id\":\"https:\/\/idakorea.ee\/product\/intensiivne-barjaarikreem-anua-heartleaf-70-intense-calming-cream\/#breadcrumb\"},\"inLanguage\":\"fi\",\"potentialAction\":[{\"@type\":\"ReadAction\",\"target\":[\"https:\/\/idakorea.ee\/product\/intensiivne-barjaarikreem-anua-heartleaf-70-intense-calming-cream\/\"]}]},{\"@type\":\"ImageObject\",\"inLanguage\":\"fi\",\"@id\":\"https:\/\/idakorea.ee\/product\/intensiivne-barjaarikreem-anua-heartleaf-70-intense-calming-cream\/#primaryimage\",\"url\":\"https:\/\/idakorea.ee\/wp-content\/uploads\/2024\/06\/hollyshop-_38_-_1_.png\",\"contentUrl\":\"https:\/\/idakorea.ee\/wp-content\/uploads\/2024\/06\/hollyshop-_38_-_1_.png\",\"width\":1000,\"height\":1000,\"caption\":\"anua calming cream\"},{\"@type\":\"BreadcrumbList\",\"@id\":\"https:\/\/idakorea.ee\/product\/intensiivne-barjaarikreem-anua-heartleaf-70-intense-calming-cream\/#breadcrumb\",\"itemListElement\":[{\"@type\":\"ListItem\",\"position\":1,\"name\":\"\u0413\u043b\u0430\u0432\u043d\u0430\u044f \u0441\u0442\u0440\u0430\u043d\u0438\u0446\u0430\",\"item\":\"https:\/\/idakorea.ee\/\"},{\"@type\":\"ListItem\",\"position\":2,\"name\":\"Shop\",\"item\":\"https:\/\/idakorea.ee\/shop-2\/\"},{\"@type\":\"ListItem\",\"position\":3,\"name\":\"Intensiivne barj\u00e4\u00e4rikreem Anua Heartleaf 70% Intense Calming Cream, 50ml\"}]},{\"@type\":\"WebSite\",\"@id\":\"https:\/\/idakorea.ee\/#website\",\"url\":\"https:\/\/idakorea.ee\/\",\"name\":\"IDA.KOREA\",\"description\":\"Korea kosmeetika e-pood\",\"publisher\":{\"@id\":\"https:\/\/idakorea.ee\/#organization\"},\"alternateName\":\"Beauty Shop\",\"potentialAction\":[{\"@type\":\"SearchAction\",\"target\":{\"@type\":\"EntryPoint\",\"urlTemplate\":\"https:\/\/idakorea.ee\/?s={search_term_string}\"},\"query-input\":{\"@type\":\"PropertyValueSpecification\",\"valueRequired\":true,\"valueName\":\"search_term_string\"}}],\"inLanguage\":\"fi\"},{\"@type\":\"Organization\",\"@id\":\"https:\/\/idakorea.ee\/#organization\",\"name\":\"IDA.KOREA\",\"url\":\"https:\/\/idakorea.ee\/\",\"logo\":{\"@type\":\"ImageObject\",\"inLanguage\":\"fi\",\"@id\":\"https:\/\/idakorea.ee\/#\/schema\/logo\/image\/\",\"url\":\"https:\/\/idakorea.ee\/wp-content\/uploads\/2024\/05\/cropped-korea3.png\",\"contentUrl\":\"https:\/\/idakorea.ee\/wp-content\/uploads\/2024\/05\/cropped-korea3.png\",\"width\":688,\"height\":126,\"caption\":\"IDA.KOREA\"},\"image\":{\"@id\":\"https:\/\/idakorea.ee\/#\/schema\/logo\/image\/\"},\"sameAs\":[\"https:\/\/www.instagram.com\/ida.korea\/\"]}]}<\/script>\n<!-- \/ Yoast SEO plugin. -->","yoast_head_json":{"title":"Anua Heartleaf 70% Intense Calming Cream - IDA.KOREA","description":"Anua Heartleaf 70% Intense Calming Cream on syd\u00e4npuusta valmistettu tehokas suojavoide, joka rauhoittaa \u00e4rtynytt\u00e4 ihoa, auttaa lievitt\u00e4m\u00e4\u00e4n kutinaa ja punoitusta sek\u00e4 v\u00e4hent\u00e4\u00e4 kudosten herkkyytt\u00e4.","robots":{"index":"index","follow":"follow","max-snippet":"max-snippet:-1","max-image-preview":"max-image-preview:large","max-video-preview":"max-video-preview:-1"},"canonical":"https:\/\/idakorea.ee\/fi\/product\/intensiivne-barjaarikreem-anua-heartleaf-70-intense-calming-cream\/","og_locale":"fi_FI","og_type":"article","og_title":"Anua Heartleaf 70% Intense Calming Cream - IDA.KOREA","og_description":"Intensiivne barj\u00e4\u00e4rikreem hautt\u00fc\u00fcnia p\u00f5hinev Anua Heartleaf 70% Intense Calming Cream rahustab \u00e4rritunud nahka, aitab vabaneda s\u00fcgelusest ja punetusest ning v\u00e4hendab kudede tundlikkust.","og_url":"https:\/\/idakorea.ee\/fi\/product\/intensiivne-barjaarikreem-anua-heartleaf-70-intense-calming-cream\/","og_site_name":"IDA.KOREA","article_modified_time":"2026-03-08T16:27:47+00:00","og_image":[{"width":1000,"height":1000,"url":"https:\/\/idakorea.ee\/wp-content\/uploads\/2024\/06\/hollyshop-_38_-_1_.png","type":"image\/png"}],"twitter_card":"summary_large_image","twitter_misc":{"Arvioitu lukuaika":"2 minuuttia"},"schema":{"@context":"https:\/\/schema.org","@graph":[{"@type":"WebPage","@id":"https:\/\/idakorea.ee\/product\/intensiivne-barjaarikreem-anua-heartleaf-70-intense-calming-cream\/","url":"https:\/\/idakorea.ee\/product\/intensiivne-barjaarikreem-anua-heartleaf-70-intense-calming-cream\/","name":"Anua Heartleaf 70% Intense Calming Cream - IDA.KOREA","isPartOf":{"@id":"https:\/\/idakorea.ee\/#website"},"primaryImageOfPage":{"@id":"https:\/\/idakorea.ee\/product\/intensiivne-barjaarikreem-anua-heartleaf-70-intense-calming-cream\/#primaryimage"},"image":{"@id":"https:\/\/idakorea.ee\/product\/intensiivne-barjaarikreem-anua-heartleaf-70-intense-calming-cream\/#primaryimage"},"thumbnailUrl":"https:\/\/idakorea.ee\/wp-content\/uploads\/2024\/06\/hollyshop-_38_-_1_.png","datePublished":"2024-06-27T09:15:11+00:00","dateModified":"2026-03-08T16:27:47+00:00","description":"Anua Heartleaf 70% Intense Calming Cream on syd\u00e4npuusta valmistettu tehokas suojavoide, joka rauhoittaa \u00e4rtynytt\u00e4 ihoa, auttaa lievitt\u00e4m\u00e4\u00e4n kutinaa ja punoitusta sek\u00e4 v\u00e4hent\u00e4\u00e4 kudosten herkkyytt\u00e4.","breadcrumb":{"@id":"https:\/\/idakorea.ee\/product\/intensiivne-barjaarikreem-anua-heartleaf-70-intense-calming-cream\/#breadcrumb"},"inLanguage":"fi","potentialAction":[{"@type":"ReadAction","target":["https:\/\/idakorea.ee\/product\/intensiivne-barjaarikreem-anua-heartleaf-70-intense-calming-cream\/"]}]},{"@type":"ImageObject","inLanguage":"fi","@id":"https:\/\/idakorea.ee\/product\/intensiivne-barjaarikreem-anua-heartleaf-70-intense-calming-cream\/#primaryimage","url":"https:\/\/idakorea.ee\/wp-content\/uploads\/2024\/06\/hollyshop-_38_-_1_.png","contentUrl":"https:\/\/idakorea.ee\/wp-content\/uploads\/2024\/06\/hollyshop-_38_-_1_.png","width":1000,"height":1000,"caption":"anua calming cream"},{"@type":"BreadcrumbList","@id":"https:\/\/idakorea.ee\/product\/intensiivne-barjaarikreem-anua-heartleaf-70-intense-calming-cream\/#breadcrumb","itemListElement":[{"@type":"ListItem","position":1,"name":"\u0413\u043b\u0430\u0432\u043d\u0430\u044f \u0441\u0442\u0440\u0430\u043d\u0438\u0446\u0430","item":"https:\/\/idakorea.ee\/"},{"@type":"ListItem","position":2,"name":"Shop","item":"https:\/\/idakorea.ee\/shop-2\/"},{"@type":"ListItem","position":3,"name":"Intensiivne barj\u00e4\u00e4rikreem Anua Heartleaf 70% Intense Calming Cream, 50ml"}]},{"@type":"WebSite","@id":"https:\/\/idakorea.ee\/#website","url":"https:\/\/idakorea.ee\/","name":"IDA.KOREA","description":"Korean kosmetiikan verkkokauppa","publisher":{"@id":"https:\/\/idakorea.ee\/#organization"},"alternateName":"Beauty Shop","potentialAction":[{"@type":"SearchAction","target":{"@type":"EntryPoint","urlTemplate":"https:\/\/idakorea.ee\/?s={search_term_string}"},"query-input":{"@type":"PropertyValueSpecification","valueRequired":true,"valueName":"search_term_string"}}],"inLanguage":"fi"},{"@type":"Organization","@id":"https:\/\/idakorea.ee\/#organization","name":"IDA.KOREA","url":"https:\/\/idakorea.ee\/","logo":{"@type":"ImageObject","inLanguage":"fi","@id":"https:\/\/idakorea.ee\/#\/schema\/logo\/image\/","url":"https:\/\/idakorea.ee\/wp-content\/uploads\/2024\/05\/cropped-korea3.png","contentUrl":"https:\/\/idakorea.ee\/wp-content\/uploads\/2024\/05\/cropped-korea3.png","width":688,"height":126,"caption":"IDA.KOREA"},"image":{"@id":"https:\/\/idakorea.ee\/#\/schema\/logo\/image\/"},"sameAs":["https:\/\/www.instagram.com\/ida.korea\/"]}]}},"jetpack_sharing_enabled":true,"brands":[{"id":104,"name":"ANUA","slug":"anua"}],"_links":{"self":[{"href":"https:\/\/idakorea.ee\/fi\/wp-json\/wp\/v2\/product\/8851","targetHints":{"allow":["GET"]}}],"collection":[{"href":"https:\/\/idakorea.ee\/fi\/wp-json\/wp\/v2\/product"}],"about":[{"href":"https:\/\/idakorea.ee\/fi\/wp-json\/wp\/v2\/types\/product"}],"replies":[{"embeddable":true,"href":"https:\/\/idakorea.ee\/fi\/wp-json\/wp\/v2\/comments?post=8851"}],"version-history":[{"count":3,"href":"https:\/\/idakorea.ee\/fi\/wp-json\/wp\/v2\/product\/8851\/revisions"}],"predecessor-version":[{"id":17300,"href":"https:\/\/idakorea.ee\/fi\/wp-json\/wp\/v2\/product\/8851\/revisions\/17300"}],"wp:featuredmedia":[{"embeddable":true,"href":"https:\/\/idakorea.ee\/fi\/wp-json\/wp\/v2\/media\/8854"}],"wp:attachment":[{"href":"https:\/\/idakorea.ee\/fi\/wp-json\/wp\/v2\/media?parent=8851"}],"wp:term":[{"taxonomy":"pwb-brand","embeddable":true,"href":"https:\/\/idakorea.ee\/fi\/wp-json\/wp\/v2\/pwb-brand?post=8851"},{"taxonomy":"product_brand","embeddable":true,"href":"https:\/\/idakorea.ee\/fi\/wp-json\/wp\/v2\/product_brand?post=8851"},{"taxonomy":"product_cat","embeddable":true,"href":"https:\/\/idakorea.ee\/fi\/wp-json\/wp\/v2\/product_cat?post=8851"},{"taxonomy":"product_tag","embeddable":true,"href":"https:\/\/idakorea.ee\/fi\/wp-json\/wp\/v2\/product_tag?post=8851"}],"curies":[{"name":"wp","href":"https:\/\/api.w.org\/{rel}","templated":true}]}}