{"id":8868,"date":"2024-06-28T09:10:40","date_gmt":"2024-06-28T09:10:40","guid":{"rendered":"https:\/\/idakorea.ee\/?post_type=product&#038;p=8868"},"modified":"2026-01-30T17:11:54","modified_gmt":"2026-01-30T15:11:54","slug":"rahustav-kreem-anua-birch-70-boosting-cream-moisture-50ml","status":"publish","type":"product","link":"https:\/\/idakorea.ee\/fi\/product\/rahustav-kreem-anua-birch-70-boosting-cream-moisture-50ml\/","title":{"rendered":"Rauhoittava voide Anua Koivu 70% Boosting Cream Moisture, 50ml"},"content":{"rendered":"<p>Rauhoittava voide<strong> Anua Birch 70% Tehostava Kosteuttava Voide<\/strong> \u2014 t\u00e4m\u00e4 on peruskosteusvoide, joka poistaa kuivuuden ja kireyden tunteen, antaa miellytt\u00e4v\u00e4n viilent\u00e4v\u00e4n tunteen levitettyn\u00e4 ja tukee ihon kimmoisuutta ja sileytt\u00e4 intensiivisen kosteutuksen avulla.<\/p>\n<p>Se parantaa ihon kyky\u00e4 ime\u00e4 ja s\u00e4ilytt\u00e4\u00e4 kosteutta, vahvistaa suojakerrosta, ehk\u00e4isee hilseily\u00e4 ja pehment\u00e4\u00e4 tuulen vaurioittamia alueita. Lievitt\u00e4\u00e4 \u00e4rsytyst\u00e4 ja tarjoaa mukavuutta vaurioituneelle, herk\u00e4lle iholle.<\/p>\n<p>Se valmistaa ihon t\u00e4ydellisesti meikille ja parantaa sen rakennetta. S\u00e4\u00e4telee kosteus- ja lipiditasapainoa eik\u00e4 j\u00e4t\u00e4 tahmeaa tunnetta. Neutraali pH-taso tukee tervett\u00e4 happo-em\u00e4stasapainoa.<\/p>\n<p>Sis\u00e4lt\u00e4\u00e4 70% koivunmahlaa \u2014 mineraali- ja orgaanishappopitoista ainesosaa. Koivunmahla t\u00e4ytt\u00e4\u00e4 kosteusvajetta, tukee ihon sileytt\u00e4, kimmoisuutta ja pehmeytt\u00e4, kiinteytt\u00e4\u00e4, vahvistaa, neutraloi vapaiden radikaalien vaikutuksia ja ehk\u00e4isee ennenaikaista ik\u00e4\u00e4ntymist\u00e4.<\/p>\n<p><strong>Lis\u00e4aktiiviset ainesosat<\/strong>:<\/p>\n<ul>\n<li><strong>Pantenoli (B5-vitamiini)<\/strong> Lievitt\u00e4\u00e4 punoitusta ja kutinaa, vahvistaa hydrolipidikerrosta, est\u00e4\u00e4 kosteuden haihtumista ja edist\u00e4\u00e4 palautumista.<\/li>\n<li><strong>Betaiini<\/strong> \u2014 aminohappojohdannainen, s\u00e4ilytt\u00e4\u00e4 kosteuden ihossa ja suojaa solukalvoja, ehk\u00e4isee kuivumista ja tukee ihon sileytt\u00e4 ja pehmeytt\u00e4.<\/li>\n<li><strong>Kurkkuuute<\/strong> poistaa turvotusta, kiinteytt\u00e4\u00e4, pehment\u00e4\u00e4, lievitt\u00e4\u00e4 tulehdusta, taistelee vapaita radikaaleja vastaan, virkist\u00e4\u00e4 ja antaa viilent\u00e4v\u00e4n vaikutuksen.<\/li>\n<li><strong>Glukonolaktoni (PHA-happo)<\/strong> sis\u00e4lt\u00e4\u00e4 suurempia molekyylej\u00e4 kuin AHA-hapot, joten se sopii herk\u00e4lle iholle. Poistaa hell\u00e4varaisesti kuolleita ihosoluja, tasoittaa ihon mikropiirteit\u00e4 ja vaalentaa pigmenttimuutoksia.<\/li>\n<li><strong>Allantoiin<\/strong> pehment\u00e4\u00e4, nopeuttaa paranemista, on antioksidanttinen, auttaa v\u00e4hent\u00e4m\u00e4\u00e4n ihon reaktiivisuutta.<\/li>\n<li><strong>8 erilaista hyaluronihappoa<\/strong> Ne pystyv\u00e4t sitomaan kosteutta ja muodostamaan kosteutta pid\u00e4tt\u00e4v\u00e4n esteen epidermiksen pinnalle, poistaen kuivuuden ja kireyden tunteen sek\u00e4 tukien ihon kimmoisuutta ja vahvuutta.<\/li>\n<\/ul>\n<p>Sopii kaikille ihotyypeille.<\/p>\n<p><strong>K\u00e4ytt\u00e4j\u00e4n k\u00e4sikirja<\/strong>Pesun, kasvoveden ja seerumin k\u00e4yt\u00f6n j\u00e4lkeen levit\u00e4 voide kasvoillesi ja levit\u00e4 tasaisesti iholle.<\/p>","protected":false},"excerpt":{"rendered":"<p>Anua Birch 70% Boosting Cream Moisture on peruskosteusvoide, joka poistaa kuivuuden ja kireyden tunteen, antaa miellytt\u00e4v\u00e4n viilent\u00e4v\u00e4n tunteen levityksen yhteydess\u00e4 ja tukee ihon kimmoisuutta ja sileytt\u00e4 intensiivisell\u00e4 kosteutuksella. Se parantaa ihon kyky\u00e4 ime\u00e4 ja sitoa kosteutta, vahvistaa suojaverkkoa, ehk\u00e4isee hilseily\u00e4 ja pehment\u00e4\u00e4 tuulen vaurioittamia alueita. Rauhoittaa \u00e4rsytyst\u00e4, antaa mukavuutta vaurioituneelle herk\u00e4lle iholle ja...<\/p>","protected":false},"featured_media":8869,"comment_status":"open","ping_status":"closed","template":"","meta":{"_uf_show_specific_survey":0,"_uf_disable_surveys":false,"_bst_post_transparent":"default","_bst_post_title":"","_bst_post_layout":"default","_bst_post_sidebar_id":"","_bst_post_content_style":"default","_bst_post_vertical_padding":"default","_bst_post_feature":"","_bst_post_feature_position":"","_bst_post_header":false,"_bst_post_footer":false},"pwb-brand":[104],"product_brand":[],"product_cat":[92,96],"product_tag":[102,233,377,202,216,439,221],"class_list":{"0":"post-8868","1":"product","2":"type-product","3":"status-publish","4":"has-post-thumbnail","6":"pwb-brand-anua","7":"product_cat-nagu","8":"product_cat-naokreemid","9":"product_tag-anua","10":"product_tag-internet-pood-eesti","11":"product_tag-k-beauty-2","12":"product_tag-korea-kosmeetika","13":"product_tag-kuiv-nahk","14":"product_tag-rahustav","15":"product_tag-tundlik-nahk","17":"first","18":"outofstock","19":"sale","20":"shipping-taxable","21":"purchasable","22":"product-type-simple","23":"entry","24":"content-bg","25":"loop-entry"},"supplier_id":null,"supplier_sku":"","barcode":null,"atum_controlled":true,"out_stock_date":null,"out_stock_threshold":null,"inheritable":false,"inbound_stock":0,"stock_on_hold":0,"sold_today":0,"sales_last_days":0,"out_stock_days":0,"lost_sales":0,"has_location":false,"update_date":"2026-04-14T00:05:04","atum_locations":[],"atum_stock_status":"outofstock","restock_status":false,"low_stock_amount":"","sales_update_date":"2026-04-14T00:05:04","calc_backorders":null,"yoast_head":"<!-- This site is optimized with the Yoast SEO plugin v27.2 - https:\/\/yoast.com\/product\/yoast-seo-wordpress\/ -->\n<title>Rahustav kreem Anua Birch 70% Boosting Cream Moisture, 50ml - IDA.KOREA<\/title>\n<meta name=\"description\" content=\"Rahustav kreem Anua Birch 70% Boosting Cream Moisture \u2014 see on baasniisutaja, mis k\u00f5rvaldab kuivuse ja kiskuvuse tunde, annab pealekandmisel meeldiva jahutuse, toetab intensiivse niisutamise abil naha elastsust ja siledust.\" \/>\n<meta name=\"robots\" content=\"index, follow, max-snippet:-1, max-image-preview:large, max-video-preview:-1\" \/>\n<link rel=\"canonical\" href=\"https:\/\/idakorea.ee\/fi\/product\/rahustav-kreem-anua-birch-70-boosting-cream-moisture-50ml\/\" \/>\n<meta property=\"og:locale\" content=\"fi_FI\" \/>\n<meta property=\"og:type\" content=\"article\" \/>\n<meta property=\"og:title\" content=\"Rahustav kreem Anua Birch 70% Boosting Cream Moisture, 50ml - IDA.KOREA\" \/>\n<meta property=\"og:description\" content=\"Rahustav kreem Anua Birch 70% Boosting Cream Moisture \u2014 see on baasniisutaja, mis k\u00f5rvaldab kuivuse ja kiskuvuse tunde, annab pealekandmisel meeldiva jahutuse, toetab intensiivse niisutamise abil naha elastsust ja siledust.\" \/>\n<meta property=\"og:url\" content=\"https:\/\/idakorea.ee\/fi\/product\/rahustav-kreem-anua-birch-70-boosting-cream-moisture-50ml\/\" \/>\n<meta property=\"og:site_name\" content=\"IDA.KOREA\" \/>\n<meta property=\"article:modified_time\" content=\"2026-01-30T15:11:54+00:00\" \/>\n<meta property=\"og:image\" content=\"https:\/\/idakorea.ee\/wp-content\/uploads\/2024\/06\/anua-birch-70-boosting-cream-moisture.jpg\" \/>\n\t<meta property=\"og:image:width\" content=\"1000\" \/>\n\t<meta property=\"og:image:height\" content=\"1000\" \/>\n\t<meta property=\"og:image:type\" content=\"image\/jpeg\" \/>\n<meta name=\"twitter:card\" content=\"summary_large_image\" \/>\n<meta name=\"twitter:label1\" content=\"Arvioitu lukuaika\" \/>\n\t<meta name=\"twitter:data1\" content=\"2 minuuttia\" \/>\n<script type=\"application\/ld+json\" class=\"yoast-schema-graph\">{\"@context\":\"https:\/\/schema.org\",\"@graph\":[{\"@type\":\"WebPage\",\"@id\":\"https:\/\/idakorea.ee\/product\/rahustav-kreem-anua-birch-70-boosting-cream-moisture-50ml\/\",\"url\":\"https:\/\/idakorea.ee\/product\/rahustav-kreem-anua-birch-70-boosting-cream-moisture-50ml\/\",\"name\":\"Rahustav kreem Anua Birch 70% Boosting Cream Moisture, 50ml - IDA.KOREA\",\"isPartOf\":{\"@id\":\"https:\/\/idakorea.ee\/#website\"},\"primaryImageOfPage\":{\"@id\":\"https:\/\/idakorea.ee\/product\/rahustav-kreem-anua-birch-70-boosting-cream-moisture-50ml\/#primaryimage\"},\"image\":{\"@id\":\"https:\/\/idakorea.ee\/product\/rahustav-kreem-anua-birch-70-boosting-cream-moisture-50ml\/#primaryimage\"},\"thumbnailUrl\":\"https:\/\/idakorea.ee\/wp-content\/uploads\/2024\/06\/anua-birch-70-boosting-cream-moisture.jpg\",\"datePublished\":\"2024-06-28T09:10:40+00:00\",\"dateModified\":\"2026-01-30T15:11:54+00:00\",\"description\":\"Rahustav kreem Anua Birch 70% Boosting Cream Moisture \u2014 see on baasniisutaja, mis k\u00f5rvaldab kuivuse ja kiskuvuse tunde, annab pealekandmisel meeldiva jahutuse, toetab intensiivse niisutamise abil naha elastsust ja siledust.\",\"breadcrumb\":{\"@id\":\"https:\/\/idakorea.ee\/product\/rahustav-kreem-anua-birch-70-boosting-cream-moisture-50ml\/#breadcrumb\"},\"inLanguage\":\"fi\",\"potentialAction\":[{\"@type\":\"ReadAction\",\"target\":[\"https:\/\/idakorea.ee\/product\/rahustav-kreem-anua-birch-70-boosting-cream-moisture-50ml\/\"]}]},{\"@type\":\"ImageObject\",\"inLanguage\":\"fi\",\"@id\":\"https:\/\/idakorea.ee\/product\/rahustav-kreem-anua-birch-70-boosting-cream-moisture-50ml\/#primaryimage\",\"url\":\"https:\/\/idakorea.ee\/wp-content\/uploads\/2024\/06\/anua-birch-70-boosting-cream-moisture.jpg\",\"contentUrl\":\"https:\/\/idakorea.ee\/wp-content\/uploads\/2024\/06\/anua-birch-70-boosting-cream-moisture.jpg\",\"width\":1000,\"height\":1000},{\"@type\":\"BreadcrumbList\",\"@id\":\"https:\/\/idakorea.ee\/product\/rahustav-kreem-anua-birch-70-boosting-cream-moisture-50ml\/#breadcrumb\",\"itemListElement\":[{\"@type\":\"ListItem\",\"position\":1,\"name\":\"\u0413\u043b\u0430\u0432\u043d\u0430\u044f \u0441\u0442\u0440\u0430\u043d\u0438\u0446\u0430\",\"item\":\"https:\/\/idakorea.ee\/\"},{\"@type\":\"ListItem\",\"position\":2,\"name\":\"Shop\",\"item\":\"https:\/\/idakorea.ee\/shop-2\/\"},{\"@type\":\"ListItem\",\"position\":3,\"name\":\"Rahustav kreem Anua Birch 70% Boosting Cream Moisture, 50ml\"}]},{\"@type\":\"WebSite\",\"@id\":\"https:\/\/idakorea.ee\/#website\",\"url\":\"https:\/\/idakorea.ee\/\",\"name\":\"IDA.KOREA\",\"description\":\"Korea kosmeetika e-pood\",\"publisher\":{\"@id\":\"https:\/\/idakorea.ee\/#organization\"},\"alternateName\":\"Beauty Shop\",\"potentialAction\":[{\"@type\":\"SearchAction\",\"target\":{\"@type\":\"EntryPoint\",\"urlTemplate\":\"https:\/\/idakorea.ee\/?s={search_term_string}\"},\"query-input\":{\"@type\":\"PropertyValueSpecification\",\"valueRequired\":true,\"valueName\":\"search_term_string\"}}],\"inLanguage\":\"fi\"},{\"@type\":\"Organization\",\"@id\":\"https:\/\/idakorea.ee\/#organization\",\"name\":\"IDA.KOREA\",\"url\":\"https:\/\/idakorea.ee\/\",\"logo\":{\"@type\":\"ImageObject\",\"inLanguage\":\"fi\",\"@id\":\"https:\/\/idakorea.ee\/#\/schema\/logo\/image\/\",\"url\":\"https:\/\/idakorea.ee\/wp-content\/uploads\/2024\/05\/cropped-korea3.png\",\"contentUrl\":\"https:\/\/idakorea.ee\/wp-content\/uploads\/2024\/05\/cropped-korea3.png\",\"width\":688,\"height\":126,\"caption\":\"IDA.KOREA\"},\"image\":{\"@id\":\"https:\/\/idakorea.ee\/#\/schema\/logo\/image\/\"},\"sameAs\":[\"https:\/\/www.instagram.com\/ida.korea\/\"]}]}<\/script>\n<!-- \/ Yoast SEO plugin. -->","yoast_head_json":{"title":"Rauhoittava voide Anua Birch 70% Boosting Cream Moisture, 50ml - IDA.KOREA","description":"Anua Birch 70% Boosting Cream Moisture on peruskosteusvoide, joka poistaa kuivuuden ja kireyden tunteen, antaa miellytt\u00e4v\u00e4n viilent\u00e4v\u00e4n tunteen levitettyn\u00e4 ja tukee ihon kimmoisuutta ja sileytt\u00e4 intensiivisen kosteutuksen avulla.","robots":{"index":"index","follow":"follow","max-snippet":"max-snippet:-1","max-image-preview":"max-image-preview:large","max-video-preview":"max-video-preview:-1"},"canonical":"https:\/\/idakorea.ee\/fi\/product\/rahustav-kreem-anua-birch-70-boosting-cream-moisture-50ml\/","og_locale":"fi_FI","og_type":"article","og_title":"Rahustav kreem Anua Birch 70% Boosting Cream Moisture, 50ml - IDA.KOREA","og_description":"Rahustav kreem Anua Birch 70% Boosting Cream Moisture \u2014 see on baasniisutaja, mis k\u00f5rvaldab kuivuse ja kiskuvuse tunde, annab pealekandmisel meeldiva jahutuse, toetab intensiivse niisutamise abil naha elastsust ja siledust.","og_url":"https:\/\/idakorea.ee\/fi\/product\/rahustav-kreem-anua-birch-70-boosting-cream-moisture-50ml\/","og_site_name":"IDA.KOREA","article_modified_time":"2026-01-30T15:11:54+00:00","og_image":[{"width":1000,"height":1000,"url":"https:\/\/idakorea.ee\/wp-content\/uploads\/2024\/06\/anua-birch-70-boosting-cream-moisture.jpg","type":"image\/jpeg"}],"twitter_card":"summary_large_image","twitter_misc":{"Arvioitu lukuaika":"2 minuuttia"},"schema":{"@context":"https:\/\/schema.org","@graph":[{"@type":"WebPage","@id":"https:\/\/idakorea.ee\/product\/rahustav-kreem-anua-birch-70-boosting-cream-moisture-50ml\/","url":"https:\/\/idakorea.ee\/product\/rahustav-kreem-anua-birch-70-boosting-cream-moisture-50ml\/","name":"Rauhoittava voide Anua Birch 70% Boosting Cream Moisture, 50ml - IDA.KOREA","isPartOf":{"@id":"https:\/\/idakorea.ee\/#website"},"primaryImageOfPage":{"@id":"https:\/\/idakorea.ee\/product\/rahustav-kreem-anua-birch-70-boosting-cream-moisture-50ml\/#primaryimage"},"image":{"@id":"https:\/\/idakorea.ee\/product\/rahustav-kreem-anua-birch-70-boosting-cream-moisture-50ml\/#primaryimage"},"thumbnailUrl":"https:\/\/idakorea.ee\/wp-content\/uploads\/2024\/06\/anua-birch-70-boosting-cream-moisture.jpg","datePublished":"2024-06-28T09:10:40+00:00","dateModified":"2026-01-30T15:11:54+00:00","description":"Anua Birch 70% Boosting Cream Moisture on peruskosteusvoide, joka poistaa kuivuuden ja kireyden tunteen, antaa miellytt\u00e4v\u00e4n viilent\u00e4v\u00e4n tunteen levitettyn\u00e4 ja tukee ihon kimmoisuutta ja sileytt\u00e4 intensiivisen kosteutuksen avulla.","breadcrumb":{"@id":"https:\/\/idakorea.ee\/product\/rahustav-kreem-anua-birch-70-boosting-cream-moisture-50ml\/#breadcrumb"},"inLanguage":"fi","potentialAction":[{"@type":"ReadAction","target":["https:\/\/idakorea.ee\/product\/rahustav-kreem-anua-birch-70-boosting-cream-moisture-50ml\/"]}]},{"@type":"ImageObject","inLanguage":"fi","@id":"https:\/\/idakorea.ee\/product\/rahustav-kreem-anua-birch-70-boosting-cream-moisture-50ml\/#primaryimage","url":"https:\/\/idakorea.ee\/wp-content\/uploads\/2024\/06\/anua-birch-70-boosting-cream-moisture.jpg","contentUrl":"https:\/\/idakorea.ee\/wp-content\/uploads\/2024\/06\/anua-birch-70-boosting-cream-moisture.jpg","width":1000,"height":1000},{"@type":"BreadcrumbList","@id":"https:\/\/idakorea.ee\/product\/rahustav-kreem-anua-birch-70-boosting-cream-moisture-50ml\/#breadcrumb","itemListElement":[{"@type":"ListItem","position":1,"name":"\u0413\u043b\u0430\u0432\u043d\u0430\u044f \u0441\u0442\u0440\u0430\u043d\u0438\u0446\u0430","item":"https:\/\/idakorea.ee\/"},{"@type":"ListItem","position":2,"name":"Shop","item":"https:\/\/idakorea.ee\/shop-2\/"},{"@type":"ListItem","position":3,"name":"Rahustav kreem Anua Birch 70% Boosting Cream Moisture, 50ml"}]},{"@type":"WebSite","@id":"https:\/\/idakorea.ee\/#website","url":"https:\/\/idakorea.ee\/","name":"IDA.KOREA","description":"Korean kosmetiikan verkkokauppa","publisher":{"@id":"https:\/\/idakorea.ee\/#organization"},"alternateName":"Beauty Shop","potentialAction":[{"@type":"SearchAction","target":{"@type":"EntryPoint","urlTemplate":"https:\/\/idakorea.ee\/?s={search_term_string}"},"query-input":{"@type":"PropertyValueSpecification","valueRequired":true,"valueName":"search_term_string"}}],"inLanguage":"fi"},{"@type":"Organization","@id":"https:\/\/idakorea.ee\/#organization","name":"IDA.KOREA","url":"https:\/\/idakorea.ee\/","logo":{"@type":"ImageObject","inLanguage":"fi","@id":"https:\/\/idakorea.ee\/#\/schema\/logo\/image\/","url":"https:\/\/idakorea.ee\/wp-content\/uploads\/2024\/05\/cropped-korea3.png","contentUrl":"https:\/\/idakorea.ee\/wp-content\/uploads\/2024\/05\/cropped-korea3.png","width":688,"height":126,"caption":"IDA.KOREA"},"image":{"@id":"https:\/\/idakorea.ee\/#\/schema\/logo\/image\/"},"sameAs":["https:\/\/www.instagram.com\/ida.korea\/"]}]}},"jetpack_sharing_enabled":true,"brands":[{"id":104,"name":"ANUA","slug":"anua"}],"_links":{"self":[{"href":"https:\/\/idakorea.ee\/fi\/wp-json\/wp\/v2\/product\/8868","targetHints":{"allow":["GET"]}}],"collection":[{"href":"https:\/\/idakorea.ee\/fi\/wp-json\/wp\/v2\/product"}],"about":[{"href":"https:\/\/idakorea.ee\/fi\/wp-json\/wp\/v2\/types\/product"}],"replies":[{"embeddable":true,"href":"https:\/\/idakorea.ee\/fi\/wp-json\/wp\/v2\/comments?post=8868"}],"version-history":[{"count":2,"href":"https:\/\/idakorea.ee\/fi\/wp-json\/wp\/v2\/product\/8868\/revisions"}],"predecessor-version":[{"id":10262,"href":"https:\/\/idakorea.ee\/fi\/wp-json\/wp\/v2\/product\/8868\/revisions\/10262"}],"wp:featuredmedia":[{"embeddable":true,"href":"https:\/\/idakorea.ee\/fi\/wp-json\/wp\/v2\/media\/8869"}],"wp:attachment":[{"href":"https:\/\/idakorea.ee\/fi\/wp-json\/wp\/v2\/media?parent=8868"}],"wp:term":[{"taxonomy":"pwb-brand","embeddable":true,"href":"https:\/\/idakorea.ee\/fi\/wp-json\/wp\/v2\/pwb-brand?post=8868"},{"taxonomy":"product_brand","embeddable":true,"href":"https:\/\/idakorea.ee\/fi\/wp-json\/wp\/v2\/product_brand?post=8868"},{"taxonomy":"product_cat","embeddable":true,"href":"https:\/\/idakorea.ee\/fi\/wp-json\/wp\/v2\/product_cat?post=8868"},{"taxonomy":"product_tag","embeddable":true,"href":"https:\/\/idakorea.ee\/fi\/wp-json\/wp\/v2\/product_tag?post=8868"}],"curies":[{"name":"wp","href":"https:\/\/api.w.org\/{rel}","templated":true}]}}