{"id":8896,"date":"2024-06-28T10:09:30","date_gmt":"2024-06-28T10:09:30","guid":{"rendered":"https:\/\/idakorea.ee\/?post_type=product&#038;p=8896"},"modified":"2026-04-12T09:25:28","modified_gmt":"2026-04-12T07:25:28","slug":"oine-hudrogeelmask-biodance-hydro-cera-nol-real-deep-mask","status":"publish","type":"product","link":"https:\/\/idakorea.ee\/fi\/product\/oine-hudrogeelmask-biodance-hydro-cera-nol-real-deep-mask\/","title":{"rendered":"Rasvainen hydrogeelinaamio Biodance Hydro Cera-Nol Real Deep Naamio"},"content":{"rendered":"<div class=\"flex flex-grow flex-col max-w-full\">\n<div class=\"min-h-[20px] text-message flex flex-col items-start whitespace-pre-wrap break-words [.text-message+&amp;]:mt-5 juice:w-full juice:items-end overflow-x-auto gap-2\" dir=\"auto\" data-message-author-role=\"assistant\" data-message-id=\"4bf913cd-9c7a-4924-b095-2d252c2056c3\">\n<div class=\"flex w-full flex-col gap-1 juice:empty:hidden juice:first:pt-[3px]\">\n<div class=\"markdown prose w-full break-words dark:prose-invert light\">\n<p><strong>Biodance Hydro Cera-Nol Real Deep Mask \u00f6ine h\u00fcdrogeelmask<\/strong> on sulav mask, mis on immutatud kontsentreeritud essentsiga. See toidab ja niisutab intensiivselt, parandab kuiva ja kahjustatud nahka, v\u00e4hendab tundlikkust ja tugevdab kaitsvat h\u00fcdrolipiidkihti.<\/p>\n<p>Eemaldab ketenduse, pehmendab karedaid ja ilmastikust r\u00e4situd alasid, k\u00e4ivitab sisemised taastumisprotsessid ja leevendab \u00e4rritust. \u00dchtlustab tooni, eemaldab tuhmuse ja v\u00e4hendab niiskuse puudusest tingitud kortsude teket. Alandab naha temperatuuri ~5\u00b0C v\u00f5rra, eemaldab ebamugavuse ja p\u00f5letustunde.<\/p>\n<p>Taastab naha 3-4 tunni jooksul: h\u00fcdrogeelne alus transpordib k\u00f5ik aktiivsed koostisosad ja muutub l\u00e4bipaistvaks. Toodet v\u00f5ib kasutada ka \u00f6\u00f6sel: mask kinnitub kindlalt n\u00e4ole, ei libise ja ei j\u00e4ta j\u00e4lgi padjale.<\/p>\n<p><strong>Peamised toimeained:<\/strong><\/p>\n<ul>\n<li><strong>Keraamiidid<\/strong> integreeruvad epidermise lipiidkihti ja tugevdavad seda, eemaldavad kuivuse, takistavad niiskuse aurustumist ja kahjulike ainete tungimist.<\/li>\n<li><strong>Pantenool (vitamiin B5)<\/strong> kiirendab paranemisprotsessi, rahustab ja pehmendab, suurendab epidermise barj\u00e4\u00e4rifunktsioone ja tugevdab looduslikku kaitsekihti.<\/li>\n<li><strong>H\u00fcdrol\u00fc\u00fcsitud h\u00fcaluroonhape<\/strong> on madala molekulmassiga, tungides s\u00fcgavale sarvkihti. Niisutab, hoiab vee molekule epidermises, s\u00e4ilitab h\u00fcdrolipiidse mantli.<\/li>\n<li><strong>Kollageeni ekstrakt<\/strong> pehmendab nahka, parandab mikroreljeefi, tagab pikaajalise niisutuse.<\/li>\n<li><strong>Galaktom\u00fctsiid<\/strong> suudab lagundada toitaineid ja suurendada nende tungimist epidermisesse, taastada rakkude tervislikku seisundit, parandada vereringet, siluda mikroreljeefi ja t\u00f5sta naha toonust.<\/li>\n<li><strong>Probiootikumid<\/strong> (bifidobakterite fermentatsioonifiltraat, laktobatsillide fermentatsioon ja laktobatsillide l\u00fcsaat) toetavad naha mikrobioota tasakaalu, takistades kahjulike bakterite paljunemist ja soodustades kasulike bakterite kasvu. Suurendavad barj\u00e4\u00e4rifunktsioone, hoiavad \u00e4ra \u00e4rrituse.<\/li>\n<li><strong>Pirni viljade ekstrakt<\/strong> pehmendab, v\u00e4hendab oks\u00fcdatiivset stressi ja kaitseb keskkonna negatiivsete tegurite eest.<\/li>\n<li><strong>Meloni viljade ekstrakt<\/strong> toidab nahka kasulike mikroelementidega, k\u00f5rvaldab kuivuse ja ketenduse, eemaldab pingulolekutunde.<\/li>\n<li><strong>Niasiiniamiid (vitamiin B3)<\/strong> k\u00f5rvaldab rasuse l\u00e4ike ja normaliseerib rasun\u00e4\u00e4rmete t\u00f6\u00f6d, heledab h\u00fcperpigmentatsiooni, \u00fchtlustab tooni ja suurendab epidermise barj\u00e4\u00e4rifunktsioone.<\/li>\n<li><strong>Adenosiin<\/strong> stimuleerib kollageeni tootmist, v\u00e4hendab kortsude s\u00fcgavust ja takistab nende teket, s\u00e4ilitab naha elastsuse ja nooruslikkuse.<\/li>\n<\/ul>\n<p>Sobib normaalsele, kombineeritud, kuivale ja tundlikule nahale.<\/p>\n<p><strong>Kasutusjuhend:<\/strong> eemaldage kaitsekiht maski m\u00f5lemalt poolelt. P\u00e4rast pesemist, toniseerimist ja seerumi kasutamist kandke mask n\u00e4ole, eemaldage 3-4 tunni p\u00e4rast. Toodet v\u00f5ib j\u00e4tta nahale terveks \u00f6\u00f6ks.<\/p>\n<\/div>\n<\/div>\n<\/div>\n<\/div>\n","protected":false},"excerpt":{"rendered":"<p>Biodance Hydro Cera-Nol Real Deep Mask on y\u00f6llinen hydrogeelinaamio, sulava naamio, johon on imeytetty tiivistetty\u00e4 uutetta. Se ravitsee ja kosteuttaa intensiivisesti, korjaa kuivaa ja vaurioitunutta ihoa, v\u00e4hent\u00e4\u00e4 herkkyytt\u00e4 ja vahvistaa suojaavaa hydrolipidikerrosta. Se poistaa hilseily\u00e4, pehment\u00e4\u00e4 karheita ja s\u00e4\u00e4n runtelemia alueita, k\u00e4ynnist\u00e4\u00e4 sis\u00e4isi\u00e4 uudistumisprosesseja ja lievitt\u00e4\u00e4 \u00e4rsytyst\u00e4. Kirkastaa ihon s\u00e4vy\u00e4, poistaa sameutta ja v\u00e4hent\u00e4\u00e4 kuivumisen n\u00e4kyvyytt\u00e4.....<\/p>","protected":false},"featured_media":8897,"comment_status":"open","ping_status":"closed","template":"","meta":{"_uf_show_specific_survey":0,"_uf_disable_surveys":false,"_bst_post_transparent":"default","_bst_post_title":"","_bst_post_layout":"default","_bst_post_sidebar_id":"","_bst_post_content_style":"default","_bst_post_vertical_padding":"default","_bst_post_feature":"","_bst_post_feature_position":"","_bst_post_header":false,"_bst_post_footer":false},"pwb-brand":[113],"product_brand":[],"product_cat":[98],"product_tag":[445,202,246],"class_list":{"0":"post-8896","1":"product","2":"type-product","3":"status-publish","4":"has-post-thumbnail","6":"pwb-brand-biodance","7":"product_cat-naomaskid","8":"product_tag-biodance","9":"product_tag-korea-kosmeetika","10":"product_tag-korea-naomaskid","12":"first","13":"outofstock","14":"sale","15":"shipping-taxable","16":"purchasable","17":"product-type-simple","18":"entry","19":"content-bg","20":"loop-entry"},"supplier_id":null,"supplier_sku":"","barcode":null,"atum_controlled":true,"out_stock_date":"2026-04-12 09:25:28","out_stock_threshold":null,"inheritable":false,"inbound_stock":0,"stock_on_hold":0,"sold_today":0,"sales_last_days":6,"out_stock_days":2,"lost_sales":4,"has_location":false,"update_date":"2026-04-14T09:50:03","atum_locations":[],"atum_stock_status":"outofstock","restock_status":false,"low_stock_amount":"","sales_update_date":"2026-04-14T09:50:03","calc_backorders":null,"yoast_head":"<!-- This site is optimized with the Yoast SEO plugin v27.2 - https:\/\/yoast.com\/product\/yoast-seo-wordpress\/ -->\n<title>\u00d6ine h\u00fcdrogeelmask Biodance Hydro Cera-Nol Real Deep Mask - IDA.KOREA<\/title>\n<meta name=\"description\" content=\"Biodance Hydro Cera-Nol Real Deep Mask \u00f6ine h\u00fcdrogeelmask on sulav mask, mis on immutatud kontsentreeritud essentsiga.\" \/>\n<meta name=\"robots\" content=\"index, follow, max-snippet:-1, max-image-preview:large, max-video-preview:-1\" \/>\n<link rel=\"canonical\" href=\"https:\/\/idakorea.ee\/fi\/product\/oine-hudrogeelmask-biodance-hydro-cera-nol-real-deep-mask\/\" \/>\n<meta property=\"og:locale\" content=\"fi_FI\" \/>\n<meta property=\"og:type\" content=\"article\" \/>\n<meta property=\"og:title\" content=\"\u00d6ine h\u00fcdrogeelmask Biodance Hydro Cera-Nol Real Deep Mask - IDA.KOREA\" \/>\n<meta property=\"og:description\" content=\"Biodance Hydro Cera-Nol Real Deep Mask \u00f6ine h\u00fcdrogeelmask on sulav mask, mis on immutatud kontsentreeritud essentsiga.\" \/>\n<meta property=\"og:url\" content=\"https:\/\/idakorea.ee\/fi\/product\/oine-hudrogeelmask-biodance-hydro-cera-nol-real-deep-mask\/\" \/>\n<meta property=\"og:site_name\" content=\"IDA.KOREA\" \/>\n<meta property=\"article:modified_time\" content=\"2026-04-12T07:25:28+00:00\" \/>\n<meta property=\"og:image\" content=\"https:\/\/idakorea.ee\/wp-content\/uploads\/2024\/06\/biodance-hydro-cera_nol-real-deep-mask-sheet.jpg\" \/>\n\t<meta property=\"og:image:width\" content=\"1000\" \/>\n\t<meta property=\"og:image:height\" content=\"1000\" \/>\n\t<meta property=\"og:image:type\" content=\"image\/jpeg\" \/>\n<meta name=\"twitter:card\" content=\"summary_large_image\" \/>\n<meta name=\"twitter:label1\" content=\"Arvioitu lukuaika\" \/>\n\t<meta name=\"twitter:data1\" content=\"2 minuuttia\" \/>\n<script type=\"application\/ld+json\" class=\"yoast-schema-graph\">{\"@context\":\"https:\/\/schema.org\",\"@graph\":[{\"@type\":\"WebPage\",\"@id\":\"https:\/\/idakorea.ee\/product\/oine-hudrogeelmask-biodance-hydro-cera-nol-real-deep-mask\/\",\"url\":\"https:\/\/idakorea.ee\/product\/oine-hudrogeelmask-biodance-hydro-cera-nol-real-deep-mask\/\",\"name\":\"\u00d6ine h\u00fcdrogeelmask Biodance Hydro Cera-Nol Real Deep Mask - IDA.KOREA\",\"isPartOf\":{\"@id\":\"https:\/\/idakorea.ee\/#website\"},\"primaryImageOfPage\":{\"@id\":\"https:\/\/idakorea.ee\/product\/oine-hudrogeelmask-biodance-hydro-cera-nol-real-deep-mask\/#primaryimage\"},\"image\":{\"@id\":\"https:\/\/idakorea.ee\/product\/oine-hudrogeelmask-biodance-hydro-cera-nol-real-deep-mask\/#primaryimage\"},\"thumbnailUrl\":\"https:\/\/idakorea.ee\/wp-content\/uploads\/2024\/06\/biodance-hydro-cera_nol-real-deep-mask-sheet.jpg\",\"datePublished\":\"2024-06-28T10:09:30+00:00\",\"dateModified\":\"2026-04-12T07:25:28+00:00\",\"description\":\"Biodance Hydro Cera-Nol Real Deep Mask \u00f6ine h\u00fcdrogeelmask on sulav mask, mis on immutatud kontsentreeritud essentsiga.\",\"breadcrumb\":{\"@id\":\"https:\/\/idakorea.ee\/product\/oine-hudrogeelmask-biodance-hydro-cera-nol-real-deep-mask\/#breadcrumb\"},\"inLanguage\":\"fi\",\"potentialAction\":[{\"@type\":\"ReadAction\",\"target\":[\"https:\/\/idakorea.ee\/product\/oine-hudrogeelmask-biodance-hydro-cera-nol-real-deep-mask\/\"]}]},{\"@type\":\"ImageObject\",\"inLanguage\":\"fi\",\"@id\":\"https:\/\/idakorea.ee\/product\/oine-hudrogeelmask-biodance-hydro-cera-nol-real-deep-mask\/#primaryimage\",\"url\":\"https:\/\/idakorea.ee\/wp-content\/uploads\/2024\/06\/biodance-hydro-cera_nol-real-deep-mask-sheet.jpg\",\"contentUrl\":\"https:\/\/idakorea.ee\/wp-content\/uploads\/2024\/06\/biodance-hydro-cera_nol-real-deep-mask-sheet.jpg\",\"width\":1000,\"height\":1000,\"caption\":\"Biodance real deep mask\"},{\"@type\":\"BreadcrumbList\",\"@id\":\"https:\/\/idakorea.ee\/product\/oine-hudrogeelmask-biodance-hydro-cera-nol-real-deep-mask\/#breadcrumb\",\"itemListElement\":[{\"@type\":\"ListItem\",\"position\":1,\"name\":\"\u0413\u043b\u0430\u0432\u043d\u0430\u044f \u0441\u0442\u0440\u0430\u043d\u0438\u0446\u0430\",\"item\":\"https:\/\/idakorea.ee\/\"},{\"@type\":\"ListItem\",\"position\":2,\"name\":\"Shop\",\"item\":\"https:\/\/idakorea.ee\/shop-2\/\"},{\"@type\":\"ListItem\",\"position\":3,\"name\":\"\u00d6ine h\u00fcdrogeelmask Biodance Hydro Cera-Nol Real Deep Mask\"}]},{\"@type\":\"WebSite\",\"@id\":\"https:\/\/idakorea.ee\/#website\",\"url\":\"https:\/\/idakorea.ee\/\",\"name\":\"IDA.KOREA\",\"description\":\"Korea kosmeetika e-pood\",\"publisher\":{\"@id\":\"https:\/\/idakorea.ee\/#organization\"},\"alternateName\":\"Beauty Shop\",\"potentialAction\":[{\"@type\":\"SearchAction\",\"target\":{\"@type\":\"EntryPoint\",\"urlTemplate\":\"https:\/\/idakorea.ee\/?s={search_term_string}\"},\"query-input\":{\"@type\":\"PropertyValueSpecification\",\"valueRequired\":true,\"valueName\":\"search_term_string\"}}],\"inLanguage\":\"fi\"},{\"@type\":\"Organization\",\"@id\":\"https:\/\/idakorea.ee\/#organization\",\"name\":\"IDA.KOREA\",\"url\":\"https:\/\/idakorea.ee\/\",\"logo\":{\"@type\":\"ImageObject\",\"inLanguage\":\"fi\",\"@id\":\"https:\/\/idakorea.ee\/#\/schema\/logo\/image\/\",\"url\":\"https:\/\/idakorea.ee\/wp-content\/uploads\/2024\/05\/cropped-korea3.png\",\"contentUrl\":\"https:\/\/idakorea.ee\/wp-content\/uploads\/2024\/05\/cropped-korea3.png\",\"width\":688,\"height\":126,\"caption\":\"IDA.KOREA\"},\"image\":{\"@id\":\"https:\/\/idakorea.ee\/#\/schema\/logo\/image\/\"},\"sameAs\":[\"https:\/\/www.instagram.com\/ida.korea\/\"]}]}<\/script>\n<!-- \/ Yoast SEO plugin. -->","yoast_head_json":{"title":"Biodance Hydro Cera-Nol Real Deep Mask - IT\u00c4-KOREA","description":"Biodance Hydro Cera-Nol Real Deep Mask -y\u00f6hydrogeelinaamio on sulava naamio, johon on lis\u00e4tty tiivistetty\u00e4 uutetta.","robots":{"index":"index","follow":"follow","max-snippet":"max-snippet:-1","max-image-preview":"max-image-preview:large","max-video-preview":"max-video-preview:-1"},"canonical":"https:\/\/idakorea.ee\/fi\/product\/oine-hudrogeelmask-biodance-hydro-cera-nol-real-deep-mask\/","og_locale":"fi_FI","og_type":"article","og_title":"\u00d6ine h\u00fcdrogeelmask Biodance Hydro Cera-Nol Real Deep Mask - IDA.KOREA","og_description":"Biodance Hydro Cera-Nol Real Deep Mask \u00f6ine h\u00fcdrogeelmask on sulav mask, mis on immutatud kontsentreeritud essentsiga.","og_url":"https:\/\/idakorea.ee\/fi\/product\/oine-hudrogeelmask-biodance-hydro-cera-nol-real-deep-mask\/","og_site_name":"IDA.KOREA","article_modified_time":"2026-04-12T07:25:28+00:00","og_image":[{"width":1000,"height":1000,"url":"https:\/\/idakorea.ee\/wp-content\/uploads\/2024\/06\/biodance-hydro-cera_nol-real-deep-mask-sheet.jpg","type":"image\/jpeg"}],"twitter_card":"summary_large_image","twitter_misc":{"Arvioitu lukuaika":"2 minuuttia"},"schema":{"@context":"https:\/\/schema.org","@graph":[{"@type":"WebPage","@id":"https:\/\/idakorea.ee\/product\/oine-hudrogeelmask-biodance-hydro-cera-nol-real-deep-mask\/","url":"https:\/\/idakorea.ee\/product\/oine-hudrogeelmask-biodance-hydro-cera-nol-real-deep-mask\/","name":"Biodance Hydro Cera-Nol Real Deep Mask - IT\u00c4-KOREA","isPartOf":{"@id":"https:\/\/idakorea.ee\/#website"},"primaryImageOfPage":{"@id":"https:\/\/idakorea.ee\/product\/oine-hudrogeelmask-biodance-hydro-cera-nol-real-deep-mask\/#primaryimage"},"image":{"@id":"https:\/\/idakorea.ee\/product\/oine-hudrogeelmask-biodance-hydro-cera-nol-real-deep-mask\/#primaryimage"},"thumbnailUrl":"https:\/\/idakorea.ee\/wp-content\/uploads\/2024\/06\/biodance-hydro-cera_nol-real-deep-mask-sheet.jpg","datePublished":"2024-06-28T10:09:30+00:00","dateModified":"2026-04-12T07:25:28+00:00","description":"Biodance Hydro Cera-Nol Real Deep Mask -y\u00f6hydrogeelinaamio on sulava naamio, johon on lis\u00e4tty tiivistetty\u00e4 uutetta.","breadcrumb":{"@id":"https:\/\/idakorea.ee\/product\/oine-hudrogeelmask-biodance-hydro-cera-nol-real-deep-mask\/#breadcrumb"},"inLanguage":"fi","potentialAction":[{"@type":"ReadAction","target":["https:\/\/idakorea.ee\/product\/oine-hudrogeelmask-biodance-hydro-cera-nol-real-deep-mask\/"]}]},{"@type":"ImageObject","inLanguage":"fi","@id":"https:\/\/idakorea.ee\/product\/oine-hudrogeelmask-biodance-hydro-cera-nol-real-deep-mask\/#primaryimage","url":"https:\/\/idakorea.ee\/wp-content\/uploads\/2024\/06\/biodance-hydro-cera_nol-real-deep-mask-sheet.jpg","contentUrl":"https:\/\/idakorea.ee\/wp-content\/uploads\/2024\/06\/biodance-hydro-cera_nol-real-deep-mask-sheet.jpg","width":1000,"height":1000,"caption":"Biodance real deep mask"},{"@type":"BreadcrumbList","@id":"https:\/\/idakorea.ee\/product\/oine-hudrogeelmask-biodance-hydro-cera-nol-real-deep-mask\/#breadcrumb","itemListElement":[{"@type":"ListItem","position":1,"name":"\u0413\u043b\u0430\u0432\u043d\u0430\u044f \u0441\u0442\u0440\u0430\u043d\u0438\u0446\u0430","item":"https:\/\/idakorea.ee\/"},{"@type":"ListItem","position":2,"name":"Shop","item":"https:\/\/idakorea.ee\/shop-2\/"},{"@type":"ListItem","position":3,"name":"\u00d6ine h\u00fcdrogeelmask Biodance Hydro Cera-Nol Real Deep Mask"}]},{"@type":"WebSite","@id":"https:\/\/idakorea.ee\/#website","url":"https:\/\/idakorea.ee\/","name":"IDA.KOREA","description":"Korean kosmetiikan verkkokauppa","publisher":{"@id":"https:\/\/idakorea.ee\/#organization"},"alternateName":"Beauty Shop","potentialAction":[{"@type":"SearchAction","target":{"@type":"EntryPoint","urlTemplate":"https:\/\/idakorea.ee\/?s={search_term_string}"},"query-input":{"@type":"PropertyValueSpecification","valueRequired":true,"valueName":"search_term_string"}}],"inLanguage":"fi"},{"@type":"Organization","@id":"https:\/\/idakorea.ee\/#organization","name":"IDA.KOREA","url":"https:\/\/idakorea.ee\/","logo":{"@type":"ImageObject","inLanguage":"fi","@id":"https:\/\/idakorea.ee\/#\/schema\/logo\/image\/","url":"https:\/\/idakorea.ee\/wp-content\/uploads\/2024\/05\/cropped-korea3.png","contentUrl":"https:\/\/idakorea.ee\/wp-content\/uploads\/2024\/05\/cropped-korea3.png","width":688,"height":126,"caption":"IDA.KOREA"},"image":{"@id":"https:\/\/idakorea.ee\/#\/schema\/logo\/image\/"},"sameAs":["https:\/\/www.instagram.com\/ida.korea\/"]}]}},"jetpack_sharing_enabled":true,"brands":[{"id":113,"name":"BIODANCE","slug":"biodance"}],"_links":{"self":[{"href":"https:\/\/idakorea.ee\/fi\/wp-json\/wp\/v2\/product\/8896","targetHints":{"allow":["GET"]}}],"collection":[{"href":"https:\/\/idakorea.ee\/fi\/wp-json\/wp\/v2\/product"}],"about":[{"href":"https:\/\/idakorea.ee\/fi\/wp-json\/wp\/v2\/types\/product"}],"replies":[{"embeddable":true,"href":"https:\/\/idakorea.ee\/fi\/wp-json\/wp\/v2\/comments?post=8896"}],"version-history":[{"count":2,"href":"https:\/\/idakorea.ee\/fi\/wp-json\/wp\/v2\/product\/8896\/revisions"}],"predecessor-version":[{"id":15853,"href":"https:\/\/idakorea.ee\/fi\/wp-json\/wp\/v2\/product\/8896\/revisions\/15853"}],"wp:featuredmedia":[{"embeddable":true,"href":"https:\/\/idakorea.ee\/fi\/wp-json\/wp\/v2\/media\/8897"}],"wp:attachment":[{"href":"https:\/\/idakorea.ee\/fi\/wp-json\/wp\/v2\/media?parent=8896"}],"wp:term":[{"taxonomy":"pwb-brand","embeddable":true,"href":"https:\/\/idakorea.ee\/fi\/wp-json\/wp\/v2\/pwb-brand?post=8896"},{"taxonomy":"product_brand","embeddable":true,"href":"https:\/\/idakorea.ee\/fi\/wp-json\/wp\/v2\/product_brand?post=8896"},{"taxonomy":"product_cat","embeddable":true,"href":"https:\/\/idakorea.ee\/fi\/wp-json\/wp\/v2\/product_cat?post=8896"},{"taxonomy":"product_tag","embeddable":true,"href":"https:\/\/idakorea.ee\/fi\/wp-json\/wp\/v2\/product_tag?post=8896"}],"curies":[{"name":"wp","href":"https:\/\/api.w.org\/{rel}","templated":true}]}}