{"id":8908,"date":"2024-06-28T10:30:11","date_gmt":"2024-06-28T10:30:11","guid":{"rendered":"https:\/\/idakorea.ee\/?post_type=product&#038;p=8908"},"modified":"2026-03-19T20:12:56","modified_gmt":"2026-03-19T18:12:56","slug":"kollageeni-ampullpadjad-mediheal-collagen-ampoule-pad-100tk","status":"publish","type":"product","link":"https:\/\/idakorea.ee\/fi\/product\/kollageeni-ampullpadjad-mediheal-collagen-ampoule-pad-100tk\/","title":{"rendered":"Kollageeniampullityynyt Mediheal Kollageeniampullityynyt, 100kpl"},"content":{"rendered":"<div class=\"flex flex-grow flex-col max-w-full\">\n<div class=\"min-h-[20px] text-message flex flex-col items-start whitespace-pre-wrap break-words [.text-message+&amp;]:mt-5 juice:w-full juice:items-end overflow-x-auto gap-2\" dir=\"auto\" data-message-author-role=\"assistant\" data-message-id=\"da81a06b-9df7-4dd0-ab21-4866d822fcdd\">\n<div class=\"flex w-full flex-col gap-1 juice:empty:hidden juice:first:pt-[3px]\">\n<div class=\"markdown prose w-full break-words dark:prose-invert light\">\n<p><strong>Mediheal Collagen Ampoule Pad<\/strong> kollageeni ampullpadjad normaliseerivad optimaalse pH taseme p\u00e4rast pesemist, leevendavad kuivust ja pinguldatust. Neid saab kasutada lokaalse maskina kiireks naha taastamiseks ja \u00e4rrituse leevendamiseks. Peadpadi tagavad \u00fcldise tugevdava toime, stimuleerivad kollageenikiudude s\u00fcnteesi ja tugevdavad nahka.<\/p>\n<p>Eriline liposomaalne tehnoloogia kiirendab toimeainete tungimist epidermisesse, suurendades nende m\u00f5ju efektiivsust. Peadpadi intensiivselt niisutavad, v\u00f5itlevad ketenduse vastu ja aeglustavad vananemisprotsesse.<\/p>\n<p><strong>Peamised toimeained:<\/strong><\/p>\n<ul>\n<li>Kollageen (1000 ppm) taastab epidermise struktuuri seestpoolt, tugevdab rakkude seinu ja parandab valkude metabolismi. Toetab naha maatriksit, silub kortse ja jooni.<\/li>\n<li>Piimavalkudest saadud proteiinid omavad v\u00f5imsaid antioks\u00fcdantseid omadusi, tugevdavad kudesid ja parandavad nende kaitsefunktsioone. Annab nahale pehmuse ja sametise tekstuuri.<\/li>\n<li>Peptiidide kompleks tagab pideva rakkude regenereerimise ja uuendamise, omab s\u00fcgavat anti-age m\u00f5ju, v\u00e4hendab n\u00e4htavate kortsude ilmingut ja ennetab uute teket, aeglustades rakkude vananemist.<\/li>\n<li>Uurea s\u00e4ilitab loomuliku niiskustasakaalu. Omab antibakteriaalset, viirusevastast ja antimikroobset toimet. Parandab teiste koostisosade tungimist.<\/li>\n<li>Ts\u00fcramiidid suurendavad epidermise kaitsefunktsioone, ennetavad niiskuse kadu ja aitavad taastada nahka.<\/li>\n<\/ul>\n<p>Sobib k\u00f5ikidele nahat\u00fc\u00fcpidele.<\/p>\n<p><strong>Kasutusjuhend:<\/strong> P\u00e4rast pesemist p\u00fchkige \u00f5rnalt n\u00e4gu padjakestega v\u00f5i j\u00e4tke need 10-15 minutiks nahale, seej\u00e4rel eemaldage ja patsutage \u00f5rnalt s\u00f5rmeotstega, et \u00fclej\u00e4\u00e4nud essents imenduks nahka.<\/p>\n<\/div>\n<\/div>\n<\/div>\n<\/div>\n","protected":false},"excerpt":{"rendered":"<p>Mediheal Collagen Ampoule Pad kollageeniampullityynyt normalisoivat optimaalisen pH-tason pesun j\u00e4lkeen, lievitt\u00e4v\u00e4t kuivuutta ja kiristyst\u00e4. Niit\u00e4 voidaan k\u00e4ytt\u00e4\u00e4 paikallisena naamiona palauttamaan iho nopeasti ennalleen ja rauhoittamaan \u00e4rsytyst\u00e4. Padsilla on kokonaisvaltainen kiinteytt\u00e4v\u00e4 vaikutus, ne stimuloivat kollageenikuitujen synteesi\u00e4 ja vahvistavat ihoa. Erityinen liposomaalinen teknologia nopeuttaa aktiivisten ainesosien tunkeutumista epidermikseen, mik\u00e4 lis\u00e4\u00e4 niiden tehoa. Intensiivisesti kosteuttavat, ne torjuvat hilseily\u00e4 ja...<\/p>","protected":false},"featured_media":8909,"comment_status":"open","ping_status":"closed","template":"","meta":{"_uf_show_specific_survey":0,"_uf_disable_surveys":false,"_bst_post_transparent":"default","_bst_post_title":"","_bst_post_layout":"default","_bst_post_sidebar_id":"","_bst_post_content_style":"default","_bst_post_vertical_padding":"default","_bst_post_feature":"","_bst_post_feature_position":"","_bst_post_header":false,"_bst_post_footer":false},"pwb-brand":[446],"product_brand":[],"product_cat":[92,158],"product_tag":[233,377,202,246,447],"class_list":{"0":"post-8908","1":"product","2":"type-product","3":"status-publish","4":"has-post-thumbnail","6":"pwb-brand-mediheal","7":"product_cat-nagu","8":"product_cat-toonik","9":"product_tag-internet-pood-eesti","10":"product_tag-k-beauty-2","11":"product_tag-korea-kosmeetika","12":"product_tag-korea-naomaskid","13":"product_tag-mediheal","15":"first","16":"instock","17":"sale","18":"shipping-taxable","19":"purchasable","20":"product-type-simple","21":"entry","22":"content-bg","23":"loop-entry"},"supplier_id":null,"supplier_sku":"","barcode":null,"atum_controlled":true,"out_stock_date":null,"out_stock_threshold":null,"inheritable":false,"inbound_stock":0,"stock_on_hold":0,"sold_today":0,"sales_last_days":0,"out_stock_days":0,"lost_sales":0,"has_location":false,"update_date":"2026-04-14T00:05:10","atum_locations":[],"atum_stock_status":"instock","restock_status":false,"low_stock_amount":"","sales_update_date":"2026-04-14T00:05:10","calc_backorders":null,"yoast_head":"<!-- This site is optimized with the Yoast SEO plugin v27.2 - https:\/\/yoast.com\/product\/yoast-seo-wordpress\/ -->\n<title>Kollageeni ampullpadjad Mediheal Collagen Ampoule Pad, 100tk - IDA.KOREA<\/title>\n<meta name=\"description\" content=\"Mediheal Collagen Ampoule Pad kollageeni ampullpadjad normaliseerivad optimaalse pH taseme p\u00e4rast pesemist, leevendavad kuivust ja pinguldatust. Neid saab kasutada lokaalse maskina kiireks naha taastamiseks ja \u00e4rrituse leevendamiseks. Peadpadi tagavad \u00fcldise tugevdava toime, stimuleerivad kollageenikiudude s\u00fcnteesi ja tugevdavad nahka.\" \/>\n<meta name=\"robots\" content=\"index, follow, max-snippet:-1, max-image-preview:large, max-video-preview:-1\" \/>\n<link rel=\"canonical\" href=\"https:\/\/idakorea.ee\/fi\/product\/kollageeni-ampullpadjad-mediheal-collagen-ampoule-pad-100tk\/\" \/>\n<meta property=\"og:locale\" content=\"fi_FI\" \/>\n<meta property=\"og:type\" content=\"article\" \/>\n<meta property=\"og:title\" content=\"Kollageeni ampullpadjad Mediheal Collagen Ampoule Pad, 100tk - IDA.KOREA\" \/>\n<meta property=\"og:description\" content=\"Mediheal Collagen Ampoule Pad kollageeni ampullpadjad normaliseerivad optimaalse pH taseme p\u00e4rast pesemist, leevendavad kuivust ja pinguldatust. Neid saab kasutada lokaalse maskina kiireks naha taastamiseks ja \u00e4rrituse leevendamiseks. Peadpadi tagavad \u00fcldise tugevdava toime, stimuleerivad kollageenikiudude s\u00fcnteesi ja tugevdavad nahka.\" \/>\n<meta property=\"og:url\" content=\"https:\/\/idakorea.ee\/fi\/product\/kollageeni-ampullpadjad-mediheal-collagen-ampoule-pad-100tk\/\" \/>\n<meta property=\"og:site_name\" content=\"IDA.KOREA\" \/>\n<meta property=\"article:modified_time\" content=\"2026-03-19T18:12:56+00:00\" \/>\n<meta property=\"og:image\" content=\"https:\/\/idakorea.ee\/wp-content\/uploads\/2024\/06\/hollyshop-_-2024_06_19t160924.659-_1_.jpg\" \/>\n\t<meta property=\"og:image:width\" content=\"1000\" \/>\n\t<meta property=\"og:image:height\" content=\"1000\" \/>\n\t<meta property=\"og:image:type\" content=\"image\/jpeg\" \/>\n<meta name=\"twitter:card\" content=\"summary_large_image\" \/>\n<meta name=\"twitter:label1\" content=\"Arvioitu lukuaika\" \/>\n\t<meta name=\"twitter:data1\" content=\"2 minuuttia\" \/>\n<script type=\"application\/ld+json\" class=\"yoast-schema-graph\">{\"@context\":\"https:\/\/schema.org\",\"@graph\":[{\"@type\":\"WebPage\",\"@id\":\"https:\/\/idakorea.ee\/product\/kollageeni-ampullpadjad-mediheal-collagen-ampoule-pad-100tk\/\",\"url\":\"https:\/\/idakorea.ee\/product\/kollageeni-ampullpadjad-mediheal-collagen-ampoule-pad-100tk\/\",\"name\":\"Kollageeni ampullpadjad Mediheal Collagen Ampoule Pad, 100tk - IDA.KOREA\",\"isPartOf\":{\"@id\":\"https:\/\/idakorea.ee\/#website\"},\"primaryImageOfPage\":{\"@id\":\"https:\/\/idakorea.ee\/product\/kollageeni-ampullpadjad-mediheal-collagen-ampoule-pad-100tk\/#primaryimage\"},\"image\":{\"@id\":\"https:\/\/idakorea.ee\/product\/kollageeni-ampullpadjad-mediheal-collagen-ampoule-pad-100tk\/#primaryimage\"},\"thumbnailUrl\":\"https:\/\/idakorea.ee\/wp-content\/uploads\/2024\/06\/hollyshop-_-2024_06_19t160924.659-_1_.jpg\",\"datePublished\":\"2024-06-28T10:30:11+00:00\",\"dateModified\":\"2026-03-19T18:12:56+00:00\",\"description\":\"Mediheal Collagen Ampoule Pad kollageeni ampullpadjad normaliseerivad optimaalse pH taseme p\u00e4rast pesemist, leevendavad kuivust ja pinguldatust. Neid saab kasutada lokaalse maskina kiireks naha taastamiseks ja \u00e4rrituse leevendamiseks. Peadpadi tagavad \u00fcldise tugevdava toime, stimuleerivad kollageenikiudude s\u00fcnteesi ja tugevdavad nahka.\",\"breadcrumb\":{\"@id\":\"https:\/\/idakorea.ee\/product\/kollageeni-ampullpadjad-mediheal-collagen-ampoule-pad-100tk\/#breadcrumb\"},\"inLanguage\":\"fi\",\"potentialAction\":[{\"@type\":\"ReadAction\",\"target\":[\"https:\/\/idakorea.ee\/product\/kollageeni-ampullpadjad-mediheal-collagen-ampoule-pad-100tk\/\"]}]},{\"@type\":\"ImageObject\",\"inLanguage\":\"fi\",\"@id\":\"https:\/\/idakorea.ee\/product\/kollageeni-ampullpadjad-mediheal-collagen-ampoule-pad-100tk\/#primaryimage\",\"url\":\"https:\/\/idakorea.ee\/wp-content\/uploads\/2024\/06\/hollyshop-_-2024_06_19t160924.659-_1_.jpg\",\"contentUrl\":\"https:\/\/idakorea.ee\/wp-content\/uploads\/2024\/06\/hollyshop-_-2024_06_19t160924.659-_1_.jpg\",\"width\":1000,\"height\":1000},{\"@type\":\"BreadcrumbList\",\"@id\":\"https:\/\/idakorea.ee\/product\/kollageeni-ampullpadjad-mediheal-collagen-ampoule-pad-100tk\/#breadcrumb\",\"itemListElement\":[{\"@type\":\"ListItem\",\"position\":1,\"name\":\"\u0413\u043b\u0430\u0432\u043d\u0430\u044f \u0441\u0442\u0440\u0430\u043d\u0438\u0446\u0430\",\"item\":\"https:\/\/idakorea.ee\/\"},{\"@type\":\"ListItem\",\"position\":2,\"name\":\"Shop\",\"item\":\"https:\/\/idakorea.ee\/shop-2\/\"},{\"@type\":\"ListItem\",\"position\":3,\"name\":\"Kollageeni ampullpadjad Mediheal Collagen Ampoule Pad, 100tk\"}]},{\"@type\":\"WebSite\",\"@id\":\"https:\/\/idakorea.ee\/#website\",\"url\":\"https:\/\/idakorea.ee\/\",\"name\":\"IDA.KOREA\",\"description\":\"Korea kosmeetika e-pood\",\"publisher\":{\"@id\":\"https:\/\/idakorea.ee\/#organization\"},\"alternateName\":\"Beauty Shop\",\"potentialAction\":[{\"@type\":\"SearchAction\",\"target\":{\"@type\":\"EntryPoint\",\"urlTemplate\":\"https:\/\/idakorea.ee\/?s={search_term_string}\"},\"query-input\":{\"@type\":\"PropertyValueSpecification\",\"valueRequired\":true,\"valueName\":\"search_term_string\"}}],\"inLanguage\":\"fi\"},{\"@type\":\"Organization\",\"@id\":\"https:\/\/idakorea.ee\/#organization\",\"name\":\"IDA.KOREA\",\"url\":\"https:\/\/idakorea.ee\/\",\"logo\":{\"@type\":\"ImageObject\",\"inLanguage\":\"fi\",\"@id\":\"https:\/\/idakorea.ee\/#\/schema\/logo\/image\/\",\"url\":\"https:\/\/idakorea.ee\/wp-content\/uploads\/2024\/05\/cropped-korea3.png\",\"contentUrl\":\"https:\/\/idakorea.ee\/wp-content\/uploads\/2024\/05\/cropped-korea3.png\",\"width\":688,\"height\":126,\"caption\":\"IDA.KOREA\"},\"image\":{\"@id\":\"https:\/\/idakorea.ee\/#\/schema\/logo\/image\/\"},\"sameAs\":[\"https:\/\/www.instagram.com\/ida.korea\/\"]}]}<\/script>\n<!-- \/ Yoast SEO plugin. -->","yoast_head_json":{"title":"Kollageeniampullityynyt Mediheal-kollageeniampullityyny, 100 kpl - IDA.KOREA","description":"Mediheal Collagen -ampullityynyt normalisoivat optimaalisen pH-tason pesun j\u00e4lkeen, lievitt\u00e4v\u00e4t kuivuutta ja kireyden tunnetta. Niit\u00e4 voidaan k\u00e4ytt\u00e4\u00e4 paikallisena naamiona ihon nopeaan uudistumiseen ja \u00e4rsytyksen lievitt\u00e4miseen. Tyynyt kiinteytt\u00e4v\u00e4t ihoa kokonaisvaltaisesti, stimuloivat kollageenikuitujen synteesi\u00e4 ja vahvistavat ihoa.","robots":{"index":"index","follow":"follow","max-snippet":"max-snippet:-1","max-image-preview":"max-image-preview:large","max-video-preview":"max-video-preview:-1"},"canonical":"https:\/\/idakorea.ee\/fi\/product\/kollageeni-ampullpadjad-mediheal-collagen-ampoule-pad-100tk\/","og_locale":"fi_FI","og_type":"article","og_title":"Kollageeni ampullpadjad Mediheal Collagen Ampoule Pad, 100tk - IDA.KOREA","og_description":"Mediheal Collagen Ampoule Pad kollageeni ampullpadjad normaliseerivad optimaalse pH taseme p\u00e4rast pesemist, leevendavad kuivust ja pinguldatust. Neid saab kasutada lokaalse maskina kiireks naha taastamiseks ja \u00e4rrituse leevendamiseks. Peadpadi tagavad \u00fcldise tugevdava toime, stimuleerivad kollageenikiudude s\u00fcnteesi ja tugevdavad nahka.","og_url":"https:\/\/idakorea.ee\/fi\/product\/kollageeni-ampullpadjad-mediheal-collagen-ampoule-pad-100tk\/","og_site_name":"IDA.KOREA","article_modified_time":"2026-03-19T18:12:56+00:00","og_image":[{"width":1000,"height":1000,"url":"https:\/\/idakorea.ee\/wp-content\/uploads\/2024\/06\/hollyshop-_-2024_06_19t160924.659-_1_.jpg","type":"image\/jpeg"}],"twitter_card":"summary_large_image","twitter_misc":{"Arvioitu lukuaika":"2 minuuttia"},"schema":{"@context":"https:\/\/schema.org","@graph":[{"@type":"WebPage","@id":"https:\/\/idakorea.ee\/product\/kollageeni-ampullpadjad-mediheal-collagen-ampoule-pad-100tk\/","url":"https:\/\/idakorea.ee\/product\/kollageeni-ampullpadjad-mediheal-collagen-ampoule-pad-100tk\/","name":"Kollageeniampullityynyt Mediheal-kollageeniampullityyny, 100 kpl - IDA.KOREA","isPartOf":{"@id":"https:\/\/idakorea.ee\/#website"},"primaryImageOfPage":{"@id":"https:\/\/idakorea.ee\/product\/kollageeni-ampullpadjad-mediheal-collagen-ampoule-pad-100tk\/#primaryimage"},"image":{"@id":"https:\/\/idakorea.ee\/product\/kollageeni-ampullpadjad-mediheal-collagen-ampoule-pad-100tk\/#primaryimage"},"thumbnailUrl":"https:\/\/idakorea.ee\/wp-content\/uploads\/2024\/06\/hollyshop-_-2024_06_19t160924.659-_1_.jpg","datePublished":"2024-06-28T10:30:11+00:00","dateModified":"2026-03-19T18:12:56+00:00","description":"Mediheal Collagen -ampullityynyt normalisoivat optimaalisen pH-tason pesun j\u00e4lkeen, lievitt\u00e4v\u00e4t kuivuutta ja kireyden tunnetta. Niit\u00e4 voidaan k\u00e4ytt\u00e4\u00e4 paikallisena naamiona ihon nopeaan uudistumiseen ja \u00e4rsytyksen lievitt\u00e4miseen. Tyynyt kiinteytt\u00e4v\u00e4t ihoa kokonaisvaltaisesti, stimuloivat kollageenikuitujen synteesi\u00e4 ja vahvistavat ihoa.","breadcrumb":{"@id":"https:\/\/idakorea.ee\/product\/kollageeni-ampullpadjad-mediheal-collagen-ampoule-pad-100tk\/#breadcrumb"},"inLanguage":"fi","potentialAction":[{"@type":"ReadAction","target":["https:\/\/idakorea.ee\/product\/kollageeni-ampullpadjad-mediheal-collagen-ampoule-pad-100tk\/"]}]},{"@type":"ImageObject","inLanguage":"fi","@id":"https:\/\/idakorea.ee\/product\/kollageeni-ampullpadjad-mediheal-collagen-ampoule-pad-100tk\/#primaryimage","url":"https:\/\/idakorea.ee\/wp-content\/uploads\/2024\/06\/hollyshop-_-2024_06_19t160924.659-_1_.jpg","contentUrl":"https:\/\/idakorea.ee\/wp-content\/uploads\/2024\/06\/hollyshop-_-2024_06_19t160924.659-_1_.jpg","width":1000,"height":1000},{"@type":"BreadcrumbList","@id":"https:\/\/idakorea.ee\/product\/kollageeni-ampullpadjad-mediheal-collagen-ampoule-pad-100tk\/#breadcrumb","itemListElement":[{"@type":"ListItem","position":1,"name":"\u0413\u043b\u0430\u0432\u043d\u0430\u044f \u0441\u0442\u0440\u0430\u043d\u0438\u0446\u0430","item":"https:\/\/idakorea.ee\/"},{"@type":"ListItem","position":2,"name":"Shop","item":"https:\/\/idakorea.ee\/shop-2\/"},{"@type":"ListItem","position":3,"name":"Kollageeni ampullpadjad Mediheal Collagen Ampoule Pad, 100tk"}]},{"@type":"WebSite","@id":"https:\/\/idakorea.ee\/#website","url":"https:\/\/idakorea.ee\/","name":"IDA.KOREA","description":"Korean kosmetiikan verkkokauppa","publisher":{"@id":"https:\/\/idakorea.ee\/#organization"},"alternateName":"Beauty Shop","potentialAction":[{"@type":"SearchAction","target":{"@type":"EntryPoint","urlTemplate":"https:\/\/idakorea.ee\/?s={search_term_string}"},"query-input":{"@type":"PropertyValueSpecification","valueRequired":true,"valueName":"search_term_string"}}],"inLanguage":"fi"},{"@type":"Organization","@id":"https:\/\/idakorea.ee\/#organization","name":"IDA.KOREA","url":"https:\/\/idakorea.ee\/","logo":{"@type":"ImageObject","inLanguage":"fi","@id":"https:\/\/idakorea.ee\/#\/schema\/logo\/image\/","url":"https:\/\/idakorea.ee\/wp-content\/uploads\/2024\/05\/cropped-korea3.png","contentUrl":"https:\/\/idakorea.ee\/wp-content\/uploads\/2024\/05\/cropped-korea3.png","width":688,"height":126,"caption":"IDA.KOREA"},"image":{"@id":"https:\/\/idakorea.ee\/#\/schema\/logo\/image\/"},"sameAs":["https:\/\/www.instagram.com\/ida.korea\/"]}]}},"jetpack_sharing_enabled":true,"brands":[{"id":446,"name":"MEDIHEAL","slug":"mediheal"}],"_links":{"self":[{"href":"https:\/\/idakorea.ee\/fi\/wp-json\/wp\/v2\/product\/8908","targetHints":{"allow":["GET"]}}],"collection":[{"href":"https:\/\/idakorea.ee\/fi\/wp-json\/wp\/v2\/product"}],"about":[{"href":"https:\/\/idakorea.ee\/fi\/wp-json\/wp\/v2\/types\/product"}],"replies":[{"embeddable":true,"href":"https:\/\/idakorea.ee\/fi\/wp-json\/wp\/v2\/comments?post=8908"}],"version-history":[{"count":1,"href":"https:\/\/idakorea.ee\/fi\/wp-json\/wp\/v2\/product\/8908\/revisions"}],"predecessor-version":[{"id":10250,"href":"https:\/\/idakorea.ee\/fi\/wp-json\/wp\/v2\/product\/8908\/revisions\/10250"}],"wp:featuredmedia":[{"embeddable":true,"href":"https:\/\/idakorea.ee\/fi\/wp-json\/wp\/v2\/media\/8909"}],"wp:attachment":[{"href":"https:\/\/idakorea.ee\/fi\/wp-json\/wp\/v2\/media?parent=8908"}],"wp:term":[{"taxonomy":"pwb-brand","embeddable":true,"href":"https:\/\/idakorea.ee\/fi\/wp-json\/wp\/v2\/pwb-brand?post=8908"},{"taxonomy":"product_brand","embeddable":true,"href":"https:\/\/idakorea.ee\/fi\/wp-json\/wp\/v2\/product_brand?post=8908"},{"taxonomy":"product_cat","embeddable":true,"href":"https:\/\/idakorea.ee\/fi\/wp-json\/wp\/v2\/product_cat?post=8908"},{"taxonomy":"product_tag","embeddable":true,"href":"https:\/\/idakorea.ee\/fi\/wp-json\/wp\/v2\/product_tag?post=8908"}],"curies":[{"name":"wp","href":"https:\/\/api.w.org\/{rel}","templated":true}]}}