{"id":9031,"date":"2024-06-29T09:44:21","date_gmt":"2024-06-29T09:44:21","guid":{"rendered":"https:\/\/idakorea.ee\/?post_type=product&#038;p=9031"},"modified":"2026-03-11T13:33:40","modified_gmt":"2026-03-11T11:33:40","slug":"hudrofiilne-oli-manyo-factory-pure-cleansing-oil","status":"publish","type":"product","link":"https:\/\/idakorea.ee\/fi\/product\/hudrofiilne-oli-manyo-factory-pure-cleansing-oil\/","title":{"rendered":"Hydrofiilinen \u00f6ljy Manyo Factory Pure Cleansing Oil, 200ml"},"content":{"rendered":"<p><strong>Manyo Factoryn puhdas puhdistus\u00f6ljy<\/strong> on syv\u00e4puhdistava hydrofiilinen \u00f6ljy, joka poistaa perusteellisesti kaikenlaisen lian, jopa pinttyneimm\u00e4n meikin, meikkivoiteet ja aurinkovoiteet.<\/p>\n<p>\u00d6ljy tunkeutuu syv\u00e4lle ihohuokosiin, puhdistaa ne tehokkaasti, poistaa kaikki likahiukkaset ja liuottaa talirauhasten tukkeumat. Se my\u00f6s s\u00e4\u00e4telee talirauhasten toimintaa ja kosteuttaa ihoa est\u00e4en kuivumista ja hilseily\u00e4. Ravitsee ja kosteuttaa tehokkaasti, puhdistaa hell\u00e4varaisesti, kuorii hell\u00e4varaisesti ja poistaa kuolleita ihosoluja. Normalisoi ihon vesi-lipiditasapainon vahingoittamatta ihon suojakerrosta ja yll\u00e4pit\u00e4en optimaalisen kosteustason.<\/p>\n<p>Tuote on eritt\u00e4in hell\u00e4varainen iholle ja sopii jopa herkimm\u00e4lle iholle, jolla on \u00e4rtyneit\u00e4 ihotyyppej\u00e4.<\/p>\n<p>Tuote koostuu 991 % luonnollisista ainesosista eik\u00e4 sis\u00e4ll\u00e4 mineraali\u00f6ljyj\u00e4 tai silikoneja.<\/p>\n<p><strong>T\u00e4rkeimm\u00e4t vaikuttavat aineet:<\/strong><\/p>\n<ul>\n<li><strong>Riisileseentsyymi<\/strong> on perinteinen aasialainen vaalennusaine. Se on erinomainen vitamiinien, kaliumin, kalsiumin, magnesiumin, fosforin, raudan ja muiden mineraalien ja hivenaineiden l\u00e4hde. Riisin aminohapot lis\u00e4\u00e4v\u00e4t kollageenin synteesi\u00e4, mik\u00e4 on v\u00e4ltt\u00e4m\u00e4t\u00f6nt\u00e4 ihon kimmoisuuden yll\u00e4pit\u00e4miseksi.<\/li>\n<li><strong>Argan\u00f6ljy<\/strong>, joka koostuu 80%-tyydyttym\u00e4tt\u00f6mist\u00e4 rasvahapoista, edist\u00e4\u00e4 ihon uusiutumista ja nuorentamista tehden siit\u00e4 joustavan ja pehme\u00e4n. Sis\u00e4lt\u00e4\u00e4 runsaasti E-vitamiinia, joka suojaa soluja vapaiden radikaalien haitallisilta vaikutuksilta.<\/li>\n<li><strong>Jojoba\u00f6ljy<\/strong> Tunkeutuu syv\u00e4lle ihoon kosteuttaen ja raviten sit\u00e4. Korkean E-vitamiinipitoisuutensa ansiosta se on erinomainen antioksidantti - se palauttaa, v\u00e4hent\u00e4\u00e4 tulehdusta ja normalisoi ihon kuntoa.<\/li>\n<li><strong>Oliivi\u00f6ljy<\/strong> on uudistava vaikutus, tasoittaa ryppyj\u00e4 ja ihojuonteita est\u00e4en niiden uusiutumisen.<\/li>\n<li><strong>Kamelian siemenuute<\/strong> V\u00e4hent\u00e4\u00e4 kosteuden haihtumista ja vahvistaa epidermiksen suojatoimintoja. Toimii hyvin kuivuneelle ja kuivalle iholle antaen pitk\u00e4kestoista kimmoisuutta.<\/li>\n<\/ul>\n<p>Sopii kuivalle ja herk\u00e4lle iholle.<\/p>\n<p><strong>K\u00e4ytt\u00f6opas:<\/strong> Levit\u00e4 tarvittava m\u00e4\u00e4r\u00e4 \u00f6ljy\u00e4 kuivalle iholle ja levit\u00e4 se tasaisesti. Lis\u00e4\u00e4 hieman vett\u00e4 ja jatka hieromista kosteilla k\u00e4sill\u00e4, kunnes \u00f6ljy muuttuu maitomaiseksi. Huuhtele mahdolliset j\u00e4\u00e4m\u00e4t pois. K\u00e4yt\u00e4 tarvittaessa puhdistusvaahtoa.<\/p>","protected":false},"excerpt":{"rendered":"<p>Manyo Factory Pure Cleansing Oil on syv\u00e4puhdistava hydrofiilinen \u00f6ljy, joka poistaa perusteellisesti kaikenlaisen lian, jopa kaikkein sitkeimm\u00e4n meikin, meikkivoiteen ja aurinkovoiteet. \u00d6ljy tunkeutuu syv\u00e4lle ihohuokosiin, puhdistaa ne tehokkaasti, poistaa kaikki likahiukkaset ja liuottaa rasvan. Se my\u00f6s s\u00e4\u00e4telee talirauhasia ja kosteuttaa ihoa ehk\u00e4isten kuivumista ja hilseily\u00e4. Ravitsee ja kosteuttaa intensiivisesti, puhdistaa hell\u00e4varaisesti, kuorii ja...<\/p>","protected":false},"featured_media":9032,"comment_status":"open","ping_status":"closed","template":"","meta":{"_uf_show_specific_survey":0,"_uf_disable_surveys":false,"_bst_post_transparent":"default","_bst_post_title":"","_bst_post_layout":"default","_bst_post_sidebar_id":"","_bst_post_content_style":"default","_bst_post_vertical_padding":"default","_bst_post_feature":"","_bst_post_feature_position":"","_bst_post_header":false,"_bst_post_footer":false},"pwb-brand":[448],"product_brand":[],"product_cat":[452,100],"product_tag":[897,450,671],"class_list":{"0":"post-9031","1":"product","2":"type-product","3":"status-publish","4":"has-post-thumbnail","6":"pwb-brand-manyo","7":"product_cat-naopuhastusgeelid","8":"product_cat-puhastusvahendid","9":"product_tag-black-head","10":"product_tag-manyo","11":"product_tag-oil","13":"first","14":"outofstock","15":"sale","16":"shipping-taxable","17":"purchasable","18":"product-type-simple","19":"entry","20":"content-bg","21":"loop-entry"},"supplier_id":null,"supplier_sku":"","barcode":null,"atum_controlled":true,"out_stock_date":"2026-03-11 13:33:40","out_stock_threshold":null,"inheritable":false,"inbound_stock":0,"stock_on_hold":0,"sold_today":0,"sales_last_days":0,"out_stock_days":33,"lost_sales":136,"has_location":false,"update_date":"2026-04-14T00:05:10","atum_locations":[],"atum_stock_status":"outofstock","restock_status":false,"low_stock_amount":"","sales_update_date":"2026-04-14T00:05:10","calc_backorders":null,"yoast_head":"<!-- This site is optimized with the Yoast SEO plugin v27.2 - https:\/\/yoast.com\/product\/yoast-seo-wordpress\/ -->\n<title>Manyo Factory Pure Cleansing Oil - IDA.KOREA<\/title>\n<meta name=\"description\" content=\"Manyo Factory Pure Cleansing Oil on s\u00fcgavpuhastav h\u00fcdrofiilne \u00f5li, mis eemaldab p\u00f5hjalikult igat t\u00fc\u00fcpi mustuse, isegi k\u00f5ige p\u00fcsivama meigi.\" \/>\n<meta name=\"robots\" content=\"index, follow, max-snippet:-1, max-image-preview:large, max-video-preview:-1\" \/>\n<link rel=\"canonical\" href=\"https:\/\/idakorea.ee\/fi\/product\/hudrofiilne-oli-manyo-factory-pure-cleansing-oil\/\" \/>\n<meta property=\"og:locale\" content=\"fi_FI\" \/>\n<meta property=\"og:type\" content=\"article\" \/>\n<meta property=\"og:title\" content=\"Manyo Factory Pure Cleansing Oil - IDA.KOREA\" \/>\n<meta property=\"og:description\" content=\"Manyo Factory Pure Cleansing Oil on s\u00fcgavpuhastav h\u00fcdrofiilne \u00f5li, mis eemaldab p\u00f5hjalikult igat t\u00fc\u00fcpi mustuse, isegi k\u00f5ige p\u00fcsivama meigi.\" \/>\n<meta property=\"og:url\" content=\"https:\/\/idakorea.ee\/fi\/product\/hudrofiilne-oli-manyo-factory-pure-cleansing-oil\/\" \/>\n<meta property=\"og:site_name\" content=\"IDA.KOREA\" \/>\n<meta property=\"article:modified_time\" content=\"2026-03-11T11:33:40+00:00\" \/>\n<meta property=\"og:image\" content=\"https:\/\/idakorea.ee\/wp-content\/uploads\/2024\/06\/manyo-pure-cleansing-oil.jpg\" \/>\n\t<meta property=\"og:image:width\" content=\"1000\" \/>\n\t<meta property=\"og:image:height\" content=\"1000\" \/>\n\t<meta property=\"og:image:type\" content=\"image\/jpeg\" \/>\n<meta name=\"twitter:card\" content=\"summary_large_image\" \/>\n<meta name=\"twitter:label1\" content=\"Arvioitu lukuaika\" \/>\n\t<meta name=\"twitter:data1\" content=\"2 minuuttia\" \/>\n<script type=\"application\/ld+json\" class=\"yoast-schema-graph\">{\"@context\":\"https:\/\/schema.org\",\"@graph\":[{\"@type\":\"WebPage\",\"@id\":\"https:\/\/idakorea.ee\/product\/hudrofiilne-oli-manyo-factory-pure-cleansing-oil\/\",\"url\":\"https:\/\/idakorea.ee\/product\/hudrofiilne-oli-manyo-factory-pure-cleansing-oil\/\",\"name\":\"Manyo Factory Pure Cleansing Oil - IDA.KOREA\",\"isPartOf\":{\"@id\":\"https:\/\/idakorea.ee\/#website\"},\"primaryImageOfPage\":{\"@id\":\"https:\/\/idakorea.ee\/product\/hudrofiilne-oli-manyo-factory-pure-cleansing-oil\/#primaryimage\"},\"image\":{\"@id\":\"https:\/\/idakorea.ee\/product\/hudrofiilne-oli-manyo-factory-pure-cleansing-oil\/#primaryimage\"},\"thumbnailUrl\":\"https:\/\/idakorea.ee\/wp-content\/uploads\/2024\/06\/manyo-pure-cleansing-oil.jpg\",\"datePublished\":\"2024-06-29T09:44:21+00:00\",\"dateModified\":\"2026-03-11T11:33:40+00:00\",\"description\":\"Manyo Factory Pure Cleansing Oil on s\u00fcgavpuhastav h\u00fcdrofiilne \u00f5li, mis eemaldab p\u00f5hjalikult igat t\u00fc\u00fcpi mustuse, isegi k\u00f5ige p\u00fcsivama meigi.\",\"breadcrumb\":{\"@id\":\"https:\/\/idakorea.ee\/product\/hudrofiilne-oli-manyo-factory-pure-cleansing-oil\/#breadcrumb\"},\"inLanguage\":\"fi\",\"potentialAction\":[{\"@type\":\"ReadAction\",\"target\":[\"https:\/\/idakorea.ee\/product\/hudrofiilne-oli-manyo-factory-pure-cleansing-oil\/\"]}]},{\"@type\":\"ImageObject\",\"inLanguage\":\"fi\",\"@id\":\"https:\/\/idakorea.ee\/product\/hudrofiilne-oli-manyo-factory-pure-cleansing-oil\/#primaryimage\",\"url\":\"https:\/\/idakorea.ee\/wp-content\/uploads\/2024\/06\/manyo-pure-cleansing-oil.jpg\",\"contentUrl\":\"https:\/\/idakorea.ee\/wp-content\/uploads\/2024\/06\/manyo-pure-cleansing-oil.jpg\",\"width\":1000,\"height\":1000},{\"@type\":\"BreadcrumbList\",\"@id\":\"https:\/\/idakorea.ee\/product\/hudrofiilne-oli-manyo-factory-pure-cleansing-oil\/#breadcrumb\",\"itemListElement\":[{\"@type\":\"ListItem\",\"position\":1,\"name\":\"\u0413\u043b\u0430\u0432\u043d\u0430\u044f \u0441\u0442\u0440\u0430\u043d\u0438\u0446\u0430\",\"item\":\"https:\/\/idakorea.ee\/\"},{\"@type\":\"ListItem\",\"position\":2,\"name\":\"Shop\",\"item\":\"https:\/\/idakorea.ee\/shop-2\/\"},{\"@type\":\"ListItem\",\"position\":3,\"name\":\"H\u00fcdrofiilne \u00f5li Manyo Factory Pure Cleansing Oil, 200ml\"}]},{\"@type\":\"WebSite\",\"@id\":\"https:\/\/idakorea.ee\/#website\",\"url\":\"https:\/\/idakorea.ee\/\",\"name\":\"IDA.KOREA\",\"description\":\"Korea kosmeetika e-pood\",\"publisher\":{\"@id\":\"https:\/\/idakorea.ee\/#organization\"},\"alternateName\":\"Beauty Shop\",\"potentialAction\":[{\"@type\":\"SearchAction\",\"target\":{\"@type\":\"EntryPoint\",\"urlTemplate\":\"https:\/\/idakorea.ee\/?s={search_term_string}\"},\"query-input\":{\"@type\":\"PropertyValueSpecification\",\"valueRequired\":true,\"valueName\":\"search_term_string\"}}],\"inLanguage\":\"fi\"},{\"@type\":\"Organization\",\"@id\":\"https:\/\/idakorea.ee\/#organization\",\"name\":\"IDA.KOREA\",\"url\":\"https:\/\/idakorea.ee\/\",\"logo\":{\"@type\":\"ImageObject\",\"inLanguage\":\"fi\",\"@id\":\"https:\/\/idakorea.ee\/#\/schema\/logo\/image\/\",\"url\":\"https:\/\/idakorea.ee\/wp-content\/uploads\/2024\/05\/cropped-korea3.png\",\"contentUrl\":\"https:\/\/idakorea.ee\/wp-content\/uploads\/2024\/05\/cropped-korea3.png\",\"width\":688,\"height\":126,\"caption\":\"IDA.KOREA\"},\"image\":{\"@id\":\"https:\/\/idakorea.ee\/#\/schema\/logo\/image\/\"},\"sameAs\":[\"https:\/\/www.instagram.com\/ida.korea\/\"]}]}<\/script>\n<!-- \/ Yoast SEO plugin. -->","yoast_head_json":{"title":"Manyo Factory Pure Cleansing Oil - IDA.KOREA","description":"Manyo Factory Pure Cleansing Oil on syv\u00e4puhdistava hydrofiilinen \u00f6ljy, joka poistaa perusteellisesti kaikenlaisen lian, jopa pinttyneimm\u00e4n meikin.","robots":{"index":"index","follow":"follow","max-snippet":"max-snippet:-1","max-image-preview":"max-image-preview:large","max-video-preview":"max-video-preview:-1"},"canonical":"https:\/\/idakorea.ee\/fi\/product\/hudrofiilne-oli-manyo-factory-pure-cleansing-oil\/","og_locale":"fi_FI","og_type":"article","og_title":"Manyo Factory Pure Cleansing Oil - IDA.KOREA","og_description":"Manyo Factory Pure Cleansing Oil on s\u00fcgavpuhastav h\u00fcdrofiilne \u00f5li, mis eemaldab p\u00f5hjalikult igat t\u00fc\u00fcpi mustuse, isegi k\u00f5ige p\u00fcsivama meigi.","og_url":"https:\/\/idakorea.ee\/fi\/product\/hudrofiilne-oli-manyo-factory-pure-cleansing-oil\/","og_site_name":"IDA.KOREA","article_modified_time":"2026-03-11T11:33:40+00:00","og_image":[{"width":1000,"height":1000,"url":"https:\/\/idakorea.ee\/wp-content\/uploads\/2024\/06\/manyo-pure-cleansing-oil.jpg","type":"image\/jpeg"}],"twitter_card":"summary_large_image","twitter_misc":{"Arvioitu lukuaika":"2 minuuttia"},"schema":{"@context":"https:\/\/schema.org","@graph":[{"@type":"WebPage","@id":"https:\/\/idakorea.ee\/product\/hudrofiilne-oli-manyo-factory-pure-cleansing-oil\/","url":"https:\/\/idakorea.ee\/product\/hudrofiilne-oli-manyo-factory-pure-cleansing-oil\/","name":"Manyo Factory Pure Cleansing Oil - IDA.KOREA","isPartOf":{"@id":"https:\/\/idakorea.ee\/#website"},"primaryImageOfPage":{"@id":"https:\/\/idakorea.ee\/product\/hudrofiilne-oli-manyo-factory-pure-cleansing-oil\/#primaryimage"},"image":{"@id":"https:\/\/idakorea.ee\/product\/hudrofiilne-oli-manyo-factory-pure-cleansing-oil\/#primaryimage"},"thumbnailUrl":"https:\/\/idakorea.ee\/wp-content\/uploads\/2024\/06\/manyo-pure-cleansing-oil.jpg","datePublished":"2024-06-29T09:44:21+00:00","dateModified":"2026-03-11T11:33:40+00:00","description":"Manyo Factory Pure Cleansing Oil on syv\u00e4puhdistava hydrofiilinen \u00f6ljy, joka poistaa perusteellisesti kaikenlaisen lian, jopa pinttyneimm\u00e4n meikin.","breadcrumb":{"@id":"https:\/\/idakorea.ee\/product\/hudrofiilne-oli-manyo-factory-pure-cleansing-oil\/#breadcrumb"},"inLanguage":"fi","potentialAction":[{"@type":"ReadAction","target":["https:\/\/idakorea.ee\/product\/hudrofiilne-oli-manyo-factory-pure-cleansing-oil\/"]}]},{"@type":"ImageObject","inLanguage":"fi","@id":"https:\/\/idakorea.ee\/product\/hudrofiilne-oli-manyo-factory-pure-cleansing-oil\/#primaryimage","url":"https:\/\/idakorea.ee\/wp-content\/uploads\/2024\/06\/manyo-pure-cleansing-oil.jpg","contentUrl":"https:\/\/idakorea.ee\/wp-content\/uploads\/2024\/06\/manyo-pure-cleansing-oil.jpg","width":1000,"height":1000},{"@type":"BreadcrumbList","@id":"https:\/\/idakorea.ee\/product\/hudrofiilne-oli-manyo-factory-pure-cleansing-oil\/#breadcrumb","itemListElement":[{"@type":"ListItem","position":1,"name":"\u0413\u043b\u0430\u0432\u043d\u0430\u044f \u0441\u0442\u0440\u0430\u043d\u0438\u0446\u0430","item":"https:\/\/idakorea.ee\/"},{"@type":"ListItem","position":2,"name":"Shop","item":"https:\/\/idakorea.ee\/shop-2\/"},{"@type":"ListItem","position":3,"name":"H\u00fcdrofiilne \u00f5li Manyo Factory Pure Cleansing Oil, 200ml"}]},{"@type":"WebSite","@id":"https:\/\/idakorea.ee\/#website","url":"https:\/\/idakorea.ee\/","name":"IDA.KOREA","description":"Korean kosmetiikan verkkokauppa","publisher":{"@id":"https:\/\/idakorea.ee\/#organization"},"alternateName":"Beauty Shop","potentialAction":[{"@type":"SearchAction","target":{"@type":"EntryPoint","urlTemplate":"https:\/\/idakorea.ee\/?s={search_term_string}"},"query-input":{"@type":"PropertyValueSpecification","valueRequired":true,"valueName":"search_term_string"}}],"inLanguage":"fi"},{"@type":"Organization","@id":"https:\/\/idakorea.ee\/#organization","name":"IDA.KOREA","url":"https:\/\/idakorea.ee\/","logo":{"@type":"ImageObject","inLanguage":"fi","@id":"https:\/\/idakorea.ee\/#\/schema\/logo\/image\/","url":"https:\/\/idakorea.ee\/wp-content\/uploads\/2024\/05\/cropped-korea3.png","contentUrl":"https:\/\/idakorea.ee\/wp-content\/uploads\/2024\/05\/cropped-korea3.png","width":688,"height":126,"caption":"IDA.KOREA"},"image":{"@id":"https:\/\/idakorea.ee\/#\/schema\/logo\/image\/"},"sameAs":["https:\/\/www.instagram.com\/ida.korea\/"]}]}},"jetpack_sharing_enabled":true,"brands":[{"id":448,"name":"MANYO","slug":"manyo"}],"_links":{"self":[{"href":"https:\/\/idakorea.ee\/fi\/wp-json\/wp\/v2\/product\/9031","targetHints":{"allow":["GET"]}}],"collection":[{"href":"https:\/\/idakorea.ee\/fi\/wp-json\/wp\/v2\/product"}],"about":[{"href":"https:\/\/idakorea.ee\/fi\/wp-json\/wp\/v2\/types\/product"}],"replies":[{"embeddable":true,"href":"https:\/\/idakorea.ee\/fi\/wp-json\/wp\/v2\/comments?post=9031"}],"version-history":[{"count":3,"href":"https:\/\/idakorea.ee\/fi\/wp-json\/wp\/v2\/product\/9031\/revisions"}],"predecessor-version":[{"id":17465,"href":"https:\/\/idakorea.ee\/fi\/wp-json\/wp\/v2\/product\/9031\/revisions\/17465"}],"wp:featuredmedia":[{"embeddable":true,"href":"https:\/\/idakorea.ee\/fi\/wp-json\/wp\/v2\/media\/9032"}],"wp:attachment":[{"href":"https:\/\/idakorea.ee\/fi\/wp-json\/wp\/v2\/media?parent=9031"}],"wp:term":[{"taxonomy":"pwb-brand","embeddable":true,"href":"https:\/\/idakorea.ee\/fi\/wp-json\/wp\/v2\/pwb-brand?post=9031"},{"taxonomy":"product_brand","embeddable":true,"href":"https:\/\/idakorea.ee\/fi\/wp-json\/wp\/v2\/product_brand?post=9031"},{"taxonomy":"product_cat","embeddable":true,"href":"https:\/\/idakorea.ee\/fi\/wp-json\/wp\/v2\/product_cat?post=9031"},{"taxonomy":"product_tag","embeddable":true,"href":"https:\/\/idakorea.ee\/fi\/wp-json\/wp\/v2\/product_tag?post=9031"}],"curies":[{"name":"wp","href":"https:\/\/api.w.org\/{rel}","templated":true}]}}