{"id":9037,"date":"2024-06-29T09:54:18","date_gmt":"2024-06-29T09:54:18","guid":{"rendered":"https:\/\/idakorea.ee\/?post_type=product&#038;p=9037"},"modified":"2026-01-31T14:15:13","modified_gmt":"2026-01-31T12:15:13","slug":"happeline-kreem-mustpeade-vastu-manyo-blackhead-pore-cream","status":"publish","type":"product","link":"https:\/\/idakorea.ee\/fi\/product\/happeline-kreem-mustpeade-vastu-manyo-blackhead-pore-cream\/","title":{"rendered":"Hapan voide mustap\u00e4it\u00e4 vastaan Manyo mustap\u00e4iden ja ihohuokosten voide, 30ml"},"content":{"rendered":"<p><strong>Hapan voide mustap\u00e4it\u00e4 vastaan Manyo Blackhead &amp; Pore Cream<\/strong> Se aktivoi uusiutumisprosesseja, poistaa likaa ja kuorii ihon sarveiskerrosta. Se s\u00e4\u00e4telee talirauhasten toimintaa est\u00e4en aknen ja finnien muodostumista.<\/p>\n<p>Kevyt voide v\u00e4hent\u00e4\u00e4 tulehdusta, auttaa lievitt\u00e4m\u00e4\u00e4n kutinaa ja \u00e4rsytyst\u00e4, rauhoittaa punoitusta. V\u00e4hent\u00e4\u00e4 ihon rasvaisuutta, sill\u00e4 on antibakteerisia vaikutuksia, ehk\u00e4isee liiallista talirauhasten erityst\u00e4, tukkeutuneita ihohuokosia ja komedonien muodostumista. Tasoittaa ihonv\u00e4ri\u00e4 ja vaalentaa hieman aknen j\u00e4lkeisi\u00e4 arpia.<\/p>\n<p>Kerman t\u00e4rkein vaikuttava aine on happojen kompleksi:<\/p>\n<ul>\n<li><strong>BHA-happo<\/strong> kuorii kuolleita ihosoluja, stimuloi solujen uusiutumista, vaikuttaa antimikrobisesti, normalisoi ihon pH-tasoa ja talirauhasten toimintaa sek\u00e4 parantaa ihonv\u00e4ri\u00e4.<\/li>\n<li><strong>PHA-happo<\/strong> Puhdistaa hell\u00e4varaisesti eik\u00e4 \u00e4rsyt\u00e4 herkk\u00e4\u00e4k\u00e4\u00e4n ihoa. Tasoittaa ihon s\u00e4vy\u00e4 ja mikropiirteit\u00e4, sill\u00e4 on valolta suojaava ja tulehdusta ehk\u00e4isev\u00e4 vaikutus.<\/li>\n<li><strong>LHA-happo<\/strong> \u2014 salisyylihapon johdannainen. Suurempien molekyyliens\u00e4 ansiosta se vaikuttaa hitaammin ja hell\u00e4varaisemmin. Ei aiheuta \u00e4rsytyst\u00e4. Hidastaa solujen keratinisaatiota ihohuokosissa, sill\u00e4 on antibakteerinen vaikutus. Tehokas ik\u00e4\u00e4ntymist\u00e4 est\u00e4v\u00e4 ainesosa, joka auttaa poistamaan kuolleita ihosoluja ja uudistamaan ihoa.<\/li>\n<\/ul>\n<p>Voiteella on miellytt\u00e4v\u00e4 ja hell\u00e4varainen koostumus, joka imeytyy nopeasti eik\u00e4 j\u00e4t\u00e4 ihoa tahmeaksi.<\/p>\n<p><strong>Muita ainesosia:<\/strong><\/p>\n<ul>\n<li><strong>Anti-Sebum P<\/strong> (m\u00e4nnynkuori-, jalava-, emo- ja pueraria-uutteet) \u2014 yrttiuutteiden kompleksi, jonka tarkoituksena on v\u00e4hent\u00e4\u00e4 talirauhasten liikatoimintaa. S\u00e4\u00e4telee talirauhasten erityst\u00e4, normalisoi ihon rasvaisuutta ja poistaa rasvaista kiiltoa.<\/li>\n<li><strong>Noitapuun vesi (10%)<\/strong> Sill\u00e4 on antibakteerinen ja rauhoittava vaikutus ihoon, se poistaa tulehdusta ja finnej\u00e4. Se s\u00e4\u00e4telee talintuotantoa, supistaa ihohuokosia ja v\u00e4hent\u00e4\u00e4 ihon rasvaisuutta.<\/li>\n<li><strong>Kahvipapujen uute<\/strong> auttaa lievitt\u00e4m\u00e4\u00e4n turvotusta, vahvistaa ihon suojakerrosta ja kiinteytt\u00e4\u00e4 sit\u00e4.<\/li>\n<li><strong>Saialilla-uute<\/strong> Auttaa torjumaan finnej\u00e4 ja aknea, rauhoittaa \u00e4rtynytt\u00e4 ja herkk\u00e4\u00e4 ihoa. Normalisoi talirauhasten toimintaa, k\u00e4ynnist\u00e4\u00e4 solujen uudistumisprosessin, parantaa haavoja ja aknen j\u00e4lki\u00e4 sek\u00e4 palauttaa ihon kimmoisuuden.<\/li>\n<li><strong>Teepuu\u00f6ljy<\/strong> on voimakas antimikrobinen vaikutus. Taistelee tukkeutuneita ihohuokosia vastaan, normalisoi talirauhasten toimintaa ja talintuotantoa, v\u00e4hent\u00e4\u00e4 rasvaista kiiltoa.<\/li>\n<\/ul>\n<p>Sopii rasvaiselle iholle.<\/p>\n<p><strong>K\u00e4ytt\u00f6opas:<\/strong> Levit\u00e4 pieni m\u00e4\u00e4r\u00e4 voidetta hoidon viimeisen\u00e4 vaiheena.<\/p>","protected":false},"excerpt":{"rendered":"<p>Manyo Blackhead &amp; Pore Cream on hapan mustap\u00e4it\u00e4 poistava voide, joka k\u00e4ynnist\u00e4\u00e4 uudistumisprosessit, poistaa likaa ja kuorii sarveiskerrosta. S\u00e4\u00e4telee talirauhasia, ehk\u00e4isee aknea ja n\u00e4ppyl\u00f6it\u00e4. Kevyt voide v\u00e4hent\u00e4\u00e4 tulehdusta, lievitt\u00e4\u00e4 kutinaa ja \u00e4rsytyst\u00e4, rauhoittaa punoitusta. V\u00e4hent\u00e4\u00e4 ihon rasvaisuutta, vaikuttaa antibakteerisesti, ehk\u00e4isee liiallista \u00f6ljynerityst\u00e4, huokosten tukkeutumista ja komedoneja. Kirkastaa ihon ihon s\u00e4vy\u00e4 ja...<\/p>","protected":false},"featured_media":9038,"comment_status":"open","ping_status":"closed","template":"","meta":{"_uf_show_specific_survey":0,"_uf_disable_surveys":false,"_bst_post_transparent":"default","_bst_post_title":"","_bst_post_layout":"default","_bst_post_sidebar_id":"","_bst_post_content_style":"default","_bst_post_vertical_padding":"default","_bst_post_feature":"","_bst_post_feature_position":"","_bst_post_header":false,"_bst_post_footer":false},"pwb-brand":[448],"product_brand":[],"product_cat":[96],"product_tag":[202,450,449],"class_list":{"0":"post-9037","1":"product","2":"type-product","3":"status-publish","4":"has-post-thumbnail","6":"pwb-brand-manyo","7":"product_cat-naokreemid","8":"product_tag-korea-kosmeetika","9":"product_tag-manyo","10":"product_tag-pore","12":"first","13":"instock","14":"sale","15":"shipping-taxable","16":"purchasable","17":"product-type-simple","18":"entry","19":"content-bg","20":"loop-entry"},"supplier_id":null,"supplier_sku":"","barcode":null,"atum_controlled":true,"out_stock_date":null,"out_stock_threshold":null,"inheritable":false,"inbound_stock":0,"stock_on_hold":0,"sold_today":0,"sales_last_days":0,"out_stock_days":0,"lost_sales":0,"has_location":false,"update_date":"2026-04-14T00:05:04","atum_locations":[],"atum_stock_status":"instock","restock_status":false,"low_stock_amount":"","sales_update_date":"2026-04-14T00:05:04","calc_backorders":null,"yoast_head":"<!-- This site is optimized with the Yoast SEO plugin v27.2 - https:\/\/yoast.com\/product\/yoast-seo-wordpress\/ -->\n<title>Manyo Blackhead &amp; Pore Cream, 30ml - IDA.KOREA<\/title>\n<meta name=\"description\" content=\"Happeline kreem mustpeade vastu Manyo Blackhead &amp; Pore Cream k\u00e4ivitab uuendamisprotsessid, eemaldab mustuse ja koorib sarvkihi.\" \/>\n<meta name=\"robots\" content=\"index, follow, max-snippet:-1, max-image-preview:large, max-video-preview:-1\" \/>\n<link rel=\"canonical\" href=\"https:\/\/idakorea.ee\/fi\/product\/happeline-kreem-mustpeade-vastu-manyo-blackhead-pore-cream\/\" \/>\n<meta property=\"og:locale\" content=\"fi_FI\" \/>\n<meta property=\"og:type\" content=\"article\" \/>\n<meta property=\"og:title\" content=\"Manyo Blackhead &amp; Pore Cream, 30ml - IDA.KOREA\" \/>\n<meta property=\"og:description\" content=\"Happeline kreem mustpeade vastu Manyo Blackhead &amp; Pore Cream k\u00e4ivitab uuendamisprotsessid, eemaldab mustuse ja koorib sarvkihi.\" \/>\n<meta property=\"og:url\" content=\"https:\/\/idakorea.ee\/fi\/product\/happeline-kreem-mustpeade-vastu-manyo-blackhead-pore-cream\/\" \/>\n<meta property=\"og:site_name\" content=\"IDA.KOREA\" \/>\n<meta property=\"article:modified_time\" content=\"2026-01-31T12:15:13+00:00\" \/>\n<meta property=\"og:image\" content=\"https:\/\/idakorea.ee\/wp-content\/uploads\/2024\/06\/hollyshop-_57_-_1_.jpg\" \/>\n\t<meta property=\"og:image:width\" content=\"1000\" \/>\n\t<meta property=\"og:image:height\" content=\"1000\" \/>\n\t<meta property=\"og:image:type\" content=\"image\/jpeg\" \/>\n<meta name=\"twitter:card\" content=\"summary_large_image\" \/>\n<meta name=\"twitter:label1\" content=\"Arvioitu lukuaika\" \/>\n\t<meta name=\"twitter:data1\" content=\"2 minuuttia\" \/>\n<script type=\"application\/ld+json\" class=\"yoast-schema-graph\">{\"@context\":\"https:\/\/schema.org\",\"@graph\":[{\"@type\":\"WebPage\",\"@id\":\"https:\/\/idakorea.ee\/product\/happeline-kreem-mustpeade-vastu-manyo-blackhead-pore-cream\/\",\"url\":\"https:\/\/idakorea.ee\/product\/happeline-kreem-mustpeade-vastu-manyo-blackhead-pore-cream\/\",\"name\":\"Manyo Blackhead & Pore Cream, 30ml - IDA.KOREA\",\"isPartOf\":{\"@id\":\"https:\/\/idakorea.ee\/#website\"},\"primaryImageOfPage\":{\"@id\":\"https:\/\/idakorea.ee\/product\/happeline-kreem-mustpeade-vastu-manyo-blackhead-pore-cream\/#primaryimage\"},\"image\":{\"@id\":\"https:\/\/idakorea.ee\/product\/happeline-kreem-mustpeade-vastu-manyo-blackhead-pore-cream\/#primaryimage\"},\"thumbnailUrl\":\"https:\/\/idakorea.ee\/wp-content\/uploads\/2024\/06\/hollyshop-_57_-_1_.jpg\",\"datePublished\":\"2024-06-29T09:54:18+00:00\",\"dateModified\":\"2026-01-31T12:15:13+00:00\",\"description\":\"Happeline kreem mustpeade vastu Manyo Blackhead & Pore Cream k\u00e4ivitab uuendamisprotsessid, eemaldab mustuse ja koorib sarvkihi.\",\"breadcrumb\":{\"@id\":\"https:\/\/idakorea.ee\/product\/happeline-kreem-mustpeade-vastu-manyo-blackhead-pore-cream\/#breadcrumb\"},\"inLanguage\":\"fi\",\"potentialAction\":[{\"@type\":\"ReadAction\",\"target\":[\"https:\/\/idakorea.ee\/product\/happeline-kreem-mustpeade-vastu-manyo-blackhead-pore-cream\/\"]}]},{\"@type\":\"ImageObject\",\"inLanguage\":\"fi\",\"@id\":\"https:\/\/idakorea.ee\/product\/happeline-kreem-mustpeade-vastu-manyo-blackhead-pore-cream\/#primaryimage\",\"url\":\"https:\/\/idakorea.ee\/wp-content\/uploads\/2024\/06\/hollyshop-_57_-_1_.jpg\",\"contentUrl\":\"https:\/\/idakorea.ee\/wp-content\/uploads\/2024\/06\/hollyshop-_57_-_1_.jpg\",\"width\":1000,\"height\":1000},{\"@type\":\"BreadcrumbList\",\"@id\":\"https:\/\/idakorea.ee\/product\/happeline-kreem-mustpeade-vastu-manyo-blackhead-pore-cream\/#breadcrumb\",\"itemListElement\":[{\"@type\":\"ListItem\",\"position\":1,\"name\":\"\u0413\u043b\u0430\u0432\u043d\u0430\u044f \u0441\u0442\u0440\u0430\u043d\u0438\u0446\u0430\",\"item\":\"https:\/\/idakorea.ee\/\"},{\"@type\":\"ListItem\",\"position\":2,\"name\":\"Shop\",\"item\":\"https:\/\/idakorea.ee\/shop-2\/\"},{\"@type\":\"ListItem\",\"position\":3,\"name\":\"Happeline kreem mustpeade vastu Manyo Blackhead &#038; Pore Cream, 30ml\"}]},{\"@type\":\"WebSite\",\"@id\":\"https:\/\/idakorea.ee\/#website\",\"url\":\"https:\/\/idakorea.ee\/\",\"name\":\"IDA.KOREA\",\"description\":\"Korea kosmeetika e-pood\",\"publisher\":{\"@id\":\"https:\/\/idakorea.ee\/#organization\"},\"alternateName\":\"Beauty Shop\",\"potentialAction\":[{\"@type\":\"SearchAction\",\"target\":{\"@type\":\"EntryPoint\",\"urlTemplate\":\"https:\/\/idakorea.ee\/?s={search_term_string}\"},\"query-input\":{\"@type\":\"PropertyValueSpecification\",\"valueRequired\":true,\"valueName\":\"search_term_string\"}}],\"inLanguage\":\"fi\"},{\"@type\":\"Organization\",\"@id\":\"https:\/\/idakorea.ee\/#organization\",\"name\":\"IDA.KOREA\",\"url\":\"https:\/\/idakorea.ee\/\",\"logo\":{\"@type\":\"ImageObject\",\"inLanguage\":\"fi\",\"@id\":\"https:\/\/idakorea.ee\/#\/schema\/logo\/image\/\",\"url\":\"https:\/\/idakorea.ee\/wp-content\/uploads\/2024\/05\/cropped-korea3.png\",\"contentUrl\":\"https:\/\/idakorea.ee\/wp-content\/uploads\/2024\/05\/cropped-korea3.png\",\"width\":688,\"height\":126,\"caption\":\"IDA.KOREA\"},\"image\":{\"@id\":\"https:\/\/idakorea.ee\/#\/schema\/logo\/image\/\"},\"sameAs\":[\"https:\/\/www.instagram.com\/ida.korea\/\"]}]}<\/script>\n<!-- \/ Yoast SEO plugin. -->","yoast_head_json":{"title":"Manyo Blackhead &amp; Pore Cream, 30 ml - IDA.KOREA","description":"Manyo Blackhead &amp; Pore Cream, hapan voide mustap\u00e4it\u00e4 vastaan, k\u00e4ynnist\u00e4\u00e4 uusiutumisprosesseja, poistaa likaa ja kuorii ihon sarveiskerrosta.","robots":{"index":"index","follow":"follow","max-snippet":"max-snippet:-1","max-image-preview":"max-image-preview:large","max-video-preview":"max-video-preview:-1"},"canonical":"https:\/\/idakorea.ee\/fi\/product\/happeline-kreem-mustpeade-vastu-manyo-blackhead-pore-cream\/","og_locale":"fi_FI","og_type":"article","og_title":"Manyo Blackhead & Pore Cream, 30ml - IDA.KOREA","og_description":"Happeline kreem mustpeade vastu Manyo Blackhead & Pore Cream k\u00e4ivitab uuendamisprotsessid, eemaldab mustuse ja koorib sarvkihi.","og_url":"https:\/\/idakorea.ee\/fi\/product\/happeline-kreem-mustpeade-vastu-manyo-blackhead-pore-cream\/","og_site_name":"IDA.KOREA","article_modified_time":"2026-01-31T12:15:13+00:00","og_image":[{"width":1000,"height":1000,"url":"https:\/\/idakorea.ee\/wp-content\/uploads\/2024\/06\/hollyshop-_57_-_1_.jpg","type":"image\/jpeg"}],"twitter_card":"summary_large_image","twitter_misc":{"Arvioitu lukuaika":"2 minuuttia"},"schema":{"@context":"https:\/\/schema.org","@graph":[{"@type":"WebPage","@id":"https:\/\/idakorea.ee\/product\/happeline-kreem-mustpeade-vastu-manyo-blackhead-pore-cream\/","url":"https:\/\/idakorea.ee\/product\/happeline-kreem-mustpeade-vastu-manyo-blackhead-pore-cream\/","name":"Manyo Blackhead &amp; Pore Cream, 30 ml - IDA.KOREA","isPartOf":{"@id":"https:\/\/idakorea.ee\/#website"},"primaryImageOfPage":{"@id":"https:\/\/idakorea.ee\/product\/happeline-kreem-mustpeade-vastu-manyo-blackhead-pore-cream\/#primaryimage"},"image":{"@id":"https:\/\/idakorea.ee\/product\/happeline-kreem-mustpeade-vastu-manyo-blackhead-pore-cream\/#primaryimage"},"thumbnailUrl":"https:\/\/idakorea.ee\/wp-content\/uploads\/2024\/06\/hollyshop-_57_-_1_.jpg","datePublished":"2024-06-29T09:54:18+00:00","dateModified":"2026-01-31T12:15:13+00:00","description":"Manyo Blackhead &amp; Pore Cream, hapan voide mustap\u00e4it\u00e4 vastaan, k\u00e4ynnist\u00e4\u00e4 uusiutumisprosesseja, poistaa likaa ja kuorii ihon sarveiskerrosta.","breadcrumb":{"@id":"https:\/\/idakorea.ee\/product\/happeline-kreem-mustpeade-vastu-manyo-blackhead-pore-cream\/#breadcrumb"},"inLanguage":"fi","potentialAction":[{"@type":"ReadAction","target":["https:\/\/idakorea.ee\/product\/happeline-kreem-mustpeade-vastu-manyo-blackhead-pore-cream\/"]}]},{"@type":"ImageObject","inLanguage":"fi","@id":"https:\/\/idakorea.ee\/product\/happeline-kreem-mustpeade-vastu-manyo-blackhead-pore-cream\/#primaryimage","url":"https:\/\/idakorea.ee\/wp-content\/uploads\/2024\/06\/hollyshop-_57_-_1_.jpg","contentUrl":"https:\/\/idakorea.ee\/wp-content\/uploads\/2024\/06\/hollyshop-_57_-_1_.jpg","width":1000,"height":1000},{"@type":"BreadcrumbList","@id":"https:\/\/idakorea.ee\/product\/happeline-kreem-mustpeade-vastu-manyo-blackhead-pore-cream\/#breadcrumb","itemListElement":[{"@type":"ListItem","position":1,"name":"\u0413\u043b\u0430\u0432\u043d\u0430\u044f \u0441\u0442\u0440\u0430\u043d\u0438\u0446\u0430","item":"https:\/\/idakorea.ee\/"},{"@type":"ListItem","position":2,"name":"Shop","item":"https:\/\/idakorea.ee\/shop-2\/"},{"@type":"ListItem","position":3,"name":"Happeline kreem mustpeade vastu Manyo Blackhead &#038; Pore Cream, 30ml"}]},{"@type":"WebSite","@id":"https:\/\/idakorea.ee\/#website","url":"https:\/\/idakorea.ee\/","name":"IDA.KOREA","description":"Korean kosmetiikan verkkokauppa","publisher":{"@id":"https:\/\/idakorea.ee\/#organization"},"alternateName":"Beauty Shop","potentialAction":[{"@type":"SearchAction","target":{"@type":"EntryPoint","urlTemplate":"https:\/\/idakorea.ee\/?s={search_term_string}"},"query-input":{"@type":"PropertyValueSpecification","valueRequired":true,"valueName":"search_term_string"}}],"inLanguage":"fi"},{"@type":"Organization","@id":"https:\/\/idakorea.ee\/#organization","name":"IDA.KOREA","url":"https:\/\/idakorea.ee\/","logo":{"@type":"ImageObject","inLanguage":"fi","@id":"https:\/\/idakorea.ee\/#\/schema\/logo\/image\/","url":"https:\/\/idakorea.ee\/wp-content\/uploads\/2024\/05\/cropped-korea3.png","contentUrl":"https:\/\/idakorea.ee\/wp-content\/uploads\/2024\/05\/cropped-korea3.png","width":688,"height":126,"caption":"IDA.KOREA"},"image":{"@id":"https:\/\/idakorea.ee\/#\/schema\/logo\/image\/"},"sameAs":["https:\/\/www.instagram.com\/ida.korea\/"]}]}},"jetpack_sharing_enabled":true,"brands":[{"id":448,"name":"MANYO","slug":"manyo"}],"_links":{"self":[{"href":"https:\/\/idakorea.ee\/fi\/wp-json\/wp\/v2\/product\/9037","targetHints":{"allow":["GET"]}}],"collection":[{"href":"https:\/\/idakorea.ee\/fi\/wp-json\/wp\/v2\/product"}],"about":[{"href":"https:\/\/idakorea.ee\/fi\/wp-json\/wp\/v2\/types\/product"}],"replies":[{"embeddable":true,"href":"https:\/\/idakorea.ee\/fi\/wp-json\/wp\/v2\/comments?post=9037"}],"version-history":[{"count":3,"href":"https:\/\/idakorea.ee\/fi\/wp-json\/wp\/v2\/product\/9037\/revisions"}],"predecessor-version":[{"id":15450,"href":"https:\/\/idakorea.ee\/fi\/wp-json\/wp\/v2\/product\/9037\/revisions\/15450"}],"wp:featuredmedia":[{"embeddable":true,"href":"https:\/\/idakorea.ee\/fi\/wp-json\/wp\/v2\/media\/9038"}],"wp:attachment":[{"href":"https:\/\/idakorea.ee\/fi\/wp-json\/wp\/v2\/media?parent=9037"}],"wp:term":[{"taxonomy":"pwb-brand","embeddable":true,"href":"https:\/\/idakorea.ee\/fi\/wp-json\/wp\/v2\/pwb-brand?post=9037"},{"taxonomy":"product_brand","embeddable":true,"href":"https:\/\/idakorea.ee\/fi\/wp-json\/wp\/v2\/product_brand?post=9037"},{"taxonomy":"product_cat","embeddable":true,"href":"https:\/\/idakorea.ee\/fi\/wp-json\/wp\/v2\/product_cat?post=9037"},{"taxonomy":"product_tag","embeddable":true,"href":"https:\/\/idakorea.ee\/fi\/wp-json\/wp\/v2\/product_tag?post=9037"}],"curies":[{"name":"wp","href":"https:\/\/api.w.org\/{rel}","templated":true}]}}