{"id":9043,"date":"2024-06-29T12:08:18","date_gmt":"2024-06-29T12:08:18","guid":{"rendered":"https:\/\/idakorea.ee\/?post_type=product&#038;p=9043"},"modified":"2026-04-13T20:27:22","modified_gmt":"2026-04-13T18:27:22","slug":"naokoorija-manyo-galactomy-enzyme-peeling-gel-75ml","status":"publish","type":"product","link":"https:\/\/idakorea.ee\/fi\/product\/naokoorija-manyo-galactomy-enzyme-peeling-gel-75ml\/","title":{"rendered":"Manyo Galactomy Galactomy entsyymikuorintageeli, 75ml"},"content":{"rendered":"<div class=\"flex flex-grow flex-col max-w-full\">\n<div class=\"min-h-[20px] text-message flex flex-col items-start whitespace-pre-wrap break-words [.text-message+&amp;]:mt-5 juice:w-full juice:items-end overflow-x-auto gap-2\" dir=\"auto\" data-message-author-role=\"assistant\" data-message-id=\"482efe10-7e54-47eb-9a67-c0f40a7d3f55\">\n<div class=\"flex w-full flex-col gap-1 juice:empty:hidden juice:first:pt-[3px]\">\n<div class=\"markdown prose w-full break-words dark:prose-invert light\">\n<p><strong>Manyo Factory Galactomy <\/strong>ens\u00fc\u00fcmiga kooriv geel \u00f5rnalt, kuid t\u00f5husalt puhastab nahka sarvestunud rakkudest. \u00dchtlustab naha tooni ja tekstuuri, leevendab p\u00f5letikke ning muudab naha siledaks ja siidiseks. Rikkalik taimne koostis aitab hooldada igat t\u00fc\u00fcpi nahka, sealhulgas tundlikku nahka.<\/p>\n<p>Toode niisutab ja aitab niiskust s\u00e4ilitada, v\u00e4hendab turset, helendab pigmentatsiooni ja hoiab \u00e4ra kortsude tekke. Eemaldab t\u00f5husalt rasukorgid ja ahendab poore.<\/p>\n<p>Galaktom\u00fctsiidiekstrakt k\u00e4ivitab rakkudes regeneratiivsed protsessid, tugevdab vereringet ja taastab rakusisese ainevahetuse.<\/p>\n<p>Centella ekstrakt annab tootele tugevad p\u00f5letikuvastased omadused ja aitab t\u00f5husalt v\u00f5idelda ebakorrap\u00e4rasustega.<\/p>\n<p>Peamine toimeaine koorimisgeelis on ens\u00fc\u00fcm papaiin, mis on unikaalne koostisosa papaiast. Papaiin stimuleerib sarvestunud rakkude koorimist, puhastades, helendades, pakkudes vananemisvastast toimet ja k\u00e4ivitades uuenemisprotsesse. Papaiin \u00fchtlustab naha tooni ja uuendab nahka, p\u00f5hjustamata \u00e4rritust.<\/p>\n<p>T\u00e4iendavad toimeained:<\/p>\n<ul>\n<li><strong>Mikrokristalne tselluloos<\/strong> on looduslik komponent, mis aitab pooridest s\u00fcgavalt, kuid \u00f5rnalt eemaldada mustust ja sarvestunud osakesi, samuti imab see liigset naharasva, andes nahale puhtuse ja mati ilme.<\/li>\n<li><strong>Galaktom\u00fctsiidse ferment<\/strong> suudab lagundada toitaineid ja suurendada nende omastatavust naharakkude poolt. Selle tulemusena taastab see rakkude terviklikkuse, parandab vereringet, kiirendab ainevahetusprotsesse, puhastab nahka, \u00fchtlustab mikroreljeefi, t\u00f5stab naha toonust, leevendab p\u00f5letikke ja parandab jume.<\/li>\n<li><strong>Gl\u00fckonolaktoon (PHA-hape)<\/strong> omab suuremaid molekule kui AHA-happed, mist\u00f5ttu sobib tundlikule nahale. Eemaldab \u00f5rnalt sarvestunud rakud, \u00fchtlustab mikroreljeefi ja helendab pigmentatsiooni.<\/li>\n<li><strong>Ks\u00fc\u00fclit\u00fc\u00fclgl\u00fckosiid (Xylitylglucoside)<\/strong> on looduslik niisutaja, mis pehmendab ja silub mikroreljeefi, hoiab vee molekule rakkudes ja takistab nende aurustumist.<\/li>\n<li><strong>7 t\u00fc\u00fcpi h\u00fcaluroonhapet<\/strong> tungivad epidermise s\u00fcgavamatesse kihtidesse, niisutades aktiivselt ja s\u00e4ilitades optimaalset niiskustaset. Need moodustavad kaitsekihi, mis takistab niiskuse aurustumist.<\/li>\n<li><strong>Magusa apelsinikoore \u00f5li<\/strong> pehmendab, toidab, \u00fchtlustab tooni ja omab p\u00f5letikuvastast toimet.<\/li>\n<\/ul>\n<p>Sobib k\u00f5igile nahat\u00fc\u00fcpidele.<\/p>\n<p><strong>Kasutamisjuhend:<\/strong> Kandke kuivade k\u00e4tega kooriv geel kuivale puhastatud nahale. Masseerige \u00f5rnalt kergete ringjate liigutustega kuni toode lakkab ketendamast. Loputage veega. Soovitatav kasutada 1-2 korda n\u00e4dalas.<\/p>\n<\/div>\n<\/div>\n<\/div>\n<\/div>\n","protected":false},"excerpt":{"rendered":"<p>Manyo Factory Galactomy Enzyme Exfoliating Gel puhdistaa ihon hell\u00e4varaisesti mutta tehokkaasti kovettuneista soluista. Se tasoittaa ihon s\u00e4vy\u00e4 ja rakennetta, rauhoittaa tulehdusta ja j\u00e4tt\u00e4\u00e4 ihon sile\u00e4ksi ja silkkiseksi. Runsas kasviper\u00e4inen koostumus auttaa hoitamaan kaikkia ihotyyppej\u00e4, my\u00f6s herkk\u00e4\u00e4 ihoa. Tuote kosteuttaa ja auttaa s\u00e4ilytt\u00e4m\u00e4\u00e4n kosteutta, v\u00e4hent\u00e4\u00e4 turvotusta, vaalentaa pigmenttil\u00e4iski\u00e4 ja ehk\u00e4isee ryppyjen syntymist\u00e4. Poistaa tehokkaasti rasvaisen...<\/p>","protected":false},"featured_media":9044,"comment_status":"open","ping_status":"closed","template":"","meta":{"_uf_show_specific_survey":0,"_uf_disable_surveys":false,"_bst_post_transparent":"default","_bst_post_title":"","_bst_post_layout":"default","_bst_post_sidebar_id":"","_bst_post_content_style":"default","_bst_post_vertical_padding":"default","_bst_post_feature":"","_bst_post_feature_position":"","_bst_post_header":false,"_bst_post_footer":false},"pwb-brand":[448],"product_brand":[],"product_cat":[451],"product_tag":[450],"class_list":{"0":"post-9043","1":"product","2":"type-product","3":"status-publish","4":"has-post-thumbnail","6":"pwb-brand-manyo","7":"product_cat-naokoorijad","8":"product_tag-manyo","10":"first","11":"instock","12":"sale","13":"shipping-taxable","14":"purchasable","15":"product-type-simple","16":"entry","17":"content-bg","18":"loop-entry"},"supplier_id":null,"supplier_sku":"","barcode":null,"atum_controlled":true,"out_stock_date":null,"out_stock_threshold":null,"inheritable":false,"inbound_stock":0,"stock_on_hold":0,"sold_today":0,"sales_last_days":2,"out_stock_days":0,"lost_sales":0,"has_location":false,"update_date":"2026-04-14T12:37:28","atum_locations":[],"atum_stock_status":"instock","restock_status":false,"low_stock_amount":"","sales_update_date":"2026-04-14T12:37:28","calc_backorders":null,"yoast_head":"<!-- This site is optimized with the Yoast SEO plugin v27.2 - https:\/\/yoast.com\/product\/yoast-seo-wordpress\/ -->\n<title>N\u00e4okoorija Manyo Galactomy Enzyme Peeling Gel, 75ml - IDA.KOREA<\/title>\n<meta name=\"description\" content=\"Manyo Factory Galactomy ens\u00fc\u00fcmiga kooriv geel \u00f5rnalt, kuid t\u00f5husalt puhastab nahka sarvestunud rakkudest. \u00dchtlustab naha tooni ja tekstuuri, leevendab p\u00f5letikke ning muudab naha siledaks ja siidiseks. Rikkalik taimne koostis aitab hooldada igat t\u00fc\u00fcpi nahka, sealhulgas tundlikku nahka.\" \/>\n<meta name=\"robots\" content=\"index, follow, max-snippet:-1, max-image-preview:large, max-video-preview:-1\" \/>\n<link rel=\"canonical\" href=\"https:\/\/idakorea.ee\/fi\/product\/naokoorija-manyo-galactomy-enzyme-peeling-gel-75ml\/\" \/>\n<meta property=\"og:locale\" content=\"fi_FI\" \/>\n<meta property=\"og:type\" content=\"article\" \/>\n<meta property=\"og:title\" content=\"N\u00e4okoorija Manyo Galactomy Enzyme Peeling Gel, 75ml - IDA.KOREA\" \/>\n<meta property=\"og:description\" content=\"Manyo Factory Galactomy ens\u00fc\u00fcmiga kooriv geel \u00f5rnalt, kuid t\u00f5husalt puhastab nahka sarvestunud rakkudest. \u00dchtlustab naha tooni ja tekstuuri, leevendab p\u00f5letikke ning muudab naha siledaks ja siidiseks. Rikkalik taimne koostis aitab hooldada igat t\u00fc\u00fcpi nahka, sealhulgas tundlikku nahka.\" \/>\n<meta property=\"og:url\" content=\"https:\/\/idakorea.ee\/fi\/product\/naokoorija-manyo-galactomy-enzyme-peeling-gel-75ml\/\" \/>\n<meta property=\"og:site_name\" content=\"IDA.KOREA\" \/>\n<meta property=\"article:modified_time\" content=\"2026-04-13T18:27:22+00:00\" \/>\n<meta property=\"og:image\" content=\"https:\/\/idakorea.ee\/wp-content\/uploads\/2024\/06\/manyo-galactomy-enzyme-peeling-gel.jpg\" \/>\n\t<meta property=\"og:image:width\" content=\"1000\" \/>\n\t<meta property=\"og:image:height\" content=\"1000\" \/>\n\t<meta property=\"og:image:type\" content=\"image\/jpeg\" \/>\n<meta name=\"twitter:card\" content=\"summary_large_image\" \/>\n<meta name=\"twitter:label1\" content=\"Arvioitu lukuaika\" \/>\n\t<meta name=\"twitter:data1\" content=\"2 minuuttia\" \/>\n<script type=\"application\/ld+json\" class=\"yoast-schema-graph\">{\"@context\":\"https:\/\/schema.org\",\"@graph\":[{\"@type\":\"WebPage\",\"@id\":\"https:\/\/idakorea.ee\/product\/naokoorija-manyo-galactomy-enzyme-peeling-gel-75ml\/\",\"url\":\"https:\/\/idakorea.ee\/product\/naokoorija-manyo-galactomy-enzyme-peeling-gel-75ml\/\",\"name\":\"N\u00e4okoorija Manyo Galactomy Enzyme Peeling Gel, 75ml - IDA.KOREA\",\"isPartOf\":{\"@id\":\"https:\/\/idakorea.ee\/#website\"},\"primaryImageOfPage\":{\"@id\":\"https:\/\/idakorea.ee\/product\/naokoorija-manyo-galactomy-enzyme-peeling-gel-75ml\/#primaryimage\"},\"image\":{\"@id\":\"https:\/\/idakorea.ee\/product\/naokoorija-manyo-galactomy-enzyme-peeling-gel-75ml\/#primaryimage\"},\"thumbnailUrl\":\"https:\/\/idakorea.ee\/wp-content\/uploads\/2024\/06\/manyo-galactomy-enzyme-peeling-gel.jpg\",\"datePublished\":\"2024-06-29T12:08:18+00:00\",\"dateModified\":\"2026-04-13T18:27:22+00:00\",\"description\":\"Manyo Factory Galactomy ens\u00fc\u00fcmiga kooriv geel \u00f5rnalt, kuid t\u00f5husalt puhastab nahka sarvestunud rakkudest. \u00dchtlustab naha tooni ja tekstuuri, leevendab p\u00f5letikke ning muudab naha siledaks ja siidiseks. Rikkalik taimne koostis aitab hooldada igat t\u00fc\u00fcpi nahka, sealhulgas tundlikku nahka.\",\"breadcrumb\":{\"@id\":\"https:\/\/idakorea.ee\/product\/naokoorija-manyo-galactomy-enzyme-peeling-gel-75ml\/#breadcrumb\"},\"inLanguage\":\"fi\",\"potentialAction\":[{\"@type\":\"ReadAction\",\"target\":[\"https:\/\/idakorea.ee\/product\/naokoorija-manyo-galactomy-enzyme-peeling-gel-75ml\/\"]}]},{\"@type\":\"ImageObject\",\"inLanguage\":\"fi\",\"@id\":\"https:\/\/idakorea.ee\/product\/naokoorija-manyo-galactomy-enzyme-peeling-gel-75ml\/#primaryimage\",\"url\":\"https:\/\/idakorea.ee\/wp-content\/uploads\/2024\/06\/manyo-galactomy-enzyme-peeling-gel.jpg\",\"contentUrl\":\"https:\/\/idakorea.ee\/wp-content\/uploads\/2024\/06\/manyo-galactomy-enzyme-peeling-gel.jpg\",\"width\":1000,\"height\":1000},{\"@type\":\"BreadcrumbList\",\"@id\":\"https:\/\/idakorea.ee\/product\/naokoorija-manyo-galactomy-enzyme-peeling-gel-75ml\/#breadcrumb\",\"itemListElement\":[{\"@type\":\"ListItem\",\"position\":1,\"name\":\"\u0413\u043b\u0430\u0432\u043d\u0430\u044f \u0441\u0442\u0440\u0430\u043d\u0438\u0446\u0430\",\"item\":\"https:\/\/idakorea.ee\/\"},{\"@type\":\"ListItem\",\"position\":2,\"name\":\"Shop\",\"item\":\"https:\/\/idakorea.ee\/shop-2\/\"},{\"@type\":\"ListItem\",\"position\":3,\"name\":\"N\u00e4okoorija Manyo Galactomy Enzyme Peeling Gel, 75ml\"}]},{\"@type\":\"WebSite\",\"@id\":\"https:\/\/idakorea.ee\/#website\",\"url\":\"https:\/\/idakorea.ee\/\",\"name\":\"IDA.KOREA\",\"description\":\"Korea kosmeetika e-pood\",\"publisher\":{\"@id\":\"https:\/\/idakorea.ee\/#organization\"},\"alternateName\":\"Beauty Shop\",\"potentialAction\":[{\"@type\":\"SearchAction\",\"target\":{\"@type\":\"EntryPoint\",\"urlTemplate\":\"https:\/\/idakorea.ee\/?s={search_term_string}\"},\"query-input\":{\"@type\":\"PropertyValueSpecification\",\"valueRequired\":true,\"valueName\":\"search_term_string\"}}],\"inLanguage\":\"fi\"},{\"@type\":\"Organization\",\"@id\":\"https:\/\/idakorea.ee\/#organization\",\"name\":\"IDA.KOREA\",\"url\":\"https:\/\/idakorea.ee\/\",\"logo\":{\"@type\":\"ImageObject\",\"inLanguage\":\"fi\",\"@id\":\"https:\/\/idakorea.ee\/#\/schema\/logo\/image\/\",\"url\":\"https:\/\/idakorea.ee\/wp-content\/uploads\/2024\/05\/cropped-korea3.png\",\"contentUrl\":\"https:\/\/idakorea.ee\/wp-content\/uploads\/2024\/05\/cropped-korea3.png\",\"width\":688,\"height\":126,\"caption\":\"IDA.KOREA\"},\"image\":{\"@id\":\"https:\/\/idakorea.ee\/#\/schema\/logo\/image\/\"},\"sameAs\":[\"https:\/\/www.instagram.com\/ida.korea\/\"]}]}<\/script>\n<!-- \/ Yoast SEO plugin. -->","yoast_head_json":{"title":"Kasvojenkuorinta Manyo Galactomy Enzyme Peeling Gel, 75ml - IDA.KOREA","description":"Manyo Factory Galactomy Enzyme Peeling Gel puhdistaa ihon hell\u00e4varaisesti mutta tehokkaasti kuolleista ihosoluista. Tasoittaa ihon s\u00e4vy\u00e4 ja rakennetta, lievitt\u00e4\u00e4 tulehdusta ja tekee ihosta sile\u00e4n ja silkkisen. Rikas yrttikoostumus auttaa hoitamaan kaikkia ihotyyppej\u00e4, my\u00f6s herkk\u00e4\u00e4 ihoa.","robots":{"index":"index","follow":"follow","max-snippet":"max-snippet:-1","max-image-preview":"max-image-preview:large","max-video-preview":"max-video-preview:-1"},"canonical":"https:\/\/idakorea.ee\/fi\/product\/naokoorija-manyo-galactomy-enzyme-peeling-gel-75ml\/","og_locale":"fi_FI","og_type":"article","og_title":"N\u00e4okoorija Manyo Galactomy Enzyme Peeling Gel, 75ml - IDA.KOREA","og_description":"Manyo Factory Galactomy ens\u00fc\u00fcmiga kooriv geel \u00f5rnalt, kuid t\u00f5husalt puhastab nahka sarvestunud rakkudest. \u00dchtlustab naha tooni ja tekstuuri, leevendab p\u00f5letikke ning muudab naha siledaks ja siidiseks. Rikkalik taimne koostis aitab hooldada igat t\u00fc\u00fcpi nahka, sealhulgas tundlikku nahka.","og_url":"https:\/\/idakorea.ee\/fi\/product\/naokoorija-manyo-galactomy-enzyme-peeling-gel-75ml\/","og_site_name":"IDA.KOREA","article_modified_time":"2026-04-13T18:27:22+00:00","og_image":[{"width":1000,"height":1000,"url":"https:\/\/idakorea.ee\/wp-content\/uploads\/2024\/06\/manyo-galactomy-enzyme-peeling-gel.jpg","type":"image\/jpeg"}],"twitter_card":"summary_large_image","twitter_misc":{"Arvioitu lukuaika":"2 minuuttia"},"schema":{"@context":"https:\/\/schema.org","@graph":[{"@type":"WebPage","@id":"https:\/\/idakorea.ee\/product\/naokoorija-manyo-galactomy-enzyme-peeling-gel-75ml\/","url":"https:\/\/idakorea.ee\/product\/naokoorija-manyo-galactomy-enzyme-peeling-gel-75ml\/","name":"Kasvojenkuorinta Manyo Galactomy Enzyme Peeling Gel, 75ml - IDA.KOREA","isPartOf":{"@id":"https:\/\/idakorea.ee\/#website"},"primaryImageOfPage":{"@id":"https:\/\/idakorea.ee\/product\/naokoorija-manyo-galactomy-enzyme-peeling-gel-75ml\/#primaryimage"},"image":{"@id":"https:\/\/idakorea.ee\/product\/naokoorija-manyo-galactomy-enzyme-peeling-gel-75ml\/#primaryimage"},"thumbnailUrl":"https:\/\/idakorea.ee\/wp-content\/uploads\/2024\/06\/manyo-galactomy-enzyme-peeling-gel.jpg","datePublished":"2024-06-29T12:08:18+00:00","dateModified":"2026-04-13T18:27:22+00:00","description":"Manyo Factory Galactomy Enzyme Peeling Gel puhdistaa ihon hell\u00e4varaisesti mutta tehokkaasti kuolleista ihosoluista. Tasoittaa ihon s\u00e4vy\u00e4 ja rakennetta, lievitt\u00e4\u00e4 tulehdusta ja tekee ihosta sile\u00e4n ja silkkisen. Rikas yrttikoostumus auttaa hoitamaan kaikkia ihotyyppej\u00e4, my\u00f6s herkk\u00e4\u00e4 ihoa.","breadcrumb":{"@id":"https:\/\/idakorea.ee\/product\/naokoorija-manyo-galactomy-enzyme-peeling-gel-75ml\/#breadcrumb"},"inLanguage":"fi","potentialAction":[{"@type":"ReadAction","target":["https:\/\/idakorea.ee\/product\/naokoorija-manyo-galactomy-enzyme-peeling-gel-75ml\/"]}]},{"@type":"ImageObject","inLanguage":"fi","@id":"https:\/\/idakorea.ee\/product\/naokoorija-manyo-galactomy-enzyme-peeling-gel-75ml\/#primaryimage","url":"https:\/\/idakorea.ee\/wp-content\/uploads\/2024\/06\/manyo-galactomy-enzyme-peeling-gel.jpg","contentUrl":"https:\/\/idakorea.ee\/wp-content\/uploads\/2024\/06\/manyo-galactomy-enzyme-peeling-gel.jpg","width":1000,"height":1000},{"@type":"BreadcrumbList","@id":"https:\/\/idakorea.ee\/product\/naokoorija-manyo-galactomy-enzyme-peeling-gel-75ml\/#breadcrumb","itemListElement":[{"@type":"ListItem","position":1,"name":"\u0413\u043b\u0430\u0432\u043d\u0430\u044f \u0441\u0442\u0440\u0430\u043d\u0438\u0446\u0430","item":"https:\/\/idakorea.ee\/"},{"@type":"ListItem","position":2,"name":"Shop","item":"https:\/\/idakorea.ee\/shop-2\/"},{"@type":"ListItem","position":3,"name":"N\u00e4okoorija Manyo Galactomy Enzyme Peeling Gel, 75ml"}]},{"@type":"WebSite","@id":"https:\/\/idakorea.ee\/#website","url":"https:\/\/idakorea.ee\/","name":"IDA.KOREA","description":"Korean kosmetiikan verkkokauppa","publisher":{"@id":"https:\/\/idakorea.ee\/#organization"},"alternateName":"Beauty Shop","potentialAction":[{"@type":"SearchAction","target":{"@type":"EntryPoint","urlTemplate":"https:\/\/idakorea.ee\/?s={search_term_string}"},"query-input":{"@type":"PropertyValueSpecification","valueRequired":true,"valueName":"search_term_string"}}],"inLanguage":"fi"},{"@type":"Organization","@id":"https:\/\/idakorea.ee\/#organization","name":"IDA.KOREA","url":"https:\/\/idakorea.ee\/","logo":{"@type":"ImageObject","inLanguage":"fi","@id":"https:\/\/idakorea.ee\/#\/schema\/logo\/image\/","url":"https:\/\/idakorea.ee\/wp-content\/uploads\/2024\/05\/cropped-korea3.png","contentUrl":"https:\/\/idakorea.ee\/wp-content\/uploads\/2024\/05\/cropped-korea3.png","width":688,"height":126,"caption":"IDA.KOREA"},"image":{"@id":"https:\/\/idakorea.ee\/#\/schema\/logo\/image\/"},"sameAs":["https:\/\/www.instagram.com\/ida.korea\/"]}]}},"jetpack_sharing_enabled":true,"brands":[{"id":448,"name":"MANYO","slug":"manyo"}],"_links":{"self":[{"href":"https:\/\/idakorea.ee\/fi\/wp-json\/wp\/v2\/product\/9043","targetHints":{"allow":["GET"]}}],"collection":[{"href":"https:\/\/idakorea.ee\/fi\/wp-json\/wp\/v2\/product"}],"about":[{"href":"https:\/\/idakorea.ee\/fi\/wp-json\/wp\/v2\/types\/product"}],"replies":[{"embeddable":true,"href":"https:\/\/idakorea.ee\/fi\/wp-json\/wp\/v2\/comments?post=9043"}],"version-history":[{"count":1,"href":"https:\/\/idakorea.ee\/fi\/wp-json\/wp\/v2\/product\/9043\/revisions"}],"predecessor-version":[{"id":10247,"href":"https:\/\/idakorea.ee\/fi\/wp-json\/wp\/v2\/product\/9043\/revisions\/10247"}],"wp:featuredmedia":[{"embeddable":true,"href":"https:\/\/idakorea.ee\/fi\/wp-json\/wp\/v2\/media\/9044"}],"wp:attachment":[{"href":"https:\/\/idakorea.ee\/fi\/wp-json\/wp\/v2\/media?parent=9043"}],"wp:term":[{"taxonomy":"pwb-brand","embeddable":true,"href":"https:\/\/idakorea.ee\/fi\/wp-json\/wp\/v2\/pwb-brand?post=9043"},{"taxonomy":"product_brand","embeddable":true,"href":"https:\/\/idakorea.ee\/fi\/wp-json\/wp\/v2\/product_brand?post=9043"},{"taxonomy":"product_cat","embeddable":true,"href":"https:\/\/idakorea.ee\/fi\/wp-json\/wp\/v2\/product_cat?post=9043"},{"taxonomy":"product_tag","embeddable":true,"href":"https:\/\/idakorea.ee\/fi\/wp-json\/wp\/v2\/product_tag?post=9043"}],"curies":[{"name":"wp","href":"https:\/\/api.w.org\/{rel}","templated":true}]}}