{"id":9049,"date":"2024-06-29T12:40:08","date_gmt":"2024-06-29T12:40:08","guid":{"rendered":"https:\/\/idakorea.ee\/?post_type=product&#038;p=9049"},"modified":"2026-03-20T15:11:37","modified_gmt":"2026-03-20T13:11:37","slug":"naopuhastusvaht-manyo-factory-pure-deep-cleansing-foam","status":"publish","type":"product","link":"https:\/\/idakorea.ee\/fi\/product\/naopuhastusvaht-manyo-factory-pure-deep-cleansing-foam\/","title":{"rendered":"Kasvojen puhdistusvaahto Manyo Factory Pure Deep Cleansing Foam -puhdistusvaahto"},"content":{"rendered":"<div class=\"flex flex-grow flex-col max-w-full\">\n<div class=\"min-h-[20px] text-message flex flex-col items-start whitespace-pre-wrap break-words [.text-message+&amp;]:mt-5 juice:w-full juice:items-end overflow-x-auto gap-2\" dir=\"auto\" data-message-author-role=\"assistant\" data-message-id=\"5b3d75de-dd0d-4667-9644-cf0496bcfc34\">\n<div class=\"flex w-full flex-col gap-1 juice:empty:hidden juice:first:pt-[3px]\">\n<div class=\"markdown prose w-full break-words dark:prose-invert light\">\n<p><strong>Manyo Factory Pure Deep Cleansing Foam <\/strong>s\u00fcgavpuhastav vaht puhastab naha k\u00f5igist saasteainetest, eemaldab liigse naha rasu ja meigij\u00e4\u00e4gid. Taastab naha lipiidse barj\u00e4\u00e4ri ja aitab niiskust s\u00e4ilitada. Pehmendab nahka, silub reljeefi ja t\u00f5stab elastsust, muutes naha pehmeks ja sametiseks.<\/p>\n<p>Vaht moodustab pisikeste mullide pilve, mis tungivad s\u00fcgavale pooridesse ja t\u00f5ukavad mustuse naha pinnale.<\/p>\n<p><strong>Peamised toimeained:<\/strong><\/p>\n<ul>\n<li><strong>Tseramiidid<\/strong> taastavad naha h\u00fcdro-lipiidse barj\u00e4\u00e4ri ja suurendavad epidermise kaitsefunktsioone.<\/li>\n<li><strong>Piimavalgud<\/strong> omavad antioks\u00fcdantset, bakteritsiidset, niisutavat ja toitvat toimet nahale. Kitsede piimavalgud tugevdavad nahka, omavad kaitsefunktsiooni, v\u00e4hendavad turset, pehmendavad, ennetavad niiskuse kadu, siluvad kortse, muudavad naha sametiseks, helendavad ja parandavad jume.<\/li>\n<li><strong>H\u00fcaluroonhape<\/strong> vastutab naha s\u00fcgava niisutamise ja loomuliku pH-tasakaalu s\u00e4ilitamise eest.<\/li>\n<li><strong>Kummeliekstrakt<\/strong> niisutab, rahustab ja toniseerib nahka intensiivselt.<\/li>\n<li><strong>E-vitamiin<\/strong> on tugev antioks\u00fcdant, mis blokeerib vabade radikaalide negatiivset m\u00f5ju ja toetab kohalikku immuunsust.<\/li>\n<\/ul>\n<p>Sobib k\u00f5igile nahat\u00fc\u00fcpidele.<\/p>\n<p><strong>Kasutamisjuhend:<\/strong> Vahusta v\u00e4ike kogus toodet peopesades, masseeri nahka 1-2 minutit ja loputa sooja veega.<\/p>\n<\/div>\n<\/div>\n<\/div>\n<\/div>\n","protected":false},"excerpt":{"rendered":"<p>Manyo Factory Pure Deep Cleansing Foam syv\u00e4puhdistusvaahto puhdistaa ihon kaikista ep\u00e4puhtauksista, poistaa ylim\u00e4\u00e4r\u00e4isen \u00f6ljyn ja meikkij\u00e4\u00e4m\u00e4t. Palauttaa ihon rasvaesteen ja auttaa s\u00e4ilytt\u00e4m\u00e4\u00e4n kosteutta. Pehment\u00e4\u00e4 ihoa, tasoittaa sen rakennetta ja lis\u00e4\u00e4 kimmoisuutta, jolloin iho on pehme\u00e4 ja samettinen. Vaahto muodostaa pilven pieni\u00e4 kuplia, jotka tunkeutuvat syv\u00e4lle ihohuokosiin ja ty\u00f6nt\u00e4v\u00e4t lian ihon pinnalle. T\u00e4rkeimm\u00e4t aktiiviset ainesosat: keramidit,...<\/p>","protected":false},"featured_media":9050,"comment_status":"open","ping_status":"closed","template":"","meta":{"_uf_show_specific_survey":0,"_uf_disable_surveys":false,"_bst_post_transparent":"default","_bst_post_title":"","_bst_post_layout":"default","_bst_post_sidebar_id":"","_bst_post_content_style":"default","_bst_post_vertical_padding":"default","_bst_post_feature":"","_bst_post_feature_position":"","_bst_post_header":false,"_bst_post_footer":false},"pwb-brand":[448],"product_brand":[],"product_cat":[92,452,100],"product_tag":[],"class_list":{"0":"post-9049","1":"product","2":"type-product","3":"status-publish","4":"has-post-thumbnail","6":"pwb-brand-manyo","7":"product_cat-nagu","8":"product_cat-naopuhastusgeelid","9":"product_cat-puhastusvahendid","11":"first","12":"instock","13":"sale","14":"shipping-taxable","15":"purchasable","16":"product-type-variable","17":"has-default-attributes","18":"entry","19":"content-bg","20":"loop-entry"},"supplier_id":null,"supplier_sku":"","barcode":null,"atum_controlled":true,"out_stock_date":null,"out_stock_threshold":null,"inheritable":true,"inbound_stock":0,"stock_on_hold":0,"sold_today":0,"sales_last_days":1,"out_stock_days":0,"lost_sales":0,"has_location":false,"update_date":"2026-04-14T00:05:10","atum_locations":[],"atum_stock_status":"instock","restock_status":false,"low_stock_amount":"","sales_update_date":"2026-04-14T00:05:10","calc_backorders":null,"yoast_head":"<!-- This site is optimized with the Yoast SEO plugin v27.2 - https:\/\/yoast.com\/product\/yoast-seo-wordpress\/ -->\n<title>Manyo Factory Pure Deep Cleansing Foam - IDA.KOREA<\/title>\n<meta name=\"description\" content=\"Manyo Factory Pure Deep Cleansing Foam s\u00fcgavpuhastav vaht puhastab naha k\u00f5igist saasteainetest, eemaldab liigse naha rasu ja meigij\u00e4\u00e4gid.\" \/>\n<meta name=\"robots\" content=\"index, follow, max-snippet:-1, max-image-preview:large, max-video-preview:-1\" \/>\n<link rel=\"canonical\" href=\"https:\/\/idakorea.ee\/fi\/product\/naopuhastusvaht-manyo-factory-pure-deep-cleansing-foam\/\" \/>\n<meta property=\"og:locale\" content=\"fi_FI\" \/>\n<meta property=\"og:type\" content=\"article\" \/>\n<meta property=\"og:title\" content=\"Manyo Factory Pure Deep Cleansing Foam - IDA.KOREA\" \/>\n<meta property=\"og:description\" content=\"Manyo Factory Pure Deep Cleansing Foam s\u00fcgavpuhastav vaht puhastab naha k\u00f5igist saasteainetest, eemaldab liigse naha rasu ja meigij\u00e4\u00e4gid.\" \/>\n<meta property=\"og:url\" content=\"https:\/\/idakorea.ee\/fi\/product\/naopuhastusvaht-manyo-factory-pure-deep-cleansing-foam\/\" \/>\n<meta property=\"og:site_name\" content=\"IDA.KOREA\" \/>\n<meta property=\"article:modified_time\" content=\"2026-03-20T13:11:37+00:00\" \/>\n<meta property=\"og:image\" content=\"https:\/\/idakorea.ee\/wp-content\/uploads\/2024\/06\/k.png\" \/>\n\t<meta property=\"og:image:width\" content=\"1000\" \/>\n\t<meta property=\"og:image:height\" content=\"1000\" \/>\n\t<meta property=\"og:image:type\" content=\"image\/png\" \/>\n<meta name=\"twitter:card\" content=\"summary_large_image\" \/>\n<meta name=\"twitter:label1\" content=\"Arvioitu lukuaika\" \/>\n\t<meta name=\"twitter:data1\" content=\"1 minuutti\" \/>\n<script type=\"application\/ld+json\" class=\"yoast-schema-graph\">{\"@context\":\"https:\/\/schema.org\",\"@graph\":[{\"@type\":\"WebPage\",\"@id\":\"https:\/\/idakorea.ee\/product\/naopuhastusvaht-manyo-factory-pure-deep-cleansing-foam\/\",\"url\":\"https:\/\/idakorea.ee\/product\/naopuhastusvaht-manyo-factory-pure-deep-cleansing-foam\/\",\"name\":\"Manyo Factory Pure Deep Cleansing Foam - IDA.KOREA\",\"isPartOf\":{\"@id\":\"https:\/\/idakorea.ee\/#website\"},\"primaryImageOfPage\":{\"@id\":\"https:\/\/idakorea.ee\/product\/naopuhastusvaht-manyo-factory-pure-deep-cleansing-foam\/#primaryimage\"},\"image\":{\"@id\":\"https:\/\/idakorea.ee\/product\/naopuhastusvaht-manyo-factory-pure-deep-cleansing-foam\/#primaryimage\"},\"thumbnailUrl\":\"https:\/\/idakorea.ee\/wp-content\/uploads\/2024\/06\/k.png\",\"datePublished\":\"2024-06-29T12:40:08+00:00\",\"dateModified\":\"2026-03-20T13:11:37+00:00\",\"description\":\"Manyo Factory Pure Deep Cleansing Foam s\u00fcgavpuhastav vaht puhastab naha k\u00f5igist saasteainetest, eemaldab liigse naha rasu ja meigij\u00e4\u00e4gid.\",\"breadcrumb\":{\"@id\":\"https:\/\/idakorea.ee\/product\/naopuhastusvaht-manyo-factory-pure-deep-cleansing-foam\/#breadcrumb\"},\"inLanguage\":\"fi\",\"potentialAction\":[{\"@type\":\"ReadAction\",\"target\":[\"https:\/\/idakorea.ee\/product\/naopuhastusvaht-manyo-factory-pure-deep-cleansing-foam\/\"]}]},{\"@type\":\"ImageObject\",\"inLanguage\":\"fi\",\"@id\":\"https:\/\/idakorea.ee\/product\/naopuhastusvaht-manyo-factory-pure-deep-cleansing-foam\/#primaryimage\",\"url\":\"https:\/\/idakorea.ee\/wp-content\/uploads\/2024\/06\/k.png\",\"contentUrl\":\"https:\/\/idakorea.ee\/wp-content\/uploads\/2024\/06\/k.png\",\"width\":1000,\"height\":1000},{\"@type\":\"BreadcrumbList\",\"@id\":\"https:\/\/idakorea.ee\/product\/naopuhastusvaht-manyo-factory-pure-deep-cleansing-foam\/#breadcrumb\",\"itemListElement\":[{\"@type\":\"ListItem\",\"position\":1,\"name\":\"\u0413\u043b\u0430\u0432\u043d\u0430\u044f \u0441\u0442\u0440\u0430\u043d\u0438\u0446\u0430\",\"item\":\"https:\/\/idakorea.ee\/\"},{\"@type\":\"ListItem\",\"position\":2,\"name\":\"Shop\",\"item\":\"https:\/\/idakorea.ee\/shop-2\/\"},{\"@type\":\"ListItem\",\"position\":3,\"name\":\"N\u00e4opuhastusvaht Manyo Factory Pure Deep Cleansing Foam\"}]},{\"@type\":\"WebSite\",\"@id\":\"https:\/\/idakorea.ee\/#website\",\"url\":\"https:\/\/idakorea.ee\/\",\"name\":\"IDA.KOREA\",\"description\":\"Korea kosmeetika e-pood\",\"publisher\":{\"@id\":\"https:\/\/idakorea.ee\/#organization\"},\"alternateName\":\"Beauty Shop\",\"potentialAction\":[{\"@type\":\"SearchAction\",\"target\":{\"@type\":\"EntryPoint\",\"urlTemplate\":\"https:\/\/idakorea.ee\/?s={search_term_string}\"},\"query-input\":{\"@type\":\"PropertyValueSpecification\",\"valueRequired\":true,\"valueName\":\"search_term_string\"}}],\"inLanguage\":\"fi\"},{\"@type\":\"Organization\",\"@id\":\"https:\/\/idakorea.ee\/#organization\",\"name\":\"IDA.KOREA\",\"url\":\"https:\/\/idakorea.ee\/\",\"logo\":{\"@type\":\"ImageObject\",\"inLanguage\":\"fi\",\"@id\":\"https:\/\/idakorea.ee\/#\/schema\/logo\/image\/\",\"url\":\"https:\/\/idakorea.ee\/wp-content\/uploads\/2024\/05\/cropped-korea3.png\",\"contentUrl\":\"https:\/\/idakorea.ee\/wp-content\/uploads\/2024\/05\/cropped-korea3.png\",\"width\":688,\"height\":126,\"caption\":\"IDA.KOREA\"},\"image\":{\"@id\":\"https:\/\/idakorea.ee\/#\/schema\/logo\/image\/\"},\"sameAs\":[\"https:\/\/www.instagram.com\/ida.korea\/\"]}]}<\/script>\n<!-- \/ Yoast SEO plugin. -->","yoast_head_json":{"title":"Manyo Factory Pure Deep Cleansing Foam - IDA.KOREA","description":"Manyo Factory Pure Deep Cleansing Foam puhdistaa ihon syv\u00e4lt\u00e4 kaikista ep\u00e4puhtauksista, poistaa ylim\u00e4\u00e4r\u00e4isen talin ja meikinj\u00e4\u00e4m\u00e4t.","robots":{"index":"index","follow":"follow","max-snippet":"max-snippet:-1","max-image-preview":"max-image-preview:large","max-video-preview":"max-video-preview:-1"},"canonical":"https:\/\/idakorea.ee\/fi\/product\/naopuhastusvaht-manyo-factory-pure-deep-cleansing-foam\/","og_locale":"fi_FI","og_type":"article","og_title":"Manyo Factory Pure Deep Cleansing Foam - IDA.KOREA","og_description":"Manyo Factory Pure Deep Cleansing Foam s\u00fcgavpuhastav vaht puhastab naha k\u00f5igist saasteainetest, eemaldab liigse naha rasu ja meigij\u00e4\u00e4gid.","og_url":"https:\/\/idakorea.ee\/fi\/product\/naopuhastusvaht-manyo-factory-pure-deep-cleansing-foam\/","og_site_name":"IDA.KOREA","article_modified_time":"2026-03-20T13:11:37+00:00","og_image":[{"width":1000,"height":1000,"url":"https:\/\/idakorea.ee\/wp-content\/uploads\/2024\/06\/k.png","type":"image\/png"}],"twitter_card":"summary_large_image","twitter_misc":{"Arvioitu lukuaika":"1 minuutti"},"schema":{"@context":"https:\/\/schema.org","@graph":[{"@type":"WebPage","@id":"https:\/\/idakorea.ee\/product\/naopuhastusvaht-manyo-factory-pure-deep-cleansing-foam\/","url":"https:\/\/idakorea.ee\/product\/naopuhastusvaht-manyo-factory-pure-deep-cleansing-foam\/","name":"Manyo Factory Pure Deep Cleansing Foam - IDA.KOREA","isPartOf":{"@id":"https:\/\/idakorea.ee\/#website"},"primaryImageOfPage":{"@id":"https:\/\/idakorea.ee\/product\/naopuhastusvaht-manyo-factory-pure-deep-cleansing-foam\/#primaryimage"},"image":{"@id":"https:\/\/idakorea.ee\/product\/naopuhastusvaht-manyo-factory-pure-deep-cleansing-foam\/#primaryimage"},"thumbnailUrl":"https:\/\/idakorea.ee\/wp-content\/uploads\/2024\/06\/k.png","datePublished":"2024-06-29T12:40:08+00:00","dateModified":"2026-03-20T13:11:37+00:00","description":"Manyo Factory Pure Deep Cleansing Foam puhdistaa ihon syv\u00e4lt\u00e4 kaikista ep\u00e4puhtauksista, poistaa ylim\u00e4\u00e4r\u00e4isen talin ja meikinj\u00e4\u00e4m\u00e4t.","breadcrumb":{"@id":"https:\/\/idakorea.ee\/product\/naopuhastusvaht-manyo-factory-pure-deep-cleansing-foam\/#breadcrumb"},"inLanguage":"fi","potentialAction":[{"@type":"ReadAction","target":["https:\/\/idakorea.ee\/product\/naopuhastusvaht-manyo-factory-pure-deep-cleansing-foam\/"]}]},{"@type":"ImageObject","inLanguage":"fi","@id":"https:\/\/idakorea.ee\/product\/naopuhastusvaht-manyo-factory-pure-deep-cleansing-foam\/#primaryimage","url":"https:\/\/idakorea.ee\/wp-content\/uploads\/2024\/06\/k.png","contentUrl":"https:\/\/idakorea.ee\/wp-content\/uploads\/2024\/06\/k.png","width":1000,"height":1000},{"@type":"BreadcrumbList","@id":"https:\/\/idakorea.ee\/product\/naopuhastusvaht-manyo-factory-pure-deep-cleansing-foam\/#breadcrumb","itemListElement":[{"@type":"ListItem","position":1,"name":"\u0413\u043b\u0430\u0432\u043d\u0430\u044f \u0441\u0442\u0440\u0430\u043d\u0438\u0446\u0430","item":"https:\/\/idakorea.ee\/"},{"@type":"ListItem","position":2,"name":"Shop","item":"https:\/\/idakorea.ee\/shop-2\/"},{"@type":"ListItem","position":3,"name":"N\u00e4opuhastusvaht Manyo Factory Pure Deep Cleansing Foam"}]},{"@type":"WebSite","@id":"https:\/\/idakorea.ee\/#website","url":"https:\/\/idakorea.ee\/","name":"IDA.KOREA","description":"Korean kosmetiikan verkkokauppa","publisher":{"@id":"https:\/\/idakorea.ee\/#organization"},"alternateName":"Beauty Shop","potentialAction":[{"@type":"SearchAction","target":{"@type":"EntryPoint","urlTemplate":"https:\/\/idakorea.ee\/?s={search_term_string}"},"query-input":{"@type":"PropertyValueSpecification","valueRequired":true,"valueName":"search_term_string"}}],"inLanguage":"fi"},{"@type":"Organization","@id":"https:\/\/idakorea.ee\/#organization","name":"IDA.KOREA","url":"https:\/\/idakorea.ee\/","logo":{"@type":"ImageObject","inLanguage":"fi","@id":"https:\/\/idakorea.ee\/#\/schema\/logo\/image\/","url":"https:\/\/idakorea.ee\/wp-content\/uploads\/2024\/05\/cropped-korea3.png","contentUrl":"https:\/\/idakorea.ee\/wp-content\/uploads\/2024\/05\/cropped-korea3.png","width":688,"height":126,"caption":"IDA.KOREA"},"image":{"@id":"https:\/\/idakorea.ee\/#\/schema\/logo\/image\/"},"sameAs":["https:\/\/www.instagram.com\/ida.korea\/"]}]}},"jetpack_sharing_enabled":true,"brands":[{"id":448,"name":"MANYO","slug":"manyo"}],"_links":{"self":[{"href":"https:\/\/idakorea.ee\/fi\/wp-json\/wp\/v2\/product\/9049","targetHints":{"allow":["GET"]}}],"collection":[{"href":"https:\/\/idakorea.ee\/fi\/wp-json\/wp\/v2\/product"}],"about":[{"href":"https:\/\/idakorea.ee\/fi\/wp-json\/wp\/v2\/types\/product"}],"replies":[{"embeddable":true,"href":"https:\/\/idakorea.ee\/fi\/wp-json\/wp\/v2\/comments?post=9049"}],"version-history":[{"count":2,"href":"https:\/\/idakorea.ee\/fi\/wp-json\/wp\/v2\/product\/9049\/revisions"}],"predecessor-version":[{"id":17524,"href":"https:\/\/idakorea.ee\/fi\/wp-json\/wp\/v2\/product\/9049\/revisions\/17524"}],"wp:featuredmedia":[{"embeddable":true,"href":"https:\/\/idakorea.ee\/fi\/wp-json\/wp\/v2\/media\/9050"}],"wp:attachment":[{"href":"https:\/\/idakorea.ee\/fi\/wp-json\/wp\/v2\/media?parent=9049"}],"wp:term":[{"taxonomy":"pwb-brand","embeddable":true,"href":"https:\/\/idakorea.ee\/fi\/wp-json\/wp\/v2\/pwb-brand?post=9049"},{"taxonomy":"product_brand","embeddable":true,"href":"https:\/\/idakorea.ee\/fi\/wp-json\/wp\/v2\/product_brand?post=9049"},{"taxonomy":"product_cat","embeddable":true,"href":"https:\/\/idakorea.ee\/fi\/wp-json\/wp\/v2\/product_cat?post=9049"},{"taxonomy":"product_tag","embeddable":true,"href":"https:\/\/idakorea.ee\/fi\/wp-json\/wp\/v2\/product_tag?post=9049"}],"curies":[{"name":"wp","href":"https:\/\/api.w.org\/{rel}","templated":true}]}}